{"id":387,"date":"2017-09-26T09:57:14","date_gmt":"2017-09-26T07:57:14","guid":{"rendered":"\/?page_id=387"},"modified":"2025-07-09T17:44:22","modified_gmt":"2025-07-09T15:44:22","slug":"contacts-companys-details","status":"publish","type":"page","link":"https:\/\/tml.lt\/en\/contacts-companys-details\/","title":{"rendered":"Contacts and company\u2019s details"},"content":{"rendered":"<div class=\"blk50\">\n<div class=\"clean\">\n<h3>Office<\/h3>\n<p class=\"lh2\"><span class=\"map\" title=\"Address\"><\/span> Bijunu g. 19, LT-66226 Druskininkai, Lithuania<br>\n<span class=\"tel\" title=\"Phone\"><\/span> <a href=\"tel:+37031341133\">+370 313 41133<\/a><br>\n<span class=\"eml\" title=\"E-mail\"><\/span><a href=\"mailto:info@tml.lt\">info@tml.lt<\/a><br>\n<span class=\"web\" title=\"Website\"><\/span><a href=\"\/en\/\">www.tml.lt<\/a><br>\n<a href=\"https:\/\/www.facebook.com\/tml.lt.uab\/\" target=\"_blank\" rel=\"noopener\"><span class=\"fb\" title=\"Facebook\"><\/span>Facebook<\/a>, <a href=\"https:\/\/www.linkedin.com\/company\/tml-lt\/\" target=\"_blank\" rel=\"noopener\"><span class=\"in\" title=\"LinkedIn\"><\/span>LinkedIn<\/a>, <a href=\"https:\/\/www.youtube.com\/@TMLLT\" target=\"_blank\" rel=\"noopener\"><span class=\"yt\" title=\"Youtube\"><\/span>Youtube<\/a><\/p>\n<p><em>Details<\/em>:<\/p>\n<table class=\"req\">\n<tr>\n<td width=\"130\">Company`s name<\/td>\n<td>UAB &laquo;TML-LT&raquo;<\/td>\n<\/tr>\n<tr>\n<td>Registration code<\/td>\n<td>302758705<\/td>\n<\/tr>\n<tr>\n<td>VAT<\/td>\n<td>LT100007306413<\/td>\n<\/tr>\n<tr>\n<td>Bank name<\/td>\n<td>Luminor Bank AB<\/td>\n<\/tr>\n<tr>\n<td>Account Number<\/td>\n<td>LT234010040900678724<\/td>\n<\/tr>\n<tr>\n<td>SWIFT<\/td>\n<td>AGBLLT2X<\/td>\n<\/tr>\n<\/table>\n<h3>Warehouse (<a href=\"\/en\/2024\/07\/11\/attention-our-production-and-warehouse-address-is-changing\/\">new address<\/a>!)<\/h3>\n<p class=\"lh2\"><span class=\"map\" title=\"Address\"><\/span> <a href=\"https:\/\/maps.app.goo.gl\/LtvqTZyfmonBzqcA8\" target=\"_blank\" rel=\"noopener noreferrer\">Verp&#279;j&#371; g. 28A, Vie&#269;i&#363;nai, LT-66496 Druskinink&#371; sav.<\/a><br>\n<span class=\"tel\" title=\"Phone\"><\/span> <a href=\"tel:+37062091619\">+370 62091619<\/a>\n<\/p>\n<p><em>Operation hours<\/em>:<\/p>\n<table>\n<tr title=\"Opened\">\n<td width=\"100\">MON-THURS<\/td>\n<td width=\"20\"><span class=\"do\" title=\"Opened\"><\/span><\/td>\n<td>from 8am to 4pm<\/td>\n<\/tr>\n<tr title=\"Opened\">\n<td>FRI<\/td>\n<td width=\"20\"><span class=\"do\" title=\"Opened\"><\/span><\/td>\n<td>from 8am to 3pm<\/td>\n<\/tr>\n<tr title=\"Closed\">\n<td>SAT-SUN<\/td>\n<td><span class=\"dc\" title=\"Closed\"><\/span><\/td>\n<td>closed<\/td>\n<\/tr>\n<\/table>\n<\/div>\n<div id=\"request\" class=\"clean\">\n\t\n<div class=\"wpcf7 no-js\" id=\"wpcf7-f2015-o1\" lang=\"ru-RU\" dir=\"ltr\">\n<div class=\"screen-reader-response\"><p role=\"status\" aria-live=\"polite\" aria-atomic=\"true\"><\/p> <ul><\/ul><\/div>\n<form action=\"\/en\/wp-json\/wp\/v2\/pages\/387#wpcf7-f2015-o1\" method=\"post\" class=\"wpcf7-form init\" aria-label=\"&#1050;&#1086;&#1085;&#1090;&#1072;&#1082;&#1090;&#1085;&#1072;&#1103; &#1092;&#1086;&#1088;&#1084;&#1072;\" enctype=\"multipart\/form-data\" novalidate=\"novalidate\" data-status=\"init\">\n<div style=\"display: none;\">\n<input type=\"hidden\" name=\"_wpcf7\" value=\"2015\">\n<input type=\"hidden\" name=\"_wpcf7_version\" value=\"5.8.7\">\n<input type=\"hidden\" name=\"_wpcf7_locale\" value=\"ru_RU\">\n<input type=\"hidden\" name=\"_wpcf7_unit_tag\" value=\"wpcf7-f2015-o1\">\n<input type=\"hidden\" name=\"_wpcf7_container_post\" value=\"0\">\n<input type=\"hidden\" name=\"_wpcf7_posted_data_hash\" value=\"\">\n<input type=\"hidden\" name=\"_wpcf7_recaptcha_response\" value=\"\">\n<\/div>\n<h4>Contact form\n<\/h4>\n<div class=\"clean\" style=\"width:100%;\">\n\t<p><label class=\"callback\"><span class=\"fieldname\"><span style=\"color:red;\">*<\/span> Message<\/span><span class=\"wpcf7-form-control-wrap\" data-name=\"ymessage\"><textarea cols=\"90\" rows=\"2\" class=\"wpcf7-form-control wpcf7-textarea wpcf7-validates-as-required\" aria-required=\"true\" aria-invalid=\"false\" placeholder=\"your message\" name=\"ymessage\"><\/textarea><\/span><\/label><br>\n<label class=\"callback\"><span class=\"fieldname\"><span style=\"color:red;\">*<\/span> Name<\/span><span class=\"wpcf7-form-control-wrap\" data-name=\"yname\"><input size=\"25\" class=\"wpcf7-form-control wpcf7-text wpcf7-validates-as-required\" aria-required=\"true\" aria-invalid=\"false\" placeholder=\"your name\" value=\"\" type=\"text\" name=\"yname\"><\/span><\/label><br>\n<label class=\"callback\"><span class=\"fieldname\"><span style=\"color:red;\">*<\/span> E-mail<\/span><span class=\"wpcf7-form-control-wrap\" data-name=\"yemail\"><input size=\"40\" class=\"wpcf7-form-control wpcf7-email wpcf7-validates-as-required wpcf7-text wpcf7-validates-as-email\" aria-required=\"true\" aria-invalid=\"false\" placeholder=\"your e-mail\" value=\"\" type=\"email\" name=\"yemail\"><\/span><\/label><br>\n<label class=\"callback\"><span class=\"fieldname\"><span style=\"color:red;\">*<\/span> Phone<\/span><span class=\"wpcf7-form-control-wrap\" data-name=\"yphone\"><input size=\"25\" class=\"wpcf7-form-control wpcf7-text wpcf7-validates-as-required\" aria-required=\"true\" aria-invalid=\"false\" placeholder=\"your phone number with extension\" value=\"\" type=\"text\" name=\"yphone\"><\/span><\/label>\n\t<\/p>\n\t<div class=\"clean hide\">\n\t\t<p><label class=\"callback\"><\/label>\n\t\t<\/p>\n\t\t<div class=\"tooltip\">\n\t\t\t<p>?<span class=\"tooltiptext\">Max file size 10 Mb<br>\nAcceptable file types: .doc .docx .cdr .ai .eps .pdf .tiff .psd .jpg .jpeg .gif .bmp .png<\/span>\n\t\t\t<\/p>\n\t\t<\/div>\n\t\t<div style=\"display:flex;\">\n\t\t\t<p>Have an attachment?\n\t\t\t<\/p>\n\t\t<\/div>\n\t\t<p><span class=\"wpcf7-form-control-wrap\" data-name=\"yattachment\"><input size=\"40\" class=\"wpcf7-form-control wpcf7-file\" accept=\".doc,.docx,.cdr,.ai,.eps,.pdf,.tiff,.psd,.jpg,.jpeg,.gif,.bmp,.png\" aria-invalid=\"false\" type=\"file\" name=\"yattachment\"><\/span>\n\t\t<\/p>\n\t<\/div>\n\n\t<div class=\"clean\" style=\"padding:10px 0 0 30px;\">\n\t\t<p><input class=\"wpcf7-form-control wpcf7-submit has-spinner contact\" type=\"submit\" value=\"Send message\">\n\t\t<\/p>\n\t<\/div>\n<\/div><div class=\"wpcf7-response-output\" aria-hidden=\"true\"><\/div>\n<\/form>\n<\/div>\n\n<\/div>\n<\/div>\n<div class=\"blk100\">\n<div class=\"clean\">\n<h4>Warehouse location<\/h4>\n<p><iframe loading=\"lazy\" class=\"contact\" src=\"https:\/\/www.google.com\/maps\/embed?pb=!1m18!1m12!1m3!1d2341.7785160078142!2d24.04886345371578!3d54.05993597309979!2m3!1f0!2f0!3f0!3m2!1i1024!2i768!4f13.1!3m3!1m2!1s0x46e09ec755163295%3A0x36f69569877e08d1!2zVmVycMSXasWzIGcuIDI4QSwgVmllxI1pxatuYWksIDY2NDk2IERydXNraW5pbmvFsyBzYXYu!5e0!3m2!1slt!2slt!4v1719911234857!5m2!1slt!2slt\" width=\"100%\" height=\"350\" frameborder=\"0\" allowfullscreen=\"1\"><\/iframe>\n<\/p><\/div>\n<\/div>\n","protected":false},"excerpt":{"rendered":"<p>Office Bijunu g. 19, LT-66226 Druskininkai, Lithuania +370 313 41133 info@tml.lt www.tml.lt Facebook, LinkedIn, Youtube Details: Company`s name UAB &laquo;TML-LT&raquo; Registration code 302758705 VAT LT100007306413 Bank name Luminor Bank AB Account Number LT234010040900678724 SWIFT AGBLLT2X Warehouse (new address!) Verp\u0117j\u0173 g. 28A, Vie\u010di\u016bnai, LT-66496 Druskinink\u0173 sav. +370 62091619 Operation hours: MON-THURS from 8am to 4pm FRI [&hellip;]<\/p>\n","protected":false},"author":2,"featured_media":0,"parent":0,"menu_order":0,"comment_status":"closed","ping_status":"closed","template":"","meta":[],"yoast_head":"<!-- This site is optimized with the Yoast SEO plugin v21.8.1 - https:\/\/yoast.com\/wordpress\/plugins\/seo\/ -->\n<title>Contacts and company\u2019s details | TML<\/title>\n<meta name=\"description\" content=\"UAB &quot;TML-LT&quot;, Bijunu st. 19, LT-66226 Druskininkai, Lithuania. +370 313 41133, info@tml.lt, www.tml.lt. Luminor Bank, AGBLLT2X\" \/>\n<meta name=\"robots\" content=\"index, follow, max-snippet:-1, max-image-preview:large, max-video-preview:-1\" \/>\n<link rel=\"canonical\" href=\"https:\/\/tml.lt\/en\/contacts-companys-details\/\" \/>\n<meta property=\"og:locale\" content=\"en_US\" \/>\n<meta property=\"og:type\" content=\"article\" \/>\n<meta property=\"og:title\" content=\"Contacts and company\u2019s details | TML\" \/>\n<meta property=\"og:description\" content=\"UAB &quot;TML-LT&quot;, Bijunu st. 19, LT-66226 Druskininkai, Lithuania. +370 313 41133, info@tml.lt, www.tml.lt. Luminor Bank, AGBLLT2X\" \/>\n<meta property=\"og:url\" content=\"https:\/\/tml.lt\/en\/contacts-companys-details\/\" \/>\n<meta property=\"og:site_name\" content=\"TML\" \/>\n<meta property=\"article:modified_time\" content=\"2025-07-09T15:44:22+00:00\" \/>\n<meta name=\"twitter:card\" content=\"summary_large_image\" \/>\n<meta name=\"twitter:label1\" content=\"Est. reading time\" \/>\n\t<meta name=\"twitter:data1\" content=\"1 minute\" \/>\n<script type=\"application\/ld+json\" class=\"yoast-schema-graph\">{\"@context\":\"https:\/\/schema.org\",\"@graph\":[{\"@type\":\"WebPage\",\"@id\":\"https:\/\/tml.lt\/en\/contacts-companys-details\/\",\"url\":\"https:\/\/tml.lt\/en\/contacts-companys-details\/\",\"name\":\"Contacts and company\u2019s details | TML\",\"isPartOf\":{\"@id\":\"https:\/\/tml.lt\/en\/#website\"},\"datePublished\":\"2017-09-26T07:57:14+00:00\",\"dateModified\":\"2025-07-09T15:44:22+00:00\",\"description\":\"UAB \\\"TML-LT\\\", Bijunu st. 19, LT-66226 Druskininkai, Lithuania. +370 313 41133, info@tml.lt, www.tml.lt. Luminor Bank, AGBLLT2X\",\"breadcrumb\":{\"@id\":\"https:\/\/tml.lt\/en\/contacts-companys-details\/#breadcrumb\"},\"inLanguage\":\"en-US\",\"potentialAction\":[{\"@type\":\"ReadAction\",\"target\":[\"https:\/\/tml.lt\/en\/contacts-companys-details\/\"]}]},{\"@type\":\"BreadcrumbList\",\"@id\":\"https:\/\/tml.lt\/en\/contacts-companys-details\/#breadcrumb\",\"itemListElement\":[{\"@type\":\"ListItem\",\"position\":1,\"name\":\"\u0413\u043b\u0430\u0432\u043d\u0430\u044f \u0441\u0442\u0440\u0430\u043d\u0438\u0446\u0430\",\"item\":\"https:\/\/tml.lt\/en\/\"},{\"@type\":\"ListItem\",\"position\":2,\"name\":\"Contacts and company\u2019s details\"}]},{\"@type\":\"WebSite\",\"@id\":\"https:\/\/tml.lt\/en\/#website\",\"url\":\"https:\/\/tml.lt\/en\/\",\"name\":\"TML\",\"description\":\"UAB TML-LT\",\"publisher\":{\"@id\":\"https:\/\/tml.lt\/en\/#organization\"},\"potentialAction\":[{\"@type\":\"SearchAction\",\"target\":{\"@type\":\"EntryPoint\",\"urlTemplate\":\"https:\/\/tml.lt\/en\/?s={search_term_string}\"},\"query-input\":\"required name=search_term_string\"}],\"inLanguage\":\"en-US\"},{\"@type\":\"Organization\",\"@id\":\"https:\/\/tml.lt\/en\/#organization\",\"name\":\"TML\",\"url\":\"https:\/\/tml.lt\/en\/\",\"logo\":{\"@type\":\"ImageObject\",\"inLanguage\":\"en-US\",\"@id\":\"https:\/\/tml.lt\/en\/#\/schema\/logo\/image\/\",\"url\":\"https:\/\/tml.lt\/en\/wp-content\/uploads\/2020\/09\/tml-logo-black-4.png\",\"contentUrl\":\"https:\/\/tml.lt\/en\/wp-content\/uploads\/2020\/09\/tml-logo-black-4.png\",\"width\":470,\"height\":110,\"caption\":\"TML\"},\"image\":{\"@id\":\"https:\/\/tml.lt\/en\/#\/schema\/logo\/image\/\"}}]}<\/script>\n<!-- \/ Yoast SEO plugin. -->","yoast_head_json":{"title":"Contacts and company\u2019s details | TML","description":"UAB \"TML-LT\", Bijunu st. 19, LT-66226 Druskininkai, Lithuania. +370 313 41133, info@tml.lt, www.tml.lt. Luminor Bank, AGBLLT2X","robots":{"index":"index","follow":"follow","max-snippet":"max-snippet:-1","max-image-preview":"max-image-preview:large","max-video-preview":"max-video-preview:-1"},"canonical":"https:\/\/tml.lt\/en\/contacts-companys-details\/","og_locale":"en_US","og_type":"article","og_title":"Contacts and company\u2019s details | TML","og_description":"UAB \"TML-LT\", Bijunu st. 19, LT-66226 Druskininkai, Lithuania. +370 313 41133, info@tml.lt, www.tml.lt. Luminor Bank, AGBLLT2X","og_url":"https:\/\/tml.lt\/en\/contacts-companys-details\/","og_site_name":"TML","article_modified_time":"2025-07-09T15:44:22+00:00","twitter_card":"summary_large_image","twitter_misc":{"Est. reading time":"1 minute"},"schema":{"@context":"https:\/\/schema.org","@graph":[{"@type":"WebPage","@id":"https:\/\/tml.lt\/en\/contacts-companys-details\/","url":"https:\/\/tml.lt\/en\/contacts-companys-details\/","name":"Contacts and company\u2019s details | TML","isPartOf":{"@id":"https:\/\/tml.lt\/en\/#website"},"datePublished":"2017-09-26T07:57:14+00:00","dateModified":"2025-07-09T15:44:22+00:00","description":"UAB \"TML-LT\", Bijunu st. 19, LT-66226 Druskininkai, Lithuania. +370 313 41133, info@tml.lt, www.tml.lt. Luminor Bank, AGBLLT2X","breadcrumb":{"@id":"https:\/\/tml.lt\/en\/contacts-companys-details\/#breadcrumb"},"inLanguage":"en-US","potentialAction":[{"@type":"ReadAction","target":["https:\/\/tml.lt\/en\/contacts-companys-details\/"]}]},{"@type":"BreadcrumbList","@id":"https:\/\/tml.lt\/en\/contacts-companys-details\/#breadcrumb","itemListElement":[{"@type":"ListItem","position":1,"name":"\u0413\u043b\u0430\u0432\u043d\u0430\u044f \u0441\u0442\u0440\u0430\u043d\u0438\u0446\u0430","item":"https:\/\/tml.lt\/en\/"},{"@type":"ListItem","position":2,"name":"Contacts and company\u2019s details"}]},{"@type":"WebSite","@id":"https:\/\/tml.lt\/en\/#website","url":"https:\/\/tml.lt\/en\/","name":"TML","description":"UAB TML-LT","publisher":{"@id":"https:\/\/tml.lt\/en\/#organization"},"potentialAction":[{"@type":"SearchAction","target":{"@type":"EntryPoint","urlTemplate":"https:\/\/tml.lt\/en\/?s={search_term_string}"},"query-input":"required name=search_term_string"}],"inLanguage":"en-US"},{"@type":"Organization","@id":"https:\/\/tml.lt\/en\/#organization","name":"TML","url":"https:\/\/tml.lt\/en\/","logo":{"@type":"ImageObject","inLanguage":"en-US","@id":"https:\/\/tml.lt\/en\/#\/schema\/logo\/image\/","url":"https:\/\/tml.lt\/en\/wp-content\/uploads\/2020\/09\/tml-logo-black-4.png","contentUrl":"https:\/\/tml.lt\/en\/wp-content\/uploads\/2020\/09\/tml-logo-black-4.png","width":470,"height":110,"caption":"TML"},"image":{"@id":"https:\/\/tml.lt\/en\/#\/schema\/logo\/image\/"}}]}},"amp_enabled":true,"_links":{"self":[{"href":"https:\/\/tml.lt\/en\/wp-json\/wp\/v2\/pages\/387"}],"collection":[{"href":"https:\/\/tml.lt\/en\/wp-json\/wp\/v2\/pages"}],"about":[{"href":"https:\/\/tml.lt\/en\/wp-json\/wp\/v2\/types\/page"}],"author":[{"embeddable":true,"href":"https:\/\/tml.lt\/en\/wp-json\/wp\/v2\/users\/2"}],"replies":[{"embeddable":true,"href":"https:\/\/tml.lt\/en\/wp-json\/wp\/v2\/comments?post=387"}],"version-history":[{"count":0,"href":"https:\/\/tml.lt\/en\/wp-json\/wp\/v2\/pages\/387\/revisions"}],"wp:attachment":[{"href":"https:\/\/tml.lt\/en\/wp-json\/wp\/v2\/media?parent=387"}],"curies":[{"name":"wp","href":"https:\/\/api.w.org\/{rel}","templated":true}]}}