{"id":20858,"date":"2026-02-18T17:32:42","date_gmt":"2026-02-18T15:32:42","guid":{"rendered":"https:\/\/tml.lt\/en\/?post_type=product&#038;p=20858"},"modified":"2026-02-18T17:49:53","modified_gmt":"2026-02-18T15:49:53","slug":"double-sided-tape-3m-vhb-4911","status":"publish","type":"product","link":"https:\/\/tml.lt\/en\/product\/double-sided-tape-3m-vhb-4911\/","title":{"rendered":"Tape mounting double-sided 3M VHB 4941, base 1.1mm"},"content":{"rendered":"<table id=\"wcpt_0c8a7b8a72884d13_1\" class=\"wc-product-table woocommerce multicart-enabled\" width=\"100%\" data-config='{\"pageLength\":10,\"pagingType\":\"numbers\",\"serverSide\":false,\"autoWidth\":true,\"clickFilter\":\"false\",\"scrollOffset\":15,\"resetButton\":false,\"multiAddToCart\":false,\"multiCartLocation\":\"top\",\"variations\":\"separate\",\"ajaxCart\":true,\"numOrder\":false,\"stickyHeader\":false,\"lengthMenu\":[[10,25,50,100,-1],[10,25,50,100,\"All\"]],\"columnDefs\":[{\"className\":\"col-sku\",\"targets\":0,\"type\":\"html\"},{\"className\":\"col-name\",\"targets\":1,\"type\":\"html\"},{\"className\":\"col-rollwidth\",\"targets\":2,\"type\":\"html\"},{\"className\":\"col-rolllength\",\"targets\":3,\"type\":\"html\"},{\"className\":\"col-color\",\"targets\":4,\"type\":\"html\"},{\"className\":\"col-price\",\"targets\":5,\"type\":\"html-num\"},{\"className\":\"col-buy col-add-to-cart\",\"targets\":6,\"type\":\"html\"}],\"responsive\":{\"details\":{\"display\":\"child_row\"}},\"search\":{\"search\":\"\"},\"dom\":\"&lt;\\\"wc-product-table-wrapper storefront wpt-styling-theme\\\"&lt;\\\"wc-product-table-controls wc-product-table-above\\\"&gt;t&lt;\\\"wc-product-table-controls wc-product-table-below\\\"ip&gt;&gt;\"}' data-filters=\"false\" data-order=\"[]\"><thead><tr><th class=\"all\" data-name=\"sku\" data-orderable=\"true\" data-searchable=\"true\" data-priority=\"6\">SKU<\/th><th data-name=\"name\" data-orderable=\"true\" data-searchable=\"true\" data-priority=\"1\">Name<\/th><th data-name=\"att_pa_rollwidth\" data-orderable=\"true\" data-searchable=\"true\">Roll width<\/th><th data-name=\"att_pa_rolllength\" data-orderable=\"true\" data-searchable=\"true\">Roll length<\/th><th data-name=\"att_pa_color\" data-orderable=\"true\" data-searchable=\"true\">Color<\/th><th data-name=\"price\" data-orderable=\"true\" data-searchable=\"true\" data-priority=\"3\">Price<\/th><th data-name=\"buy\" data-orderable=\"false\" data-searchable=\"true\" data-priority=\"2\">Buy<\/th><\/tr><\/thead><tbody><tr id=\"product-row-20859\" class=\"product product-row product-20859 instock product-type-variation purchasable\"><td><a href=\"https:\/\/tml.lt\/en\/product\/double-sided-tape-3m-vhb-4911\/?attribute_pa_rollwidth=6mm&amp;attribute_pa_rolllength=33m&amp;attribute_pa_thickness=1-1mm-en&amp;attribute_pa_color=grey\" class=\"single-product-link\" data-product_id=\"20859\">4941-633-33<\/a><\/td><td><a href=\"https:\/\/tml.lt\/en\/product\/double-sided-tape-3m-vhb-4911\/?attribute_pa_rollwidth=6mm&amp;attribute_pa_rolllength=33m&amp;attribute_pa_thickness=1-1mm-en&amp;attribute_pa_color=grey\" class=\"single-product-link\" data-product_id=\"20859\">Tape mounting double-sided 3M VHB 4941, base 1.1mm - 6 mm, 33 m, 1.1mm, grey<\/a><\/td><td><span data-slug=\"6mm\">6 mm<\/span><\/td><td><span data-slug=\"33m\">33 m<\/span><\/td><td><span data-slug=\"grey\">grey<\/span><\/td><td data-sort=\"29.00\"><span class=\"woocommerce-Price-amount amount\"><bdi><span class=\"woocommerce-Price-currencySymbol\">&euro;<\/span>29.00<\/bdi><\/span><\/td><td><div class=\"add-to-cart-wrapper with-cart-button with-quantity\"> <form class=\"cart\" method=\"post\" enctype=\"multipart\/form-data\"> <div class=\"add-to-cart-button\"><div class=\"quantity\"> <label class=\"screen-reader-text\" for=\"quantity_69db759d44c35\">Tape mounting double-sided 3M VHB 4941, base 1.1mm quantity<\/label> <input type=\"number\" id=\"quantity_69db759d44c35\" class=\"input-text qty text\" name=\"quantity\" value=\"1\" aria-label=\"Product quantity\" size=\"4\" min=\"1\" max=\"\" step=\"1\" placeholder=\"\" inputmode=\"numeric\" autocomplete=\"off\"> <\/div> <button type=\"submit\" name=\"add-to-cart\" value=\"20858\" class=\"single_add_to_cart_button button alt\">Add to cart<\/button> <\/div> <input type=\"hidden\" name=\"variation_id\" value=\"20859\"> <div class=\"variations hidden\"> <input type=\"hidden\" name=\"attribute_pa_rollwidth\" value=\"6mm\"> <input type=\"hidden\" name=\"attribute_pa_rolllength\" value=\"33m\"> <input type=\"hidden\" name=\"attribute_pa_thickness\" value=\"1-1mm-en\"> <input type=\"hidden\" name=\"attribute_pa_color\" value=\"grey\"> <\/div> <\/form> <div class=\"multi-cart-check\"> <input type=\"hidden\" name=\"wpt_product_price\" value=\"29\" form=\"multi-cart\"> <\/div> <\/div><\/td><\/tr><tr id=\"product-row-20860\" class=\"product product-row product-20860 instock product-type-variation purchasable\"><td><a href=\"https:\/\/tml.lt\/en\/product\/double-sided-tape-3m-vhb-4911\/?attribute_pa_rollwidth=9mm&amp;attribute_pa_rolllength=33m&amp;attribute_pa_thickness=1-1mm-en&amp;attribute_pa_color=grey\" class=\"single-product-link\" data-product_id=\"20860\">4941-933-33<\/a><\/td><td><a href=\"https:\/\/tml.lt\/en\/product\/double-sided-tape-3m-vhb-4911\/?attribute_pa_rollwidth=9mm&amp;attribute_pa_rolllength=33m&amp;attribute_pa_thickness=1-1mm-en&amp;attribute_pa_color=grey\" class=\"single-product-link\" data-product_id=\"20860\">Tape mounting double-sided 3M VHB 4941, base 1.1mm - 9 mm, 33 m, 1.1mm, grey<\/a><\/td><td><span data-slug=\"9mm\">9 mm<\/span><\/td><td><span data-slug=\"33m\">33 m<\/span><\/td><td><span data-slug=\"grey\">grey<\/span><\/td><td data-sort=\"42.80\"><span class=\"woocommerce-Price-amount amount\"><bdi><span class=\"woocommerce-Price-currencySymbol\">&euro;<\/span>42.80<\/bdi><\/span><\/td><td><div class=\"add-to-cart-wrapper with-cart-button with-quantity\"> <form class=\"cart\" method=\"post\" enctype=\"multipart\/form-data\"> <div class=\"add-to-cart-button\"><div class=\"quantity\"> <label class=\"screen-reader-text\" for=\"quantity_69db759d45b2e\">Tape mounting double-sided 3M VHB 4941, base 1.1mm quantity<\/label> <input type=\"number\" id=\"quantity_69db759d45b2e\" class=\"input-text qty text\" name=\"quantity\" value=\"1\" aria-label=\"Product quantity\" size=\"4\" min=\"1\" max=\"\" step=\"1\" placeholder=\"\" inputmode=\"numeric\" autocomplete=\"off\"> <\/div> <button type=\"submit\" name=\"add-to-cart\" value=\"20858\" class=\"single_add_to_cart_button button alt\">Add to cart<\/button> <\/div> <input type=\"hidden\" name=\"variation_id\" value=\"20860\"> <div class=\"variations hidden\"> <input type=\"hidden\" name=\"attribute_pa_rollwidth\" value=\"9mm\"> <input type=\"hidden\" name=\"attribute_pa_rolllength\" value=\"33m\"> <input type=\"hidden\" name=\"attribute_pa_thickness\" value=\"1-1mm-en\"> <input type=\"hidden\" name=\"attribute_pa_color\" value=\"grey\"> <\/div> <\/form> <div class=\"multi-cart-check\"> <input type=\"hidden\" name=\"wpt_product_price\" value=\"42.8\" form=\"multi-cart\"> <\/div> <\/div><\/td><\/tr><tr id=\"product-row-20862\" class=\"product product-row product-20862 instock product-type-variation purchasable\"><td><a href=\"https:\/\/tml.lt\/en\/product\/double-sided-tape-3m-vhb-4911\/?attribute_pa_rollwidth=12mm&amp;attribute_pa_rolllength=33m&amp;attribute_pa_thickness=1-1mm-en&amp;attribute_pa_color=grey\" class=\"single-product-link\" data-product_id=\"20862\">4941-1233-33<\/a><\/td><td><a href=\"https:\/\/tml.lt\/en\/product\/double-sided-tape-3m-vhb-4911\/?attribute_pa_rollwidth=12mm&amp;attribute_pa_rolllength=33m&amp;attribute_pa_thickness=1-1mm-en&amp;attribute_pa_color=grey\" class=\"single-product-link\" data-product_id=\"20862\">Tape mounting double-sided 3M VHB 4941, base 1.1mm - 12 mm, 33 m, 1.1mm, grey<\/a><\/td><td><span data-slug=\"12mm\">12 mm<\/span><\/td><td><span data-slug=\"33m\">33 m<\/span><\/td><td><span data-slug=\"grey\">grey<\/span><\/td><td data-sort=\"58.00\"><span class=\"woocommerce-Price-amount amount\"><bdi><span class=\"woocommerce-Price-currencySymbol\">&euro;<\/span>58.00<\/bdi><\/span><\/td><td><div class=\"add-to-cart-wrapper with-cart-button with-quantity\"> <form class=\"cart\" method=\"post\" enctype=\"multipart\/form-data\"> <div class=\"add-to-cart-button\"><div class=\"quantity\"> <label class=\"screen-reader-text\" for=\"quantity_69db759d46dfa\">Tape mounting double-sided 3M VHB 4941, base 1.1mm quantity<\/label> <input type=\"number\" id=\"quantity_69db759d46dfa\" class=\"input-text qty text\" name=\"quantity\" value=\"1\" aria-label=\"Product quantity\" size=\"4\" min=\"1\" max=\"\" step=\"1\" placeholder=\"\" inputmode=\"numeric\" autocomplete=\"off\"> <\/div> <button type=\"submit\" name=\"add-to-cart\" value=\"20858\" class=\"single_add_to_cart_button button alt\">Add to cart<\/button> <\/div> <input type=\"hidden\" name=\"variation_id\" value=\"20862\"> <div class=\"variations hidden\"> <input type=\"hidden\" name=\"attribute_pa_rollwidth\" value=\"12mm\"> <input type=\"hidden\" name=\"attribute_pa_rolllength\" value=\"33m\"> <input type=\"hidden\" name=\"attribute_pa_thickness\" value=\"1-1mm-en\"> <input type=\"hidden\" name=\"attribute_pa_color\" value=\"grey\"> <\/div> <\/form> <div class=\"multi-cart-check\"> <input type=\"hidden\" name=\"wpt_product_price\" value=\"58\" form=\"multi-cart\"> <\/div> <\/div><\/td><\/tr><tr id=\"product-row-20863\" class=\"product product-row product-20863 instock product-type-variation purchasable\"><td><a href=\"https:\/\/tml.lt\/en\/product\/double-sided-tape-3m-vhb-4911\/?attribute_pa_rollwidth=15-mm&amp;attribute_pa_rolllength=33m&amp;attribute_pa_thickness=1-1mm-en&amp;attribute_pa_color=grey\" class=\"single-product-link\" data-product_id=\"20863\">4941-1533-33<\/a><\/td><td><a href=\"https:\/\/tml.lt\/en\/product\/double-sided-tape-3m-vhb-4911\/?attribute_pa_rollwidth=15-mm&amp;attribute_pa_rolllength=33m&amp;attribute_pa_thickness=1-1mm-en&amp;attribute_pa_color=grey\" class=\"single-product-link\" data-product_id=\"20863\">Tape mounting double-sided 3M VHB 4941, base 1.1mm - 15 mm, 33 m, 1.1mm, grey<\/a><\/td><td><span data-slug=\"15-mm\">15 mm<\/span><\/td><td><span data-slug=\"33m\">33 m<\/span><\/td><td><span data-slug=\"grey\">grey<\/span><\/td><td data-sort=\"72.60\"><span class=\"woocommerce-Price-amount amount\"><bdi><span class=\"woocommerce-Price-currencySymbol\">&euro;<\/span>72.60<\/bdi><\/span><\/td><td><div class=\"add-to-cart-wrapper with-cart-button with-quantity\"> <form class=\"cart\" method=\"post\" enctype=\"multipart\/form-data\"> <div class=\"add-to-cart-button\"><div class=\"quantity\"> <label class=\"screen-reader-text\" for=\"quantity_69db759d48029\">Tape mounting double-sided 3M VHB 4941, base 1.1mm quantity<\/label> <input type=\"number\" id=\"quantity_69db759d48029\" class=\"input-text qty text\" name=\"quantity\" value=\"1\" aria-label=\"Product quantity\" size=\"4\" min=\"1\" max=\"\" step=\"1\" placeholder=\"\" inputmode=\"numeric\" autocomplete=\"off\"> <\/div> <button type=\"submit\" name=\"add-to-cart\" value=\"20858\" class=\"single_add_to_cart_button button alt\">Add to cart<\/button> <\/div> <input type=\"hidden\" name=\"variation_id\" value=\"20863\"> <div class=\"variations hidden\"> <input type=\"hidden\" name=\"attribute_pa_rollwidth\" value=\"15-mm\"> <input type=\"hidden\" name=\"attribute_pa_rolllength\" value=\"33m\"> <input type=\"hidden\" name=\"attribute_pa_thickness\" value=\"1-1mm-en\"> <input type=\"hidden\" name=\"attribute_pa_color\" value=\"grey\"> <\/div> <\/form> <div class=\"multi-cart-check\"> <input type=\"hidden\" name=\"wpt_product_price\" value=\"72.6\" form=\"multi-cart\"> <\/div> <\/div><\/td><\/tr><tr id=\"product-row-20864\" class=\"product product-row product-20864 instock product-type-variation purchasable\"><td><a href=\"https:\/\/tml.lt\/en\/product\/double-sided-tape-3m-vhb-4911\/?attribute_pa_rollwidth=19mm&amp;attribute_pa_rolllength=33m&amp;attribute_pa_thickness=1-1mm-en&amp;attribute_pa_color=grey\" class=\"single-product-link\" data-product_id=\"20864\">4941-1933-33<\/a><\/td><td><a href=\"https:\/\/tml.lt\/en\/product\/double-sided-tape-3m-vhb-4911\/?attribute_pa_rollwidth=19mm&amp;attribute_pa_rolllength=33m&amp;attribute_pa_thickness=1-1mm-en&amp;attribute_pa_color=grey\" class=\"single-product-link\" data-product_id=\"20864\">Tape mounting double-sided 3M VHB 4941, base 1.1mm - 19 mm, 33 m, 1.1mm, grey<\/a><\/td><td><span data-slug=\"19mm\">19 mm<\/span><\/td><td><span data-slug=\"33m\">33 m<\/span><\/td><td><span data-slug=\"grey\">grey<\/span><\/td><td data-sort=\"91.80\"><span class=\"woocommerce-Price-amount amount\"><bdi><span class=\"woocommerce-Price-currencySymbol\">&euro;<\/span>91.80<\/bdi><\/span><\/td><td><div class=\"add-to-cart-wrapper with-cart-button with-quantity\"> <form class=\"cart\" method=\"post\" enctype=\"multipart\/form-data\"> <div class=\"add-to-cart-button\"><div class=\"quantity\"> <label class=\"screen-reader-text\" for=\"quantity_69db759d4926b\">Tape mounting double-sided 3M VHB 4941, base 1.1mm quantity<\/label> <input type=\"number\" id=\"quantity_69db759d4926b\" class=\"input-text qty text\" name=\"quantity\" value=\"1\" aria-label=\"Product quantity\" size=\"4\" min=\"1\" max=\"\" step=\"1\" placeholder=\"\" inputmode=\"numeric\" autocomplete=\"off\"> <\/div> <button type=\"submit\" name=\"add-to-cart\" value=\"20858\" class=\"single_add_to_cart_button button alt\">Add to cart<\/button> <\/div> <input type=\"hidden\" name=\"variation_id\" value=\"20864\"> <div class=\"variations hidden\"> <input type=\"hidden\" name=\"attribute_pa_rollwidth\" value=\"19mm\"> <input type=\"hidden\" name=\"attribute_pa_rolllength\" value=\"33m\"> <input type=\"hidden\" name=\"attribute_pa_thickness\" value=\"1-1mm-en\"> <input type=\"hidden\" name=\"attribute_pa_color\" value=\"grey\"> <\/div> <\/form> <div class=\"multi-cart-check\"> <input type=\"hidden\" name=\"wpt_product_price\" value=\"91.8\" form=\"multi-cart\"> <\/div> <\/div><\/td><\/tr><tr id=\"product-row-20861\" class=\"product product-row product-20861 instock product-type-variation purchasable\"><td><a href=\"https:\/\/tml.lt\/en\/product\/double-sided-tape-3m-vhb-4911\/?attribute_pa_rollwidth=25mm&amp;attribute_pa_rolllength=33m&amp;attribute_pa_thickness=1-1mm-en&amp;attribute_pa_color=grey\" class=\"single-product-link\" data-product_id=\"20861\">4941-2533-33<\/a><\/td><td><a href=\"https:\/\/tml.lt\/en\/product\/double-sided-tape-3m-vhb-4911\/?attribute_pa_rollwidth=25mm&amp;attribute_pa_rolllength=33m&amp;attribute_pa_thickness=1-1mm-en&amp;attribute_pa_color=grey\" class=\"single-product-link\" data-product_id=\"20861\">Tape mounting double-sided 3M VHB 4941, base 1.1mm - 25 mm, 33 m, 1.1mm, grey<\/a><\/td><td><span data-slug=\"25mm\">25 mm<\/span><\/td><td><span data-slug=\"33m\">33 m<\/span><\/td><td><span data-slug=\"grey\">grey<\/span><\/td><td data-sort=\"120.70\"><span class=\"woocommerce-Price-amount amount\"><bdi><span class=\"woocommerce-Price-currencySymbol\">&euro;<\/span>120.70<\/bdi><\/span><\/td><td><div class=\"add-to-cart-wrapper with-cart-button with-quantity\"> <form class=\"cart\" method=\"post\" enctype=\"multipart\/form-data\"> <div class=\"add-to-cart-button\"><div class=\"quantity\"> <label class=\"screen-reader-text\" for=\"quantity_69db759d4a507\">Tape mounting double-sided 3M VHB 4941, base 1.1mm quantity<\/label> <input type=\"number\" id=\"quantity_69db759d4a507\" class=\"input-text qty text\" name=\"quantity\" value=\"1\" aria-label=\"Product quantity\" size=\"4\" min=\"1\" max=\"\" step=\"1\" placeholder=\"\" inputmode=\"numeric\" autocomplete=\"off\"> <\/div> <button type=\"submit\" name=\"add-to-cart\" value=\"20858\" class=\"single_add_to_cart_button button alt\">Add to cart<\/button> <\/div> <input type=\"hidden\" name=\"variation_id\" value=\"20861\"> <div class=\"variations hidden\"> <input type=\"hidden\" name=\"attribute_pa_rollwidth\" value=\"25mm\"> <input type=\"hidden\" name=\"attribute_pa_rolllength\" value=\"33m\"> <input type=\"hidden\" name=\"attribute_pa_thickness\" value=\"1-1mm-en\"> <input type=\"hidden\" name=\"attribute_pa_color\" value=\"grey\"> <\/div> <\/form> <div class=\"multi-cart-check\"> <input type=\"hidden\" name=\"wpt_product_price\" value=\"120.7\" form=\"multi-cart\"> <\/div> <\/div><\/td><\/tr><\/tbody><\/table>\n","protected":false},"excerpt":{"rendered":"<p>The base is soft and elastic for comfortable work. Suitable for relief and rough surfaces. The adhesive of the 4941 series tapes is designed for gluing metal, glass, many types of plastic and primed wood. Tapes of the 4941 series are applicable for installation of vinyl overlays in cars, fastening of awnings of trucks and trailers, installation of stamped PVC parts on window frames.<\/p>\n<ul>\n<li><strong>Series 4941 \u2014 for the most critical tasks:<\/strong> 4926 (0.4mm), 4936 (0.6mm), <strong>4941 (1.1mm)<\/strong>, 4956 (1.6mm), <strong>4991 (2.3mm)<\/strong><\/li>\n<li><strong>Features:<\/strong> Prevents migration of plasticizers and is not destroyed under their influence.<\/li>\n<li><strong>Color:<\/strong> Dark gray \u2014 <strong>Operating temperature:<\/strong> Up to +90\u00b0C \u2014 <strong>Short-term heating:<\/strong> Up to +150\u00b0C<\/li>\n<\/ul>\n","protected":false},"featured_media":11947,"template":"","meta":[],"product_cat":[120,1540,795],"product_tag":[136],"yoast_head":"<!-- This site is optimized with the Yoast SEO plugin v21.8.1 - https:\/\/yoast.com\/wordpress\/plugins\/seo\/ -->\n<title>Tape mounting double-sided 3M VHB 4941, base 1.1mm | TML<\/title>\n<meta name=\"description\" content=\"Tape mounting double-sided 3M VHB 4941, base 1.1mm The base is soft and elastic for comfortable work. Suitable for relief and rough surfaces. | TML\" \/>\n<meta name=\"robots\" content=\"index, follow, max-snippet:-1, max-image-preview:large, max-video-preview:-1\" \/>\n<link rel=\"canonical\" href=\"https:\/\/tml.lt\/en\/product\/double-sided-tape-3m-vhb-4911\/\" \/>\n<meta property=\"og:locale\" content=\"en_US\" \/>\n<meta property=\"og:type\" content=\"article\" \/>\n<meta property=\"og:title\" content=\"Tape mounting double-sided 3M VHB 4941, base 1.1mm | TML\" \/>\n<meta property=\"og:description\" content=\"Tape mounting double-sided 3M VHB 4941, base 1.1mm The base is soft and elastic for comfortable work. Suitable for relief and rough surfaces. | TML\" \/>\n<meta property=\"og:url\" content=\"https:\/\/tml.lt\/en\/product\/double-sided-tape-3m-vhb-4911\/\" \/>\n<meta property=\"og:site_name\" content=\"TML\" \/>\n<meta property=\"article:modified_time\" content=\"2026-02-18T15:49:53+00:00\" \/>\n<meta property=\"og:image\" content=\"https:\/\/tml.lt\/en\/wp-content\/uploads\/2017\/12\/Dvipus\u0117-monta\u017ein\u0117-juosta-3M-VHB-4941-Premium-pagrindas-1.1mm-tamsiai-pilka.jpg\" \/>\n\t<meta property=\"og:image:width\" content=\"476\" \/>\n\t<meta property=\"og:image:height\" content=\"476\" \/>\n\t<meta property=\"og:image:type\" content=\"image\/jpeg\" \/>\n<meta name=\"twitter:card\" content=\"summary_large_image\" \/>\n<script type=\"application\/ld+json\" class=\"yoast-schema-graph\">{\"@context\":\"https:\/\/schema.org\",\"@graph\":[{\"@type\":\"WebPage\",\"@id\":\"https:\/\/tml.lt\/en\/product\/double-sided-tape-3m-vhb-4911\/\",\"url\":\"https:\/\/tml.lt\/en\/product\/double-sided-tape-3m-vhb-4911\/\",\"name\":\"Tape mounting double-sided 3M VHB 4941, base 1.1mm | TML\",\"isPartOf\":{\"@id\":\"https:\/\/tml.lt\/en\/#website\"},\"datePublished\":\"2026-02-18T15:32:42+00:00\",\"dateModified\":\"2026-02-18T15:49:53+00:00\",\"description\":\"Tape mounting double-sided 3M VHB 4941, base 1.1mm The base is soft and elastic for comfortable work. Suitable for relief and rough surfaces. | TML\",\"breadcrumb\":{\"@id\":\"https:\/\/tml.lt\/en\/product\/double-sided-tape-3m-vhb-4911\/#breadcrumb\"},\"inLanguage\":\"en-US\",\"potentialAction\":[{\"@type\":\"ReadAction\",\"target\":[\"https:\/\/tml.lt\/en\/product\/double-sided-tape-3m-vhb-4911\/\"]}]},{\"@type\":\"BreadcrumbList\",\"@id\":\"https:\/\/tml.lt\/en\/product\/double-sided-tape-3m-vhb-4911\/#breadcrumb\",\"itemListElement\":[{\"@type\":\"ListItem\",\"position\":1,\"name\":\"\u0413\u043b\u0430\u0432\u043d\u0430\u044f \u0441\u0442\u0440\u0430\u043d\u0438\u0446\u0430\",\"item\":\"https:\/\/tml.lt\/en\/\"},{\"@type\":\"ListItem\",\"position\":2,\"name\":\"TML-LT Ltd &mdash; manufacturing and solutions for marking, insulation, fastening\",\"item\":\"https:\/\/tml.lt\/en\/\"},{\"@type\":\"ListItem\",\"position\":3,\"name\":\"Tape mounting double-sided 3M VHB 4941, base 1.1mm\"}]},{\"@type\":\"WebSite\",\"@id\":\"https:\/\/tml.lt\/en\/#website\",\"url\":\"https:\/\/tml.lt\/en\/\",\"name\":\"TML\",\"description\":\"UAB TML-LT\",\"publisher\":{\"@id\":\"https:\/\/tml.lt\/en\/#organization\"},\"potentialAction\":[{\"@type\":\"SearchAction\",\"target\":{\"@type\":\"EntryPoint\",\"urlTemplate\":\"https:\/\/tml.lt\/en\/?s={search_term_string}\"},\"query-input\":\"required name=search_term_string\"}],\"inLanguage\":\"en-US\"},{\"@type\":\"Organization\",\"@id\":\"https:\/\/tml.lt\/en\/#organization\",\"name\":\"TML\",\"url\":\"https:\/\/tml.lt\/en\/\",\"logo\":{\"@type\":\"ImageObject\",\"inLanguage\":\"en-US\",\"@id\":\"https:\/\/tml.lt\/en\/#\/schema\/logo\/image\/\",\"url\":\"https:\/\/tml.lt\/en\/wp-content\/uploads\/2020\/09\/tml-logo-black-4.png\",\"contentUrl\":\"https:\/\/tml.lt\/en\/wp-content\/uploads\/2020\/09\/tml-logo-black-4.png\",\"width\":470,\"height\":110,\"caption\":\"TML\"},\"image\":{\"@id\":\"https:\/\/tml.lt\/en\/#\/schema\/logo\/image\/\"}}]}<\/script>\n<!-- \/ Yoast SEO plugin. -->","yoast_head_json":{"title":"Tape mounting double-sided 3M VHB 4941, base 1.1mm | TML","description":"Tape mounting double-sided 3M VHB 4941, base 1.1mm The base is soft and elastic for comfortable work. Suitable for relief and rough surfaces. | TML","robots":{"index":"index","follow":"follow","max-snippet":"max-snippet:-1","max-image-preview":"max-image-preview:large","max-video-preview":"max-video-preview:-1"},"canonical":"https:\/\/tml.lt\/en\/product\/double-sided-tape-3m-vhb-4911\/","og_locale":"en_US","og_type":"article","og_title":"Tape mounting double-sided 3M VHB 4941, base 1.1mm | TML","og_description":"Tape mounting double-sided 3M VHB 4941, base 1.1mm The base is soft and elastic for comfortable work. Suitable for relief and rough surfaces. | TML","og_url":"https:\/\/tml.lt\/en\/product\/double-sided-tape-3m-vhb-4911\/","og_site_name":"TML","article_modified_time":"2026-02-18T15:49:53+00:00","og_image":[{"width":476,"height":476,"url":"https:\/\/tml.lt\/en\/wp-content\/uploads\/2017\/12\/Dvipus\u0117-monta\u017ein\u0117-juosta-3M-VHB-4941-Premium-pagrindas-1.1mm-tamsiai-pilka.jpg","type":"image\/jpeg"}],"twitter_card":"summary_large_image","schema":{"@context":"https:\/\/schema.org","@graph":[{"@type":"WebPage","@id":"https:\/\/tml.lt\/en\/product\/double-sided-tape-3m-vhb-4911\/","url":"https:\/\/tml.lt\/en\/product\/double-sided-tape-3m-vhb-4911\/","name":"Tape mounting double-sided 3M VHB 4941, base 1.1mm | TML","isPartOf":{"@id":"https:\/\/tml.lt\/en\/#website"},"datePublished":"2026-02-18T15:32:42+00:00","dateModified":"2026-02-18T15:49:53+00:00","description":"Tape mounting double-sided 3M VHB 4941, base 1.1mm The base is soft and elastic for comfortable work. Suitable for relief and rough surfaces. | TML","breadcrumb":{"@id":"https:\/\/tml.lt\/en\/product\/double-sided-tape-3m-vhb-4911\/#breadcrumb"},"inLanguage":"en-US","potentialAction":[{"@type":"ReadAction","target":["https:\/\/tml.lt\/en\/product\/double-sided-tape-3m-vhb-4911\/"]}]},{"@type":"BreadcrumbList","@id":"https:\/\/tml.lt\/en\/product\/double-sided-tape-3m-vhb-4911\/#breadcrumb","itemListElement":[{"@type":"ListItem","position":1,"name":"\u0413\u043b\u0430\u0432\u043d\u0430\u044f \u0441\u0442\u0440\u0430\u043d\u0438\u0446\u0430","item":"https:\/\/tml.lt\/en\/"},{"@type":"ListItem","position":2,"name":"TML-LT Ltd &mdash; manufacturing and solutions for marking, insulation, fastening","item":"https:\/\/tml.lt\/en\/"},{"@type":"ListItem","position":3,"name":"Tape mounting double-sided 3M VHB 4941, base 1.1mm"}]},{"@type":"WebSite","@id":"https:\/\/tml.lt\/en\/#website","url":"https:\/\/tml.lt\/en\/","name":"TML","description":"UAB TML-LT","publisher":{"@id":"https:\/\/tml.lt\/en\/#organization"},"potentialAction":[{"@type":"SearchAction","target":{"@type":"EntryPoint","urlTemplate":"https:\/\/tml.lt\/en\/?s={search_term_string}"},"query-input":"required name=search_term_string"}],"inLanguage":"en-US"},{"@type":"Organization","@id":"https:\/\/tml.lt\/en\/#organization","name":"TML","url":"https:\/\/tml.lt\/en\/","logo":{"@type":"ImageObject","inLanguage":"en-US","@id":"https:\/\/tml.lt\/en\/#\/schema\/logo\/image\/","url":"https:\/\/tml.lt\/en\/wp-content\/uploads\/2020\/09\/tml-logo-black-4.png","contentUrl":"https:\/\/tml.lt\/en\/wp-content\/uploads\/2020\/09\/tml-logo-black-4.png","width":470,"height":110,"caption":"TML"},"image":{"@id":"https:\/\/tml.lt\/en\/#\/schema\/logo\/image\/"}}]}},"amp_enabled":true,"_links":{"self":[{"href":"https:\/\/tml.lt\/en\/wp-json\/wp\/v2\/product\/20858"}],"collection":[{"href":"https:\/\/tml.lt\/en\/wp-json\/wp\/v2\/product"}],"about":[{"href":"https:\/\/tml.lt\/en\/wp-json\/wp\/v2\/types\/product"}],"wp:featuredmedia":[{"embeddable":true,"href":"https:\/\/tml.lt\/en\/wp-json\/wp\/v2\/media\/11947"}],"wp:attachment":[{"href":"https:\/\/tml.lt\/en\/wp-json\/wp\/v2\/media?parent=20858"}],"wp:term":[{"taxonomy":"product_cat","embeddable":true,"href":"https:\/\/tml.lt\/en\/wp-json\/wp\/v2\/product_cat?post=20858"},{"taxonomy":"product_tag","embeddable":true,"href":"https:\/\/tml.lt\/en\/wp-json\/wp\/v2\/product_tag?post=20858"}],"curies":[{"name":"wp","href":"https:\/\/api.w.org\/{rel}","templated":true}]}}