{"id":20950,"date":"2026-02-23T13:12:23","date_gmt":"2026-02-23T11:12:23","guid":{"rendered":"https:\/\/tml.lt\/en\/?post_type=product&#038;p=20950"},"modified":"2026-02-23T13:31:24","modified_gmt":"2026-02-23T11:31:24","slug":"double-sided-tape-3m-vhb-lse060","status":"publish","type":"product","link":"https:\/\/tml.lt\/en\/product\/double-sided-tape-3m-vhb-lse060\/","title":{"rendered":"Double-Sided Mounting Tape 3M VHB LSE-060WF base 0.6mm, white"},"content":{"rendered":"<div class=\"pdf\"><a href=\"\/en\/wp-content\/uploads\/2020\/01\/VHB-LSE-Series-ENG-EU-10.19.UK_.pdf\">Download LSE tapes product data sheet (TDS)<\/a> (EN)<\/div>\n<div class=\"pdf\"><a href=\"\/en\/wp-content\/uploads\/2020\/01\/3M-VHB-LSE-Brochure-Nordic_LR.pdf\">Download brochure about LSE tapes<\/a> (EN)<\/div>\n<table id=\"wcpt_de9fe2056ecb7b05_1\" class=\"wc-product-table woocommerce multicart-enabled\" width=\"100%\" data-config='{\"pageLength\":10,\"pagingType\":\"numbers\",\"serverSide\":false,\"autoWidth\":true,\"clickFilter\":\"false\",\"scrollOffset\":15,\"resetButton\":false,\"multiAddToCart\":false,\"multiCartLocation\":\"top\",\"variations\":\"separate\",\"ajaxCart\":true,\"numOrder\":false,\"stickyHeader\":false,\"lengthMenu\":[[10,25,50,100,-1],[10,25,50,100,\"All\"]],\"columnDefs\":[{\"className\":\"col-sku\",\"targets\":0,\"type\":\"html\"},{\"className\":\"col-name\",\"targets\":1,\"type\":\"html\"},{\"className\":\"col-rollwidth\",\"targets\":2,\"type\":\"html\"},{\"className\":\"col-rolllength\",\"targets\":3,\"type\":\"html\"},{\"className\":\"col-price\",\"targets\":4,\"type\":\"html-num\"},{\"className\":\"col-buy col-add-to-cart\",\"targets\":5,\"type\":\"html\"}],\"responsive\":{\"details\":{\"display\":\"child_row\"}},\"search\":{\"search\":\"\"},\"dom\":\"&lt;\\\"wc-product-table-wrapper storefront wpt-styling-theme\\\"&lt;\\\"wc-product-table-controls wc-product-table-above\\\"&gt;t&lt;\\\"wc-product-table-controls wc-product-table-below\\\"ip&gt;&gt;\"}' data-filters=\"false\" data-order=\"[]\"><thead><tr><th class=\"all\" data-name=\"sku\" data-orderable=\"true\" data-searchable=\"true\" data-priority=\"6\">SKU<\/th><th data-name=\"name\" data-orderable=\"true\" data-searchable=\"true\" data-priority=\"1\">Name<\/th><th data-name=\"att_pa_rollwidth\" data-orderable=\"true\" data-searchable=\"true\">Roll width<\/th><th data-name=\"att_pa_rolllength\" data-orderable=\"true\" data-searchable=\"true\">Roll length<\/th><th data-name=\"price\" data-orderable=\"true\" data-searchable=\"true\" data-priority=\"3\">Price<\/th><th data-name=\"buy\" data-orderable=\"false\" data-searchable=\"true\" data-priority=\"2\">Buy<\/th><\/tr><\/thead><tbody><tr id=\"product-row-20953\" class=\"product product-row product-20953 instock product-type-variation purchasable\"><td><a href=\"https:\/\/tml.lt\/en\/product\/double-sided-tape-3m-vhb-lse060\/?attribute_pa_rollwidth=12mm&amp;attribute_pa_rolllength=33m&amp;attribute_pa_thickness=0-6mm-en&amp;attribute_pa_color=white\" class=\"single-product-link\" data-product_id=\"20953\">LSE060-12-33<\/a><\/td><td><a href=\"https:\/\/tml.lt\/en\/product\/double-sided-tape-3m-vhb-lse060\/?attribute_pa_rollwidth=12mm&amp;attribute_pa_rolllength=33m&amp;attribute_pa_thickness=0-6mm-en&amp;attribute_pa_color=white\" class=\"single-product-link\" data-product_id=\"20953\">Double-Sided Mounting Tape 3M VHB LSE-060WF base 0.6mm, white - 12 mm, 33 m, 0.6mm, white<\/a><\/td><td><span data-slug=\"12mm\">12 mm<\/span><\/td><td><span data-slug=\"33m\">33 m<\/span><\/td><td data-sort=\"29.78\"><span class=\"woocommerce-Price-amount amount\"><bdi><span class=\"woocommerce-Price-currencySymbol\">&euro;<\/span>29.78<\/bdi><\/span><\/td><td><div class=\"add-to-cart-wrapper with-cart-button with-quantity\"> <form class=\"cart\" method=\"post\" enctype=\"multipart\/form-data\"> <div class=\"add-to-cart-button\"><div class=\"quantity\"> <label class=\"screen-reader-text\" for=\"quantity_69db762ca004f\">Double-Sided Mounting Tape 3M VHB LSE-060WF base 0.6mm, white quantity<\/label> <input type=\"number\" id=\"quantity_69db762ca004f\" class=\"input-text qty text\" name=\"quantity\" value=\"1\" aria-label=\"Product quantity\" size=\"4\" min=\"1\" max=\"\" step=\"1\" placeholder=\"\" inputmode=\"numeric\" autocomplete=\"off\"> <\/div> <button type=\"submit\" name=\"add-to-cart\" value=\"20950\" class=\"single_add_to_cart_button button alt\">Add to cart<\/button> <\/div> <input type=\"hidden\" name=\"variation_id\" value=\"20953\"> <div class=\"variations hidden\"> <input type=\"hidden\" name=\"attribute_pa_rollwidth\" value=\"12mm\"> <input type=\"hidden\" name=\"attribute_pa_rolllength\" value=\"33m\"> <input type=\"hidden\" name=\"attribute_pa_thickness\" value=\"0-6mm-en\"> <input type=\"hidden\" name=\"attribute_pa_color\" value=\"white\"> <\/div> <\/form> <div class=\"multi-cart-check\"> <input type=\"hidden\" name=\"wpt_product_price\" value=\"29.78\" form=\"multi-cart\"> <\/div> <\/div><\/td><\/tr><tr id=\"product-row-20952\" class=\"product product-row product-20952 instock product-type-variation purchasable\"><td><a href=\"https:\/\/tml.lt\/en\/product\/double-sided-tape-3m-vhb-lse060\/?attribute_pa_rollwidth=19mm&amp;attribute_pa_rolllength=33m&amp;attribute_pa_thickness=0-6mm-en&amp;attribute_pa_color=white\" class=\"single-product-link\" data-product_id=\"20952\">LSE060-19-33<\/a><\/td><td><a href=\"https:\/\/tml.lt\/en\/product\/double-sided-tape-3m-vhb-lse060\/?attribute_pa_rollwidth=19mm&amp;attribute_pa_rolllength=33m&amp;attribute_pa_thickness=0-6mm-en&amp;attribute_pa_color=white\" class=\"single-product-link\" data-product_id=\"20952\">Double-Sided Mounting Tape 3M VHB LSE-060WF base 0.6mm, white - 19 mm, 33 m, 0.6mm, white<\/a><\/td><td><span data-slug=\"19mm\">19 mm<\/span><\/td><td><span data-slug=\"33m\">33 m<\/span><\/td><td data-sort=\"47.16\"><span class=\"woocommerce-Price-amount amount\"><bdi><span class=\"woocommerce-Price-currencySymbol\">&euro;<\/span>47.16<\/bdi><\/span><\/td><td><div class=\"add-to-cart-wrapper with-cart-button with-quantity\"> <form class=\"cart\" method=\"post\" enctype=\"multipart\/form-data\"> <div class=\"add-to-cart-button\"><div class=\"quantity\"> <label class=\"screen-reader-text\" for=\"quantity_69db762ca120f\">Double-Sided Mounting Tape 3M VHB LSE-060WF base 0.6mm, white quantity<\/label> <input type=\"number\" id=\"quantity_69db762ca120f\" class=\"input-text qty text\" name=\"quantity\" value=\"1\" aria-label=\"Product quantity\" size=\"4\" min=\"1\" max=\"\" step=\"1\" placeholder=\"\" inputmode=\"numeric\" autocomplete=\"off\"> <\/div> <button type=\"submit\" name=\"add-to-cart\" value=\"20950\" class=\"single_add_to_cart_button button alt\">Add to cart<\/button> <\/div> <input type=\"hidden\" name=\"variation_id\" value=\"20952\"> <div class=\"variations hidden\"> <input type=\"hidden\" name=\"attribute_pa_rollwidth\" value=\"19mm\"> <input type=\"hidden\" name=\"attribute_pa_rolllength\" value=\"33m\"> <input type=\"hidden\" name=\"attribute_pa_thickness\" value=\"0-6mm-en\"> <input type=\"hidden\" name=\"attribute_pa_color\" value=\"white\"> <\/div> <\/form> <div class=\"multi-cart-check\"> <input type=\"hidden\" name=\"wpt_product_price\" value=\"47.16\" form=\"multi-cart\"> <\/div> <\/div><\/td><\/tr><tr id=\"product-row-20951\" class=\"product product-row product-20951 instock product-type-variation purchasable\"><td><a href=\"https:\/\/tml.lt\/en\/product\/double-sided-tape-3m-vhb-lse060\/?attribute_pa_rollwidth=25mm&amp;attribute_pa_rolllength=33m&amp;attribute_pa_thickness=0-6mm-en&amp;attribute_pa_color=white\" class=\"single-product-link\" data-product_id=\"20951\">LSE060-25-33<\/a><\/td><td><a href=\"https:\/\/tml.lt\/en\/product\/double-sided-tape-3m-vhb-lse060\/?attribute_pa_rollwidth=25mm&amp;attribute_pa_rolllength=33m&amp;attribute_pa_thickness=0-6mm-en&amp;attribute_pa_color=white\" class=\"single-product-link\" data-product_id=\"20951\">Double-Sided Mounting Tape 3M VHB LSE-060WF base 0.6mm, white - 25 mm, 33 m, 0.6mm, white<\/a><\/td><td><span data-slug=\"25mm\">25 mm<\/span><\/td><td><span data-slug=\"33m\">33 m<\/span><\/td><td data-sort=\"62.04\"><span class=\"woocommerce-Price-amount amount\"><bdi><span class=\"woocommerce-Price-currencySymbol\">&euro;<\/span>62.04<\/bdi><\/span><\/td><td><div class=\"add-to-cart-wrapper with-cart-button with-quantity\"> <form class=\"cart\" method=\"post\" enctype=\"multipart\/form-data\"> <div class=\"add-to-cart-button\"><div class=\"quantity\"> <label class=\"screen-reader-text\" for=\"quantity_69db762ca2031\">Double-Sided Mounting Tape 3M VHB LSE-060WF base 0.6mm, white quantity<\/label> <input type=\"number\" id=\"quantity_69db762ca2031\" class=\"input-text qty text\" name=\"quantity\" value=\"1\" aria-label=\"Product quantity\" size=\"4\" min=\"1\" max=\"\" step=\"1\" placeholder=\"\" inputmode=\"numeric\" autocomplete=\"off\"> <\/div> <button type=\"submit\" name=\"add-to-cart\" value=\"20950\" class=\"single_add_to_cart_button button alt\">Add to cart<\/button> <\/div> <input type=\"hidden\" name=\"variation_id\" value=\"20951\"> <div class=\"variations hidden\"> <input type=\"hidden\" name=\"attribute_pa_rollwidth\" value=\"25mm\"> <input type=\"hidden\" name=\"attribute_pa_rolllength\" value=\"33m\"> <input type=\"hidden\" name=\"attribute_pa_thickness\" value=\"0-6mm-en\"> <input type=\"hidden\" name=\"attribute_pa_color\" value=\"white\"> <\/div> <\/form> <div class=\"multi-cart-check\"> <input type=\"hidden\" name=\"wpt_product_price\" value=\"62.04\" form=\"multi-cart\"> <\/div> <\/div><\/td><\/tr><\/tbody><\/table>\n<hr>\n<h2><strong>What is 3M VHB Tape LSE Series?<\/strong><\/h2>\n<p><strong>For Plastics and Composite Bonding<\/strong><\/p>\n<ul>\n<li><strong>Bonding without primer on difficult to bond LSE substrates:<\/strong> LSE Substrates: PP, TPE, TPO; MSD Substrates: Polycarbonate, HIPS, Acrylic, <a href=\"https:\/\/tml.lt\/en\/encyclopedia\/nylon\/\" target=\"_self\" title=\"Nylon is a durable plastic that can be used as a film with high resistance to oil and gas. Also used as a thread in strapping tapes with a high degree of mechanical strength.\" class=\"encyclopedia\">Nylon<\/a>s, ABS; Composites: GRP\/Fiberglass, Carbon Fiber, <a href=\"https:\/\/tml.lt\/en\/encyclopedia\/polyester-2\/\" target=\"_self\" title=\"Polyester, abbreviated PET. Durable film with good resistance to moisture, solvents, oils and many other chemicals.\" class=\"encyclopedia\">Polyester<\/a> Paint.<\/li>\n<li><strong>Outdoor use:<\/strong> Resists hot, cold and cycling temperature, UV light, moisture and solvents; Seals against environmental conditions.<\/li>\n<li><strong>Low temperature bonding:<\/strong> High initial tack at low temperatures on frost free surfaces down to 0&deg;C.<\/li>\n<li><strong>Designed for multi-material bonding:<\/strong> Allows for thermal exp<a href=\"https:\/\/tml.lt\/en\/encyclopedia\/ansi\/\" target=\"_self\" title=\"ANSI is the American National Standards Institute. It is a private organization responsible for developing voluntary industry standards. ANSI sets safety standards for many types of products. These standards often include procedures for labeling and displaying warnings and hazard information. ANSI also sets standards for barcode printing and verification.\" class=\"encyclopedia\">ansi<\/a>on of three times its <a href=\"https:\/\/tml.lt\/en\/encyclopedia\/thickness\/\" target=\"_self\" title=\"Thickness is usually the distance between two parallel surfaces, from one surface to another. Usually expressed in mils (thousandths of an inch) or microns. Usually measured with a special device under slight pressure.\" class=\"encyclopedia\">thickness<\/a>; Conformable and durable.<\/li>\n<\/ul>\n","protected":false},"excerpt":{"rendered":"<p>The 3M VHB Tape <strong>LSE 060<\/strong> series is designed for multi material bonding as it offers versatile performance at various temperatures on MSE and LSE surfaces that allows for thermal expansion when bonding dissimilar materials. The temperature resistance of +100 \u00b0C in long term and +150 \u00b0C in short term bonding results in an excellent durability both, indoors and outdoors across a wide range of applications and industries. It further provides high initial tack at low temperatures on frost free surfaces down to 0 \u00b0C.<\/p>\n<ul>\n<li><strong>LSE:<\/strong> <b>L<\/b>ow <b>S<\/b>urface <b>E<\/b>nergy<\/li>\n<li><strong>060:<\/strong> 0.60 mm thickness (1.00 mm and 1.10 mm also available)<\/li>\n<li><strong>W:<\/strong> White<\/li>\n<li><strong>F:<\/strong> Filmic Liner<\/li>\n<\/ul>\n","protected":false},"featured_media":11689,"template":"","meta":[],"product_cat":[120,1540,1553,794],"product_tag":[136],"yoast_head":"<!-- This site is optimized with the Yoast SEO plugin v21.8.1 - https:\/\/yoast.com\/wordpress\/plugins\/seo\/ -->\n<title>Double-Sided Mounting Tape 3M VHB LSE-060WF base 0.6mm, white | TML<\/title>\n<meta name=\"description\" content=\"The 3M VHB Tape LSE-060 Series for multi material bonding, offers versatile performance at various temperatures on MSE and LSE surfaces that allows for thermal expansion when bonding dissimilar materials | TML\" \/>\n<meta name=\"robots\" content=\"index, follow, max-snippet:-1, max-image-preview:large, max-video-preview:-1\" \/>\n<link rel=\"canonical\" href=\"https:\/\/tml.lt\/en\/product\/double-sided-tape-3m-vhb-lse060\/\" \/>\n<meta property=\"og:locale\" content=\"en_US\" \/>\n<meta property=\"og:type\" content=\"article\" \/>\n<meta property=\"og:title\" content=\"Double-Sided Mounting Tape 3M VHB LSE-060WF base 0.6mm, white | TML\" \/>\n<meta property=\"og:description\" content=\"The 3M VHB Tape LSE-060 Series for multi material bonding, offers versatile performance at various temperatures on MSE and LSE surfaces that allows for thermal expansion when bonding dissimilar materials | TML\" \/>\n<meta property=\"og:url\" content=\"https:\/\/tml.lt\/en\/product\/double-sided-tape-3m-vhb-lse060\/\" \/>\n<meta property=\"og:site_name\" content=\"TML\" \/>\n<meta property=\"article:modified_time\" content=\"2026-02-23T11:31:24+00:00\" \/>\n<meta property=\"og:image\" content=\"https:\/\/tml.lt\/en\/wp-content\/uploads\/2020\/01\/Dvipus\u0117-monta\u017ein\u0117-juosta-3M-VHB-LSE-060WF-Aktyvi-prie-0\u043e\u0421-pagrindas-0.6mm-balta-12mm33m.jpg\" \/>\n\t<meta property=\"og:image:width\" content=\"532\" \/>\n\t<meta property=\"og:image:height\" content=\"532\" \/>\n\t<meta property=\"og:image:type\" content=\"image\/jpeg\" \/>\n<meta name=\"twitter:card\" content=\"summary_large_image\" \/>\n<meta name=\"twitter:label1\" content=\"Est. reading time\" \/>\n\t<meta name=\"twitter:data1\" content=\"1 minute\" \/>\n<script type=\"application\/ld+json\" class=\"yoast-schema-graph\">{\"@context\":\"https:\/\/schema.org\",\"@graph\":[{\"@type\":\"WebPage\",\"@id\":\"https:\/\/tml.lt\/en\/product\/double-sided-tape-3m-vhb-lse060\/\",\"url\":\"https:\/\/tml.lt\/en\/product\/double-sided-tape-3m-vhb-lse060\/\",\"name\":\"Double-Sided Mounting Tape 3M VHB LSE-060WF base 0.6mm, white | TML\",\"isPartOf\":{\"@id\":\"https:\/\/tml.lt\/en\/#website\"},\"datePublished\":\"2026-02-23T11:12:23+00:00\",\"dateModified\":\"2026-02-23T11:31:24+00:00\",\"description\":\"The 3M VHB Tape LSE-060 Series for multi material bonding, offers versatile performance at various temperatures on MSE and LSE surfaces that allows for thermal expansion when bonding dissimilar materials | TML\",\"breadcrumb\":{\"@id\":\"https:\/\/tml.lt\/en\/product\/double-sided-tape-3m-vhb-lse060\/#breadcrumb\"},\"inLanguage\":\"en-US\",\"potentialAction\":[{\"@type\":\"ReadAction\",\"target\":[\"https:\/\/tml.lt\/en\/product\/double-sided-tape-3m-vhb-lse060\/\"]}]},{\"@type\":\"BreadcrumbList\",\"@id\":\"https:\/\/tml.lt\/en\/product\/double-sided-tape-3m-vhb-lse060\/#breadcrumb\",\"itemListElement\":[{\"@type\":\"ListItem\",\"position\":1,\"name\":\"\u0413\u043b\u0430\u0432\u043d\u0430\u044f \u0441\u0442\u0440\u0430\u043d\u0438\u0446\u0430\",\"item\":\"https:\/\/tml.lt\/en\/\"},{\"@type\":\"ListItem\",\"position\":2,\"name\":\"TML-LT Ltd &mdash; manufacturing and solutions for marking, insulation, fastening\",\"item\":\"https:\/\/tml.lt\/en\/\"},{\"@type\":\"ListItem\",\"position\":3,\"name\":\"Double-Sided Mounting Tape 3M VHB LSE-060WF base 0.6mm, white\"}]},{\"@type\":\"WebSite\",\"@id\":\"https:\/\/tml.lt\/en\/#website\",\"url\":\"https:\/\/tml.lt\/en\/\",\"name\":\"TML\",\"description\":\"UAB TML-LT\",\"publisher\":{\"@id\":\"https:\/\/tml.lt\/en\/#organization\"},\"potentialAction\":[{\"@type\":\"SearchAction\",\"target\":{\"@type\":\"EntryPoint\",\"urlTemplate\":\"https:\/\/tml.lt\/en\/?s={search_term_string}\"},\"query-input\":\"required name=search_term_string\"}],\"inLanguage\":\"en-US\"},{\"@type\":\"Organization\",\"@id\":\"https:\/\/tml.lt\/en\/#organization\",\"name\":\"TML\",\"url\":\"https:\/\/tml.lt\/en\/\",\"logo\":{\"@type\":\"ImageObject\",\"inLanguage\":\"en-US\",\"@id\":\"https:\/\/tml.lt\/en\/#\/schema\/logo\/image\/\",\"url\":\"https:\/\/tml.lt\/en\/wp-content\/uploads\/2020\/09\/tml-logo-black-4.png\",\"contentUrl\":\"https:\/\/tml.lt\/en\/wp-content\/uploads\/2020\/09\/tml-logo-black-4.png\",\"width\":470,\"height\":110,\"caption\":\"TML\"},\"image\":{\"@id\":\"https:\/\/tml.lt\/en\/#\/schema\/logo\/image\/\"}}]}<\/script>\n<!-- \/ Yoast SEO plugin. -->","yoast_head_json":{"title":"Double-Sided Mounting Tape 3M VHB LSE-060WF base 0.6mm, white | TML","description":"The 3M VHB Tape LSE-060 Series for multi material bonding, offers versatile performance at various temperatures on MSE and LSE surfaces that allows for thermal expansion when bonding dissimilar materials | TML","robots":{"index":"index","follow":"follow","max-snippet":"max-snippet:-1","max-image-preview":"max-image-preview:large","max-video-preview":"max-video-preview:-1"},"canonical":"https:\/\/tml.lt\/en\/product\/double-sided-tape-3m-vhb-lse060\/","og_locale":"en_US","og_type":"article","og_title":"Double-Sided Mounting Tape 3M VHB LSE-060WF base 0.6mm, white | TML","og_description":"The 3M VHB Tape LSE-060 Series for multi material bonding, offers versatile performance at various temperatures on MSE and LSE surfaces that allows for thermal expansion when bonding dissimilar materials | TML","og_url":"https:\/\/tml.lt\/en\/product\/double-sided-tape-3m-vhb-lse060\/","og_site_name":"TML","article_modified_time":"2026-02-23T11:31:24+00:00","og_image":[{"width":532,"height":532,"url":"https:\/\/tml.lt\/en\/wp-content\/uploads\/2020\/01\/Dvipus\u0117-monta\u017ein\u0117-juosta-3M-VHB-LSE-060WF-Aktyvi-prie-0\u043e\u0421-pagrindas-0.6mm-balta-12mm33m.jpg","type":"image\/jpeg"}],"twitter_card":"summary_large_image","twitter_misc":{"Est. reading time":"1 minute"},"schema":{"@context":"https:\/\/schema.org","@graph":[{"@type":"WebPage","@id":"https:\/\/tml.lt\/en\/product\/double-sided-tape-3m-vhb-lse060\/","url":"https:\/\/tml.lt\/en\/product\/double-sided-tape-3m-vhb-lse060\/","name":"Double-Sided Mounting Tape 3M VHB LSE-060WF base 0.6mm, white | TML","isPartOf":{"@id":"https:\/\/tml.lt\/en\/#website"},"datePublished":"2026-02-23T11:12:23+00:00","dateModified":"2026-02-23T11:31:24+00:00","description":"The 3M VHB Tape LSE-060 Series for multi material bonding, offers versatile performance at various temperatures on MSE and LSE surfaces that allows for thermal expansion when bonding dissimilar materials | TML","breadcrumb":{"@id":"https:\/\/tml.lt\/en\/product\/double-sided-tape-3m-vhb-lse060\/#breadcrumb"},"inLanguage":"en-US","potentialAction":[{"@type":"ReadAction","target":["https:\/\/tml.lt\/en\/product\/double-sided-tape-3m-vhb-lse060\/"]}]},{"@type":"BreadcrumbList","@id":"https:\/\/tml.lt\/en\/product\/double-sided-tape-3m-vhb-lse060\/#breadcrumb","itemListElement":[{"@type":"ListItem","position":1,"name":"\u0413\u043b\u0430\u0432\u043d\u0430\u044f \u0441\u0442\u0440\u0430\u043d\u0438\u0446\u0430","item":"https:\/\/tml.lt\/en\/"},{"@type":"ListItem","position":2,"name":"TML-LT Ltd &mdash; manufacturing and solutions for marking, insulation, fastening","item":"https:\/\/tml.lt\/en\/"},{"@type":"ListItem","position":3,"name":"Double-Sided Mounting Tape 3M VHB LSE-060WF base 0.6mm, white"}]},{"@type":"WebSite","@id":"https:\/\/tml.lt\/en\/#website","url":"https:\/\/tml.lt\/en\/","name":"TML","description":"UAB TML-LT","publisher":{"@id":"https:\/\/tml.lt\/en\/#organization"},"potentialAction":[{"@type":"SearchAction","target":{"@type":"EntryPoint","urlTemplate":"https:\/\/tml.lt\/en\/?s={search_term_string}"},"query-input":"required name=search_term_string"}],"inLanguage":"en-US"},{"@type":"Organization","@id":"https:\/\/tml.lt\/en\/#organization","name":"TML","url":"https:\/\/tml.lt\/en\/","logo":{"@type":"ImageObject","inLanguage":"en-US","@id":"https:\/\/tml.lt\/en\/#\/schema\/logo\/image\/","url":"https:\/\/tml.lt\/en\/wp-content\/uploads\/2020\/09\/tml-logo-black-4.png","contentUrl":"https:\/\/tml.lt\/en\/wp-content\/uploads\/2020\/09\/tml-logo-black-4.png","width":470,"height":110,"caption":"TML"},"image":{"@id":"https:\/\/tml.lt\/en\/#\/schema\/logo\/image\/"}}]}},"amp_enabled":true,"_links":{"self":[{"href":"https:\/\/tml.lt\/en\/wp-json\/wp\/v2\/product\/20950"}],"collection":[{"href":"https:\/\/tml.lt\/en\/wp-json\/wp\/v2\/product"}],"about":[{"href":"https:\/\/tml.lt\/en\/wp-json\/wp\/v2\/types\/product"}],"wp:featuredmedia":[{"embeddable":true,"href":"https:\/\/tml.lt\/en\/wp-json\/wp\/v2\/media\/11689"}],"wp:attachment":[{"href":"https:\/\/tml.lt\/en\/wp-json\/wp\/v2\/media?parent=20950"}],"wp:term":[{"taxonomy":"product_cat","embeddable":true,"href":"https:\/\/tml.lt\/en\/wp-json\/wp\/v2\/product_cat?post=20950"},{"taxonomy":"product_tag","embeddable":true,"href":"https:\/\/tml.lt\/en\/wp-json\/wp\/v2\/product_tag?post=20950"}],"curies":[{"name":"wp","href":"https:\/\/api.w.org\/{rel}","templated":true}]}}