{"id":21197,"date":"2026-04-08T07:43:46","date_gmt":"2026-04-08T05:43:46","guid":{"rendered":"https:\/\/tml.lt\/en\/?post_type=product&#038;p=21197"},"modified":"2026-04-08T07:49:51","modified_gmt":"2026-04-08T05:49:51","slug":"adhesive-aerosol-3m-scotch-weld-90-high-strength-spray-adhesive-white-aerosol-spray-in-a-balloon-500ml","status":"publish","type":"product","link":"https:\/\/tml.lt\/en\/product\/adhesive-aerosol-3m-scotch-weld-90-high-strength-spray-adhesive-white-aerosol-spray-in-a-balloon-500ml\/","title":{"rendered":"Adhesive aerosol 3M Scotch-Weld 90 Hi-strength, white, spray in a balloon, 500ml"},"content":{"rendered":"<p><a href=\"https:\/\/tml.lt\/en\/encyclopedia\/adhesive\/\" target=\"_self\" title=\"An adhesive is a substance (coating) activated by pressure, heat or UV and is used to hold a film attached to a surface by adhering to the surfaces. Adhesive may also be referred to using the term &bdquo;glue&ldquo;. Adhesives can be classified into repositionable, standard and reinforced according to their tack.\" class=\"encyclopedia\">Adhesive<\/a> aerosol 3&#1052; Scotch-Weld 90 fast-setting <a href=\"https:\/\/tml.lt\/en\/encyclopedia\/adhesive\/\" target=\"_self\" title=\"An adhesive is a substance (coating) activated by pressure, heat or UV and is used to hold a film attached to a surface by adhering to the surfaces. Adhesive may also be referred to using the term &bdquo;glue&ldquo;. Adhesives can be classified into repositionable, standard and reinforced according to their tack.\" class=\"encyclopedia\">adhesive<\/a> designed for plastic. It bonds to wood, metal, and many other materials, including <a href=\"https:\/\/tml.lt\/en\/encyclopedia\/polyethylene\/\" target=\"_self\" title=\"Polyethylene, abbreviated PE. Extruded durable stretch film with limited resistance to high temperatures, but good barrier properties to moisture.\" class=\"encyclopedia\">polyethylene<\/a> and <a href=\"https:\/\/tml.lt\/en\/encyclopedia\/polypropylene\/\" target=\"_self\" title=\"Polypropylene, abbreviated PP. Polyolefin film, similar in properties to polyethylene, but with higher heat resistance and strength.\" class=\"encyclopedia\">polypropylene<\/a>.<br>\n&ndash; Ready for immediate use<br>\n&ndash; Easy and convenient to apply<br>\n&ndash; Smooth and even <a href=\"https:\/\/tml.lt\/en\/encyclopedia\/adhesive\/\" target=\"_self\" title=\"An adhesive is a substance (coating) activated by pressure, heat or UV and is used to hold a film attached to a surface by adhering to the surfaces. Adhesive may also be referred to using the term &bdquo;glue&ldquo;. Adhesives can be classified into repositionable, standard and reinforced according to their tack.\" class=\"encyclopedia\">adhesive<\/a> layer<\/p>\n<p>More about 3M spray <a href=\"https:\/\/tml.lt\/en\/encyclopedia\/adhesive\/\" target=\"_self\" title=\"An adhesive is a substance (coating) activated by pressure, heat or UV and is used to hold a film attached to a surface by adhering to the surfaces. Adhesive may also be referred to using the term &bdquo;glue&ldquo;. Adhesives can be classified into repositionable, standard and reinforced according to their tack.\" class=\"encyclopedia\">adhesive<\/a>s, their features and selection recommendations in the flyers bellow:<\/p>\n<ul>\n<li><a href=\"\/en\/wp-content\/uploads\/2018\/02\/Spray-Adhesives-Brochure-HiRes.pdf\">3M Spray Adhesives<\/a><\/li>\n<li><a href=\"\/en\/wp-content\/uploads\/2018\/02\/77_90_AerosolAdhesives_NewSizes_Flyer_LR.pdf\">3M Aerosol Adhesives<\/a><\/li>\n<li><a href=\"\/en\/wp-content\/uploads\/2018\/02\/3M-Spray-Adhesive-Selection-Guide.pdf\">3M Spray Adhesive Selection Guide<\/a><\/li>\n<\/ul>\n","protected":false},"excerpt":{"rendered":"<p>Adhesive aerosol 3M Scotch-Weld 90 high-strength spray adhesive, white, aerosol spray in a balloon, 500ml<\/p>\n","protected":false},"featured_media":6749,"template":"","meta":[],"product_cat":[212,1000,1010],"product_tag":[136],"yoast_head":"<!-- This site is optimized with the Yoast SEO plugin v21.8.1 - https:\/\/yoast.com\/wordpress\/plugins\/seo\/ -->\n<title>Adhesive aerosol 3M Scotch-Weld 90 Hi-strength, white, spray in a balloon, 500ml | TML<\/title>\n<meta name=\"description\" content=\"Adhesive aerosol 3M Scotch-Weld 90 Hi-strength, white, spray in a balloon, 500ml\" \/>\n<meta name=\"robots\" content=\"index, follow, max-snippet:-1, max-image-preview:large, max-video-preview:-1\" \/>\n<link rel=\"canonical\" href=\"https:\/\/tml.lt\/en\/product\/adhesive-aerosol-3m-scotch-weld-90-high-strength-spray-adhesive-white-aerosol-spray-in-a-balloon-500ml\/\" \/>\n<meta property=\"og:locale\" content=\"en_US\" \/>\n<meta property=\"og:type\" content=\"article\" \/>\n<meta property=\"og:title\" content=\"Adhesive aerosol 3M Scotch-Weld 90 Hi-strength, white, spray in a balloon, 500ml | TML\" \/>\n<meta property=\"og:description\" content=\"Adhesive aerosol 3M Scotch-Weld 90 Hi-strength, white, spray in a balloon, 500ml\" \/>\n<meta property=\"og:url\" content=\"https:\/\/tml.lt\/en\/product\/adhesive-aerosol-3m-scotch-weld-90-high-strength-spray-adhesive-white-aerosol-spray-in-a-balloon-500ml\/\" \/>\n<meta property=\"og:site_name\" content=\"TML\" \/>\n<meta property=\"article:modified_time\" content=\"2026-04-08T05:49:51+00:00\" \/>\n<meta property=\"og:image\" content=\"https:\/\/tml.lt\/en\/wp-content\/uploads\/2018\/02\/Aerozoliniai-klijai-3M-90-Ypa\u010d-stipr\u016bs-balti-pur\u0161kiami-balionu-500ml.jpg\" \/>\n\t<meta property=\"og:image:width\" content=\"600\" \/>\n\t<meta property=\"og:image:height\" content=\"700\" \/>\n\t<meta property=\"og:image:type\" content=\"image\/jpeg\" \/>\n<meta name=\"twitter:card\" content=\"summary_large_image\" \/>\n<script type=\"application\/ld+json\" class=\"yoast-schema-graph\">{\"@context\":\"https:\/\/schema.org\",\"@graph\":[{\"@type\":\"WebPage\",\"@id\":\"https:\/\/tml.lt\/en\/product\/adhesive-aerosol-3m-scotch-weld-90-high-strength-spray-adhesive-white-aerosol-spray-in-a-balloon-500ml\/\",\"url\":\"https:\/\/tml.lt\/en\/product\/adhesive-aerosol-3m-scotch-weld-90-high-strength-spray-adhesive-white-aerosol-spray-in-a-balloon-500ml\/\",\"name\":\"Adhesive aerosol 3M Scotch-Weld 90 Hi-strength, white, spray in a balloon, 500ml | TML\",\"isPartOf\":{\"@id\":\"https:\/\/tml.lt\/en\/#website\"},\"datePublished\":\"2026-04-08T05:43:46+00:00\",\"dateModified\":\"2026-04-08T05:49:51+00:00\",\"description\":\"Adhesive aerosol 3M Scotch-Weld 90 Hi-strength, white, spray in a balloon, 500ml\",\"breadcrumb\":{\"@id\":\"https:\/\/tml.lt\/en\/product\/adhesive-aerosol-3m-scotch-weld-90-high-strength-spray-adhesive-white-aerosol-spray-in-a-balloon-500ml\/#breadcrumb\"},\"inLanguage\":\"en-US\",\"potentialAction\":[{\"@type\":\"ReadAction\",\"target\":[\"https:\/\/tml.lt\/en\/product\/adhesive-aerosol-3m-scotch-weld-90-high-strength-spray-adhesive-white-aerosol-spray-in-a-balloon-500ml\/\"]}]},{\"@type\":\"BreadcrumbList\",\"@id\":\"https:\/\/tml.lt\/en\/product\/adhesive-aerosol-3m-scotch-weld-90-high-strength-spray-adhesive-white-aerosol-spray-in-a-balloon-500ml\/#breadcrumb\",\"itemListElement\":[{\"@type\":\"ListItem\",\"position\":1,\"name\":\"\u0413\u043b\u0430\u0432\u043d\u0430\u044f \u0441\u0442\u0440\u0430\u043d\u0438\u0446\u0430\",\"item\":\"https:\/\/tml.lt\/en\/\"},{\"@type\":\"ListItem\",\"position\":2,\"name\":\"TML-LT Ltd &mdash; manufacturing and solutions for marking, insulation, fastening\",\"item\":\"https:\/\/tml.lt\/en\/\"},{\"@type\":\"ListItem\",\"position\":3,\"name\":\"Adhesive aerosol 3M Scotch-Weld 90 Hi-strength, white, spray in a balloon, 500ml\"}]},{\"@type\":\"WebSite\",\"@id\":\"https:\/\/tml.lt\/en\/#website\",\"url\":\"https:\/\/tml.lt\/en\/\",\"name\":\"TML\",\"description\":\"UAB TML-LT\",\"publisher\":{\"@id\":\"https:\/\/tml.lt\/en\/#organization\"},\"potentialAction\":[{\"@type\":\"SearchAction\",\"target\":{\"@type\":\"EntryPoint\",\"urlTemplate\":\"https:\/\/tml.lt\/en\/?s={search_term_string}\"},\"query-input\":\"required name=search_term_string\"}],\"inLanguage\":\"en-US\"},{\"@type\":\"Organization\",\"@id\":\"https:\/\/tml.lt\/en\/#organization\",\"name\":\"TML\",\"url\":\"https:\/\/tml.lt\/en\/\",\"logo\":{\"@type\":\"ImageObject\",\"inLanguage\":\"en-US\",\"@id\":\"https:\/\/tml.lt\/en\/#\/schema\/logo\/image\/\",\"url\":\"https:\/\/tml.lt\/en\/wp-content\/uploads\/2020\/09\/tml-logo-black-4.png\",\"contentUrl\":\"https:\/\/tml.lt\/en\/wp-content\/uploads\/2020\/09\/tml-logo-black-4.png\",\"width\":470,\"height\":110,\"caption\":\"TML\"},\"image\":{\"@id\":\"https:\/\/tml.lt\/en\/#\/schema\/logo\/image\/\"}}]}<\/script>\n<!-- \/ Yoast SEO plugin. -->","yoast_head_json":{"title":"Adhesive aerosol 3M Scotch-Weld 90 Hi-strength, white, spray in a balloon, 500ml | TML","description":"Adhesive aerosol 3M Scotch-Weld 90 Hi-strength, white, spray in a balloon, 500ml","robots":{"index":"index","follow":"follow","max-snippet":"max-snippet:-1","max-image-preview":"max-image-preview:large","max-video-preview":"max-video-preview:-1"},"canonical":"https:\/\/tml.lt\/en\/product\/adhesive-aerosol-3m-scotch-weld-90-high-strength-spray-adhesive-white-aerosol-spray-in-a-balloon-500ml\/","og_locale":"en_US","og_type":"article","og_title":"Adhesive aerosol 3M Scotch-Weld 90 Hi-strength, white, spray in a balloon, 500ml | TML","og_description":"Adhesive aerosol 3M Scotch-Weld 90 Hi-strength, white, spray in a balloon, 500ml","og_url":"https:\/\/tml.lt\/en\/product\/adhesive-aerosol-3m-scotch-weld-90-high-strength-spray-adhesive-white-aerosol-spray-in-a-balloon-500ml\/","og_site_name":"TML","article_modified_time":"2026-04-08T05:49:51+00:00","og_image":[{"width":600,"height":700,"url":"https:\/\/tml.lt\/en\/wp-content\/uploads\/2018\/02\/Aerozoliniai-klijai-3M-90-Ypa\u010d-stipr\u016bs-balti-pur\u0161kiami-balionu-500ml.jpg","type":"image\/jpeg"}],"twitter_card":"summary_large_image","schema":{"@context":"https:\/\/schema.org","@graph":[{"@type":"WebPage","@id":"https:\/\/tml.lt\/en\/product\/adhesive-aerosol-3m-scotch-weld-90-high-strength-spray-adhesive-white-aerosol-spray-in-a-balloon-500ml\/","url":"https:\/\/tml.lt\/en\/product\/adhesive-aerosol-3m-scotch-weld-90-high-strength-spray-adhesive-white-aerosol-spray-in-a-balloon-500ml\/","name":"Adhesive aerosol 3M Scotch-Weld 90 Hi-strength, white, spray in a balloon, 500ml | TML","isPartOf":{"@id":"https:\/\/tml.lt\/en\/#website"},"datePublished":"2026-04-08T05:43:46+00:00","dateModified":"2026-04-08T05:49:51+00:00","description":"Adhesive aerosol 3M Scotch-Weld 90 Hi-strength, white, spray in a balloon, 500ml","breadcrumb":{"@id":"https:\/\/tml.lt\/en\/product\/adhesive-aerosol-3m-scotch-weld-90-high-strength-spray-adhesive-white-aerosol-spray-in-a-balloon-500ml\/#breadcrumb"},"inLanguage":"en-US","potentialAction":[{"@type":"ReadAction","target":["https:\/\/tml.lt\/en\/product\/adhesive-aerosol-3m-scotch-weld-90-high-strength-spray-adhesive-white-aerosol-spray-in-a-balloon-500ml\/"]}]},{"@type":"BreadcrumbList","@id":"https:\/\/tml.lt\/en\/product\/adhesive-aerosol-3m-scotch-weld-90-high-strength-spray-adhesive-white-aerosol-spray-in-a-balloon-500ml\/#breadcrumb","itemListElement":[{"@type":"ListItem","position":1,"name":"\u0413\u043b\u0430\u0432\u043d\u0430\u044f \u0441\u0442\u0440\u0430\u043d\u0438\u0446\u0430","item":"https:\/\/tml.lt\/en\/"},{"@type":"ListItem","position":2,"name":"TML-LT Ltd &mdash; manufacturing and solutions for marking, insulation, fastening","item":"https:\/\/tml.lt\/en\/"},{"@type":"ListItem","position":3,"name":"Adhesive aerosol 3M Scotch-Weld 90 Hi-strength, white, spray in a balloon, 500ml"}]},{"@type":"WebSite","@id":"https:\/\/tml.lt\/en\/#website","url":"https:\/\/tml.lt\/en\/","name":"TML","description":"UAB TML-LT","publisher":{"@id":"https:\/\/tml.lt\/en\/#organization"},"potentialAction":[{"@type":"SearchAction","target":{"@type":"EntryPoint","urlTemplate":"https:\/\/tml.lt\/en\/?s={search_term_string}"},"query-input":"required name=search_term_string"}],"inLanguage":"en-US"},{"@type":"Organization","@id":"https:\/\/tml.lt\/en\/#organization","name":"TML","url":"https:\/\/tml.lt\/en\/","logo":{"@type":"ImageObject","inLanguage":"en-US","@id":"https:\/\/tml.lt\/en\/#\/schema\/logo\/image\/","url":"https:\/\/tml.lt\/en\/wp-content\/uploads\/2020\/09\/tml-logo-black-4.png","contentUrl":"https:\/\/tml.lt\/en\/wp-content\/uploads\/2020\/09\/tml-logo-black-4.png","width":470,"height":110,"caption":"TML"},"image":{"@id":"https:\/\/tml.lt\/en\/#\/schema\/logo\/image\/"}}]}},"amp_enabled":true,"_links":{"self":[{"href":"https:\/\/tml.lt\/en\/wp-json\/wp\/v2\/product\/21197"}],"collection":[{"href":"https:\/\/tml.lt\/en\/wp-json\/wp\/v2\/product"}],"about":[{"href":"https:\/\/tml.lt\/en\/wp-json\/wp\/v2\/types\/product"}],"wp:featuredmedia":[{"embeddable":true,"href":"https:\/\/tml.lt\/en\/wp-json\/wp\/v2\/media\/6749"}],"wp:attachment":[{"href":"https:\/\/tml.lt\/en\/wp-json\/wp\/v2\/media?parent=21197"}],"wp:term":[{"taxonomy":"product_cat","embeddable":true,"href":"https:\/\/tml.lt\/en\/wp-json\/wp\/v2\/product_cat?post=21197"},{"taxonomy":"product_tag","embeddable":true,"href":"https:\/\/tml.lt\/en\/wp-json\/wp\/v2\/product_tag?post=21197"}],"curies":[{"name":"wp","href":"https:\/\/api.w.org\/{rel}","templated":true}]}}