{"id":9284,"date":"2018-11-14T14:02:34","date_gmt":"2018-11-14T12:02:34","guid":{"rendered":"\/?post_type=product&#038;p=9284"},"modified":"2024-06-27T09:09:01","modified_gmt":"2024-06-27T07:09:01","slug":"high-temperature-anti-static-polyimide-5187-labels","status":"publish","type":"product","link":"https:\/\/tml.lt\/en\/product\/high-temperature-anti-static-polyimide-5187-labels\/","title":{"rendered":"High temperature anti-static polyimide 5187 labels"},"content":{"rendered":"<div class=\"su-tabs su-tabs-style-default su-tabs-mobile-stack\" data-active=\"1\" data-scroll-offset=\"0\" data-anchor-in-url=\"no\"><div class=\"su-tabs-nav\"><span class=\"\" data-anchor=\"feat\" data-url=\"\" data-target=\"blank\" tabindex=\"0\" role=\"button\">Features<\/span><span class=\"\" data-url=\"\" data-target=\"blank\" tabindex=\"0\" role=\"button\">Possibilities<\/span><span class=\"\" data-anchor=\"request\" data-url=\"\" data-target=\"blank\" tabindex=\"0\" role=\"button\">Request<\/span><\/div><div class=\"su-tabs-panes\"><div class=\"su-tabs-pane su-u-clearfix su-u-trim\" data-title=\"Features\">\n<table class=\"table\">\n<tbody>\n<tr>\n<\/tr>\n<tr>\n<td>\nMain application\n<\/td>\n<td>\nIdentification <a href=\"https:\/\/tml.lt\/en\/encyclopedia\/label\/\" target=\"_self\" title=\"Label is a functional part of a self-adhesive material, consisting of a face material and an adhesive. Most often it has a rectangular shape, but any shape can be cut.\" class=\"encyclopedia\">label<\/a>\n<\/td>\n<\/tr>\n<tr>\n<td colspan=\"2\">\nTechnological <a href=\"https:\/\/tml.lt\/en\/encyclopedia\/label\/\" target=\"_self\" title=\"Label is a functional part of a self-adhesive material, consisting of a face material and an adhesive. Most often it has a rectangular shape, but any shape can be cut.\" class=\"encyclopedia\">label<\/a>ing of electronic modules and components sensitive to static discharge. Resistant to high temperatures and aggressive solvents that may occur during the production of printed circuit boards. Primary consumers: manufacturers of electronic modules and components.\n<\/td>\n<\/tr>\n<tr>\n<td>\nMaterial type\n<\/td>\n<td>\n<a href=\"https:\/\/tml.lt\/en\/encyclopedia\/polyimide\/\" target=\"_self\" title=\"Polyimide is a durable film that can withstand deformation and destruction at temperatures above 260 degrees Celsius for many hours. It is a stable base for polyimide labels.\" class=\"encyclopedia\">Polyimide<\/a>, 25 <a href=\"https:\/\/tml.lt\/en\/encyclopedia\/micron\/\" target=\"_self\" title=\"A micron is a unit of measurement used to determine the thickness of a label, adhesive or liner. 1 micron is equal to a one millionth of a meter (or one thousandth of a millimeter).\" class=\"encyclopedia\">micron<\/a>s\n<\/td>\n<\/tr>\n<tr>\n<td colspan=\"2\">\nOptimal material for technological marking of printed circuit boards and electronic components during assembly. It is characterized by an antistatic feature (material has a special treatment that prevents the accumulation of a static charge, in accordance with EIA 625 and 541 standards), high thermal and chemical resistance. Complies with industry standards (<a href=\"https:\/\/tml.lt\/en\/encyclopedia\/pb-free\/\" target=\"_self\" title=\"Pb free means &ldquo;Does not contain lead&rdquo; (Pb &ndash; Latin Plumbum). Electrical and electronic parts and components that contain less than 0.1% lead by weight (either in any raw material or in the final product) and which also comply with the ROHS Directive 2002\/95\/EC regarding limiting lead content.\" class=\"encyclopedia\">Pb Free<\/a>, <a href=\"https:\/\/tml.lt\/en\/encyclopedia\/rohs\/\" target=\"_self\" title=\"RoHS (Restriction of Hazardous Substances) Directive 2002\/95\/EC on the restriction of certain hazardous substances in electrical and electronic equipment. The RoHS Directive initially limited the use of six hazardous substances, including lead, mercury and cadmium. The RoHS Directive came into force on July 1, 2006. Directive 2011\/65\/EC (&ldquo;RoHS 2&rdquo; or &ldquo;RoHS Recast&rdquo;), which replaced the&hellip;\" class=\"encyclopedia\">RoHS<\/a>, <a href=\"https:\/\/tml.lt\/en\/encyclopedia\/halogen-free\/\" target=\"_self\" title=\"Halogen Free &ndash; halogens are group of elements that include chlorine, fluorine, bromine, iodine and astatine, which are often used in the production of electronics and plastics. According to International Electrochemical Commission IEC 61249-2-21, for a material to be considered halogen-free, it must contain no more than 900 ppm chlorine or bromine and also have&hellip;\" class=\"encyclopedia\">Halogen Free<\/a>, <a href=\"https:\/\/tml.lt\/en\/encyclopedia\/ul969\/\" target=\"_self\" title=\"UL 969 is a requirement that covers self-adhesive labels for use as permanent nameplates or markers. These labels are intended tobe used by manufacturers and applied to their products at the place of production. These requirements also apply to non-printed materials used by label converters to produce finished labels and certain combinations of label material,&hellip;\" class=\"encyclopedia\">UL969<\/a>).\n<\/td>\n<\/tr>\n<tr>\n<td>\nOperating temperature\n<\/td>\n<td>\nFrom -40&deg;&#1057; to +125&deg;&#1057; (up to 5 min +260&deg;&#1057;, up to 90 s + 300&deg;&#1057;)\n<\/td>\n<\/tr>\n<tr>\n<td colspan=\"2\">\nContinuous impact of this temperature does not change the properties and appearance of the <a href=\"https:\/\/tml.lt\/en\/encyclopedia\/label\/\" target=\"_self\" title=\"Label is a functional part of a self-adhesive material, consisting of a face material and an adhesive. Most often it has a rectangular shape, but any shape can be cut.\" class=\"encyclopedia\">label<\/a>.\n<\/td>\n<\/tr>\n<tr>\n<td>\n<a href=\"https:\/\/tml.lt\/en\/encyclopedia\/adhesive\/\" target=\"_self\" title=\"An adhesive is a substance (coating) activated by pressure, heat or UV and is used to hold a film attached to a surface by adhering to the surfaces. Adhesive may also be referred to using the term &bdquo;glue&ldquo;. Adhesives can be classified into repositionable, standard and reinforced according to their tack.\" class=\"encyclopedia\">Adhesive<\/a> (<a href=\"https:\/\/tml.lt\/en\/encyclopedia\/adhesive\/\" target=\"_self\" title=\"An adhesive is a substance (coating) activated by pressure, heat or UV and is used to hold a film attached to a surface by adhering to the surfaces. Adhesive may also be referred to using the term &bdquo;glue&ldquo;. Adhesives can be classified into repositionable, standard and reinforced according to their tack.\" class=\"encyclopedia\">adhesive<\/a> layer)\n<\/td>\n<td>\nStandard\n<\/td>\n<\/tr>\n<tr>\n<td colspan=\"2\">\n<a href=\"https:\/\/tml.lt\/en\/encyclopedia\/acrylic-adhesive\/\" target=\"_self\" title=\"Acrylic adhesive is a pressure-sensitive adhesive (PSA) layer based on acrylic polymers. It can be based on solvents or water emulsions.\" class=\"encyclopedia\">Acrylic adhesive<\/a>, <a href=\"https:\/\/tml.lt\/en\/encyclopedia\/polymer\/\" target=\"_self\" title=\"Polymer is a complex and relatively large molecule obtained as a result of the reaction of a simpler component with itself.\" class=\"encyclopedia\">polymer<\/a>ising under pressure.\n<\/td>\n<\/tr>\n<tr>\n<td>\nColor and appearance\n<\/td>\n<td>\nWhite\n<\/td>\n<\/tr>\n<tr>\n<td colspan=\"2\">\nProvides high contrast of barcodes and compact two-dimensional codes (QR codes, Data Matrix codes) and graphics.\n<\/td>\n<\/tr>\n<tr>\n<td>\nSurface coating\n<\/td>\n<td>\n<\/td>\n<\/tr>\n<tr>\n<td colspan=\"2\">\nSmooth coating suitable for thermal transfer printing using resin-ribbons (see list of recommended ribbons). The printed image is resistant to high temperature and washing during the production process of the printed circuit boards.\n<\/td>\n<\/tr>\n<tr>\n<td>\n<a href=\"https:\/\/tml.lt\/en\/encyclopedia\/label\/\" target=\"_self\" title=\"Label is a functional part of a self-adhesive material, consisting of a face material and an adhesive. Most often it has a rectangular shape, but any shape can be cut.\" class=\"encyclopedia\">Label<\/a>ing recommendations\n<\/td>\n<td>\n<\/td>\n<\/tr>\n<tr>\n<td colspan=\"2\">\nFor best result, it is recommended to apply the <a href=\"https:\/\/tml.lt\/en\/encyclopedia\/label\/\" target=\"_self\" title=\"Label is a functional part of a self-adhesive material, consisting of a face material and an adhesive. Most often it has a rectangular shape, but any shape can be cut.\" class=\"encyclopedia\">label<\/a> on a clean, degreased, dry surface, press or roll it with a rubber roller, and incubate for 24 hours at room temperature.\n<\/td>\n<\/tr>\n<\/tbody>\n<\/table>\n<p><\/p><\/div>\n<div class=\"su-tabs-pane su-u-clearfix su-u-trim\" data-title=\"Possibilities\">\n<h3>Possibilities<\/h3>\n<p>&bull; <a href=\"https:\/\/tml.lt\/en\/encyclopedia\/label\/\" target=\"_self\" title=\"Label is a functional part of a self-adhesive material, consisting of a face material and an adhesive. Most often it has a rectangular shape, but any shape can be cut.\" class=\"encyclopedia\">Label<\/a>s of any dimensions and shapes<br>\n&bull; Ordering &ndash; from one <a href=\"https:\/\/tml.lt\/en\/encyclopedia\/label\/\" target=\"_self\" title=\"Label is a functional part of a self-adhesive material, consisting of a face material and an adhesive. Most often it has a rectangular shape, but any shape can be cut.\" class=\"encyclopedia\">label<\/a><br>\n&bull; The sealing stickers can be equipped with additional security elements &ndash; with numeric data, microfiber, <a href=\"https:\/\/tml.lt\/en\/encyclopedia\/adhesive\/\" target=\"_self\" title=\"An adhesive is a substance (coating) activated by pressure, heat or UV and is used to hold a film attached to a surface by adhering to the surfaces. Adhesive may also be referred to using the term &bdquo;glue&ldquo;. Adhesives can be classified into repositionable, standard and reinforced according to their tack.\" class=\"encyclopedia\">adhesive<\/a> UV pigmentation, individually hidden image, guilloche pattern background, foil fragments, holograms, &ldquo;chamelion&rdquo; <a href=\"https:\/\/tml.lt\/en\/encyclopedia\/laminate\/\" target=\"_self\" title=\"Laminate (Overlaminate) is a transparent material that is applied to the surface of the label for additional protection from harsh environmental conditions. The laminate helps preserve the label and provides additional durability.\" class=\"encyclopedia\">laminate<\/a>, etc.<br>\n&bull; Processing of materials according to non-standard tasks.<br>\n&bull; Free samples for testing.<\/p>\n<p><a href=\"https:\/\/tml.lt\/en\/encyclopedia\/label\/\" target=\"_self\" title=\"Label is a functional part of a self-adhesive material, consisting of a face material and an adhesive. Most often it has a rectangular shape, but any shape can be cut.\" class=\"encyclopedia\">Label<\/a>s can be of various dimensions and contents &ndash; it is our job to make a <a href=\"https:\/\/tml.lt\/en\/encyclopedia\/label\/\" target=\"_self\" title=\"Label is a functional part of a self-adhesive material, consisting of a face material and an adhesive. Most often it has a rectangular shape, but any shape can be cut.\" class=\"encyclopedia\">label<\/a> in accordance with the specification you have provided.<\/p>\n<table class=\"table\">\n<tbody>\n<tr>\n<td style=\"text-align: center;\"><\/td>\n<td width=\"150\"><img decoding=\"async\" loading=\"lazy\" class=\"aligncenter wp-image-9494 size-full\" src=\"https:\/\/tml.lt\/wp-content\/uploads\/2018\/12\/Lipnios-etiket%C4%97s-rulone.jpg\" alt=\"Lipnios etiket&#279;s rulone\" width=\"336\" height=\"252\"><\/td>\n<td width=\"150\"><img decoding=\"async\" loading=\"lazy\" class=\"aligncenter wp-image-9503 size-full\" src=\"https:\/\/tml.lt\/wp-content\/uploads\/2018\/12\/Etiketes_EN_1.jpg\" alt=\"Labels with preprint\" width=\"336\" height=\"252\"><\/td>\n<td width=\"150\"><img decoding=\"async\" loading=\"lazy\" class=\"aligncenter wp-image-9506 size-full\" src=\"https:\/\/tml.lt\/wp-content\/uploads\/2018\/12\/Etiketes_EN_2.jpg\" alt=\"Prepaired labels\" width=\"336\" height=\"252\"><\/td>\n<\/tr>\n<tr>\n<th>View<\/th>\n<th>Blank <a href=\"https:\/\/tml.lt\/en\/encyclopedia\/label\/\" target=\"_self\" title=\"Label is a functional part of a self-adhesive material, consisting of a face material and an adhesive. Most often it has a rectangular shape, but any shape can be cut.\" class=\"encyclopedia\">label<\/a>s<\/th>\n<th><a href=\"https:\/\/tml.lt\/en\/encyclopedia\/label\/\" target=\"_self\" title=\"Label is a functional part of a self-adhesive material, consisting of a face material and an adhesive. Most often it has a rectangular shape, but any shape can be cut.\" class=\"encyclopedia\">Label<\/a>s with preprint<\/th>\n<th>Prepaired <a href=\"https:\/\/tml.lt\/en\/encyclopedia\/label\/\" target=\"_self\" title=\"Label is a functional part of a self-adhesive material, consisting of a face material and an adhesive. Most often it has a rectangular shape, but any shape can be cut.\" class=\"encyclopedia\">label<\/a>s<\/th>\n<\/tr>\n<tr>\n<td>Using graphic image*<\/td>\n<td><\/td>\n<td>&nbsp;+<\/td>\n<td>&nbsp;+<\/td>\n<\/tr>\n<tr>\n<td>Suitable for self printing**<\/td>\n<td>&nbsp;+<\/td>\n<td>&nbsp;+<\/td>\n<td><\/td>\n<\/tr>\n<tr>\n<td>Additional surface finish ***<\/td>\n<td><\/td>\n<td><\/td>\n<td>&nbsp;+<\/td>\n<\/tr>\n<\/tbody>\n<\/table>\n<hr>\n<p>* Text, logo, graphics, barcode, serial number<br>\n** <a href=\"https:\/\/tml.lt\/en\/encyclopedia\/label\/\" target=\"_self\" title=\"Label is a functional part of a self-adhesive material, consisting of a face material and an adhesive. Most often it has a rectangular shape, but any shape can be cut.\" class=\"encyclopedia\">Label<\/a>s in rolls for thermal transfer printers and stickers on A4 sheets for use with office laser printers<br>\n*** <a href=\"https:\/\/tml.lt\/en\/encyclopedia\/lamination\/\" target=\"_self\" title=\"Lamination (Overlaminating) is the application of a transparent film (laminate) upon an image to protect or improve quality.\" class=\"encyclopedia\">Lamination<\/a>, decorative <a href=\"https:\/\/tml.lt\/en\/encyclopedia\/laminate\/\" target=\"_self\" title=\"Laminate (Overlaminate) is a transparent material that is applied to the surface of the label for additional protection from harsh environmental conditions. The laminate helps preserve the label and provides additional durability.\" class=\"encyclopedia\">laminate<\/a>, foil, wax filler<\/p>\n<p><\/p><\/div>\n<div class=\"su-tabs-pane su-u-clearfix su-u-trim\" data-title=\"Request\"><br>\n\n<div class=\"wpcf7 no-js\" id=\"wpcf7-f2015-o1\" lang=\"ru-RU\" dir=\"ltr\">\n<div class=\"screen-reader-response\"><p role=\"status\" aria-live=\"polite\" aria-atomic=\"true\"><\/p> <ul><\/ul><\/div>\n<form action=\"\/en\/wp-json\/wp\/v2\/product\/9284#wpcf7-f2015-o1\" method=\"post\" class=\"wpcf7-form init\" aria-label=\"&#1050;&#1086;&#1085;&#1090;&#1072;&#1082;&#1090;&#1085;&#1072;&#1103; &#1092;&#1086;&#1088;&#1084;&#1072;\" enctype=\"multipart\/form-data\" novalidate=\"novalidate\" data-status=\"init\">\n<div style=\"display: none;\">\n<input type=\"hidden\" name=\"_wpcf7\" value=\"2015\">\n<input type=\"hidden\" name=\"_wpcf7_version\" value=\"5.8.7\">\n<input type=\"hidden\" name=\"_wpcf7_locale\" value=\"ru_RU\">\n<input type=\"hidden\" name=\"_wpcf7_unit_tag\" value=\"wpcf7-f2015-o1\">\n<input type=\"hidden\" name=\"_wpcf7_container_post\" value=\"0\">\n<input type=\"hidden\" name=\"_wpcf7_posted_data_hash\" value=\"\">\n<input type=\"hidden\" name=\"_wpcf7_recaptcha_response\" value=\"\">\n<\/div>\n<h4>Contact form\n<\/h4>\n<div class=\"clean\" style=\"width:100%;\">\n\t<p><label class=\"callback\"><span class=\"fieldname\"><span style=\"color:red;\">*<\/span> Message<\/span><span class=\"wpcf7-form-control-wrap\" data-name=\"ymessage\"><textarea cols=\"90\" rows=\"2\" class=\"wpcf7-form-control wpcf7-textarea wpcf7-validates-as-required\" aria-required=\"true\" aria-invalid=\"false\" placeholder=\"your message\" name=\"ymessage\"><\/textarea><\/span><\/label><br>\n<label class=\"callback\"><span class=\"fieldname\"><span style=\"color:red;\">*<\/span> Name<\/span><span class=\"wpcf7-form-control-wrap\" data-name=\"yname\"><input size=\"25\" class=\"wpcf7-form-control wpcf7-text wpcf7-validates-as-required\" aria-required=\"true\" aria-invalid=\"false\" placeholder=\"your name\" value=\"\" type=\"text\" name=\"yname\"><\/span><\/label><br>\n<label class=\"callback\"><span class=\"fieldname\"><span style=\"color:red;\">*<\/span> E-mail<\/span><span class=\"wpcf7-form-control-wrap\" data-name=\"yemail\"><input size=\"40\" class=\"wpcf7-form-control wpcf7-email wpcf7-validates-as-required wpcf7-text wpcf7-validates-as-email\" aria-required=\"true\" aria-invalid=\"false\" placeholder=\"your e-mail\" value=\"\" type=\"email\" name=\"yemail\"><\/span><\/label><br>\n<label class=\"callback\"><span class=\"fieldname\"><span style=\"color:red;\">*<\/span> Phone<\/span><span class=\"wpcf7-form-control-wrap\" data-name=\"yphone\"><input size=\"25\" class=\"wpcf7-form-control wpcf7-text wpcf7-validates-as-required\" aria-required=\"true\" aria-invalid=\"false\" placeholder=\"your phone number with extension\" value=\"\" type=\"text\" name=\"yphone\"><\/span><\/label>\n\t<\/p>\n\t<div class=\"clean hide\">\n\t\t<p><label class=\"callback\"><\/label>\n\t\t<\/p>\n\t\t<div class=\"tooltip\">\n\t\t\t<p>?<span class=\"tooltiptext\">Max file size 10 Mb<br>\nAcceptable file types: .doc .docx .cdr .ai .eps .pdf .tiff .psd .jpg .jpeg .gif .bmp .png<\/span>\n\t\t\t<\/p>\n\t\t<\/div>\n\t\t<div style=\"display:flex;\">\n\t\t\t<p>Have an attachment?\n\t\t\t<\/p>\n\t\t<\/div>\n\t\t<p><span class=\"wpcf7-form-control-wrap\" data-name=\"yattachment\"><input size=\"40\" class=\"wpcf7-form-control wpcf7-file\" accept=\".doc,.docx,.cdr,.ai,.eps,.pdf,.tiff,.psd,.jpg,.jpeg,.gif,.bmp,.png\" aria-invalid=\"false\" type=\"file\" name=\"yattachment\"><\/span>\n\t\t<\/p>\n\t<\/div>\n\n\t<div class=\"clean\" style=\"padding:10px 0 0 30px;\">\n\t\t<p><input class=\"wpcf7-form-control wpcf7-submit has-spinner contact\" type=\"submit\" value=\"Send message\">\n\t\t<\/p>\n\t<\/div>\n<\/div><div class=\"wpcf7-response-output\" aria-hidden=\"true\"><\/div>\n<\/form>\n<\/div>\n<br>\n<\/div><\/div><\/div>\n","protected":false},"excerpt":{"rendered":"<p>Antistatic white semi-gloss labels made of polyimide 5187<br \/>\nHigh-temperature antistatic labels made of white glossy polyimide 5187 with a standard adhesive. The material is antistatic, suiting for labeling electronic components.<\/p>\n<p>Heat-resistant labels:<br \/>\n\u2022 Colour: white<br \/>\n\u2022 Surface: glossy<br \/>\n\u2022 Material: polyimide<br \/>\n\u2022 Adhesive: standard<\/p>\n","protected":false},"featured_media":9287,"template":"","meta":[],"product_cat":[280,277],"product_tag":[1955,1959],"yoast_head":"<!-- This site is optimized with the Yoast SEO plugin v21.8.1 - https:\/\/yoast.com\/wordpress\/plugins\/seo\/ -->\n<title>High temperature anti-static polyimide 5187 labels | TML<\/title>\n<meta name=\"description\" content=\"High temperature anti-static polyimide 5187 labels\" \/>\n<meta name=\"robots\" content=\"index, follow, max-snippet:-1, max-image-preview:large, max-video-preview:-1\" \/>\n<link rel=\"canonical\" href=\"https:\/\/tml.lt\/en\/product\/high-temperature-anti-static-polyimide-5187-labels\/\" \/>\n<meta property=\"og:locale\" content=\"en_US\" \/>\n<meta property=\"og:type\" content=\"article\" \/>\n<meta property=\"og:title\" content=\"High temperature anti-static polyimide 5187 labels | TML\" \/>\n<meta property=\"og:description\" content=\"High temperature anti-static polyimide 5187 labels\" \/>\n<meta property=\"og:url\" content=\"https:\/\/tml.lt\/en\/product\/high-temperature-anti-static-polyimide-5187-labels\/\" \/>\n<meta property=\"og:site_name\" content=\"TML\" \/>\n<meta property=\"article:modified_time\" content=\"2024-06-27T07:09:01+00:00\" \/>\n<meta property=\"og:image\" content=\"https:\/\/tml.lt\/en\/wp-content\/uploads\/2018\/11\/Kar\u0161\u010diui-atsparios-antistatin\u0117s-etiket\u0117s-lipdukai-i\u0161-blizgaus-poliimido-5187.png\" \/>\n\t<meta property=\"og:image:width\" content=\"512\" \/>\n\t<meta property=\"og:image:height\" content=\"506\" \/>\n\t<meta property=\"og:image:type\" content=\"image\/png\" \/>\n<meta name=\"twitter:card\" content=\"summary_large_image\" \/>\n<meta name=\"twitter:label1\" content=\"Est. reading time\" \/>\n\t<meta name=\"twitter:data1\" content=\"2 minutes\" \/>\n<script type=\"application\/ld+json\" class=\"yoast-schema-graph\">{\"@context\":\"https:\/\/schema.org\",\"@graph\":[{\"@type\":\"WebPage\",\"@id\":\"https:\/\/tml.lt\/en\/product\/high-temperature-anti-static-polyimide-5187-labels\/\",\"url\":\"https:\/\/tml.lt\/en\/product\/high-temperature-anti-static-polyimide-5187-labels\/\",\"name\":\"High temperature anti-static polyimide 5187 labels | TML\",\"isPartOf\":{\"@id\":\"https:\/\/tml.lt\/en\/#website\"},\"datePublished\":\"2018-11-14T12:02:34+00:00\",\"dateModified\":\"2024-06-27T07:09:01+00:00\",\"description\":\"High temperature anti-static polyimide 5187 labels\",\"breadcrumb\":{\"@id\":\"https:\/\/tml.lt\/en\/product\/high-temperature-anti-static-polyimide-5187-labels\/#breadcrumb\"},\"inLanguage\":\"en-US\",\"potentialAction\":[{\"@type\":\"ReadAction\",\"target\":[\"https:\/\/tml.lt\/en\/product\/high-temperature-anti-static-polyimide-5187-labels\/\"]}]},{\"@type\":\"BreadcrumbList\",\"@id\":\"https:\/\/tml.lt\/en\/product\/high-temperature-anti-static-polyimide-5187-labels\/#breadcrumb\",\"itemListElement\":[{\"@type\":\"ListItem\",\"position\":1,\"name\":\"\u0413\u043b\u0430\u0432\u043d\u0430\u044f \u0441\u0442\u0440\u0430\u043d\u0438\u0446\u0430\",\"item\":\"https:\/\/tml.lt\/en\/\"},{\"@type\":\"ListItem\",\"position\":2,\"name\":\"TML-LT Ltd &mdash; manufacturing and solutions for marking, insulation, fastening\",\"item\":\"https:\/\/tml.lt\/en\/\"},{\"@type\":\"ListItem\",\"position\":3,\"name\":\"High temperature anti-static polyimide 5187 labels\"}]},{\"@type\":\"WebSite\",\"@id\":\"https:\/\/tml.lt\/en\/#website\",\"url\":\"https:\/\/tml.lt\/en\/\",\"name\":\"TML\",\"description\":\"UAB TML-LT\",\"publisher\":{\"@id\":\"https:\/\/tml.lt\/en\/#organization\"},\"potentialAction\":[{\"@type\":\"SearchAction\",\"target\":{\"@type\":\"EntryPoint\",\"urlTemplate\":\"https:\/\/tml.lt\/en\/?s={search_term_string}\"},\"query-input\":\"required name=search_term_string\"}],\"inLanguage\":\"en-US\"},{\"@type\":\"Organization\",\"@id\":\"https:\/\/tml.lt\/en\/#organization\",\"name\":\"TML\",\"url\":\"https:\/\/tml.lt\/en\/\",\"logo\":{\"@type\":\"ImageObject\",\"inLanguage\":\"en-US\",\"@id\":\"https:\/\/tml.lt\/en\/#\/schema\/logo\/image\/\",\"url\":\"https:\/\/tml.lt\/en\/wp-content\/uploads\/2020\/09\/tml-logo-black-4.png\",\"contentUrl\":\"https:\/\/tml.lt\/en\/wp-content\/uploads\/2020\/09\/tml-logo-black-4.png\",\"width\":470,\"height\":110,\"caption\":\"TML\"},\"image\":{\"@id\":\"https:\/\/tml.lt\/en\/#\/schema\/logo\/image\/\"}}]}<\/script>\n<!-- \/ Yoast SEO plugin. -->","yoast_head_json":{"title":"High temperature anti-static polyimide 5187 labels | TML","description":"High temperature anti-static polyimide 5187 labels","robots":{"index":"index","follow":"follow","max-snippet":"max-snippet:-1","max-image-preview":"max-image-preview:large","max-video-preview":"max-video-preview:-1"},"canonical":"https:\/\/tml.lt\/en\/product\/high-temperature-anti-static-polyimide-5187-labels\/","og_locale":"en_US","og_type":"article","og_title":"High temperature anti-static polyimide 5187 labels | TML","og_description":"High temperature anti-static polyimide 5187 labels","og_url":"https:\/\/tml.lt\/en\/product\/high-temperature-anti-static-polyimide-5187-labels\/","og_site_name":"TML","article_modified_time":"2024-06-27T07:09:01+00:00","og_image":[{"width":512,"height":506,"url":"https:\/\/tml.lt\/en\/wp-content\/uploads\/2018\/11\/Kar\u0161\u010diui-atsparios-antistatin\u0117s-etiket\u0117s-lipdukai-i\u0161-blizgaus-poliimido-5187.png","type":"image\/png"}],"twitter_card":"summary_large_image","twitter_misc":{"Est. reading time":"2 minutes"},"schema":{"@context":"https:\/\/schema.org","@graph":[{"@type":"WebPage","@id":"https:\/\/tml.lt\/en\/product\/high-temperature-anti-static-polyimide-5187-labels\/","url":"https:\/\/tml.lt\/en\/product\/high-temperature-anti-static-polyimide-5187-labels\/","name":"High temperature anti-static polyimide 5187 labels | TML","isPartOf":{"@id":"https:\/\/tml.lt\/en\/#website"},"datePublished":"2018-11-14T12:02:34+00:00","dateModified":"2024-06-27T07:09:01+00:00","description":"High temperature anti-static polyimide 5187 labels","breadcrumb":{"@id":"https:\/\/tml.lt\/en\/product\/high-temperature-anti-static-polyimide-5187-labels\/#breadcrumb"},"inLanguage":"en-US","potentialAction":[{"@type":"ReadAction","target":["https:\/\/tml.lt\/en\/product\/high-temperature-anti-static-polyimide-5187-labels\/"]}]},{"@type":"BreadcrumbList","@id":"https:\/\/tml.lt\/en\/product\/high-temperature-anti-static-polyimide-5187-labels\/#breadcrumb","itemListElement":[{"@type":"ListItem","position":1,"name":"\u0413\u043b\u0430\u0432\u043d\u0430\u044f \u0441\u0442\u0440\u0430\u043d\u0438\u0446\u0430","item":"https:\/\/tml.lt\/en\/"},{"@type":"ListItem","position":2,"name":"TML-LT Ltd &mdash; manufacturing and solutions for marking, insulation, fastening","item":"https:\/\/tml.lt\/en\/"},{"@type":"ListItem","position":3,"name":"High temperature anti-static polyimide 5187 labels"}]},{"@type":"WebSite","@id":"https:\/\/tml.lt\/en\/#website","url":"https:\/\/tml.lt\/en\/","name":"TML","description":"UAB TML-LT","publisher":{"@id":"https:\/\/tml.lt\/en\/#organization"},"potentialAction":[{"@type":"SearchAction","target":{"@type":"EntryPoint","urlTemplate":"https:\/\/tml.lt\/en\/?s={search_term_string}"},"query-input":"required name=search_term_string"}],"inLanguage":"en-US"},{"@type":"Organization","@id":"https:\/\/tml.lt\/en\/#organization","name":"TML","url":"https:\/\/tml.lt\/en\/","logo":{"@type":"ImageObject","inLanguage":"en-US","@id":"https:\/\/tml.lt\/en\/#\/schema\/logo\/image\/","url":"https:\/\/tml.lt\/en\/wp-content\/uploads\/2020\/09\/tml-logo-black-4.png","contentUrl":"https:\/\/tml.lt\/en\/wp-content\/uploads\/2020\/09\/tml-logo-black-4.png","width":470,"height":110,"caption":"TML"},"image":{"@id":"https:\/\/tml.lt\/en\/#\/schema\/logo\/image\/"}}]}},"amp_enabled":true,"_links":{"self":[{"href":"https:\/\/tml.lt\/en\/wp-json\/wp\/v2\/product\/9284"}],"collection":[{"href":"https:\/\/tml.lt\/en\/wp-json\/wp\/v2\/product"}],"about":[{"href":"https:\/\/tml.lt\/en\/wp-json\/wp\/v2\/types\/product"}],"wp:featuredmedia":[{"embeddable":true,"href":"https:\/\/tml.lt\/en\/wp-json\/wp\/v2\/media\/9287"}],"wp:attachment":[{"href":"https:\/\/tml.lt\/en\/wp-json\/wp\/v2\/media?parent=9284"}],"wp:term":[{"taxonomy":"product_cat","embeddable":true,"href":"https:\/\/tml.lt\/en\/wp-json\/wp\/v2\/product_cat?post=9284"},{"taxonomy":"product_tag","embeddable":true,"href":"https:\/\/tml.lt\/en\/wp-json\/wp\/v2\/product_tag?post=9284"}],"curies":[{"name":"wp","href":"https:\/\/api.w.org\/{rel}","templated":true}]}}