{"id":9305,"date":"2018-11-15T12:43:16","date_gmt":"2018-11-15T10:43:17","guid":{"rendered":"\/?post_type=product&#038;p=9305"},"modified":"2019-06-27T14:44:30","modified_gmt":"2019-06-27T12:44:30","slug":"synthetic-paper-labels-1161","status":"publish","type":"product","link":"https:\/\/tml.lt\/en\/product\/synthetic-paper-labels-1161\/","title":{"rendered":"Synthetic paper labels 1161"},"content":{"rendered":"<h2>WHITE MATT SYNTHETIC PAPER 1161 LABELS<\/h2>\n<div class=\"su-tabs su-tabs-style-default su-tabs-mobile-stack\" data-active=\"1\" data-scroll-offset=\"0\" data-anchor-in-url=\"no\"><div class=\"su-tabs-nav\"><span class=\"\" data-anchor=\"feat\" data-url=\"\" data-target=\"blank\" tabindex=\"0\" role=\"button\">Features<\/span><span class=\"\" data-url=\"\" data-target=\"blank\" tabindex=\"0\" role=\"button\">Possibilities<\/span><span class=\"\" data-anchor=\"request\" data-url=\"\" data-target=\"blank\" tabindex=\"0\" role=\"button\">Request<\/span><\/div><div class=\"su-tabs-panes\"><div class=\"su-tabs-pane su-u-clearfix su-u-trim\" data-title=\"Features\">\n<table class=\"table\">\n<tbody>\n<tr>\n<\/tr>\n<tr>\n<th>\nMain application\n\n<\/th><th>\nIdentification <a href=\"https:\/\/tml.lt\/en\/encyclopedia\/label\/\" target=\"_self\" title=\"Label is a functional part of a self-adhesive material, consisting of a face material and an adhesive. Most often it has a rectangular shape, but any shape can be cut.\" class=\"encyclopedia\">label<\/a>\n\n<\/th><\/tr>\n<tr>\n<td colspan=\"2\">\nProtective material of identification <a href=\"https:\/\/tml.lt\/en\/encyclopedia\/label\/\" target=\"_self\" title=\"Label is a functional part of a self-adhesive material, consisting of a face material and an adhesive. Most often it has a rectangular shape, but any shape can be cut.\" class=\"encyclopedia\">label<\/a>s for various equipment, instruments and other long-term operation. Main consumers: enterprises of instrument engineering and electronics, manufacturers of household equipment and other industrial productions.\n<\/td>\n<\/tr>\n<tr>\n<td>\nMaterial type\n<\/td>\n<td>\nMultilayer complexed <a href=\"https:\/\/tml.lt\/en\/encyclopedia\/polypropylene\/\" target=\"_self\" title=\"Polypropylene, abbreviated PP. Polyolefin film, similar in properties to polyethylene, but with higher heat resistance and strength.\" class=\"encyclopedia\">polypropylene<\/a> with organic and inorganic additives, 80 <a href=\"https:\/\/tml.lt\/en\/encyclopedia\/micron\/\" target=\"_self\" title=\"A micron is a unit of measurement used to determine the thickness of a label, adhesive or liner. 1 micron is equal to a one millionth of a meter (or one thousandth of a millimeter).\" class=\"encyclopedia\">micron<\/a>s\n<\/td>\n<\/tr>\n<tr>\n<td colspan=\"2\">\nHigh chemical resistance. Popular material type for primary or secondary <a href=\"https:\/\/tml.lt\/en\/encyclopedia\/label\/\" target=\"_self\" title=\"Label is a functional part of a self-adhesive material, consisting of a face material and an adhesive. Most often it has a rectangular shape, but any shape can be cut.\" class=\"encyclopedia\">label<\/a> protection. Characterized by high <a href=\"https:\/\/tml.lt\/en\/encyclopedia\/wear-resistance\/\" target=\"_self\" title=\"Wear resistance or abrasion resistance is the ability of a material to withstand mechanical abrasive action and retain its properties.\" class=\"encyclopedia\">wear resistance<\/a>, resistance to moisture, solvents and fading.\n<\/td>\n<\/tr>\n<tr>\n<td>\nOperating temperature\n<\/td>\n<td>\nFrom -30&deg;&#1057; to + 60&deg;&#1057;\n<\/td>\n<\/tr>\n<tr>\n<td colspan=\"2\">\nContinuous exposure to this temperature does not change the properties and appearance of the <a href=\"https:\/\/tml.lt\/en\/encyclopedia\/label\/\" target=\"_self\" title=\"Label is a functional part of a self-adhesive material, consisting of a face material and an adhesive. Most often it has a rectangular shape, but any shape can be cut.\" class=\"encyclopedia\">label<\/a>.\n<\/td>\n<\/tr>\n<tr>\n<td>\n<a href=\"https:\/\/tml.lt\/en\/encyclopedia\/adhesive\/\" target=\"_self\" title=\"An adhesive is a substance (coating) activated by pressure, heat or UV and is used to hold a film attached to a surface by adhering to the surfaces. Adhesive may also be referred to using the term &bdquo;glue&ldquo;. Adhesives can be classified into repositionable, standard and reinforced according to their tack.\" class=\"encyclopedia\">Adhesive<\/a> (<a href=\"https:\/\/tml.lt\/en\/encyclopedia\/adhesive\/\" target=\"_self\" title=\"An adhesive is a substance (coating) activated by pressure, heat or UV and is used to hold a film attached to a surface by adhering to the surfaces. Adhesive may also be referred to using the term &bdquo;glue&ldquo;. Adhesives can be classified into repositionable, standard and reinforced according to their tack.\" class=\"encyclopedia\">adhesive<\/a> layer)\n<\/td>\n<td>\nPAT1, 21 g\/m2\n<\/td>\n<\/tr>\n<tr>\n<td colspan=\"2\">\n<a href=\"https:\/\/tml.lt\/en\/encyclopedia\/acrylic-adhesive\/\" target=\"_self\" title=\"Acrylic adhesive is a pressure-sensitive adhesive (PSA) layer based on acrylic polymers. It can be based on solvents or water emulsions.\" class=\"encyclopedia\">Acrylic adhesive<\/a>. Provides high <a href=\"https:\/\/tml.lt\/en\/encyclopedia\/label\/\" target=\"_self\" title=\"Label is a functional part of a self-adhesive material, consisting of a face material and an adhesive. Most often it has a rectangular shape, but any shape can be cut.\" class=\"encyclopedia\">label<\/a> <a href=\"https:\/\/tml.lt\/en\/encyclopedia\/adhesion-2\/\" target=\"_self\" title=\"Adhesion or &ldquo;adhesive force&rdquo; is the force required to remove a label from the surface on which it is bond. In order to measure this force, there are several types of tests that are carried out at various time intervals after application to surfaces of various materials.\" class=\"encyclopedia\">adhesion<\/a> to clean, smooth surfaces, including surfaces of high-energy <a href=\"https:\/\/tml.lt\/en\/encyclopedia\/polymer\/\" target=\"_self\" title=\"Polymer is a complex and relatively large molecule obtained as a result of the reaction of a simpler component with itself.\" class=\"encyclopedia\">polymer<\/a>s and metal.\n<\/td>\n<\/tr>\n<tr>\n<td>\nColor and appearance\n<\/td>\n<td>\nWhite matt\n<\/td>\n<\/tr>\n<tr>\n<td colspan=\"2\">\nDoes not fade. Provides high contrast of barcodes and graphics.\n<\/td>\n<\/tr>\n<tr>\n<td>\nSurface coating\n<\/td>\n<td>\nFor TT printing\n<\/td>\n<\/tr>\n<tr>\n<td colspan=\"2\">\nWax \/ resin ribbon provides high print quality at a relatively low temperature of the print head. The resulting image is resistant to mechanical stress, moisture and solvents. Flexographic printing method, hot stamping, letterpress printing, screen printing can also be applied.\n<\/td>\n<\/tr>\n<tr>\n<td>\n<a href=\"https:\/\/tml.lt\/en\/encyclopedia\/label\/\" target=\"_self\" title=\"Label is a functional part of a self-adhesive material, consisting of a face material and an adhesive. Most often it has a rectangular shape, but any shape can be cut.\" class=\"encyclopedia\">Label<\/a> application\n<\/td>\n<td>\n<\/td>\n<\/tr>\n<tr>\n<td colspan=\"2\">\nFor best results, it is recommended to apply the <a href=\"https:\/\/tml.lt\/en\/encyclopedia\/label\/\" target=\"_self\" title=\"Label is a functional part of a self-adhesive material, consisting of a face material and an adhesive. Most often it has a rectangular shape, but any shape can be cut.\" class=\"encyclopedia\">label<\/a> on a clean, degreased, dry surface, press or roll with a rubber roller, and incubate for 24 hours at room temperature.\n<\/td>\n<\/tr>\n<\/tbody>\n<\/table>\n<p><\/p><\/div>\n<div class=\"su-tabs-pane su-u-clearfix su-u-trim\" data-title=\"Possibilities\">\n<h3>Possibilities<\/h3>\n<p>&bull; <a href=\"https:\/\/tml.lt\/en\/encyclopedia\/label\/\" target=\"_self\" title=\"Label is a functional part of a self-adhesive material, consisting of a face material and an adhesive. Most often it has a rectangular shape, but any shape can be cut.\" class=\"encyclopedia\">Label<\/a>s of any dimensions and shapes<br>\n&bull; Ordering &ndash; from one <a href=\"https:\/\/tml.lt\/en\/encyclopedia\/label\/\" target=\"_self\" title=\"Label is a functional part of a self-adhesive material, consisting of a face material and an adhesive. Most often it has a rectangular shape, but any shape can be cut.\" class=\"encyclopedia\">label<\/a><br>\n&bull; The sealing stickers can be equipped with additional security elements &ndash; with numeric data, microfiber, <a href=\"https:\/\/tml.lt\/en\/encyclopedia\/adhesive\/\" target=\"_self\" title=\"An adhesive is a substance (coating) activated by pressure, heat or UV and is used to hold a film attached to a surface by adhering to the surfaces. Adhesive may also be referred to using the term &bdquo;glue&ldquo;. Adhesives can be classified into repositionable, standard and reinforced according to their tack.\" class=\"encyclopedia\">adhesive<\/a> UV pigmentation, individually hidden image, guilloche pattern background, foil fragments, holograms, &ldquo;chamelion&rdquo; <a href=\"https:\/\/tml.lt\/en\/encyclopedia\/laminate\/\" target=\"_self\" title=\"Laminate (Overlaminate) is a transparent material that is applied to the surface of the label for additional protection from harsh environmental conditions. The laminate helps preserve the label and provides additional durability.\" class=\"encyclopedia\">laminate<\/a>, etc.<br>\n&bull; Processing of materials according to non-standard tasks.<br>\n&bull; Free samples for testing.<\/p>\n<p><a href=\"https:\/\/tml.lt\/en\/encyclopedia\/label\/\" target=\"_self\" title=\"Label is a functional part of a self-adhesive material, consisting of a face material and an adhesive. Most often it has a rectangular shape, but any shape can be cut.\" class=\"encyclopedia\">Label<\/a>s can be of various dimensions and contents &ndash; it is our job to make a <a href=\"https:\/\/tml.lt\/en\/encyclopedia\/label\/\" target=\"_self\" title=\"Label is a functional part of a self-adhesive material, consisting of a face material and an adhesive. Most often it has a rectangular shape, but any shape can be cut.\" class=\"encyclopedia\">label<\/a> in accordance with the specification you have provided.<\/p>\n<table class=\"table\">\n<tbody>\n<tr>\n<td style=\"text-align: center;\"><\/td>\n<td width=\"150\"><img decoding=\"async\" loading=\"lazy\" class=\"aligncenter wp-image-9494 size-full\" src=\"\/en\/wp-content\/uploads\/2018\/12\/Lipnios-etiket%C4%97s-rulone.jpg\" alt=\"Lipnios etiket&#279;s rulone\" width=\"336\" height=\"252\"><\/td>\n<td width=\"150\"><img decoding=\"async\" loading=\"lazy\" class=\"aligncenter wp-image-9503 size-full\" src=\"\/en\/wp-content\/uploads\/2018\/12\/Etiketes_EN_1.jpg\" alt=\"Labels with preprint\" width=\"336\" height=\"252\"><\/td>\n<td width=\"150\"><img decoding=\"async\" loading=\"lazy\" class=\"aligncenter wp-image-9506 size-full\" src=\"\/en\/wp-content\/uploads\/2018\/12\/Etiketes_EN_2.jpg\" alt=\"Prepaired labels\" width=\"336\" height=\"252\"><\/td>\n<\/tr>\n<tr>\n<th>View<\/th>\n<th>Blank <a href=\"https:\/\/tml.lt\/en\/encyclopedia\/label\/\" target=\"_self\" title=\"Label is a functional part of a self-adhesive material, consisting of a face material and an adhesive. Most often it has a rectangular shape, but any shape can be cut.\" class=\"encyclopedia\">label<\/a>s<\/th>\n<th><a href=\"https:\/\/tml.lt\/en\/encyclopedia\/label\/\" target=\"_self\" title=\"Label is a functional part of a self-adhesive material, consisting of a face material and an adhesive. Most often it has a rectangular shape, but any shape can be cut.\" class=\"encyclopedia\">Label<\/a>s with preprint<\/th>\n<th>Prepaired <a href=\"https:\/\/tml.lt\/en\/encyclopedia\/label\/\" target=\"_self\" title=\"Label is a functional part of a self-adhesive material, consisting of a face material and an adhesive. Most often it has a rectangular shape, but any shape can be cut.\" class=\"encyclopedia\">label<\/a>s<\/th>\n<\/tr>\n<tr>\n<td>Using graphic image*<\/td>\n<td><\/td>\n<td>&nbsp;+<\/td>\n<td>&nbsp;+<\/td>\n<\/tr>\n<tr>\n<td>Suitable for self printing**<\/td>\n<td>&nbsp;+<\/td>\n<td>&nbsp;+<\/td>\n<td><\/td>\n<\/tr>\n<tr>\n<td>Additional surface finish ***<\/td>\n<td><\/td>\n<td><\/td>\n<td>&nbsp;+<\/td>\n<\/tr>\n<\/tbody>\n<\/table>\n<hr>\n<p>* Text, logo, graphics, barcode, serial number<br>\n** <a href=\"https:\/\/tml.lt\/en\/encyclopedia\/label\/\" target=\"_self\" title=\"Label is a functional part of a self-adhesive material, consisting of a face material and an adhesive. Most often it has a rectangular shape, but any shape can be cut.\" class=\"encyclopedia\">Label<\/a>s in rolls for thermal transfer printers and stickers on A4 sheets for use with office laser printers<br>\n*** <a href=\"https:\/\/tml.lt\/en\/encyclopedia\/lamination\/\" target=\"_self\" title=\"Lamination (Overlaminating) is the application of a transparent film (laminate) upon an image to protect or improve quality.\" class=\"encyclopedia\">Lamination<\/a>, decorative <a href=\"https:\/\/tml.lt\/en\/encyclopedia\/laminate\/\" target=\"_self\" title=\"Laminate (Overlaminate) is a transparent material that is applied to the surface of the label for additional protection from harsh environmental conditions. The laminate helps preserve the label and provides additional durability.\" class=\"encyclopedia\">laminate<\/a>, foil, wax filler<\/p>\n<p><\/p><\/div>\n<div class=\"su-tabs-pane su-u-clearfix su-u-trim\" data-title=\"Request\"><br>\n\n<div class=\"wpcf7 no-js\" id=\"wpcf7-f2015-o1\" lang=\"ru-RU\" dir=\"ltr\">\n<div class=\"screen-reader-response\"><p role=\"status\" aria-live=\"polite\" aria-atomic=\"true\"><\/p> <ul><\/ul><\/div>\n<form action=\"\/en\/wp-json\/wp\/v2\/product\/9305#wpcf7-f2015-o1\" method=\"post\" class=\"wpcf7-form init\" aria-label=\"&#1050;&#1086;&#1085;&#1090;&#1072;&#1082;&#1090;&#1085;&#1072;&#1103; &#1092;&#1086;&#1088;&#1084;&#1072;\" enctype=\"multipart\/form-data\" novalidate=\"novalidate\" data-status=\"init\">\n<div style=\"display: none;\">\n<input type=\"hidden\" name=\"_wpcf7\" value=\"2015\">\n<input type=\"hidden\" name=\"_wpcf7_version\" value=\"5.8.7\">\n<input type=\"hidden\" name=\"_wpcf7_locale\" value=\"ru_RU\">\n<input type=\"hidden\" name=\"_wpcf7_unit_tag\" value=\"wpcf7-f2015-o1\">\n<input type=\"hidden\" name=\"_wpcf7_container_post\" value=\"0\">\n<input type=\"hidden\" name=\"_wpcf7_posted_data_hash\" value=\"\">\n<input type=\"hidden\" name=\"_wpcf7_recaptcha_response\" value=\"\">\n<\/div>\n<h4>Contact form\n<\/h4>\n<div class=\"clean\" style=\"width:100%;\">\n\t<p><label class=\"callback\"><span class=\"fieldname\"><span style=\"color:red;\">*<\/span> Message<\/span><span class=\"wpcf7-form-control-wrap\" data-name=\"ymessage\"><textarea cols=\"90\" rows=\"2\" class=\"wpcf7-form-control wpcf7-textarea wpcf7-validates-as-required\" aria-required=\"true\" aria-invalid=\"false\" placeholder=\"your message\" name=\"ymessage\"><\/textarea><\/span><\/label><br>\n<label class=\"callback\"><span class=\"fieldname\"><span style=\"color:red;\">*<\/span> Name<\/span><span class=\"wpcf7-form-control-wrap\" data-name=\"yname\"><input size=\"25\" class=\"wpcf7-form-control wpcf7-text wpcf7-validates-as-required\" aria-required=\"true\" aria-invalid=\"false\" placeholder=\"your name\" value=\"\" type=\"text\" name=\"yname\"><\/span><\/label><br>\n<label class=\"callback\"><span class=\"fieldname\"><span style=\"color:red;\">*<\/span> E-mail<\/span><span class=\"wpcf7-form-control-wrap\" data-name=\"yemail\"><input size=\"40\" class=\"wpcf7-form-control wpcf7-email wpcf7-validates-as-required wpcf7-text wpcf7-validates-as-email\" aria-required=\"true\" aria-invalid=\"false\" placeholder=\"your e-mail\" value=\"\" type=\"email\" name=\"yemail\"><\/span><\/label><br>\n<label class=\"callback\"><span class=\"fieldname\"><span style=\"color:red;\">*<\/span> Phone<\/span><span class=\"wpcf7-form-control-wrap\" data-name=\"yphone\"><input size=\"25\" class=\"wpcf7-form-control wpcf7-text wpcf7-validates-as-required\" aria-required=\"true\" aria-invalid=\"false\" placeholder=\"your phone number with extension\" value=\"\" type=\"text\" name=\"yphone\"><\/span><\/label>\n\t<\/p>\n\t<div class=\"clean hide\">\n\t\t<p><label class=\"callback\"><\/label>\n\t\t<\/p>\n\t\t<div class=\"tooltip\">\n\t\t\t<p>?<span class=\"tooltiptext\">Max file size 10 Mb<br>\nAcceptable file types: .doc .docx .cdr .ai .eps .pdf .tiff .psd .jpg .jpeg .gif .bmp .png<\/span>\n\t\t\t<\/p>\n\t\t<\/div>\n\t\t<div style=\"display:flex;\">\n\t\t\t<p>Have an attachment?\n\t\t\t<\/p>\n\t\t<\/div>\n\t\t<p><span class=\"wpcf7-form-control-wrap\" data-name=\"yattachment\"><input size=\"40\" class=\"wpcf7-form-control wpcf7-file\" accept=\".doc,.docx,.cdr,.ai,.eps,.pdf,.tiff,.psd,.jpg,.jpeg,.gif,.bmp,.png\" aria-invalid=\"false\" type=\"file\" name=\"yattachment\"><\/span>\n\t\t<\/p>\n\t<\/div>\n\n\t<div class=\"clean\" style=\"padding:10px 0 0 30px;\">\n\t\t<p><input class=\"wpcf7-form-control wpcf7-submit has-spinner contact\" type=\"submit\" value=\"Send message\">\n\t\t<\/p>\n\t<\/div>\n<\/div><div class=\"wpcf7-response-output\" aria-hidden=\"true\"><\/div>\n<\/form>\n<\/div>\n<br>\n<\/div><\/div><\/div>\n","protected":false},"excerpt":{"rendered":"<p>White matte labels made of synthetic paper YUPO 1161 with a standard adhesive and an improved surface for thermal transfer printing.<br \/>\nGeneral industrial labeling.<br \/>\nMaterial: polyester<br \/>\ncolour: white<br \/>\nsurface: matt<br \/>\nadhesive: standard.<\/p>\n","protected":false},"featured_media":9331,"template":"","meta":[],"product_cat":[280,282],"product_tag":[],"yoast_head":"<!-- This site is optimized with the Yoast SEO plugin v21.8.1 - https:\/\/yoast.com\/wordpress\/plugins\/seo\/ -->\n<title>Synthetic paper labels 1161 | TML<\/title>\n<meta name=\"description\" content=\"Synthetic paper labels 1161 | TML\" \/>\n<meta name=\"robots\" content=\"index, follow, max-snippet:-1, max-image-preview:large, max-video-preview:-1\" \/>\n<link rel=\"canonical\" href=\"https:\/\/tml.lt\/en\/product\/synthetic-paper-labels-1161\/\" \/>\n<meta property=\"og:locale\" content=\"en_US\" \/>\n<meta property=\"og:type\" content=\"article\" \/>\n<meta property=\"og:title\" content=\"Synthetic paper labels 1161 | TML\" \/>\n<meta property=\"og:description\" content=\"Synthetic paper labels 1161 | TML\" \/>\n<meta property=\"og:url\" content=\"https:\/\/tml.lt\/en\/product\/synthetic-paper-labels-1161\/\" \/>\n<meta property=\"og:site_name\" content=\"TML\" \/>\n<meta property=\"article:modified_time\" content=\"2019-06-27T12:44:30+00:00\" \/>\n<meta property=\"og:image\" content=\"https:\/\/tml.lt\/en\/wp-content\/uploads\/2018\/11\/Baltos-matin\u0117s-etiket\u0117s-i\u0161-sintetinio-popieriaus-1161.png\" \/>\n\t<meta property=\"og:image:width\" content=\"526\" \/>\n\t<meta property=\"og:image:height\" content=\"525\" \/>\n\t<meta property=\"og:image:type\" content=\"image\/png\" \/>\n<meta name=\"twitter:card\" content=\"summary_large_image\" \/>\n<meta name=\"twitter:label1\" content=\"Est. reading time\" \/>\n\t<meta name=\"twitter:data1\" content=\"2 minutes\" \/>\n<script type=\"application\/ld+json\" class=\"yoast-schema-graph\">{\"@context\":\"https:\/\/schema.org\",\"@graph\":[{\"@type\":\"WebPage\",\"@id\":\"https:\/\/tml.lt\/en\/product\/synthetic-paper-labels-1161\/\",\"url\":\"https:\/\/tml.lt\/en\/product\/synthetic-paper-labels-1161\/\",\"name\":\"Synthetic paper labels 1161 | TML\",\"isPartOf\":{\"@id\":\"https:\/\/tml.lt\/en\/#website\"},\"datePublished\":\"2018-11-15T10:43:17+00:00\",\"dateModified\":\"2019-06-27T12:44:30+00:00\",\"description\":\"Synthetic paper labels 1161 | TML\",\"breadcrumb\":{\"@id\":\"https:\/\/tml.lt\/en\/product\/synthetic-paper-labels-1161\/#breadcrumb\"},\"inLanguage\":\"en-US\",\"potentialAction\":[{\"@type\":\"ReadAction\",\"target\":[\"https:\/\/tml.lt\/en\/product\/synthetic-paper-labels-1161\/\"]}]},{\"@type\":\"BreadcrumbList\",\"@id\":\"https:\/\/tml.lt\/en\/product\/synthetic-paper-labels-1161\/#breadcrumb\",\"itemListElement\":[{\"@type\":\"ListItem\",\"position\":1,\"name\":\"\u0413\u043b\u0430\u0432\u043d\u0430\u044f \u0441\u0442\u0440\u0430\u043d\u0438\u0446\u0430\",\"item\":\"https:\/\/tml.lt\/en\/\"},{\"@type\":\"ListItem\",\"position\":2,\"name\":\"TML-LT Ltd &mdash; manufacturing and solutions for marking, insulation, fastening\",\"item\":\"https:\/\/tml.lt\/en\/\"},{\"@type\":\"ListItem\",\"position\":3,\"name\":\"Synthetic paper labels 1161\"}]},{\"@type\":\"WebSite\",\"@id\":\"https:\/\/tml.lt\/en\/#website\",\"url\":\"https:\/\/tml.lt\/en\/\",\"name\":\"TML\",\"description\":\"UAB TML-LT\",\"publisher\":{\"@id\":\"https:\/\/tml.lt\/en\/#organization\"},\"potentialAction\":[{\"@type\":\"SearchAction\",\"target\":{\"@type\":\"EntryPoint\",\"urlTemplate\":\"https:\/\/tml.lt\/en\/?s={search_term_string}\"},\"query-input\":\"required name=search_term_string\"}],\"inLanguage\":\"en-US\"},{\"@type\":\"Organization\",\"@id\":\"https:\/\/tml.lt\/en\/#organization\",\"name\":\"TML\",\"url\":\"https:\/\/tml.lt\/en\/\",\"logo\":{\"@type\":\"ImageObject\",\"inLanguage\":\"en-US\",\"@id\":\"https:\/\/tml.lt\/en\/#\/schema\/logo\/image\/\",\"url\":\"https:\/\/tml.lt\/en\/wp-content\/uploads\/2020\/09\/tml-logo-black-4.png\",\"contentUrl\":\"https:\/\/tml.lt\/en\/wp-content\/uploads\/2020\/09\/tml-logo-black-4.png\",\"width\":470,\"height\":110,\"caption\":\"TML\"},\"image\":{\"@id\":\"https:\/\/tml.lt\/en\/#\/schema\/logo\/image\/\"}}]}<\/script>\n<!-- \/ Yoast SEO plugin. -->","yoast_head_json":{"title":"Synthetic paper labels 1161 | TML","description":"Synthetic paper labels 1161 | TML","robots":{"index":"index","follow":"follow","max-snippet":"max-snippet:-1","max-image-preview":"max-image-preview:large","max-video-preview":"max-video-preview:-1"},"canonical":"https:\/\/tml.lt\/en\/product\/synthetic-paper-labels-1161\/","og_locale":"en_US","og_type":"article","og_title":"Synthetic paper labels 1161 | TML","og_description":"Synthetic paper labels 1161 | TML","og_url":"https:\/\/tml.lt\/en\/product\/synthetic-paper-labels-1161\/","og_site_name":"TML","article_modified_time":"2019-06-27T12:44:30+00:00","og_image":[{"width":526,"height":525,"url":"https:\/\/tml.lt\/en\/wp-content\/uploads\/2018\/11\/Baltos-matin\u0117s-etiket\u0117s-i\u0161-sintetinio-popieriaus-1161.png","type":"image\/png"}],"twitter_card":"summary_large_image","twitter_misc":{"Est. reading time":"2 minutes"},"schema":{"@context":"https:\/\/schema.org","@graph":[{"@type":"WebPage","@id":"https:\/\/tml.lt\/en\/product\/synthetic-paper-labels-1161\/","url":"https:\/\/tml.lt\/en\/product\/synthetic-paper-labels-1161\/","name":"Synthetic paper labels 1161 | TML","isPartOf":{"@id":"https:\/\/tml.lt\/en\/#website"},"datePublished":"2018-11-15T10:43:17+00:00","dateModified":"2019-06-27T12:44:30+00:00","description":"Synthetic paper labels 1161 | TML","breadcrumb":{"@id":"https:\/\/tml.lt\/en\/product\/synthetic-paper-labels-1161\/#breadcrumb"},"inLanguage":"en-US","potentialAction":[{"@type":"ReadAction","target":["https:\/\/tml.lt\/en\/product\/synthetic-paper-labels-1161\/"]}]},{"@type":"BreadcrumbList","@id":"https:\/\/tml.lt\/en\/product\/synthetic-paper-labels-1161\/#breadcrumb","itemListElement":[{"@type":"ListItem","position":1,"name":"\u0413\u043b\u0430\u0432\u043d\u0430\u044f \u0441\u0442\u0440\u0430\u043d\u0438\u0446\u0430","item":"https:\/\/tml.lt\/en\/"},{"@type":"ListItem","position":2,"name":"TML-LT Ltd &mdash; manufacturing and solutions for marking, insulation, fastening","item":"https:\/\/tml.lt\/en\/"},{"@type":"ListItem","position":3,"name":"Synthetic paper labels 1161"}]},{"@type":"WebSite","@id":"https:\/\/tml.lt\/en\/#website","url":"https:\/\/tml.lt\/en\/","name":"TML","description":"UAB TML-LT","publisher":{"@id":"https:\/\/tml.lt\/en\/#organization"},"potentialAction":[{"@type":"SearchAction","target":{"@type":"EntryPoint","urlTemplate":"https:\/\/tml.lt\/en\/?s={search_term_string}"},"query-input":"required name=search_term_string"}],"inLanguage":"en-US"},{"@type":"Organization","@id":"https:\/\/tml.lt\/en\/#organization","name":"TML","url":"https:\/\/tml.lt\/en\/","logo":{"@type":"ImageObject","inLanguage":"en-US","@id":"https:\/\/tml.lt\/en\/#\/schema\/logo\/image\/","url":"https:\/\/tml.lt\/en\/wp-content\/uploads\/2020\/09\/tml-logo-black-4.png","contentUrl":"https:\/\/tml.lt\/en\/wp-content\/uploads\/2020\/09\/tml-logo-black-4.png","width":470,"height":110,"caption":"TML"},"image":{"@id":"https:\/\/tml.lt\/en\/#\/schema\/logo\/image\/"}}]}},"amp_enabled":true,"_links":{"self":[{"href":"https:\/\/tml.lt\/en\/wp-json\/wp\/v2\/product\/9305"}],"collection":[{"href":"https:\/\/tml.lt\/en\/wp-json\/wp\/v2\/product"}],"about":[{"href":"https:\/\/tml.lt\/en\/wp-json\/wp\/v2\/types\/product"}],"wp:featuredmedia":[{"embeddable":true,"href":"https:\/\/tml.lt\/en\/wp-json\/wp\/v2\/media\/9331"}],"wp:attachment":[{"href":"https:\/\/tml.lt\/en\/wp-json\/wp\/v2\/media?parent=9305"}],"wp:term":[{"taxonomy":"product_cat","embeddable":true,"href":"https:\/\/tml.lt\/en\/wp-json\/wp\/v2\/product_cat?post=9305"},{"taxonomy":"product_tag","embeddable":true,"href":"https:\/\/tml.lt\/en\/wp-json\/wp\/v2\/product_tag?post=9305"}],"curies":[{"name":"wp","href":"https:\/\/api.w.org\/{rel}","templated":true}]}}