{"id":15858,"date":"2023-05-23T15:15:36","date_gmt":"2023-05-23T13:15:36","guid":{"rendered":"https:\/\/tml.lt\/?page_id=15858"},"modified":"2025-10-08T13:55:43","modified_gmt":"2025-10-08T11:55:43","slug":"tml-lab-kits-for-slides-marking-in-histology","status":"publish","type":"page","link":"https:\/\/tml.lt\/pl\/solutions\/medicine\/tml-lab-kits-for-slides-marking-in-histology\/","title":{"rendered":"Zestawy TML-LAB do znakowania szkie\u0142ek w histologii"},"content":{"rendered":"<div class=\"alignright\"><a href=\"\/pl\/wp-content\/uploads\/2023\/05\/histology.webp\"><img loading=\"lazy\" decoding=\"async\" src=\"\/pl\/wp-content\/uploads\/2023\/05\/histology-150x150.webp\" alt=\"Etykiety histologiczne do identyfikacji. Etykiety na szkie&#322;ka histologiczne s&#261; odporne na chemikalia. Kompletny zestaw do znakowania.\" width=\"150\" height=\"150\"><\/a><\/div>\n<p>Rozwi&#261;zanie dla histologii. <\/p>\n<p>Zestawy TML-LAB1 i TML-LAB2 (etykiety + ta&#347;ma termotransferowa) do znakowania szkie&#322;ek w histologii.<\/p>\n<p>Etykiety s&#261; odporne na ksylen i inne zwi&#261;zki.<\/p>\n<p>Do drukowania za pomoc&#261; drukarek termotransferowych Zebra, cab, Toshiba, Citizen, itp.<\/p>\n<p>&bull; Zatwierdzone i u&#380;ywane przez laboratoria.&bull; Produkowane przez TML-LT zgodnie z ISO-9001, zawsze dost&#281;pne w magazynie.&bull; Kompaktowe rolki i perforacje mi&#281;dzy etykietami dla &#322;atwej obs&#322;ugi!<\/p>\n<div class=\"su-tabs su-tabs-style-default su-tabs-mobile-stack\" data-active=\"1\" data-scroll-offset=\"0\" data-anchor-in-url=\"no\"><div class=\"su-tabs-nav\"><span class=\"\" data-anchor=\"prod\" data-url=\"\" data-target=\"blank\" tabindex=\"0\" role=\"button\">Zestawy<\/span><span class=\"\" data-url=\"\" data-target=\"blank\" tabindex=\"0\" role=\"button\">Opis<\/span><span class=\"\" data-anchor=\"technicalfeatures\" data-url=\"\" data-target=\"blank\" tabindex=\"0\" role=\"button\">Cechy techniczne<\/span><span class=\"\" data-anchor=\"request\" data-url=\"\" data-target=\"blank\" tabindex=\"0\" role=\"button\">Zapytanie<\/span><\/div><div class=\"su-tabs-panes\"><div class=\"su-tabs-pane su-u-clearfix su-u-trim\" data-title=\"Zestawy\">\n<h3>ZESTAWY<\/h3>\n<table class=\"table\">\n<tbody>\n<tr>\n<th>SKU<\/th>\n<th>Opis<\/th>\n<th>Rozmiar etykiety<\/th>\n<\/tr>\n<tr>\n<td>TML-LAB1<\/td>\n<td>Zestaw TML-LAB1 dla mini drukarek Zebra<\/td>\n<td>19*19 mm<\/td>\n<\/tr>\n<tr>\n<td>TML-LAB1-mini<\/td>\n<td>Zestaw TML-LAB1 dla mini drukarek Zebra o w&#261;skim formacie<\/td>\n<td>19*19 mm<\/td>\n<\/tr>\n<tr>\n<td>TML-LAB1-PRO<\/td>\n<td>Zestaw TML-LAB1 dla drukarek cab<\/td>\n<td>19*19 mm<\/td>\n<\/tr>\n<tr>\n<td>TML-LAB2<\/td>\n<td>Zestaw TML-LAB2 dla mini drukarek Zebra<\/td>\n<td>24*19 mm<\/td>\n<\/tr>\n<tr>\n<td>TML-LAB2-mini<\/td>\n<td>Zestaw TML-LAB2 dla mini drukarek Zebra o w&#261;skim formacie<\/td>\n<td>24*19 mm<\/td>\n<\/tr>\n<tr>\n<td>TML-LAB2-PRO<\/td>\n<td>Zestaw TML-LAB2 dla drukarek cab<\/td>\n<td>24*19 mm<\/td>\n<\/tr>\n<\/tbody>\n<\/table>\n<p>Zawarto&#347;&#263; zestawu:<br>&bull; 2 rolki po 1700 etykiet<br>&bull; 1 ta&#347;ma termotransferowa, 76 metr&oacute;w (&#347;rednica rdzenia 12.7 lub 25.4 mm &ndash; prosimy o podanie modelu drukarki przy zam&oacute;wieniu).<\/p>\n<p><\/p><\/div>\n<div class=\"su-tabs-pane su-u-clearfix su-u-trim\" data-title=\"Opis\">\n<h4>ZADANIE<\/h4>\n<p>&bull; Niew&#261;tpliwa identyfikacja badanych pr&oacute;bek biomateria&#322;&oacute;w<\/p>\n<p>&bull; Drukowanie etykiet z elektronicznej bazy danych laboratorium.<\/p>\n<h4>WYMAGANIA DOTYCZ&#260;CE ZNAKOWANIA<\/h4>\n<p>&bull; Wyra&#378;ny, czytelny wydruk<\/p>\n<p>&bull; Odporno&#347;&#263; znakowania na wielokrotne mycie i d&#322;ugotrwa&#322;e dzia&#322;anie agresywnych rozpuszczalnik&oacute;w (ksylen, toluen, alkohol, heksan, aceton, itp.)<\/p>\n<p>&bull; Niezawodna przyczepno&#347;&#263; etykiety do powierzchni plastikowych i szklanych<\/p>\n<p>&bull; Powierzchnia etykiety nie powinna ulega&#263; przebarwieniu podczas przetwarzania pr&oacute;bki &#347;rodkiem barwi&#261;cym<\/p>\n<p>&bull; Trwa&#322;o&#347;&#263; &ndash; etykieta musi pozosta&#263; czytelna przez kilka lat.<\/p>\n<h4>ROZWI&#260;ZANIE<\/h4>\n<p>Informacja jest drukowana za pomoc&#261; kompaktowej <a href=\"\/pl\/product-category\/thermal-transfer-printers\/\">drukarki termotransferowej<\/a> zintegrowanej z systemem informatycznym laboratorium. Na pocz&#261;tku badania wydrukowane samoprzylepne <a href=\"\/pl\/product-category\/labels\/\">etykiety<\/a> s&#261; nak&#322;adane na powierzchni&#281; szkie&#322;ka mikroskopowego lub kasety materia&#322;owej.<\/p>\n<h4>MATERIA&#321;Y<\/h4>\n<p>Odporne chemicznie etykiety poliestrowe <a href=\"\/pl\/product\/white-polyester-labels-2213\/\">2213<\/a> z ta&#347;m&#261; <a href=\"\/pl\/product-category\/ribbons\/\">B110CU<\/a> (termotransferowa ta&#347;ma barwi&#261;ca) to jedyne po&#322;&#261;czenie, kt&oacute;re wytrzymuje aceton i ksylen. Temperatura pracy od -40&deg;&#1057; do + 150&deg;&#1057;.<\/p>\n<h4>SPRZ&#280;T DO DRUKOWANIA<\/h4>\n<p>Polecamy kompaktowe i niezawodne drukarki firmy cab (Niemcy), modele <a href=\"\/pl\/product\/label-printer-eos2-300\/\">EOS2<\/a> i <a href=\"\/pl\/product\/label-printer-eos5-300\/\">EOS5<\/a>:<br>\n&bull; drukowanie z elektronicznych baz danych<br>\n&bull; drukowanie na ma&#322;ych etykietach<br>\n&bull; obs&#322;uga trybu drukowania dla maksymalnej odporno&#347;ci na wysoce agresywne rozpuszczalniki.<\/p>\n<p>Nasze zestawy etykiet i ta&#347;m termotransferowych nadaj&#261; si&#281; r&oacute;wnie&#380; do drukowania za pomoc&#261; drukarek innych producent&oacute;w.<\/p>\n<p>Wymagane b&#281;dzie dodatkowe testowanie jako&#347;ci druku.<\/p>\n<h4>OPCJE<\/h4>\n<p>&bull; Produkcja zestaw&oacute;w do znakowania dla sprz&#281;tu znakuj&#261;cego Leika<\/p>\n<p>&bull; Produkcja zestaw&oacute;w (etykiet) &ndash; dowolny rozmiar<\/p>\n<p>&bull; Etykiety na kasety materia&#322;owe &ndash; wymagane testy.<\/p>\n<p><\/p><\/div>\n<div class=\"su-tabs-pane su-u-clearfix su-u-trim\" data-title=\"Cechy techniczne\">\n<h4>G&#322;&oacute;wne cechy materia&#322;u etykiet 2213<\/h4>\n<table class=\"table\">\n<tbody>\n<tr>\n<td>G&#322;&oacute;wne zastosowanie<\/td>\n<td>Etykieta identyfikacyjna<\/td>\n<\/tr>\n<tr>\n<td colspan=\"2\">Etykieta informacyjna do identyfikacji r&oacute;&#380;nego sprz&#281;tu, instrument&oacute;w i innych produkt&oacute;w do d&#322;ugotrwa&#322;ego u&#380;ytku nara&#380;onych na szczeg&oacute;lnie agresywne rozpuszczalniki (w tym aceton i orto-ksylen). Materia&#322; jest odporny na ksylen, toluen, etanol, autoklawowanie (+150&deg;C). Mo&#380;e by&#263; stosowany na szorstkich (malowanych proszkowo) i niskoenergetycznych powierzchniach. G&#322;&oacute;wni odbiorcy: przemys&#322; motoryzacyjny, chemiczny, medycyna, lotnictwo, przedsi&#281;biorstwa in&#380;ynierii instrument&oacute;w, elektronika i inni producenci przemys&#322;owi. Materia&#322; zosta&#322; pomy&#347;lnie przetestowany w zaawansowanych laboratoriach diagnostyki onkologicznej.<\/td>\n<\/tr>\n<tr>\n<td>Typ materia&#322;u<\/td>\n<td>Poliester, 50 mikron&oacute;w<\/td>\n<\/tr>\n<tr>\n<td colspan=\"2\">Wysoka odporno&#347;&#263; chemiczna. Najpopularniejszy typ materia&#322;u do znakowania produkt&oacute;w przemys&#322;owych. Wyr&oacute;&#380;nia si&#281; wysok&#261; odporno&#347;ci&#261; na zu&#380;ycie, odporno&#347;ci&#261; na wilgo&#263;, rozpuszczalniki i blakni&#281;cie.<\/td>\n<\/tr>\n<tr>\n<td>Temperatura pracy<\/td>\n<td>Od -40&deg;&#1057; do +150&deg;&#1057;<\/td>\n<\/tr>\n<tr>\n<td colspan=\"2\">Sta&#322;a ekspozycja na t&#281; temperatur&#281; nie zmienia w&#322;a&#347;ciwo&#347;ci i wygl&#261;du etykiety.<\/td>\n<\/tr>\n<tr>\n<td>Klej (warstwa klej&#261;ca)<\/td>\n<td>Wzmocniony, 20 mikron&oacute;w<\/td>\n<\/tr>\n<tr>\n<td colspan=\"2\">Wzmocniony klej akrylowy polimeryzuj&#261;cy pod ci&#347;nieniem.<\/td>\n<\/tr>\n<tr>\n<td>Kolor i wygl&#261;d<\/td>\n<td>Bia&#322;y b&#322;yszcz&#261;cy<\/td>\n<\/tr>\n<tr>\n<td colspan=\"2\">Nie o&#347;lepia, nie odbija, nie blaknie. Zapewnia wysoki kontrast kod&oacute;w kreskowych i grafiki.<\/td>\n<\/tr>\n<tr>\n<td>Pow&#322;oka powierzchniowa<\/td>\n<td> <\/td>\n<\/tr>\n<tr>\n<td colspan=\"2\">G&#322;adka pow&#322;oka nadaje si&#281; do drukowania termotransferowego za pomoc&#261; ta&#347;my <a href=\"\/pl\/product-category\/industrial-marking\/ribbons\/\">B110CU<\/a> (patrz zalecane ta&#347;my). Zaleca si&#281; stosowanie niskiej pr&#281;dko&#347;ci druku i wysokiej temperatury drukowania, aby osi&#261;gn&#261;&#263; maksymaln&#261; odporno&#347;&#263; chemiczn&#261;<\/td>\n<\/tr>\n<tr>\n<td>Zalecenia dotycz&#261;ce etykietowania<\/td>\n<td> <\/td>\n<\/tr>\n<tr>\n<td colspan=\"2\">Aby uzyska&#263; najlepszy rezultat, zaleca si&#281; naklejenie etykiety na czyst&#261;, odt&#322;uszczon&#261;, such&#261; powierzchni&#281;, doci&#347;ni&#281;cie jej lub przewalcowanie gumowym wa&#322;kiem i pozostawienie na 24 godziny w temperaturze pokojowej.<\/td>\n<\/tr>\n<\/tbody>\n<\/table>\n<p><a href=\"\/pl\/product\/white-polyester-labels-2213\/\">Wi&#281;cej o 2213<\/a><\/p>\n<h4>G&#322;&oacute;wne cechy ta&#347;my barwi&#261;cej B110CU<\/h4>\n<table class=\"table\">\n<tbody>\n<tr>\n<td>Materia&#322; g&#322;&oacute;wny<\/td>\n<td>Poliester (PET)<\/td>\n<\/tr>\n<tr>\n<td>Grubo&#347;&#263; pod&#322;o&#380;a<\/td>\n<td>4,5 &mu;m &plusmn; 0,4 &mu;m<\/td>\n<\/tr>\n<tr>\n<td>Grubo&#347;&#263; tuszu<\/td>\n<td>&ndash;<\/td>\n<\/tr>\n<tr>\n<td>Ca&#322;kowita grubo&#347;&#263;<\/td>\n<td>Mniej ni&#380; 9 &mu;m<\/td>\n<\/tr>\n<tr>\n<td>G&#281;sto&#347;&#263; druku<\/td>\n<td>1.65 (bia&#322;y poliester)<br>1.81 (bia&#322;y polipropylen)<br>Wi&#281;cej ni&#380; 1.5 (na etykietach syntetycznych w innym kolorze)<\/td>\n<\/tr>\n<tr>\n<td>Temperatura topnienia tuszu<\/td>\n<td>112 &deg; C<\/td>\n<\/tr>\n<tr>\n<td>Odporno&#347;&#263; obrazu termicznego<\/td>\n<td>Do 250 &deg; C (na poliestrze)<\/td>\n<\/tr>\n<tr>\n<td>Maksymalna pr&#281;dko&#347;&#263; druku<\/td>\n<td>100 mm \/ sek. (W zale&#380;no&#347;ci od no&#347;nika i obrazu zalecana jest minimalna pr&#281;dko&#347;&#263; druku)<\/td>\n<\/tr>\n<\/tbody>\n<\/table>\n<p><a href=\"\/pl\/product-category\/ribbons\/\">Wi&#281;cej o ta&#347;mach termotransferowych<\/a><br>\n<\/p><\/div>\n<div class=\"su-tabs-pane su-u-clearfix su-u-trim\" data-title=\"Zapytanie\"> \n<div class=\"wpcf7 no-js\" id=\"wpcf7-f2015-o1\" lang=\"ru-RU\" dir=\"ltr\" data-wpcf7-id=\"2015\">\n<div class=\"screen-reader-response\"><p role=\"status\" aria-live=\"polite\" aria-atomic=\"true\"><\/p> <ul><\/ul><\/div>\n<form action=\"\/pl\/wp-json\/wp\/v2\/pages\/15858#wpcf7-f2015-o1\" method=\"post\" class=\"wpcf7-form init\" aria-label=\"&#1050;&#1086;&#1085;&#1090;&#1072;&#1082;&#1090;&#1085;&#1072;&#1103; &#1092;&#1086;&#1088;&#1084;&#1072;\" enctype=\"multipart\/form-data\" novalidate=\"novalidate\" data-status=\"init\">\n<fieldset class=\"hidden-fields-container\"><input type=\"hidden\" name=\"_wpcf7\" value=\"2015\"><input type=\"hidden\" name=\"_wpcf7_version\" value=\"6.1.5\"><input type=\"hidden\" name=\"_wpcf7_locale\" value=\"ru_RU\"><input type=\"hidden\" name=\"_wpcf7_unit_tag\" value=\"wpcf7-f2015-o1\"><input type=\"hidden\" name=\"_wpcf7_container_post\" value=\"0\"><input type=\"hidden\" name=\"_wpcf7_posted_data_hash\" value=\"\"><input type=\"hidden\" name=\"_wpcf7_recaptcha_response\" value=\"\">\n<\/fieldset>\n<h4>Formularz kontaktowy\n<\/h4>\n<div class=\"clean\">\n\t<p><label class=\"callback\"><span class=\"fieldname\"><span class=\"text-danger\">*<\/span> Wiadomo&#347;&#263;<\/span><span class=\"wpcf7-form-control-wrap\" data-name=\"ymessage\"><textarea cols=\"90\" rows=\"2\" maxlength=\"2000\" class=\"wpcf7-form-control wpcf7-textarea wpcf7-validates-as-required\" aria-required=\"true\" aria-invalid=\"false\" placeholder=\"Twoja wiadomo&#347;&#263;\" name=\"ymessage\"><\/textarea><\/span><\/label><br>\n<label class=\"callback\"><span class=\"fieldname\"><span class=\"text-danger\">*<\/span> Imi&#281; i nazwisko<\/span><span class=\"wpcf7-form-control-wrap\" data-name=\"yname\"><input size=\"25\" maxlength=\"400\" class=\"wpcf7-form-control wpcf7-text wpcf7-validates-as-required\" aria-required=\"true\" aria-invalid=\"false\" placeholder=\"Twoje imi&#281; i nazwisko\" value=\"\" type=\"text\" name=\"yname\"><\/span><\/label><br>\n<label class=\"callback\"><span class=\"fieldname\"><span class=\"text-danger\">*<\/span> E-mail<\/span><span class=\"wpcf7-form-control-wrap\" data-name=\"yemail\"><input size=\"40\" maxlength=\"400\" class=\"wpcf7-form-control wpcf7-email wpcf7-validates-as-required wpcf7-text wpcf7-validates-as-email\" aria-required=\"true\" aria-invalid=\"false\" placeholder=\"Tw&oacute;j e-mail\" value=\"\" type=\"email\" name=\"yemail\"><\/span><\/label><br>\n<label class=\"callback\"><span class=\"fieldname\"><span class=\"text-danger\">*<\/span> Telefon<\/span><span class=\"wpcf7-form-control-wrap\" data-name=\"yphone\"><input size=\"25\" maxlength=\"400\" class=\"wpcf7-form-control wpcf7-text wpcf7-validates-as-required\" aria-required=\"true\" aria-invalid=\"false\" placeholder=\"Tw&oacute;j numer telefonu z numerem kierunkowym\" value=\"\" type=\"text\" name=\"yphone\"><\/span><\/label>\n\t<\/p>\n\t<div class=\"clean hide\">\n\t\t<p><label class=\"callback\"><br>\n<\/label>\n\t\t<\/p>\n\t\t<div class=\"tooltip\">\n\t\t\t<p>?<br>\n<span class=\"tooltiptext\">Maksymalny rozmiar pliku 10 Mb<br>\nDozwolone typy plik&oacute;w: .doc .docx .cdr .ai .eps .pdf .tiff .psd .jpg .jpeg .gif .bmp .png<\/span>\n\t\t\t<\/p>\n\t\t<\/div>\n\t\t<div style=\"display:flex;\">\n\t\t\t<p>Masz za&#322;&#261;cznik?\n\t\t\t<\/p>\n\t\t<\/div>\n\t\t<p><span class=\"wpcf7-form-control-wrap\" data-name=\"yattachment\"><input size=\"40\" class=\"wpcf7-form-control wpcf7-file\" accept=\".doc,.docx,.cdr,.ai,.eps,.pdf,.tiff,.psd,.jpg,.jpeg,.gif,.bmp,.png\" aria-invalid=\"false\" type=\"file\" name=\"yattachment\"><\/span><br>\n\t\t<\/p>\n\t<\/div>\n\n\t<div class=\"clean pt-3 text-center\">\n\t\t<p><input class=\"wpcf7-form-control wpcf7-submit has-spinner contact\" type=\"submit\" value=\"Wy&#347;lij wiadomo&#347;&#263;\">\n\t\t<\/p>\n\t<\/div>\n<\/div><div class=\"wpcf7-response-output\" aria-hidden=\"true\"><\/div>\n<\/form>\n<\/div>\n <\/div><\/div><\/div>\n","protected":false},"excerpt":{"rendered":"<p>Rozwi\u0105zanie dla histologii. Zestawy TML-LAB1 i TML-LAB2 (etykiety + ta\u015bma termotransferowa) do znakowania szkie\u0142ek w histologii. Etykiety s\u0105 odporne na ksylen i inne zwi\u0105zki. Do drukowania za pomoc\u0105 drukarek termotransferowych Zebra, cab, Toshiba, Citizen, itp. \u2022 Zatwierdzone i u\u017cywane przez laboratoria.\u2022 Produkowane przez TML-LT zgodnie z ISO-9001, zawsze dost\u0119pne w magazynie.\u2022 Kompaktowe rolki i perforacje [&hellip;]<\/p>\n","protected":false},"author":1,"featured_media":0,"parent":15845,"menu_order":0,"comment_status":"closed","ping_status":"closed","template":"page-templates\/page-sidebar-none.php","meta":{"footnotes":""},"class_list":["post-15858","page","type-page","status-publish","hentry"],"yoast_head":"<!-- This site is optimized with the Yoast SEO plugin v27.4 - https:\/\/yoast.com\/product\/yoast-seo-wordpress\/ -->\n<title>Zestawy TML-LAB do znakowania szkie\u0142ek w histologii | TML<\/title>\n<meta name=\"description\" content=\"Zestawy TML-LAB1 i TML-LAB2 (etykiety + ta\u015bma termotransferowa) do znakowania szkie\u0142ek w histologii.\" \/>\n<meta name=\"robots\" content=\"index, follow, max-snippet:-1, max-image-preview:large, max-video-preview:-1\" \/>\n<link rel=\"canonical\" href=\"https:\/\/tml.lt\/pl\/solutions\/medicine\/tml-lab-kits-for-slides-marking-in-histology\/\" \/>\n<meta property=\"og:locale\" content=\"pl_PL\" \/>\n<meta property=\"og:type\" content=\"article\" \/>\n<meta property=\"og:title\" content=\"Zestawy TML-LAB do znakowania szkie\u0142ek w histologii | TML\" \/>\n<meta property=\"og:description\" content=\"Zestawy TML-LAB1 i TML-LAB2 (etykiety + ta\u015bma termotransferowa) do znakowania szkie\u0142ek w histologii.\" \/>\n<meta property=\"og:url\" content=\"https:\/\/tml.lt\/pl\/solutions\/medicine\/tml-lab-kits-for-slides-marking-in-histology\/\" \/>\n<meta property=\"og:site_name\" content=\"TML\" \/>\n<meta property=\"article:modified_time\" content=\"2025-10-08T11:55:43+00:00\" \/>\n<meta name=\"twitter:card\" content=\"summary_large_image\" \/>\n<meta name=\"twitter:label1\" content=\"Szacowany czas czytania\" \/>\n\t<meta name=\"twitter:data1\" content=\"4 minuty\" \/>\n<script type=\"application\/ld+json\" class=\"yoast-schema-graph\">{\"@context\":\"https:\\\/\\\/schema.org\",\"@graph\":[{\"@type\":\"WebPage\",\"@id\":\"https:\\\/\\\/tml.lt\\\/pl\\\/solutions\\\/medicine\\\/tml-lab-kits-for-slides-marking-in-histology\\\/\",\"url\":\"https:\\\/\\\/tml.lt\\\/pl\\\/solutions\\\/medicine\\\/tml-lab-kits-for-slides-marking-in-histology\\\/\",\"name\":\"Zestawy TML-LAB do znakowania szkie\u0142ek w histologii | TML\",\"isPartOf\":{\"@id\":\"https:\\\/\\\/tml.lt\\\/pl\\\/#website\"},\"datePublished\":\"2023-05-23T13:15:36+00:00\",\"dateModified\":\"2025-10-08T11:55:43+00:00\",\"description\":\"Zestawy TML-LAB1 i TML-LAB2 (etykiety + ta\u015bma termotransferowa) do znakowania szkie\u0142ek w histologii.\",\"breadcrumb\":{\"@id\":\"https:\\\/\\\/tml.lt\\\/pl\\\/solutions\\\/medicine\\\/tml-lab-kits-for-slides-marking-in-histology\\\/#breadcrumb\"},\"inLanguage\":\"pl-PL\",\"potentialAction\":[{\"@type\":\"ReadAction\",\"target\":[\"https:\\\/\\\/tml.lt\\\/pl\\\/solutions\\\/medicine\\\/tml-lab-kits-for-slides-marking-in-histology\\\/\"]}]},{\"@type\":\"BreadcrumbList\",\"@id\":\"https:\\\/\\\/tml.lt\\\/pl\\\/solutions\\\/medicine\\\/tml-lab-kits-for-slides-marking-in-histology\\\/#breadcrumb\",\"itemListElement\":[{\"@type\":\"ListItem\",\"position\":1,\"name\":\"\u0413\u043b\u0430\u0432\u043d\u0430\u044f \u0441\u0442\u0440\u0430\u043d\u0438\u0446\u0430\",\"item\":\"https:\\\/\\\/tml.lt\\\/pl\\\/\"},{\"@type\":\"ListItem\",\"position\":2,\"name\":\"Rozwi\u0105zania\",\"item\":\"https:\\\/\\\/tml.lt\\\/pl\\\/solutions\\\/\"},{\"@type\":\"ListItem\",\"position\":3,\"name\":\"Medycyna\",\"item\":\"https:\\\/\\\/tml.lt\\\/pl\\\/solutions\\\/medicine\\\/\"},{\"@type\":\"ListItem\",\"position\":4,\"name\":\"Zestawy TML-LAB do znakowania szkie\u0142ek w histologii\"}]},{\"@type\":\"WebSite\",\"@id\":\"https:\\\/\\\/tml.lt\\\/pl\\\/#website\",\"url\":\"https:\\\/\\\/tml.lt\\\/pl\\\/\",\"name\":\"TML\",\"description\":\"UAB TML-LT\",\"publisher\":{\"@id\":\"https:\\\/\\\/tml.lt\\\/pl\\\/#organization\"},\"potentialAction\":[{\"@type\":\"SearchAction\",\"target\":{\"@type\":\"EntryPoint\",\"urlTemplate\":\"https:\\\/\\\/tml.lt\\\/pl\\\/?s={search_term_string}\"},\"query-input\":{\"@type\":\"PropertyValueSpecification\",\"valueRequired\":true,\"valueName\":\"search_term_string\"}}],\"inLanguage\":\"pl-PL\"},{\"@type\":\"Organization\",\"@id\":\"https:\\\/\\\/tml.lt\\\/pl\\\/#organization\",\"name\":\"TML\",\"url\":\"https:\\\/\\\/tml.lt\\\/pl\\\/\",\"logo\":{\"@type\":\"ImageObject\",\"inLanguage\":\"pl-PL\",\"@id\":\"https:\\\/\\\/tml.lt\\\/pl\\\/#\\\/schema\\\/logo\\\/image\\\/\",\"url\":\"https:\\\/\\\/tml.lt\\\/pl\\\/wp-content\\\/uploads\\\/2020\\\/09\\\/tml-logo-black-4.png\",\"contentUrl\":\"https:\\\/\\\/tml.lt\\\/pl\\\/wp-content\\\/uploads\\\/2020\\\/09\\\/tml-logo-black-4.png\",\"width\":470,\"height\":110,\"caption\":\"TML\"},\"image\":{\"@id\":\"https:\\\/\\\/tml.lt\\\/pl\\\/#\\\/schema\\\/logo\\\/image\\\/\"}}]}<\/script>\n<!-- \/ Yoast SEO plugin. -->","yoast_head_json":{"title":"Zestawy TML-LAB do znakowania szkie\u0142ek w histologii | TML","description":"Zestawy TML-LAB1 i TML-LAB2 (etykiety + ta\u015bma termotransferowa) do znakowania szkie\u0142ek w histologii.","robots":{"index":"index","follow":"follow","max-snippet":"max-snippet:-1","max-image-preview":"max-image-preview:large","max-video-preview":"max-video-preview:-1"},"canonical":"https:\/\/tml.lt\/pl\/solutions\/medicine\/tml-lab-kits-for-slides-marking-in-histology\/","og_locale":"pl_PL","og_type":"article","og_title":"Zestawy TML-LAB do znakowania szkie\u0142ek w histologii | TML","og_description":"Zestawy TML-LAB1 i TML-LAB2 (etykiety + ta\u015bma termotransferowa) do znakowania szkie\u0142ek w histologii.","og_url":"https:\/\/tml.lt\/pl\/solutions\/medicine\/tml-lab-kits-for-slides-marking-in-histology\/","og_site_name":"TML","article_modified_time":"2025-10-08T11:55:43+00:00","twitter_card":"summary_large_image","twitter_misc":{"Szacowany czas czytania":"4 minuty"},"schema":{"@context":"https:\/\/schema.org","@graph":[{"@type":"WebPage","@id":"https:\/\/tml.lt\/pl\/solutions\/medicine\/tml-lab-kits-for-slides-marking-in-histology\/","url":"https:\/\/tml.lt\/pl\/solutions\/medicine\/tml-lab-kits-for-slides-marking-in-histology\/","name":"Zestawy TML-LAB do znakowania szkie\u0142ek w histologii | TML","isPartOf":{"@id":"https:\/\/tml.lt\/pl\/#website"},"datePublished":"2023-05-23T13:15:36+00:00","dateModified":"2025-10-08T11:55:43+00:00","description":"Zestawy TML-LAB1 i TML-LAB2 (etykiety + ta\u015bma termotransferowa) do znakowania szkie\u0142ek w histologii.","breadcrumb":{"@id":"https:\/\/tml.lt\/pl\/solutions\/medicine\/tml-lab-kits-for-slides-marking-in-histology\/#breadcrumb"},"inLanguage":"pl-PL","potentialAction":[{"@type":"ReadAction","target":["https:\/\/tml.lt\/pl\/solutions\/medicine\/tml-lab-kits-for-slides-marking-in-histology\/"]}]},{"@type":"BreadcrumbList","@id":"https:\/\/tml.lt\/pl\/solutions\/medicine\/tml-lab-kits-for-slides-marking-in-histology\/#breadcrumb","itemListElement":[{"@type":"ListItem","position":1,"name":"\u0413\u043b\u0430\u0432\u043d\u0430\u044f \u0441\u0442\u0440\u0430\u043d\u0438\u0446\u0430","item":"https:\/\/tml.lt\/pl\/"},{"@type":"ListItem","position":2,"name":"Rozwi\u0105zania","item":"https:\/\/tml.lt\/pl\/solutions\/"},{"@type":"ListItem","position":3,"name":"Medycyna","item":"https:\/\/tml.lt\/pl\/solutions\/medicine\/"},{"@type":"ListItem","position":4,"name":"Zestawy TML-LAB do znakowania szkie\u0142ek w histologii"}]},{"@type":"WebSite","@id":"https:\/\/tml.lt\/pl\/#website","url":"https:\/\/tml.lt\/pl\/","name":"TML","description":"UAB TML-LT","publisher":{"@id":"https:\/\/tml.lt\/pl\/#organization"},"potentialAction":[{"@type":"SearchAction","target":{"@type":"EntryPoint","urlTemplate":"https:\/\/tml.lt\/pl\/?s={search_term_string}"},"query-input":{"@type":"PropertyValueSpecification","valueRequired":true,"valueName":"search_term_string"}}],"inLanguage":"pl-PL"},{"@type":"Organization","@id":"https:\/\/tml.lt\/pl\/#organization","name":"TML","url":"https:\/\/tml.lt\/pl\/","logo":{"@type":"ImageObject","inLanguage":"pl-PL","@id":"https:\/\/tml.lt\/pl\/#\/schema\/logo\/image\/","url":"https:\/\/tml.lt\/pl\/wp-content\/uploads\/2020\/09\/tml-logo-black-4.png","contentUrl":"https:\/\/tml.lt\/pl\/wp-content\/uploads\/2020\/09\/tml-logo-black-4.png","width":470,"height":110,"caption":"TML"},"image":{"@id":"https:\/\/tml.lt\/pl\/#\/schema\/logo\/image\/"}}]}},"amp_enabled":false,"_links":{"self":[{"href":"https:\/\/tml.lt\/pl\/wp-json\/wp\/v2\/pages\/15858","targetHints":{"allow":["GET"]}}],"collection":[{"href":"https:\/\/tml.lt\/pl\/wp-json\/wp\/v2\/pages"}],"about":[{"href":"https:\/\/tml.lt\/pl\/wp-json\/wp\/v2\/types\/page"}],"author":[{"embeddable":true,"href":"https:\/\/tml.lt\/pl\/wp-json\/wp\/v2\/users\/1"}],"replies":[{"embeddable":true,"href":"https:\/\/tml.lt\/pl\/wp-json\/wp\/v2\/comments?post=15858"}],"version-history":[{"count":0,"href":"https:\/\/tml.lt\/pl\/wp-json\/wp\/v2\/pages\/15858\/revisions"}],"up":[{"embeddable":true,"href":"https:\/\/tml.lt\/pl\/wp-json\/wp\/v2\/pages\/15845"}],"wp:attachment":[{"href":"https:\/\/tml.lt\/pl\/wp-json\/wp\/v2\/media?parent=15858"}],"curies":[{"name":"wp","href":"https:\/\/api.w.org\/{rel}","templated":true}]}}