{"id":16030,"date":"2023-05-31T07:55:20","date_gmt":"2023-05-31T05:55:20","guid":{"rendered":"https:\/\/tml.lt\/solutions\/medicine\/cryo-freezing-marking\/"},"modified":"2025-10-08T14:01:33","modified_gmt":"2025-10-08T12:01:33","slug":"cryo-freezing-marking","status":"publish","type":"page","link":"https:\/\/tml.lt\/pl\/solutions\/medicine\/cryo-freezing-marking\/","title":{"rendered":"Znakowanie w warunkach krio-zamra\u017cania"},"content":{"rendered":"<div class=\"alignright\"><a title=\"Etykiety do krio-zamra&#380;ania\" href=\"\/pl\/wp-content\/uploads\/2023\/05\/marking-krio-labels.jpg\"><img decoding=\"async\" src=\"\/pl\/wp-content\/uploads\/2023\/05\/marking-krio-labels-150x150.jpg\" alt=\"Etykiety do krio-zamra&#380;ania\"><\/a><\/div>\n<p>Etykiety i zestawy z serii <mark>TML CRYO<\/mark> do etykietowania krioprob&oacute;wek, kriokontener&oacute;w, statyw&oacute;w i pude&#322;ek w g&#322;&#281;bokim zamra&#380;aniu. Materia&#322; etykiety i klej &ndash; zaprojektowane, przetestowane i przeznaczone do d&#322;ugotrwa&#322;ego przechowywania biomateria&#322;&oacute;w w temperaturach do -196&deg;C. Wysokokontrastowy wydruk kod&oacute;w kreskowych lub dwuwymiarowych kod&oacute;w &ndash; odporny na wszelkie mo&#380;liwe wp&#322;ywy podczas eksploatacji i d&#322;ugotrwa&#322;ego przechowywania. Jednak&#380;e &ndash; zawsze zalecamy wewn&#281;trzne testy jako pierwszy krok &ndash; po prostu zam&oacute;w pr&oacute;bki! <\/p>\n<p>&bull; po raz pierwszy &ndash; krioetykiety do drukarek biurowych i atramentowych!<br>&bull; zestawy TML CRYO TT do drukarek termotransferowych CAB, Zebra, Toshiba, Citizen &ndash; wyb&oacute;r dla Twojej drukarki<br>&bull; odpowiednie do automatycznych drukarek-aplikator&oacute;w do etykietowania prob&oacute;wek <a href=\"\/pl\/product\/tube-labeling-thermal-transfer-printer-cab-axon-2\/\" rel=\"noopener\" target=\"_blank\">cab AXON 2<\/a><\/p>\n<div class=\"su-tabs su-tabs-style-default su-tabs-mobile-stack\" data-active=\"1\" data-scroll-offset=\"0\" data-anchor-in-url=\"yes\"><div class=\"su-tabs-nav\"><span class=\"\" data-anchor=\"materialy\" data-url=\"\" data-target=\"blank\" tabindex=\"0\" role=\"button\">Materia&#322;y<\/span><span class=\"\" data-anchor=\"vozmoj\" data-url=\"\" data-target=\"blank\" tabindex=\"0\" role=\"button\">Mo&#380;liwo&#347;ci<\/span><span class=\"\" data-anchor=\"printery\" data-url=\"\" data-target=\"blank\" tabindex=\"0\" role=\"button\">Sprz&#281;t do drukowania<\/span><span class=\"\" data-anchor=\"video\" data-url=\"\" data-target=\"blank\" tabindex=\"0\" role=\"button\">Wideo<\/span><span class=\"\" data-anchor=\"zapros\" data-url=\"\" data-target=\"blank\" tabindex=\"0\" role=\"button\">Zam&oacute;wienie\/Zapytanie<\/span><\/div><div class=\"su-tabs-panes\"><div class=\"su-tabs-pane su-u-clearfix su-u-trim\" data-title=\"Materia&#322;y\">\n<h3>Materia&#322;y<\/h3>\n<table class=\"table\">\n<tr>\n<th>Materia&#322;<\/th>\n<th>Karta techniczna<\/th>\n<th>Typ drukarki<\/th>\n<th>Kolor<\/th>\n<th>Typ no&#347;nika<\/th>\n<th>Grubo&#347;&#263; ( &micro;m)<\/th>\n<\/tr>\n<tr>\n<td><a href=\"\/pl\/product\/white-polyester-labels-1115\/\" rel=\"noopener\" target=\"_blank\">1115<\/a><\/td>\n<td> <a href=\"#\" rel=\"noopener\" target=\"_blank\"><img loading=\"lazy\" decoding=\"async\" src=\"\/pl\/icon-pdf.svg\" width=\"32\" height=\"32\" alt=\"pdf\"><\/a><\/td>\n<td><a href=\"\/pl\/product-category\/thermal-transfer-printers\/\" rel=\"noopener\" target=\"_blank\">drukarka termotransferowa<\/a><\/td>\n<td>bia&#322;y p&oacute;&#322;b&#322;yszcz&#261;cy<\/td>\n<td>poliester<\/td>\n<td>50<\/td>\n<\/tr>\n<tr>\n<td>1208<\/td>\n<td><a href=\"#\" rel=\"noopener\" target=\"_blank\"><img decoding=\"async\" src=\"\/pl\/icon-pdf.svg\" width=\"32 \" height=\"32\" alt=\"pdf\"><\/a><\/td>\n<td><a rel=\"noopener\" target=\"_blank\">drukarka termotransferowa<\/a><\/td>\n<td>przezroczysty b&#322;yszcz&#261;cy<\/td>\n<td>poliester<\/td>\n<td>50<\/td>\n<\/tr>\n<tr>\n<td><a href=\"\/pl\/product\/white-nylon-labels-5203\/\" rel=\"noopener\" target=\"_blank\">5203<\/a><\/td>\n<td> <a href=\"#\" rel=\"noopener\" target=\"_blank\"><img decoding=\"async\" src=\"\/pl\/icon-pdf.svg\" width=\" 32\" height=\"32\" alt=\"pdf\"><\/a><\/td>\n<td><a href=\"\/pl\/product-category\/thermal-transfer-printers\/\" rel=\"noopener\" target=\"_blank\">drukarka termotransferowa<\/a><\/td>\n<td>bia&#322;y matowy<\/td>\n<td><a href=\"https:\/\/tml.lt\/pl\/encyclopedia\/nylon\/\" target=\"_self\" title=\"Nylon is a durable plastic that can be used as a film with high resistance to oil and gas. Also used as a thread in strapping tapes with a high degree of mechanical strength.\" class=\"encyclopedia\">nylon<\/a><\/td>\n<td>127<\/td>\n<\/tr>\n<tr>\n<td>1205<\/td>\n<td><a href=\"#\" rel=\"noopener\" target=\"_blank\"><img decoding=\"async\" src=\"\/pl\/icon-pdf.svg\" width=\"32 \" height=\"32\" alt=\"pdf\"><\/a><\/td>\n<td>laserowa<\/td>\n<td>bia&#322;y matowy<\/td>\n<td>poliester<\/td>\n<td>50 <\/td>\n<\/tr>\n<tr>\n<td>1252<\/td>\n<td><a href=\"#\" rel=\"noopener\" target=\"_blank\"><img decoding=\"async\" src=\"\/pl\/icon-pdf.svg\" width=\"32 \" height=\"32\" alt=\"pdf\"><\/a><\/td>\n<td>atramentowa<\/td>\n<td>bia&#322;y matowy<\/td>\n<td>poliester<\/td>\n<td>85 <\/td>\n<\/tr>\n<\/table>\n<p><a href=\"\/pl\/ru\/product-category\/markirovka-provoda\/samolaminiruyushchiesya-markery-dlya-lazernogo-printera\/\" target=\"_blank\" rel=\"noopener\">markery samolaminuj&#261;ce<\/a>.<br>\nAle musisz zrozumie&#263;, &#380;e ich koszt jest wy&#380;szy. I og&oacute;lnie rzecz bior&#261;c, nikt zwykle nie zeskrobuje szkie&#322;ek oznaczonych w ciek&#322;ym azocie skalpelem &hellip; -&#128522;<br>\n<\/p><\/div>\n<div class=\"su-tabs-pane su-u-clearfix su-u-trim\" data-title=\"Mo&#380;liwo&#347;ci\">\n<h3>Mo&#380;liwo&#347;ci<\/h3>\n<p>&bull; Etykiety dowolnego rozmiaru w rolkach i na arkuszach A4 do drukarek termotransferowych, laserowych lub atramentowych.<br>\n&bull; Etykiety z nadrukowanym logo laboratorium lub innymi sta&#322;ymi informacjami.<br>\n&bull; Niestandardowe drukowanie etykiet, w tym zmiennego kodu kreskowego lub kodu 2d.<\/p>\n<p>Uwaga:<br>\nPodczas etykietowania prob&oacute;wek poprzez owijanie, dla niezawodnego mocowania podczas przechowywania, etykieta powinna przyklei&#263; si&#281; do siebie.<br>\nOznacza to, &#380;e rozmiar etykiety, w zale&#380;no&#347;ci od &#347;rednicy prob&oacute;wki, powinien by&#263; nieco wi&#281;kszy ni&#380; PI (3.14) * D (&#347;rednica) -&#128522;<\/p>\n<p><\/p><\/div>\n<div class=\"su-tabs-pane su-u-clearfix su-u-trim\" data-title=\"Sprz&#281;t do drukowania\">\n<h3>Sprz&#281;t do drukowania<\/h3>\n<p>Polecamy:<br>\n&bull; kompaktowe i niezawodne <a href=\"\/pl\/product-category\/thermal-transfer-printers\/\" rel=\"noopener\" target=\"_blank\">drukarki etykiet<\/a> firmy cab (Niemcy):<br>\n&bull; <a href=\"\/pl\/product\/tube-labeling-thermal-transfer-printer-cab-axon-2\/\" rel=\"noopener\" target=\"_blank\">drukarka-aplikator cab AXON 2<\/a> do znakowania prob&oacute;wek.<\/p>\n<p>Ten sprz&#281;t do drukowania zapewnia:<br>\n&bull; Wyr&oacute;wnanie rolek materia&#322;&oacute;w eksploatacyjnych od &#347;rodka g&#322;owicy termicznej gwarantuje stabilne mocowanie w&#261;skich rolek etykiet;<br>\n&bull; drukowanie kompaktowych etykiet o rozmiarach od 4&times;4 mm;<br>\n&bull; tryb drukowania zapewniaj&#261;cy maksymaln&#261; odporno&#347;&#263; na agresywne rozpuszczalniki;<br>\n&bull; integracj&#281; z automatycznymi systemami drukowania, bazami danych i ksi&#281;gowo&#347;ci&#261;;<br>\n&bull; mo&#380;liwo&#347;&#263; pracy offline (oprogramowanie w zestawie);<br>\n&bull; mo&#380;na wyposa&#380;y&#263; w weryfikator do sprawdzania czytelno&#347;ci kod&oacute;w kreskowych;<\/p>\n<p>Zestawy <mark>TML CRYO<\/mark> nadaj&#261; si&#281; r&oacute;wnie&#380; do drukowania na drukarkach termotransferowych firm Zebra, Toshiba, Citizen i innych producent&oacute;w.<br>\n<\/p><\/div>\n<div class=\"su-tabs-pane su-u-clearfix su-u-trim\" data-title=\"Wideo\">\n<h3>Wideo<\/h3>\n<p><a href=\"https:\/\/youtu.be\/QL4jGJ62cE8\" target=\"_blank\" rel=\"noopener noreferrer\"><img loading=\"lazy\" decoding=\"async\" src=\"\/pl\/wp-content\/uploads\/2023\/05\/marking-krio-labels_vid_cab-axon2_320x180.jpg\" alt=\"Axon 2\" width=\"320\" height=\"180\" class=\"vid\"><br>drukowanie i etykietowanie prob&oacute;wek na drukarce-aplikatorze AXON2<\/a><\/p>\n<p><\/p><\/div>\n<div class=\"su-tabs-pane su-u-clearfix su-u-trim\" data-title=\"Zam&oacute;wienie\/Zapytanie\">\n<h3>Zam&oacute;wienie\/Zapytanie<\/h3>\n<p>\n<\/p><div class=\"wpcf7 no-js\" id=\"wpcf7-f2015-o1\" lang=\"ru-RU\" dir=\"ltr\" data-wpcf7-id=\"2015\">\n<div class=\"screen-reader-response\"><p role=\"status\" aria-live=\"polite\" aria-atomic=\"true\"><\/p> <ul><\/ul><\/div>\n<form action=\"\/pl\/wp-json\/wp\/v2\/pages\/16030#wpcf7-f2015-o1\" method=\"post\" class=\"wpcf7-form init\" aria-label=\"&#1050;&#1086;&#1085;&#1090;&#1072;&#1082;&#1090;&#1085;&#1072;&#1103; &#1092;&#1086;&#1088;&#1084;&#1072;\" enctype=\"multipart\/form-data\" novalidate=\"novalidate\" data-status=\"init\">\n<fieldset class=\"hidden-fields-container\"><input type=\"hidden\" name=\"_wpcf7\" value=\"2015\"><input type=\"hidden\" name=\"_wpcf7_version\" value=\"6.1.5\"><input type=\"hidden\" name=\"_wpcf7_locale\" value=\"ru_RU\"><input type=\"hidden\" name=\"_wpcf7_unit_tag\" value=\"wpcf7-f2015-o1\"><input type=\"hidden\" name=\"_wpcf7_container_post\" value=\"0\"><input type=\"hidden\" name=\"_wpcf7_posted_data_hash\" value=\"\"><input type=\"hidden\" name=\"_wpcf7_recaptcha_response\" value=\"\">\n<\/fieldset>\n<h4>Formularz kontaktowy\n<\/h4>\n<div class=\"clean\">\n\t<p><label class=\"callback\"><span class=\"fieldname\"><span class=\"text-danger\">*<\/span> Wiadomo&#347;&#263;<\/span><span class=\"wpcf7-form-control-wrap\" data-name=\"ymessage\"><textarea cols=\"90\" rows=\"2\" maxlength=\"2000\" class=\"wpcf7-form-control wpcf7-textarea wpcf7-validates-as-required\" aria-required=\"true\" aria-invalid=\"false\" placeholder=\"Twoja wiadomo&#347;&#263;\" name=\"ymessage\"><\/textarea><\/span><\/label><br>\n<label class=\"callback\"><span class=\"fieldname\"><span class=\"text-danger\">*<\/span> Imi&#281; i nazwisko<\/span><span class=\"wpcf7-form-control-wrap\" data-name=\"yname\"><input size=\"25\" maxlength=\"400\" class=\"wpcf7-form-control wpcf7-text wpcf7-validates-as-required\" aria-required=\"true\" aria-invalid=\"false\" placeholder=\"Twoje imi&#281; i nazwisko\" value=\"\" type=\"text\" name=\"yname\"><\/span><\/label><br>\n<label class=\"callback\"><span class=\"fieldname\"><span class=\"text-danger\">*<\/span> E-mail<\/span><span class=\"wpcf7-form-control-wrap\" data-name=\"yemail\"><input size=\"40\" maxlength=\"400\" class=\"wpcf7-form-control wpcf7-email wpcf7-validates-as-required wpcf7-text wpcf7-validates-as-email\" aria-required=\"true\" aria-invalid=\"false\" placeholder=\"Tw&oacute;j e-mail\" value=\"\" type=\"email\" name=\"yemail\"><\/span><\/label><br>\n<label class=\"callback\"><span class=\"fieldname\"><span class=\"text-danger\">*<\/span> Telefon<\/span><span class=\"wpcf7-form-control-wrap\" data-name=\"yphone\"><input size=\"25\" maxlength=\"400\" class=\"wpcf7-form-control wpcf7-text wpcf7-validates-as-required\" aria-required=\"true\" aria-invalid=\"false\" placeholder=\"Tw&oacute;j numer telefonu z numerem kierunkowym\" value=\"\" type=\"text\" name=\"yphone\"><\/span><\/label>\n\t<\/p>\n\t<div class=\"clean hide\">\n\t\t<p><label class=\"callback\"><br>\n<\/label>\n\t\t<\/p>\n\t\t<div class=\"tooltip\">\n\t\t\t<p>?<br>\n<span class=\"tooltiptext\">Maksymalny rozmiar pliku 10 Mb<br>\nDozwolone typy plik&oacute;w: .doc .docx .cdr .ai .eps .pdf .tiff .psd .jpg .jpeg .gif .bmp .png<\/span>\n\t\t\t<\/p>\n\t\t<\/div>\n\t\t<div style=\"display:flex;\">\n\t\t\t<p>Masz za&#322;&#261;cznik?\n\t\t\t<\/p>\n\t\t<\/div>\n\t\t<p><span class=\"wpcf7-form-control-wrap\" data-name=\"yattachment\"><input size=\"40\" class=\"wpcf7-form-control wpcf7-file\" accept=\".doc,.docx,.cdr,.ai,.eps,.pdf,.tiff,.psd,.jpg,.jpeg,.gif,.bmp,.png\" aria-invalid=\"false\" type=\"file\" name=\"yattachment\"><\/span><br>\n\t\t<\/p>\n\t<\/div>\n\n\t<div class=\"clean pt-3 text-center\">\n\t\t<p><input class=\"wpcf7-form-control wpcf7-submit has-spinner contact\" type=\"submit\" value=\"Wy&#347;lij wiadomo&#347;&#263;\">\n\t\t<\/p>\n\t<\/div>\n<\/div><div class=\"wpcf7-response-output\" aria-hidden=\"true\"><\/div>\n<\/form>\n<\/div>\n<br>\n<\/div><\/div><\/div>\n","protected":false},"excerpt":{"rendered":"<p>Etykiety i zestawy z serii TML CRYO do etykietowania krioprob\u00f3wek, kriokontener\u00f3w, statyw\u00f3w i pude\u0142ek w g\u0142\u0119bokim zamra\u017caniu. Materia\u0142 etykiety i klej \u2013 zaprojektowane, przetestowane i przeznaczone do d\u0142ugotrwa\u0142ego przechowywania biomateria\u0142\u00f3w w temperaturach do -196\u00b0C. Wysokokontrastowy wydruk kod\u00f3w kreskowych lub dwuwymiarowych kod\u00f3w \u2013 odporny na wszelkie mo\u017cliwe wp\u0142ywy podczas eksploatacji i d\u0142ugotrwa\u0142ego przechowywania. Jednak\u017ce &#8211; zawsze [&hellip;]<\/p>\n","protected":false},"author":1,"featured_media":0,"parent":15845,"menu_order":0,"comment_status":"closed","ping_status":"closed","template":"page-templates\/page-sidebar-none.php","meta":{"footnotes":""},"class_list":["post-16030","page","type-page","status-publish","hentry"],"yoast_head":"<!-- This site is optimized with the Yoast SEO plugin v27.4 - https:\/\/yoast.com\/product\/yoast-seo-wordpress\/ -->\n<title>Znakowanie w warunkach krio-zamra\u017cania | TML<\/title>\n<meta name=\"description\" content=\"Labels for cryofreezing, for labeling cryotubes, cryocontainers, racks and boxes in deep freezing. Labels for long-term storage at temperatures up to -196\u00b0C.\" \/>\n<meta name=\"robots\" content=\"index, follow, max-snippet:-1, max-image-preview:large, max-video-preview:-1\" \/>\n<link rel=\"canonical\" href=\"https:\/\/tml.lt\/pl\/solutions\/medicine\/cryo-freezing-marking\/\" \/>\n<meta property=\"og:locale\" content=\"pl_PL\" \/>\n<meta property=\"og:type\" content=\"article\" \/>\n<meta property=\"og:title\" content=\"Znakowanie w warunkach krio-zamra\u017cania | TML\" \/>\n<meta property=\"og:description\" content=\"Labels for cryofreezing, for labeling cryotubes, cryocontainers, racks and boxes in deep freezing. Labels for long-term storage at temperatures up to -196\u00b0C.\" \/>\n<meta property=\"og:url\" content=\"https:\/\/tml.lt\/pl\/solutions\/medicine\/cryo-freezing-marking\/\" \/>\n<meta property=\"og:site_name\" content=\"TML\" \/>\n<meta property=\"article:modified_time\" content=\"2025-10-08T12:01:33+00:00\" \/>\n<meta name=\"twitter:card\" content=\"summary_large_image\" \/>\n<meta name=\"twitter:label1\" content=\"Szacowany czas czytania\" \/>\n\t<meta name=\"twitter:data1\" content=\"2 minuty\" \/>\n<script type=\"application\/ld+json\" class=\"yoast-schema-graph\">{\"@context\":\"https:\\\/\\\/schema.org\",\"@graph\":[{\"@type\":\"WebPage\",\"@id\":\"https:\\\/\\\/tml.lt\\\/pl\\\/solutions\\\/medicine\\\/cryo-freezing-marking\\\/\",\"url\":\"https:\\\/\\\/tml.lt\\\/pl\\\/solutions\\\/medicine\\\/cryo-freezing-marking\\\/\",\"name\":\"Znakowanie w warunkach krio-zamra\u017cania | TML\",\"isPartOf\":{\"@id\":\"https:\\\/\\\/tml.lt\\\/pl\\\/#website\"},\"datePublished\":\"2023-05-31T05:55:20+00:00\",\"dateModified\":\"2025-10-08T12:01:33+00:00\",\"description\":\"Labels for cryofreezing, for labeling cryotubes, cryocontainers, racks and boxes in deep freezing. Labels for long-term storage at temperatures up to -196\u00b0C.\",\"breadcrumb\":{\"@id\":\"https:\\\/\\\/tml.lt\\\/pl\\\/solutions\\\/medicine\\\/cryo-freezing-marking\\\/#breadcrumb\"},\"inLanguage\":\"pl-PL\",\"potentialAction\":[{\"@type\":\"ReadAction\",\"target\":[\"https:\\\/\\\/tml.lt\\\/pl\\\/solutions\\\/medicine\\\/cryo-freezing-marking\\\/\"]}]},{\"@type\":\"BreadcrumbList\",\"@id\":\"https:\\\/\\\/tml.lt\\\/pl\\\/solutions\\\/medicine\\\/cryo-freezing-marking\\\/#breadcrumb\",\"itemListElement\":[{\"@type\":\"ListItem\",\"position\":1,\"name\":\"\u0413\u043b\u0430\u0432\u043d\u0430\u044f \u0441\u0442\u0440\u0430\u043d\u0438\u0446\u0430\",\"item\":\"https:\\\/\\\/tml.lt\\\/pl\\\/\"},{\"@type\":\"ListItem\",\"position\":2,\"name\":\"Rozwi\u0105zania\",\"item\":\"https:\\\/\\\/tml.lt\\\/pl\\\/solutions\\\/\"},{\"@type\":\"ListItem\",\"position\":3,\"name\":\"Medycyna\",\"item\":\"https:\\\/\\\/tml.lt\\\/pl\\\/solutions\\\/medicine\\\/\"},{\"@type\":\"ListItem\",\"position\":4,\"name\":\"Znakowanie w warunkach krio-zamra\u017cania\"}]},{\"@type\":\"WebSite\",\"@id\":\"https:\\\/\\\/tml.lt\\\/pl\\\/#website\",\"url\":\"https:\\\/\\\/tml.lt\\\/pl\\\/\",\"name\":\"TML\",\"description\":\"UAB TML-LT\",\"publisher\":{\"@id\":\"https:\\\/\\\/tml.lt\\\/pl\\\/#organization\"},\"potentialAction\":[{\"@type\":\"SearchAction\",\"target\":{\"@type\":\"EntryPoint\",\"urlTemplate\":\"https:\\\/\\\/tml.lt\\\/pl\\\/?s={search_term_string}\"},\"query-input\":{\"@type\":\"PropertyValueSpecification\",\"valueRequired\":true,\"valueName\":\"search_term_string\"}}],\"inLanguage\":\"pl-PL\"},{\"@type\":\"Organization\",\"@id\":\"https:\\\/\\\/tml.lt\\\/pl\\\/#organization\",\"name\":\"TML\",\"url\":\"https:\\\/\\\/tml.lt\\\/pl\\\/\",\"logo\":{\"@type\":\"ImageObject\",\"inLanguage\":\"pl-PL\",\"@id\":\"https:\\\/\\\/tml.lt\\\/pl\\\/#\\\/schema\\\/logo\\\/image\\\/\",\"url\":\"https:\\\/\\\/tml.lt\\\/pl\\\/wp-content\\\/uploads\\\/2020\\\/09\\\/tml-logo-black-4.png\",\"contentUrl\":\"https:\\\/\\\/tml.lt\\\/pl\\\/wp-content\\\/uploads\\\/2020\\\/09\\\/tml-logo-black-4.png\",\"width\":470,\"height\":110,\"caption\":\"TML\"},\"image\":{\"@id\":\"https:\\\/\\\/tml.lt\\\/pl\\\/#\\\/schema\\\/logo\\\/image\\\/\"}}]}<\/script>\n<!-- \/ Yoast SEO plugin. -->","yoast_head_json":{"title":"Znakowanie w warunkach krio-zamra\u017cania | TML","description":"Labels for cryofreezing, for labeling cryotubes, cryocontainers, racks and boxes in deep freezing. Labels for long-term storage at temperatures up to -196\u00b0C.","robots":{"index":"index","follow":"follow","max-snippet":"max-snippet:-1","max-image-preview":"max-image-preview:large","max-video-preview":"max-video-preview:-1"},"canonical":"https:\/\/tml.lt\/pl\/solutions\/medicine\/cryo-freezing-marking\/","og_locale":"pl_PL","og_type":"article","og_title":"Znakowanie w warunkach krio-zamra\u017cania | TML","og_description":"Labels for cryofreezing, for labeling cryotubes, cryocontainers, racks and boxes in deep freezing. Labels for long-term storage at temperatures up to -196\u00b0C.","og_url":"https:\/\/tml.lt\/pl\/solutions\/medicine\/cryo-freezing-marking\/","og_site_name":"TML","article_modified_time":"2025-10-08T12:01:33+00:00","twitter_card":"summary_large_image","twitter_misc":{"Szacowany czas czytania":"2 minuty"},"schema":{"@context":"https:\/\/schema.org","@graph":[{"@type":"WebPage","@id":"https:\/\/tml.lt\/pl\/solutions\/medicine\/cryo-freezing-marking\/","url":"https:\/\/tml.lt\/pl\/solutions\/medicine\/cryo-freezing-marking\/","name":"Znakowanie w warunkach krio-zamra\u017cania | TML","isPartOf":{"@id":"https:\/\/tml.lt\/pl\/#website"},"datePublished":"2023-05-31T05:55:20+00:00","dateModified":"2025-10-08T12:01:33+00:00","description":"Labels for cryofreezing, for labeling cryotubes, cryocontainers, racks and boxes in deep freezing. Labels for long-term storage at temperatures up to -196\u00b0C.","breadcrumb":{"@id":"https:\/\/tml.lt\/pl\/solutions\/medicine\/cryo-freezing-marking\/#breadcrumb"},"inLanguage":"pl-PL","potentialAction":[{"@type":"ReadAction","target":["https:\/\/tml.lt\/pl\/solutions\/medicine\/cryo-freezing-marking\/"]}]},{"@type":"BreadcrumbList","@id":"https:\/\/tml.lt\/pl\/solutions\/medicine\/cryo-freezing-marking\/#breadcrumb","itemListElement":[{"@type":"ListItem","position":1,"name":"\u0413\u043b\u0430\u0432\u043d\u0430\u044f \u0441\u0442\u0440\u0430\u043d\u0438\u0446\u0430","item":"https:\/\/tml.lt\/pl\/"},{"@type":"ListItem","position":2,"name":"Rozwi\u0105zania","item":"https:\/\/tml.lt\/pl\/solutions\/"},{"@type":"ListItem","position":3,"name":"Medycyna","item":"https:\/\/tml.lt\/pl\/solutions\/medicine\/"},{"@type":"ListItem","position":4,"name":"Znakowanie w warunkach krio-zamra\u017cania"}]},{"@type":"WebSite","@id":"https:\/\/tml.lt\/pl\/#website","url":"https:\/\/tml.lt\/pl\/","name":"TML","description":"UAB TML-LT","publisher":{"@id":"https:\/\/tml.lt\/pl\/#organization"},"potentialAction":[{"@type":"SearchAction","target":{"@type":"EntryPoint","urlTemplate":"https:\/\/tml.lt\/pl\/?s={search_term_string}"},"query-input":{"@type":"PropertyValueSpecification","valueRequired":true,"valueName":"search_term_string"}}],"inLanguage":"pl-PL"},{"@type":"Organization","@id":"https:\/\/tml.lt\/pl\/#organization","name":"TML","url":"https:\/\/tml.lt\/pl\/","logo":{"@type":"ImageObject","inLanguage":"pl-PL","@id":"https:\/\/tml.lt\/pl\/#\/schema\/logo\/image\/","url":"https:\/\/tml.lt\/pl\/wp-content\/uploads\/2020\/09\/tml-logo-black-4.png","contentUrl":"https:\/\/tml.lt\/pl\/wp-content\/uploads\/2020\/09\/tml-logo-black-4.png","width":470,"height":110,"caption":"TML"},"image":{"@id":"https:\/\/tml.lt\/pl\/#\/schema\/logo\/image\/"}}]}},"amp_enabled":false,"_links":{"self":[{"href":"https:\/\/tml.lt\/pl\/wp-json\/wp\/v2\/pages\/16030","targetHints":{"allow":["GET"]}}],"collection":[{"href":"https:\/\/tml.lt\/pl\/wp-json\/wp\/v2\/pages"}],"about":[{"href":"https:\/\/tml.lt\/pl\/wp-json\/wp\/v2\/types\/page"}],"author":[{"embeddable":true,"href":"https:\/\/tml.lt\/pl\/wp-json\/wp\/v2\/users\/1"}],"replies":[{"embeddable":true,"href":"https:\/\/tml.lt\/pl\/wp-json\/wp\/v2\/comments?post=16030"}],"version-history":[{"count":0,"href":"https:\/\/tml.lt\/pl\/wp-json\/wp\/v2\/pages\/16030\/revisions"}],"up":[{"embeddable":true,"href":"https:\/\/tml.lt\/pl\/wp-json\/wp\/v2\/pages\/15845"}],"wp:attachment":[{"href":"https:\/\/tml.lt\/pl\/wp-json\/wp\/v2\/media?parent=16030"}],"curies":[{"name":"wp","href":"https:\/\/api.w.org\/{rel}","templated":true}]}}