{"id":16214,"date":"2023-06-07T16:33:00","date_gmt":"2023-06-07T14:33:00","guid":{"rendered":"https:\/\/tml.lt\/solutions\/logistics-trade-warehouse\/"},"modified":"2025-11-03T11:28:49","modified_gmt":"2025-11-03T09:28:49","slug":"logistics-trade-warehouse","status":"publish","type":"page","link":"https:\/\/tml.lt\/pl\/solutions\/logistics-trade-warehouse\/","title":{"rendered":"Logistyka, Handel, Magazynowanie"},"content":{"rendered":"<p>Rozwi&#261;zania dla firm dzia&#322;aj&#261;cych w obszarze logistyki, magazynowania i handlu.<\/p>\n<div class=\"pics row bgr\">\n<div class=\"imgcard text-center\"><a href=\"\/pl\/solutions\/logistics-trade-warehouse\/oznakowanie-niebezpiecznych-produktow-zgodnie-ze-standardami-ghs\/\"><img loading=\"lazy\" decoding=\"async\" src=\"\/pl\/wp-content\/uploads\/2025\/10\/ghs-icon.webp\" alt=\"Returnable container marking\" width=\"300\" height=\"300\">Oznakowanie niebezpiecznych produkt&oacute;w ze GHS<\/a><\/div>\n<div class=\"imgcard text-center\"><a href=\"\/pl\/solutions\/logistics-trade-warehouse\/returnable-containers\/\"><img loading=\"lazy\" decoding=\"async\" src=\"\/img\/vozvratnaya-tara_300px.jpg\" alt=\"Oznaczanie pojemnik&oacute;w zwrotnych\" width=\"300\" height=\"300\">Oznaczanie pojemnik&oacute;w zwrotnych<\/a><\/div>\n<div class=\"imgcard text-center\"><a href=\"\/pl\/solutions\/5s-system\/\"><img loading=\"lazy\" decoding=\"async\" src=\"\/img\/5S-system_300px.jpg\" alt=\"5S System\" width=\"300\" height=\"300\"><br>5S System<\/a><\/div>\n<div class=\"imgcard text-center\"><a href=\"\/pl\/solutions\/electric-power-supply\/masking-powder-coating\/\" rel=\"noopener noreferrer\"><img loading=\"lazy\" decoding=\"async\" src=\"\/ru\/wp-content\/uploads\/2018\/02\/Maskavimo-juostos.jpg\" alt=\"Maskowanie w malowaniu proszkowym\" height=\"300\" width=\"300\"><br>Maskowanie w malowaniu proszkowym<\/a><\/div>\n<div class=\"imgcard text-center\"><a href=\"\/pl\/solutions\/electric-power-supply\/wire-harnesses-marking\/\"><img loading=\"lazy\" decoding=\"async\" src=\"\/wp-content\/uploads\/2024\/09\/laidu-pynimu-ir-kabeliu-mazgu-zenklinimas-300x300.jpg\" alt=\"Znakowanie wi&#261;zek przewod&oacute;w i zespo&#322;&oacute;w kablowych\" width=\"300\" height=\"300\"><br>Znakowanie wi&#261;zek przewod&oacute;w i zespo&#322;&oacute;w kablowych<\/a><\/div>\n<div class=\"imgcard text-center\"><a href=\"\/pl\/solutions\/electric-power-supply\/review-of-ul-astm-mil-standards-for-marking-insulation-and-installation-of-wires\/\"><img loading=\"lazy\" decoding=\"async\" src=\"\/pl\/wp-content\/uploads\/2025\/01\/Overview-of-UL-ASTM-MIL-standards-for-wire-marking-insulation-and-installation.jpg\" alt=\"Przegl&#261;d norm UL, ASTM, MIL dotycz&#261;cych znakowania, izolacji i instalacji przewod&oacute;w\" width=\"300\" height=\"300\"><br>Przegl&#261;d norm UL, ASTM, MIL dotycz&#261;cych znakowania, izolacji i instalacji przewod&oacute;w<\/a><\/div>\n<div class=\"imgcard text-center\"><a href=\"\/pl\/solutions\/electronics-and-instrumentation\/special-film-labels-in-a4-format-with-durable-adhesive-for-a-laser-printer\/\"><img loading=\"lazy\" decoding=\"async\" src=\"\/pl\/wp-content\/uploads\/2025\/02\/Laser-printing.jpg\" alt=\"Etykiety foliowe w formacie A4 do drukarki laserowej\" width=\"300\" height=\"300\"><br>Etykiety foliowe w formacie A4 do drukarki laserowej<\/a><\/div>\n<\/div>\n","protected":false},"excerpt":{"rendered":"<p>Rozwi\u0105zania dla firm dzia\u0142aj\u0105cych w obszarze logistyki, magazynowania i handlu. Oznakowanie niebezpiecznych produkt\u00f3w ze GHS Oznaczanie pojemnik\u00f3w zwrotnych 5S System Maskowanie w malowaniu proszkowym Znakowanie wi\u0105zek przewod\u00f3w i zespo\u0142\u00f3w kablowych Przegl\u0105d norm UL, ASTM, MIL dotycz\u0105cych znakowania, izolacji i instalacji przewod\u00f3w Etykiety foliowe w formacie A4 do drukarki laserowej<\/p>\n","protected":false},"author":1,"featured_media":0,"parent":15030,"menu_order":0,"comment_status":"closed","ping_status":"closed","template":"page-templates\/page-sidebar-none.php","meta":{"footnotes":""},"class_list":["post-16214","page","type-page","status-publish","hentry"],"yoast_head":"<!-- This site is optimized with the Yoast SEO plugin v27.4 - https:\/\/yoast.com\/product\/yoast-seo-wordpress\/ -->\n<title>Logistyka, Handel, Magazynowanie | TML<\/title>\n<meta name=\"description\" content=\"Rozwi\u0105zania dla firm dzia\u0142aj\u0105cych w obszarze logistyki, magazynowania i handlu.TML\" \/>\n<meta name=\"robots\" content=\"index, follow, max-snippet:-1, max-image-preview:large, max-video-preview:-1\" \/>\n<link rel=\"canonical\" href=\"https:\/\/tml.lt\/pl\/solutions\/logistics-trade-warehouse\/\" \/>\n<meta property=\"og:locale\" content=\"pl_PL\" \/>\n<meta property=\"og:type\" content=\"article\" \/>\n<meta property=\"og:title\" content=\"Logistyka, Handel, Magazynowanie | TML\" \/>\n<meta property=\"og:description\" content=\"Rozwi\u0105zania dla firm dzia\u0142aj\u0105cych w obszarze logistyki, magazynowania i handlu.TML\" \/>\n<meta property=\"og:url\" content=\"https:\/\/tml.lt\/pl\/solutions\/logistics-trade-warehouse\/\" \/>\n<meta property=\"og:site_name\" content=\"TML\" \/>\n<meta property=\"article:modified_time\" content=\"2025-11-03T09:28:49+00:00\" \/>\n<meta name=\"twitter:card\" content=\"summary_large_image\" \/>\n<script type=\"application\/ld+json\" class=\"yoast-schema-graph\">{\"@context\":\"https:\\\/\\\/schema.org\",\"@graph\":[{\"@type\":\"WebPage\",\"@id\":\"https:\\\/\\\/tml.lt\\\/pl\\\/solutions\\\/logistics-trade-warehouse\\\/\",\"url\":\"https:\\\/\\\/tml.lt\\\/pl\\\/solutions\\\/logistics-trade-warehouse\\\/\",\"name\":\"Logistyka, Handel, Magazynowanie | TML\",\"isPartOf\":{\"@id\":\"https:\\\/\\\/tml.lt\\\/pl\\\/#website\"},\"datePublished\":\"2023-06-07T14:33:00+00:00\",\"dateModified\":\"2025-11-03T09:28:49+00:00\",\"description\":\"Rozwi\u0105zania dla firm dzia\u0142aj\u0105cych w obszarze logistyki, magazynowania i handlu.TML\",\"breadcrumb\":{\"@id\":\"https:\\\/\\\/tml.lt\\\/pl\\\/solutions\\\/logistics-trade-warehouse\\\/#breadcrumb\"},\"inLanguage\":\"pl-PL\",\"potentialAction\":[{\"@type\":\"ReadAction\",\"target\":[\"https:\\\/\\\/tml.lt\\\/pl\\\/solutions\\\/logistics-trade-warehouse\\\/\"]}]},{\"@type\":\"BreadcrumbList\",\"@id\":\"https:\\\/\\\/tml.lt\\\/pl\\\/solutions\\\/logistics-trade-warehouse\\\/#breadcrumb\",\"itemListElement\":[{\"@type\":\"ListItem\",\"position\":1,\"name\":\"\u0413\u043b\u0430\u0432\u043d\u0430\u044f \u0441\u0442\u0440\u0430\u043d\u0438\u0446\u0430\",\"item\":\"https:\\\/\\\/tml.lt\\\/pl\\\/\"},{\"@type\":\"ListItem\",\"position\":2,\"name\":\"Rozwi\u0105zania\",\"item\":\"https:\\\/\\\/tml.lt\\\/pl\\\/solutions\\\/\"},{\"@type\":\"ListItem\",\"position\":3,\"name\":\"Logistyka, Handel, Magazynowanie\"}]},{\"@type\":\"WebSite\",\"@id\":\"https:\\\/\\\/tml.lt\\\/pl\\\/#website\",\"url\":\"https:\\\/\\\/tml.lt\\\/pl\\\/\",\"name\":\"TML\",\"description\":\"UAB TML-LT\",\"publisher\":{\"@id\":\"https:\\\/\\\/tml.lt\\\/pl\\\/#organization\"},\"potentialAction\":[{\"@type\":\"SearchAction\",\"target\":{\"@type\":\"EntryPoint\",\"urlTemplate\":\"https:\\\/\\\/tml.lt\\\/pl\\\/?s={search_term_string}\"},\"query-input\":{\"@type\":\"PropertyValueSpecification\",\"valueRequired\":true,\"valueName\":\"search_term_string\"}}],\"inLanguage\":\"pl-PL\"},{\"@type\":\"Organization\",\"@id\":\"https:\\\/\\\/tml.lt\\\/pl\\\/#organization\",\"name\":\"TML\",\"url\":\"https:\\\/\\\/tml.lt\\\/pl\\\/\",\"logo\":{\"@type\":\"ImageObject\",\"inLanguage\":\"pl-PL\",\"@id\":\"https:\\\/\\\/tml.lt\\\/pl\\\/#\\\/schema\\\/logo\\\/image\\\/\",\"url\":\"https:\\\/\\\/tml.lt\\\/pl\\\/wp-content\\\/uploads\\\/2020\\\/09\\\/tml-logo-black-4.png\",\"contentUrl\":\"https:\\\/\\\/tml.lt\\\/pl\\\/wp-content\\\/uploads\\\/2020\\\/09\\\/tml-logo-black-4.png\",\"width\":470,\"height\":110,\"caption\":\"TML\"},\"image\":{\"@id\":\"https:\\\/\\\/tml.lt\\\/pl\\\/#\\\/schema\\\/logo\\\/image\\\/\"}}]}<\/script>\n<!-- \/ Yoast SEO plugin. -->","yoast_head_json":{"title":"Logistyka, Handel, Magazynowanie | TML","description":"Rozwi\u0105zania dla firm dzia\u0142aj\u0105cych w obszarze logistyki, magazynowania i handlu.TML","robots":{"index":"index","follow":"follow","max-snippet":"max-snippet:-1","max-image-preview":"max-image-preview:large","max-video-preview":"max-video-preview:-1"},"canonical":"https:\/\/tml.lt\/pl\/solutions\/logistics-trade-warehouse\/","og_locale":"pl_PL","og_type":"article","og_title":"Logistyka, Handel, Magazynowanie | TML","og_description":"Rozwi\u0105zania dla firm dzia\u0142aj\u0105cych w obszarze logistyki, magazynowania i handlu.TML","og_url":"https:\/\/tml.lt\/pl\/solutions\/logistics-trade-warehouse\/","og_site_name":"TML","article_modified_time":"2025-11-03T09:28:49+00:00","twitter_card":"summary_large_image","schema":{"@context":"https:\/\/schema.org","@graph":[{"@type":"WebPage","@id":"https:\/\/tml.lt\/pl\/solutions\/logistics-trade-warehouse\/","url":"https:\/\/tml.lt\/pl\/solutions\/logistics-trade-warehouse\/","name":"Logistyka, Handel, Magazynowanie | TML","isPartOf":{"@id":"https:\/\/tml.lt\/pl\/#website"},"datePublished":"2023-06-07T14:33:00+00:00","dateModified":"2025-11-03T09:28:49+00:00","description":"Rozwi\u0105zania dla firm dzia\u0142aj\u0105cych w obszarze logistyki, magazynowania i handlu.TML","breadcrumb":{"@id":"https:\/\/tml.lt\/pl\/solutions\/logistics-trade-warehouse\/#breadcrumb"},"inLanguage":"pl-PL","potentialAction":[{"@type":"ReadAction","target":["https:\/\/tml.lt\/pl\/solutions\/logistics-trade-warehouse\/"]}]},{"@type":"BreadcrumbList","@id":"https:\/\/tml.lt\/pl\/solutions\/logistics-trade-warehouse\/#breadcrumb","itemListElement":[{"@type":"ListItem","position":1,"name":"\u0413\u043b\u0430\u0432\u043d\u0430\u044f \u0441\u0442\u0440\u0430\u043d\u0438\u0446\u0430","item":"https:\/\/tml.lt\/pl\/"},{"@type":"ListItem","position":2,"name":"Rozwi\u0105zania","item":"https:\/\/tml.lt\/pl\/solutions\/"},{"@type":"ListItem","position":3,"name":"Logistyka, Handel, Magazynowanie"}]},{"@type":"WebSite","@id":"https:\/\/tml.lt\/pl\/#website","url":"https:\/\/tml.lt\/pl\/","name":"TML","description":"UAB TML-LT","publisher":{"@id":"https:\/\/tml.lt\/pl\/#organization"},"potentialAction":[{"@type":"SearchAction","target":{"@type":"EntryPoint","urlTemplate":"https:\/\/tml.lt\/pl\/?s={search_term_string}"},"query-input":{"@type":"PropertyValueSpecification","valueRequired":true,"valueName":"search_term_string"}}],"inLanguage":"pl-PL"},{"@type":"Organization","@id":"https:\/\/tml.lt\/pl\/#organization","name":"TML","url":"https:\/\/tml.lt\/pl\/","logo":{"@type":"ImageObject","inLanguage":"pl-PL","@id":"https:\/\/tml.lt\/pl\/#\/schema\/logo\/image\/","url":"https:\/\/tml.lt\/pl\/wp-content\/uploads\/2020\/09\/tml-logo-black-4.png","contentUrl":"https:\/\/tml.lt\/pl\/wp-content\/uploads\/2020\/09\/tml-logo-black-4.png","width":470,"height":110,"caption":"TML"},"image":{"@id":"https:\/\/tml.lt\/pl\/#\/schema\/logo\/image\/"}}]}},"amp_enabled":false,"_links":{"self":[{"href":"https:\/\/tml.lt\/pl\/wp-json\/wp\/v2\/pages\/16214","targetHints":{"allow":["GET"]}}],"collection":[{"href":"https:\/\/tml.lt\/pl\/wp-json\/wp\/v2\/pages"}],"about":[{"href":"https:\/\/tml.lt\/pl\/wp-json\/wp\/v2\/types\/page"}],"author":[{"embeddable":true,"href":"https:\/\/tml.lt\/pl\/wp-json\/wp\/v2\/users\/1"}],"replies":[{"embeddable":true,"href":"https:\/\/tml.lt\/pl\/wp-json\/wp\/v2\/comments?post=16214"}],"version-history":[{"count":0,"href":"https:\/\/tml.lt\/pl\/wp-json\/wp\/v2\/pages\/16214\/revisions"}],"up":[{"embeddable":true,"href":"https:\/\/tml.lt\/pl\/wp-json\/wp\/v2\/pages\/15030"}],"wp:attachment":[{"href":"https:\/\/tml.lt\/pl\/wp-json\/wp\/v2\/media?parent=16214"}],"curies":[{"name":"wp","href":"https:\/\/api.w.org\/{rel}","templated":true}]}}