{"id":16273,"date":"2023-06-09T14:48:17","date_gmt":"2023-06-09T12:48:17","guid":{"rendered":"https:\/\/tml.lt\/solutions\/5s-system-five-steps-to-the-perfect-workplace\/"},"modified":"2025-10-08T14:23:13","modified_gmt":"2025-10-08T12:23:13","slug":"5s-system","status":"publish","type":"page","link":"https:\/\/tml.lt\/pl\/solutions\/5s-system\/","title":{"rendered":"5S System &#8211; pi\u0119\u0107 krok\u00f3w do idealnego miejsca pracy"},"content":{"rendered":"<div class=\"alignright\"><a href=\"\/pl\/img\/5S-system.jpg\" title=\"System 5S (pi&#281;&#263; krok&oacute;w)\"><img loading=\"lazy\" decoding=\"async\" style=\"border: 0 none;\" src=\"\/img\/5S-system_150px.jpg\" alt=\"5S - pi&#281;&#263; krok&oacute;w do idealnego miejsca pracy\" width=\"150\" height=\"150\" border=\"0\"><\/a><\/div>\n<p><mark>System 5S<\/mark> (skr&oacute;t od &bdquo;5 krok&oacute;w&rdquo; &ndash; pi&#281;&#263; krok&oacute;w) to narz&#281;dzie zapewniaj&#261;ce system <em><a href=\"https:\/\/en.wikipedia.org\/wiki\/Lean_manufacturing\" target=\"_blank\" rel=\"nofollow noopener noreferrer\">lean manufacturing<\/a><\/em> (szczup&#322;ej produkcji), usprawniaj&#261;ce miejsce pracy poprzez <a href=\"#mark\">oznakowanie<\/a>. Nie jest to &bdquo;standaryzacja sprz&#261;tania&rdquo;, lecz filozofia szczup&#322;ej, udanej i efektywnej produkcji. System zosta&#322; opracowany w powojennej Japonii przez Toyot&#281;.<\/p>\n<h2>Cele 5S<\/h2>\n<p>&bull; stworzenie komfortowego klimatu psychologicznego, stymuluj&#261;cego ch&#281;&#263; do pracy;<br>\n&bull; wzrost wydajno&#347;ci pracy;<br>\n&bull; zmniejszenie liczby wypadk&oacute;w;<br>\n&bull; podniesienie poziomu jako&#347;ci produkt&oacute;w, ograniczenie liczby wad.<\/p>\n<h2>Czym jest 5S<\/h2>\n<p>5S to pi&#281;&#263; japo&#324;skich s&#322;&oacute;w opisuj&#261;cych cykl pi&#281;ciu krok&oacute;w. Czynno&#347;ci le&#380;&#261;ce u podstaw 5S (sortowanie, racjonalne rozmieszczenie, sprz&#261;tanie, standaryzacja i doskonalenie) s&#261; absolutnie logiczne. Stanowi&#261; one podstawowe zasady zarz&#261;dzania ka&#380;dym dzia&#322;em produkcyjnym. Jednak to systematyczne podej&#347;cie, kt&oacute;re system 5S stosuje do tych dzia&#322;a&#324;, czyni go wyj&#261;tkowym.<\/p>\n<h3>Krok 1. Sortuj<\/h3>\n<p>Sortowanie (seiri) &ndash; wyra&#378;ny podzia&#322; rzeczy na niezb&#281;dne i zb&#281;dne oraz pozbycie si&#281; tych ostatnich. Oznacza to, &#380;e uwalniasz swoje miejsce pracy od wszystkiego, co nie jest potrzebne podczas wykonywania bie&#380;&#261;cych operacji produkcyjnych.<\/p>\n<p>Pracownicy i mened&#380;erowie cz&#281;sto nie maj&#261; w zwyczaju pozbywania si&#281; przedmiot&oacute;w, kt&oacute;re nie s&#261; ju&#380; potrzebne do pracy, trzymaj&#261;c je w pobli&#380;u &bdquo;na wszelki wypadek&rdquo;. Zwykle prowadzi to do niedopuszczalnego ba&#322;aganu lub zastawiania obszaru roboczego. Usuni&#281;cie niepotrzebnych przedmiot&oacute;w i uporz&#261;dkowanie miejsca pracy poprawia kultur&#281; pracy i bezpiecze&#324;stwo. Aby wyra&#378;niej zademonstrowa&#263;, ile nadmiaru nagromadzi&#322;o si&#281; w miejscu pracy, mo&#380;esz zawiesi&#263; **czerwon&#261; etykiet&#281; (flaga)** na ka&#380;dym przedmiocie kandyduj&#261;cym do usuni&#281;cia z obszaru roboczego.<\/p>\n<p>Wszyscy pracownicy s&#261; zaanga&#380;owani w sortowanie i identyfikacj&#281; przedmiot&oacute;w, kt&oacute;re:<br>\n&bull; musz&#261; zosta&#263; natychmiast usuni&#281;te, wyrzucone, zutylizowane;<br>\n&bull; powinny zosta&#263; przeniesione do bardziej odpowiedniego miejsca przechowywania;<br>\n&bull; musz&#261; zosta&#263; pozostawione, a ich miejsca musz&#261; zosta&#263; stworzone i oznaczone.<\/p>\n<p>&bdquo;Strefa czerwonej etykiety&rdquo; przedmiot&oacute;w z czerwonymi flagami musi by&#263; wyra&#378;nie zdefiniowana i starannie monitorowana. Przedmioty, kt&oacute;re pozostan&#261; nienaruszone przez ponad 30 dni, zostan&#261; poddane recyklingowi, sprzedane lub zutylizowane.<\/p>\n<h3>Krok 2. Uporz&#261;dkuj<\/h3>\n<p>Utrzymywanie porz&#261;dku (*seiton*) &ndash; schludno&#347;&#263;, organizacja przechowywania niezb&#281;dnych rzeczy, kt&oacute;ra sprawia, &#380;e mo&#380;na je szybko i &#322;atwo znale&#378;&#263; i u&#380;y&#263;. Oznacza to zdefiniowanie i wyznaczenie &bdquo;domu&rdquo; dla ka&#380;dego przedmiotu potrzebnego w obszarze roboczym, aby lokalizacja by&#322;a racjonalna. W przeciwnym razie, je&#347;li np. produkcja jest zorganizowana zmianowo, pracownicy na r&oacute;&#380;nych zmianach b&#281;d&#261; odk&#322;ada&#263; narz&#281;dzia, dokumentacj&#281; i komponenty w r&oacute;&#380;ne miejsca. Aby usprawni&#263; procesy i skr&oacute;ci&#263; cykl produkcyjny, niezwykle wa&#380;ne jest, aby zawsze pozostawia&#263; w&#322;a&#347;ciwe przedmioty w tych samych, przeznaczonych dla nich miejscach. Jest to kluczowy warunek minimalizacji czasu po&#347;wi&#281;conego na nieproduktywne poszukiwania.<\/p>\n<h3>Krok 3. Wyczy&#347;&#263;<\/h3>\n<p>Utrzymywanie czysto&#347;ci (*seiso*) &ndash; sprz&#261;tanie, utrzymywanie miejsca pracy w czysto&#347;ci i porz&#261;dku. Oznacza to dbanie o porz&#261;dek sprz&#281;tu i miejsca pracy, przeprowadzanie nowoczesnego sprz&#261;tania wystarczaj&#261;cego do przeprowadzenia kontroli i sta&#322;e jego utrzymywanie. Sprz&#261;tanie na pocz&#261;tku i\/lub na ko&#324;cu ka&#380;dej zmiany zapewnia natychmiastow&#261; identyfikacj&#281; potencjalnych problem&oacute;w, kt&oacute;re mog&#322;yby zatrzyma&#263; operacje, a nawet spowodowa&#263; przest&oacute;j ca&#322;ego obiektu, warsztatu lub zak&#322;adu.<\/p>\n<h3>Krok 4. Standaryzuj<\/h3>\n<p>Standaryzacja (*seiketsu*) to utrzymanie porz&#261;dku, niezb&#281;dny warunek spe&#322;nienia pierwszych trzech zasad. Jest to metoda, dzi&#281;ki kt&oacute;rej mo&#380;na osi&#261;gn&#261;&#263; stabilno&#347;&#263; w procedurach pierwszych trzech etap&oacute;w 5S &ndash; oznacza to opracowanie listy kontrolnej, kt&oacute;r&#261; ka&#380;dy rozumie i kt&oacute;ra jest &#322;atwa w u&#380;yciu. Przemy&#347;l niezb&#281;dne standardy czysto&#347;ci sprz&#281;tu i obszar&oacute;w roboczych, a ka&#380;dy w organizacji powinien wiedzie&#263;, jak wa&#380;ne jest to dla og&oacute;lnego sukcesu.<\/p>\n<h3>Krok 5: Utrzymaj<\/h3>\n<p>Doskonalenie (*shitsuke*) to kszta&#322;towanie nawyku, kultywowanie nawyku dok&#322;adnego przestrzegania ustalonych zasad, procedur i operacji technologicznych. Oznacza to, &#380;e wdra&#380;anie ustalonych procedur sta&#322;o si&#281; nawykiem.<\/p>\n<p>&nbsp;<\/p>\n<h2>Znaczenie kodu kolorystycznego w systemie 5S<\/h2>\n<div class=\"aligncenter\"><a href=\"\/pl\/img\/5S-lab_colors_en.jpg\" title=\"Znaczenie kodu kolorystycznego 5S\"><img decoding=\"async\" loading=\"lazy\" alt=\"Znaczenie kodu kolorystycznego 5S\" src=\"\/img\/5S-lab_colors_en.jpg\" style=\"width:100%;height:auto;max-width:768px;max-height:494px;\"><\/a><\/div>\n<h3>Przyk&#322;ad zastosowania ta&#347;m pod&#322;ogowych 3M<\/h3>\n<div class=\"aligncenter\"><a href=\"https:\/\/tml.lt\/wp-content\/uploads\/2019\/07\/3M-grind%C5%B3-%C5%BEenklinimo-juost%C5%B3-naudojimas-5S-sistemai.png\"><img decoding=\"async\" loading=\"lazy\" src=\"https:\/\/tml.lt\/wp-content\/uploads\/2019\/07\/3M-grind%C5%B3-%C5%BEenklinimo-juost%C5%B3-naudojimas-5S-sistemai.png\" alt=\"Przyk&#322;ad zastosowania ta&#347;m pod&#322;ogowych 3M w magazynie\" style=\"width:100%;height:auto;max-width:768px;max-height:600px;\"><\/a><\/div>\n<p>&nbsp;<\/p>\n<h2>Przyk&#322;ady (zdj&#281;cia) PRZED i PO wdro&#380;eniu 5S<\/h2>\n<div class=\"pics row bgr\">\n<div class=\"imgcard text-center\"><a href=\"\/img\/5S-before-after_work-place-example.jpg\" title=\"Studium przypadku 5S: Miejsce pracy\"><img decoding=\"async\" loading=\"lazy\" alt=\"Studium przypadku 5S\" src=\"\/img\/5S-before-after_work-place-example_s.jpg\" style=\"width:150px;height:150px;\"><br>Miejsce pracy<\/a><\/div>\n<div class=\"imgcard text-center\"><a href=\"\/img\/5S-before-after_working-place-example.jpg\" title=\"Studium przypadku 5S: Miejsce pracy\"><img decoding=\"async\" loading=\"lazy\" alt=\"Studium przypadku 5S\" src=\"\/img\/5S-before-after_working-place-example_s.jpg\" style=\"width:150px;height:150px;\"><br>Miejsce pracy<\/a><\/div>\n<div class=\"imgcard text-center\"><a href=\"\/img\/5S-before-after_warehouse-example.jpg\" title=\"Studium przypadku 5S: Magazyn\"><img decoding=\"async\" loading=\"lazy\" alt=\"Studium przypadku 5S\" src=\"\/img\/5S-before-after_warehouse-example_s.jpg\" style=\"width:150px;height:150px;\"><br>Magazyn<\/a><\/div>\n<div class=\"imgcard text-center\"><a href=\"\/img\/5S-before-after_office-desk.jpg\" title=\"Studium przypadku 5S: Biurko komputerowe\"><img decoding=\"async\" loading=\"lazy\" alt=\"Studium przypadku 5S\" src=\"\/img\/5S-before-after_office-desk_s.jpg\" style=\"width:150px;height:150px;\"><br>Biurko komputerowe<\/a><\/div>\n<div class=\"imgcard text-center\"><a href=\"\/img\/5S-before-after_lab-desk-example.jpg\" title=\"Studium przypadku 5S: St&oacute;&#322; laboratoryjny\"><img decoding=\"async\" loading=\"lazy\" alt=\"Studium przypadku 5S\" src=\"\/img\/5S-before-after_lab-desk-example_s.jpg\" style=\"width:150px;height:150px;\"><br>St&oacute;&#322; laboratoryjny<\/a><\/div>\n<div class=\"imgcard text-center\"><a href=\"\/img\/5S-before-after_craft-place-example.jpg\" title=\"Studium przypadku 5S: St&oacute;&#322; warsztatowy\"><img decoding=\"async\" loading=\"lazy\" alt=\"Studium przypadku 5S\" src=\"\/img\/5S-before-after_craft-place-example_s.jpg\" style=\"width:150px;height:150px;\"><br>St&oacute;&#322; warsztatowy<\/a><\/div>\n<\/div>\n<h2>Do wdro&#380;enia systemu 5S b&#281;dziesz potrzebowa&#263;<\/h2>\n<p><a id=\"mark\"><\/a><\/p>\n<div class=\"blk50\">\n<div><a title=\"Kolorowe ta&#347;my samoprzylepne\" href=\"#\"><img loading=\"lazy\" decoding=\"async\" src=\"\/img\/5S-more_3M-764-766-767-150px.jpg\" alt=\"Kolorowe ta&#347;my samoprzylepne\" width=\"150\" height=\"150\"><\/a>\n<p><strong>Kolorowe ta&#347;my<\/strong><br>Odporne na &#347;cieranie, elastyczne, samoprzylepne kolorowe ta&#347;my PCV. Dost&#281;pne r&oacute;wnie&#380; w formie strza&#322;ek, &#347;lad&oacute;w, k&oacute;&#322;ek.<\/p>\n<p><a href=\"#\">Wi&#281;cej<\/a><\/p>\n<\/div>\n<div><a title=\"Markery ruroci&#261;g&oacute;w\" href=\"#\"><img decoding=\"async\" loading=\"lazy\" src=\"\/img\/5S-more_truboprovod_tablichki-i-nadpisi_150px.jpg\" alt=\"Markery ruroci&#261;g&oacute;w\" width=\"150 \" height=\"150\"><\/a>\n<p><strong>Markery ruroci&#261;g&oacute;w<\/strong><br>Samoprzylepne wst&#281;pnie zadrukowane markery, kolorowe ta&#347;my klej&#261;ce, znaki, tablice<\/p>\n<p><a href=\"#\">Szczeg&oacute;&#322;y<\/a><\/p>\n<\/div>\n<div><a title=\"Znaki bezpiecze&#324;stwa, tablice\" href=\"#\"><img decoding=\"async\" loading=\"lazy\" src=\"\/img\/5S-more_cat_znaki_bezopasnosty-150px.jpg\" alt=\"Znaki bezpiecze&#324;stwa, tablice\" width=\"150 \" height=\"150\"><\/a>\n<p><strong>Znaki bezpiecze&#324;stwa<\/strong><br>R&oacute;&#380;norodne znaki bezpiecze&#324;stwa, wska&#378;niki, tablice zgodnie z przepisami.<\/p>\n<p><a href=\"#\">Wi&#281;cej<\/a><\/p>\n<\/div>\n<div><a title=\"Pokrycia pod&#322;ogowe\" href=\"#\"><img loading=\"lazy\" decoding=\"async\" src=\"\/img\/5S-more_3m_5270_150px.jpg\" alt=\"Pokrycia pod&#322;ogowe\" width=\"150\" height=\"150\"><\/a>\n<p><strong>Pokrycia pod&#322;ogowe<\/strong><br>Antyzm&#281;czeniowe i antypo&#347;lizgowe pokrycia pod&#322;ogowe sprawi&#261;, &#380;e pomieszczenie b&#281;dzie bezpieczniejsze, bardziej komfortowe i wygodniejsze.<\/p>\n<p><a href=\"#\">Wi&#281;cej <\/a><\/p>\n<\/div>\n<\/div>\n","protected":false},"excerpt":{"rendered":"<p>System 5S (skr\u00f3t od \u201e5 krok\u00f3w\u201d &#8211; pi\u0119\u0107 krok\u00f3w) to narz\u0119dzie zapewniaj\u0105ce system lean manufacturing (szczup\u0142ej produkcji), usprawniaj\u0105ce miejsce pracy poprzez oznakowanie. Nie jest to \u201estandaryzacja sprz\u0105tania\u201d, lecz filozofia szczup\u0142ej, udanej i efektywnej produkcji. System zosta\u0142 opracowany w powojennej Japonii przez Toyot\u0119. Cele 5S \u2022 stworzenie komfortowego klimatu psychologicznego, stymuluj\u0105cego ch\u0119\u0107 do pracy; \u2022 wzrost [&hellip;]<\/p>\n","protected":false},"author":1,"featured_media":0,"parent":15030,"menu_order":0,"comment_status":"closed","ping_status":"closed","template":"page-templates\/page-sidebar-none.php","meta":{"footnotes":""},"class_list":["post-16273","page","type-page","status-publish","hentry"],"yoast_head":"<!-- This site is optimized with the Yoast SEO plugin v27.3 - https:\/\/yoast.com\/product\/yoast-seo-wordpress\/ -->\n<title>5S System - pi\u0119\u0107 krok\u00f3w do idealnego miejsca pracy | TML<\/title>\n<meta name=\"description\" content=\"System 5S (skr\u00f3t od \u201e5 krok\u00f3w\u201d \u2013 pi\u0119\u0107 krok\u00f3w) to narz\u0119dzie zapewniaj\u0105ce system lean manufacturing (szczup\u0142ej produkcji), usprawniaj\u0105ce miejsce pracy poprzez oznakowanie.\" \/>\n<meta name=\"robots\" content=\"index, follow, max-snippet:-1, max-image-preview:large, max-video-preview:-1\" \/>\n<link rel=\"canonical\" href=\"https:\/\/tml.lt\/pl\/solutions\/5s-system\/\" \/>\n<meta property=\"og:locale\" content=\"pl_PL\" \/>\n<meta property=\"og:type\" content=\"article\" \/>\n<meta property=\"og:title\" content=\"5S System - pi\u0119\u0107 krok\u00f3w do idealnego miejsca pracy | TML\" \/>\n<meta property=\"og:description\" content=\"System 5S (skr\u00f3t od \u201e5 krok\u00f3w\u201d \u2013 pi\u0119\u0107 krok\u00f3w) to narz\u0119dzie zapewniaj\u0105ce system lean manufacturing (szczup\u0142ej produkcji), usprawniaj\u0105ce miejsce pracy poprzez oznakowanie.\" \/>\n<meta property=\"og:url\" content=\"https:\/\/tml.lt\/pl\/solutions\/5s-system\/\" \/>\n<meta property=\"og:site_name\" content=\"TML\" \/>\n<meta property=\"article:modified_time\" content=\"2025-10-08T12:23:13+00:00\" \/>\n<meta property=\"og:image\" content=\"https:\/\/tml.lt\/wp-content\/uploads\/2019\/07\/3M-grind%C5%B3-%C5%BEenklinimo-juost%C5%B3-naudojimas-5S-sistemai.png\" \/>\n<meta name=\"twitter:card\" content=\"summary_large_image\" \/>\n<meta name=\"twitter:label1\" content=\"Szacowany czas czytania\" \/>\n\t<meta name=\"twitter:data1\" content=\"4 minuty\" \/>\n<script type=\"application\/ld+json\" class=\"yoast-schema-graph\">{\"@context\":\"https:\\\/\\\/schema.org\",\"@graph\":[{\"@type\":\"WebPage\",\"@id\":\"https:\\\/\\\/tml.lt\\\/pl\\\/solutions\\\/5s-system\\\/\",\"url\":\"https:\\\/\\\/tml.lt\\\/pl\\\/solutions\\\/5s-system\\\/\",\"name\":\"5S System - pi\u0119\u0107 krok\u00f3w do idealnego miejsca pracy | TML\",\"isPartOf\":{\"@id\":\"https:\\\/\\\/tml.lt\\\/pl\\\/#website\"},\"primaryImageOfPage\":{\"@id\":\"https:\\\/\\\/tml.lt\\\/pl\\\/solutions\\\/5s-system\\\/#primaryimage\"},\"image\":{\"@id\":\"https:\\\/\\\/tml.lt\\\/pl\\\/solutions\\\/5s-system\\\/#primaryimage\"},\"thumbnailUrl\":\"https:\\\/\\\/tml.lt\\\/wp-content\\\/uploads\\\/2019\\\/07\\\/3M-grind%C5%B3-%C5%BEenklinimo-juost%C5%B3-naudojimas-5S-sistemai.png\",\"datePublished\":\"2023-06-09T12:48:17+00:00\",\"dateModified\":\"2025-10-08T12:23:13+00:00\",\"description\":\"System 5S (skr\u00f3t od \u201e5 krok\u00f3w\u201d \u2013 pi\u0119\u0107 krok\u00f3w) to narz\u0119dzie zapewniaj\u0105ce system lean manufacturing (szczup\u0142ej produkcji), usprawniaj\u0105ce miejsce pracy poprzez oznakowanie.\",\"breadcrumb\":{\"@id\":\"https:\\\/\\\/tml.lt\\\/pl\\\/solutions\\\/5s-system\\\/#breadcrumb\"},\"inLanguage\":\"pl-PL\",\"potentialAction\":[{\"@type\":\"ReadAction\",\"target\":[\"https:\\\/\\\/tml.lt\\\/pl\\\/solutions\\\/5s-system\\\/\"]}]},{\"@type\":\"ImageObject\",\"inLanguage\":\"pl-PL\",\"@id\":\"https:\\\/\\\/tml.lt\\\/pl\\\/solutions\\\/5s-system\\\/#primaryimage\",\"url\":\"https:\\\/\\\/tml.lt\\\/wp-content\\\/uploads\\\/2019\\\/07\\\/3M-grind%C5%B3-%C5%BEenklinimo-juost%C5%B3-naudojimas-5S-sistemai.png\",\"contentUrl\":\"https:\\\/\\\/tml.lt\\\/wp-content\\\/uploads\\\/2019\\\/07\\\/3M-grind%C5%B3-%C5%BEenklinimo-juost%C5%B3-naudojimas-5S-sistemai.png\"},{\"@type\":\"BreadcrumbList\",\"@id\":\"https:\\\/\\\/tml.lt\\\/pl\\\/solutions\\\/5s-system\\\/#breadcrumb\",\"itemListElement\":[{\"@type\":\"ListItem\",\"position\":1,\"name\":\"\u0413\u043b\u0430\u0432\u043d\u0430\u044f \u0441\u0442\u0440\u0430\u043d\u0438\u0446\u0430\",\"item\":\"https:\\\/\\\/tml.lt\\\/pl\\\/\"},{\"@type\":\"ListItem\",\"position\":2,\"name\":\"Rozwi\u0105zania\",\"item\":\"https:\\\/\\\/tml.lt\\\/pl\\\/solutions\\\/\"},{\"@type\":\"ListItem\",\"position\":3,\"name\":\"5S System &#8211; pi\u0119\u0107 krok\u00f3w do idealnego miejsca pracy\"}]},{\"@type\":\"WebSite\",\"@id\":\"https:\\\/\\\/tml.lt\\\/pl\\\/#website\",\"url\":\"https:\\\/\\\/tml.lt\\\/pl\\\/\",\"name\":\"TML\",\"description\":\"UAB TML-LT\",\"publisher\":{\"@id\":\"https:\\\/\\\/tml.lt\\\/pl\\\/#organization\"},\"potentialAction\":[{\"@type\":\"SearchAction\",\"target\":{\"@type\":\"EntryPoint\",\"urlTemplate\":\"https:\\\/\\\/tml.lt\\\/pl\\\/?s={search_term_string}\"},\"query-input\":{\"@type\":\"PropertyValueSpecification\",\"valueRequired\":true,\"valueName\":\"search_term_string\"}}],\"inLanguage\":\"pl-PL\"},{\"@type\":\"Organization\",\"@id\":\"https:\\\/\\\/tml.lt\\\/pl\\\/#organization\",\"name\":\"TML\",\"url\":\"https:\\\/\\\/tml.lt\\\/pl\\\/\",\"logo\":{\"@type\":\"ImageObject\",\"inLanguage\":\"pl-PL\",\"@id\":\"https:\\\/\\\/tml.lt\\\/pl\\\/#\\\/schema\\\/logo\\\/image\\\/\",\"url\":\"https:\\\/\\\/tml.lt\\\/pl\\\/wp-content\\\/uploads\\\/2020\\\/09\\\/tml-logo-black-4.png\",\"contentUrl\":\"https:\\\/\\\/tml.lt\\\/pl\\\/wp-content\\\/uploads\\\/2020\\\/09\\\/tml-logo-black-4.png\",\"width\":470,\"height\":110,\"caption\":\"TML\"},\"image\":{\"@id\":\"https:\\\/\\\/tml.lt\\\/pl\\\/#\\\/schema\\\/logo\\\/image\\\/\"}}]}<\/script>\n<!-- \/ Yoast SEO plugin. -->","yoast_head_json":{"title":"5S System - pi\u0119\u0107 krok\u00f3w do idealnego miejsca pracy | TML","description":"System 5S (skr\u00f3t od \u201e5 krok\u00f3w\u201d \u2013 pi\u0119\u0107 krok\u00f3w) to narz\u0119dzie zapewniaj\u0105ce system lean manufacturing (szczup\u0142ej produkcji), usprawniaj\u0105ce miejsce pracy poprzez oznakowanie.","robots":{"index":"index","follow":"follow","max-snippet":"max-snippet:-1","max-image-preview":"max-image-preview:large","max-video-preview":"max-video-preview:-1"},"canonical":"https:\/\/tml.lt\/pl\/solutions\/5s-system\/","og_locale":"pl_PL","og_type":"article","og_title":"5S System - pi\u0119\u0107 krok\u00f3w do idealnego miejsca pracy | TML","og_description":"System 5S (skr\u00f3t od \u201e5 krok\u00f3w\u201d \u2013 pi\u0119\u0107 krok\u00f3w) to narz\u0119dzie zapewniaj\u0105ce system lean manufacturing (szczup\u0142ej produkcji), usprawniaj\u0105ce miejsce pracy poprzez oznakowanie.","og_url":"https:\/\/tml.lt\/pl\/solutions\/5s-system\/","og_site_name":"TML","article_modified_time":"2025-10-08T12:23:13+00:00","og_image":[{"url":"https:\/\/tml.lt\/wp-content\/uploads\/2019\/07\/3M-grind%C5%B3-%C5%BEenklinimo-juost%C5%B3-naudojimas-5S-sistemai.png","type":"","width":"","height":""}],"twitter_card":"summary_large_image","twitter_misc":{"Szacowany czas czytania":"4 minuty"},"schema":{"@context":"https:\/\/schema.org","@graph":[{"@type":"WebPage","@id":"https:\/\/tml.lt\/pl\/solutions\/5s-system\/","url":"https:\/\/tml.lt\/pl\/solutions\/5s-system\/","name":"5S System - pi\u0119\u0107 krok\u00f3w do idealnego miejsca pracy | TML","isPartOf":{"@id":"https:\/\/tml.lt\/pl\/#website"},"primaryImageOfPage":{"@id":"https:\/\/tml.lt\/pl\/solutions\/5s-system\/#primaryimage"},"image":{"@id":"https:\/\/tml.lt\/pl\/solutions\/5s-system\/#primaryimage"},"thumbnailUrl":"https:\/\/tml.lt\/wp-content\/uploads\/2019\/07\/3M-grind%C5%B3-%C5%BEenklinimo-juost%C5%B3-naudojimas-5S-sistemai.png","datePublished":"2023-06-09T12:48:17+00:00","dateModified":"2025-10-08T12:23:13+00:00","description":"System 5S (skr\u00f3t od \u201e5 krok\u00f3w\u201d \u2013 pi\u0119\u0107 krok\u00f3w) to narz\u0119dzie zapewniaj\u0105ce system lean manufacturing (szczup\u0142ej produkcji), usprawniaj\u0105ce miejsce pracy poprzez oznakowanie.","breadcrumb":{"@id":"https:\/\/tml.lt\/pl\/solutions\/5s-system\/#breadcrumb"},"inLanguage":"pl-PL","potentialAction":[{"@type":"ReadAction","target":["https:\/\/tml.lt\/pl\/solutions\/5s-system\/"]}]},{"@type":"ImageObject","inLanguage":"pl-PL","@id":"https:\/\/tml.lt\/pl\/solutions\/5s-system\/#primaryimage","url":"https:\/\/tml.lt\/wp-content\/uploads\/2019\/07\/3M-grind%C5%B3-%C5%BEenklinimo-juost%C5%B3-naudojimas-5S-sistemai.png","contentUrl":"https:\/\/tml.lt\/wp-content\/uploads\/2019\/07\/3M-grind%C5%B3-%C5%BEenklinimo-juost%C5%B3-naudojimas-5S-sistemai.png"},{"@type":"BreadcrumbList","@id":"https:\/\/tml.lt\/pl\/solutions\/5s-system\/#breadcrumb","itemListElement":[{"@type":"ListItem","position":1,"name":"\u0413\u043b\u0430\u0432\u043d\u0430\u044f \u0441\u0442\u0440\u0430\u043d\u0438\u0446\u0430","item":"https:\/\/tml.lt\/pl\/"},{"@type":"ListItem","position":2,"name":"Rozwi\u0105zania","item":"https:\/\/tml.lt\/pl\/solutions\/"},{"@type":"ListItem","position":3,"name":"5S System &#8211; pi\u0119\u0107 krok\u00f3w do idealnego miejsca pracy"}]},{"@type":"WebSite","@id":"https:\/\/tml.lt\/pl\/#website","url":"https:\/\/tml.lt\/pl\/","name":"TML","description":"UAB TML-LT","publisher":{"@id":"https:\/\/tml.lt\/pl\/#organization"},"potentialAction":[{"@type":"SearchAction","target":{"@type":"EntryPoint","urlTemplate":"https:\/\/tml.lt\/pl\/?s={search_term_string}"},"query-input":{"@type":"PropertyValueSpecification","valueRequired":true,"valueName":"search_term_string"}}],"inLanguage":"pl-PL"},{"@type":"Organization","@id":"https:\/\/tml.lt\/pl\/#organization","name":"TML","url":"https:\/\/tml.lt\/pl\/","logo":{"@type":"ImageObject","inLanguage":"pl-PL","@id":"https:\/\/tml.lt\/pl\/#\/schema\/logo\/image\/","url":"https:\/\/tml.lt\/pl\/wp-content\/uploads\/2020\/09\/tml-logo-black-4.png","contentUrl":"https:\/\/tml.lt\/pl\/wp-content\/uploads\/2020\/09\/tml-logo-black-4.png","width":470,"height":110,"caption":"TML"},"image":{"@id":"https:\/\/tml.lt\/pl\/#\/schema\/logo\/image\/"}}]}},"amp_enabled":false,"_links":{"self":[{"href":"https:\/\/tml.lt\/pl\/wp-json\/wp\/v2\/pages\/16273","targetHints":{"allow":["GET"]}}],"collection":[{"href":"https:\/\/tml.lt\/pl\/wp-json\/wp\/v2\/pages"}],"about":[{"href":"https:\/\/tml.lt\/pl\/wp-json\/wp\/v2\/types\/page"}],"author":[{"embeddable":true,"href":"https:\/\/tml.lt\/pl\/wp-json\/wp\/v2\/users\/1"}],"replies":[{"embeddable":true,"href":"https:\/\/tml.lt\/pl\/wp-json\/wp\/v2\/comments?post=16273"}],"version-history":[{"count":0,"href":"https:\/\/tml.lt\/pl\/wp-json\/wp\/v2\/pages\/16273\/revisions"}],"up":[{"embeddable":true,"href":"https:\/\/tml.lt\/pl\/wp-json\/wp\/v2\/pages\/15030"}],"wp:attachment":[{"href":"https:\/\/tml.lt\/pl\/wp-json\/wp\/v2\/media?parent=16273"}],"curies":[{"name":"wp","href":"https:\/\/api.w.org\/{rel}","templated":true}]}}