{"id":16352,"date":"2023-06-12T14:59:43","date_gmt":"2023-06-12T12:59:43","guid":{"rendered":"https:\/\/tml.lt\/detectable-tags-and-ties\/"},"modified":"2025-10-08T14:07:45","modified_gmt":"2025-10-08T12:07:45","slug":"detectable-tags-and-ties","status":"publish","type":"page","link":"https:\/\/tml.lt\/pl\/solutions\/food\/detectable-tags-and-ties\/","title":{"rendered":"Wykrywalne etykiety i opaski"},"content":{"rendered":"<p><mark>TML-DT<\/mark> wykrywalne etykiety i zaciski (opaski) oraz zaciski (opaski kablowe) do produkcji &#380;ywno&#347;ci i farmakologii.<\/p>\n<p><strong>Typowe zastosowania<\/strong><br>Najcz&#281;stszym zastosowaniem wykrywalnych etykiet i opasek s&#261; przemys&#322; farmaceutyczny i spo&#380;ywczy<\/p>\n<div class=\"pics row bgr\">\n<div class=\"imgcard text-center\"><a href=\"\/pl\/wp-content\/uploads\/2023\/06\/detekt_styajki_app_farm.jpg\"><img loading=\"lazy\" decoding=\"async\" src=\"\/pl\/wp-content\/uploads\/2023\/06\/detekt_styajki_app_farm-300x300.jpg\" alt=\"Zastosowanie w przemy&#347;le farmaceutycznym\" width=\"300\" height=\"300\">Przemys&#322; farmaceutyczny<\/a><\/div>\n<div class=\"imgcard text-center\"><a href=\"\/pl\/wp-content\/uploads\/2023\/06\/detekt_styajki_app_food.jpg\"><img loading=\"lazy\" decoding=\"async\" src=\"\/pl\/wp-content\/uploads\/2023\/06\/detekt_styajki_app_food-300x300.jpg\" alt=\"Zastosowanie w przemy&#347;le spo&#380;ywczym\" width=\"300\" height=\"300\">Przemys&#322; spo&#380;ywczy<\/a><\/div>\n<\/div>\n<p>W produkcji &#380;ywno&#347;ci z otwartymi procesami produkcyjnymi zaleca si&#281; stosowanie materia&#322;&oacute;w, kt&oacute;re s&#261; &#322;atwo wykrywalne. <a href=\"\/pl\/?page_id=15040\" rel=\"noopener\" target=\"_blank\">Produkowane<\/a> przez TML-LT z niebieskich polimer&oacute;w z dodatkiem tlenku &#380;elaza. Wykrywane zdalnie przez wykrywacze metalu lub kontrol&#281; rentgenowsk&#261; w celu ochrony &#380;ywno&#347;ci i lek&oacute;w. Zoptymalizowane dla najcz&#281;&#347;ciej u&#380;ywanych wykrywaczy metalu i rentgenowskich. Informacje i etykiety s&#261; odporne na wod&#281;, detergenty, mikroorganizmy. Etykiety s&#261; mocowane do kabla za pomoc&#261; wykrywalnych opasek z serii DT.<\/p>\n<p><strong>Odpowiednie rozwi&#261;zania<\/strong><br>Produkty te s&#261; u&#380;ywane do wdra&#380;ania wykrywalnej identyfikacji.<\/p>\n<div class=\"pics row bgr\">\n<div class=\"imgcard text-center\"><a title=\"Wykrywalne etykiety i opaski\" href=\"\/pl\/product\/tml-dt-plastic-tags-detectable\/\" target=\"_blank\" rel=\"noopener\"><img loading=\"lazy\" decoding=\"async\" src=\"\/pl\/wp-content\/uploads\/2025\/06\/detectable-cable-tag-300x300.webp\" alt=\"Wykrywalne etykiety i opaski\" width=\"300\" height=\"300\">Wykrywalne etykiety<\/a>\n<p>No&#347;nik informacji identyfikacyjnej<\/p>\n<\/div>\n<div class=\"imgcard text-center\"><a href=\"\/pl\/product\/cable-ties-detectable-dte\/\" target=\"_blank\" rel=\"noopener\"><img loading=\"lazy\" decoding=\"async\" src=\"\/pl\/wp-content\/uploads\/2025\/06\/detectable-cable-ties-DTE-300x300.webp\" alt=\"Wykrywalne opaski\" width=\"300\" height=\"300\">Wykrywalne opaski<\/a>\n<p>Utrzymuj&#261; etykiet&#281; na przewodzie<\/p>\n<\/div>\n<div class=\"imgcard text-center\"><a href=\"\/pl\/product\/thermal-transfer-ribbon-res02-resin-colored-40mm300m-out-white-pcs\/\" target=\"_blank\" rel=\"noopener\"><img loading=\"lazy\" decoding=\"async\" src=\"\/pl\/wp-content\/uploads\/2022\/05\/thermal-transfer-ribbons_color_wax_resin_wax-resin_white-300x300.jpg\" alt=\"Bia&#322;a ta&#347;ma &#380;ywiczna\" width=\"300\" height=\"300\">Bia&#322;a ta&#347;ma &#380;ywiczna<\/a>\n<p>Ta&#347;ma barwi&#261;ca do kontrastowego druku termotransferowego.<\/p>\n<\/div>\n<div class=\"imgcard text-center\"><a href=\"\/pl\/product\/ribbon-res-t-dr\/\" target=\"_blank\" rel=\"noopener\"><img loading=\"lazy\" decoding=\"async\" src=\"\/pl\/wp-content\/uploads\/2023\/06\/thermal-transfer-ribbons-40x300m-300x300.jpg\" alt=\"Czarna ta&#347;ma &#380;ywiczna\" width=\"300\" height=\"300\">Czarna ta&#347;ma &#380;ywiczna<\/a>\n<p>Ta&#347;ma barwi&#261;ca do druku termotransferowego, gdy wymagany jest kolor czarny.<\/p>\n<\/div>\n<\/div>\n<p><em>Specyfikacje<\/em> etykiet i opasek s&#261; <a href=\"\/pl\/product-category\/wire-n-cable-marking\/thermal-transfer-printers-en\/cable-tags-ppq\/detectable-tml-dt-tags-and-cable-ties\/\" rel=\"noopener\" target=\"_blank\">tutaj<\/a>.<\/p>\n<p><em>Dostawa<\/em> z etykietami zawiera czarn&#261; ta&#347;m&#281; termotransferow&#261; (kalk&#281;) <a href=\"\/pl\/?s=ResT-DR&amp;post_type=product\" rel=\"noopener\" target=\"_blank\">ResT-DR<\/a>, bia&#322;a ta&#347;ma <a href=\"\/pl\/ru\/?s=Res02&amp;post_type=product\" rel=\"noopener\" target=\"_blank\">Res02<\/a> dost&#281;pna na &#380;&#261;danie.<\/p>\n<p><em>Do drukowania<\/em> na etykietach zalecamy drukarki termotransferowe cab <a href=\"\/pl\/product\/label-printer-eos2-300\/\" rel=\"noopener\" target=\"_blank\">EOS2<\/a>, <a href=\"\/pl\/product\/label-printer-eos5-300\/\" rel=\"noopener\" target=\"_blank\">EOS5<\/a>, <a href=\"\/pl\/product\/label-printer-squix-4300m\/\" rel=\"noopener\" target=\"_blank\">SQUIX 4M<\/a>.<\/p>\n","protected":false},"excerpt":{"rendered":"<p>TML-DT wykrywalne etykiety i zaciski (opaski) oraz zaciski (opaski kablowe) do produkcji \u017cywno\u015bci i farmakologii. Typowe zastosowaniaNajcz\u0119stszym zastosowaniem wykrywalnych etykiet i opasek s\u0105 przemys\u0142 farmaceutyczny i spo\u017cywczy Przemys\u0142 farmaceutyczny Przemys\u0142 spo\u017cywczy W produkcji \u017cywno\u015bci z otwartymi procesami produkcyjnymi zaleca si\u0119 stosowanie materia\u0142\u00f3w, kt\u00f3re s\u0105 \u0142atwo wykrywalne. Produkowane przez TML-LT z niebieskich polimer\u00f3w z dodatkiem tlenku [&hellip;]<\/p>\n","protected":false},"author":1,"featured_media":0,"parent":16357,"menu_order":0,"comment_status":"closed","ping_status":"closed","template":"page-templates\/page-sidebar-none.php","meta":{"footnotes":""},"class_list":["post-16352","page","type-page","status-publish","hentry"],"yoast_head":"<!-- This site is optimized with the Yoast SEO plugin v27.6 - https:\/\/yoast.com\/product\/yoast-seo-wordpress\/ -->\n<title>Wykrywalne etykiety i opaski | TML<\/title>\n<meta name=\"description\" content=\"TML-DT wykrywalne etykiety i zaciski (opaski) oraz zaciski (opaski kablowe) do produkcji \u017cywno\u015bci i farmakologii.Typowe zastosowania. TML\" \/>\n<meta name=\"robots\" content=\"index, follow, max-snippet:-1, max-image-preview:large, max-video-preview:-1\" \/>\n<link rel=\"canonical\" href=\"https:\/\/tml.lt\/pl\/solutions\/food\/detectable-tags-and-ties\/\" \/>\n<meta property=\"og:locale\" content=\"pl_PL\" \/>\n<meta property=\"og:type\" content=\"article\" \/>\n<meta property=\"og:title\" content=\"Wykrywalne etykiety i opaski | TML\" \/>\n<meta property=\"og:description\" content=\"TML-DT wykrywalne etykiety i zaciski (opaski) oraz zaciski (opaski kablowe) do produkcji \u017cywno\u015bci i farmakologii.Typowe zastosowania. TML\" \/>\n<meta property=\"og:url\" content=\"https:\/\/tml.lt\/pl\/solutions\/food\/detectable-tags-and-ties\/\" \/>\n<meta property=\"og:site_name\" content=\"TML\" \/>\n<meta property=\"article:modified_time\" content=\"2025-10-08T12:07:45+00:00\" \/>\n<meta name=\"twitter:card\" content=\"summary_large_image\" \/>\n<meta name=\"twitter:label1\" content=\"Szacowany czas czytania\" \/>\n\t<meta name=\"twitter:data1\" content=\"1 minuta\" \/>\n<script type=\"application\/ld+json\" class=\"yoast-schema-graph\">{\"@context\":\"https:\\\/\\\/schema.org\",\"@graph\":[{\"@type\":\"WebPage\",\"@id\":\"https:\\\/\\\/tml.lt\\\/pl\\\/solutions\\\/food\\\/detectable-tags-and-ties\\\/\",\"url\":\"https:\\\/\\\/tml.lt\\\/pl\\\/solutions\\\/food\\\/detectable-tags-and-ties\\\/\",\"name\":\"Wykrywalne etykiety i opaski | TML\",\"isPartOf\":{\"@id\":\"https:\\\/\\\/tml.lt\\\/pl\\\/#website\"},\"datePublished\":\"2023-06-12T12:59:43+00:00\",\"dateModified\":\"2025-10-08T12:07:45+00:00\",\"description\":\"TML-DT wykrywalne etykiety i zaciski (opaski) oraz zaciski (opaski kablowe) do produkcji \u017cywno\u015bci i farmakologii.Typowe zastosowania. TML\",\"breadcrumb\":{\"@id\":\"https:\\\/\\\/tml.lt\\\/pl\\\/solutions\\\/food\\\/detectable-tags-and-ties\\\/#breadcrumb\"},\"inLanguage\":\"pl-PL\",\"potentialAction\":[{\"@type\":\"ReadAction\",\"target\":[\"https:\\\/\\\/tml.lt\\\/pl\\\/solutions\\\/food\\\/detectable-tags-and-ties\\\/\"]}]},{\"@type\":\"BreadcrumbList\",\"@id\":\"https:\\\/\\\/tml.lt\\\/pl\\\/solutions\\\/food\\\/detectable-tags-and-ties\\\/#breadcrumb\",\"itemListElement\":[{\"@type\":\"ListItem\",\"position\":1,\"name\":\"\u0413\u043b\u0430\u0432\u043d\u0430\u044f \u0441\u0442\u0440\u0430\u043d\u0438\u0446\u0430\",\"item\":\"https:\\\/\\\/tml.lt\\\/pl\\\/\"},{\"@type\":\"ListItem\",\"position\":2,\"name\":\"Rozwi\u0105zania\",\"item\":\"https:\\\/\\\/tml.lt\\\/pl\\\/solutions\\\/\"},{\"@type\":\"ListItem\",\"position\":3,\"name\":\"Produkcja \u017cywno\u015bci, rolnictwo\",\"item\":\"https:\\\/\\\/tml.lt\\\/pl\\\/solutions\\\/food\\\/\"},{\"@type\":\"ListItem\",\"position\":4,\"name\":\"Wykrywalne etykiety i opaski\"}]},{\"@type\":\"WebSite\",\"@id\":\"https:\\\/\\\/tml.lt\\\/pl\\\/#website\",\"url\":\"https:\\\/\\\/tml.lt\\\/pl\\\/\",\"name\":\"TML\",\"description\":\"UAB TML-LT\",\"publisher\":{\"@id\":\"https:\\\/\\\/tml.lt\\\/pl\\\/#organization\"},\"potentialAction\":[{\"@type\":\"SearchAction\",\"target\":{\"@type\":\"EntryPoint\",\"urlTemplate\":\"https:\\\/\\\/tml.lt\\\/pl\\\/?s={search_term_string}\"},\"query-input\":{\"@type\":\"PropertyValueSpecification\",\"valueRequired\":true,\"valueName\":\"search_term_string\"}}],\"inLanguage\":\"pl-PL\"},{\"@type\":\"Organization\",\"@id\":\"https:\\\/\\\/tml.lt\\\/pl\\\/#organization\",\"name\":\"TML\",\"url\":\"https:\\\/\\\/tml.lt\\\/pl\\\/\",\"logo\":{\"@type\":\"ImageObject\",\"inLanguage\":\"pl-PL\",\"@id\":\"https:\\\/\\\/tml.lt\\\/pl\\\/#\\\/schema\\\/logo\\\/image\\\/\",\"url\":\"https:\\\/\\\/tml.lt\\\/pl\\\/wp-content\\\/uploads\\\/2020\\\/09\\\/tml-logo-black-4.png\",\"contentUrl\":\"https:\\\/\\\/tml.lt\\\/pl\\\/wp-content\\\/uploads\\\/2020\\\/09\\\/tml-logo-black-4.png\",\"width\":470,\"height\":110,\"caption\":\"TML\"},\"image\":{\"@id\":\"https:\\\/\\\/tml.lt\\\/pl\\\/#\\\/schema\\\/logo\\\/image\\\/\"}}]}<\/script>\n<!-- \/ Yoast SEO plugin. -->","yoast_head_json":{"title":"Wykrywalne etykiety i opaski | TML","description":"TML-DT wykrywalne etykiety i zaciski (opaski) oraz zaciski (opaski kablowe) do produkcji \u017cywno\u015bci i farmakologii.Typowe zastosowania. TML","robots":{"index":"index","follow":"follow","max-snippet":"max-snippet:-1","max-image-preview":"max-image-preview:large","max-video-preview":"max-video-preview:-1"},"canonical":"https:\/\/tml.lt\/pl\/solutions\/food\/detectable-tags-and-ties\/","og_locale":"pl_PL","og_type":"article","og_title":"Wykrywalne etykiety i opaski | TML","og_description":"TML-DT wykrywalne etykiety i zaciski (opaski) oraz zaciski (opaski kablowe) do produkcji \u017cywno\u015bci i farmakologii.Typowe zastosowania. TML","og_url":"https:\/\/tml.lt\/pl\/solutions\/food\/detectable-tags-and-ties\/","og_site_name":"TML","article_modified_time":"2025-10-08T12:07:45+00:00","twitter_card":"summary_large_image","twitter_misc":{"Szacowany czas czytania":"1 minuta"},"schema":{"@context":"https:\/\/schema.org","@graph":[{"@type":"WebPage","@id":"https:\/\/tml.lt\/pl\/solutions\/food\/detectable-tags-and-ties\/","url":"https:\/\/tml.lt\/pl\/solutions\/food\/detectable-tags-and-ties\/","name":"Wykrywalne etykiety i opaski | TML","isPartOf":{"@id":"https:\/\/tml.lt\/pl\/#website"},"datePublished":"2023-06-12T12:59:43+00:00","dateModified":"2025-10-08T12:07:45+00:00","description":"TML-DT wykrywalne etykiety i zaciski (opaski) oraz zaciski (opaski kablowe) do produkcji \u017cywno\u015bci i farmakologii.Typowe zastosowania. TML","breadcrumb":{"@id":"https:\/\/tml.lt\/pl\/solutions\/food\/detectable-tags-and-ties\/#breadcrumb"},"inLanguage":"pl-PL","potentialAction":[{"@type":"ReadAction","target":["https:\/\/tml.lt\/pl\/solutions\/food\/detectable-tags-and-ties\/"]}]},{"@type":"BreadcrumbList","@id":"https:\/\/tml.lt\/pl\/solutions\/food\/detectable-tags-and-ties\/#breadcrumb","itemListElement":[{"@type":"ListItem","position":1,"name":"\u0413\u043b\u0430\u0432\u043d\u0430\u044f \u0441\u0442\u0440\u0430\u043d\u0438\u0446\u0430","item":"https:\/\/tml.lt\/pl\/"},{"@type":"ListItem","position":2,"name":"Rozwi\u0105zania","item":"https:\/\/tml.lt\/pl\/solutions\/"},{"@type":"ListItem","position":3,"name":"Produkcja \u017cywno\u015bci, rolnictwo","item":"https:\/\/tml.lt\/pl\/solutions\/food\/"},{"@type":"ListItem","position":4,"name":"Wykrywalne etykiety i opaski"}]},{"@type":"WebSite","@id":"https:\/\/tml.lt\/pl\/#website","url":"https:\/\/tml.lt\/pl\/","name":"TML","description":"UAB TML-LT","publisher":{"@id":"https:\/\/tml.lt\/pl\/#organization"},"potentialAction":[{"@type":"SearchAction","target":{"@type":"EntryPoint","urlTemplate":"https:\/\/tml.lt\/pl\/?s={search_term_string}"},"query-input":{"@type":"PropertyValueSpecification","valueRequired":true,"valueName":"search_term_string"}}],"inLanguage":"pl-PL"},{"@type":"Organization","@id":"https:\/\/tml.lt\/pl\/#organization","name":"TML","url":"https:\/\/tml.lt\/pl\/","logo":{"@type":"ImageObject","inLanguage":"pl-PL","@id":"https:\/\/tml.lt\/pl\/#\/schema\/logo\/image\/","url":"https:\/\/tml.lt\/pl\/wp-content\/uploads\/2020\/09\/tml-logo-black-4.png","contentUrl":"https:\/\/tml.lt\/pl\/wp-content\/uploads\/2020\/09\/tml-logo-black-4.png","width":470,"height":110,"caption":"TML"},"image":{"@id":"https:\/\/tml.lt\/pl\/#\/schema\/logo\/image\/"}}]}},"amp_enabled":false,"_links":{"self":[{"href":"https:\/\/tml.lt\/pl\/wp-json\/wp\/v2\/pages\/16352","targetHints":{"allow":["GET"]}}],"collection":[{"href":"https:\/\/tml.lt\/pl\/wp-json\/wp\/v2\/pages"}],"about":[{"href":"https:\/\/tml.lt\/pl\/wp-json\/wp\/v2\/types\/page"}],"author":[{"embeddable":true,"href":"https:\/\/tml.lt\/pl\/wp-json\/wp\/v2\/users\/1"}],"replies":[{"embeddable":true,"href":"https:\/\/tml.lt\/pl\/wp-json\/wp\/v2\/comments?post=16352"}],"version-history":[{"count":0,"href":"https:\/\/tml.lt\/pl\/wp-json\/wp\/v2\/pages\/16352\/revisions"}],"up":[{"embeddable":true,"href":"https:\/\/tml.lt\/pl\/wp-json\/wp\/v2\/pages\/16357"}],"wp:attachment":[{"href":"https:\/\/tml.lt\/pl\/wp-json\/wp\/v2\/media?parent=16352"}],"curies":[{"name":"wp","href":"https:\/\/api.w.org\/{rel}","templated":true}]}}