{"id":16357,"date":"2023-06-12T13:23:36","date_gmt":"2023-06-12T11:23:36","guid":{"rendered":"https:\/\/tml.lt\/solutions\/food-production-agriculture\/"},"modified":"2025-10-10T09:07:16","modified_gmt":"2025-10-10T07:07:16","slug":"food","status":"publish","type":"page","link":"https:\/\/tml.lt\/pl\/solutions\/food\/","title":{"rendered":"Produkcja \u017cywno\u015bci, rolnictwo"},"content":{"rendered":"<p>Rozwi&#261;zania dla firm zajmuj&#261;cych si&#281; produkcj&#261; &#380;ywno&#347;ci i rolnictwem.<\/p>\n<div class=\"pics row bgr\">\n<div class=\"imgcard text-center\"><a href=\"\/pl\/solutions\/food\/detectable-tags-and-ties\/\" title=\"Wykrywalne etykiety i opaski\"><img loading=\"lazy\" decoding=\"async\" src=\"\/wp-content\/uploads\/2025\/06\/news_detectable-ties-tags_300px.webp\" alt=\"Wykrywalne etykiety i opaski\" width=\"300\" height=\"300\"><br>Wykrywalne etykiety i opaski<\/a><\/div>\n<div class=\"imgcard text-center\"><a href=\"\/pl\/solutions\/logistics-trade-warehouse\/oznakowanie-niebezpiecznych-produktow-zgodnie-ze-standardami-ghs\/\"><img loading=\"lazy\" decoding=\"async\" src=\"\/pl\/wp-content\/uploads\/2025\/10\/ghs-icon.webp\" alt=\"Returnable container marking\" width=\"300\" height=\"300\">Oznakowanie niebezpiecznych produkt&oacute;w ze GHS<\/a><\/div>\n<div class=\"imgcard text-center\"><a href=\"\/pl\/solutions\/electric-power-supply\/review-of-ul-astm-mil-standards-for-marking-insulation-and-installation-of-wires\/\"><img src=\"\/en\/wp-content\/uploads\/2025\/01\/Overview-of-UL-ASTM-MIL-standards-for-wire-marking-insulation-and-installation.jpg%22\" alt=\"Przegl&#261;d norm UL, ASTM, MIL dotycz&#261;cych znakowania, izolacji i instalacji przewod&oacute;w\" width=\"300\" height=\"300\"><br>Przegl&#261;d norm UL, ASTM, MIL dotycz&#261;cych znakowania, izolacji i instalacji przewod&oacute;w<\/a><\/div>\n<div class=\"imgcard text-center\"><a href=\"\/pl\/solutions\/electronics-and-instrumentation\/special-film-labels-in-a4-format-with-durable-adhesive-for-a-laser-printer\/\"><img loading=\"lazy\" decoding=\"async\" src=\"\/pl\/wp-content\/uploads\/2025\/02\/Laser-printing.jpg\" alt=\"Specjalne etykiety foliowe w formacie A4 z trwa&#322;ym klejem do drukarki laserowej\" width=\"300\" height=\"300\"><br>Specjalne etykiety foliowe w formacie A4 do drukarki laserowej<\/a><\/div>\n<\/div>\n","protected":false},"excerpt":{"rendered":"<p>Rozwi\u0105zania dla firm zajmuj\u0105cych si\u0119 produkcj\u0105 \u017cywno\u015bci i rolnictwem. Wykrywalne etykiety i opaski Oznakowanie niebezpiecznych produkt\u00f3w ze GHS<\/p>\n","protected":false},"author":1,"featured_media":0,"parent":15030,"menu_order":0,"comment_status":"closed","ping_status":"closed","template":"page-templates\/page-sidebar-none.php","meta":{"footnotes":""},"class_list":["post-16357","page","type-page","status-publish","hentry"],"yoast_head":"<!-- This site is optimized with the Yoast SEO plugin v27.4 - https:\/\/yoast.com\/product\/yoast-seo-wordpress\/ -->\n<title>Produkcja \u017cywno\u015bci, rolnictwo | TML<\/title>\n<meta name=\"description\" content=\"Solutions for companies providing food production and agriculture. | TML\" \/>\n<meta name=\"robots\" content=\"index, follow, max-snippet:-1, max-image-preview:large, max-video-preview:-1\" \/>\n<link rel=\"canonical\" href=\"https:\/\/tml.lt\/pl\/solutions\/food\/\" \/>\n<meta property=\"og:locale\" content=\"pl_PL\" \/>\n<meta property=\"og:type\" content=\"article\" \/>\n<meta property=\"og:title\" content=\"Produkcja \u017cywno\u015bci, rolnictwo | TML\" \/>\n<meta property=\"og:description\" content=\"Solutions for companies providing food production and agriculture. | TML\" \/>\n<meta property=\"og:url\" content=\"https:\/\/tml.lt\/pl\/solutions\/food\/\" \/>\n<meta property=\"og:site_name\" content=\"TML\" \/>\n<meta property=\"article:modified_time\" content=\"2025-10-10T07:07:16+00:00\" \/>\n<meta name=\"twitter:card\" content=\"summary_large_image\" \/>\n<script type=\"application\/ld+json\" class=\"yoast-schema-graph\">{\"@context\":\"https:\\\/\\\/schema.org\",\"@graph\":[{\"@type\":\"WebPage\",\"@id\":\"https:\\\/\\\/tml.lt\\\/pl\\\/solutions\\\/food\\\/\",\"url\":\"https:\\\/\\\/tml.lt\\\/pl\\\/solutions\\\/food\\\/\",\"name\":\"Produkcja \u017cywno\u015bci, rolnictwo | TML\",\"isPartOf\":{\"@id\":\"https:\\\/\\\/tml.lt\\\/pl\\\/#website\"},\"datePublished\":\"2023-06-12T11:23:36+00:00\",\"dateModified\":\"2025-10-10T07:07:16+00:00\",\"description\":\"Solutions for companies providing food production and agriculture. | TML\",\"breadcrumb\":{\"@id\":\"https:\\\/\\\/tml.lt\\\/pl\\\/solutions\\\/food\\\/#breadcrumb\"},\"inLanguage\":\"pl-PL\",\"potentialAction\":[{\"@type\":\"ReadAction\",\"target\":[\"https:\\\/\\\/tml.lt\\\/pl\\\/solutions\\\/food\\\/\"]}]},{\"@type\":\"BreadcrumbList\",\"@id\":\"https:\\\/\\\/tml.lt\\\/pl\\\/solutions\\\/food\\\/#breadcrumb\",\"itemListElement\":[{\"@type\":\"ListItem\",\"position\":1,\"name\":\"\u0413\u043b\u0430\u0432\u043d\u0430\u044f \u0441\u0442\u0440\u0430\u043d\u0438\u0446\u0430\",\"item\":\"https:\\\/\\\/tml.lt\\\/pl\\\/\"},{\"@type\":\"ListItem\",\"position\":2,\"name\":\"Rozwi\u0105zania\",\"item\":\"https:\\\/\\\/tml.lt\\\/pl\\\/solutions\\\/\"},{\"@type\":\"ListItem\",\"position\":3,\"name\":\"Produkcja \u017cywno\u015bci, rolnictwo\"}]},{\"@type\":\"WebSite\",\"@id\":\"https:\\\/\\\/tml.lt\\\/pl\\\/#website\",\"url\":\"https:\\\/\\\/tml.lt\\\/pl\\\/\",\"name\":\"TML\",\"description\":\"UAB TML-LT\",\"publisher\":{\"@id\":\"https:\\\/\\\/tml.lt\\\/pl\\\/#organization\"},\"potentialAction\":[{\"@type\":\"SearchAction\",\"target\":{\"@type\":\"EntryPoint\",\"urlTemplate\":\"https:\\\/\\\/tml.lt\\\/pl\\\/?s={search_term_string}\"},\"query-input\":{\"@type\":\"PropertyValueSpecification\",\"valueRequired\":true,\"valueName\":\"search_term_string\"}}],\"inLanguage\":\"pl-PL\"},{\"@type\":\"Organization\",\"@id\":\"https:\\\/\\\/tml.lt\\\/pl\\\/#organization\",\"name\":\"TML\",\"url\":\"https:\\\/\\\/tml.lt\\\/pl\\\/\",\"logo\":{\"@type\":\"ImageObject\",\"inLanguage\":\"pl-PL\",\"@id\":\"https:\\\/\\\/tml.lt\\\/pl\\\/#\\\/schema\\\/logo\\\/image\\\/\",\"url\":\"https:\\\/\\\/tml.lt\\\/pl\\\/wp-content\\\/uploads\\\/2020\\\/09\\\/tml-logo-black-4.png\",\"contentUrl\":\"https:\\\/\\\/tml.lt\\\/pl\\\/wp-content\\\/uploads\\\/2020\\\/09\\\/tml-logo-black-4.png\",\"width\":470,\"height\":110,\"caption\":\"TML\"},\"image\":{\"@id\":\"https:\\\/\\\/tml.lt\\\/pl\\\/#\\\/schema\\\/logo\\\/image\\\/\"}}]}<\/script>\n<!-- \/ Yoast SEO plugin. -->","yoast_head_json":{"title":"Produkcja \u017cywno\u015bci, rolnictwo | TML","description":"Solutions for companies providing food production and agriculture. | TML","robots":{"index":"index","follow":"follow","max-snippet":"max-snippet:-1","max-image-preview":"max-image-preview:large","max-video-preview":"max-video-preview:-1"},"canonical":"https:\/\/tml.lt\/pl\/solutions\/food\/","og_locale":"pl_PL","og_type":"article","og_title":"Produkcja \u017cywno\u015bci, rolnictwo | TML","og_description":"Solutions for companies providing food production and agriculture. | TML","og_url":"https:\/\/tml.lt\/pl\/solutions\/food\/","og_site_name":"TML","article_modified_time":"2025-10-10T07:07:16+00:00","twitter_card":"summary_large_image","schema":{"@context":"https:\/\/schema.org","@graph":[{"@type":"WebPage","@id":"https:\/\/tml.lt\/pl\/solutions\/food\/","url":"https:\/\/tml.lt\/pl\/solutions\/food\/","name":"Produkcja \u017cywno\u015bci, rolnictwo | TML","isPartOf":{"@id":"https:\/\/tml.lt\/pl\/#website"},"datePublished":"2023-06-12T11:23:36+00:00","dateModified":"2025-10-10T07:07:16+00:00","description":"Solutions for companies providing food production and agriculture. | TML","breadcrumb":{"@id":"https:\/\/tml.lt\/pl\/solutions\/food\/#breadcrumb"},"inLanguage":"pl-PL","potentialAction":[{"@type":"ReadAction","target":["https:\/\/tml.lt\/pl\/solutions\/food\/"]}]},{"@type":"BreadcrumbList","@id":"https:\/\/tml.lt\/pl\/solutions\/food\/#breadcrumb","itemListElement":[{"@type":"ListItem","position":1,"name":"\u0413\u043b\u0430\u0432\u043d\u0430\u044f \u0441\u0442\u0440\u0430\u043d\u0438\u0446\u0430","item":"https:\/\/tml.lt\/pl\/"},{"@type":"ListItem","position":2,"name":"Rozwi\u0105zania","item":"https:\/\/tml.lt\/pl\/solutions\/"},{"@type":"ListItem","position":3,"name":"Produkcja \u017cywno\u015bci, rolnictwo"}]},{"@type":"WebSite","@id":"https:\/\/tml.lt\/pl\/#website","url":"https:\/\/tml.lt\/pl\/","name":"TML","description":"UAB TML-LT","publisher":{"@id":"https:\/\/tml.lt\/pl\/#organization"},"potentialAction":[{"@type":"SearchAction","target":{"@type":"EntryPoint","urlTemplate":"https:\/\/tml.lt\/pl\/?s={search_term_string}"},"query-input":{"@type":"PropertyValueSpecification","valueRequired":true,"valueName":"search_term_string"}}],"inLanguage":"pl-PL"},{"@type":"Organization","@id":"https:\/\/tml.lt\/pl\/#organization","name":"TML","url":"https:\/\/tml.lt\/pl\/","logo":{"@type":"ImageObject","inLanguage":"pl-PL","@id":"https:\/\/tml.lt\/pl\/#\/schema\/logo\/image\/","url":"https:\/\/tml.lt\/pl\/wp-content\/uploads\/2020\/09\/tml-logo-black-4.png","contentUrl":"https:\/\/tml.lt\/pl\/wp-content\/uploads\/2020\/09\/tml-logo-black-4.png","width":470,"height":110,"caption":"TML"},"image":{"@id":"https:\/\/tml.lt\/pl\/#\/schema\/logo\/image\/"}}]}},"amp_enabled":false,"_links":{"self":[{"href":"https:\/\/tml.lt\/pl\/wp-json\/wp\/v2\/pages\/16357","targetHints":{"allow":["GET"]}}],"collection":[{"href":"https:\/\/tml.lt\/pl\/wp-json\/wp\/v2\/pages"}],"about":[{"href":"https:\/\/tml.lt\/pl\/wp-json\/wp\/v2\/types\/page"}],"author":[{"embeddable":true,"href":"https:\/\/tml.lt\/pl\/wp-json\/wp\/v2\/users\/1"}],"replies":[{"embeddable":true,"href":"https:\/\/tml.lt\/pl\/wp-json\/wp\/v2\/comments?post=16357"}],"version-history":[{"count":0,"href":"https:\/\/tml.lt\/pl\/wp-json\/wp\/v2\/pages\/16357\/revisions"}],"up":[{"embeddable":true,"href":"https:\/\/tml.lt\/pl\/wp-json\/wp\/v2\/pages\/15030"}],"wp:attachment":[{"href":"https:\/\/tml.lt\/pl\/wp-json\/wp\/v2\/media?parent=16357"}],"curies":[{"name":"wp","href":"https:\/\/api.w.org\/{rel}","templated":true}]}}