{"id":18938,"date":"2024-08-13T14:55:07","date_gmt":"2024-08-13T12:55:07","guid":{"rendered":"https:\/\/tml.lt\/en\/?page_id=18938"},"modified":"2025-10-08T14:18:06","modified_gmt":"2025-10-08T12:18:06","slug":"masking-powder-coating","status":"publish","type":"page","link":"https:\/\/tml.lt\/pl\/solutions\/electric-power-supply\/masking-powder-coating\/","title":{"rendered":"Maskowanie w malowaniu proszkowym"},"content":{"rendered":"<div class=\"alignright\"><a href=\"\/ru\/wp-content\/uploads\/2018\/02\/Maskavimo-juostos.jpg\" class=\"fancybox\"><img loading=\"lazy\" decoding=\"async\" src=\"\/ru\/wp-content\/uploads\/2018\/02\/Maskavimo-juostos-150x150.jpg\" alt=\"Maskowanie w malowaniu proszkowym\" width=\"150\" height=\"150\"><\/a><\/div>\n<p>Malowanie proszkowe jest jedn&#261; z najpopularniejszych metod nak&#322;adania atrakcyjnych, trwa&#322;ych i elastycznych pow&#322;ok na r&oacute;&#380;norodne produkty i powierzchnie. Co wi&#281;cej, proces malowania proszkowego nie tylko poprawia walory estetyczne powierzchni, ale tak&#380;e pomaga zapewni&#263; dodatkow&#261; ochron&#281; przed korozj&#261;, zarysowaniami i innymi rodzajami uszkodze&#324;. Jednym z kluczowych etap&oacute;w procesu malowania proszkowego jest zastosowanie materia&#322;&oacute;w maskuj&#261;cych, kt&oacute;re pozwalaj&#261; precyzyjnie okre&#347;li&#263;, kt&oacute;re cz&#281;&#347;ci powierzchni podlegaj&#261; malowaniu proszkowemu.<\/p>\n<p>Temperatura wypieku farby proszkowej waha si&#281; od 170 do 220&deg;C. Dlatego te&#380;, zabezpieczenie segment&oacute;w, kt&oacute;re nie podlegaj&#261; malowaniu, powinno odbywa&#263; si&#281; wy&#322;&#261;cznie za pomoc&#261; &#380;aroodpornych materia&#322;&oacute;w samoprzylepnych, kt&oacute;re szczeg&oacute;&#322;owo om&oacute;wimy poni&#380;ej.<\/p>\n<div class=\"su-tabs su-tabs-style-default su-tabs-mobile-stack\" data-active=\"1\" data-scroll-offset=\"0\" data-anchor-in-url=\"no\"><div class=\"su-tabs-nav\"><span class=\"\" data-anchor=\"prod\" data-url=\"\" data-target=\"blank\" tabindex=\"0\" role=\"button\">Produkty<\/span><span class=\"\" data-anchor=\"benefits\" data-url=\"\" data-target=\"blank\" tabindex=\"0\" role=\"button\">Zalety<\/span><span class=\"\" data-anchor=\"process\" data-url=\"\" data-target=\"blank\" tabindex=\"0\" role=\"button\">Proces maskowania<\/span><span class=\"\" data-anchor=\"request\" data-url=\"\" data-target=\"blank\" tabindex=\"0\" role=\"button\">Zapytanie<\/span><\/div><div class=\"su-tabs-panes\"><div class=\"su-tabs-pane su-u-clearfix su-u-trim\" data-title=\"Produkty\">\n<h3>Produkty<\/h3>\n<p>&#379;aroodporne materia&#322;y do maskowania podczas malowania proszkowego s&#261; wykonane z ta&#347;my termicznej, poliimidu, poliestru. Te same materia&#322;y mo&#380;na naby&#263; w dw&oacute;ch g&#322;&oacute;wnych wersjach: <em>ta&#347;ma<\/em> i <em>maska<\/em>.<\/p>\n<div class=\"blk50\">\n<div><a title=\"Ta&#347;my maskuj&#261;ce\" href=\"\/ru\/wp-content\/uploads\/2018\/01\/Grind%C5%B3-%C5%BDym%C4%97jimo-Juosta__.png\"><img loading=\"lazy\" decoding=\"async\" src=\"\/ru\/wp-content\/uploads\/2018\/01\/Grind%C5%B3-%C5%BDym%C4%97jimo-Juosta__-150x150.png\" alt=\"Ta&#347;my\" width=\"150\" height=\"150\"><\/a>\n<h4>Ta&#347;my<\/h4>\n<p>Rolki ta&#347;my wysokotemperaturowej s&#261; idealne do tworzenia prostych linii i ochrony z&#322;o&#380;onych cz&#281;&#347;ci. Grubo&#347;&#263; i g&#281;sto&#347;&#263; materia&#322;u nie pozwalaj&#261; na wykonanie zakrzywionych linii. <a href=\"\/pl\/manufacture\/adhesive-tapes-cutting\/\">Tniemy ta&#347;my<\/a> o indywidualnej szeroko&#347;ci. Do maskowania kszta&#322;towego zalecamy stosowanie masek.<\/p>\n<p>Przejd&#378; do produkt&oacute;w w kategorii <a href=\"\/pl\/product-category\/tapes-and-adhesives\/single-coated-tapes\/masking-tapes-and-protective-masks\/heat-and-chemical-resistant-masking-tapes-thermal-tape\/\" target=\"_blank\" rel=\"noopener\">ta&#347;my wysokotemperaturowe<\/a><\/p>\n<\/div>\n<div><a title=\"Wykrawane maski\" href=\"\/ru\/wp-content\/uploads\/2017\/10\/Termin%C4%97-juosta-3M-8992.png\"><img loading=\"lazy\" decoding=\"async\" src=\"\/ru\/wp-content\/uploads\/2017\/10\/Termin%C4%97-juosta-3M-8992-150x150.png\" alt=\"Maski\" width=\"150\" height=\"150\"><\/a>\n<h4>Maski<\/h4>\n<p>Do maskowania segment&oacute;w o dowolnym kszta&#322;cie u&#380;yj gotowych wykrawanych k&oacute;&#322;ek lub figur na pod&#322;o&#380;u. Maski oszcz&#281;dzaj&#261; czas w produkcji seryjnej. <a href=\"\/pl\/manufacture\/labels-manufacturing\/\">Wykonujemy wykrawanie masek<\/a> na indywidualne zam&oacute;wienie.<\/p>\n<p>Przejd&#378; do produkt&oacute;w w kategorii <a href=\"\/pl\/product-category\/tapes-and-adhesives\/single-coated-tapes\/masking-tapes-and-protective-masks\/high-temperature-tapes-and-masks\/\" target=\"_blank\" rel=\"noopener\">maski wysokotemperaturowe<\/a><\/p>\n<\/div>\n<\/div>\n<p><em>Czym jest maskowanie w malowaniu proszkowym?<\/em><\/p>\n<p>Proces malowania proszkowego polega na nak&#322;adaniu cz&#261;stek proszku na&#322;adowanych elektrostatycznie na powierzchni&#281; za pomoc&#261; specjalistycznego sprz&#281;tu. Nast&#281;pnie proszek jest podgrzewany do okre&#347;lonej temperatury, co powoduje jego stopienie si&#281; z materia&#322;em bazowym, tworz&#261;c trwa&#322;&#261; pow&#322;ok&#281;.<\/p>\n<p>Maskowanie w malowaniu proszkowym to proces nak&#322;adania unikalnych materia&#322;&oacute;w maskuj&#261;cych, takich jak dyski maskuj&#261;ce i ta&#347;ma wysokotemperaturowa, na okre&#347;lone obszary powierzchni. Te materia&#322;y maskuj&#261;ce tworz&#261; barier&#281;, kt&oacute;ra zapobiega przywieraniu proszku do okre&#347;lonych obszar&oacute;w powierzchni.<\/p>\n<p>Na przyk&#322;ad, maskowanie mo&#380;e by&#263; u&#380;yte do ochrony styk&oacute;w elektrycznych na urz&#261;dzeniu lub do zapobiegania zakryciu logo. Maskowanie jest wa&#380;nym procesem dla wielu projekt&oacute;w malowania proszkowego z wielu powod&oacute;w. Zapewnia, &#380;e firmy mog&#261; zachowa&#263; krytyczne cechy produktu, kt&oacute;re mog&#322;yby zosta&#263; uszkodzone przez malowanie proszkowe (takie jak kratki lub elementy elektryczne).<\/p>\n<p>Zapewnia r&oacute;wnie&#380;, &#380;e firmy maj&#261; pe&#322;n&#261; kontrol&#281; nad wynikiem malowania proszkowego. Dzi&#281;ki maskowaniu mo&#380;na tworzy&#263; unikalne wzory, osi&#261;ga&#263; profesjonalne rezultaty na precyzyjnie obrobionych cz&#281;&#347;ciach, a nawet oszcz&#281;dza&#263; czas i pieni&#261;dze na zasobach do malowania proszkowego.<\/p>\n<p><\/p><\/div>\n<div class=\"su-tabs-pane su-u-clearfix su-u-trim\" data-title=\"Zalety\">\n<h3>Zalety<\/h3>\n<p>Maskowanie w malowaniu proszkowym mo&#380;e pom&oacute;c poprawi&#263; wyniki procesu malowania proszkowego na wiele sposob&oacute;w. Niekt&oacute;re z g&#322;&oacute;wnych zalet to:<\/p>\n<p><strong>Lepsza estetyka<\/strong><br>\n&#346;rodki maskuj&#261;ce, takie jak silikonowy klej lub ta&#347;ma poliestrowa, pozwalaj&#261; na tworzenie unikalnych wzor&oacute;w i skomplikowanych projekt&oacute;w. Daje to wi&#281;ksz&#261; kontrol&#281; nad ostatecznym wygl&#261;dem ka&#380;dego projektu. Mo&#380;esz nawet upewni&#263; si&#281;, &#380;e linie dekoracyjne pozostan&#261; idealnie proste.<\/p>\n<p><strong>Precyzyjne dopasowanie<\/strong><br>\nDzi&#281;ki maskowaniu mo&#380;esz zapewni&#263;, &#380;e wa&#380;ne komponenty lub elementy powierzchni nie zostan&#261; pokryte trwa&#322;&#261; pow&#322;ok&#261; proszkow&#261;. Zapewnia to, &#380;e &#347;ruby, nakr&#281;tki i wkr&#281;ty mog&#261; by&#263; bezpiecznie zamocowane w zamierzonych miejscach.<\/p>\n<p><strong>Ochrona wra&#380;liwych obszar&oacute;w<\/strong><br>\nNiekt&oacute;re cz&#281;&#347;ci produktu mog&#261; zosta&#263; uszkodzone przez ekspozycj&#281; na &#347;rodki do malowania proszkowego. Korki maskuj&#261;ce mog&#261; pom&oacute;c chroni&#263; gniazda elektryczne, porty i uszczelki. Ta&#347;ma maskuj&#261;ca mo&#380;e zapobiec pokryciu kratek i krytycznych po&#322;&#261;cze&#324;.<\/p>\n<p><strong>Minimalizacja ryzyka przecieku<\/strong><br>\nSkuteczne maskowanie mo&#380;e zmniejszy&#263; ryzyko przenikania farb proszkowych na powierzchnie uszczelek. Jest to wa&#380;ne w &#347;rodowiskach, w kt&oacute;rych uszczelki pomagaj&#261; tworzy&#263; wodoszczelne lub hermetyczne zamkni&#281;cia.<\/p>\n<p><strong>Wi&#281;ksza wydajno&#347;&#263;<\/strong><br>\nStrategiczne maskowanie malowania proszkowego pomaga zapewni&#263;, &#380;e tylko niezb&#281;dne cz&#281;&#347;ci powierzchni s&#261; traktowane. Redukuje to ilo&#347;&#263; odpad&oacute;w, oszcz&#281;dza materia&#322;y do malowania proszkowego i minimalizuje koszty produkcji.<\/p>\n<p><\/p><\/div>\n<div class=\"su-tabs-pane su-u-clearfix su-u-trim\" data-title=\"Proces maskowania\">&nbsp;\n<h3>Proces maskowania<\/h3>\n<p>Proces maskowania w malowaniu proszkowym mo&#380;e si&#281; r&oacute;&#380;ni&#263; w zale&#380;no&#347;ci od ekspert&oacute;w, z kt&oacute;rymi zdecydujesz si&#281; wsp&oacute;&#322;pracowa&#263;. Zazwyczaj jednak kroki obejmuj&#261;:<\/p>\n<p><em>1. Wyb&oacute;r odpowiedniego materia&#322;u maskuj&#261;cego<\/em><\/p>\n<p>Pierwszym krokiem w procesie maskowania jest wyb&oacute;r odpowiednich materia&#322;&oacute;w maskuj&#261;cych, w oparciu o specyficzne potrzeby Twojego projektu. Musisz upewni&#263; si&#281;, &#380;e wybierasz materia&#322; o doskona&#322;ej odporno&#347;ci chemicznej i zdolno&#347;ci do wytrzymania wysokich temperatur stosowanych w procesie utwardzania.<\/p>\n<p>Warto zastosowa&#263; r&oacute;&#380;ne rodzaje materia&#322;&oacute;w maskuj&#261;cych, takie jak ta&#347;ma poliimidowa, a tak&#380;e zatyczki i dyski maskuj&#261;ce, aby osi&#261;gn&#261;&#263; okre&#347;lone rezultaty.<\/p>\n<p><em>2. Przygotowanie powierzchni<\/em><\/p>\n<p>Po wybraniu odpowiedniego materia&#322;u maskuj&#261;cego, powierzchnie musz&#261; by&#263; przygotowane zar&oacute;wno do na&#322;o&#380;enia substancji maskuj&#261;cej, jak i do procesu malowania proszkowego. Powierzchnie musz&#261; by&#263; oczyszczone z wszelkiego t&#322;uszczu, brudu lub zanieczyszcze&#324;, kt&oacute;re mog&#322;yby zak&#322;&oacute;ca&#263; przyczepno&#347;&#263; materia&#322;u maskuj&#261;cego.<\/p>\n<p>Warto r&oacute;wnie&#380; upewni&#263; si&#281;, &#380;e wszelkie niedoskona&#322;o&#347;ci zostan&#261; usuni&#281;te z powierzchni przed na&#322;o&#380;eniem farb proszkowych, aby zachowa&#263; jednolite wyko&#324;czenie.<\/p>\n<p><em>3. Zakryj du&#380;e, p&#322;askie obszary, a nast&#281;pnie mniejsze elementy<\/em><\/p>\n<p>Podczas nak&#322;adania maskowania do malowania proszkowego, zazwyczaj ma sens najpierw zakrycie du&#380;ych, p&#322;askich obszar&oacute;w. U&#380;ycie folii i papier&oacute;w, a tak&#380;e ta&#347;my wysokotemperaturowej, mo&#380;e pom&oacute;c w stworzeniu czystych granic i kraw&#281;dzi na powierzchni, zanim zaczniesz pracowa&#263; nad bardziej skomplikowanymi detalami.<\/p>\n<p>Po zakryciu wi&#281;kszych obszar&oacute;w, skup si&#281; na uszczelnieniu otwor&oacute;w, gwintowanych otwor&oacute;w i innych element&oacute;w powierzchni za pomoc&#261; nasadek i zatyczek.<\/p>\n<p><em>4. Sprawd&#378; maskowanie<\/em><\/p>\n<p>Przed rozpocz&#281;ciem procesu malowania proszkowego, po&#347;wi&#281;&#263; chwil&#281;, aby dok&#322;adnie sprawdzi&#263; wszystkie zamaskowane obszary. Upewnij si&#281;, &#380;e nie ma &#380;adnych p&#281;cherzyk&oacute;w ani szczelin, kt&oacute;re mog&#322;yby pozwoli&#263; proszkowi na infiltracj&#281; cz&#281;&#347;ci projektu, kt&oacute;re chcesz zachowa&#263;.<\/p>\n<p>Wymie&#324; odklejaj&#261;c&#261; si&#281; ta&#347;m&#281; i dok&#322;adnie sprawd&#378;, czy wszystkie najwa&#380;niejsze elementy Twojego projektu zosta&#322;y odpowiednio zabezpieczone.<\/p>\n<p><em>5. Na&#322;&oacute;&#380; farb&#281; proszkow&#261; i utward&#378;<\/em><\/p>\n<p>Gdy jeste&#347; zadowolony z wynik&oacute;w procesu maskowania, nast&#281;pnym krokiem jest na&#322;o&#380;enie farby proszkowej. Wa&#380;ne jest, aby na&#322;o&#380;y&#263; proszek r&oacute;wnomiernie i sp&oacute;jnie na kluczowe obszary przedmiotu, post&#281;puj&#261;c zgodnie z wytycznymi dostarczonymi przez producenta.<\/p>\n<p>Po ca&#322;kowitym pokryciu materia&#322;u proszkiem, przenie&#347; go do pieca utwardzaj&#261;cego, aby proszek m&oacute;g&#322; si&#281; stopi&#263; i po&#322;&#261;czy&#263; z powierzchni&#261; produktu.<\/p>\n<p><em>6. Usu&#324; materia&#322;y maskuj&#261;ce i sprawd&#378;<\/em><\/p>\n<p>Na koniec, po zako&#324;czeniu procesu utwardzania, ostro&#380;nie usu&#324; materia&#322;y maskuj&#261;ce. Wi&#281;kszo&#347;&#263; materia&#322;&oacute;w, takich jak zielona ta&#347;ma poliestrowa i ta&#347;ma z tkaniny szklanej, mo&#380;na po prostu oderwa&#263; od powierzchni. Zachowaj ostro&#380;no&#347;&#263; podczas usuwania materia&#322;&oacute;w maskuj&#261;cych, aby zapewni&#263; czyste kraw&#281;dzie i rezultaty.<\/p>\n<p>Po usuni&#281;ciu wszystkich materia&#322;&oacute;w maskuj&#261;cych i wszelkich pozosta&#322;o&#347;ci kleju, przeprowad&#378; ostateczn&#261; inspekcj&#281; produktu, sprawdzaj&#261;c, czy nie ma nieprawid&#322;owo&#347;ci ani b&#322;&#281;d&oacute;w.<\/p>\n<p><\/p><\/div>\n<div class=\"su-tabs-pane su-u-clearfix su-u-trim\" data-title=\"Zapytanie\">&nbsp;<br>\n\n<div class=\"wpcf7 no-js\" id=\"wpcf7-f2015-o1\" lang=\"ru-RU\" dir=\"ltr\" data-wpcf7-id=\"2015\">\n<div class=\"screen-reader-response\"><p role=\"status\" aria-live=\"polite\" aria-atomic=\"true\"><\/p> <ul><\/ul><\/div>\n<form action=\"\/pl\/wp-json\/wp\/v2\/pages\/18938#wpcf7-f2015-o1\" method=\"post\" class=\"wpcf7-form init\" aria-label=\"&#1050;&#1086;&#1085;&#1090;&#1072;&#1082;&#1090;&#1085;&#1072;&#1103; &#1092;&#1086;&#1088;&#1084;&#1072;\" enctype=\"multipart\/form-data\" novalidate=\"novalidate\" data-status=\"init\">\n<fieldset class=\"hidden-fields-container\"><input type=\"hidden\" name=\"_wpcf7\" value=\"2015\"><input type=\"hidden\" name=\"_wpcf7_version\" value=\"6.1.5\"><input type=\"hidden\" name=\"_wpcf7_locale\" value=\"ru_RU\"><input type=\"hidden\" name=\"_wpcf7_unit_tag\" value=\"wpcf7-f2015-o1\"><input type=\"hidden\" name=\"_wpcf7_container_post\" value=\"0\"><input type=\"hidden\" name=\"_wpcf7_posted_data_hash\" value=\"\"><input type=\"hidden\" name=\"_wpcf7_recaptcha_response\" value=\"\">\n<\/fieldset>\n<h4>Formularz kontaktowy\n<\/h4>\n<div class=\"clean\">\n\t<p><label class=\"callback\"><span class=\"fieldname\"><span class=\"text-danger\">*<\/span> Wiadomo&#347;&#263;<\/span><span class=\"wpcf7-form-control-wrap\" data-name=\"ymessage\"><textarea cols=\"90\" rows=\"2\" maxlength=\"2000\" class=\"wpcf7-form-control wpcf7-textarea wpcf7-validates-as-required\" aria-required=\"true\" aria-invalid=\"false\" placeholder=\"Twoja wiadomo&#347;&#263;\" name=\"ymessage\"><\/textarea><\/span><\/label><br>\n<label class=\"callback\"><span class=\"fieldname\"><span class=\"text-danger\">*<\/span> Imi&#281; i nazwisko<\/span><span class=\"wpcf7-form-control-wrap\" data-name=\"yname\"><input size=\"25\" maxlength=\"400\" class=\"wpcf7-form-control wpcf7-text wpcf7-validates-as-required\" aria-required=\"true\" aria-invalid=\"false\" placeholder=\"Twoje imi&#281; i nazwisko\" value=\"\" type=\"text\" name=\"yname\"><\/span><\/label><br>\n<label class=\"callback\"><span class=\"fieldname\"><span class=\"text-danger\">*<\/span> E-mail<\/span><span class=\"wpcf7-form-control-wrap\" data-name=\"yemail\"><input size=\"40\" maxlength=\"400\" class=\"wpcf7-form-control wpcf7-email wpcf7-validates-as-required wpcf7-text wpcf7-validates-as-email\" aria-required=\"true\" aria-invalid=\"false\" placeholder=\"Tw&oacute;j e-mail\" value=\"\" type=\"email\" name=\"yemail\"><\/span><\/label><br>\n<label class=\"callback\"><span class=\"fieldname\"><span class=\"text-danger\">*<\/span> Telefon<\/span><span class=\"wpcf7-form-control-wrap\" data-name=\"yphone\"><input size=\"25\" maxlength=\"400\" class=\"wpcf7-form-control wpcf7-text wpcf7-validates-as-required\" aria-required=\"true\" aria-invalid=\"false\" placeholder=\"Tw&oacute;j numer telefonu z numerem kierunkowym\" value=\"\" type=\"text\" name=\"yphone\"><\/span><\/label>\n\t<\/p>\n\t<div class=\"clean hide\">\n\t\t<p><label class=\"callback\"><br>\n<\/label>\n\t\t<\/p>\n\t\t<div class=\"tooltip\">\n\t\t\t<p>?<br>\n<span class=\"tooltiptext\">Maksymalny rozmiar pliku 10 Mb<br>\nDozwolone typy plik&oacute;w: .doc .docx .cdr .ai .eps .pdf .tiff .psd .jpg .jpeg .gif .bmp .png<\/span>\n\t\t\t<\/p>\n\t\t<\/div>\n\t\t<div style=\"display:flex;\">\n\t\t\t<p>Masz za&#322;&#261;cznik?\n\t\t\t<\/p>\n\t\t<\/div>\n\t\t<p><span class=\"wpcf7-form-control-wrap\" data-name=\"yattachment\"><input size=\"40\" class=\"wpcf7-form-control wpcf7-file\" accept=\".doc,.docx,.cdr,.ai,.eps,.pdf,.tiff,.psd,.jpg,.jpeg,.gif,.bmp,.png\" aria-invalid=\"false\" type=\"file\" name=\"yattachment\"><\/span><br>\n\t\t<\/p>\n\t<\/div>\n\n\t<div class=\"clean pt-3 text-center\">\n\t\t<p><input class=\"wpcf7-form-control wpcf7-submit has-spinner contact\" type=\"submit\" value=\"Wy&#347;lij wiadomo&#347;&#263;\">\n\t\t<\/p>\n\t<\/div>\n<\/div><div class=\"wpcf7-response-output\" aria-hidden=\"true\"><\/div>\n<\/form>\n<\/div>\n<br>\n<\/div><\/div><\/div>\n","protected":false},"excerpt":{"rendered":"<p>Malowanie proszkowe jest jedn\u0105 z najpopularniejszych metod nak\u0142adania atrakcyjnych, trwa\u0142ych i elastycznych pow\u0142ok na r\u00f3\u017cnorodne produkty i powierzchnie. Co wi\u0119cej, proces malowania proszkowego nie tylko poprawia walory estetyczne powierzchni, ale tak\u017ce pomaga zapewni\u0107 dodatkow\u0105 ochron\u0119 przed korozj\u0105, zarysowaniami i innymi rodzajami uszkodze\u0144. Jednym z kluczowych etap\u00f3w procesu malowania proszkowego jest zastosowanie materia\u0142\u00f3w maskuj\u0105cych, kt\u00f3re pozwalaj\u0105 [&hellip;]<\/p>\n","protected":false},"author":1,"featured_media":0,"parent":18917,"menu_order":0,"comment_status":"closed","ping_status":"closed","template":"page-templates\/page-sidebar-none.php","meta":{"footnotes":""},"class_list":["post-18938","page","type-page","status-publish","hentry"],"yoast_head":"<!-- This site is optimized with the Yoast SEO plugin v27.4 - https:\/\/yoast.com\/product\/yoast-seo-wordpress\/ -->\n<title>Maskowanie w malowaniu proszkowym | TML<\/title>\n<meta name=\"description\" content=\"Malowanie proszkowe jest jedn\u0105 z najpopularniejszych metod nak\u0142adania atrakcyjnych, trwa\u0142ych i elastycznych pow\u0142ok na r\u00f3\u017cnorodne produkty i powierzchnie. TML\" \/>\n<meta name=\"robots\" content=\"index, follow, max-snippet:-1, max-image-preview:large, max-video-preview:-1\" \/>\n<link rel=\"canonical\" href=\"https:\/\/tml.lt\/pl\/solutions\/electric-power-supply\/masking-powder-coating\/\" \/>\n<meta property=\"og:locale\" content=\"pl_PL\" \/>\n<meta property=\"og:type\" content=\"article\" \/>\n<meta property=\"og:title\" content=\"Maskowanie w malowaniu proszkowym | TML\" \/>\n<meta property=\"og:description\" content=\"Malowanie proszkowe jest jedn\u0105 z najpopularniejszych metod nak\u0142adania atrakcyjnych, trwa\u0142ych i elastycznych pow\u0142ok na r\u00f3\u017cnorodne produkty i powierzchnie. TML\" \/>\n<meta property=\"og:url\" content=\"https:\/\/tml.lt\/pl\/solutions\/electric-power-supply\/masking-powder-coating\/\" \/>\n<meta property=\"og:site_name\" content=\"TML\" \/>\n<meta property=\"article:modified_time\" content=\"2025-10-08T12:18:06+00:00\" \/>\n<meta name=\"twitter:card\" content=\"summary_large_image\" \/>\n<meta name=\"twitter:label1\" content=\"Szacowany czas czytania\" \/>\n\t<meta name=\"twitter:data1\" content=\"6 minut\" \/>\n<script type=\"application\/ld+json\" class=\"yoast-schema-graph\">{\"@context\":\"https:\\\/\\\/schema.org\",\"@graph\":[{\"@type\":\"WebPage\",\"@id\":\"https:\\\/\\\/tml.lt\\\/pl\\\/solutions\\\/electric-power-supply\\\/masking-powder-coating\\\/\",\"url\":\"https:\\\/\\\/tml.lt\\\/pl\\\/solutions\\\/electric-power-supply\\\/masking-powder-coating\\\/\",\"name\":\"Maskowanie w malowaniu proszkowym | TML\",\"isPartOf\":{\"@id\":\"https:\\\/\\\/tml.lt\\\/pl\\\/#website\"},\"datePublished\":\"2024-08-13T12:55:07+00:00\",\"dateModified\":\"2025-10-08T12:18:06+00:00\",\"description\":\"Malowanie proszkowe jest jedn\u0105 z najpopularniejszych metod nak\u0142adania atrakcyjnych, trwa\u0142ych i elastycznych pow\u0142ok na r\u00f3\u017cnorodne produkty i powierzchnie. TML\",\"breadcrumb\":{\"@id\":\"https:\\\/\\\/tml.lt\\\/pl\\\/solutions\\\/electric-power-supply\\\/masking-powder-coating\\\/#breadcrumb\"},\"inLanguage\":\"pl-PL\",\"potentialAction\":[{\"@type\":\"ReadAction\",\"target\":[\"https:\\\/\\\/tml.lt\\\/pl\\\/solutions\\\/electric-power-supply\\\/masking-powder-coating\\\/\"]}]},{\"@type\":\"BreadcrumbList\",\"@id\":\"https:\\\/\\\/tml.lt\\\/pl\\\/solutions\\\/electric-power-supply\\\/masking-powder-coating\\\/#breadcrumb\",\"itemListElement\":[{\"@type\":\"ListItem\",\"position\":1,\"name\":\"\u0413\u043b\u0430\u0432\u043d\u0430\u044f \u0441\u0442\u0440\u0430\u043d\u0438\u0446\u0430\",\"item\":\"https:\\\/\\\/tml.lt\\\/pl\\\/\"},{\"@type\":\"ListItem\",\"position\":2,\"name\":\"Rozwi\u0105zania\",\"item\":\"https:\\\/\\\/tml.lt\\\/pl\\\/solutions\\\/\"},{\"@type\":\"ListItem\",\"position\":3,\"name\":\"Zasilanie elektryczne\",\"item\":\"https:\\\/\\\/tml.lt\\\/pl\\\/solutions\\\/electric-power-supply\\\/\"},{\"@type\":\"ListItem\",\"position\":4,\"name\":\"Maskowanie w malowaniu proszkowym\"}]},{\"@type\":\"WebSite\",\"@id\":\"https:\\\/\\\/tml.lt\\\/pl\\\/#website\",\"url\":\"https:\\\/\\\/tml.lt\\\/pl\\\/\",\"name\":\"TML\",\"description\":\"UAB TML-LT\",\"publisher\":{\"@id\":\"https:\\\/\\\/tml.lt\\\/pl\\\/#organization\"},\"potentialAction\":[{\"@type\":\"SearchAction\",\"target\":{\"@type\":\"EntryPoint\",\"urlTemplate\":\"https:\\\/\\\/tml.lt\\\/pl\\\/?s={search_term_string}\"},\"query-input\":{\"@type\":\"PropertyValueSpecification\",\"valueRequired\":true,\"valueName\":\"search_term_string\"}}],\"inLanguage\":\"pl-PL\"},{\"@type\":\"Organization\",\"@id\":\"https:\\\/\\\/tml.lt\\\/pl\\\/#organization\",\"name\":\"TML\",\"url\":\"https:\\\/\\\/tml.lt\\\/pl\\\/\",\"logo\":{\"@type\":\"ImageObject\",\"inLanguage\":\"pl-PL\",\"@id\":\"https:\\\/\\\/tml.lt\\\/pl\\\/#\\\/schema\\\/logo\\\/image\\\/\",\"url\":\"https:\\\/\\\/tml.lt\\\/pl\\\/wp-content\\\/uploads\\\/2020\\\/09\\\/tml-logo-black-4.png\",\"contentUrl\":\"https:\\\/\\\/tml.lt\\\/pl\\\/wp-content\\\/uploads\\\/2020\\\/09\\\/tml-logo-black-4.png\",\"width\":470,\"height\":110,\"caption\":\"TML\"},\"image\":{\"@id\":\"https:\\\/\\\/tml.lt\\\/pl\\\/#\\\/schema\\\/logo\\\/image\\\/\"}}]}<\/script>\n<!-- \/ Yoast SEO plugin. -->","yoast_head_json":{"title":"Maskowanie w malowaniu proszkowym | TML","description":"Malowanie proszkowe jest jedn\u0105 z najpopularniejszych metod nak\u0142adania atrakcyjnych, trwa\u0142ych i elastycznych pow\u0142ok na r\u00f3\u017cnorodne produkty i powierzchnie. TML","robots":{"index":"index","follow":"follow","max-snippet":"max-snippet:-1","max-image-preview":"max-image-preview:large","max-video-preview":"max-video-preview:-1"},"canonical":"https:\/\/tml.lt\/pl\/solutions\/electric-power-supply\/masking-powder-coating\/","og_locale":"pl_PL","og_type":"article","og_title":"Maskowanie w malowaniu proszkowym | TML","og_description":"Malowanie proszkowe jest jedn\u0105 z najpopularniejszych metod nak\u0142adania atrakcyjnych, trwa\u0142ych i elastycznych pow\u0142ok na r\u00f3\u017cnorodne produkty i powierzchnie. TML","og_url":"https:\/\/tml.lt\/pl\/solutions\/electric-power-supply\/masking-powder-coating\/","og_site_name":"TML","article_modified_time":"2025-10-08T12:18:06+00:00","twitter_card":"summary_large_image","twitter_misc":{"Szacowany czas czytania":"6 minut"},"schema":{"@context":"https:\/\/schema.org","@graph":[{"@type":"WebPage","@id":"https:\/\/tml.lt\/pl\/solutions\/electric-power-supply\/masking-powder-coating\/","url":"https:\/\/tml.lt\/pl\/solutions\/electric-power-supply\/masking-powder-coating\/","name":"Maskowanie w malowaniu proszkowym | TML","isPartOf":{"@id":"https:\/\/tml.lt\/pl\/#website"},"datePublished":"2024-08-13T12:55:07+00:00","dateModified":"2025-10-08T12:18:06+00:00","description":"Malowanie proszkowe jest jedn\u0105 z najpopularniejszych metod nak\u0142adania atrakcyjnych, trwa\u0142ych i elastycznych pow\u0142ok na r\u00f3\u017cnorodne produkty i powierzchnie. TML","breadcrumb":{"@id":"https:\/\/tml.lt\/pl\/solutions\/electric-power-supply\/masking-powder-coating\/#breadcrumb"},"inLanguage":"pl-PL","potentialAction":[{"@type":"ReadAction","target":["https:\/\/tml.lt\/pl\/solutions\/electric-power-supply\/masking-powder-coating\/"]}]},{"@type":"BreadcrumbList","@id":"https:\/\/tml.lt\/pl\/solutions\/electric-power-supply\/masking-powder-coating\/#breadcrumb","itemListElement":[{"@type":"ListItem","position":1,"name":"\u0413\u043b\u0430\u0432\u043d\u0430\u044f \u0441\u0442\u0440\u0430\u043d\u0438\u0446\u0430","item":"https:\/\/tml.lt\/pl\/"},{"@type":"ListItem","position":2,"name":"Rozwi\u0105zania","item":"https:\/\/tml.lt\/pl\/solutions\/"},{"@type":"ListItem","position":3,"name":"Zasilanie elektryczne","item":"https:\/\/tml.lt\/pl\/solutions\/electric-power-supply\/"},{"@type":"ListItem","position":4,"name":"Maskowanie w malowaniu proszkowym"}]},{"@type":"WebSite","@id":"https:\/\/tml.lt\/pl\/#website","url":"https:\/\/tml.lt\/pl\/","name":"TML","description":"UAB TML-LT","publisher":{"@id":"https:\/\/tml.lt\/pl\/#organization"},"potentialAction":[{"@type":"SearchAction","target":{"@type":"EntryPoint","urlTemplate":"https:\/\/tml.lt\/pl\/?s={search_term_string}"},"query-input":{"@type":"PropertyValueSpecification","valueRequired":true,"valueName":"search_term_string"}}],"inLanguage":"pl-PL"},{"@type":"Organization","@id":"https:\/\/tml.lt\/pl\/#organization","name":"TML","url":"https:\/\/tml.lt\/pl\/","logo":{"@type":"ImageObject","inLanguage":"pl-PL","@id":"https:\/\/tml.lt\/pl\/#\/schema\/logo\/image\/","url":"https:\/\/tml.lt\/pl\/wp-content\/uploads\/2020\/09\/tml-logo-black-4.png","contentUrl":"https:\/\/tml.lt\/pl\/wp-content\/uploads\/2020\/09\/tml-logo-black-4.png","width":470,"height":110,"caption":"TML"},"image":{"@id":"https:\/\/tml.lt\/pl\/#\/schema\/logo\/image\/"}}]}},"amp_enabled":false,"_links":{"self":[{"href":"https:\/\/tml.lt\/pl\/wp-json\/wp\/v2\/pages\/18938","targetHints":{"allow":["GET"]}}],"collection":[{"href":"https:\/\/tml.lt\/pl\/wp-json\/wp\/v2\/pages"}],"about":[{"href":"https:\/\/tml.lt\/pl\/wp-json\/wp\/v2\/types\/page"}],"author":[{"embeddable":true,"href":"https:\/\/tml.lt\/pl\/wp-json\/wp\/v2\/users\/1"}],"replies":[{"embeddable":true,"href":"https:\/\/tml.lt\/pl\/wp-json\/wp\/v2\/comments?post=18938"}],"version-history":[{"count":0,"href":"https:\/\/tml.lt\/pl\/wp-json\/wp\/v2\/pages\/18938\/revisions"}],"up":[{"embeddable":true,"href":"https:\/\/tml.lt\/pl\/wp-json\/wp\/v2\/pages\/18917"}],"wp:attachment":[{"href":"https:\/\/tml.lt\/pl\/wp-json\/wp\/v2\/media?parent=18938"}],"curies":[{"name":"wp","href":"https:\/\/api.w.org\/{rel}","templated":true}]}}