{"id":19948,"date":"2025-02-05T16:56:51","date_gmt":"2025-02-05T14:56:51","guid":{"rendered":"https:\/\/tml.lt\/en\/?page_id=19948"},"modified":"2025-12-08T10:09:48","modified_gmt":"2025-12-08T08:09:48","slug":"special-film-labels-in-a4-format-with-durable-adhesive-for-a-laser-printer","status":"publish","type":"page","link":"https:\/\/tml.lt\/pl\/solutions\/electronics-and-instrumentation\/special-film-labels-in-a4-format-with-durable-adhesive-for-a-laser-printer\/","title":{"rendered":"Specjalne etykiety foliowe w formacie A4 z trwa\u0142ym klejem do drukarki laserowej"},"content":{"rendered":"<p><i>Potrzebujesz wysokiej jako&#347;ci i trwa&#322;ej etykiety, ale w ma&#322;ych ilo&#347;ciach &ndash; co robi&#263;?<\/i><\/p>\n<p><i>Specjalna folia w formacie A4 z trwa&#322;ym klejem do drukarki laserowej &ndash; idealny wyb&oacute;r!<\/i><\/p>\n<p><strong>Czym jest druk laserowy?<\/strong><\/p>\n<p>Druk laserowy to elektrostatyczny proces druku cyfrowego. Wytwarza wysokiej jako&#347;ci tekst i grafik&#281; poprzez wielokrotne przesuwanie wi&#261;zki lasera tam i z powrotem po ujemnie na&#322;adowanym cylindrze zwanym &bdquo;b&#281;bnem&rdquo; w celu zdefiniowania zr&oacute;&#380;nicowanego obrazu. B&#281;ben selektywnie zbiera na&#322;adowany elektrycznie proszkowy tusz (toner) i przenosi obraz na papier, kt&oacute;ry jest nast&#281;pnie podgrzewany, aby trwale utrwali&#263; tekst \/ obraz na pod&#322;o&#380;u.<\/p>\n<p><strong>Dlaczego laser?<\/strong><\/p>\n<p>Druk laserowy ma wiele zalet, by wymieni&#263; tylko kilka: szybko&#347;&#263;, precyzja i ekonomia. Chocia&#380; technologia laserowa jest zwykle dro&#380;sza ni&#380; jej odpowiednik atramentowy, dost&#281;pne materia&#322;y eksploatacyjne do jej dzia&#322;ania s&#261; cz&#281;sto ta&#324;sze i wytrzymuj&#261; znacznie d&#322;u&#380;ej. Wynika to z samej wi&#261;zki lasera, kt&oacute;ra ma niezmienn&#261; &#347;rednic&#281;. Oznacza to, &#380;e mo&#380;e rysowa&#263; bardziej precyzyjnie, zu&#380;ywaj&#261;c mniej tuszu i drukuj&#261;c znacznie szybciej.<\/p>\n<h3>Jak TML-LT mo&#380;e Ci pom&oacute;c?<\/h3>\n<p>Specjalne pow&#322;oki folii &ndash; poliestrowych lub polipropylenowych &ndash; zosta&#322;y zaprojektowane tak, aby zapewni&#263; najwy&#380;sz&#261; jako&#347;&#263; druku ze stabilnym obrazem!<\/p>\n<p><strong><a href=\"\/pl\/product-category\/industrial-marking\/labels-on-a4-sheets-for-laser-printers\/\">Najpopularniejsze materia&#322;y<\/a> do zastosowa&#324; przemys&#322;owych:<\/strong><\/p>\n<ul>\n&nbsp; &nbsp; \n<li>poliester srebrny matowy<\/li>\n<p>&nbsp; &nbsp; <\/p>\n<li>poliester bia&#322;y matowy<\/li>\n<p>&nbsp; &nbsp; <\/p>\n<li>polipropylen bia&#322;y<\/li>\n<\/ul>\n<h3>Opcjonalnie do druku laserowego:<\/h3>\n<ul>\n&nbsp; &nbsp; \n<li><a href=\"\/pl\/product-category\/wire-n-cable-marking\/self-laminating-markers-on-a4-sheets\/\">markery samolaminuj&#261;ce<\/a> do drukarek laserowych do znakowania przewod&oacute;w i kabli<\/li>\n<p>&nbsp; &nbsp; <\/p>\n<li>akredytowane materia&#322;y BS5609 do etykietowania substancji niebezpiecznych, kt&oacute;re s&#261; przeznaczone do pracy w najci&#281;&#380;szych warunkach.<\/li>\n<p>&nbsp; &nbsp; <\/p>\n<li><a href=\"\/pl\/product-category\/wire-n-cable-marking\/p-shaped-cable-and-wire-marking-flags-on-a4-sheets-for-printing-with-a-laser-printer\/\">specjalne markery-flagi<\/a> do znakowania przewod&oacute;w w serwerowniach<\/li>\n<\/ul>\n<div class=\"pics row bgr\">\n<div class=\"imgcard text-center\"><a target=\"_blank\" href=\"\/pl\/product-category\/industrial-marking\/labels-on-a4-sheets-for-laser-printers\/\" rel=\"noopener noreferrer\"><img loading=\"lazy\" decoding=\"async\" src=\"\/ru\/wp-content\/uploads\/2018\/03\/Lipdukai-ant-A4-formato-lapo-lazeriniams-spausdintuvams___.jpg\" alt=\"Popularne materia&#322;y do zastosowa&#324; przemys&#322;owych\" height=\"300\" width=\"300\"><br>Popularne materia&#322;y do zastosowa&#324; przemys&#322;owych\n<\/a><\/div>\n<div class=\"imgcard text-center\"><a target=\"_blank\" href=\"\/pl\/product-category\/wire-n-cable-marking\/self-laminating-markers-on-a4-sheets\/\" rel=\"noopener noreferrer\"><img loading=\"lazy\" decoding=\"async\" src=\"\/pl\/wp-content\/uploads\/2017\/11\/Savilaminuojantys-kabeliu-%C5%BEymekliai-150x150.jpg\" alt=\"markery samolaminuj&#261;ce do drukarek laserowych do znakowania przewod&oacute;w i kabli\" height=\"300\" width=\"300\"><br>Markery samolaminuj&#261;ce \n<\/a><\/div>\n<div class=\"imgcard text-center\"><a target=\"_blank\" href=\"\/pl\/product-category\/wire-n-cable-marking\/p-shaped-cable-and-wire-marking-flags-on-a4-sheets-for-printing-with-a-laser-printer\/\" rel=\"noopener noreferrer\"><img loading=\"lazy\" decoding=\"async\" src=\"\/wp-content\/uploads\/2024\/01\/Veliaveles-ant-A4-lapo.png\" alt=\"Specjalne markery-flagi do znakowania przewod&oacute;w w serwerowniach\" height=\"300\" width=\"300\"><br>Specjalne markery-flagi do znakowania przewod&oacute;w \n<\/a><\/div>\n<\/div>\n","protected":false},"excerpt":{"rendered":"<p>Potrzebujesz wysokiej jako\u015bci i trwa\u0142ej etykiety, ale w ma\u0142ych ilo\u015bciach \u2013 co robi\u0107? Specjalna folia w formacie A4 z trwa\u0142ym klejem do drukarki laserowej \u2013 idealny wyb\u00f3r! Czym jest druk laserowy? Druk laserowy to elektrostatyczny proces druku cyfrowego. Wytwarza wysokiej jako\u015bci tekst i grafik\u0119 poprzez wielokrotne przesuwanie wi\u0105zki lasera tam i z powrotem po ujemnie [&hellip;]<\/p>\n","protected":false},"author":2,"featured_media":0,"parent":16043,"menu_order":0,"comment_status":"closed","ping_status":"closed","template":"page-templates\/page-sidebar-none.php","meta":{"footnotes":""},"class_list":["post-19948","page","type-page","status-publish","hentry"],"yoast_head":"<!-- This site is optimized with the Yoast SEO plugin v27.6 - https:\/\/yoast.com\/product\/yoast-seo-wordpress\/ -->\n<title>Specjalne etykiety foliowe w formacie A4 z trwa\u0142ym klejem do drukarki laserowej | TML<\/title>\n<meta name=\"description\" content=\"Druk laserowy to elektrostatyczny proces druku cyfrowego. Wytwarza wysokiej jako\u015bci tekst i grafik\u0119 poprzez wielokrotne przesuwanie wi\u0105zki lasera tam i z powrotem po ujemnie na\u0142adowanym cylindrze zwanym \u201eb\u0119bnem\u201d w celu zdefiniowania zr\u00f3\u017cnicowanego obrazu.\" \/>\n<meta name=\"robots\" content=\"index, follow, max-snippet:-1, max-image-preview:large, max-video-preview:-1\" \/>\n<link rel=\"canonical\" href=\"https:\/\/tml.lt\/pl\/solutions\/electronics-and-instrumentation\/special-film-labels-in-a4-format-with-durable-adhesive-for-a-laser-printer\/\" \/>\n<meta property=\"og:locale\" content=\"pl_PL\" \/>\n<meta property=\"og:type\" content=\"article\" \/>\n<meta property=\"og:title\" content=\"Specjalne etykiety foliowe w formacie A4 z trwa\u0142ym klejem do drukarki laserowej | TML\" \/>\n<meta property=\"og:description\" content=\"Druk laserowy to elektrostatyczny proces druku cyfrowego. Wytwarza wysokiej jako\u015bci tekst i grafik\u0119 poprzez wielokrotne przesuwanie wi\u0105zki lasera tam i z powrotem po ujemnie na\u0142adowanym cylindrze zwanym \u201eb\u0119bnem\u201d w celu zdefiniowania zr\u00f3\u017cnicowanego obrazu.\" \/>\n<meta property=\"og:url\" content=\"https:\/\/tml.lt\/pl\/solutions\/electronics-and-instrumentation\/special-film-labels-in-a4-format-with-durable-adhesive-for-a-laser-printer\/\" \/>\n<meta property=\"og:site_name\" content=\"TML\" \/>\n<meta property=\"article:modified_time\" content=\"2025-12-08T08:09:48+00:00\" \/>\n<meta name=\"twitter:card\" content=\"summary_large_image\" \/>\n<meta name=\"twitter:label1\" content=\"Szacowany czas czytania\" \/>\n\t<meta name=\"twitter:data1\" content=\"1 minuta\" \/>\n<script type=\"application\/ld+json\" class=\"yoast-schema-graph\">{\"@context\":\"https:\\\/\\\/schema.org\",\"@graph\":[{\"@type\":\"WebPage\",\"@id\":\"https:\\\/\\\/tml.lt\\\/pl\\\/solutions\\\/electronics-and-instrumentation\\\/special-film-labels-in-a4-format-with-durable-adhesive-for-a-laser-printer\\\/\",\"url\":\"https:\\\/\\\/tml.lt\\\/pl\\\/solutions\\\/electronics-and-instrumentation\\\/special-film-labels-in-a4-format-with-durable-adhesive-for-a-laser-printer\\\/\",\"name\":\"Specjalne etykiety foliowe w formacie A4 z trwa\u0142ym klejem do drukarki laserowej | TML\",\"isPartOf\":{\"@id\":\"https:\\\/\\\/tml.lt\\\/pl\\\/#website\"},\"datePublished\":\"2025-02-05T14:56:51+00:00\",\"dateModified\":\"2025-12-08T08:09:48+00:00\",\"description\":\"Druk laserowy to elektrostatyczny proces druku cyfrowego. Wytwarza wysokiej jako\u015bci tekst i grafik\u0119 poprzez wielokrotne przesuwanie wi\u0105zki lasera tam i z powrotem po ujemnie na\u0142adowanym cylindrze zwanym \u201eb\u0119bnem\u201d w celu zdefiniowania zr\u00f3\u017cnicowanego obrazu.\",\"breadcrumb\":{\"@id\":\"https:\\\/\\\/tml.lt\\\/pl\\\/solutions\\\/electronics-and-instrumentation\\\/special-film-labels-in-a4-format-with-durable-adhesive-for-a-laser-printer\\\/#breadcrumb\"},\"inLanguage\":\"pl-PL\",\"potentialAction\":[{\"@type\":\"ReadAction\",\"target\":[\"https:\\\/\\\/tml.lt\\\/pl\\\/solutions\\\/electronics-and-instrumentation\\\/special-film-labels-in-a4-format-with-durable-adhesive-for-a-laser-printer\\\/\"]}]},{\"@type\":\"BreadcrumbList\",\"@id\":\"https:\\\/\\\/tml.lt\\\/pl\\\/solutions\\\/electronics-and-instrumentation\\\/special-film-labels-in-a4-format-with-durable-adhesive-for-a-laser-printer\\\/#breadcrumb\",\"itemListElement\":[{\"@type\":\"ListItem\",\"position\":1,\"name\":\"\u0413\u043b\u0430\u0432\u043d\u0430\u044f \u0441\u0442\u0440\u0430\u043d\u0438\u0446\u0430\",\"item\":\"https:\\\/\\\/tml.lt\\\/pl\\\/\"},{\"@type\":\"ListItem\",\"position\":2,\"name\":\"Rozwi\u0105zania\",\"item\":\"https:\\\/\\\/tml.lt\\\/pl\\\/solutions\\\/\"},{\"@type\":\"ListItem\",\"position\":3,\"name\":\"Elektronika i Instrumenty\",\"item\":\"https:\\\/\\\/tml.lt\\\/pl\\\/solutions\\\/electronics-and-instrumentation\\\/\"},{\"@type\":\"ListItem\",\"position\":4,\"name\":\"Specjalne etykiety foliowe w formacie A4 z trwa\u0142ym klejem do drukarki laserowej\"}]},{\"@type\":\"WebSite\",\"@id\":\"https:\\\/\\\/tml.lt\\\/pl\\\/#website\",\"url\":\"https:\\\/\\\/tml.lt\\\/pl\\\/\",\"name\":\"TML\",\"description\":\"UAB TML-LT\",\"publisher\":{\"@id\":\"https:\\\/\\\/tml.lt\\\/pl\\\/#organization\"},\"potentialAction\":[{\"@type\":\"SearchAction\",\"target\":{\"@type\":\"EntryPoint\",\"urlTemplate\":\"https:\\\/\\\/tml.lt\\\/pl\\\/?s={search_term_string}\"},\"query-input\":{\"@type\":\"PropertyValueSpecification\",\"valueRequired\":true,\"valueName\":\"search_term_string\"}}],\"inLanguage\":\"pl-PL\"},{\"@type\":\"Organization\",\"@id\":\"https:\\\/\\\/tml.lt\\\/pl\\\/#organization\",\"name\":\"TML\",\"url\":\"https:\\\/\\\/tml.lt\\\/pl\\\/\",\"logo\":{\"@type\":\"ImageObject\",\"inLanguage\":\"pl-PL\",\"@id\":\"https:\\\/\\\/tml.lt\\\/pl\\\/#\\\/schema\\\/logo\\\/image\\\/\",\"url\":\"https:\\\/\\\/tml.lt\\\/pl\\\/wp-content\\\/uploads\\\/2020\\\/09\\\/tml-logo-black-4.png\",\"contentUrl\":\"https:\\\/\\\/tml.lt\\\/pl\\\/wp-content\\\/uploads\\\/2020\\\/09\\\/tml-logo-black-4.png\",\"width\":470,\"height\":110,\"caption\":\"TML\"},\"image\":{\"@id\":\"https:\\\/\\\/tml.lt\\\/pl\\\/#\\\/schema\\\/logo\\\/image\\\/\"}}]}<\/script>\n<!-- \/ Yoast SEO plugin. -->","yoast_head_json":{"title":"Specjalne etykiety foliowe w formacie A4 z trwa\u0142ym klejem do drukarki laserowej | TML","description":"Druk laserowy to elektrostatyczny proces druku cyfrowego. Wytwarza wysokiej jako\u015bci tekst i grafik\u0119 poprzez wielokrotne przesuwanie wi\u0105zki lasera tam i z powrotem po ujemnie na\u0142adowanym cylindrze zwanym \u201eb\u0119bnem\u201d w celu zdefiniowania zr\u00f3\u017cnicowanego obrazu.","robots":{"index":"index","follow":"follow","max-snippet":"max-snippet:-1","max-image-preview":"max-image-preview:large","max-video-preview":"max-video-preview:-1"},"canonical":"https:\/\/tml.lt\/pl\/solutions\/electronics-and-instrumentation\/special-film-labels-in-a4-format-with-durable-adhesive-for-a-laser-printer\/","og_locale":"pl_PL","og_type":"article","og_title":"Specjalne etykiety foliowe w formacie A4 z trwa\u0142ym klejem do drukarki laserowej | TML","og_description":"Druk laserowy to elektrostatyczny proces druku cyfrowego. Wytwarza wysokiej jako\u015bci tekst i grafik\u0119 poprzez wielokrotne przesuwanie wi\u0105zki lasera tam i z powrotem po ujemnie na\u0142adowanym cylindrze zwanym \u201eb\u0119bnem\u201d w celu zdefiniowania zr\u00f3\u017cnicowanego obrazu.","og_url":"https:\/\/tml.lt\/pl\/solutions\/electronics-and-instrumentation\/special-film-labels-in-a4-format-with-durable-adhesive-for-a-laser-printer\/","og_site_name":"TML","article_modified_time":"2025-12-08T08:09:48+00:00","twitter_card":"summary_large_image","twitter_misc":{"Szacowany czas czytania":"1 minuta"},"schema":{"@context":"https:\/\/schema.org","@graph":[{"@type":"WebPage","@id":"https:\/\/tml.lt\/pl\/solutions\/electronics-and-instrumentation\/special-film-labels-in-a4-format-with-durable-adhesive-for-a-laser-printer\/","url":"https:\/\/tml.lt\/pl\/solutions\/electronics-and-instrumentation\/special-film-labels-in-a4-format-with-durable-adhesive-for-a-laser-printer\/","name":"Specjalne etykiety foliowe w formacie A4 z trwa\u0142ym klejem do drukarki laserowej | TML","isPartOf":{"@id":"https:\/\/tml.lt\/pl\/#website"},"datePublished":"2025-02-05T14:56:51+00:00","dateModified":"2025-12-08T08:09:48+00:00","description":"Druk laserowy to elektrostatyczny proces druku cyfrowego. Wytwarza wysokiej jako\u015bci tekst i grafik\u0119 poprzez wielokrotne przesuwanie wi\u0105zki lasera tam i z powrotem po ujemnie na\u0142adowanym cylindrze zwanym \u201eb\u0119bnem\u201d w celu zdefiniowania zr\u00f3\u017cnicowanego obrazu.","breadcrumb":{"@id":"https:\/\/tml.lt\/pl\/solutions\/electronics-and-instrumentation\/special-film-labels-in-a4-format-with-durable-adhesive-for-a-laser-printer\/#breadcrumb"},"inLanguage":"pl-PL","potentialAction":[{"@type":"ReadAction","target":["https:\/\/tml.lt\/pl\/solutions\/electronics-and-instrumentation\/special-film-labels-in-a4-format-with-durable-adhesive-for-a-laser-printer\/"]}]},{"@type":"BreadcrumbList","@id":"https:\/\/tml.lt\/pl\/solutions\/electronics-and-instrumentation\/special-film-labels-in-a4-format-with-durable-adhesive-for-a-laser-printer\/#breadcrumb","itemListElement":[{"@type":"ListItem","position":1,"name":"\u0413\u043b\u0430\u0432\u043d\u0430\u044f \u0441\u0442\u0440\u0430\u043d\u0438\u0446\u0430","item":"https:\/\/tml.lt\/pl\/"},{"@type":"ListItem","position":2,"name":"Rozwi\u0105zania","item":"https:\/\/tml.lt\/pl\/solutions\/"},{"@type":"ListItem","position":3,"name":"Elektronika i Instrumenty","item":"https:\/\/tml.lt\/pl\/solutions\/electronics-and-instrumentation\/"},{"@type":"ListItem","position":4,"name":"Specjalne etykiety foliowe w formacie A4 z trwa\u0142ym klejem do drukarki laserowej"}]},{"@type":"WebSite","@id":"https:\/\/tml.lt\/pl\/#website","url":"https:\/\/tml.lt\/pl\/","name":"TML","description":"UAB TML-LT","publisher":{"@id":"https:\/\/tml.lt\/pl\/#organization"},"potentialAction":[{"@type":"SearchAction","target":{"@type":"EntryPoint","urlTemplate":"https:\/\/tml.lt\/pl\/?s={search_term_string}"},"query-input":{"@type":"PropertyValueSpecification","valueRequired":true,"valueName":"search_term_string"}}],"inLanguage":"pl-PL"},{"@type":"Organization","@id":"https:\/\/tml.lt\/pl\/#organization","name":"TML","url":"https:\/\/tml.lt\/pl\/","logo":{"@type":"ImageObject","inLanguage":"pl-PL","@id":"https:\/\/tml.lt\/pl\/#\/schema\/logo\/image\/","url":"https:\/\/tml.lt\/pl\/wp-content\/uploads\/2020\/09\/tml-logo-black-4.png","contentUrl":"https:\/\/tml.lt\/pl\/wp-content\/uploads\/2020\/09\/tml-logo-black-4.png","width":470,"height":110,"caption":"TML"},"image":{"@id":"https:\/\/tml.lt\/pl\/#\/schema\/logo\/image\/"}}]}},"amp_enabled":false,"_links":{"self":[{"href":"https:\/\/tml.lt\/pl\/wp-json\/wp\/v2\/pages\/19948","targetHints":{"allow":["GET"]}}],"collection":[{"href":"https:\/\/tml.lt\/pl\/wp-json\/wp\/v2\/pages"}],"about":[{"href":"https:\/\/tml.lt\/pl\/wp-json\/wp\/v2\/types\/page"}],"author":[{"embeddable":true,"href":"https:\/\/tml.lt\/pl\/wp-json\/wp\/v2\/users\/2"}],"replies":[{"embeddable":true,"href":"https:\/\/tml.lt\/pl\/wp-json\/wp\/v2\/comments?post=19948"}],"version-history":[{"count":0,"href":"https:\/\/tml.lt\/pl\/wp-json\/wp\/v2\/pages\/19948\/revisions"}],"up":[{"embeddable":true,"href":"https:\/\/tml.lt\/pl\/wp-json\/wp\/v2\/pages\/16043"}],"wp:attachment":[{"href":"https:\/\/tml.lt\/pl\/wp-json\/wp\/v2\/media?parent=19948"}],"curies":[{"name":"wp","href":"https:\/\/api.w.org\/{rel}","templated":true}]}}