{"id":20361,"date":"2025-04-17T14:06:56","date_gmt":"2025-04-17T12:06:56","guid":{"rendered":"https:\/\/tml.lt\/en\/?page_id=20361"},"modified":"2025-10-31T12:54:24","modified_gmt":"2025-10-31T10:54:24","slug":"wire-harnesses-marking","status":"publish","type":"page","link":"https:\/\/tml.lt\/pl\/solutions\/electric-power-supply\/wire-harnesses-marking\/","title":{"rendered":"Znakowanie wi\u0105zek przewod\u00f3w i zespo\u0142\u00f3w kablowych"},"content":{"rendered":"<p>Znakowanie przewod&oacute;w o du&#380;ej &#347;rednicy i wi&#261;zek kablowych za pomoc&#261; etykiet samoprzylepnych, flag i ta&#347;m. Znakowanie r&#281;czne, p&oacute;&#322;automatyczne i automatyczne. Precyzyjny i trwa&#322;y nadruk termotransferowy na znacznikach. Wygodna instalacja znacznik&oacute;w na wi&#261;zkach i pojedynczych przewodach.<\/p>\n<h2>Og&oacute;lne wymagania<\/h2>\n<div class=\"blk33\">\n<div>\n<p><strong>Trwa&#322;o&#347;&#263;<\/strong><br>\n&bull; odporno&#347;&#263; na ciep&#322;o<br>\n&bull; odporno&#347;&#263; na wilgo&#263;<br>\n&bull; wytrzyma&#322;o&#347;&#263; mechaniczna i odporno&#347;&#263; na &#347;cieranie<br>\n&bull; odporno&#347;&#263; na paliwa, smary i agresywne substancje<\/p>\n<\/div>\n<div>\n<p><strong>Wymagania bran&#380;owe<\/strong><br>\n&bull; trudnopalno&#347;&#263;, bezhalogenowo&#347;&#263;<br>\n&bull; zgodno&#347;&#263; z mi&#281;dzynarodowymi normami i przepisami (<a href=\"https:\/\/tml.lt\/pl\/encyclopedia\/rohs\/\" target=\"_self\" title=\"RoHS (Restriction of Hazardous Substances) Directive 2002\/95\/EC on the restriction of certain hazardous substances in electrical and electronic equipment. The RoHS Directive initially limited the use of six hazardous substances, including lead, mercury and cadmium. The RoHS Directive came into force on July 1, 2006. Directive 2011\/65\/EC (&ldquo;RoHS 2&rdquo; or &ldquo;RoHS Recast&rdquo;), which replaced the&hellip;\" class=\"encyclopedia\">RoHS<\/a>, <a href=\"https:\/\/tml.lt\/pl\/encyclopedia\/reach\/\" target=\"_self\" title=\"REACH stands for Registration, Evaluation, Authorization and Restriction of Chemical substances. Regulated by EU Directive 1907\/2006, which came into force on 1 June 2007 and replaced previous EU chemical standards. REACH imposes obligations on companies operating in the EU regarding the substances they produce, import, supply and\/or use. These requirements are administered by the European&hellip;\" class=\"encyclopedia\">REACH<\/a>, UL, specyfikacje Boeinga)<\/p>\n<\/div>\n<div>\n<p><strong>Automatyzacja znakowania<\/strong><br>\n&bull; p&oacute;&#322;automatyczne drukowanie i przyklejanie znacznik&oacute;w na przewodzie podczas opasywania<br>\n&bull; automatyczne drukowanie i znakowanie opakowa&#324; na przeno&#347;niku<\/p>\n<\/div>\n<\/div>\n<h2>Specjalne wymagania na r&oacute;&#380;nych etapach monta&#380;u<\/h2>\n<div class=\"blk100\">\n<h4>Etap 1: przygotowanie kabli, przewod&oacute;w i innych element&oacute;w okablowania do monta&#380;u<\/h4>\n<div class=\"alignleft\"><a href=\"\/img\/resheniya\/laidu-pynimu-ir-kabeliu-mazgu-zenklinimas_etapas_4.webp\" title=\"Samoprzylepne flagi do znakowania oplot&oacute;w przewod&oacute;w i wi&#261;zek kablowych\"><img decoding=\"async\" loading=\"lazy\" src=\"\/img\/resheniya\/laidu-pynimu-ir-kabeliu-mazgu-zenklinimas_etapas_4_s.webp\" alt=\"Samoprzylepne flagi\" width=\"150\" height=\"150\" border=\"0\"><\/a><\/div>\n<p><em>Zadanie<\/em>: tymczasowe znakowanie monta&#380;owe. System kontroli jako&#347;ci poprzez identyfikowalno&#347;&#263; produkcji.<\/p>\n<p><em>Wymagania<\/em>: &#322;atwe do usuni&#281;cia, ekonomiczne, odporne na procesy technologiczne.<\/p>\n<p><em>Rodzaj znakowania<\/em>: wyprodukowane ta&#347;my samoprzylepne i folie w formie flag z perforacj&#261; lub papier.<\/p>\n<p><em>Metoda nanoszenia informacji<\/em>: drukowanie znacznik&oacute;w z kodami kreskowymi i kodami 2D <a rel=\"nofollow noopener\" href=\"\/pl\/product-category\/industrial-marking\/thermal-transfer-printers\/\">drukark&#261; termotransferow&#261;<\/a>.<\/p>\n<\/div>\n<div class=\"blk100\">\n<h4>Etap 2: Monta&#380; wi&#261;zek<\/h4>\n<div class=\"alignleft\"><a href=\"\/img\/resheniya\/laidu-pynimu-ir-kabeliu-mazgu-zenklinimas_etapas_2.webp\" title=\"Monta&#380; wi&#261;zek\"><img decoding=\"async\" loading=\"lazy\" src=\"\/img\/resheniya\/laidu-pynimu-ir-kabeliu-mazgu-zenklinimas_etapas_2_s.webp\" alt=\"Monta&#380; wi&#261;zek\" width=\"150\" height=\"150\" border=\"0\"><\/a><\/div>\n<p><em>Zadanie<\/em>: trwa&#322;e znakowanie kabli.<\/p>\n<p><em>WYMAGANIA<\/em>: trwa&#322;o&#347;&#263;; odporno&#347;&#263; na czynniki eksploatacyjne; wymagania bran&#380;owe.<\/p>\n<p><em>Rodzaj znakowania<\/em>: <a rel=\"nofollow noopener\" href=\"\/pl\/product-category\/wire-n-cable-marking\/cable-id-printers\/\">Zawieszki, ta&#347;my i flagi, koszulki PCV, markery termokurczliwe, markery samolaminuj&#261;ce<\/a>. <\/p>\n<p><em>Metoda nanoszenia informacji<\/em>: drukowanie znacznik&oacute;w <a rel=\"nofollow noopener\" href=\"\/pl\/product-category\/industrial-marking\/thermal-transfer-printers\/\">drukarkami termotransferowymi<\/a>, <a rel=\"nofollow noopener\" href=\"\/pl\/product-category\/wire-n-cable-marking\/cable-id-printers\/\">drukark&#261; do kabli<\/a>.<\/p>\n<\/div>\n<div class=\"blk100\">\n<h4>Etap 3: Kontrola Jako&#347;ci<\/h4>\n<div class=\"alignleft\"><a href=\"\/img\/resheniya\/laidu-pynimu-ir-kabeliu-mazgu-zenklinimas_etapas_3.webp\" title=\"Kontrola Jako&#347;ci\"><img decoding=\"async\" loading=\"lazy\" src=\"\/img\/resheniya\/laidu-pynimu-ir-kabeliu-mazgu-zenklinimas_etapas_3_s.webp\" alt=\"Znakowanie kontroli jako&#347;ci przewod&oacute;w i wi&#261;zek kablowych\" width=\"150\" height=\"150\" border=\"0\"><\/a><\/div>\n<p><em>Zadanie<\/em>: oznaczenie inspektora i instalatora.<\/p>\n<p><em>Wymagania<\/em>: zniszczenie, widoczne zmiany w przypadku naruszenia; ma&#322;y rozmiar.<\/p>\n<p><em>Rodzaj znakowania<\/em>: <a rel=\"nofollow noopener\" href=\"\/pl\/product-category\/industrial-marking\/warranty-labels-and-seals\/seal-sticker\/\">etykiety plombuj&#261;ce<\/a>.<\/p>\n<p><em>Metoda nanoszenia informacji<\/em>: d&#322;ugopis; indywidualne naklejki plombuj&#261;ce; <a rel=\"nofollow noopener\" href=\"\/pl\/product-category\/wire-n-cable-marking\/thermal-transfer-printers-en\/\">drukarka termotransferowa<\/a>.<\/p>\n<\/div>\n<div class=\"blk100\">\n<h4>Etap 4: Oznakowanie ko&#324;cowe produktu<\/h4>\n<div class=\"alignleft\"><a href=\"\/img\/resheniya\/laidu-pynimu-ir-kabeliu-mazgu-zenklinimas_etapas_1.webp\" title=\"Znaczniki do znakowania przewod&oacute;w i wi&#261;zek kablowych\"><img decoding=\"async\" loading=\"lazy\" src=\"\/img\/resheniya\/laidu-pynimu-ir-kabeliu-mazgu-zenklinimas_etapas_1_s.webp\" alt=\"Znacznik w formie flagi\" width=\"150\" height=\"150\" border=\"0\"><\/a><\/div>\n<p><em>Zadanie<\/em>: nazwa produktu, producent, data wydania, numer seryjny itp.<\/p>\n<p><em>Wymagania<\/em>: du&#380;a ilo&#347;&#263; publikowanych informacji; odporno&#347;&#263; na czynniki eksploatacyjne; wymagania bran&#380;owe.<\/p>\n<p><em>Rodzaj znakowania<\/em>: <a rel=\"nofollow noopener\" href=\"\/pl\/product-category\/wire-n-cable-marking\/thermal-transfer-printers-en\/flags-stickers-tapes\/\">flagi<\/a> o du&#380;ej powierzchni.<\/p>\n<p><em>Metoda nanoszenia informacji<\/em>: <a rel=\"nofollow noopener\" href=\"\/pl\/product-category\/industrial-marking\/thermal-transfer-printers\/\">drukarka termotransferowa<\/a>, <a href=\"\/pl\/product-category\/industrial-marking\/thermal-transfer-printers\/label-applicators\/\">aplikator etykiet<\/a>.<\/p>\n<\/div>\n<div class=\"blk100\">\n<h4>Etap 5: Oznakowanie opakowania<\/h4>\n<div class=\"alignleft\"><a href=\"\/img\/resheniya\/laidu-pynimu-ir-kabeliu-mazgu-zenklinimas_etapas_5.webp\" title=\"Okablowanie\"><img decoding=\"async\" loading=\"lazy\" src=\"\/img\/resheniya\/laidu-pynimu-ir-kabeliu-mazgu-zenklinimas_etapas_5_s.webp\" alt=\"Etykietowanie opakowa&#324; wi&#261;zek przewod&oacute;w i kabli\" width=\"150\" height=\"150\" border=\"0\"><\/a><\/div>\n<p><em>Zadanie<\/em>: etykietowanie opakowa&#324; magazynowych, logistycznych, kontroli jako&#347;ci.<\/p>\n<p><em>Wymagania<\/em>: du&#380;a ilo&#347;&#263; publikowanych informacji; ekonomiczno&#347;&#263;.<\/p>\n<p><em>Rodzaj znakowania<\/em>: <a rel=\"nofollow noopener\" href=\"\/pl\/product-category\/industrial-marking\/labels\/\">etykiety papierowe i ekonomiczne foliowe<\/a>.<\/p>\n<p><em>Metoda nanoszenia informacji<\/em>: <a rel=\"nofollow noopener\" href=\"\/pl\/product-category\/industrial-marking\/thermal-transfer-printers\/\">drukarka termotransferowa<\/a>.<\/p>\n<\/div>\n<p>&nbsp;<\/p>\n<p>Z przyjemno&#347;ci&#261; udzielimy szczeg&oacute;&#322;owych porad na ten temat.<\/p>\n","protected":false},"excerpt":{"rendered":"<p>Znakowanie przewod\u00f3w o du\u017cej \u015brednicy i wi\u0105zek kablowych za pomoc\u0105 etykiet samoprzylepnych, flag i ta\u015bm. Znakowanie r\u0119czne, p\u00f3\u0142automatyczne i automatyczne. Precyzyjny i trwa\u0142y nadruk termotransferowy na znacznikach. Wygodna instalacja znacznik\u00f3w na wi\u0105zkach i pojedynczych przewodach. Og\u00f3lne wymagania Trwa\u0142o\u015b\u0107 \u2022 odporno\u015b\u0107 na ciep\u0142o \u2022 odporno\u015b\u0107 na wilgo\u0107 \u2022 wytrzyma\u0142o\u015b\u0107 mechaniczna i odporno\u015b\u0107 na \u015bcieranie \u2022 odporno\u015b\u0107 [&hellip;]<\/p>\n","protected":false},"author":1,"featured_media":0,"parent":18917,"menu_order":0,"comment_status":"closed","ping_status":"closed","template":"page-templates\/page-sidebar-none.php","meta":{"footnotes":""},"class_list":["post-20361","page","type-page","status-publish","hentry"],"yoast_head":"<!-- This site is optimized with the Yoast SEO plugin v27.3 - https:\/\/yoast.com\/product\/yoast-seo-wordpress\/ -->\n<title>Znakowanie wi\u0105zek przewod\u00f3w i zespo\u0142\u00f3w kablowych | TML<\/title>\n<meta name=\"description\" content=\"Znakowanie przewod\u00f3w o du\u017cej \u015brednicy i wi\u0105zek kablowych za pomoc\u0105 etykiet samoprzylepnych, flag i ta\u015bm. Znakowanie r\u0119czne, p\u00f3\u0142automatyczne i automatyczne. TML\" \/>\n<meta name=\"robots\" content=\"index, follow, max-snippet:-1, max-image-preview:large, max-video-preview:-1\" \/>\n<link rel=\"canonical\" href=\"https:\/\/tml.lt\/pl\/solutions\/electric-power-supply\/wire-harnesses-marking\/\" \/>\n<meta property=\"og:locale\" content=\"pl_PL\" \/>\n<meta property=\"og:type\" content=\"article\" \/>\n<meta property=\"og:title\" content=\"Znakowanie wi\u0105zek przewod\u00f3w i zespo\u0142\u00f3w kablowych | TML\" \/>\n<meta property=\"og:description\" content=\"Znakowanie przewod\u00f3w o du\u017cej \u015brednicy i wi\u0105zek kablowych za pomoc\u0105 etykiet samoprzylepnych, flag i ta\u015bm. Znakowanie r\u0119czne, p\u00f3\u0142automatyczne i automatyczne. TML\" \/>\n<meta property=\"og:url\" content=\"https:\/\/tml.lt\/pl\/solutions\/electric-power-supply\/wire-harnesses-marking\/\" \/>\n<meta property=\"og:site_name\" content=\"TML\" \/>\n<meta property=\"article:modified_time\" content=\"2025-10-31T10:54:24+00:00\" \/>\n<meta name=\"twitter:card\" content=\"summary_large_image\" \/>\n<meta name=\"twitter:label1\" content=\"Szacowany czas czytania\" \/>\n\t<meta name=\"twitter:data1\" content=\"2 minuty\" \/>\n<script type=\"application\/ld+json\" class=\"yoast-schema-graph\">{\"@context\":\"https:\\\/\\\/schema.org\",\"@graph\":[{\"@type\":\"WebPage\",\"@id\":\"https:\\\/\\\/tml.lt\\\/pl\\\/solutions\\\/electric-power-supply\\\/wire-harnesses-marking\\\/\",\"url\":\"https:\\\/\\\/tml.lt\\\/pl\\\/solutions\\\/electric-power-supply\\\/wire-harnesses-marking\\\/\",\"name\":\"Znakowanie wi\u0105zek przewod\u00f3w i zespo\u0142\u00f3w kablowych | TML\",\"isPartOf\":{\"@id\":\"https:\\\/\\\/tml.lt\\\/pl\\\/#website\"},\"datePublished\":\"2025-04-17T12:06:56+00:00\",\"dateModified\":\"2025-10-31T10:54:24+00:00\",\"description\":\"Znakowanie przewod\u00f3w o du\u017cej \u015brednicy i wi\u0105zek kablowych za pomoc\u0105 etykiet samoprzylepnych, flag i ta\u015bm. Znakowanie r\u0119czne, p\u00f3\u0142automatyczne i automatyczne. TML\",\"breadcrumb\":{\"@id\":\"https:\\\/\\\/tml.lt\\\/pl\\\/solutions\\\/electric-power-supply\\\/wire-harnesses-marking\\\/#breadcrumb\"},\"inLanguage\":\"pl-PL\",\"potentialAction\":[{\"@type\":\"ReadAction\",\"target\":[\"https:\\\/\\\/tml.lt\\\/pl\\\/solutions\\\/electric-power-supply\\\/wire-harnesses-marking\\\/\"]}]},{\"@type\":\"BreadcrumbList\",\"@id\":\"https:\\\/\\\/tml.lt\\\/pl\\\/solutions\\\/electric-power-supply\\\/wire-harnesses-marking\\\/#breadcrumb\",\"itemListElement\":[{\"@type\":\"ListItem\",\"position\":1,\"name\":\"\u0413\u043b\u0430\u0432\u043d\u0430\u044f \u0441\u0442\u0440\u0430\u043d\u0438\u0446\u0430\",\"item\":\"https:\\\/\\\/tml.lt\\\/pl\\\/\"},{\"@type\":\"ListItem\",\"position\":2,\"name\":\"Rozwi\u0105zania\",\"item\":\"https:\\\/\\\/tml.lt\\\/pl\\\/solutions\\\/\"},{\"@type\":\"ListItem\",\"position\":3,\"name\":\"Zasilanie elektryczne\",\"item\":\"https:\\\/\\\/tml.lt\\\/pl\\\/solutions\\\/electric-power-supply\\\/\"},{\"@type\":\"ListItem\",\"position\":4,\"name\":\"Znakowanie wi\u0105zek przewod\u00f3w i zespo\u0142\u00f3w kablowych\"}]},{\"@type\":\"WebSite\",\"@id\":\"https:\\\/\\\/tml.lt\\\/pl\\\/#website\",\"url\":\"https:\\\/\\\/tml.lt\\\/pl\\\/\",\"name\":\"TML\",\"description\":\"UAB TML-LT\",\"publisher\":{\"@id\":\"https:\\\/\\\/tml.lt\\\/pl\\\/#organization\"},\"potentialAction\":[{\"@type\":\"SearchAction\",\"target\":{\"@type\":\"EntryPoint\",\"urlTemplate\":\"https:\\\/\\\/tml.lt\\\/pl\\\/?s={search_term_string}\"},\"query-input\":{\"@type\":\"PropertyValueSpecification\",\"valueRequired\":true,\"valueName\":\"search_term_string\"}}],\"inLanguage\":\"pl-PL\"},{\"@type\":\"Organization\",\"@id\":\"https:\\\/\\\/tml.lt\\\/pl\\\/#organization\",\"name\":\"TML\",\"url\":\"https:\\\/\\\/tml.lt\\\/pl\\\/\",\"logo\":{\"@type\":\"ImageObject\",\"inLanguage\":\"pl-PL\",\"@id\":\"https:\\\/\\\/tml.lt\\\/pl\\\/#\\\/schema\\\/logo\\\/image\\\/\",\"url\":\"https:\\\/\\\/tml.lt\\\/pl\\\/wp-content\\\/uploads\\\/2020\\\/09\\\/tml-logo-black-4.png\",\"contentUrl\":\"https:\\\/\\\/tml.lt\\\/pl\\\/wp-content\\\/uploads\\\/2020\\\/09\\\/tml-logo-black-4.png\",\"width\":470,\"height\":110,\"caption\":\"TML\"},\"image\":{\"@id\":\"https:\\\/\\\/tml.lt\\\/pl\\\/#\\\/schema\\\/logo\\\/image\\\/\"}}]}<\/script>\n<!-- \/ Yoast SEO plugin. -->","yoast_head_json":{"title":"Znakowanie wi\u0105zek przewod\u00f3w i zespo\u0142\u00f3w kablowych | TML","description":"Znakowanie przewod\u00f3w o du\u017cej \u015brednicy i wi\u0105zek kablowych za pomoc\u0105 etykiet samoprzylepnych, flag i ta\u015bm. Znakowanie r\u0119czne, p\u00f3\u0142automatyczne i automatyczne. TML","robots":{"index":"index","follow":"follow","max-snippet":"max-snippet:-1","max-image-preview":"max-image-preview:large","max-video-preview":"max-video-preview:-1"},"canonical":"https:\/\/tml.lt\/pl\/solutions\/electric-power-supply\/wire-harnesses-marking\/","og_locale":"pl_PL","og_type":"article","og_title":"Znakowanie wi\u0105zek przewod\u00f3w i zespo\u0142\u00f3w kablowych | TML","og_description":"Znakowanie przewod\u00f3w o du\u017cej \u015brednicy i wi\u0105zek kablowych za pomoc\u0105 etykiet samoprzylepnych, flag i ta\u015bm. Znakowanie r\u0119czne, p\u00f3\u0142automatyczne i automatyczne. TML","og_url":"https:\/\/tml.lt\/pl\/solutions\/electric-power-supply\/wire-harnesses-marking\/","og_site_name":"TML","article_modified_time":"2025-10-31T10:54:24+00:00","twitter_card":"summary_large_image","twitter_misc":{"Szacowany czas czytania":"2 minuty"},"schema":{"@context":"https:\/\/schema.org","@graph":[{"@type":"WebPage","@id":"https:\/\/tml.lt\/pl\/solutions\/electric-power-supply\/wire-harnesses-marking\/","url":"https:\/\/tml.lt\/pl\/solutions\/electric-power-supply\/wire-harnesses-marking\/","name":"Znakowanie wi\u0105zek przewod\u00f3w i zespo\u0142\u00f3w kablowych | TML","isPartOf":{"@id":"https:\/\/tml.lt\/pl\/#website"},"datePublished":"2025-04-17T12:06:56+00:00","dateModified":"2025-10-31T10:54:24+00:00","description":"Znakowanie przewod\u00f3w o du\u017cej \u015brednicy i wi\u0105zek kablowych za pomoc\u0105 etykiet samoprzylepnych, flag i ta\u015bm. Znakowanie r\u0119czne, p\u00f3\u0142automatyczne i automatyczne. TML","breadcrumb":{"@id":"https:\/\/tml.lt\/pl\/solutions\/electric-power-supply\/wire-harnesses-marking\/#breadcrumb"},"inLanguage":"pl-PL","potentialAction":[{"@type":"ReadAction","target":["https:\/\/tml.lt\/pl\/solutions\/electric-power-supply\/wire-harnesses-marking\/"]}]},{"@type":"BreadcrumbList","@id":"https:\/\/tml.lt\/pl\/solutions\/electric-power-supply\/wire-harnesses-marking\/#breadcrumb","itemListElement":[{"@type":"ListItem","position":1,"name":"\u0413\u043b\u0430\u0432\u043d\u0430\u044f \u0441\u0442\u0440\u0430\u043d\u0438\u0446\u0430","item":"https:\/\/tml.lt\/pl\/"},{"@type":"ListItem","position":2,"name":"Rozwi\u0105zania","item":"https:\/\/tml.lt\/pl\/solutions\/"},{"@type":"ListItem","position":3,"name":"Zasilanie elektryczne","item":"https:\/\/tml.lt\/pl\/solutions\/electric-power-supply\/"},{"@type":"ListItem","position":4,"name":"Znakowanie wi\u0105zek przewod\u00f3w i zespo\u0142\u00f3w kablowych"}]},{"@type":"WebSite","@id":"https:\/\/tml.lt\/pl\/#website","url":"https:\/\/tml.lt\/pl\/","name":"TML","description":"UAB TML-LT","publisher":{"@id":"https:\/\/tml.lt\/pl\/#organization"},"potentialAction":[{"@type":"SearchAction","target":{"@type":"EntryPoint","urlTemplate":"https:\/\/tml.lt\/pl\/?s={search_term_string}"},"query-input":{"@type":"PropertyValueSpecification","valueRequired":true,"valueName":"search_term_string"}}],"inLanguage":"pl-PL"},{"@type":"Organization","@id":"https:\/\/tml.lt\/pl\/#organization","name":"TML","url":"https:\/\/tml.lt\/pl\/","logo":{"@type":"ImageObject","inLanguage":"pl-PL","@id":"https:\/\/tml.lt\/pl\/#\/schema\/logo\/image\/","url":"https:\/\/tml.lt\/pl\/wp-content\/uploads\/2020\/09\/tml-logo-black-4.png","contentUrl":"https:\/\/tml.lt\/pl\/wp-content\/uploads\/2020\/09\/tml-logo-black-4.png","width":470,"height":110,"caption":"TML"},"image":{"@id":"https:\/\/tml.lt\/pl\/#\/schema\/logo\/image\/"}}]}},"amp_enabled":false,"_links":{"self":[{"href":"https:\/\/tml.lt\/pl\/wp-json\/wp\/v2\/pages\/20361","targetHints":{"allow":["GET"]}}],"collection":[{"href":"https:\/\/tml.lt\/pl\/wp-json\/wp\/v2\/pages"}],"about":[{"href":"https:\/\/tml.lt\/pl\/wp-json\/wp\/v2\/types\/page"}],"author":[{"embeddable":true,"href":"https:\/\/tml.lt\/pl\/wp-json\/wp\/v2\/users\/1"}],"replies":[{"embeddable":true,"href":"https:\/\/tml.lt\/pl\/wp-json\/wp\/v2\/comments?post=20361"}],"version-history":[{"count":0,"href":"https:\/\/tml.lt\/pl\/wp-json\/wp\/v2\/pages\/20361\/revisions"}],"up":[{"embeddable":true,"href":"https:\/\/tml.lt\/pl\/wp-json\/wp\/v2\/pages\/18917"}],"wp:attachment":[{"href":"https:\/\/tml.lt\/pl\/wp-json\/wp\/v2\/media?parent=20361"}],"curies":[{"name":"wp","href":"https:\/\/api.w.org\/{rel}","templated":true}]}}