{"id":21026,"date":"2025-10-10T08:59:31","date_gmt":"2025-10-10T06:59:31","guid":{"rendered":"https:\/\/tml.lt\/pl\/?page_id=21026"},"modified":"2025-11-03T11:16:54","modified_gmt":"2025-11-03T09:16:54","slug":"oznakowanie-niebezpiecznych-produktow-zgodnie-ze-standardami-ghs","status":"publish","type":"page","link":"https:\/\/tml.lt\/pl\/solutions\/logistics-trade-warehouse\/oznakowanie-niebezpiecznych-produktow-zgodnie-ze-standardami-ghs\/","title":{"rendered":"Oznakowanie niebezpiecznych produkt\u00f3w ze standardami GHS"},"content":{"rendered":"<p>Niebezpieczne dla zdrowia produkty przemys&#322;u chemicznego w Unii Europejskiej s&#261; oznakowane zgodnie z wymogami <mark>GHS (Globally Harmonized System)<\/mark> &mdash; Globalnie Zharmonizowanego Systemu Klasyfikacji i Etykietowania Chemikali&oacute;w.<\/p>\n<p><img decoding=\"async\" src=\"\/pl\/wp-content\/uploads\/2025\/10\/produktziya-s-etikhetkami-ghs.webp\" alt=\"Etykiety do znakowania niebezpiecznych produkt&oacute;w wed&#322;ug standard&oacute;w GHS\" width=\"100%\" height=\"auto\"><\/p>\n<h2>O Globalnie Zharmonizowanym Systemie Klasyfikacji i Etykietowania Chemikali&oacute;w (GHS)<\/h2>\n<p><a href=\"https:\/\/unece.org\/about-ghs\" target=\"_blank\" rel=\"nofollow noopener noreferrer\">Globalnie Zharmonizowany System (GHS)<\/a>, opracowany przez Organizacj&#281; Narod&oacute;w Zjednoczonych, zosta&#322; zatwierdzony w 2002 roku w celu poprawy bezpiecze&#324;stwa pracy, ochrony &#347;rodowiska i uproszczenia mi&#281;dzynarodowego handlu chemikaliami. System ustanawia jednolite zasady klasyfikacji zagro&#380;e&#324;, etykietowania i przygotowywania kart charakterystyki (SDS).<\/p>\n<p>ONZ regularnie aktualizuje system: aktualne <b>10. wydanie (GHS Rev. 10)<\/b> zosta&#322;o opublikowane w 2023 roku. Ka&#380;de pa&#324;stwo lub region samodzielnie okre&#347;la zakres i terminy wdra&#380;ania postanowie&#324; GHS.<\/p>\n<h2>Zastosowanie GHS w Unii Europejskiej<\/h2>\n<p>W Unii Europejskiej wymogi GHS zosta&#322;y wdro&#380;one do ram regulacyjnych poprzez Rozporz&#261;dzenie (WE) nr <a href=\"https:\/\/eur-lex.europa.eu\/legal-content\/EN\/TXT\/?uri=CELEX:32008R1272\" target=\"_blank\" rel=\"nofollow noopener noreferrer\">1272\/2008 (CLP)<\/a> &mdash; w sprawie klasyfikacji, etykietowania i pakowania substancji i mieszanin. CLP jest w pe&#322;ni zgodne z zasadami GHS i zapewnia jednolito&#347;&#263; oznakowania substancji chemicznych na rynku UE.<\/p>\n<p>Rozporz&#261;dzenie zobowi&#261;zuje producent&oacute;w, importer&oacute;w i dystrybutor&oacute;w do umieszczania na opakowaniach produkt&oacute;w chemicznych etykiet zawieraj&#261;cych wszystkie niezb&#281;dne informacje o zagro&#380;eniach, w tym piktogramy, has&#322;a ostrzegawcze i zwroty ostrzegawcze.<\/p>\n<h3>System GHS na &#347;wiecie<\/h3>\n<div class=\"aligncenter\"><img decoding=\"async\" src=\"\/pl\/wp-content\/uploads\/2025\/10\/ghs_world-map.webp\" alt=\"Zastosowanie systemu GHS na &#347;wiecie\" style=\"width:100%;height:auto;max-width:700px;max-height:400px;\"><\/div>\n<table width=\"100%\" border=\"0\" cellspacing=\"2\">\n<tbody>\n<tr>\n<td width=\"15\">\n<div style=\"width:10px;height:10px;background-color:#730102;\">&nbsp;<\/div>\n<\/td>\n<td>Kraje, kt&oacute;re wdro&#380;y&#322;y system GHS<\/td>\n<\/tr>\n<tr>\n<td width=\"15\">\n<div style=\"width:10px;height:10px;background-color:#dc384f;\">&nbsp;<\/div>\n<\/td>\n<td>Kraje w trakcie wdra&#380;ania<\/td>\n<\/tr>\n<tr>\n<td width=\"15\">\n<div style=\"width:10px;height:10px;background-color:#858585;\">&nbsp;<\/div>\n<\/td>\n<td>Kraje, kt&oacute;re nie uczestnicz&#261; jeszcze we wdra&#380;aniu GHS<\/td>\n<\/tr>\n<\/tbody>\n<\/table>\n<h2>Zawarto&#347;&#263; etykiety ostrzegawczej<\/h2>\n<p>GHS i Rozporz&#261;dzenie CLP okre&#347;laj&#261; standardowy zestaw element&oacute;w etykietowania, zapewniaj&#261;cych jasn&#261; i bezpieczn&#261; identyfikacj&#281; substancji chemicznych. Na etykiecie musz&#261; znajdowa&#263; si&#281;:<\/p>\n<h3>Przyk&#322;ad etykiety GHS<\/h3>\n<table width=\"100%\" border=\"0\" cellspacing=\"2\">\n<tbody>\n<tr>\n<td width=\"25\">\n<div style=\"width:20px;height:20px;background-color:#003399;color:white;text-align:center;\">1<\/div>\n<\/td>\n<td width=\"45%\">Nazwa produktu<\/td>\n<td width=\"25\">\n<div style=\"width:20px;height:20px;background-color:#003399;color:white;text-align:center;\">5<\/div>\n<\/td>\n<td width=\"45%\">Zwroty ostrzegawcze (zwroty H i P)<\/td>\n<\/tr>\n<tr>\n<td>\n<div style=\"width:20px;height:20px;background-color:#003399;color:white;text-align:center;\">2<\/div>\n<\/td>\n<td>Identyfikator substancji (CAS, IUPAC)<\/td>\n<td>\n<div style=\"width:20px;height:20px;background-color:#003399;color:white;text-align:center;\">6<\/div>\n<\/td>\n<td>Identyfikacja dostawcy<\/td>\n<\/tr>\n<tr>\n<td>\n<div style=\"width:20px;height:20px;background-color:#003399;color:white;text-align:center;\">3<\/div>\n<\/td>\n<td>Has&#322;o ostrzegawcze (&bdquo;Niebezpiecze&#324;stwo&rdquo; lub &bdquo;Uwaga&rdquo;)<\/td>\n<td>\n<div style=\"width:20px;height:20px;background-color:#003399;color:white;text-align:center;\">7<\/div>\n<\/td>\n<td><a href=\"https:\/\/unece.org\/ghs-pictograms\" target=\"_blank\" rel=\"nofollow noopener noreferrer\">Piktogramy zagro&#380;enia<\/a><\/td>\n<\/tr>\n<tr>\n<td>\n<div style=\"width:20px;height:20px;background-color:#003399;color:white;text-align:center;\">4<\/div>\n<\/td>\n<td>Zwroty wskazuj&#261;ce rodzaj zagro&#380;enia (zwroty H)<\/td>\n<td>\n<div style=\"width:20px;height:20px;background-color:#003399;color:white;text-align:center;\">8<\/div>\n<\/td>\n<td>Informacje dodatkowe<\/td>\n<\/tr>\n<\/tbody>\n<\/table>\n<div class=\"aligncenter\"><a href=\"\/pl\/wp-content\/uploads\/2025\/10\/ghs-sample-ethiketka.webp\" title=\"Wz&oacute;r etykiety zgodnie ze standardami GHS\"><img decoding=\"async\" src=\"\/pl\/wp-content\/uploads\/2025\/10\/ghs-sample-ethiketka.webp\" alt=\"Wz&oacute;r etykiety GHS\" style=\"width:100%;height:auto;max-width:600px;max-height:450px;\"><\/a><\/div>\n<h2>Rozmiary etykiet<\/h2>\n<p>Rozmiar etykiety i piktogram&oacute;w musi zapewnia&#263; ich czytelno&#347;&#263;. W UE minimalny rozmiar piktogramu powinien stanowi&#263; nie mniej ni&#380; 1\/15 powierzchni etykiety. Poni&#380;ej przedstawiono orientacyjne zalecenia:<\/p>\n<table class=\"table\" border=\"1\">\n<tbody>\n<tr>\n<th>Obj&#281;to&#347;&#263; pojemnika<\/th>\n<th>Minimalny rozmiar etykiety<\/th>\n<\/tr>\n<tr>\n<td>do 3 l<\/td>\n<td>oko&#322;o 74 &times; 52 mm<\/td>\n<\/tr>\n<tr>\n<td>3&ndash;5 l<\/td>\n<td>oko&#322;o 105 &times; 74 mm<\/td>\n<\/tr>\n<tr>\n<td>5&ndash;500 l<\/td>\n<td>oko&#322;o 148 &times; 105 mm<\/td>\n<\/tr>\n<tr>\n<td>powy&#380;ej 500 l<\/td>\n<td>oko&#322;o 210 &times; 148 mm<\/td>\n<\/tr>\n<\/tbody>\n<\/table>\n<h2>Trwa&#322;o&#347;&#263; etykiet<\/h2>\n<p>Etykiety dla produkt&oacute;w chemicznych musz&#261; by&#263; odporne na wilgo&#263;, substancje chemiczne, &#347;cieranie i promieniowanie UV. Piktogramy GHS s&#261; umieszczane w czerwonej ramce, a przy samodzielnym drukowaniu wa&#380;ne jest zapewnienie dok&#322;adnej zgodno&#347;ci z normami CLP.<\/p>\n<p>Produkty przeznaczone do transportu morskiego musz&#261; spe&#322;nia&#263; norm&#281; BS 5609, kt&oacute;ra okre&#347;la wymagania dotycz&#261;ce odporno&#347;ci etykiet na s&#322;on&#261; wod&#281; i przyczepno&#347;ci.<\/p>\n<h2>Zalecane urz&#261;dzenia i materia&#322;y<\/h2>\n<p>Do druku dwukolorowego zalecamy specjalistyczne drukarki termotransferowe cab&reg; <a href=\"\/pl\/product\/printery-cab-series-xc-q\/\">XC<\/a>. Do druku jednokolorowego na etykietach z wst&#281;pnie nadrukowan&#261; ramk&#261;, odpowiednie b&#281;d&#261; inne modele <a href=\"\/pl\/product-category\/industrial-marking\/thermal-transfer-printers\/\">drukarek termotransferowych cab<\/a><sup>&reg;<\/sup>.<\/p>\n<p>Produkujemy <a href=\"\/pl\/product-category\/industrial-marking\/labels\/labels-for-extremely-aggressive-environment\/\">chemicznie odporne etykiety polimerowe<\/a> ze wzmocnion&#261; warstw&#261; klej&#261;c&#261;, odporne na dzia&#322;anie agresywnych &#347;rodowisk, wahania temperatur i promieniowanie UV.<\/p>\n<p>Aby dowiedzie&#263; si&#281; wi&#281;cej o druku i materia&#322;ach na etykiety zgodne z wymogami GHS Rev. 10, <a href=\"\/pl\/contacts-companys-details\/\">skontaktuj si&#281; z nami<\/a> &mdash; dobierzemy optymalne rozwi&#261;zanie do Twoich zada&#324;, wolumen&oacute;w i warunk&oacute;w eksploatacji.<\/p>\n","protected":false},"excerpt":{"rendered":"<p>Niebezpieczne dla zdrowia produkty przemys\u0142u chemicznego w Unii Europejskiej s\u0105 oznakowane zgodnie z wymogami GHS (Globally Harmonized System) \u2014 Globalnie Zharmonizowanego Systemu Klasyfikacji i Etykietowania Chemikali\u00f3w. O Globalnie Zharmonizowanym Systemie Klasyfikacji i Etykietowania Chemikali\u00f3w (GHS) Globalnie Zharmonizowany System (GHS), opracowany przez Organizacj\u0119 Narod\u00f3w Zjednoczonych, zosta\u0142 zatwierdzony w 2002 roku w celu poprawy bezpiecze\u0144stwa pracy, ochrony [&hellip;]<\/p>\n","protected":false},"author":1,"featured_media":0,"parent":16214,"menu_order":0,"comment_status":"closed","ping_status":"closed","template":"page-templates\/page-sidebar-none.php","meta":{"footnotes":""},"class_list":["post-21026","page","type-page","status-publish","hentry"],"yoast_head":"<!-- This site is optimized with the Yoast SEO plugin v27.3 - https:\/\/yoast.com\/product\/yoast-seo-wordpress\/ -->\n<title>Oznakowanie niebezpiecznych produkt\u00f3w ze standardami GHS | TML<\/title>\n<meta name=\"description\" content=\"Niebezpieczne dla zdrowia produkty przemys\u0142u chemicznego w Unii Europejskiej s\u0105 oznakowane zgodnie z wymogami GHS (Globally Harmonized System).\" \/>\n<meta name=\"robots\" content=\"index, follow, max-snippet:-1, max-image-preview:large, max-video-preview:-1\" \/>\n<link rel=\"canonical\" href=\"https:\/\/tml.lt\/pl\/solutions\/logistics-trade-warehouse\/oznakowanie-niebezpiecznych-produktow-zgodnie-ze-standardami-ghs\/\" \/>\n<meta property=\"og:locale\" content=\"pl_PL\" \/>\n<meta property=\"og:type\" content=\"article\" \/>\n<meta property=\"og:title\" content=\"Oznakowanie niebezpiecznych produkt\u00f3w ze standardami GHS | TML\" \/>\n<meta property=\"og:description\" content=\"Niebezpieczne dla zdrowia produkty przemys\u0142u chemicznego w Unii Europejskiej s\u0105 oznakowane zgodnie z wymogami GHS (Globally Harmonized System).\" \/>\n<meta property=\"og:url\" content=\"https:\/\/tml.lt\/pl\/solutions\/logistics-trade-warehouse\/oznakowanie-niebezpiecznych-produktow-zgodnie-ze-standardami-ghs\/\" \/>\n<meta property=\"og:site_name\" content=\"TML\" \/>\n<meta property=\"article:modified_time\" content=\"2025-11-03T09:16:54+00:00\" \/>\n<meta name=\"twitter:card\" content=\"summary_large_image\" \/>\n<meta name=\"twitter:label1\" content=\"Szacowany czas czytania\" \/>\n\t<meta name=\"twitter:data1\" content=\"2 minuty\" \/>\n<script type=\"application\/ld+json\" class=\"yoast-schema-graph\">{\"@context\":\"https:\\\/\\\/schema.org\",\"@graph\":[{\"@type\":\"WebPage\",\"@id\":\"https:\\\/\\\/tml.lt\\\/pl\\\/solutions\\\/logistics-trade-warehouse\\\/oznakowanie-niebezpiecznych-produktow-zgodnie-ze-standardami-ghs\\\/\",\"url\":\"https:\\\/\\\/tml.lt\\\/pl\\\/solutions\\\/logistics-trade-warehouse\\\/oznakowanie-niebezpiecznych-produktow-zgodnie-ze-standardami-ghs\\\/\",\"name\":\"Oznakowanie niebezpiecznych produkt\u00f3w ze standardami GHS | TML\",\"isPartOf\":{\"@id\":\"https:\\\/\\\/tml.lt\\\/pl\\\/#website\"},\"datePublished\":\"2025-10-10T06:59:31+00:00\",\"dateModified\":\"2025-11-03T09:16:54+00:00\",\"description\":\"Niebezpieczne dla zdrowia produkty przemys\u0142u chemicznego w Unii Europejskiej s\u0105 oznakowane zgodnie z wymogami GHS (Globally Harmonized System).\",\"breadcrumb\":{\"@id\":\"https:\\\/\\\/tml.lt\\\/pl\\\/solutions\\\/logistics-trade-warehouse\\\/oznakowanie-niebezpiecznych-produktow-zgodnie-ze-standardami-ghs\\\/#breadcrumb\"},\"inLanguage\":\"pl-PL\",\"potentialAction\":[{\"@type\":\"ReadAction\",\"target\":[\"https:\\\/\\\/tml.lt\\\/pl\\\/solutions\\\/logistics-trade-warehouse\\\/oznakowanie-niebezpiecznych-produktow-zgodnie-ze-standardami-ghs\\\/\"]}]},{\"@type\":\"BreadcrumbList\",\"@id\":\"https:\\\/\\\/tml.lt\\\/pl\\\/solutions\\\/logistics-trade-warehouse\\\/oznakowanie-niebezpiecznych-produktow-zgodnie-ze-standardami-ghs\\\/#breadcrumb\",\"itemListElement\":[{\"@type\":\"ListItem\",\"position\":1,\"name\":\"\u0413\u043b\u0430\u0432\u043d\u0430\u044f \u0441\u0442\u0440\u0430\u043d\u0438\u0446\u0430\",\"item\":\"https:\\\/\\\/tml.lt\\\/pl\\\/\"},{\"@type\":\"ListItem\",\"position\":2,\"name\":\"Rozwi\u0105zania\",\"item\":\"https:\\\/\\\/tml.lt\\\/pl\\\/solutions\\\/\"},{\"@type\":\"ListItem\",\"position\":3,\"name\":\"Logistyka, Handel, Magazynowanie\",\"item\":\"https:\\\/\\\/tml.lt\\\/pl\\\/solutions\\\/logistics-trade-warehouse\\\/\"},{\"@type\":\"ListItem\",\"position\":4,\"name\":\"Oznakowanie niebezpiecznych produkt\u00f3w ze standardami GHS\"}]},{\"@type\":\"WebSite\",\"@id\":\"https:\\\/\\\/tml.lt\\\/pl\\\/#website\",\"url\":\"https:\\\/\\\/tml.lt\\\/pl\\\/\",\"name\":\"TML\",\"description\":\"UAB TML-LT\",\"publisher\":{\"@id\":\"https:\\\/\\\/tml.lt\\\/pl\\\/#organization\"},\"potentialAction\":[{\"@type\":\"SearchAction\",\"target\":{\"@type\":\"EntryPoint\",\"urlTemplate\":\"https:\\\/\\\/tml.lt\\\/pl\\\/?s={search_term_string}\"},\"query-input\":{\"@type\":\"PropertyValueSpecification\",\"valueRequired\":true,\"valueName\":\"search_term_string\"}}],\"inLanguage\":\"pl-PL\"},{\"@type\":\"Organization\",\"@id\":\"https:\\\/\\\/tml.lt\\\/pl\\\/#organization\",\"name\":\"TML\",\"url\":\"https:\\\/\\\/tml.lt\\\/pl\\\/\",\"logo\":{\"@type\":\"ImageObject\",\"inLanguage\":\"pl-PL\",\"@id\":\"https:\\\/\\\/tml.lt\\\/pl\\\/#\\\/schema\\\/logo\\\/image\\\/\",\"url\":\"https:\\\/\\\/tml.lt\\\/pl\\\/wp-content\\\/uploads\\\/2020\\\/09\\\/tml-logo-black-4.png\",\"contentUrl\":\"https:\\\/\\\/tml.lt\\\/pl\\\/wp-content\\\/uploads\\\/2020\\\/09\\\/tml-logo-black-4.png\",\"width\":470,\"height\":110,\"caption\":\"TML\"},\"image\":{\"@id\":\"https:\\\/\\\/tml.lt\\\/pl\\\/#\\\/schema\\\/logo\\\/image\\\/\"}}]}<\/script>\n<!-- \/ Yoast SEO plugin. -->","yoast_head_json":{"title":"Oznakowanie niebezpiecznych produkt\u00f3w ze standardami GHS | TML","description":"Niebezpieczne dla zdrowia produkty przemys\u0142u chemicznego w Unii Europejskiej s\u0105 oznakowane zgodnie z wymogami GHS (Globally Harmonized System).","robots":{"index":"index","follow":"follow","max-snippet":"max-snippet:-1","max-image-preview":"max-image-preview:large","max-video-preview":"max-video-preview:-1"},"canonical":"https:\/\/tml.lt\/pl\/solutions\/logistics-trade-warehouse\/oznakowanie-niebezpiecznych-produktow-zgodnie-ze-standardami-ghs\/","og_locale":"pl_PL","og_type":"article","og_title":"Oznakowanie niebezpiecznych produkt\u00f3w ze standardami GHS | TML","og_description":"Niebezpieczne dla zdrowia produkty przemys\u0142u chemicznego w Unii Europejskiej s\u0105 oznakowane zgodnie z wymogami GHS (Globally Harmonized System).","og_url":"https:\/\/tml.lt\/pl\/solutions\/logistics-trade-warehouse\/oznakowanie-niebezpiecznych-produktow-zgodnie-ze-standardami-ghs\/","og_site_name":"TML","article_modified_time":"2025-11-03T09:16:54+00:00","twitter_card":"summary_large_image","twitter_misc":{"Szacowany czas czytania":"2 minuty"},"schema":{"@context":"https:\/\/schema.org","@graph":[{"@type":"WebPage","@id":"https:\/\/tml.lt\/pl\/solutions\/logistics-trade-warehouse\/oznakowanie-niebezpiecznych-produktow-zgodnie-ze-standardami-ghs\/","url":"https:\/\/tml.lt\/pl\/solutions\/logistics-trade-warehouse\/oznakowanie-niebezpiecznych-produktow-zgodnie-ze-standardami-ghs\/","name":"Oznakowanie niebezpiecznych produkt\u00f3w ze standardami GHS | TML","isPartOf":{"@id":"https:\/\/tml.lt\/pl\/#website"},"datePublished":"2025-10-10T06:59:31+00:00","dateModified":"2025-11-03T09:16:54+00:00","description":"Niebezpieczne dla zdrowia produkty przemys\u0142u chemicznego w Unii Europejskiej s\u0105 oznakowane zgodnie z wymogami GHS (Globally Harmonized System).","breadcrumb":{"@id":"https:\/\/tml.lt\/pl\/solutions\/logistics-trade-warehouse\/oznakowanie-niebezpiecznych-produktow-zgodnie-ze-standardami-ghs\/#breadcrumb"},"inLanguage":"pl-PL","potentialAction":[{"@type":"ReadAction","target":["https:\/\/tml.lt\/pl\/solutions\/logistics-trade-warehouse\/oznakowanie-niebezpiecznych-produktow-zgodnie-ze-standardami-ghs\/"]}]},{"@type":"BreadcrumbList","@id":"https:\/\/tml.lt\/pl\/solutions\/logistics-trade-warehouse\/oznakowanie-niebezpiecznych-produktow-zgodnie-ze-standardami-ghs\/#breadcrumb","itemListElement":[{"@type":"ListItem","position":1,"name":"\u0413\u043b\u0430\u0432\u043d\u0430\u044f \u0441\u0442\u0440\u0430\u043d\u0438\u0446\u0430","item":"https:\/\/tml.lt\/pl\/"},{"@type":"ListItem","position":2,"name":"Rozwi\u0105zania","item":"https:\/\/tml.lt\/pl\/solutions\/"},{"@type":"ListItem","position":3,"name":"Logistyka, Handel, Magazynowanie","item":"https:\/\/tml.lt\/pl\/solutions\/logistics-trade-warehouse\/"},{"@type":"ListItem","position":4,"name":"Oznakowanie niebezpiecznych produkt\u00f3w ze standardami GHS"}]},{"@type":"WebSite","@id":"https:\/\/tml.lt\/pl\/#website","url":"https:\/\/tml.lt\/pl\/","name":"TML","description":"UAB TML-LT","publisher":{"@id":"https:\/\/tml.lt\/pl\/#organization"},"potentialAction":[{"@type":"SearchAction","target":{"@type":"EntryPoint","urlTemplate":"https:\/\/tml.lt\/pl\/?s={search_term_string}"},"query-input":{"@type":"PropertyValueSpecification","valueRequired":true,"valueName":"search_term_string"}}],"inLanguage":"pl-PL"},{"@type":"Organization","@id":"https:\/\/tml.lt\/pl\/#organization","name":"TML","url":"https:\/\/tml.lt\/pl\/","logo":{"@type":"ImageObject","inLanguage":"pl-PL","@id":"https:\/\/tml.lt\/pl\/#\/schema\/logo\/image\/","url":"https:\/\/tml.lt\/pl\/wp-content\/uploads\/2020\/09\/tml-logo-black-4.png","contentUrl":"https:\/\/tml.lt\/pl\/wp-content\/uploads\/2020\/09\/tml-logo-black-4.png","width":470,"height":110,"caption":"TML"},"image":{"@id":"https:\/\/tml.lt\/pl\/#\/schema\/logo\/image\/"}}]}},"amp_enabled":false,"_links":{"self":[{"href":"https:\/\/tml.lt\/pl\/wp-json\/wp\/v2\/pages\/21026","targetHints":{"allow":["GET"]}}],"collection":[{"href":"https:\/\/tml.lt\/pl\/wp-json\/wp\/v2\/pages"}],"about":[{"href":"https:\/\/tml.lt\/pl\/wp-json\/wp\/v2\/types\/page"}],"author":[{"embeddable":true,"href":"https:\/\/tml.lt\/pl\/wp-json\/wp\/v2\/users\/1"}],"replies":[{"embeddable":true,"href":"https:\/\/tml.lt\/pl\/wp-json\/wp\/v2\/comments?post=21026"}],"version-history":[{"count":0,"href":"https:\/\/tml.lt\/pl\/wp-json\/wp\/v2\/pages\/21026\/revisions"}],"up":[{"embeddable":true,"href":"https:\/\/tml.lt\/pl\/wp-json\/wp\/v2\/pages\/16214"}],"wp:attachment":[{"href":"https:\/\/tml.lt\/pl\/wp-json\/wp\/v2\/media?parent=21026"}],"curies":[{"name":"wp","href":"https:\/\/api.w.org\/{rel}","templated":true}]}}