{"id":21290,"date":"2026-02-03T14:56:34","date_gmt":"2026-02-03T12:56:34","guid":{"rendered":"https:\/\/tml.lt\/pl\/?page_id=21290"},"modified":"2026-02-13T13:04:23","modified_gmt":"2026-02-13T11:04:23","slug":"przeglad-znakowania-szaf-sterowniczych","status":"publish","type":"page","link":"https:\/\/tml.lt\/pl\/solutions\/electric-power-supply\/przeglad-znakowania-szaf-sterowniczych\/","title":{"rendered":"Przegl\u0105d znakowania szaf sterowniczych"},"content":{"rendered":"<p>W tym artykule przedstawiamy przegl&#261;d podstaw znakowania szaf sterowniczych. Starali&#347;my si&#281; wyja&#347;ni&#263;, <a href=\"#why\">dlaczego<\/a> i <a href=\"#what\">co<\/a> nale&#380;y znakowa&#263; oraz jakie <a href=\"#stand\">normy i wymagania<\/a> obowi&#261;zuj&#261;. Na ko&#324;cu przedstawiamy najcz&#281;&#347;ciej stosowane <a href=\"#prod\">grupy produkt&oacute;w<\/a> zwi&#261;zane z tym zastosowaniem.<\/p>\n<div class=\"spacer\"><\/div>\n<h2 id=\"why\">Dlaczego warto stosowa&#263; znakowanie?<\/h2>\n<p>Celem znakowania identyfikacyjnego jest zapewnienie szybkiej i jednoznacznej identyfikacji urz&#261;dze&#324; przez ca&#322;y okres ich eksploatacji. Prawid&#322;owe znakowanie umo&#380;liwia natychmiastowe rozpoznanie produkt&oacute;w, przewod&oacute;w i kabli, u&#322;atwiaj&#261;c konserwacj&#281;, serwis oraz organizacj&#281; szafy sterowniczej.<\/p>\n<div class=\"aligncenter\"><img decoding=\"async\" src=\"\/pl\/wp-content\/uploads\/2026\/02\/control-cabinet-marking_1600x800.webp\" alt=\"znakowanie szaf sterowniczych\" loading=\"lazy\" style=\"width:100%;height:auto;max-width:1600px;max-height:800px;\"><\/div>\n<div class=\"spacer\"><\/div>\n<h2 id=\"what\">Co nale&#380;y znakowa&#263;?<\/h2>\n<p>Znakowa&#263; mo&#380;na wszystko, co znajduje si&#281; w szafie sterowniczej i wok&oacute;&#322; niej: przewodniki (przewody), listwy zaciskowe, systemy zasilania, <a href=\"\/pl\/product\/push-button-labels\/\">przyciski oraz elementy steruj&#261;ce<\/a>. Oczywi&#347;cie niezb&#281;dne s&#261; r&oacute;wnie&#380; tabliczki znamionowe, a tak&#380;e znaki bezpiecze&#324;stwa i oznaczenia CE.<\/p>\n<div class=\"spacer\"><\/div>\n<h2 id=\"stand\">Normy i wymagania<\/h2>\n<p>W przemys&#322;owej produkcji szaf sterowniczych uporz&#261;dkowane i zgodne z normami systemy znakowania wed&#322;ug DIN EN 81346, DIN EN 60445 oraz VDE 0660 s&#261; niezb&#281;dne do bezpiecznego uruchomienia, konserwacji i dokumentacji instalacji elektrycznych.<\/p>\n<p>Znakowanie musi by&#263; odporne na &#347;cieranie, promieniowanie UV oraz dzia&#322;anie substancji chemicznych, aby zapewni&#263; d&#322;ugotrwa&#322;&#261; czytelno&#347;&#263; nawet w wymagaj&#261;cych warunkach przemys&#322;owych.<br>\nJednocze&#347;nie wymagana jest maksymalna niezawodno&#347;&#263; proces&oacute;w przy minimalnym nak&#322;adzie czasu.<\/p>\n<div class=\"spacer\"><\/div>\n<h2 id=\"prod\">Dlaczego rozwi&#261;zania TML-LT s&#261; efektywne?<\/h2>\n<p>Poni&#380;ej przedstawiamy kilka kluczowych aspekt&oacute;w, kt&oacute;re warto wzi&#261;&#263; pod uwag&#281; przy wyborze optymalnego systemu znakowania dla danego zastosowania.<\/p>\n<div class=\"pics row bgr\">\n<div class=\"imgcard text-center\"><a href=\"\/pl\/product\/push-button-labels\/\"><img decoding=\"async\" src=\"\/pl\/wp-content\/uploads\/2026\/02\/push-buttons-marking-300x300.webp\" alt=\"Znakowanie przycisk&oacute;w\" loading=\"lazy\"><br>Przyciski steruj&#261;ce<\/a><\/div>\n<div class=\"imgcard text-center\"><a href=\"\/pl\/product-category\/wire-n-cable-marking\/cable-id-printers\/pvc-profilies-pp-ppa\/\"><img decoding=\"async\" src=\"\/pl\/wp-content\/uploads\/2026\/02\/terminal-block-ids-300x300.webp\" alt=\"Znakowanie listew zaciskowych\" loading=\"lazy\"><br>Listwy zaciskowe<\/a><\/div>\n<div class=\"imgcard text-center\"><a href=\"\/pl\/product-category\/wire-n-cable-marking\/cable-id-printers\/pvc-tubes-economical-ib\/\"><img decoding=\"async\" src=\"\/pl\/wp-content\/uploads\/2026\/02\/terminal-wire-marking-sleeves-300x300.webp\" alt=\"Koszulki do znakowania przewod&oacute;w\" loading=\"lazy\"><br>Koszulki do znakowania przewod&oacute;w<\/a><\/div>\n<div class=\"imgcard text-center hide\"><a href=\"\/pl\/wp-content\/uploads\/2026\/02\/wire-marking-sleeves.webp\"><img decoding=\"async\" src=\"\/pl\/wp-content\/uploads\/2026\/02\/wire-marking-sleeves-300x300.webp\" alt=\"Etykiety do przewod&oacute;w\" loading=\"lazy\"><br>Etykiety do przewod&oacute;w<\/a><\/div>\n<div class=\"imgcard text-center\"><a href=\"\/pl\/product-category\/wire-n-cable-marking\/thermal-transfer-printers-en\/cable-tags-ppq\/\"><img decoding=\"async\" src=\"\/pl\/wp-content\/uploads\/2026\/02\/tag_tml-135ng_w-y-300x300.webp\" alt=\"Zawieszki do przewod&oacute;w\" loading=\"lazy\"><br>Zawieszki do przewod&oacute;w<\/a><\/div>\n<\/div>\n<p>Nawet 75&ndash;85% ca&#322;kowitych koszt&oacute;w znakowania szaf sterowniczych stanowi znakowanie przewod&oacute;w. Jest to jeden z naszych kluczowych obszar&oacute;w kompetencji od ponad 15 lat.<\/p>\n<p>Wszystkie pozosta&#322;e rodzaje znakowania &mdash; etykiety, znaki bezpiecze&#324;stwa oraz oznaczenia przycisk&oacute;w i paneli &mdash; s&#261; produkowane przez nasz zesp&oacute;&#322; we w&#322;asnym zakresie.<\/p>\n<p>Je&#347;li planuj&#261; Pa&#324;stwo dalszy rozw&oacute;j procesu produkcyjnego, mo&#380;emy pom&oacute;c w doborze najbardziej odpowiedniego rozwi&#261;zania, uwzgl&#281;dniaj&#261;c r&oacute;&#380;ne wymagania, takie jak:<\/p>\n<ul>\n<li>stosunek ceny do jako&#347;ci<\/li>\n<li>normy krajowe lub unijne<\/li>\n<li>specyficzne regulacje bran&#380;owe<\/li>\n<\/ul>\n<p>Je&#380;eli korzystaj&#261; ju&#380; Pa&#324;stwo z systemu znakowania, ch&#281;tnie zaproponujemy ekonomiczne, kompatybilne materia&#322;y eksploatacyjne.<\/p>\n<p><strong>Rozwi&#261;zania TML-LT do znakowania szaf sterowniczych &mdash; efektywne, trwale czytelne i gotowe na audyt!<\/strong><\/p>\n<p>Aby dowiedzie&#263; si&#281; wi&#281;cej o naszych rozwi&#261;zaniach do znakowania przewod&oacute;w, zapraszamy na:<\/p>\n<div class=\"pics row bgr\">\n<div class=\"imgcard text-center\"><a href=\"\/pl\/product-category\/wire-n-cable-marking\/cable-id-printers\/\"><img decoding=\"async\" src=\"\/pl\/wp-content\/uploads\/2025\/03\/cable-id-printers-2025-300x300.webp\" alt=\"Drukarki do znakowania kabli\" loading=\"lazy\"><br>Drukarki do znakowania kabli<\/a><\/div>\n<div class=\"imgcard text-center\"><a href=\"\/pl\/product-category\/wire-n-cable-marking\/thermal-transfer-printers-en\/\"><img decoding=\"async\" src=\"\/pl\/wp-content\/uploads\/2023\/05\/station-printer-markers-300x300.jpg\" alt=\"Drukarki termotransferowe\" loading=\"lazy\"><br>Drukarki termotransferowe<\/a><\/div>\n<div class=\"imgcard text-center\"><a href=\"\/pl\/product-category\/labels\/\"><img decoding=\"async\" src=\"\/pl\/wp-content\/uploads\/2019\/04\/en_FLAG-label-300x300.jpg\" alt=\"Etykiety\" loading=\"lazy\"><br>Etykiety<\/a><\/div>\n<div class=\"imgcard text-center\"><a href=\"\/pl\/product-category\/safe-production\/safety-signs\/\"><img decoding=\"async\" src=\"\/pl\/wp-content\/uploads\/2026\/02\/znaki-bezopasnosty_kollage-300x300.webp\" alt=\"Znaki bezpiecze&#324;stwa\" loading=\"lazy\"><br>Znaki bezpiecze&#324;stwa<\/a><\/div>\n<\/div>\n<div class=\"spacer clearfix\"><\/div>\n","protected":false},"excerpt":{"rendered":"<p>W tym artykule przedstawiamy przegl\u0105d podstaw znakowania szaf sterowniczych. Starali\u015bmy si\u0119 wyja\u015bni\u0107, dlaczego i co nale\u017cy znakowa\u0107 oraz jakie normy i wymagania obowi\u0105zuj\u0105. Na ko\u0144cu przedstawiamy najcz\u0119\u015bciej stosowane grupy produkt\u00f3w zwi\u0105zane z tym zastosowaniem. Dlaczego warto stosowa\u0107 znakowanie? Celem znakowania identyfikacyjnego jest zapewnienie szybkiej i jednoznacznej identyfikacji urz\u0105dze\u0144 przez ca\u0142y okres ich eksploatacji. Prawid\u0142owe znakowanie [&hellip;]<\/p>\n","protected":false},"author":1,"featured_media":0,"parent":18917,"menu_order":0,"comment_status":"closed","ping_status":"closed","template":"page-templates\/page-sidebar-none.php","meta":{"footnotes":""},"class_list":["post-21290","page","type-page","status-publish","hentry"],"yoast_head":"<!-- This site is optimized with the Yoast SEO plugin v27.4 - https:\/\/yoast.com\/product\/yoast-seo-wordpress\/ -->\n<title>Przegl\u0105d znakowania szaf sterowniczych | TML<\/title>\n<meta name=\"description\" content=\"W tym artykule przedstawiamy przegl\u0105d podstaw znakowania szaf sterowniczych. Starali\u015bmy si\u0119 wyja\u015bni\u0107, dlaczego i co nale\u017cy znakowa\u0107 oraz jakie normy i wymagania obowi\u0105zuj\u0105. | TML\" \/>\n<meta name=\"robots\" content=\"index, follow, max-snippet:-1, max-image-preview:large, max-video-preview:-1\" \/>\n<link rel=\"canonical\" href=\"https:\/\/tml.lt\/pl\/solutions\/electric-power-supply\/przeglad-znakowania-szaf-sterowniczych\/\" \/>\n<meta property=\"og:locale\" content=\"pl_PL\" \/>\n<meta property=\"og:type\" content=\"article\" \/>\n<meta property=\"og:title\" content=\"Przegl\u0105d znakowania szaf sterowniczych | TML\" \/>\n<meta property=\"og:description\" content=\"W tym artykule przedstawiamy przegl\u0105d podstaw znakowania szaf sterowniczych. Starali\u015bmy si\u0119 wyja\u015bni\u0107, dlaczego i co nale\u017cy znakowa\u0107 oraz jakie normy i wymagania obowi\u0105zuj\u0105. | TML\" \/>\n<meta property=\"og:url\" content=\"https:\/\/tml.lt\/pl\/solutions\/electric-power-supply\/przeglad-znakowania-szaf-sterowniczych\/\" \/>\n<meta property=\"og:site_name\" content=\"TML\" \/>\n<meta property=\"article:modified_time\" content=\"2026-02-13T11:04:23+00:00\" \/>\n<meta name=\"twitter:card\" content=\"summary_large_image\" \/>\n<meta name=\"twitter:label1\" content=\"Szacowany czas czytania\" \/>\n\t<meta name=\"twitter:data1\" content=\"2 minuty\" \/>\n<script type=\"application\/ld+json\" class=\"yoast-schema-graph\">{\"@context\":\"https:\\\/\\\/schema.org\",\"@graph\":[{\"@type\":\"WebPage\",\"@id\":\"https:\\\/\\\/tml.lt\\\/pl\\\/solutions\\\/electric-power-supply\\\/przeglad-znakowania-szaf-sterowniczych\\\/\",\"url\":\"https:\\\/\\\/tml.lt\\\/pl\\\/solutions\\\/electric-power-supply\\\/przeglad-znakowania-szaf-sterowniczych\\\/\",\"name\":\"Przegl\u0105d znakowania szaf sterowniczych | TML\",\"isPartOf\":{\"@id\":\"https:\\\/\\\/tml.lt\\\/pl\\\/#website\"},\"datePublished\":\"2026-02-03T12:56:34+00:00\",\"dateModified\":\"2026-02-13T11:04:23+00:00\",\"description\":\"W tym artykule przedstawiamy przegl\u0105d podstaw znakowania szaf sterowniczych. Starali\u015bmy si\u0119 wyja\u015bni\u0107, dlaczego i co nale\u017cy znakowa\u0107 oraz jakie normy i wymagania obowi\u0105zuj\u0105. | TML\",\"breadcrumb\":{\"@id\":\"https:\\\/\\\/tml.lt\\\/pl\\\/solutions\\\/electric-power-supply\\\/przeglad-znakowania-szaf-sterowniczych\\\/#breadcrumb\"},\"inLanguage\":\"pl-PL\",\"potentialAction\":[{\"@type\":\"ReadAction\",\"target\":[\"https:\\\/\\\/tml.lt\\\/pl\\\/solutions\\\/electric-power-supply\\\/przeglad-znakowania-szaf-sterowniczych\\\/\"]}]},{\"@type\":\"BreadcrumbList\",\"@id\":\"https:\\\/\\\/tml.lt\\\/pl\\\/solutions\\\/electric-power-supply\\\/przeglad-znakowania-szaf-sterowniczych\\\/#breadcrumb\",\"itemListElement\":[{\"@type\":\"ListItem\",\"position\":1,\"name\":\"\u0413\u043b\u0430\u0432\u043d\u0430\u044f \u0441\u0442\u0440\u0430\u043d\u0438\u0446\u0430\",\"item\":\"https:\\\/\\\/tml.lt\\\/pl\\\/\"},{\"@type\":\"ListItem\",\"position\":2,\"name\":\"Rozwi\u0105zania\",\"item\":\"https:\\\/\\\/tml.lt\\\/pl\\\/solutions\\\/\"},{\"@type\":\"ListItem\",\"position\":3,\"name\":\"Zasilanie elektryczne\",\"item\":\"https:\\\/\\\/tml.lt\\\/pl\\\/solutions\\\/electric-power-supply\\\/\"},{\"@type\":\"ListItem\",\"position\":4,\"name\":\"Przegl\u0105d znakowania szaf sterowniczych\"}]},{\"@type\":\"WebSite\",\"@id\":\"https:\\\/\\\/tml.lt\\\/pl\\\/#website\",\"url\":\"https:\\\/\\\/tml.lt\\\/pl\\\/\",\"name\":\"TML\",\"description\":\"UAB TML-LT\",\"publisher\":{\"@id\":\"https:\\\/\\\/tml.lt\\\/pl\\\/#organization\"},\"potentialAction\":[{\"@type\":\"SearchAction\",\"target\":{\"@type\":\"EntryPoint\",\"urlTemplate\":\"https:\\\/\\\/tml.lt\\\/pl\\\/?s={search_term_string}\"},\"query-input\":{\"@type\":\"PropertyValueSpecification\",\"valueRequired\":true,\"valueName\":\"search_term_string\"}}],\"inLanguage\":\"pl-PL\"},{\"@type\":\"Organization\",\"@id\":\"https:\\\/\\\/tml.lt\\\/pl\\\/#organization\",\"name\":\"TML\",\"url\":\"https:\\\/\\\/tml.lt\\\/pl\\\/\",\"logo\":{\"@type\":\"ImageObject\",\"inLanguage\":\"pl-PL\",\"@id\":\"https:\\\/\\\/tml.lt\\\/pl\\\/#\\\/schema\\\/logo\\\/image\\\/\",\"url\":\"https:\\\/\\\/tml.lt\\\/pl\\\/wp-content\\\/uploads\\\/2020\\\/09\\\/tml-logo-black-4.png\",\"contentUrl\":\"https:\\\/\\\/tml.lt\\\/pl\\\/wp-content\\\/uploads\\\/2020\\\/09\\\/tml-logo-black-4.png\",\"width\":470,\"height\":110,\"caption\":\"TML\"},\"image\":{\"@id\":\"https:\\\/\\\/tml.lt\\\/pl\\\/#\\\/schema\\\/logo\\\/image\\\/\"}}]}<\/script>\n<!-- \/ Yoast SEO plugin. -->","yoast_head_json":{"title":"Przegl\u0105d znakowania szaf sterowniczych | TML","description":"W tym artykule przedstawiamy przegl\u0105d podstaw znakowania szaf sterowniczych. Starali\u015bmy si\u0119 wyja\u015bni\u0107, dlaczego i co nale\u017cy znakowa\u0107 oraz jakie normy i wymagania obowi\u0105zuj\u0105. | TML","robots":{"index":"index","follow":"follow","max-snippet":"max-snippet:-1","max-image-preview":"max-image-preview:large","max-video-preview":"max-video-preview:-1"},"canonical":"https:\/\/tml.lt\/pl\/solutions\/electric-power-supply\/przeglad-znakowania-szaf-sterowniczych\/","og_locale":"pl_PL","og_type":"article","og_title":"Przegl\u0105d znakowania szaf sterowniczych | TML","og_description":"W tym artykule przedstawiamy przegl\u0105d podstaw znakowania szaf sterowniczych. Starali\u015bmy si\u0119 wyja\u015bni\u0107, dlaczego i co nale\u017cy znakowa\u0107 oraz jakie normy i wymagania obowi\u0105zuj\u0105. | TML","og_url":"https:\/\/tml.lt\/pl\/solutions\/electric-power-supply\/przeglad-znakowania-szaf-sterowniczych\/","og_site_name":"TML","article_modified_time":"2026-02-13T11:04:23+00:00","twitter_card":"summary_large_image","twitter_misc":{"Szacowany czas czytania":"2 minuty"},"schema":{"@context":"https:\/\/schema.org","@graph":[{"@type":"WebPage","@id":"https:\/\/tml.lt\/pl\/solutions\/electric-power-supply\/przeglad-znakowania-szaf-sterowniczych\/","url":"https:\/\/tml.lt\/pl\/solutions\/electric-power-supply\/przeglad-znakowania-szaf-sterowniczych\/","name":"Przegl\u0105d znakowania szaf sterowniczych | TML","isPartOf":{"@id":"https:\/\/tml.lt\/pl\/#website"},"datePublished":"2026-02-03T12:56:34+00:00","dateModified":"2026-02-13T11:04:23+00:00","description":"W tym artykule przedstawiamy przegl\u0105d podstaw znakowania szaf sterowniczych. Starali\u015bmy si\u0119 wyja\u015bni\u0107, dlaczego i co nale\u017cy znakowa\u0107 oraz jakie normy i wymagania obowi\u0105zuj\u0105. | TML","breadcrumb":{"@id":"https:\/\/tml.lt\/pl\/solutions\/electric-power-supply\/przeglad-znakowania-szaf-sterowniczych\/#breadcrumb"},"inLanguage":"pl-PL","potentialAction":[{"@type":"ReadAction","target":["https:\/\/tml.lt\/pl\/solutions\/electric-power-supply\/przeglad-znakowania-szaf-sterowniczych\/"]}]},{"@type":"BreadcrumbList","@id":"https:\/\/tml.lt\/pl\/solutions\/electric-power-supply\/przeglad-znakowania-szaf-sterowniczych\/#breadcrumb","itemListElement":[{"@type":"ListItem","position":1,"name":"\u0413\u043b\u0430\u0432\u043d\u0430\u044f \u0441\u0442\u0440\u0430\u043d\u0438\u0446\u0430","item":"https:\/\/tml.lt\/pl\/"},{"@type":"ListItem","position":2,"name":"Rozwi\u0105zania","item":"https:\/\/tml.lt\/pl\/solutions\/"},{"@type":"ListItem","position":3,"name":"Zasilanie elektryczne","item":"https:\/\/tml.lt\/pl\/solutions\/electric-power-supply\/"},{"@type":"ListItem","position":4,"name":"Przegl\u0105d znakowania szaf sterowniczych"}]},{"@type":"WebSite","@id":"https:\/\/tml.lt\/pl\/#website","url":"https:\/\/tml.lt\/pl\/","name":"TML","description":"UAB TML-LT","publisher":{"@id":"https:\/\/tml.lt\/pl\/#organization"},"potentialAction":[{"@type":"SearchAction","target":{"@type":"EntryPoint","urlTemplate":"https:\/\/tml.lt\/pl\/?s={search_term_string}"},"query-input":{"@type":"PropertyValueSpecification","valueRequired":true,"valueName":"search_term_string"}}],"inLanguage":"pl-PL"},{"@type":"Organization","@id":"https:\/\/tml.lt\/pl\/#organization","name":"TML","url":"https:\/\/tml.lt\/pl\/","logo":{"@type":"ImageObject","inLanguage":"pl-PL","@id":"https:\/\/tml.lt\/pl\/#\/schema\/logo\/image\/","url":"https:\/\/tml.lt\/pl\/wp-content\/uploads\/2020\/09\/tml-logo-black-4.png","contentUrl":"https:\/\/tml.lt\/pl\/wp-content\/uploads\/2020\/09\/tml-logo-black-4.png","width":470,"height":110,"caption":"TML"},"image":{"@id":"https:\/\/tml.lt\/pl\/#\/schema\/logo\/image\/"}}]}},"amp_enabled":false,"_links":{"self":[{"href":"https:\/\/tml.lt\/pl\/wp-json\/wp\/v2\/pages\/21290","targetHints":{"allow":["GET"]}}],"collection":[{"href":"https:\/\/tml.lt\/pl\/wp-json\/wp\/v2\/pages"}],"about":[{"href":"https:\/\/tml.lt\/pl\/wp-json\/wp\/v2\/types\/page"}],"author":[{"embeddable":true,"href":"https:\/\/tml.lt\/pl\/wp-json\/wp\/v2\/users\/1"}],"replies":[{"embeddable":true,"href":"https:\/\/tml.lt\/pl\/wp-json\/wp\/v2\/comments?post=21290"}],"version-history":[{"count":0,"href":"https:\/\/tml.lt\/pl\/wp-json\/wp\/v2\/pages\/21290\/revisions"}],"up":[{"embeddable":true,"href":"https:\/\/tml.lt\/pl\/wp-json\/wp\/v2\/pages\/18917"}],"wp:attachment":[{"href":"https:\/\/tml.lt\/pl\/wp-json\/wp\/v2\/media?parent=21290"}],"curies":[{"name":"wp","href":"https:\/\/api.w.org\/{rel}","templated":true}]}}