{"id":387,"date":"2017-09-26T09:57:14","date_gmt":"2017-09-26T07:57:14","guid":{"rendered":"\/?page_id=387"},"modified":"2026-01-12T10:32:58","modified_gmt":"2026-01-12T08:32:58","slug":"contacts-companys-details","status":"publish","type":"page","link":"https:\/\/tml.lt\/pl\/contacts-companys-details\/","title":{"rendered":"Dane kontaktowe"},"content":{"rendered":"<div class=\"blk50\">\n<div class=\"clean\">\n<h3 id=\"adres\">Biuro<\/h3>\n<p class=\"lh2\"><span class=\"map\" title=\"Adres\"><\/span> Bijunu g. 19, LT-66226 Druskienniki, Litwa<br>\n<span class=\"tel\" title=\"Telefon\"><\/span> <a href=\"tel:+37031341133\">+370 313 41133<\/a><br>\n<span class=\"eml\" title=\"E-mail\"><\/span><a href=\"mailto:info@tml.lt\">info@tml.lt<\/a><br>\n<span class=\"web\" title=\"Strona internetowa\"><\/span><a href=\"\/pl\/\">www.tml.lt<\/a><br>\n<a href=\"https:\/\/www.facebook.com\/tml.lt.uab\/\" target=\"_blank\" rel=\"noopener\"><span class=\"fb\" title=\"Facebook\"><\/span>Facebook<\/a>, <a href=\"https:\/\/www.linkedin.com\/company\/tml-lt\/\" target=\"_blank\" rel=\"noopener\"><span class=\"in\" title=\"LinkedIn\"><\/span>LinkedIn<\/a>, <a href=\"https:\/\/www.youtube.com\/@TMLLT\" target=\"_blank\" rel=\"noopener\"><span class=\"yt\" title=\"Youtube\"><\/span>Youtube<\/a><\/p>\n<h4 id=\"rejestr\">Dane firmy<\/h4>\n<table class=\"req\">\n<tr>\n<td width=\"180\">Nazwa firmy<\/td>\n<td>UAB &laquo;TML-LT&raquo;<\/td>\n<\/tr>\n<tr>\n<td>Kod rejestracyjny<\/td>\n<td>302758705<\/td>\n<\/tr>\n<tr>\n<td>NIP (VAT)<\/td>\n<td>LT100007306413<\/td>\n<\/tr>\n<tr>\n<td>Nazwa banku<\/td>\n<td>Luminor Bank AB<\/td>\n<\/tr>\n<tr>\n<td>Numer konta<\/td>\n<td>LT234010040900678724<\/td>\n<\/tr>\n<tr>\n<td>SWIFT<\/td>\n<td>AGBLLT2X<\/td>\n<\/tr>\n<\/table>\n<h3>Magazyn (<a href=\"\/pl\/2024\/07\/11\/attention-our-production-and-warehouse-address-is-changing\/\">nowy adres<\/a>!)<\/h3>\n<p class=\"lh2\"><span class=\"map\" title=\"Adres\"><\/span> <a href=\"https:\/\/maps.app.goo.gl\/LtvqTZyfmonBzqcA8\" target=\"_blank\" rel=\"noopener noreferrer\">Verp&#279;j&#371; g. 28A, Vie&#269;i&#363;nai, LT-66496 rejon Druskienniki<\/a><br>\n<span class=\"tel\" title=\"Telefon\"><\/span> <a href=\"tel:+37062091619\">+370 62091619<\/a>\n<\/p>\n<p><em>Godziny otwarcia<\/em>:<\/p>\n<table>\n<tr title=\"Otwarte\">\n<td width=\"150\">PN&ndash;CZW<\/td>\n<td width=\"20\"><span class=\"do\" title=\"Otwarte\"><\/span><\/td>\n<td>od 8:00 do 16:00<\/td>\n<\/tr>\n<tr title=\"Otwarte\">\n<td>PT<\/td>\n<td width=\"20\"><span class=\"do\" title=\"Otwarte\"><\/span><\/td>\n<td>od 8:00 do 15:00<\/td>\n<\/tr>\n<tr title=\"Zamkni&#281;te\">\n<td>SOB&ndash;ND<\/td>\n<td><span class=\"dc\" title=\"Zamkni&#281;te\"><\/span><\/td>\n<td>nieczynne<\/td>\n<\/tr>\n<\/table>\n<\/div>\n<div id=\"request\" class=\"clean\">\n\t\n<div class=\"wpcf7 no-js\" id=\"wpcf7-f2015-o1\" lang=\"ru-RU\" dir=\"ltr\" data-wpcf7-id=\"2015\">\n<div class=\"screen-reader-response\"><p role=\"status\" aria-live=\"polite\" aria-atomic=\"true\"><\/p> <ul><\/ul><\/div>\n<form action=\"\/pl\/wp-json\/wp\/v2\/pages\/387#wpcf7-f2015-o1\" method=\"post\" class=\"wpcf7-form init\" aria-label=\"&#1050;&#1086;&#1085;&#1090;&#1072;&#1082;&#1090;&#1085;&#1072;&#1103; &#1092;&#1086;&#1088;&#1084;&#1072;\" enctype=\"multipart\/form-data\" novalidate=\"novalidate\" data-status=\"init\">\n<fieldset class=\"hidden-fields-container\"><input type=\"hidden\" name=\"_wpcf7\" value=\"2015\"><input type=\"hidden\" name=\"_wpcf7_version\" value=\"6.1.5\"><input type=\"hidden\" name=\"_wpcf7_locale\" value=\"ru_RU\"><input type=\"hidden\" name=\"_wpcf7_unit_tag\" value=\"wpcf7-f2015-o1\"><input type=\"hidden\" name=\"_wpcf7_container_post\" value=\"0\"><input type=\"hidden\" name=\"_wpcf7_posted_data_hash\" value=\"\"><input type=\"hidden\" name=\"_wpcf7_recaptcha_response\" value=\"\">\n<\/fieldset>\n<h4>Formularz kontaktowy\n<\/h4>\n<div class=\"clean\">\n\t<p><label class=\"callback\"><span class=\"fieldname\"><span class=\"text-danger\">*<\/span> Wiadomo&#347;&#263;<\/span><span class=\"wpcf7-form-control-wrap\" data-name=\"ymessage\"><textarea cols=\"90\" rows=\"2\" maxlength=\"2000\" class=\"wpcf7-form-control wpcf7-textarea wpcf7-validates-as-required\" aria-required=\"true\" aria-invalid=\"false\" placeholder=\"Twoja wiadomo&#347;&#263;\" name=\"ymessage\"><\/textarea><\/span><\/label><br>\n<label class=\"callback\"><span class=\"fieldname\"><span class=\"text-danger\">*<\/span> Imi&#281; i nazwisko<\/span><span class=\"wpcf7-form-control-wrap\" data-name=\"yname\"><input size=\"25\" maxlength=\"400\" class=\"wpcf7-form-control wpcf7-text wpcf7-validates-as-required\" aria-required=\"true\" aria-invalid=\"false\" placeholder=\"Twoje imi&#281; i nazwisko\" value=\"\" type=\"text\" name=\"yname\"><\/span><\/label><br>\n<label class=\"callback\"><span class=\"fieldname\"><span class=\"text-danger\">*<\/span> E-mail<\/span><span class=\"wpcf7-form-control-wrap\" data-name=\"yemail\"><input size=\"40\" maxlength=\"400\" class=\"wpcf7-form-control wpcf7-email wpcf7-validates-as-required wpcf7-text wpcf7-validates-as-email\" aria-required=\"true\" aria-invalid=\"false\" placeholder=\"Tw&oacute;j e-mail\" value=\"\" type=\"email\" name=\"yemail\"><\/span><\/label><br>\n<label class=\"callback\"><span class=\"fieldname\"><span class=\"text-danger\">*<\/span> Telefon<\/span><span class=\"wpcf7-form-control-wrap\" data-name=\"yphone\"><input size=\"25\" maxlength=\"400\" class=\"wpcf7-form-control wpcf7-text wpcf7-validates-as-required\" aria-required=\"true\" aria-invalid=\"false\" placeholder=\"Tw&oacute;j numer telefonu z numerem kierunkowym\" value=\"\" type=\"text\" name=\"yphone\"><\/span><\/label>\n\t<\/p>\n\t<div class=\"clean hide\">\n\t\t<p><label class=\"callback\"><br>\n<\/label>\n\t\t<\/p>\n\t\t<div class=\"tooltip\">\n\t\t\t<p>?<br>\n<span class=\"tooltiptext\">Maksymalny rozmiar pliku 10 Mb<br>\nDozwolone typy plik&oacute;w: .doc .docx .cdr .ai .eps .pdf .tiff .psd .jpg .jpeg .gif .bmp .png<\/span>\n\t\t\t<\/p>\n\t\t<\/div>\n\t\t<div style=\"display:flex;\">\n\t\t\t<p>Masz za&#322;&#261;cznik?\n\t\t\t<\/p>\n\t\t<\/div>\n\t\t<p><span class=\"wpcf7-form-control-wrap\" data-name=\"yattachment\"><input size=\"40\" class=\"wpcf7-form-control wpcf7-file\" accept=\".doc,.docx,.cdr,.ai,.eps,.pdf,.tiff,.psd,.jpg,.jpeg,.gif,.bmp,.png\" aria-invalid=\"false\" type=\"file\" name=\"yattachment\"><\/span><br>\n\t\t<\/p>\n\t<\/div>\n\n\t<div class=\"clean pt-3 text-center\">\n\t\t<p><input class=\"wpcf7-form-control wpcf7-submit has-spinner contact\" type=\"submit\" value=\"Wy&#347;lij wiadomo&#347;&#263;\">\n\t\t<\/p>\n\t<\/div>\n<\/div><div class=\"wpcf7-response-output\" aria-hidden=\"true\"><\/div>\n<\/form>\n<\/div>\n\n<\/div>\n<\/div>\n<div id=\"map\" class=\"blk100\">\n<div class=\"clean\">\n<h4>Lokalizacja magazynu<\/h4>\n<p><iframe loading=\"lazy\" class=\"contact\" src=\"https:\/\/www.google.com\/maps\/embed?pb=!1m18!1m12!1m3!1d2341.7785160078142!2d24.04886345371578!3d54.05993597309979!2m3!1f0!2f0!3f0!3m2!1i1024!2i768!4f13.1!3m3!1m2!1s0x46e09ec755163295%3A0x36f69569877e08d1!2zVmVycMSXasWzIGcuIDI4QSwgVmllxI1pxatuYWksIDY2NDk2IERydXNraW5pbmvFsyBzYXYu!5e0!3m2!1slt!2slt!4v1719911234857!5m2!1slt!2slt\" width=\"100%\" height=\"350\" frameborder=\"0\" allowfullscreen=\"1\"><\/iframe>\n<\/p><\/div>\n<\/div>\n","protected":false},"excerpt":{"rendered":"<p>Biuro Bijunu g. 19, LT-66226 Druskienniki, Litwa +370 313 41133 info@tml.lt www.tml.lt Facebook, LinkedIn, Youtube Dane firmy Nazwa firmy UAB &laquo;TML-LT&raquo; Kod rejestracyjny 302758705 NIP (VAT) LT100007306413 Nazwa banku Luminor Bank AB Numer konta LT234010040900678724 SWIFT AGBLLT2X Magazyn (nowy adres!) Verp\u0117j\u0173 g. 28A, Vie\u010di\u016bnai, LT-66496 rejon Druskienniki +370 62091619 Godziny otwarcia: PN\u2013CZW od 8:00 do [&hellip;]<\/p>\n","protected":false},"author":2,"featured_media":0,"parent":0,"menu_order":0,"comment_status":"closed","ping_status":"closed","template":"page-templates\/page-sidebar-none.php","meta":{"footnotes":""},"class_list":["post-387","page","type-page","status-publish","hentry"],"yoast_head":"<!-- This site is optimized with the Yoast SEO plugin v27.4 - https:\/\/yoast.com\/product\/yoast-seo-wordpress\/ -->\n<title>Dane kontaktowe | TML<\/title>\n<meta name=\"description\" content=\"UAB &quot;TML-LT&quot;, Bijunu st. 19, LT-66226 Druskininkai, Lithuania. +370 313 41133, info@tml.lt, www.tml.lt. Luminor Bank, AGBLLT2X\" \/>\n<meta name=\"robots\" content=\"index, follow, max-snippet:-1, max-image-preview:large, max-video-preview:-1\" \/>\n<link rel=\"canonical\" href=\"https:\/\/tml.lt\/pl\/contacts-companys-details\/\" \/>\n<meta property=\"og:locale\" content=\"pl_PL\" \/>\n<meta property=\"og:type\" content=\"article\" \/>\n<meta property=\"og:title\" content=\"Dane kontaktowe | TML\" \/>\n<meta property=\"og:description\" content=\"UAB &quot;TML-LT&quot;, Bijunu st. 19, LT-66226 Druskininkai, Lithuania. +370 313 41133, info@tml.lt, www.tml.lt. Luminor Bank, AGBLLT2X\" \/>\n<meta property=\"og:url\" content=\"https:\/\/tml.lt\/pl\/contacts-companys-details\/\" \/>\n<meta property=\"og:site_name\" content=\"TML\" \/>\n<meta property=\"article:modified_time\" content=\"2026-01-12T08:32:58+00:00\" \/>\n<meta name=\"twitter:card\" content=\"summary_large_image\" \/>\n<meta name=\"twitter:label1\" content=\"Szacowany czas czytania\" \/>\n\t<meta name=\"twitter:data1\" content=\"1 minuta\" \/>\n<script type=\"application\/ld+json\" class=\"yoast-schema-graph\">{\"@context\":\"https:\\\/\\\/schema.org\",\"@graph\":[{\"@type\":\"WebPage\",\"@id\":\"https:\\\/\\\/tml.lt\\\/pl\\\/contacts-companys-details\\\/\",\"url\":\"https:\\\/\\\/tml.lt\\\/pl\\\/contacts-companys-details\\\/\",\"name\":\"Dane kontaktowe | TML\",\"isPartOf\":{\"@id\":\"https:\\\/\\\/tml.lt\\\/pl\\\/#website\"},\"datePublished\":\"2017-09-26T07:57:14+00:00\",\"dateModified\":\"2026-01-12T08:32:58+00:00\",\"description\":\"UAB \\\"TML-LT\\\", Bijunu st. 19, LT-66226 Druskininkai, Lithuania. +370 313 41133, info@tml.lt, www.tml.lt. Luminor Bank, AGBLLT2X\",\"breadcrumb\":{\"@id\":\"https:\\\/\\\/tml.lt\\\/pl\\\/contacts-companys-details\\\/#breadcrumb\"},\"inLanguage\":\"pl-PL\",\"potentialAction\":[{\"@type\":\"ReadAction\",\"target\":[\"https:\\\/\\\/tml.lt\\\/pl\\\/contacts-companys-details\\\/\"]}]},{\"@type\":\"BreadcrumbList\",\"@id\":\"https:\\\/\\\/tml.lt\\\/pl\\\/contacts-companys-details\\\/#breadcrumb\",\"itemListElement\":[{\"@type\":\"ListItem\",\"position\":1,\"name\":\"\u0413\u043b\u0430\u0432\u043d\u0430\u044f \u0441\u0442\u0440\u0430\u043d\u0438\u0446\u0430\",\"item\":\"https:\\\/\\\/tml.lt\\\/pl\\\/\"},{\"@type\":\"ListItem\",\"position\":2,\"name\":\"Dane kontaktowe\"}]},{\"@type\":\"WebSite\",\"@id\":\"https:\\\/\\\/tml.lt\\\/pl\\\/#website\",\"url\":\"https:\\\/\\\/tml.lt\\\/pl\\\/\",\"name\":\"TML\",\"description\":\"UAB TML-LT\",\"publisher\":{\"@id\":\"https:\\\/\\\/tml.lt\\\/pl\\\/#organization\"},\"potentialAction\":[{\"@type\":\"SearchAction\",\"target\":{\"@type\":\"EntryPoint\",\"urlTemplate\":\"https:\\\/\\\/tml.lt\\\/pl\\\/?s={search_term_string}\"},\"query-input\":{\"@type\":\"PropertyValueSpecification\",\"valueRequired\":true,\"valueName\":\"search_term_string\"}}],\"inLanguage\":\"pl-PL\"},{\"@type\":\"Organization\",\"@id\":\"https:\\\/\\\/tml.lt\\\/pl\\\/#organization\",\"name\":\"TML\",\"url\":\"https:\\\/\\\/tml.lt\\\/pl\\\/\",\"logo\":{\"@type\":\"ImageObject\",\"inLanguage\":\"pl-PL\",\"@id\":\"https:\\\/\\\/tml.lt\\\/pl\\\/#\\\/schema\\\/logo\\\/image\\\/\",\"url\":\"https:\\\/\\\/tml.lt\\\/pl\\\/wp-content\\\/uploads\\\/2020\\\/09\\\/tml-logo-black-4.png\",\"contentUrl\":\"https:\\\/\\\/tml.lt\\\/pl\\\/wp-content\\\/uploads\\\/2020\\\/09\\\/tml-logo-black-4.png\",\"width\":470,\"height\":110,\"caption\":\"TML\"},\"image\":{\"@id\":\"https:\\\/\\\/tml.lt\\\/pl\\\/#\\\/schema\\\/logo\\\/image\\\/\"}}]}<\/script>\n<!-- \/ Yoast SEO plugin. -->","yoast_head_json":{"title":"Dane kontaktowe | TML","description":"UAB \"TML-LT\", Bijunu st. 19, LT-66226 Druskininkai, Lithuania. +370 313 41133, info@tml.lt, www.tml.lt. Luminor Bank, AGBLLT2X","robots":{"index":"index","follow":"follow","max-snippet":"max-snippet:-1","max-image-preview":"max-image-preview:large","max-video-preview":"max-video-preview:-1"},"canonical":"https:\/\/tml.lt\/pl\/contacts-companys-details\/","og_locale":"pl_PL","og_type":"article","og_title":"Dane kontaktowe | TML","og_description":"UAB \"TML-LT\", Bijunu st. 19, LT-66226 Druskininkai, Lithuania. +370 313 41133, info@tml.lt, www.tml.lt. Luminor Bank, AGBLLT2X","og_url":"https:\/\/tml.lt\/pl\/contacts-companys-details\/","og_site_name":"TML","article_modified_time":"2026-01-12T08:32:58+00:00","twitter_card":"summary_large_image","twitter_misc":{"Szacowany czas czytania":"1 minuta"},"schema":{"@context":"https:\/\/schema.org","@graph":[{"@type":"WebPage","@id":"https:\/\/tml.lt\/pl\/contacts-companys-details\/","url":"https:\/\/tml.lt\/pl\/contacts-companys-details\/","name":"Dane kontaktowe | TML","isPartOf":{"@id":"https:\/\/tml.lt\/pl\/#website"},"datePublished":"2017-09-26T07:57:14+00:00","dateModified":"2026-01-12T08:32:58+00:00","description":"UAB \"TML-LT\", Bijunu st. 19, LT-66226 Druskininkai, Lithuania. +370 313 41133, info@tml.lt, www.tml.lt. Luminor Bank, AGBLLT2X","breadcrumb":{"@id":"https:\/\/tml.lt\/pl\/contacts-companys-details\/#breadcrumb"},"inLanguage":"pl-PL","potentialAction":[{"@type":"ReadAction","target":["https:\/\/tml.lt\/pl\/contacts-companys-details\/"]}]},{"@type":"BreadcrumbList","@id":"https:\/\/tml.lt\/pl\/contacts-companys-details\/#breadcrumb","itemListElement":[{"@type":"ListItem","position":1,"name":"\u0413\u043b\u0430\u0432\u043d\u0430\u044f \u0441\u0442\u0440\u0430\u043d\u0438\u0446\u0430","item":"https:\/\/tml.lt\/pl\/"},{"@type":"ListItem","position":2,"name":"Dane kontaktowe"}]},{"@type":"WebSite","@id":"https:\/\/tml.lt\/pl\/#website","url":"https:\/\/tml.lt\/pl\/","name":"TML","description":"UAB TML-LT","publisher":{"@id":"https:\/\/tml.lt\/pl\/#organization"},"potentialAction":[{"@type":"SearchAction","target":{"@type":"EntryPoint","urlTemplate":"https:\/\/tml.lt\/pl\/?s={search_term_string}"},"query-input":{"@type":"PropertyValueSpecification","valueRequired":true,"valueName":"search_term_string"}}],"inLanguage":"pl-PL"},{"@type":"Organization","@id":"https:\/\/tml.lt\/pl\/#organization","name":"TML","url":"https:\/\/tml.lt\/pl\/","logo":{"@type":"ImageObject","inLanguage":"pl-PL","@id":"https:\/\/tml.lt\/pl\/#\/schema\/logo\/image\/","url":"https:\/\/tml.lt\/pl\/wp-content\/uploads\/2020\/09\/tml-logo-black-4.png","contentUrl":"https:\/\/tml.lt\/pl\/wp-content\/uploads\/2020\/09\/tml-logo-black-4.png","width":470,"height":110,"caption":"TML"},"image":{"@id":"https:\/\/tml.lt\/pl\/#\/schema\/logo\/image\/"}}]}},"amp_enabled":false,"_links":{"self":[{"href":"https:\/\/tml.lt\/pl\/wp-json\/wp\/v2\/pages\/387","targetHints":{"allow":["GET"]}}],"collection":[{"href":"https:\/\/tml.lt\/pl\/wp-json\/wp\/v2\/pages"}],"about":[{"href":"https:\/\/tml.lt\/pl\/wp-json\/wp\/v2\/types\/page"}],"author":[{"embeddable":true,"href":"https:\/\/tml.lt\/pl\/wp-json\/wp\/v2\/users\/2"}],"replies":[{"embeddable":true,"href":"https:\/\/tml.lt\/pl\/wp-json\/wp\/v2\/comments?post=387"}],"version-history":[{"count":0,"href":"https:\/\/tml.lt\/pl\/wp-json\/wp\/v2\/pages\/387\/revisions"}],"wp:attachment":[{"href":"https:\/\/tml.lt\/pl\/wp-json\/wp\/v2\/media?parent=387"}],"curies":[{"name":"wp","href":"https:\/\/api.w.org\/{rel}","templated":true}]}}