{"id":6962,"date":"2018-05-17T10:25:09","date_gmt":"2018-05-17T08:25:09","guid":{"rendered":"\/?page_id=6962"},"modified":"2026-01-12T10:55:12","modified_gmt":"2026-01-12T08:55:12","slug":"terms-and-conditions-of-purchase","status":"publish","type":"page","link":"https:\/\/tml.lt\/pl\/terms-and-conditions-of-purchase\/","title":{"rendered":"Warunki zakupu"},"content":{"rendered":"<h2>Zam&oacute;wienia<\/h2>\n<p>Kupuj&#261;cy mo&#380;e sk&#322;ada&#263; zam&oacute;wienia na stronie <a href=\"https:\/\/www.tml.lt\/pl\/\">www.tml.lt<\/a> przez 24 godziny na dob&#281;, 7 dni w tygodniu. Po z&#322;o&#380;eniu zam&oacute;wienia kupuj&#261;cy automatycznie otrzymuje potwierdzenie zam&oacute;wienia e-mailem. W ci&#261;gu 1 dnia roboczego kierownik sprzeda&#380;y UAB &bdquo;TML-LT&rdquo; kontaktuje si&#281; z kupuj&#261;cym w celu uzgodnienia dok&#322;adnego terminu dostawy oraz szczeg&oacute;&#322;&oacute;w p&#322;atno&#347;ci.<\/p>\n<h2>P&#322;atno&#347;&#263;<\/h2>\n<p>W katalogu elektronicznym <a href=\"https:\/\/www.tml.lt\/pl\/\">www.tml.lt<\/a> ceny podane s&#261; w euro, bez podatku VAT.<\/p>\n<h5>Metody p&#322;atno&#347;ci:<\/h5>\n<ul>\n<li>Przedp&#322;ata &ndash; po z&#322;o&#380;eniu zam&oacute;wienia wystawiana jest faktura pro forma z danymi sprzedawcy i wysy&#322;ana do kupuj&#261;cego e-mailem. Zam&oacute;wione towary s&#261; wysy&#322;ane po otrzymaniu p&#322;atno&#347;ci.<\/li>\n<li>P&#322;atno&#347;&#263; odroczona &ndash; stali klienci mog&#261; korzysta&#263; z p&#322;atno&#347;ci odroczonych (po po<a href=\"https:\/\/tml.lt\/pl\/encyclopedia\/dpi\/\" target=\"_self\" title=\"DPI is an abbreviation for Dots Per Inch. A print resolution characteristic used for printed text or images. The more dots per inch, the higher the resolution.\" class=\"encyclopedia\">dpi<\/a>saniu umowy o wsp&oacute;&#322;pracy).<\/li>\n<\/ul>\n<h2>Wysy&#322;ka towar&oacute;w<\/h2>\n<ul>\n<li>Wysy&#322;ka towar&oacute;w na terenie Litwy (z wyj&#261;tkiem Mierzei Kuro&#324;skiej) jest bezp&#322;atna, je&#347;li kwota zam&oacute;wienia wynosi co najmniej 80 euro netto.<\/li>\n<li>Je&#347;li kwota zam&oacute;wienia jest ni&#380;sza ni&#380; 80 euro netto, op&#322;ata za dostaw&#281; na terenie Litwy wynosi (kwota zostanie uwzgl&#281;dniona na fakturze pro forma):\n<ul>\n<li>dla paczki do 5 kg &ndash; 5,00 euro netto<\/li>\n<li>dla paczki od 5 do 20 kg &ndash; 7,00 euro netto<\/li>\n<li>dla paczki od 20 do 30 kg &ndash; 10,00 euro netto<\/li>\n<\/ul>\n<\/li>\n<li>Za wysy&#322;k&#281; na Mierzej&#281; Kuro&#324;sk&#261; pobierana jest dodatkowa op&#322;ata w wysoko&#347;ci 20 euro.<\/li>\n<li>Zam&oacute;wienia s&#261; wysy&#322;ane za po&#347;rednictwem kuriera w ci&#261;gu 1&ndash;3 dni roboczych po otrzymaniu p&#322;atno&#347;ci, je&#347;li towary s&#261; dost&#281;pne w magazynie i kupuj&#261;cy nie zosta&#322; poinformowany o innym terminie dostawy.<\/li>\n<li>Zam&oacute;wienia mo&#380;na r&oacute;wnie&#380; odebra&#263; osobi&#347;cie z magazynu pod adresem <a href=\"https:\/\/maps.app.goo.gl\/LtvqTZyfmonBzqcA8\" target=\"_blank\" rel=\"noopener noreferrer\">Verp&#279;j&#371; g. 28A, Vie&#269;i&#363;nai, LT-66496 Druskinink&#371; sav.<\/a>, tel. +370 62091619. <strong>Godziny pracy magazynu:<\/strong> pon.&ndash;czw.: 8:00&ndash;16:00, pt.: 8:00&ndash;15:00.<\/li>\n<\/ul>\n<h2>Odbi&oacute;r towaru<\/h2>\n<p>Sk&#322;adaj&#261;c zam&oacute;wienie, kupuj&#261;cy zobowi&#261;zuje si&#281; poda&#263; dok&#322;adny adres dostawy. Kupuj&#261;cy zobowi&#261;zuje si&#281; odebra&#263; towar osobi&#347;cie. Je&#347;li kupuj&#261;cy nie mo&#380;e odebra&#263; towaru osobi&#347;cie, a towar zostanie dostarczony pod wskazany adres na podstawie danych podanych przez kupuj&#261;cego, kupuj&#261;cy nie ma prawa zg&#322;asza&#263; roszcze&#324; wobec sprzedawcy z tytu&#322;u dostawy do niew&#322;a&#347;ciwego odbiorcy. Przy odbiorze towaru kupuj&#261;cy powinien sprawdzi&#263; jego stan wsp&oacute;lnie ze sprzedawc&#261; lub jego upowa&#380;nionym przedstawicielem. Po<a href=\"https:\/\/tml.lt\/pl\/encyclopedia\/dpi\/\" target=\"_self\" title=\"DPI is an abbreviation for Dots Per Inch. A print resolution characteristic used for printed text or images. The more dots per inch, the higher the resolution.\" class=\"encyclopedia\">dpi<\/a>sanie faktury (listu przewozowego) lub innego dokumentu potwierdzaj&#261;cego odbi&oacute;r oznacza, &#380;e towar zosta&#322; dostarczony w dobrym stanie. Je&#347;li zostanie zauwa&#380;one, &#380;e towar jest uszkodzony (rozerwany, zamoczony lub w inny spos&oacute;b zewn&#281;trznie uszkodzony), kupuj&#261;cy powinien odnotowa&#263; to na fakturze (li&#347;cie przewozowym) lub innym dokumencie odbioru i wraz ze sprzedawc&#261; lub jego przedstawicielem sporz&#261;dzi&#263; protok&oacute;&#322; uszkodzenia. Je&#347;li kupuj&#261;cy nie wykona tych czynno&#347;ci, sprzedawca zostaje zwolniony z odpowiedzialno&#347;ci za szkody, je&#347;li powsta&#322;y one w wyniku uszkodzenia opakowania podczas transportu i nie zosta&#322;y zauwa&#380;one zgodnie z powy&#380;sz&#261; procedur&#261;. Je&#347;li kupuj&#261;cy na podstawie niniejszych zasad odst&#261;pi od umowy sprzeda&#380;y (gdy produkt nie jest wadliwy ani uszkodzony podczas transportu), jest zobowi&#261;zany pokry&#263; wszystkie bezpo&#347;rednie koszty zwrotu towaru do sprzedawcy.<\/p>\n<h2>Gwarancja<\/h2>\n<p>Wszystkie produkty obj&#281;te s&#261; okresem gwarancji i warunkami przewidzianymi przez producent&oacute;w. Sprzedawca gwarantuje jako&#347;&#263; produktu zgodnie z zobowi&#261;zaniami producenta i obowi&#261;zuj&#261;cymi przepisami prawa.<\/p>\n<h2>Rejestracja i ochrona danych osobowych<\/h2>\n<p>UAB <q>TML-LT<\/q> wykorzystuje dane osobowe kupuj&#261;cego wy&#322;&#261;cznie w celu realizacji umowy oraz do cel&oacute;w marketingowych. UAB <q>TML-LT<\/q> zobowi&#261;zuje si&#281; nie ujawnia&#263; danych osobowych osobom trzecim, z wyj&#261;tkiem przypadk&oacute;w przewidzianych przez prawo Republiki Litewskiej. Przeczytaj <a href=\"\/pl\/our-privacy-policy\/\">wi&#281;cej<\/a>.<\/p>\n","protected":false},"excerpt":{"rendered":"<p>Zam\u00f3wienia Kupuj\u0105cy mo\u017ce sk\u0142ada\u0107 zam\u00f3wienia na stronie www.tml.lt przez 24 godziny na dob\u0119, 7 dni w tygodniu. Po z\u0142o\u017ceniu zam\u00f3wienia kupuj\u0105cy automatycznie otrzymuje potwierdzenie zam\u00f3wienia e-mailem. W ci\u0105gu 1 dnia roboczego kierownik sprzeda\u017cy UAB \u201eTML-LT\u201d kontaktuje si\u0119 z kupuj\u0105cym w celu uzgodnienia dok\u0142adnego terminu dostawy oraz szczeg\u00f3\u0142\u00f3w p\u0142atno\u015bci. P\u0142atno\u015b\u0107 W katalogu elektronicznym www.tml.lt ceny podane [&hellip;]<\/p>\n","protected":false},"author":2,"featured_media":0,"parent":0,"menu_order":0,"comment_status":"closed","ping_status":"closed","template":"page-templates\/page-sidebar-none.php","meta":{"footnotes":""},"class_list":["post-6962","page","type-page","status-publish","hentry"],"yoast_head":"<!-- This site is optimized with the Yoast SEO plugin v27.4 - https:\/\/yoast.com\/product\/yoast-seo-wordpress\/ -->\n<title>Warunki zakupu | TML<\/title>\n<meta name=\"description\" content=\"Terms and conditions of purchases made via e-shop tml.lt. Wire marking, industrial marking, adhesive tapes and adhesives.\" \/>\n<meta name=\"robots\" content=\"index, follow, max-snippet:-1, max-image-preview:large, max-video-preview:-1\" \/>\n<link rel=\"canonical\" href=\"https:\/\/tml.lt\/pl\/terms-and-conditions-of-purchase\/\" \/>\n<meta property=\"og:locale\" content=\"pl_PL\" \/>\n<meta property=\"og:type\" content=\"article\" \/>\n<meta property=\"og:title\" content=\"Warunki zakupu | TML\" \/>\n<meta property=\"og:description\" content=\"Terms and conditions of purchases made via e-shop tml.lt. Wire marking, industrial marking, adhesive tapes and adhesives.\" \/>\n<meta property=\"og:url\" content=\"https:\/\/tml.lt\/pl\/terms-and-conditions-of-purchase\/\" \/>\n<meta property=\"og:site_name\" content=\"TML\" \/>\n<meta property=\"article:modified_time\" content=\"2026-01-12T08:55:12+00:00\" \/>\n<meta name=\"twitter:card\" content=\"summary_large_image\" \/>\n<meta name=\"twitter:label1\" content=\"Szacowany czas czytania\" \/>\n\t<meta name=\"twitter:data1\" content=\"3 minuty\" \/>\n<script type=\"application\/ld+json\" class=\"yoast-schema-graph\">{\"@context\":\"https:\\\/\\\/schema.org\",\"@graph\":[{\"@type\":\"WebPage\",\"@id\":\"https:\\\/\\\/tml.lt\\\/pl\\\/terms-and-conditions-of-purchase\\\/\",\"url\":\"https:\\\/\\\/tml.lt\\\/pl\\\/terms-and-conditions-of-purchase\\\/\",\"name\":\"Warunki zakupu | TML\",\"isPartOf\":{\"@id\":\"https:\\\/\\\/tml.lt\\\/pl\\\/#website\"},\"datePublished\":\"2018-05-17T08:25:09+00:00\",\"dateModified\":\"2026-01-12T08:55:12+00:00\",\"description\":\"Terms and conditions of purchases made via e-shop tml.lt. Wire marking, industrial marking, adhesive tapes and adhesives.\",\"breadcrumb\":{\"@id\":\"https:\\\/\\\/tml.lt\\\/pl\\\/terms-and-conditions-of-purchase\\\/#breadcrumb\"},\"inLanguage\":\"pl-PL\",\"potentialAction\":[{\"@type\":\"ReadAction\",\"target\":[\"https:\\\/\\\/tml.lt\\\/pl\\\/terms-and-conditions-of-purchase\\\/\"]}]},{\"@type\":\"BreadcrumbList\",\"@id\":\"https:\\\/\\\/tml.lt\\\/pl\\\/terms-and-conditions-of-purchase\\\/#breadcrumb\",\"itemListElement\":[{\"@type\":\"ListItem\",\"position\":1,\"name\":\"\u0413\u043b\u0430\u0432\u043d\u0430\u044f \u0441\u0442\u0440\u0430\u043d\u0438\u0446\u0430\",\"item\":\"https:\\\/\\\/tml.lt\\\/pl\\\/\"},{\"@type\":\"ListItem\",\"position\":2,\"name\":\"Warunki zakupu\"}]},{\"@type\":\"WebSite\",\"@id\":\"https:\\\/\\\/tml.lt\\\/pl\\\/#website\",\"url\":\"https:\\\/\\\/tml.lt\\\/pl\\\/\",\"name\":\"TML\",\"description\":\"UAB TML-LT\",\"publisher\":{\"@id\":\"https:\\\/\\\/tml.lt\\\/pl\\\/#organization\"},\"potentialAction\":[{\"@type\":\"SearchAction\",\"target\":{\"@type\":\"EntryPoint\",\"urlTemplate\":\"https:\\\/\\\/tml.lt\\\/pl\\\/?s={search_term_string}\"},\"query-input\":{\"@type\":\"PropertyValueSpecification\",\"valueRequired\":true,\"valueName\":\"search_term_string\"}}],\"inLanguage\":\"pl-PL\"},{\"@type\":\"Organization\",\"@id\":\"https:\\\/\\\/tml.lt\\\/pl\\\/#organization\",\"name\":\"TML\",\"url\":\"https:\\\/\\\/tml.lt\\\/pl\\\/\",\"logo\":{\"@type\":\"ImageObject\",\"inLanguage\":\"pl-PL\",\"@id\":\"https:\\\/\\\/tml.lt\\\/pl\\\/#\\\/schema\\\/logo\\\/image\\\/\",\"url\":\"https:\\\/\\\/tml.lt\\\/pl\\\/wp-content\\\/uploads\\\/2020\\\/09\\\/tml-logo-black-4.png\",\"contentUrl\":\"https:\\\/\\\/tml.lt\\\/pl\\\/wp-content\\\/uploads\\\/2020\\\/09\\\/tml-logo-black-4.png\",\"width\":470,\"height\":110,\"caption\":\"TML\"},\"image\":{\"@id\":\"https:\\\/\\\/tml.lt\\\/pl\\\/#\\\/schema\\\/logo\\\/image\\\/\"}}]}<\/script>\n<!-- \/ Yoast SEO plugin. -->","yoast_head_json":{"title":"Warunki zakupu | TML","description":"Terms and conditions of purchases made via e-shop tml.lt. Wire marking, industrial marking, adhesive tapes and adhesives.","robots":{"index":"index","follow":"follow","max-snippet":"max-snippet:-1","max-image-preview":"max-image-preview:large","max-video-preview":"max-video-preview:-1"},"canonical":"https:\/\/tml.lt\/pl\/terms-and-conditions-of-purchase\/","og_locale":"pl_PL","og_type":"article","og_title":"Warunki zakupu | TML","og_description":"Terms and conditions of purchases made via e-shop tml.lt. Wire marking, industrial marking, adhesive tapes and adhesives.","og_url":"https:\/\/tml.lt\/pl\/terms-and-conditions-of-purchase\/","og_site_name":"TML","article_modified_time":"2026-01-12T08:55:12+00:00","twitter_card":"summary_large_image","twitter_misc":{"Szacowany czas czytania":"3 minuty"},"schema":{"@context":"https:\/\/schema.org","@graph":[{"@type":"WebPage","@id":"https:\/\/tml.lt\/pl\/terms-and-conditions-of-purchase\/","url":"https:\/\/tml.lt\/pl\/terms-and-conditions-of-purchase\/","name":"Warunki zakupu | TML","isPartOf":{"@id":"https:\/\/tml.lt\/pl\/#website"},"datePublished":"2018-05-17T08:25:09+00:00","dateModified":"2026-01-12T08:55:12+00:00","description":"Terms and conditions of purchases made via e-shop tml.lt. Wire marking, industrial marking, adhesive tapes and adhesives.","breadcrumb":{"@id":"https:\/\/tml.lt\/pl\/terms-and-conditions-of-purchase\/#breadcrumb"},"inLanguage":"pl-PL","potentialAction":[{"@type":"ReadAction","target":["https:\/\/tml.lt\/pl\/terms-and-conditions-of-purchase\/"]}]},{"@type":"BreadcrumbList","@id":"https:\/\/tml.lt\/pl\/terms-and-conditions-of-purchase\/#breadcrumb","itemListElement":[{"@type":"ListItem","position":1,"name":"\u0413\u043b\u0430\u0432\u043d\u0430\u044f \u0441\u0442\u0440\u0430\u043d\u0438\u0446\u0430","item":"https:\/\/tml.lt\/pl\/"},{"@type":"ListItem","position":2,"name":"Warunki zakupu"}]},{"@type":"WebSite","@id":"https:\/\/tml.lt\/pl\/#website","url":"https:\/\/tml.lt\/pl\/","name":"TML","description":"UAB TML-LT","publisher":{"@id":"https:\/\/tml.lt\/pl\/#organization"},"potentialAction":[{"@type":"SearchAction","target":{"@type":"EntryPoint","urlTemplate":"https:\/\/tml.lt\/pl\/?s={search_term_string}"},"query-input":{"@type":"PropertyValueSpecification","valueRequired":true,"valueName":"search_term_string"}}],"inLanguage":"pl-PL"},{"@type":"Organization","@id":"https:\/\/tml.lt\/pl\/#organization","name":"TML","url":"https:\/\/tml.lt\/pl\/","logo":{"@type":"ImageObject","inLanguage":"pl-PL","@id":"https:\/\/tml.lt\/pl\/#\/schema\/logo\/image\/","url":"https:\/\/tml.lt\/pl\/wp-content\/uploads\/2020\/09\/tml-logo-black-4.png","contentUrl":"https:\/\/tml.lt\/pl\/wp-content\/uploads\/2020\/09\/tml-logo-black-4.png","width":470,"height":110,"caption":"TML"},"image":{"@id":"https:\/\/tml.lt\/pl\/#\/schema\/logo\/image\/"}}]}},"amp_enabled":false,"_links":{"self":[{"href":"https:\/\/tml.lt\/pl\/wp-json\/wp\/v2\/pages\/6962","targetHints":{"allow":["GET"]}}],"collection":[{"href":"https:\/\/tml.lt\/pl\/wp-json\/wp\/v2\/pages"}],"about":[{"href":"https:\/\/tml.lt\/pl\/wp-json\/wp\/v2\/types\/page"}],"author":[{"embeddable":true,"href":"https:\/\/tml.lt\/pl\/wp-json\/wp\/v2\/users\/2"}],"replies":[{"embeddable":true,"href":"https:\/\/tml.lt\/pl\/wp-json\/wp\/v2\/comments?post=6962"}],"version-history":[{"count":0,"href":"https:\/\/tml.lt\/pl\/wp-json\/wp\/v2\/pages\/6962\/revisions"}],"wp:attachment":[{"href":"https:\/\/tml.lt\/pl\/wp-json\/wp\/v2\/media?parent=6962"}],"curies":[{"name":"wp","href":"https:\/\/api.w.org\/{rel}","templated":true}]}}