{"id":11406,"date":"2019-11-26T11:01:44","date_gmt":"2019-11-26T09:01:44","guid":{"rendered":"\/?post_type=product&#038;p=11406"},"modified":"2024-09-23T14:28:43","modified_gmt":"2024-09-23T12:28:43","slug":"marking-tape-p2535-standard-75mmx33m-colored","status":"publish","type":"product","link":"https:\/\/tml.lt\/pl\/product\/marking-tape-p2535-standard-75mmx33m-colored\/","title":{"rendered":"Marking tape P2535, standard, 75mmx33m, colored"},"content":{"rendered":"<p>New floor marking tape P2535 (Taiwan). Its features are similar to Premium tapes (3M 471, 3M 5701) and its price is closer to Economical ones (3M 764, 3M 766).<br>\nSelf-<a href=\"https:\/\/tml.lt\/pl\/encyclopedia\/adhesive\/\" target=\"_self\" title=\"An adhesive is a substance (coating) activated by pressure, heat or UV and is used to hold a film attached to a surface by adhering to the surfaces. Adhesive may also be referred to using the term &bdquo;glue&ldquo;. Adhesives can be classified into repositionable, standard and reinforced according to their tack.\" class=\"encyclopedia\">adhesive<\/a> floor marking tapes, specially designed for floor marking and warning marking in production and warehousing premises.<br>\nThis tape is widely used for marking the direction of movement of transport and workers, marking of storage areas, <a href=\"https:\/\/tml.lt\/pl\/encyclopedia\/label\/\" target=\"_self\" title=\"Label is a functional part of a self-adhesive material, consisting of a face material and an adhesive. Most often it has a rectangular shape, but any shape can be cut.\" class=\"encyclopedia\">label<\/a>ing of hazardous production areas, separation of spatial zones, marking of columns, marking of fire barriers, marking of sports grounds, etc.<br>\nTapes are an excellent alternative to other markings methods and marking with paint because it has some advan<a href=\"https:\/\/tml.lt\/pl\/encyclopedia\/tag\/\" target=\"_self\" title=\"Tag &ndash; also called a label or marker. A distinctive feature is the presence of one or more holes used for mounting the tag. They are widely used for marking wires, cables, rolled metal, parts and equipment. There are variety of shapes, materials and characteristics available. Tags do not have an adhesive layer (adhesive) and&hellip;\" class=\"encyclopedia\">tag<\/a>es: non-toxic, meets international environmental conditions, is not flammable, resistant to chemicals, wear-resistant, etc.<br>\nMore about floor marking tapes <a href=\"\/pl\/?product_cat=safe-production\/tapes-for-marking\">here<\/a>.<\/p>\n","protected":false},"excerpt":{"rendered":"<p>Marking tape P2535, standard, 75mmx33m, colored<\/p>\n","protected":false},"featured_media":17441,"template":"","meta":[],"product_brand":[],"product_cat":[1509],"product_tag":[1932],"class_list":{"0":"post-11406","1":"product","2":"type-product","3":"status-publish","4":"has-post-thumbnail","6":"product_cat-standard-tapes","7":"product_tag-floor-tapes","9":"first","10":"instock","11":"sale","12":"shipping-taxable","13":"purchasable","14":"product-type-variable"},"yoast_head":"<!-- This site is optimized with the Yoast SEO plugin v27.3 - https:\/\/yoast.com\/product\/yoast-seo-wordpress\/ -->\n<title>Marking tape P2535, standard, 75mmx33m, colored | TML<\/title>\n<meta name=\"description\" content=\"Marking tape P2535, standard, 75mmx33m, colored - General Purpose Vinyl Tape for all non-critical applications, including colour coding, bundling and safety marking.\" \/>\n<meta name=\"robots\" content=\"index, follow, max-snippet:-1, max-image-preview:large, max-video-preview:-1\" \/>\n<link rel=\"canonical\" href=\"https:\/\/tml.lt\/pl\/product\/marking-tape-p2535-standard-75mmx33m-colored\/\" \/>\n<meta property=\"og:locale\" content=\"pl_PL\" \/>\n<meta property=\"og:type\" content=\"article\" \/>\n<meta property=\"og:title\" content=\"Marking tape P2535, standard, 75mmx33m, colored | TML\" \/>\n<meta property=\"og:description\" content=\"Marking tape P2535, standard, 75mmx33m, colored - General Purpose Vinyl Tape for all non-critical applications, including colour coding, bundling and safety marking.\" \/>\n<meta property=\"og:url\" content=\"https:\/\/tml.lt\/pl\/product\/marking-tape-p2535-standard-75mmx33m-colored\/\" \/>\n<meta property=\"og:site_name\" content=\"TML\" \/>\n<meta property=\"article:modified_time\" content=\"2024-09-23T12:28:43+00:00\" \/>\n<meta property=\"og:image\" content=\"https:\/\/tml.lt\/pl\/wp-content\/uploads\/2019\/11\/p2535-sk-yell.jpg\" \/>\n\t<meta property=\"og:image:width\" content=\"1600\" \/>\n\t<meta property=\"og:image:height\" content=\"1600\" \/>\n\t<meta property=\"og:image:type\" content=\"image\/jpeg\" \/>\n<meta name=\"twitter:card\" content=\"summary_large_image\" \/>\n<meta name=\"twitter:label1\" content=\"Szacowany czas czytania\" \/>\n\t<meta name=\"twitter:data1\" content=\"1 minuta\" \/>\n<script type=\"application\/ld+json\" class=\"yoast-schema-graph\">{\"@context\":\"https:\\\/\\\/schema.org\",\"@graph\":[{\"@type\":\"WebPage\",\"@id\":\"https:\\\/\\\/tml.lt\\\/pl\\\/product\\\/marking-tape-p2535-standard-75mmx33m-colored\\\/\",\"url\":\"https:\\\/\\\/tml.lt\\\/pl\\\/product\\\/marking-tape-p2535-standard-75mmx33m-colored\\\/\",\"name\":\"Marking tape P2535, standard, 75mmx33m, colored | TML\",\"isPartOf\":{\"@id\":\"https:\\\/\\\/tml.lt\\\/pl\\\/#website\"},\"primaryImageOfPage\":{\"@id\":\"https:\\\/\\\/tml.lt\\\/pl\\\/product\\\/marking-tape-p2535-standard-75mmx33m-colored\\\/#primaryimage\"},\"image\":{\"@id\":\"https:\\\/\\\/tml.lt\\\/pl\\\/product\\\/marking-tape-p2535-standard-75mmx33m-colored\\\/#primaryimage\"},\"thumbnailUrl\":\"https:\\\/\\\/tml.lt\\\/pl\\\/wp-content\\\/uploads\\\/2019\\\/11\\\/p2535-sk-yell.jpg\",\"datePublished\":\"2019-11-26T09:01:44+00:00\",\"dateModified\":\"2024-09-23T12:28:43+00:00\",\"description\":\"Marking tape P2535, standard, 75mmx33m, colored - General Purpose Vinyl Tape for all non-critical applications, including colour coding, bundling and safety marking.\",\"breadcrumb\":{\"@id\":\"https:\\\/\\\/tml.lt\\\/pl\\\/product\\\/marking-tape-p2535-standard-75mmx33m-colored\\\/#breadcrumb\"},\"inLanguage\":\"pl-PL\",\"potentialAction\":[{\"@type\":\"ReadAction\",\"target\":[\"https:\\\/\\\/tml.lt\\\/pl\\\/product\\\/marking-tape-p2535-standard-75mmx33m-colored\\\/\"]}]},{\"@type\":\"ImageObject\",\"inLanguage\":\"pl-PL\",\"@id\":\"https:\\\/\\\/tml.lt\\\/pl\\\/product\\\/marking-tape-p2535-standard-75mmx33m-colored\\\/#primaryimage\",\"url\":\"https:\\\/\\\/tml.lt\\\/pl\\\/wp-content\\\/uploads\\\/2019\\\/11\\\/p2535-sk-yell.jpg\",\"contentUrl\":\"https:\\\/\\\/tml.lt\\\/pl\\\/wp-content\\\/uploads\\\/2019\\\/11\\\/p2535-sk-yell.jpg\",\"width\":1600,\"height\":1600,\"caption\":\"Standartin\u0117s grind\u0173 \u017eenklinimo juostos P2535 white\"},{\"@type\":\"BreadcrumbList\",\"@id\":\"https:\\\/\\\/tml.lt\\\/pl\\\/product\\\/marking-tape-p2535-standard-75mmx33m-colored\\\/#breadcrumb\",\"itemListElement\":[{\"@type\":\"ListItem\",\"position\":1,\"name\":\"\u0413\u043b\u0430\u0432\u043d\u0430\u044f \u0441\u0442\u0440\u0430\u043d\u0438\u0446\u0430\",\"item\":\"https:\\\/\\\/tml.lt\\\/pl\\\/\"},{\"@type\":\"ListItem\",\"position\":2,\"name\":\"Produkcja i rozwi\u0105zania w zakresie znakowania, izolacji, mocowania\",\"item\":\"https:\\\/\\\/tml.lt\\\/pl\\\/\"},{\"@type\":\"ListItem\",\"position\":3,\"name\":\"Marking tape P2535, standard, 75mmx33m, colored\"}]},{\"@type\":\"WebSite\",\"@id\":\"https:\\\/\\\/tml.lt\\\/pl\\\/#website\",\"url\":\"https:\\\/\\\/tml.lt\\\/pl\\\/\",\"name\":\"TML\",\"description\":\"UAB TML-LT\",\"publisher\":{\"@id\":\"https:\\\/\\\/tml.lt\\\/pl\\\/#organization\"},\"potentialAction\":[{\"@type\":\"SearchAction\",\"target\":{\"@type\":\"EntryPoint\",\"urlTemplate\":\"https:\\\/\\\/tml.lt\\\/pl\\\/?s={search_term_string}\"},\"query-input\":{\"@type\":\"PropertyValueSpecification\",\"valueRequired\":true,\"valueName\":\"search_term_string\"}}],\"inLanguage\":\"pl-PL\"},{\"@type\":\"Organization\",\"@id\":\"https:\\\/\\\/tml.lt\\\/pl\\\/#organization\",\"name\":\"TML\",\"url\":\"https:\\\/\\\/tml.lt\\\/pl\\\/\",\"logo\":{\"@type\":\"ImageObject\",\"inLanguage\":\"pl-PL\",\"@id\":\"https:\\\/\\\/tml.lt\\\/pl\\\/#\\\/schema\\\/logo\\\/image\\\/\",\"url\":\"https:\\\/\\\/tml.lt\\\/pl\\\/wp-content\\\/uploads\\\/2020\\\/09\\\/tml-logo-black-4.png\",\"contentUrl\":\"https:\\\/\\\/tml.lt\\\/pl\\\/wp-content\\\/uploads\\\/2020\\\/09\\\/tml-logo-black-4.png\",\"width\":470,\"height\":110,\"caption\":\"TML\"},\"image\":{\"@id\":\"https:\\\/\\\/tml.lt\\\/pl\\\/#\\\/schema\\\/logo\\\/image\\\/\"}}]}<\/script>\n<!-- \/ Yoast SEO plugin. -->","yoast_head_json":{"title":"Marking tape P2535, standard, 75mmx33m, colored | TML","description":"Marking tape P2535, standard, 75mmx33m, colored - General Purpose Vinyl Tape for all non-critical applications, including colour coding, bundling and safety marking.","robots":{"index":"index","follow":"follow","max-snippet":"max-snippet:-1","max-image-preview":"max-image-preview:large","max-video-preview":"max-video-preview:-1"},"canonical":"https:\/\/tml.lt\/pl\/product\/marking-tape-p2535-standard-75mmx33m-colored\/","og_locale":"pl_PL","og_type":"article","og_title":"Marking tape P2535, standard, 75mmx33m, colored | TML","og_description":"Marking tape P2535, standard, 75mmx33m, colored - General Purpose Vinyl Tape for all non-critical applications, including colour coding, bundling and safety marking.","og_url":"https:\/\/tml.lt\/pl\/product\/marking-tape-p2535-standard-75mmx33m-colored\/","og_site_name":"TML","article_modified_time":"2024-09-23T12:28:43+00:00","og_image":[{"width":1600,"height":1600,"url":"https:\/\/tml.lt\/pl\/wp-content\/uploads\/2019\/11\/p2535-sk-yell.jpg","type":"image\/jpeg"}],"twitter_card":"summary_large_image","twitter_misc":{"Szacowany czas czytania":"1 minuta"},"schema":{"@context":"https:\/\/schema.org","@graph":[{"@type":"WebPage","@id":"https:\/\/tml.lt\/pl\/product\/marking-tape-p2535-standard-75mmx33m-colored\/","url":"https:\/\/tml.lt\/pl\/product\/marking-tape-p2535-standard-75mmx33m-colored\/","name":"Marking tape P2535, standard, 75mmx33m, colored | TML","isPartOf":{"@id":"https:\/\/tml.lt\/pl\/#website"},"primaryImageOfPage":{"@id":"https:\/\/tml.lt\/pl\/product\/marking-tape-p2535-standard-75mmx33m-colored\/#primaryimage"},"image":{"@id":"https:\/\/tml.lt\/pl\/product\/marking-tape-p2535-standard-75mmx33m-colored\/#primaryimage"},"thumbnailUrl":"https:\/\/tml.lt\/pl\/wp-content\/uploads\/2019\/11\/p2535-sk-yell.jpg","datePublished":"2019-11-26T09:01:44+00:00","dateModified":"2024-09-23T12:28:43+00:00","description":"Marking tape P2535, standard, 75mmx33m, colored - General Purpose Vinyl Tape for all non-critical applications, including colour coding, bundling and safety marking.","breadcrumb":{"@id":"https:\/\/tml.lt\/pl\/product\/marking-tape-p2535-standard-75mmx33m-colored\/#breadcrumb"},"inLanguage":"pl-PL","potentialAction":[{"@type":"ReadAction","target":["https:\/\/tml.lt\/pl\/product\/marking-tape-p2535-standard-75mmx33m-colored\/"]}]},{"@type":"ImageObject","inLanguage":"pl-PL","@id":"https:\/\/tml.lt\/pl\/product\/marking-tape-p2535-standard-75mmx33m-colored\/#primaryimage","url":"https:\/\/tml.lt\/pl\/wp-content\/uploads\/2019\/11\/p2535-sk-yell.jpg","contentUrl":"https:\/\/tml.lt\/pl\/wp-content\/uploads\/2019\/11\/p2535-sk-yell.jpg","width":1600,"height":1600,"caption":"Standartin\u0117s grind\u0173 \u017eenklinimo juostos P2535 white"},{"@type":"BreadcrumbList","@id":"https:\/\/tml.lt\/pl\/product\/marking-tape-p2535-standard-75mmx33m-colored\/#breadcrumb","itemListElement":[{"@type":"ListItem","position":1,"name":"\u0413\u043b\u0430\u0432\u043d\u0430\u044f \u0441\u0442\u0440\u0430\u043d\u0438\u0446\u0430","item":"https:\/\/tml.lt\/pl\/"},{"@type":"ListItem","position":2,"name":"Produkcja i rozwi\u0105zania w zakresie znakowania, izolacji, mocowania","item":"https:\/\/tml.lt\/pl\/"},{"@type":"ListItem","position":3,"name":"Marking tape P2535, standard, 75mmx33m, colored"}]},{"@type":"WebSite","@id":"https:\/\/tml.lt\/pl\/#website","url":"https:\/\/tml.lt\/pl\/","name":"TML","description":"UAB TML-LT","publisher":{"@id":"https:\/\/tml.lt\/pl\/#organization"},"potentialAction":[{"@type":"SearchAction","target":{"@type":"EntryPoint","urlTemplate":"https:\/\/tml.lt\/pl\/?s={search_term_string}"},"query-input":{"@type":"PropertyValueSpecification","valueRequired":true,"valueName":"search_term_string"}}],"inLanguage":"pl-PL"},{"@type":"Organization","@id":"https:\/\/tml.lt\/pl\/#organization","name":"TML","url":"https:\/\/tml.lt\/pl\/","logo":{"@type":"ImageObject","inLanguage":"pl-PL","@id":"https:\/\/tml.lt\/pl\/#\/schema\/logo\/image\/","url":"https:\/\/tml.lt\/pl\/wp-content\/uploads\/2020\/09\/tml-logo-black-4.png","contentUrl":"https:\/\/tml.lt\/pl\/wp-content\/uploads\/2020\/09\/tml-logo-black-4.png","width":470,"height":110,"caption":"TML"},"image":{"@id":"https:\/\/tml.lt\/pl\/#\/schema\/logo\/image\/"}}]}},"amp_enabled":true,"_links":{"self":[{"href":"https:\/\/tml.lt\/pl\/wp-json\/wp\/v2\/product\/11406","targetHints":{"allow":["GET"]}}],"collection":[{"href":"https:\/\/tml.lt\/pl\/wp-json\/wp\/v2\/product"}],"about":[{"href":"https:\/\/tml.lt\/pl\/wp-json\/wp\/v2\/types\/product"}],"wp:featuredmedia":[{"embeddable":true,"href":"https:\/\/tml.lt\/pl\/wp-json\/wp\/v2\/media\/17441"}],"wp:attachment":[{"href":"https:\/\/tml.lt\/pl\/wp-json\/wp\/v2\/media?parent=11406"}],"wp:term":[{"taxonomy":"product_brand","embeddable":true,"href":"https:\/\/tml.lt\/pl\/wp-json\/wp\/v2\/product_brand?post=11406"},{"taxonomy":"product_cat","embeddable":true,"href":"https:\/\/tml.lt\/pl\/wp-json\/wp\/v2\/product_cat?post=11406"},{"taxonomy":"product_tag","embeddable":true,"href":"https:\/\/tml.lt\/pl\/wp-json\/wp\/v2\/product_tag?post=11406"}],"curies":[{"name":"wp","href":"https:\/\/api.w.org\/{rel}","templated":true}]}}