{"id":11945,"date":"2020-03-17T15:17:53","date_gmt":"2020-03-17T13:17:53","guid":{"rendered":"\/?post_type=product&#038;p=11945"},"modified":"2024-08-08T12:22:22","modified_gmt":"2024-08-08T10:22:22","slug":"tape-mounting-double-sided-3m-vhb-4941-premium-base-1-1mm-dark-gray-15mm33m","status":"publish","type":"product","link":"https:\/\/tml.lt\/pl\/product\/tape-mounting-double-sided-3m-vhb-4941-premium-base-1-1mm-dark-gray-15mm33m\/","title":{"rendered":"Tape mounting double-sided 3M VHB 4941 Premium, base 1.1mm, dark gray, 15mm*33m"},"content":{"rendered":"","protected":false},"excerpt":{"rendered":"<p>Tape mounting double-sided 3M VHB 4941 Premium, base 1.1mm, dark gray, 15mm*33m<\/p>\n","protected":false},"featured_media":11947,"template":"","meta":[],"product_brand":[],"product_cat":[1540,2119,795],"product_tag":[136],"class_list":{"0":"post-11945","1":"product","2":"type-product","3":"status-publish","4":"has-post-thumbnail","6":"product_cat-3m-scotch-vhb-mounting-tapes","7":"product_cat-3m-vhb-4941-family-for-the-most-demanding-tasks","8":"product_cat-premium-vhb-tapes-en-2","9":"product_tag-3m","11":"first","12":"instock","13":"shipping-taxable","14":"purchasable","15":"product-type-simple"},"yoast_head":"<!-- This site is optimized with the Yoast SEO plugin v27.3 - https:\/\/yoast.com\/product\/yoast-seo-wordpress\/ -->\n<title>Tape mounting double-sided 3M VHB 4941 Premium, base 1.1mm, dark gray, 15mm*33m | TML<\/title>\n<meta name=\"description\" content=\"Tape mounting double-sided 3M VHB 4941 Premium, base 1.1mm, dark gray, 15mm*33m | TML\" \/>\n<meta name=\"robots\" content=\"index, follow, max-snippet:-1, max-image-preview:large, max-video-preview:-1\" \/>\n<link rel=\"canonical\" href=\"https:\/\/tml.lt\/pl\/product\/tape-mounting-double-sided-3m-vhb-4941-premium-base-1-1mm-dark-gray-15mm33m\/\" \/>\n<meta property=\"og:locale\" content=\"pl_PL\" \/>\n<meta property=\"og:type\" content=\"article\" \/>\n<meta property=\"og:title\" content=\"Tape mounting double-sided 3M VHB 4941 Premium, base 1.1mm, dark gray, 15mm*33m | TML\" \/>\n<meta property=\"og:description\" content=\"Tape mounting double-sided 3M VHB 4941 Premium, base 1.1mm, dark gray, 15mm*33m | TML\" \/>\n<meta property=\"og:url\" content=\"https:\/\/tml.lt\/pl\/product\/tape-mounting-double-sided-3m-vhb-4941-premium-base-1-1mm-dark-gray-15mm33m\/\" \/>\n<meta property=\"og:site_name\" content=\"TML\" \/>\n<meta property=\"article:modified_time\" content=\"2024-08-08T10:22:22+00:00\" \/>\n<meta property=\"og:image\" content=\"https:\/\/tml.lt\/pl\/wp-content\/uploads\/2017\/12\/Dvipus\u0117-monta\u017ein\u0117-juosta-3M-VHB-4941-Premium-pagrindas-1.1mm-tamsiai-pilka.jpg\" \/>\n\t<meta property=\"og:image:width\" content=\"476\" \/>\n\t<meta property=\"og:image:height\" content=\"476\" \/>\n\t<meta property=\"og:image:type\" content=\"image\/jpeg\" \/>\n<meta name=\"twitter:card\" content=\"summary_large_image\" \/>\n<script type=\"application\/ld+json\" class=\"yoast-schema-graph\">{\"@context\":\"https:\\\/\\\/schema.org\",\"@graph\":[{\"@type\":\"WebPage\",\"@id\":\"https:\\\/\\\/tml.lt\\\/pl\\\/product\\\/tape-mounting-double-sided-3m-vhb-4941-premium-base-1-1mm-dark-gray-15mm33m\\\/\",\"url\":\"https:\\\/\\\/tml.lt\\\/pl\\\/product\\\/tape-mounting-double-sided-3m-vhb-4941-premium-base-1-1mm-dark-gray-15mm33m\\\/\",\"name\":\"Tape mounting double-sided 3M VHB 4941 Premium, base 1.1mm, dark gray, 15mm*33m | TML\",\"isPartOf\":{\"@id\":\"https:\\\/\\\/tml.lt\\\/pl\\\/#website\"},\"primaryImageOfPage\":{\"@id\":\"https:\\\/\\\/tml.lt\\\/pl\\\/product\\\/tape-mounting-double-sided-3m-vhb-4941-premium-base-1-1mm-dark-gray-15mm33m\\\/#primaryimage\"},\"image\":{\"@id\":\"https:\\\/\\\/tml.lt\\\/pl\\\/product\\\/tape-mounting-double-sided-3m-vhb-4941-premium-base-1-1mm-dark-gray-15mm33m\\\/#primaryimage\"},\"thumbnailUrl\":\"https:\\\/\\\/tml.lt\\\/pl\\\/wp-content\\\/uploads\\\/2017\\\/12\\\/Dvipus\u0117-monta\u017ein\u0117-juosta-3M-VHB-4941-Premium-pagrindas-1.1mm-tamsiai-pilka.jpg\",\"datePublished\":\"2020-03-17T13:17:53+00:00\",\"dateModified\":\"2024-08-08T10:22:22+00:00\",\"description\":\"Tape mounting double-sided 3M VHB 4941 Premium, base 1.1mm, dark gray, 15mm*33m | TML\",\"breadcrumb\":{\"@id\":\"https:\\\/\\\/tml.lt\\\/pl\\\/product\\\/tape-mounting-double-sided-3m-vhb-4941-premium-base-1-1mm-dark-gray-15mm33m\\\/#breadcrumb\"},\"inLanguage\":\"pl-PL\",\"potentialAction\":[{\"@type\":\"ReadAction\",\"target\":[\"https:\\\/\\\/tml.lt\\\/pl\\\/product\\\/tape-mounting-double-sided-3m-vhb-4941-premium-base-1-1mm-dark-gray-15mm33m\\\/\"]}]},{\"@type\":\"ImageObject\",\"inLanguage\":\"pl-PL\",\"@id\":\"https:\\\/\\\/tml.lt\\\/pl\\\/product\\\/tape-mounting-double-sided-3m-vhb-4941-premium-base-1-1mm-dark-gray-15mm33m\\\/#primaryimage\",\"url\":\"https:\\\/\\\/tml.lt\\\/pl\\\/wp-content\\\/uploads\\\/2017\\\/12\\\/Dvipus\u0117-monta\u017ein\u0117-juosta-3M-VHB-4941-Premium-pagrindas-1.1mm-tamsiai-pilka.jpg\",\"contentUrl\":\"https:\\\/\\\/tml.lt\\\/pl\\\/wp-content\\\/uploads\\\/2017\\\/12\\\/Dvipus\u0117-monta\u017ein\u0117-juosta-3M-VHB-4941-Premium-pagrindas-1.1mm-tamsiai-pilka.jpg\",\"width\":476,\"height\":476,\"caption\":\"Tape mounting double-sided 3M VHB 4941 Premium, base 1.1mm, dark gray\"},{\"@type\":\"BreadcrumbList\",\"@id\":\"https:\\\/\\\/tml.lt\\\/pl\\\/product\\\/tape-mounting-double-sided-3m-vhb-4941-premium-base-1-1mm-dark-gray-15mm33m\\\/#breadcrumb\",\"itemListElement\":[{\"@type\":\"ListItem\",\"position\":1,\"name\":\"\u0413\u043b\u0430\u0432\u043d\u0430\u044f \u0441\u0442\u0440\u0430\u043d\u0438\u0446\u0430\",\"item\":\"https:\\\/\\\/tml.lt\\\/pl\\\/\"},{\"@type\":\"ListItem\",\"position\":2,\"name\":\"Produkcja i rozwi\u0105zania w zakresie znakowania, izolacji, mocowania\",\"item\":\"https:\\\/\\\/tml.lt\\\/pl\\\/\"},{\"@type\":\"ListItem\",\"position\":3,\"name\":\"Tape mounting double-sided 3M VHB 4941 Premium, base 1.1mm, dark gray, 15mm*33m\"}]},{\"@type\":\"WebSite\",\"@id\":\"https:\\\/\\\/tml.lt\\\/pl\\\/#website\",\"url\":\"https:\\\/\\\/tml.lt\\\/pl\\\/\",\"name\":\"TML\",\"description\":\"UAB TML-LT\",\"publisher\":{\"@id\":\"https:\\\/\\\/tml.lt\\\/pl\\\/#organization\"},\"potentialAction\":[{\"@type\":\"SearchAction\",\"target\":{\"@type\":\"EntryPoint\",\"urlTemplate\":\"https:\\\/\\\/tml.lt\\\/pl\\\/?s={search_term_string}\"},\"query-input\":{\"@type\":\"PropertyValueSpecification\",\"valueRequired\":true,\"valueName\":\"search_term_string\"}}],\"inLanguage\":\"pl-PL\"},{\"@type\":\"Organization\",\"@id\":\"https:\\\/\\\/tml.lt\\\/pl\\\/#organization\",\"name\":\"TML\",\"url\":\"https:\\\/\\\/tml.lt\\\/pl\\\/\",\"logo\":{\"@type\":\"ImageObject\",\"inLanguage\":\"pl-PL\",\"@id\":\"https:\\\/\\\/tml.lt\\\/pl\\\/#\\\/schema\\\/logo\\\/image\\\/\",\"url\":\"https:\\\/\\\/tml.lt\\\/pl\\\/wp-content\\\/uploads\\\/2020\\\/09\\\/tml-logo-black-4.png\",\"contentUrl\":\"https:\\\/\\\/tml.lt\\\/pl\\\/wp-content\\\/uploads\\\/2020\\\/09\\\/tml-logo-black-4.png\",\"width\":470,\"height\":110,\"caption\":\"TML\"},\"image\":{\"@id\":\"https:\\\/\\\/tml.lt\\\/pl\\\/#\\\/schema\\\/logo\\\/image\\\/\"}}]}<\/script>\n<!-- \/ Yoast SEO plugin. -->","yoast_head_json":{"title":"Tape mounting double-sided 3M VHB 4941 Premium, base 1.1mm, dark gray, 15mm*33m | TML","description":"Tape mounting double-sided 3M VHB 4941 Premium, base 1.1mm, dark gray, 15mm*33m | TML","robots":{"index":"index","follow":"follow","max-snippet":"max-snippet:-1","max-image-preview":"max-image-preview:large","max-video-preview":"max-video-preview:-1"},"canonical":"https:\/\/tml.lt\/pl\/product\/tape-mounting-double-sided-3m-vhb-4941-premium-base-1-1mm-dark-gray-15mm33m\/","og_locale":"pl_PL","og_type":"article","og_title":"Tape mounting double-sided 3M VHB 4941 Premium, base 1.1mm, dark gray, 15mm*33m | TML","og_description":"Tape mounting double-sided 3M VHB 4941 Premium, base 1.1mm, dark gray, 15mm*33m | TML","og_url":"https:\/\/tml.lt\/pl\/product\/tape-mounting-double-sided-3m-vhb-4941-premium-base-1-1mm-dark-gray-15mm33m\/","og_site_name":"TML","article_modified_time":"2024-08-08T10:22:22+00:00","og_image":[{"width":476,"height":476,"url":"https:\/\/tml.lt\/pl\/wp-content\/uploads\/2017\/12\/Dvipus\u0117-monta\u017ein\u0117-juosta-3M-VHB-4941-Premium-pagrindas-1.1mm-tamsiai-pilka.jpg","type":"image\/jpeg"}],"twitter_card":"summary_large_image","schema":{"@context":"https:\/\/schema.org","@graph":[{"@type":"WebPage","@id":"https:\/\/tml.lt\/pl\/product\/tape-mounting-double-sided-3m-vhb-4941-premium-base-1-1mm-dark-gray-15mm33m\/","url":"https:\/\/tml.lt\/pl\/product\/tape-mounting-double-sided-3m-vhb-4941-premium-base-1-1mm-dark-gray-15mm33m\/","name":"Tape mounting double-sided 3M VHB 4941 Premium, base 1.1mm, dark gray, 15mm*33m | TML","isPartOf":{"@id":"https:\/\/tml.lt\/pl\/#website"},"primaryImageOfPage":{"@id":"https:\/\/tml.lt\/pl\/product\/tape-mounting-double-sided-3m-vhb-4941-premium-base-1-1mm-dark-gray-15mm33m\/#primaryimage"},"image":{"@id":"https:\/\/tml.lt\/pl\/product\/tape-mounting-double-sided-3m-vhb-4941-premium-base-1-1mm-dark-gray-15mm33m\/#primaryimage"},"thumbnailUrl":"https:\/\/tml.lt\/pl\/wp-content\/uploads\/2017\/12\/Dvipus\u0117-monta\u017ein\u0117-juosta-3M-VHB-4941-Premium-pagrindas-1.1mm-tamsiai-pilka.jpg","datePublished":"2020-03-17T13:17:53+00:00","dateModified":"2024-08-08T10:22:22+00:00","description":"Tape mounting double-sided 3M VHB 4941 Premium, base 1.1mm, dark gray, 15mm*33m | TML","breadcrumb":{"@id":"https:\/\/tml.lt\/pl\/product\/tape-mounting-double-sided-3m-vhb-4941-premium-base-1-1mm-dark-gray-15mm33m\/#breadcrumb"},"inLanguage":"pl-PL","potentialAction":[{"@type":"ReadAction","target":["https:\/\/tml.lt\/pl\/product\/tape-mounting-double-sided-3m-vhb-4941-premium-base-1-1mm-dark-gray-15mm33m\/"]}]},{"@type":"ImageObject","inLanguage":"pl-PL","@id":"https:\/\/tml.lt\/pl\/product\/tape-mounting-double-sided-3m-vhb-4941-premium-base-1-1mm-dark-gray-15mm33m\/#primaryimage","url":"https:\/\/tml.lt\/pl\/wp-content\/uploads\/2017\/12\/Dvipus\u0117-monta\u017ein\u0117-juosta-3M-VHB-4941-Premium-pagrindas-1.1mm-tamsiai-pilka.jpg","contentUrl":"https:\/\/tml.lt\/pl\/wp-content\/uploads\/2017\/12\/Dvipus\u0117-monta\u017ein\u0117-juosta-3M-VHB-4941-Premium-pagrindas-1.1mm-tamsiai-pilka.jpg","width":476,"height":476,"caption":"Tape mounting double-sided 3M VHB 4941 Premium, base 1.1mm, dark gray"},{"@type":"BreadcrumbList","@id":"https:\/\/tml.lt\/pl\/product\/tape-mounting-double-sided-3m-vhb-4941-premium-base-1-1mm-dark-gray-15mm33m\/#breadcrumb","itemListElement":[{"@type":"ListItem","position":1,"name":"\u0413\u043b\u0430\u0432\u043d\u0430\u044f \u0441\u0442\u0440\u0430\u043d\u0438\u0446\u0430","item":"https:\/\/tml.lt\/pl\/"},{"@type":"ListItem","position":2,"name":"Produkcja i rozwi\u0105zania w zakresie znakowania, izolacji, mocowania","item":"https:\/\/tml.lt\/pl\/"},{"@type":"ListItem","position":3,"name":"Tape mounting double-sided 3M VHB 4941 Premium, base 1.1mm, dark gray, 15mm*33m"}]},{"@type":"WebSite","@id":"https:\/\/tml.lt\/pl\/#website","url":"https:\/\/tml.lt\/pl\/","name":"TML","description":"UAB TML-LT","publisher":{"@id":"https:\/\/tml.lt\/pl\/#organization"},"potentialAction":[{"@type":"SearchAction","target":{"@type":"EntryPoint","urlTemplate":"https:\/\/tml.lt\/pl\/?s={search_term_string}"},"query-input":{"@type":"PropertyValueSpecification","valueRequired":true,"valueName":"search_term_string"}}],"inLanguage":"pl-PL"},{"@type":"Organization","@id":"https:\/\/tml.lt\/pl\/#organization","name":"TML","url":"https:\/\/tml.lt\/pl\/","logo":{"@type":"ImageObject","inLanguage":"pl-PL","@id":"https:\/\/tml.lt\/pl\/#\/schema\/logo\/image\/","url":"https:\/\/tml.lt\/pl\/wp-content\/uploads\/2020\/09\/tml-logo-black-4.png","contentUrl":"https:\/\/tml.lt\/pl\/wp-content\/uploads\/2020\/09\/tml-logo-black-4.png","width":470,"height":110,"caption":"TML"},"image":{"@id":"https:\/\/tml.lt\/pl\/#\/schema\/logo\/image\/"}}]}},"amp_enabled":true,"_links":{"self":[{"href":"https:\/\/tml.lt\/pl\/wp-json\/wp\/v2\/product\/11945","targetHints":{"allow":["GET"]}}],"collection":[{"href":"https:\/\/tml.lt\/pl\/wp-json\/wp\/v2\/product"}],"about":[{"href":"https:\/\/tml.lt\/pl\/wp-json\/wp\/v2\/types\/product"}],"wp:featuredmedia":[{"embeddable":true,"href":"https:\/\/tml.lt\/pl\/wp-json\/wp\/v2\/media\/11947"}],"wp:attachment":[{"href":"https:\/\/tml.lt\/pl\/wp-json\/wp\/v2\/media?parent=11945"}],"wp:term":[{"taxonomy":"product_brand","embeddable":true,"href":"https:\/\/tml.lt\/pl\/wp-json\/wp\/v2\/product_brand?post=11945"},{"taxonomy":"product_cat","embeddable":true,"href":"https:\/\/tml.lt\/pl\/wp-json\/wp\/v2\/product_cat?post=11945"},{"taxonomy":"product_tag","embeddable":true,"href":"https:\/\/tml.lt\/pl\/wp-json\/wp\/v2\/product_tag?post=11945"}],"curies":[{"name":"wp","href":"https:\/\/api.w.org\/{rel}","templated":true}]}}