{"id":13536,"date":"2021-12-14T14:47:22","date_gmt":"2021-12-14T12:47:22","guid":{"rendered":"\/?post_type=product&#038;p=13536"},"modified":"2024-08-08T12:22:30","modified_gmt":"2024-08-08T10:22:30","slug":"tape-mounting-double-sided-3m-vhb-lse-160wf-active-at-0c-base-1-6mm-white-12mm33m-2","status":"publish","type":"product","link":"https:\/\/tml.lt\/pl\/product\/tape-mounting-double-sided-3m-vhb-lse-160wf-active-at-0c-base-1-6mm-white-12mm33m-2\/","title":{"rendered":"Tape mounting double-sided 3M VHB LSE-160WF Active at 0\u00b0C, base 1.6mm, white, 12mm*33m"},"content":{"rendered":"<p>The 3M VHB Tape LSE Series is designed for multi material bonding as it offers versatile performance at various temperatures on MSE and LSE surfaces that allows for thermal exp<a href=\"https:\/\/tml.lt\/pl\/encyclopedia\/ansi\/\" target=\"_self\" title=\"ANSI is the American National Standards Institute. It is a private organization responsible for developing voluntary industry standards. ANSI sets safety standards for many types of products. These standards often include procedures for labeling and displaying warnings and hazard information. ANSI also sets standards for barcode printing and verification.\" class=\"encyclopedia\">ansi<\/a>on when bonding dissimilar materials. The temperature resistance of +100 &deg;C in long term and +150 &deg;C in short term bonding results in an excellent durability both, indoors and outdoors across a wide range of applications and industries. It further provides high initial tack at low temperatures on frost free surfaces down to 0 &deg;C.<\/p>\n<p>Download LSE tapes product data sheet (TDS) <a href=\"\/pl\/wp-content\/uploads\/2020\/01\/VHB-LSE-Series-ENG-EU-10.19.UK_.pdf\">here<\/a> (pdf, EN).<\/p>\n<p>Download brochure about LSE tapes <a href=\"\/pl\/wp-content\/uploads\/2020\/01\/3M-VHB-LSE-Brochure-Nordic_LR.pdf\">here<\/a> (pdf, EN).<\/p>\n<p>&nbsp;<\/p>\n<table width=\"643\">\n<tbody>\n<tr valign=\"top\">\n<td width=\"422\">\n<p><span style=\"font-size: large\"><strong>What is 3M VHB Tape LSE Series?<\/strong><\/span><\/p>\n<p><strong>For Plastics and Composite Bonding<\/strong><\/p>\n<table width=\"643\">\n<tbody>\n<tr>\n<td><img loading=\"lazy\" decoding=\"async\" style=\"float: left\" src=\"\/pl\/wp-content\/uploads\/2020\/01\/Without-Primer.jpg\" alt=\"\" width=\"70\" height=\"70\"><\/td>\n<td><strong>Bonding without primer on difficult to bond LSE substrates<\/strong>\n<ul>\n<li>\n<p>LSE Substrates: PP, TPE, TPO<\/p>\n<\/li>\n<li>\n<p>MSD Substrates: Polycarbonate, HIPS, Acrylic, <a href=\"https:\/\/tml.lt\/pl\/encyclopedia\/nylon\/\" target=\"_self\" title=\"Nylon is a durable plastic that can be used as a film with high resistance to oil and gas. Also used as a thread in strapping tapes with a high degree of mechanical strength.\" class=\"encyclopedia\">Nylon<\/a>s, ABS<\/p>\n<\/li>\n<li>\n<p>Composites: GRP\/Fiberglass, Carbon Fiber, <a href=\"https:\/\/tml.lt\/pl\/encyclopedia\/polyester-2\/\" target=\"_self\" title=\"Polyester, abbreviated PET. Durable film with good resistance to moisture, solvents, oils and many other chemicals.\" class=\"encyclopedia\">Polyester<\/a> Paint<\/p>\n<\/li>\n<\/ul>\n<\/td>\n<\/tr>\n<tr>\n<td>\n<div>\n<p><strong><img loading=\"lazy\" decoding=\"async\" style=\"float: left\" src=\"\/pl\/wp-content\/uploads\/2020\/01\/Outdoor-use.jpg\" alt=\"\" width=\"70\" height=\"70\"><\/strong><\/p>\n<\/div>\n<\/td>\n<td><strong>Outdoor use<\/strong>\n<div>\n<ul>\n<li>\n<p>Resists hot, cold and cycling temperature, UV light, moisture and solvents<\/p>\n<\/li>\n<li>\n<p>Seals against environmental conditions<\/p>\n<\/li>\n<\/ul>\n<\/div>\n<\/td>\n<\/tr>\n<tr>\n<td>\n<p><strong><img loading=\"lazy\" decoding=\"async\" style=\"float: left\" src=\"\/pl\/wp-content\/uploads\/2020\/01\/Bonds-down-to-0C.jpg\" alt=\"\" width=\"70\" height=\"70\"><\/strong><\/p>\n<\/td>\n<td><strong>Low temperature bonding<\/strong>\n<ul>\n<li>\n<p>High initial tack at low temperatures on frost free surfaces down to 0<sup>o<\/sup>C<\/p>\n<\/li>\n<\/ul>\n<\/td>\n<\/tr>\n<tr>\n<td>\n<p><strong><img loading=\"lazy\" decoding=\"async\" style=\"float: left\" src=\"\/pl\/wp-content\/uploads\/2020\/01\/Conformable.jpg\" alt=\"\" width=\"70\" height=\"70\"><\/strong><\/p>\n<\/td>\n<td><strong>Designed for multi-material bonding<\/strong>\n<ul>\n<li>\n<p>Allows for thermal exp<a href=\"https:\/\/tml.lt\/pl\/encyclopedia\/ansi\/\" target=\"_self\" title=\"ANSI is the American National Standards Institute. It is a private organization responsible for developing voluntary industry standards. ANSI sets safety standards for many types of products. These standards often include procedures for labeling and displaying warnings and hazard information. ANSI also sets standards for barcode printing and verification.\" class=\"encyclopedia\">ansi<\/a>on of three times its <a href=\"https:\/\/tml.lt\/pl\/encyclopedia\/thickness\/\" target=\"_self\" title=\"Thickness is usually the distance between two parallel surfaces, from one surface to another. Usually expressed in mils (thousandths of an inch) or microns. Usually measured with a special device under slight pressure.\" class=\"encyclopedia\">thickness<\/a><\/p>\n<\/li>\n<li>\n<p>Conformable and durable<\/p>\n<\/li>\n<\/ul>\n<p>&nbsp;<\/p>\n<\/td>\n<\/tr>\n<\/tbody>\n<\/table>\n<\/td>\n<td width=\"203\">\n<p style=\"text-align: center\"><span style=\"color: #ff0000\"><strong>3M VHB LSE-110WF<\/strong><\/span><\/p>\n<p><img loading=\"lazy\" decoding=\"async\" src=\"\/pl\/wp-content\/uploads\/2020\/01\/Dvipus%C4%97-monta%C5%BEin%C4%97-juosta-3M-VHB-LSE-060WF-Aktyvi-prie-0%D0%BE%D0%A1-pagrindas-0.6mm-balta-12mm33m.jpg\" width=\"200\" height=\"200\"><\/p>\n<p>&nbsp;<span style=\"color: #ff4000\">LSE<\/span>: <span style=\"color: #ff4000\">L<\/span>ow <span style=\"color: #ff4000\">S<\/span>urface <span style=\"color: #ff4000\">E<\/span>nergy<\/p>\n<p><span style=\"color: #ff4000\">110<\/span>: <span style=\"color: #ff4000\">1,10<\/span> mm <a href=\"https:\/\/tml.lt\/pl\/encyclopedia\/thickness\/\" target=\"_self\" title=\"Thickness is usually the distance between two parallel surfaces, from one surface to another. Usually expressed in mils (thousandths of an inch) or microns. Usually measured with a special device under slight pressure.\" class=\"encyclopedia\">thickness<\/a><\/p>\n<p>(0,60 mm and 1,60 mm also available)<\/p>\n<p><span style=\"color: #ff4000\">W<\/span>: <span style=\"color: #ff4000\">W<\/span>hite<\/p>\n<p><span style=\"color: #ff4000\">F<\/span>: <span style=\"color: #ff4000\">F<\/span>ilmic <a href=\"https:\/\/tml.lt\/pl\/encyclopedia\/liner-2\/\" target=\"_self\" title=\"The backing or &ldquo;liner&rdquo; is a part of self-adhesive label material or adhesive transfer tape. Can be made of paper or plastic. Protects the&nbsp;adhesive until it is applied to the surface for final use. Provides support for face material during the die cutting process. Allows to pull labels through the printer and applicator for peeling.&hellip;\" class=\"encyclopedia\">Liner<\/a><\/p>\n<\/td>\n<\/tr>\n<\/tbody>\n<\/table>\n","protected":false},"excerpt":{"rendered":"<p>Tape mounting double-sided 3M VHB LSE-160WF Active at 0\u00b0C, base 1.6mm, white, 12mm*33m<\/p>\n","protected":false},"featured_media":11689,"template":"","meta":[],"product_brand":[],"product_cat":[1540,1553,120,794],"product_tag":[136],"class_list":{"0":"post-13536","1":"product","2":"type-product","3":"status-publish","4":"has-post-thumbnail","6":"product_cat-3m-scotch-vhb-mounting-tapes","7":"product_cat-3m-vhb-lse-tape-family-universal-tapes-for-plastic","8":"product_cat-double-coated-tapes","9":"product_cat-special-industrial-vhb-tapes","10":"product_tag-3m","12":"first","13":"instock","14":"shipping-taxable","15":"purchasable","16":"product-type-simple"},"yoast_head":"<!-- This site is optimized with the Yoast SEO plugin v27.3 - https:\/\/yoast.com\/product\/yoast-seo-wordpress\/ -->\n<title>Tape mounting double-sided 3M VHB LSE-160WF Active at 0\u00b0C, base 1.6mm, white, 12mm*33m | TML<\/title>\n<meta name=\"description\" content=\"Tape mounting double-sided 3M VHB LSE-160WF Active at 0\u00b0C, base 1.6mm, white, 12mm*33m\" \/>\n<meta name=\"robots\" content=\"index, follow, max-snippet:-1, max-image-preview:large, max-video-preview:-1\" \/>\n<link rel=\"canonical\" href=\"https:\/\/tml.lt\/pl\/product\/tape-mounting-double-sided-3m-vhb-lse-160wf-active-at-0c-base-1-6mm-white-12mm33m-2\/\" \/>\n<meta property=\"og:locale\" content=\"pl_PL\" \/>\n<meta property=\"og:type\" content=\"article\" \/>\n<meta property=\"og:title\" content=\"Tape mounting double-sided 3M VHB LSE-160WF Active at 0\u00b0C, base 1.6mm, white, 12mm*33m | TML\" \/>\n<meta property=\"og:description\" content=\"Tape mounting double-sided 3M VHB LSE-160WF Active at 0\u00b0C, base 1.6mm, white, 12mm*33m\" \/>\n<meta property=\"og:url\" content=\"https:\/\/tml.lt\/pl\/product\/tape-mounting-double-sided-3m-vhb-lse-160wf-active-at-0c-base-1-6mm-white-12mm33m-2\/\" \/>\n<meta property=\"og:site_name\" content=\"TML\" \/>\n<meta property=\"article:modified_time\" content=\"2024-08-08T10:22:30+00:00\" \/>\n<meta property=\"og:image\" content=\"https:\/\/tml.lt\/pl\/wp-content\/uploads\/2020\/01\/Dvipus\u0117-monta\u017ein\u0117-juosta-3M-VHB-LSE-060WF-Aktyvi-prie-0\u043e\u0421-pagrindas-0.6mm-balta-12mm33m.jpg\" \/>\n\t<meta property=\"og:image:width\" content=\"532\" \/>\n\t<meta property=\"og:image:height\" content=\"532\" \/>\n\t<meta property=\"og:image:type\" content=\"image\/jpeg\" \/>\n<meta name=\"twitter:card\" content=\"summary_large_image\" \/>\n<meta name=\"twitter:label1\" content=\"Szacowany czas czytania\" \/>\n\t<meta name=\"twitter:data1\" content=\"1 minuta\" \/>\n<script type=\"application\/ld+json\" class=\"yoast-schema-graph\">{\"@context\":\"https:\\\/\\\/schema.org\",\"@graph\":[{\"@type\":\"WebPage\",\"@id\":\"https:\\\/\\\/tml.lt\\\/pl\\\/product\\\/tape-mounting-double-sided-3m-vhb-lse-160wf-active-at-0c-base-1-6mm-white-12mm33m-2\\\/\",\"url\":\"https:\\\/\\\/tml.lt\\\/pl\\\/product\\\/tape-mounting-double-sided-3m-vhb-lse-160wf-active-at-0c-base-1-6mm-white-12mm33m-2\\\/\",\"name\":\"Tape mounting double-sided 3M VHB LSE-160WF Active at 0\u00b0C, base 1.6mm, white, 12mm*33m | TML\",\"isPartOf\":{\"@id\":\"https:\\\/\\\/tml.lt\\\/pl\\\/#website\"},\"primaryImageOfPage\":{\"@id\":\"https:\\\/\\\/tml.lt\\\/pl\\\/product\\\/tape-mounting-double-sided-3m-vhb-lse-160wf-active-at-0c-base-1-6mm-white-12mm33m-2\\\/#primaryimage\"},\"image\":{\"@id\":\"https:\\\/\\\/tml.lt\\\/pl\\\/product\\\/tape-mounting-double-sided-3m-vhb-lse-160wf-active-at-0c-base-1-6mm-white-12mm33m-2\\\/#primaryimage\"},\"thumbnailUrl\":\"https:\\\/\\\/tml.lt\\\/pl\\\/wp-content\\\/uploads\\\/2020\\\/01\\\/Dvipus\u0117-monta\u017ein\u0117-juosta-3M-VHB-LSE-060WF-Aktyvi-prie-0\u043e\u0421-pagrindas-0.6mm-balta-12mm33m.jpg\",\"datePublished\":\"2021-12-14T12:47:22+00:00\",\"dateModified\":\"2024-08-08T10:22:30+00:00\",\"description\":\"Tape mounting double-sided 3M VHB LSE-160WF Active at 0\u00b0C, base 1.6mm, white, 12mm*33m\",\"breadcrumb\":{\"@id\":\"https:\\\/\\\/tml.lt\\\/pl\\\/product\\\/tape-mounting-double-sided-3m-vhb-lse-160wf-active-at-0c-base-1-6mm-white-12mm33m-2\\\/#breadcrumb\"},\"inLanguage\":\"pl-PL\",\"potentialAction\":[{\"@type\":\"ReadAction\",\"target\":[\"https:\\\/\\\/tml.lt\\\/pl\\\/product\\\/tape-mounting-double-sided-3m-vhb-lse-160wf-active-at-0c-base-1-6mm-white-12mm33m-2\\\/\"]}]},{\"@type\":\"ImageObject\",\"inLanguage\":\"pl-PL\",\"@id\":\"https:\\\/\\\/tml.lt\\\/pl\\\/product\\\/tape-mounting-double-sided-3m-vhb-lse-160wf-active-at-0c-base-1-6mm-white-12mm33m-2\\\/#primaryimage\",\"url\":\"https:\\\/\\\/tml.lt\\\/pl\\\/wp-content\\\/uploads\\\/2020\\\/01\\\/Dvipus\u0117-monta\u017ein\u0117-juosta-3M-VHB-LSE-060WF-Aktyvi-prie-0\u043e\u0421-pagrindas-0.6mm-balta-12mm33m.jpg\",\"contentUrl\":\"https:\\\/\\\/tml.lt\\\/pl\\\/wp-content\\\/uploads\\\/2020\\\/01\\\/Dvipus\u0117-monta\u017ein\u0117-juosta-3M-VHB-LSE-060WF-Aktyvi-prie-0\u043e\u0421-pagrindas-0.6mm-balta-12mm33m.jpg\",\"width\":532,\"height\":532,\"caption\":\"Tape mounting double-sided 3M VHB LSE-060WF Active at 0\u00b0C, base 0.6mm, white\"},{\"@type\":\"BreadcrumbList\",\"@id\":\"https:\\\/\\\/tml.lt\\\/pl\\\/product\\\/tape-mounting-double-sided-3m-vhb-lse-160wf-active-at-0c-base-1-6mm-white-12mm33m-2\\\/#breadcrumb\",\"itemListElement\":[{\"@type\":\"ListItem\",\"position\":1,\"name\":\"\u0413\u043b\u0430\u0432\u043d\u0430\u044f \u0441\u0442\u0440\u0430\u043d\u0438\u0446\u0430\",\"item\":\"https:\\\/\\\/tml.lt\\\/pl\\\/\"},{\"@type\":\"ListItem\",\"position\":2,\"name\":\"Produkcja i rozwi\u0105zania w zakresie znakowania, izolacji, mocowania\",\"item\":\"https:\\\/\\\/tml.lt\\\/pl\\\/\"},{\"@type\":\"ListItem\",\"position\":3,\"name\":\"Tape mounting double-sided 3M VHB LSE-160WF Active at 0\u00b0C, base 1.6mm, white, 12mm*33m\"}]},{\"@type\":\"WebSite\",\"@id\":\"https:\\\/\\\/tml.lt\\\/pl\\\/#website\",\"url\":\"https:\\\/\\\/tml.lt\\\/pl\\\/\",\"name\":\"TML\",\"description\":\"UAB TML-LT\",\"publisher\":{\"@id\":\"https:\\\/\\\/tml.lt\\\/pl\\\/#organization\"},\"potentialAction\":[{\"@type\":\"SearchAction\",\"target\":{\"@type\":\"EntryPoint\",\"urlTemplate\":\"https:\\\/\\\/tml.lt\\\/pl\\\/?s={search_term_string}\"},\"query-input\":{\"@type\":\"PropertyValueSpecification\",\"valueRequired\":true,\"valueName\":\"search_term_string\"}}],\"inLanguage\":\"pl-PL\"},{\"@type\":\"Organization\",\"@id\":\"https:\\\/\\\/tml.lt\\\/pl\\\/#organization\",\"name\":\"TML\",\"url\":\"https:\\\/\\\/tml.lt\\\/pl\\\/\",\"logo\":{\"@type\":\"ImageObject\",\"inLanguage\":\"pl-PL\",\"@id\":\"https:\\\/\\\/tml.lt\\\/pl\\\/#\\\/schema\\\/logo\\\/image\\\/\",\"url\":\"https:\\\/\\\/tml.lt\\\/pl\\\/wp-content\\\/uploads\\\/2020\\\/09\\\/tml-logo-black-4.png\",\"contentUrl\":\"https:\\\/\\\/tml.lt\\\/pl\\\/wp-content\\\/uploads\\\/2020\\\/09\\\/tml-logo-black-4.png\",\"width\":470,\"height\":110,\"caption\":\"TML\"},\"image\":{\"@id\":\"https:\\\/\\\/tml.lt\\\/pl\\\/#\\\/schema\\\/logo\\\/image\\\/\"}}]}<\/script>\n<!-- \/ Yoast SEO plugin. -->","yoast_head_json":{"title":"Tape mounting double-sided 3M VHB LSE-160WF Active at 0\u00b0C, base 1.6mm, white, 12mm*33m | TML","description":"Tape mounting double-sided 3M VHB LSE-160WF Active at 0\u00b0C, base 1.6mm, white, 12mm*33m","robots":{"index":"index","follow":"follow","max-snippet":"max-snippet:-1","max-image-preview":"max-image-preview:large","max-video-preview":"max-video-preview:-1"},"canonical":"https:\/\/tml.lt\/pl\/product\/tape-mounting-double-sided-3m-vhb-lse-160wf-active-at-0c-base-1-6mm-white-12mm33m-2\/","og_locale":"pl_PL","og_type":"article","og_title":"Tape mounting double-sided 3M VHB LSE-160WF Active at 0\u00b0C, base 1.6mm, white, 12mm*33m | TML","og_description":"Tape mounting double-sided 3M VHB LSE-160WF Active at 0\u00b0C, base 1.6mm, white, 12mm*33m","og_url":"https:\/\/tml.lt\/pl\/product\/tape-mounting-double-sided-3m-vhb-lse-160wf-active-at-0c-base-1-6mm-white-12mm33m-2\/","og_site_name":"TML","article_modified_time":"2024-08-08T10:22:30+00:00","og_image":[{"width":532,"height":532,"url":"https:\/\/tml.lt\/pl\/wp-content\/uploads\/2020\/01\/Dvipus\u0117-monta\u017ein\u0117-juosta-3M-VHB-LSE-060WF-Aktyvi-prie-0\u043e\u0421-pagrindas-0.6mm-balta-12mm33m.jpg","type":"image\/jpeg"}],"twitter_card":"summary_large_image","twitter_misc":{"Szacowany czas czytania":"1 minuta"},"schema":{"@context":"https:\/\/schema.org","@graph":[{"@type":"WebPage","@id":"https:\/\/tml.lt\/pl\/product\/tape-mounting-double-sided-3m-vhb-lse-160wf-active-at-0c-base-1-6mm-white-12mm33m-2\/","url":"https:\/\/tml.lt\/pl\/product\/tape-mounting-double-sided-3m-vhb-lse-160wf-active-at-0c-base-1-6mm-white-12mm33m-2\/","name":"Tape mounting double-sided 3M VHB LSE-160WF Active at 0\u00b0C, base 1.6mm, white, 12mm*33m | TML","isPartOf":{"@id":"https:\/\/tml.lt\/pl\/#website"},"primaryImageOfPage":{"@id":"https:\/\/tml.lt\/pl\/product\/tape-mounting-double-sided-3m-vhb-lse-160wf-active-at-0c-base-1-6mm-white-12mm33m-2\/#primaryimage"},"image":{"@id":"https:\/\/tml.lt\/pl\/product\/tape-mounting-double-sided-3m-vhb-lse-160wf-active-at-0c-base-1-6mm-white-12mm33m-2\/#primaryimage"},"thumbnailUrl":"https:\/\/tml.lt\/pl\/wp-content\/uploads\/2020\/01\/Dvipus\u0117-monta\u017ein\u0117-juosta-3M-VHB-LSE-060WF-Aktyvi-prie-0\u043e\u0421-pagrindas-0.6mm-balta-12mm33m.jpg","datePublished":"2021-12-14T12:47:22+00:00","dateModified":"2024-08-08T10:22:30+00:00","description":"Tape mounting double-sided 3M VHB LSE-160WF Active at 0\u00b0C, base 1.6mm, white, 12mm*33m","breadcrumb":{"@id":"https:\/\/tml.lt\/pl\/product\/tape-mounting-double-sided-3m-vhb-lse-160wf-active-at-0c-base-1-6mm-white-12mm33m-2\/#breadcrumb"},"inLanguage":"pl-PL","potentialAction":[{"@type":"ReadAction","target":["https:\/\/tml.lt\/pl\/product\/tape-mounting-double-sided-3m-vhb-lse-160wf-active-at-0c-base-1-6mm-white-12mm33m-2\/"]}]},{"@type":"ImageObject","inLanguage":"pl-PL","@id":"https:\/\/tml.lt\/pl\/product\/tape-mounting-double-sided-3m-vhb-lse-160wf-active-at-0c-base-1-6mm-white-12mm33m-2\/#primaryimage","url":"https:\/\/tml.lt\/pl\/wp-content\/uploads\/2020\/01\/Dvipus\u0117-monta\u017ein\u0117-juosta-3M-VHB-LSE-060WF-Aktyvi-prie-0\u043e\u0421-pagrindas-0.6mm-balta-12mm33m.jpg","contentUrl":"https:\/\/tml.lt\/pl\/wp-content\/uploads\/2020\/01\/Dvipus\u0117-monta\u017ein\u0117-juosta-3M-VHB-LSE-060WF-Aktyvi-prie-0\u043e\u0421-pagrindas-0.6mm-balta-12mm33m.jpg","width":532,"height":532,"caption":"Tape mounting double-sided 3M VHB LSE-060WF Active at 0\u00b0C, base 0.6mm, white"},{"@type":"BreadcrumbList","@id":"https:\/\/tml.lt\/pl\/product\/tape-mounting-double-sided-3m-vhb-lse-160wf-active-at-0c-base-1-6mm-white-12mm33m-2\/#breadcrumb","itemListElement":[{"@type":"ListItem","position":1,"name":"\u0413\u043b\u0430\u0432\u043d\u0430\u044f \u0441\u0442\u0440\u0430\u043d\u0438\u0446\u0430","item":"https:\/\/tml.lt\/pl\/"},{"@type":"ListItem","position":2,"name":"Produkcja i rozwi\u0105zania w zakresie znakowania, izolacji, mocowania","item":"https:\/\/tml.lt\/pl\/"},{"@type":"ListItem","position":3,"name":"Tape mounting double-sided 3M VHB LSE-160WF Active at 0\u00b0C, base 1.6mm, white, 12mm*33m"}]},{"@type":"WebSite","@id":"https:\/\/tml.lt\/pl\/#website","url":"https:\/\/tml.lt\/pl\/","name":"TML","description":"UAB TML-LT","publisher":{"@id":"https:\/\/tml.lt\/pl\/#organization"},"potentialAction":[{"@type":"SearchAction","target":{"@type":"EntryPoint","urlTemplate":"https:\/\/tml.lt\/pl\/?s={search_term_string}"},"query-input":{"@type":"PropertyValueSpecification","valueRequired":true,"valueName":"search_term_string"}}],"inLanguage":"pl-PL"},{"@type":"Organization","@id":"https:\/\/tml.lt\/pl\/#organization","name":"TML","url":"https:\/\/tml.lt\/pl\/","logo":{"@type":"ImageObject","inLanguage":"pl-PL","@id":"https:\/\/tml.lt\/pl\/#\/schema\/logo\/image\/","url":"https:\/\/tml.lt\/pl\/wp-content\/uploads\/2020\/09\/tml-logo-black-4.png","contentUrl":"https:\/\/tml.lt\/pl\/wp-content\/uploads\/2020\/09\/tml-logo-black-4.png","width":470,"height":110,"caption":"TML"},"image":{"@id":"https:\/\/tml.lt\/pl\/#\/schema\/logo\/image\/"}}]}},"amp_enabled":true,"_links":{"self":[{"href":"https:\/\/tml.lt\/pl\/wp-json\/wp\/v2\/product\/13536","targetHints":{"allow":["GET"]}}],"collection":[{"href":"https:\/\/tml.lt\/pl\/wp-json\/wp\/v2\/product"}],"about":[{"href":"https:\/\/tml.lt\/pl\/wp-json\/wp\/v2\/types\/product"}],"wp:featuredmedia":[{"embeddable":true,"href":"https:\/\/tml.lt\/pl\/wp-json\/wp\/v2\/media\/11689"}],"wp:attachment":[{"href":"https:\/\/tml.lt\/pl\/wp-json\/wp\/v2\/media?parent=13536"}],"wp:term":[{"taxonomy":"product_brand","embeddable":true,"href":"https:\/\/tml.lt\/pl\/wp-json\/wp\/v2\/product_brand?post=13536"},{"taxonomy":"product_cat","embeddable":true,"href":"https:\/\/tml.lt\/pl\/wp-json\/wp\/v2\/product_cat?post=13536"},{"taxonomy":"product_tag","embeddable":true,"href":"https:\/\/tml.lt\/pl\/wp-json\/wp\/v2\/product_tag?post=13536"}],"curies":[{"name":"wp","href":"https:\/\/api.w.org\/{rel}","templated":true}]}}