{"id":18512,"date":"2024-05-08T15:51:23","date_gmt":"2024-05-08T13:51:23","guid":{"rendered":"https:\/\/tml.lt\/en\/?post_type=product&#038;p=18512"},"modified":"2025-11-28T10:19:18","modified_gmt":"2025-11-28T08:19:18","slug":"flag-p-84x22-a4-polipropylen-9001-laser","status":"publish","type":"product","link":"https:\/\/tml.lt\/pl\/product\/flag-p-84x22-a4-polipropylen-9001-laser\/","title":{"rendered":"Flagi P serwerowni 84&#215;22 polipropylen 9001 A4 do drukarki laserowej"},"content":{"rendered":"","protected":false},"excerpt":{"rendered":"<p>Trwa\u0142e flagi P 84&#215;22 mm do serwerowni na arkuszach A4 (Polipropylen 9001) do drukarek laserowych. Idealne do znakowania przewod\u00f3w i kabli w serwerowniach. Opakowanie 25 arkuszy.<\/p>\n<p>Cecha: Szczeg\u00f3\u0142y<br \/>\nProdukt: Flagi typu P (P-shaped) do znakowania przewod\u00f3w i kabli.<br \/>\nPrzeznaczenie: Serwerownie, szafy telekomunikacyjne.<br \/>\nFormat wydruku: Arkusze A4 (do druku laserowego).<br \/>\nMateria\u0142: Polipropylen 9001 (zapewnia trwa\u0142o\u015b\u0107).<br \/>\nWymiary flagi: 84 x 22 mm.<br \/>\nIlo\u015b\u0107 na arkuszu: 30 flag na arkuszu A4.<br \/>\nOpakowanie: 25 arkuszy w opakowaniu.<\/p>\n","protected":false},"featured_media":21201,"template":"","meta":[],"product_brand":[],"product_cat":[2030],"product_tag":[],"class_list":{"0":"post-18512","1":"product","2":"type-product","3":"status-publish","4":"has-post-thumbnail","6":"product_cat-p-shaped-cable-and-wire-marking-flags-on-a4-sheets-for-printing-with-a-laser-printer","8":"first","9":"instock","10":"sale","11":"shipping-taxable","12":"purchasable","13":"product-type-simple"},"yoast_head":"<!-- This site is optimized with the Yoast SEO plugin v27.4 - https:\/\/yoast.com\/product\/yoast-seo-wordpress\/ -->\n<title>Flagi P serwerowni 84x22 polipropylen 9001 A4 do drukarki laserowej | TML<\/title>\n<meta name=\"description\" content=\"Trwa\u0142e flagi P 84x22 mm na arkuszach A4 (Polipropylen 9001) do drukarek laserowych. Idealne do znakowania przewod\u00f3w i kabli w serwerowniach. Opakowanie 25 arkuszy.\" \/>\n<meta name=\"robots\" content=\"index, follow, max-snippet:-1, max-image-preview:large, max-video-preview:-1\" \/>\n<link rel=\"canonical\" href=\"https:\/\/tml.lt\/pl\/product\/flag-p-84x22-a4-polipropylen-9001-laser\/\" \/>\n<meta property=\"og:locale\" content=\"pl_PL\" \/>\n<meta property=\"og:type\" content=\"article\" \/>\n<meta property=\"og:title\" content=\"Flagi P serwerowni 84x22 polipropylen 9001 A4 do drukarki laserowej | TML\" \/>\n<meta property=\"og:description\" content=\"Trwa\u0142e flagi P 84x22 mm na arkuszach A4 (Polipropylen 9001) do drukarek laserowych. Idealne do znakowania przewod\u00f3w i kabli w serwerowniach. Opakowanie 25 arkuszy.\" \/>\n<meta property=\"og:url\" content=\"https:\/\/tml.lt\/pl\/product\/flag-p-84x22-a4-polipropylen-9001-laser\/\" \/>\n<meta property=\"og:site_name\" content=\"TML\" \/>\n<meta property=\"article:modified_time\" content=\"2025-11-28T08:19:18+00:00\" \/>\n<meta property=\"og:image\" content=\"https:\/\/tml.lt\/pl\/wp-content\/uploads\/2024\/05\/P-flazhki-markirovki-provodov-v-servernoj-na-A4.webp\" \/>\n\t<meta property=\"og:image:width\" content=\"1600\" \/>\n\t<meta property=\"og:image:height\" content=\"1600\" \/>\n\t<meta property=\"og:image:type\" content=\"image\/webp\" \/>\n<meta name=\"twitter:card\" content=\"summary_large_image\" \/>\n<script type=\"application\/ld+json\" class=\"yoast-schema-graph\">{\"@context\":\"https:\\\/\\\/schema.org\",\"@graph\":[{\"@type\":\"WebPage\",\"@id\":\"https:\\\/\\\/tml.lt\\\/pl\\\/product\\\/flag-p-84x22-a4-polipropylen-9001-laser\\\/\",\"url\":\"https:\\\/\\\/tml.lt\\\/pl\\\/product\\\/flag-p-84x22-a4-polipropylen-9001-laser\\\/\",\"name\":\"Flagi P serwerowni 84x22 polipropylen 9001 A4 do drukarki laserowej | TML\",\"isPartOf\":{\"@id\":\"https:\\\/\\\/tml.lt\\\/pl\\\/#website\"},\"primaryImageOfPage\":{\"@id\":\"https:\\\/\\\/tml.lt\\\/pl\\\/product\\\/flag-p-84x22-a4-polipropylen-9001-laser\\\/#primaryimage\"},\"image\":{\"@id\":\"https:\\\/\\\/tml.lt\\\/pl\\\/product\\\/flag-p-84x22-a4-polipropylen-9001-laser\\\/#primaryimage\"},\"thumbnailUrl\":\"https:\\\/\\\/tml.lt\\\/pl\\\/wp-content\\\/uploads\\\/2024\\\/05\\\/P-flazhki-markirovki-provodov-v-servernoj-na-A4.webp\",\"datePublished\":\"2024-05-08T13:51:23+00:00\",\"dateModified\":\"2025-11-28T08:19:18+00:00\",\"description\":\"Trwa\u0142e flagi P 84x22 mm na arkuszach A4 (Polipropylen 9001) do drukarek laserowych. Idealne do znakowania przewod\u00f3w i kabli w serwerowniach. Opakowanie 25 arkuszy.\",\"breadcrumb\":{\"@id\":\"https:\\\/\\\/tml.lt\\\/pl\\\/product\\\/flag-p-84x22-a4-polipropylen-9001-laser\\\/#breadcrumb\"},\"inLanguage\":\"pl-PL\",\"potentialAction\":[{\"@type\":\"ReadAction\",\"target\":[\"https:\\\/\\\/tml.lt\\\/pl\\\/product\\\/flag-p-84x22-a4-polipropylen-9001-laser\\\/\"]}]},{\"@type\":\"ImageObject\",\"inLanguage\":\"pl-PL\",\"@id\":\"https:\\\/\\\/tml.lt\\\/pl\\\/product\\\/flag-p-84x22-a4-polipropylen-9001-laser\\\/#primaryimage\",\"url\":\"https:\\\/\\\/tml.lt\\\/pl\\\/wp-content\\\/uploads\\\/2024\\\/05\\\/P-flazhki-markirovki-provodov-v-servernoj-na-A4.webp\",\"contentUrl\":\"https:\\\/\\\/tml.lt\\\/pl\\\/wp-content\\\/uploads\\\/2024\\\/05\\\/P-flazhki-markirovki-provodov-v-servernoj-na-A4.webp\",\"width\":1600,\"height\":1600,\"caption\":\"Flagi 9001 w kszta\u0142cie litery P do oznaczania przewod\u00f3w\"},{\"@type\":\"BreadcrumbList\",\"@id\":\"https:\\\/\\\/tml.lt\\\/pl\\\/product\\\/flag-p-84x22-a4-polipropylen-9001-laser\\\/#breadcrumb\",\"itemListElement\":[{\"@type\":\"ListItem\",\"position\":1,\"name\":\"\u0413\u043b\u0430\u0432\u043d\u0430\u044f \u0441\u0442\u0440\u0430\u043d\u0438\u0446\u0430\",\"item\":\"https:\\\/\\\/tml.lt\\\/pl\\\/\"},{\"@type\":\"ListItem\",\"position\":2,\"name\":\"Produkcja i rozwi\u0105zania w zakresie znakowania, izolacji, mocowania\",\"item\":\"https:\\\/\\\/tml.lt\\\/pl\\\/\"},{\"@type\":\"ListItem\",\"position\":3,\"name\":\"Flagi P serwerowni 84&#215;22 polipropylen 9001 A4 do drukarki laserowej\"}]},{\"@type\":\"WebSite\",\"@id\":\"https:\\\/\\\/tml.lt\\\/pl\\\/#website\",\"url\":\"https:\\\/\\\/tml.lt\\\/pl\\\/\",\"name\":\"TML\",\"description\":\"UAB TML-LT\",\"publisher\":{\"@id\":\"https:\\\/\\\/tml.lt\\\/pl\\\/#organization\"},\"potentialAction\":[{\"@type\":\"SearchAction\",\"target\":{\"@type\":\"EntryPoint\",\"urlTemplate\":\"https:\\\/\\\/tml.lt\\\/pl\\\/?s={search_term_string}\"},\"query-input\":{\"@type\":\"PropertyValueSpecification\",\"valueRequired\":true,\"valueName\":\"search_term_string\"}}],\"inLanguage\":\"pl-PL\"},{\"@type\":\"Organization\",\"@id\":\"https:\\\/\\\/tml.lt\\\/pl\\\/#organization\",\"name\":\"TML\",\"url\":\"https:\\\/\\\/tml.lt\\\/pl\\\/\",\"logo\":{\"@type\":\"ImageObject\",\"inLanguage\":\"pl-PL\",\"@id\":\"https:\\\/\\\/tml.lt\\\/pl\\\/#\\\/schema\\\/logo\\\/image\\\/\",\"url\":\"https:\\\/\\\/tml.lt\\\/pl\\\/wp-content\\\/uploads\\\/2020\\\/09\\\/tml-logo-black-4.png\",\"contentUrl\":\"https:\\\/\\\/tml.lt\\\/pl\\\/wp-content\\\/uploads\\\/2020\\\/09\\\/tml-logo-black-4.png\",\"width\":470,\"height\":110,\"caption\":\"TML\"},\"image\":{\"@id\":\"https:\\\/\\\/tml.lt\\\/pl\\\/#\\\/schema\\\/logo\\\/image\\\/\"}}]}<\/script>\n<!-- \/ Yoast SEO plugin. -->","yoast_head_json":{"title":"Flagi P serwerowni 84x22 polipropylen 9001 A4 do drukarki laserowej | TML","description":"Trwa\u0142e flagi P 84x22 mm na arkuszach A4 (Polipropylen 9001) do drukarek laserowych. Idealne do znakowania przewod\u00f3w i kabli w serwerowniach. Opakowanie 25 arkuszy.","robots":{"index":"index","follow":"follow","max-snippet":"max-snippet:-1","max-image-preview":"max-image-preview:large","max-video-preview":"max-video-preview:-1"},"canonical":"https:\/\/tml.lt\/pl\/product\/flag-p-84x22-a4-polipropylen-9001-laser\/","og_locale":"pl_PL","og_type":"article","og_title":"Flagi P serwerowni 84x22 polipropylen 9001 A4 do drukarki laserowej | TML","og_description":"Trwa\u0142e flagi P 84x22 mm na arkuszach A4 (Polipropylen 9001) do drukarek laserowych. Idealne do znakowania przewod\u00f3w i kabli w serwerowniach. Opakowanie 25 arkuszy.","og_url":"https:\/\/tml.lt\/pl\/product\/flag-p-84x22-a4-polipropylen-9001-laser\/","og_site_name":"TML","article_modified_time":"2025-11-28T08:19:18+00:00","og_image":[{"width":1600,"height":1600,"url":"https:\/\/tml.lt\/pl\/wp-content\/uploads\/2024\/05\/P-flazhki-markirovki-provodov-v-servernoj-na-A4.webp","type":"image\/webp"}],"twitter_card":"summary_large_image","schema":{"@context":"https:\/\/schema.org","@graph":[{"@type":"WebPage","@id":"https:\/\/tml.lt\/pl\/product\/flag-p-84x22-a4-polipropylen-9001-laser\/","url":"https:\/\/tml.lt\/pl\/product\/flag-p-84x22-a4-polipropylen-9001-laser\/","name":"Flagi P serwerowni 84x22 polipropylen 9001 A4 do drukarki laserowej | TML","isPartOf":{"@id":"https:\/\/tml.lt\/pl\/#website"},"primaryImageOfPage":{"@id":"https:\/\/tml.lt\/pl\/product\/flag-p-84x22-a4-polipropylen-9001-laser\/#primaryimage"},"image":{"@id":"https:\/\/tml.lt\/pl\/product\/flag-p-84x22-a4-polipropylen-9001-laser\/#primaryimage"},"thumbnailUrl":"https:\/\/tml.lt\/pl\/wp-content\/uploads\/2024\/05\/P-flazhki-markirovki-provodov-v-servernoj-na-A4.webp","datePublished":"2024-05-08T13:51:23+00:00","dateModified":"2025-11-28T08:19:18+00:00","description":"Trwa\u0142e flagi P 84x22 mm na arkuszach A4 (Polipropylen 9001) do drukarek laserowych. Idealne do znakowania przewod\u00f3w i kabli w serwerowniach. Opakowanie 25 arkuszy.","breadcrumb":{"@id":"https:\/\/tml.lt\/pl\/product\/flag-p-84x22-a4-polipropylen-9001-laser\/#breadcrumb"},"inLanguage":"pl-PL","potentialAction":[{"@type":"ReadAction","target":["https:\/\/tml.lt\/pl\/product\/flag-p-84x22-a4-polipropylen-9001-laser\/"]}]},{"@type":"ImageObject","inLanguage":"pl-PL","@id":"https:\/\/tml.lt\/pl\/product\/flag-p-84x22-a4-polipropylen-9001-laser\/#primaryimage","url":"https:\/\/tml.lt\/pl\/wp-content\/uploads\/2024\/05\/P-flazhki-markirovki-provodov-v-servernoj-na-A4.webp","contentUrl":"https:\/\/tml.lt\/pl\/wp-content\/uploads\/2024\/05\/P-flazhki-markirovki-provodov-v-servernoj-na-A4.webp","width":1600,"height":1600,"caption":"Flagi 9001 w kszta\u0142cie litery P do oznaczania przewod\u00f3w"},{"@type":"BreadcrumbList","@id":"https:\/\/tml.lt\/pl\/product\/flag-p-84x22-a4-polipropylen-9001-laser\/#breadcrumb","itemListElement":[{"@type":"ListItem","position":1,"name":"\u0413\u043b\u0430\u0432\u043d\u0430\u044f \u0441\u0442\u0440\u0430\u043d\u0438\u0446\u0430","item":"https:\/\/tml.lt\/pl\/"},{"@type":"ListItem","position":2,"name":"Produkcja i rozwi\u0105zania w zakresie znakowania, izolacji, mocowania","item":"https:\/\/tml.lt\/pl\/"},{"@type":"ListItem","position":3,"name":"Flagi P serwerowni 84&#215;22 polipropylen 9001 A4 do drukarki laserowej"}]},{"@type":"WebSite","@id":"https:\/\/tml.lt\/pl\/#website","url":"https:\/\/tml.lt\/pl\/","name":"TML","description":"UAB TML-LT","publisher":{"@id":"https:\/\/tml.lt\/pl\/#organization"},"potentialAction":[{"@type":"SearchAction","target":{"@type":"EntryPoint","urlTemplate":"https:\/\/tml.lt\/pl\/?s={search_term_string}"},"query-input":{"@type":"PropertyValueSpecification","valueRequired":true,"valueName":"search_term_string"}}],"inLanguage":"pl-PL"},{"@type":"Organization","@id":"https:\/\/tml.lt\/pl\/#organization","name":"TML","url":"https:\/\/tml.lt\/pl\/","logo":{"@type":"ImageObject","inLanguage":"pl-PL","@id":"https:\/\/tml.lt\/pl\/#\/schema\/logo\/image\/","url":"https:\/\/tml.lt\/pl\/wp-content\/uploads\/2020\/09\/tml-logo-black-4.png","contentUrl":"https:\/\/tml.lt\/pl\/wp-content\/uploads\/2020\/09\/tml-logo-black-4.png","width":470,"height":110,"caption":"TML"},"image":{"@id":"https:\/\/tml.lt\/pl\/#\/schema\/logo\/image\/"}}]}},"amp_enabled":true,"_links":{"self":[{"href":"https:\/\/tml.lt\/pl\/wp-json\/wp\/v2\/product\/18512","targetHints":{"allow":["GET"]}}],"collection":[{"href":"https:\/\/tml.lt\/pl\/wp-json\/wp\/v2\/product"}],"about":[{"href":"https:\/\/tml.lt\/pl\/wp-json\/wp\/v2\/types\/product"}],"wp:featuredmedia":[{"embeddable":true,"href":"https:\/\/tml.lt\/pl\/wp-json\/wp\/v2\/media\/21201"}],"wp:attachment":[{"href":"https:\/\/tml.lt\/pl\/wp-json\/wp\/v2\/media?parent=18512"}],"wp:term":[{"taxonomy":"product_brand","embeddable":true,"href":"https:\/\/tml.lt\/pl\/wp-json\/wp\/v2\/product_brand?post=18512"},{"taxonomy":"product_cat","embeddable":true,"href":"https:\/\/tml.lt\/pl\/wp-json\/wp\/v2\/product_cat?post=18512"},{"taxonomy":"product_tag","embeddable":true,"href":"https:\/\/tml.lt\/pl\/wp-json\/wp\/v2\/product_tag?post=18512"}],"curies":[{"name":"wp","href":"https:\/\/api.w.org\/{rel}","templated":true}]}}