{"id":19473,"date":"2024-10-24T09:17:57","date_gmt":"2024-10-24T07:17:57","guid":{"rendered":"https:\/\/tml.lt\/en\/?post_type=product&#038;p=19473"},"modified":"2026-02-03T10:18:01","modified_gmt":"2026-02-03T08:18:01","slug":"label-tapes-lm-550-standart","status":"publish","type":"product","link":"https:\/\/tml.lt\/pl\/product\/label-tapes-lm-550-standart\/","title":{"rendered":"Kompatybilne ta\u015bmy etykietowe LM-550"},"content":{"rendered":"<div class=\"woocommerce\"><\/div><table id=\"wcpt_44d8a785efeda271_1\" class=\"wc-product-table woocommerce multicart-enabled\" width=\"100%\" data-config='{\"pageLength\":10,\"pagingType\":\"numbers\",\"serverSide\":false,\"autoWidth\":true,\"clickFilter\":\"false\",\"scrollOffset\":15,\"resetButton\":false,\"multiAddToCart\":false,\"multiCartLocation\":\"top\",\"variations\":\"separate\",\"ajaxCart\":false,\"numOrder\":false,\"stickyHeader\":false,\"lengthMenu\":[[10,25,50,100,-1],[10,25,50,100,\"Wszystko\"]],\"columnDefs\":[{\"className\":\"col-sku\",\"targets\":0,\"type\":\"html\"},{\"className\":\"col-name\",\"targets\":1,\"type\":\"html\"},{\"className\":\"col-color\",\"targets\":2,\"type\":\"html\"},{\"className\":\"col-width\",\"targets\":3,\"type\":\"html\"},{\"className\":\"col-rolllength\",\"targets\":4,\"type\":\"html\"},{\"className\":\"col-price\",\"targets\":5,\"type\":\"html-num\"},{\"className\":\"col-buy col-add-to-cart\",\"targets\":6,\"type\":\"html\"}],\"responsive\":{\"details\":{\"display\":\"child_row\"}},\"search\":{\"search\":\"\"},\"dom\":\"&lt;\\\"wc-product-table-wrapper bootscore wpt-styling-theme\\\"&lt;\\\"wc-product-table-controls wc-product-table-above\\\"ip&gt;t&lt;\\\"wc-product-table-controls wc-product-table-below\\\"ip&gt;&gt;\"}' data-filters=\"false\" data-order=\"[]\"><thead><tr><th class=\"all\" data-name=\"sku\" data-orderable=\"true\" data-searchable=\"true\" data-priority=\"6\">SKU<\/th><th data-name=\"name\" data-orderable=\"true\" data-searchable=\"true\" data-priority=\"1\">Nazwa<\/th><th data-name=\"att_pa_color\" data-orderable=\"true\" data-searchable=\"true\">Kolor<\/th><th data-name=\"att_pa_width\" data-orderable=\"true\" data-searchable=\"true\">Szeroko&#347;&#263;<\/th><th data-name=\"att_pa_rolllength\" data-orderable=\"true\" data-searchable=\"true\">D&#322;ugo&#347;&#263; rolki<\/th><th data-name=\"price\" data-orderable=\"true\" data-searchable=\"true\" data-priority=\"3\">Cena<\/th><th data-name=\"buy\" data-orderable=\"false\" data-searchable=\"true\" data-priority=\"2\">Kup<\/th><\/tr><\/thead><tbody><tr id=\"product-row-19474\" class=\"product product-row product-19474 instock product-type-variation purchasable\"><td><a href=\"https:\/\/tml.lt\/pl\/product\/label-tapes-lm-550-standart\/?attribute_pa_color=white&amp;attribute_pa_rolllength=16-m\" class=\"single-product-link\" data-product_id=\"19474\">PT-509W<\/a><\/td><td><a href=\"https:\/\/tml.lt\/pl\/product\/label-tapes-lm-550-standart\/?attribute_pa_color=white&amp;attribute_pa_rolllength=16-m\" class=\"single-product-link\" data-product_id=\"19474\">Kompatybilne ta&#347;my etykietowe LM-550 - bia&#322;e, 16 m<\/a><\/td><td><span data-slug=\"white\">bia&#322;e<\/span><\/td><td><span data-slug=\"5-0mm\">5mm<\/span><\/td><td><span data-slug=\"16-m\">16 m<\/span><\/td><td data-sort=\"5.90\"><span class=\"woocommerce-Price-amount amount\"><bdi><span class=\"woocommerce-Price-currencySymbol\">&euro;<\/span>5.90<\/bdi><\/span><\/td><td><div class=\"add-to-cart-wrapper with-cart-button with-quantity\"> <form class=\"cart\" method=\"post\" enctype=\"multipart\/form-data\"> <div class=\"add-to-cart-button\"><div class=\"quantity\"> <div class=\"input-group\"><button type=\"button\" class=\"minus input-group-text disabled\" disabled data-type=\"minus\">-<\/button> <label class=\"screen-reader-text\" for=\"quantity_69d0fbd61592f\">ilo&#347;&#263; Kompatybilne ta&#347;my etykietowe LM-550<\/label> <input type=\"number\" id=\"quantity_69d0fbd61592f\" class=\"input-text qty text form-control\" name=\"quantity\" value=\"1\" aria-label=\"Ilo&#347;&#263; produktu\" min=\"1\" step=\"1\" placeholder=\"\" inputmode=\"numeric\" autocomplete=\"off\"> <button type=\"button\" class=\"plus input-group-text\" data-type=\"plus\">+<\/button><\/div><\/div> <button type=\"submit\" name=\"add-to-cart\" value=\"19473\" class=\"single_add_to_cart_button button alt\">Dodaj do koszyka<\/button> <\/div> <input type=\"hidden\" name=\"variation_id\" value=\"19474\"> <div class=\"variations hidden\"> <input type=\"hidden\" name=\"attribute_pa_color\" value=\"white\"> <input type=\"hidden\" name=\"attribute_pa_rolllength\" value=\"16-m\"> <\/div> <\/form> <div class=\"multi-cart-check\"> <input type=\"hidden\" name=\"wpt_product_price\" value=\"5.9\" form=\"multi-cart\"> <\/div> <\/div><\/td><\/tr><tr id=\"product-row-19477\" class=\"product product-row product-19477 instock product-type-variation purchasable\"><td><a href=\"https:\/\/tml.lt\/pl\/product\/label-tapes-lm-550-standart\/?attribute_pa_color=yellow-en&amp;attribute_pa_rolllength=8-m\" class=\"single-product-link\" data-product_id=\"19477\">PT-509Y<\/a><\/td><td><a href=\"https:\/\/tml.lt\/pl\/product\/label-tapes-lm-550-standart\/?attribute_pa_color=yellow-en&amp;attribute_pa_rolllength=8-m\" class=\"single-product-link\" data-product_id=\"19477\">Kompatybilne ta&#347;my etykietowe LM-550 - &#380;&oacute;&#322;ty, 8 m<\/a><\/td><td><span data-slug=\"yellow-en\">&#380;&oacute;&#322;ty<\/span><\/td><td><span data-slug=\"5-0mm\">5mm<\/span><\/td><td><span data-slug=\"8-m\">8 m<\/span><\/td><td data-sort=\"5.90\"><span class=\"woocommerce-Price-amount amount\"><bdi><span class=\"woocommerce-Price-currencySymbol\">&euro;<\/span>5.90<\/bdi><\/span><\/td><td><div class=\"add-to-cart-wrapper with-cart-button with-quantity\"> <form class=\"cart\" method=\"post\" enctype=\"multipart\/form-data\"> <div class=\"add-to-cart-button\"><div class=\"quantity\"> <div class=\"input-group\"><button type=\"button\" class=\"minus input-group-text disabled\" disabled data-type=\"minus\">-<\/button> <label class=\"screen-reader-text\" for=\"quantity_69d0fbd616b1e\">ilo&#347;&#263; Kompatybilne ta&#347;my etykietowe LM-550<\/label> <input type=\"number\" id=\"quantity_69d0fbd616b1e\" class=\"input-text qty text form-control\" name=\"quantity\" value=\"1\" aria-label=\"Ilo&#347;&#263; produktu\" min=\"1\" step=\"1\" placeholder=\"\" inputmode=\"numeric\" autocomplete=\"off\"> <button type=\"button\" class=\"plus input-group-text\" data-type=\"plus\">+<\/button><\/div><\/div> <button type=\"submit\" name=\"add-to-cart\" value=\"19473\" class=\"single_add_to_cart_button button alt\">Dodaj do koszyka<\/button> <\/div> <input type=\"hidden\" name=\"variation_id\" value=\"19477\"> <div class=\"variations hidden\"> <input type=\"hidden\" name=\"attribute_pa_color\" value=\"yellow-en\"> <input type=\"hidden\" name=\"attribute_pa_rolllength\" value=\"8-m\"> <\/div> <\/form> <div class=\"multi-cart-check\"> <input type=\"hidden\" name=\"wpt_product_price\" value=\"5.9\" form=\"multi-cart\"> <\/div> <\/div><\/td><\/tr><\/tbody><\/table>\n","protected":false},"excerpt":{"rendered":"<p>Kompatybilna kaseta z ta\u015bm\u0105 etykietow\u0105 Standard do MAX Letatwin LM-550. Kolor: bia\u0142y, \u017c\u00f3\u0142ty. Szeroko\u015b\u0107 5 mm. D\u0142ugo\u015b\u0107 8 m (\u017c\u00f3\u0142ta), 16 m (bia\u0142a).<\/p>\n<p>Kolor: bia\u0142y, \u017c\u00f3\u0142ty.<br \/>\nSzeroko\u015b\u0107: 5 mm.<br \/>\nD\u0142ugo\u015b\u0107: 8(\u017c\u00f3\u0142ty), 16(bia\u0142y) meters.<\/p>\n","protected":false},"featured_media":21287,"template":"","meta":[],"product_brand":[],"product_cat":[150,2194],"product_tag":[555],"class_list":{"0":"post-19473","1":"product","2":"type-product","3":"status-publish","4":"has-post-thumbnail","6":"product_cat-max-letatwin-lm-550a-pc-en","7":"product_cat-label-tapes-cable-printers","8":"product_tag-max","10":"first","11":"instock","12":"shipping-taxable","13":"purchasable","14":"product-type-variable"},"yoast_head":"<!-- This site is optimized with the Yoast SEO plugin v27.3 - https:\/\/yoast.com\/product\/yoast-seo-wordpress\/ -->\n<title>Kompatybilne ta\u015bmy etykietowe LM-550 | TML<\/title>\n<meta name=\"description\" content=\"Kompatybilna kaseta z ta\u015bm\u0105 etykietow\u0105 Standard do MAX Letatwin LM-550. Kolor: bia\u0142y, \u017c\u00f3\u0142ty. Szeroko\u015b\u0107 5 mm. D\u0142ugo\u015b\u0107 8 m (\u017c\u00f3\u0142ta), 16 m (bia\u0142a). | TML\" \/>\n<meta name=\"robots\" content=\"index, follow, max-snippet:-1, max-image-preview:large, max-video-preview:-1\" \/>\n<link rel=\"canonical\" href=\"https:\/\/tml.lt\/pl\/product\/label-tapes-lm-550-standart\/\" \/>\n<meta property=\"og:locale\" content=\"pl_PL\" \/>\n<meta property=\"og:type\" content=\"article\" \/>\n<meta property=\"og:title\" content=\"Kompatybilne ta\u015bmy etykietowe LM-550 | TML\" \/>\n<meta property=\"og:description\" content=\"Kompatybilna kaseta z ta\u015bm\u0105 etykietow\u0105 Standard do MAX Letatwin LM-550. Kolor: bia\u0142y, \u017c\u00f3\u0142ty. Szeroko\u015b\u0107 5 mm. D\u0142ugo\u015b\u0107 8 m (\u017c\u00f3\u0142ta), 16 m (bia\u0142a). | TML\" \/>\n<meta property=\"og:url\" content=\"https:\/\/tml.lt\/pl\/product\/label-tapes-lm-550-standart\/\" \/>\n<meta property=\"og:site_name\" content=\"TML\" \/>\n<meta property=\"article:modified_time\" content=\"2026-02-03T08:18:01+00:00\" \/>\n<meta property=\"og:image\" content=\"https:\/\/tml.lt\/pl\/wp-content\/uploads\/2024\/10\/PT-509-W-Y.webp\" \/>\n\t<meta property=\"og:image:width\" content=\"1600\" \/>\n\t<meta property=\"og:image:height\" content=\"1600\" \/>\n\t<meta property=\"og:image:type\" content=\"image\/webp\" \/>\n<meta name=\"twitter:card\" content=\"summary_large_image\" \/>\n<script type=\"application\/ld+json\" class=\"yoast-schema-graph\">{\"@context\":\"https:\\\/\\\/schema.org\",\"@graph\":[{\"@type\":\"WebPage\",\"@id\":\"https:\\\/\\\/tml.lt\\\/pl\\\/product\\\/label-tapes-lm-550-standart\\\/\",\"url\":\"https:\\\/\\\/tml.lt\\\/pl\\\/product\\\/label-tapes-lm-550-standart\\\/\",\"name\":\"Kompatybilne ta\u015bmy etykietowe LM-550 | TML\",\"isPartOf\":{\"@id\":\"https:\\\/\\\/tml.lt\\\/pl\\\/#website\"},\"primaryImageOfPage\":{\"@id\":\"https:\\\/\\\/tml.lt\\\/pl\\\/product\\\/label-tapes-lm-550-standart\\\/#primaryimage\"},\"image\":{\"@id\":\"https:\\\/\\\/tml.lt\\\/pl\\\/product\\\/label-tapes-lm-550-standart\\\/#primaryimage\"},\"thumbnailUrl\":\"https:\\\/\\\/tml.lt\\\/pl\\\/wp-content\\\/uploads\\\/2024\\\/10\\\/PT-509-W-Y.webp\",\"datePublished\":\"2024-10-24T07:17:57+00:00\",\"dateModified\":\"2026-02-03T08:18:01+00:00\",\"description\":\"Kompatybilna kaseta z ta\u015bm\u0105 etykietow\u0105 Standard do MAX Letatwin LM-550. Kolor: bia\u0142y, \u017c\u00f3\u0142ty. Szeroko\u015b\u0107 5 mm. D\u0142ugo\u015b\u0107 8 m (\u017c\u00f3\u0142ta), 16 m (bia\u0142a). | TML\",\"breadcrumb\":{\"@id\":\"https:\\\/\\\/tml.lt\\\/pl\\\/product\\\/label-tapes-lm-550-standart\\\/#breadcrumb\"},\"inLanguage\":\"pl-PL\",\"potentialAction\":[{\"@type\":\"ReadAction\",\"target\":[\"https:\\\/\\\/tml.lt\\\/pl\\\/product\\\/label-tapes-lm-550-standart\\\/\"]}]},{\"@type\":\"ImageObject\",\"inLanguage\":\"pl-PL\",\"@id\":\"https:\\\/\\\/tml.lt\\\/pl\\\/product\\\/label-tapes-lm-550-standart\\\/#primaryimage\",\"url\":\"https:\\\/\\\/tml.lt\\\/pl\\\/wp-content\\\/uploads\\\/2024\\\/10\\\/PT-509-W-Y.webp\",\"contentUrl\":\"https:\\\/\\\/tml.lt\\\/pl\\\/wp-content\\\/uploads\\\/2024\\\/10\\\/PT-509-W-Y.webp\",\"width\":1600,\"height\":1600,\"caption\":\"Kompatybilne ta\u015bmy etykietowe Standard do MAX Letatwin LM-550\"},{\"@type\":\"BreadcrumbList\",\"@id\":\"https:\\\/\\\/tml.lt\\\/pl\\\/product\\\/label-tapes-lm-550-standart\\\/#breadcrumb\",\"itemListElement\":[{\"@type\":\"ListItem\",\"position\":1,\"name\":\"\u0413\u043b\u0430\u0432\u043d\u0430\u044f \u0441\u0442\u0440\u0430\u043d\u0438\u0446\u0430\",\"item\":\"https:\\\/\\\/tml.lt\\\/pl\\\/\"},{\"@type\":\"ListItem\",\"position\":2,\"name\":\"Produkcja i rozwi\u0105zania w zakresie znakowania, izolacji, mocowania\",\"item\":\"https:\\\/\\\/tml.lt\\\/pl\\\/\"},{\"@type\":\"ListItem\",\"position\":3,\"name\":\"Kompatybilne ta\u015bmy etykietowe LM-550\"}]},{\"@type\":\"WebSite\",\"@id\":\"https:\\\/\\\/tml.lt\\\/pl\\\/#website\",\"url\":\"https:\\\/\\\/tml.lt\\\/pl\\\/\",\"name\":\"TML\",\"description\":\"UAB TML-LT\",\"publisher\":{\"@id\":\"https:\\\/\\\/tml.lt\\\/pl\\\/#organization\"},\"potentialAction\":[{\"@type\":\"SearchAction\",\"target\":{\"@type\":\"EntryPoint\",\"urlTemplate\":\"https:\\\/\\\/tml.lt\\\/pl\\\/?s={search_term_string}\"},\"query-input\":{\"@type\":\"PropertyValueSpecification\",\"valueRequired\":true,\"valueName\":\"search_term_string\"}}],\"inLanguage\":\"pl-PL\"},{\"@type\":\"Organization\",\"@id\":\"https:\\\/\\\/tml.lt\\\/pl\\\/#organization\",\"name\":\"TML\",\"url\":\"https:\\\/\\\/tml.lt\\\/pl\\\/\",\"logo\":{\"@type\":\"ImageObject\",\"inLanguage\":\"pl-PL\",\"@id\":\"https:\\\/\\\/tml.lt\\\/pl\\\/#\\\/schema\\\/logo\\\/image\\\/\",\"url\":\"https:\\\/\\\/tml.lt\\\/pl\\\/wp-content\\\/uploads\\\/2020\\\/09\\\/tml-logo-black-4.png\",\"contentUrl\":\"https:\\\/\\\/tml.lt\\\/pl\\\/wp-content\\\/uploads\\\/2020\\\/09\\\/tml-logo-black-4.png\",\"width\":470,\"height\":110,\"caption\":\"TML\"},\"image\":{\"@id\":\"https:\\\/\\\/tml.lt\\\/pl\\\/#\\\/schema\\\/logo\\\/image\\\/\"}}]}<\/script>\n<!-- \/ Yoast SEO plugin. -->","yoast_head_json":{"title":"Kompatybilne ta\u015bmy etykietowe LM-550 | TML","description":"Kompatybilna kaseta z ta\u015bm\u0105 etykietow\u0105 Standard do MAX Letatwin LM-550. Kolor: bia\u0142y, \u017c\u00f3\u0142ty. Szeroko\u015b\u0107 5 mm. D\u0142ugo\u015b\u0107 8 m (\u017c\u00f3\u0142ta), 16 m (bia\u0142a). | TML","robots":{"index":"index","follow":"follow","max-snippet":"max-snippet:-1","max-image-preview":"max-image-preview:large","max-video-preview":"max-video-preview:-1"},"canonical":"https:\/\/tml.lt\/pl\/product\/label-tapes-lm-550-standart\/","og_locale":"pl_PL","og_type":"article","og_title":"Kompatybilne ta\u015bmy etykietowe LM-550 | TML","og_description":"Kompatybilna kaseta z ta\u015bm\u0105 etykietow\u0105 Standard do MAX Letatwin LM-550. Kolor: bia\u0142y, \u017c\u00f3\u0142ty. Szeroko\u015b\u0107 5 mm. D\u0142ugo\u015b\u0107 8 m (\u017c\u00f3\u0142ta), 16 m (bia\u0142a). | TML","og_url":"https:\/\/tml.lt\/pl\/product\/label-tapes-lm-550-standart\/","og_site_name":"TML","article_modified_time":"2026-02-03T08:18:01+00:00","og_image":[{"width":1600,"height":1600,"url":"https:\/\/tml.lt\/pl\/wp-content\/uploads\/2024\/10\/PT-509-W-Y.webp","type":"image\/webp"}],"twitter_card":"summary_large_image","schema":{"@context":"https:\/\/schema.org","@graph":[{"@type":"WebPage","@id":"https:\/\/tml.lt\/pl\/product\/label-tapes-lm-550-standart\/","url":"https:\/\/tml.lt\/pl\/product\/label-tapes-lm-550-standart\/","name":"Kompatybilne ta\u015bmy etykietowe LM-550 | TML","isPartOf":{"@id":"https:\/\/tml.lt\/pl\/#website"},"primaryImageOfPage":{"@id":"https:\/\/tml.lt\/pl\/product\/label-tapes-lm-550-standart\/#primaryimage"},"image":{"@id":"https:\/\/tml.lt\/pl\/product\/label-tapes-lm-550-standart\/#primaryimage"},"thumbnailUrl":"https:\/\/tml.lt\/pl\/wp-content\/uploads\/2024\/10\/PT-509-W-Y.webp","datePublished":"2024-10-24T07:17:57+00:00","dateModified":"2026-02-03T08:18:01+00:00","description":"Kompatybilna kaseta z ta\u015bm\u0105 etykietow\u0105 Standard do MAX Letatwin LM-550. Kolor: bia\u0142y, \u017c\u00f3\u0142ty. Szeroko\u015b\u0107 5 mm. D\u0142ugo\u015b\u0107 8 m (\u017c\u00f3\u0142ta), 16 m (bia\u0142a). | TML","breadcrumb":{"@id":"https:\/\/tml.lt\/pl\/product\/label-tapes-lm-550-standart\/#breadcrumb"},"inLanguage":"pl-PL","potentialAction":[{"@type":"ReadAction","target":["https:\/\/tml.lt\/pl\/product\/label-tapes-lm-550-standart\/"]}]},{"@type":"ImageObject","inLanguage":"pl-PL","@id":"https:\/\/tml.lt\/pl\/product\/label-tapes-lm-550-standart\/#primaryimage","url":"https:\/\/tml.lt\/pl\/wp-content\/uploads\/2024\/10\/PT-509-W-Y.webp","contentUrl":"https:\/\/tml.lt\/pl\/wp-content\/uploads\/2024\/10\/PT-509-W-Y.webp","width":1600,"height":1600,"caption":"Kompatybilne ta\u015bmy etykietowe Standard do MAX Letatwin LM-550"},{"@type":"BreadcrumbList","@id":"https:\/\/tml.lt\/pl\/product\/label-tapes-lm-550-standart\/#breadcrumb","itemListElement":[{"@type":"ListItem","position":1,"name":"\u0413\u043b\u0430\u0432\u043d\u0430\u044f \u0441\u0442\u0440\u0430\u043d\u0438\u0446\u0430","item":"https:\/\/tml.lt\/pl\/"},{"@type":"ListItem","position":2,"name":"Produkcja i rozwi\u0105zania w zakresie znakowania, izolacji, mocowania","item":"https:\/\/tml.lt\/pl\/"},{"@type":"ListItem","position":3,"name":"Kompatybilne ta\u015bmy etykietowe LM-550"}]},{"@type":"WebSite","@id":"https:\/\/tml.lt\/pl\/#website","url":"https:\/\/tml.lt\/pl\/","name":"TML","description":"UAB TML-LT","publisher":{"@id":"https:\/\/tml.lt\/pl\/#organization"},"potentialAction":[{"@type":"SearchAction","target":{"@type":"EntryPoint","urlTemplate":"https:\/\/tml.lt\/pl\/?s={search_term_string}"},"query-input":{"@type":"PropertyValueSpecification","valueRequired":true,"valueName":"search_term_string"}}],"inLanguage":"pl-PL"},{"@type":"Organization","@id":"https:\/\/tml.lt\/pl\/#organization","name":"TML","url":"https:\/\/tml.lt\/pl\/","logo":{"@type":"ImageObject","inLanguage":"pl-PL","@id":"https:\/\/tml.lt\/pl\/#\/schema\/logo\/image\/","url":"https:\/\/tml.lt\/pl\/wp-content\/uploads\/2020\/09\/tml-logo-black-4.png","contentUrl":"https:\/\/tml.lt\/pl\/wp-content\/uploads\/2020\/09\/tml-logo-black-4.png","width":470,"height":110,"caption":"TML"},"image":{"@id":"https:\/\/tml.lt\/pl\/#\/schema\/logo\/image\/"}}]}},"amp_enabled":true,"_links":{"self":[{"href":"https:\/\/tml.lt\/pl\/wp-json\/wp\/v2\/product\/19473","targetHints":{"allow":["GET"]}}],"collection":[{"href":"https:\/\/tml.lt\/pl\/wp-json\/wp\/v2\/product"}],"about":[{"href":"https:\/\/tml.lt\/pl\/wp-json\/wp\/v2\/types\/product"}],"wp:featuredmedia":[{"embeddable":true,"href":"https:\/\/tml.lt\/pl\/wp-json\/wp\/v2\/media\/21287"}],"wp:attachment":[{"href":"https:\/\/tml.lt\/pl\/wp-json\/wp\/v2\/media?parent=19473"}],"wp:term":[{"taxonomy":"product_brand","embeddable":true,"href":"https:\/\/tml.lt\/pl\/wp-json\/wp\/v2\/product_brand?post=19473"},{"taxonomy":"product_cat","embeddable":true,"href":"https:\/\/tml.lt\/pl\/wp-json\/wp\/v2\/product_cat?post=19473"},{"taxonomy":"product_tag","embeddable":true,"href":"https:\/\/tml.lt\/pl\/wp-json\/wp\/v2\/product_tag?post=19473"}],"curies":[{"name":"wp","href":"https:\/\/api.w.org\/{rel}","templated":true}]}}