{"id":19544,"date":"2024-10-25T11:30:04","date_gmt":"2024-10-25T09:30:04","guid":{"rendered":"https:\/\/tml.lt\/en\/?post_type=product&#038;p=19544"},"modified":"2026-04-16T10:11:34","modified_gmt":"2026-04-16T08:11:34","slug":"id-strip-canon-mk","status":"publish","type":"product","link":"https:\/\/tml.lt\/pl\/product\/id-strip-canon-mk\/","title":{"rendered":"Nieklej\u0105ce plastikowe ta\u015bmy do Canon M1\/Mk, oryginalny"},"content":{"rendered":"<div class=\"woocommerce\"><\/div><table id=\"wcpt_c4bedc1e94a2813c_1\" class=\"wc-product-table woocommerce multicart-enabled\" width=\"100%\" data-config='{\"pageLength\":10,\"pagingType\":\"numbers\",\"serverSide\":false,\"autoWidth\":true,\"clickFilter\":\"false\",\"scrollOffset\":15,\"resetButton\":false,\"multiAddToCart\":false,\"multiCartLocation\":\"top\",\"variations\":\"separate\",\"ajaxCart\":false,\"numOrder\":false,\"stickyHeader\":false,\"lengthMenu\":[[10,25,50,100,-1],[10,25,50,100,\"Wszystko\"]],\"columnDefs\":[{\"className\":\"col-sku\",\"targets\":0,\"type\":\"html\"},{\"className\":\"col-name\",\"targets\":1,\"type\":\"html\"},{\"className\":\"col-color\",\"targets\":2,\"type\":\"html\"},{\"className\":\"col-rollwidth\",\"targets\":3,\"type\":\"html\"},{\"className\":\"col-rolllength\",\"targets\":4,\"type\":\"html\"},{\"className\":\"col-thickness\",\"targets\":5,\"type\":\"html\"},{\"className\":\"col-price\",\"targets\":6,\"type\":\"html-num\"},{\"className\":\"col-buy col-add-to-cart\",\"targets\":7,\"type\":\"html\"}],\"responsive\":{\"details\":{\"display\":\"child_row\"}},\"search\":{\"search\":\"\"},\"dom\":\"&lt;\\\"wc-product-table-wrapper bootscore wpt-styling-theme\\\"&lt;\\\"wc-product-table-controls wc-product-table-above\\\"&gt;t&lt;\\\"wc-product-table-controls wc-product-table-below\\\"ip&gt;&gt;\"}' data-filters=\"false\" data-order=\"[]\"><thead><tr><th class=\"all\" data-name=\"sku\" data-orderable=\"true\" data-searchable=\"true\" data-priority=\"6\">SKU<\/th><th data-name=\"name\" data-orderable=\"true\" data-searchable=\"true\" data-priority=\"1\">Nazwa<\/th><th data-name=\"att_pa_color\" data-orderable=\"true\" data-searchable=\"true\">Kolor<\/th><th data-name=\"att_pa_rollwidth\" data-orderable=\"true\" data-searchable=\"true\">Szeroko&#347;&#263; rolki<\/th><th data-name=\"att_pa_rolllength\" data-orderable=\"true\" data-searchable=\"true\">D&#322;ugo&#347;&#263; rolki<\/th><th data-name=\"att_pa_thickness\" data-orderable=\"true\" data-searchable=\"true\">Grubo&#347;&#263;<\/th><th data-name=\"price\" data-orderable=\"true\" data-searchable=\"true\" data-priority=\"3\">Cena<\/th><th data-name=\"buy\" data-orderable=\"false\" data-searchable=\"true\" data-priority=\"2\">Kup<\/th><\/tr><\/thead><tbody><tr id=\"product-row-19545\" class=\"product product-row product-19545 instock product-type-variation purchasable\"><td><a href=\"https:\/\/tml.lt\/pl\/product\/id-strip-canon-mk\/?attribute_pa_color=white&amp;attribute_pa_rollwidth=4-6-mm&amp;attribute_pa_rolllength=5-m&amp;attribute_pa_thickness=0-5mm-en\" class=\"single-product-link\" data-product_id=\"19545\">3476A035<\/a><\/td><td><a href=\"https:\/\/tml.lt\/pl\/product\/id-strip-canon-mk\/?attribute_pa_color=white&amp;attribute_pa_rollwidth=4-6-mm&amp;attribute_pa_rolllength=5-m&amp;attribute_pa_thickness=0-5mm-en\" class=\"single-product-link\" data-product_id=\"19545\">Nieklej&#261;ce plastikowe ta&#347;my do Canon M1\/Mk, oryginalny - bia&#322;e, 4.6 mm, 5 m, 0.5mm<\/a><\/td><td><span data-slug=\"white\">bia&#322;e<\/span><\/td><td><span data-slug=\"4-6-mm\">4.6 mm<\/span><\/td><td><span data-slug=\"5-m\">5 m<\/span><\/td><td><span data-slug=\"0-5mm-en\">0.5mm<\/span><\/td><td data-sort=\"29.50\"><span class=\"woocommerce-Price-amount amount\"><bdi><span class=\"woocommerce-Price-currencySymbol\">&euro;<\/span>29.50<\/bdi><\/span><\/td><td><div class=\"add-to-cart-wrapper with-cart-button with-quantity\"> <form class=\"cart\" method=\"post\" enctype=\"multipart\/form-data\"> <div class=\"add-to-cart-button\"><div class=\"quantity\"> <div class=\"input-group\"><button type=\"button\" class=\"minus input-group-text disabled\" disabled data-type=\"minus\">-<\/button> <label class=\"screen-reader-text\" for=\"quantity_69ee3154288bc\">ilo&#347;&#263; Nieklej&#261;ce plastikowe ta&#347;my do Canon M1\/Mk, oryginalny<\/label> <input type=\"number\" id=\"quantity_69ee3154288bc\" class=\"input-text qty text form-control\" name=\"quantity\" value=\"1\" aria-label=\"Ilo&#347;&#263; produktu\" min=\"1\" step=\"1\" placeholder=\"\" inputmode=\"numeric\" autocomplete=\"off\"> <button type=\"button\" class=\"plus input-group-text\" data-type=\"plus\">+<\/button><\/div><\/div> <button type=\"submit\" name=\"add-to-cart\" value=\"19544\" class=\"single_add_to_cart_button button alt\">Dodaj do koszyka<\/button> <\/div> <input type=\"hidden\" name=\"variation_id\" value=\"19545\"> <div class=\"variations hidden\"> <input type=\"hidden\" name=\"attribute_pa_color\" value=\"white\"> <input type=\"hidden\" name=\"attribute_pa_rollwidth\" value=\"4-6-mm\"> <input type=\"hidden\" name=\"attribute_pa_rolllength\" value=\"5-m\"> <input type=\"hidden\" name=\"attribute_pa_thickness\" value=\"0-5mm-en\"> <\/div> <\/form> <div class=\"multi-cart-check\"> <input type=\"hidden\" name=\"wpt_product_price\" value=\"29.5\" form=\"multi-cart\"> <\/div> <\/div><\/td><\/tr><tr id=\"product-row-19546\" class=\"product product-row product-19546 instock product-type-variation purchasable\"><td><a href=\"https:\/\/tml.lt\/pl\/product\/id-strip-canon-mk\/?attribute_pa_color=yellow-en&amp;attribute_pa_rollwidth=4-6-mm&amp;attribute_pa_rolllength=5-m&amp;attribute_pa_thickness=0-5mm-en\" class=\"single-product-link\" data-product_id=\"19546\">3476A072<\/a><\/td><td><a href=\"https:\/\/tml.lt\/pl\/product\/id-strip-canon-mk\/?attribute_pa_color=yellow-en&amp;attribute_pa_rollwidth=4-6-mm&amp;attribute_pa_rolllength=5-m&amp;attribute_pa_thickness=0-5mm-en\" class=\"single-product-link\" data-product_id=\"19546\">Nieklej&#261;ce plastikowe ta&#347;my do Canon M1\/Mk, oryginalny - &#380;&oacute;&#322;ty, 4.6 mm, 5 m, 0.5mm<\/a><\/td><td><span data-slug=\"yellow-en\">&#380;&oacute;&#322;ty<\/span><\/td><td><span data-slug=\"4-6-mm\">4.6 mm<\/span><\/td><td><span data-slug=\"5-m\">5 m<\/span><\/td><td><span data-slug=\"0-5mm-en\">0.5mm<\/span><\/td><td data-sort=\"29.50\"><span class=\"woocommerce-Price-amount amount\"><bdi><span class=\"woocommerce-Price-currencySymbol\">&euro;<\/span>29.50<\/bdi><\/span><\/td><td><div class=\"add-to-cart-wrapper with-cart-button with-quantity\"> <form class=\"cart\" method=\"post\" enctype=\"multipart\/form-data\"> <div class=\"add-to-cart-button\"><div class=\"quantity\"> <div class=\"input-group\"><button type=\"button\" class=\"minus input-group-text disabled\" disabled data-type=\"minus\">-<\/button> <label class=\"screen-reader-text\" for=\"quantity_69ee315429d2d\">ilo&#347;&#263; Nieklej&#261;ce plastikowe ta&#347;my do Canon M1\/Mk, oryginalny<\/label> <input type=\"number\" id=\"quantity_69ee315429d2d\" class=\"input-text qty text form-control\" name=\"quantity\" value=\"1\" aria-label=\"Ilo&#347;&#263; produktu\" min=\"1\" step=\"1\" placeholder=\"\" inputmode=\"numeric\" autocomplete=\"off\"> <button type=\"button\" class=\"plus input-group-text\" data-type=\"plus\">+<\/button><\/div><\/div> <button type=\"submit\" name=\"add-to-cart\" value=\"19544\" class=\"single_add_to_cart_button button alt\">Dodaj do koszyka<\/button> <\/div> <input type=\"hidden\" name=\"variation_id\" value=\"19546\"> <div class=\"variations hidden\"> <input type=\"hidden\" name=\"attribute_pa_color\" value=\"yellow-en\"> <input type=\"hidden\" name=\"attribute_pa_rollwidth\" value=\"4-6-mm\"> <input type=\"hidden\" name=\"attribute_pa_rolllength\" value=\"5-m\"> <input type=\"hidden\" name=\"attribute_pa_thickness\" value=\"0-5mm-en\"> <\/div> <\/form> <div class=\"multi-cart-check\"> <input type=\"hidden\" name=\"wpt_product_price\" value=\"29.5\" form=\"multi-cart\"> <\/div> <\/div><\/td><\/tr><\/tbody><\/table>\n","protected":false},"excerpt":{"rendered":"<p><mark>Nieklej\u0105ce plastikowe ta\u015bmy<\/mark> ID-strip w kasecie do drukarek oznacznik\u00f3w kablowych Canon i Partex.<\/p>\n<p>Kolor: bia\u0142y, \u017c\u00f3\u0142ty<br \/>\nSzeroko\u015b\u0107: 4.6 mm<br \/>\nD\u0142ugo\u015b\u0107: 5 metr\u00f3w<\/p>\n<p>Kompatybilne z drukarkami:<br \/>\n\u2022 Canon: Mk1500, Mk2600, M1 Std III, M1 Pro V<br \/>\n\u2022 Partex Promark T-800, T-1000.<\/p>\n","protected":false},"featured_media":17623,"template":"","meta":[],"product_brand":[],"product_cat":[2444,257],"product_tag":[527],"class_list":{"0":"post-19544","1":"product","2":"type-product","3":"status-publish","4":"has-post-thumbnail","6":"product_cat-canon-mk2600-mk1500-m1prov-partex-t1000-t800","7":"product_cat-flat-inserts","8":"product_tag-canon","10":"first","11":"instock","12":"shipping-taxable","13":"purchasable","14":"product-type-variable","15":"has-default-attributes"},"yoast_head":"<!-- This site is optimized with the Yoast SEO plugin v27.4 - https:\/\/yoast.com\/product\/yoast-seo-wordpress\/ -->\n<title>Nieklej\u0105ce plastikowe ta\u015bmy do Canon M1\/Mk, oryginalny | TML<\/title>\n<meta name=\"description\" content=\"Nieklej\u0105ce plastikowe ta\u015bmy ID-strip w kasecie do drukarek oznacznik\u00f3w kablowych Canon i Partex. Kolor: bia\u0142y, \u017c\u00f3\u0142ty. Szeroko\u015b\u0107 4.6 mm. D\u0142ugo\u015b\u0107 5 metr\u00f3w | TML\" \/>\n<meta name=\"robots\" content=\"index, follow, max-snippet:-1, max-image-preview:large, max-video-preview:-1\" \/>\n<link rel=\"canonical\" href=\"https:\/\/tml.lt\/pl\/product\/id-strip-canon-mk\/\" \/>\n<meta property=\"og:locale\" content=\"pl_PL\" \/>\n<meta property=\"og:type\" content=\"article\" \/>\n<meta property=\"og:title\" content=\"Nieklej\u0105ce plastikowe ta\u015bmy do Canon M1\/Mk, oryginalny | TML\" \/>\n<meta property=\"og:description\" content=\"Nieklej\u0105ce plastikowe ta\u015bmy ID-strip w kasecie do drukarek oznacznik\u00f3w kablowych Canon i Partex. Kolor: bia\u0142y, \u017c\u00f3\u0142ty. Szeroko\u015b\u0107 4.6 mm. D\u0142ugo\u015b\u0107 5 metr\u00f3w | TML\" \/>\n<meta property=\"og:url\" content=\"https:\/\/tml.lt\/pl\/product\/id-strip-canon-mk\/\" \/>\n<meta property=\"og:site_name\" content=\"TML\" \/>\n<meta property=\"article:modified_time\" content=\"2026-04-16T08:11:34+00:00\" \/>\n<meta property=\"og:image\" content=\"https:\/\/tml.lt\/pl\/wp-content\/uploads\/2017\/11\/canon-partex-id-stripes-tapes-4mm-white-yellow.jpg\" \/>\n\t<meta property=\"og:image:width\" content=\"500\" \/>\n\t<meta property=\"og:image:height\" content=\"500\" \/>\n\t<meta property=\"og:image:type\" content=\"image\/jpeg\" \/>\n<meta name=\"twitter:card\" content=\"summary_large_image\" \/>\n<script type=\"application\/ld+json\" class=\"yoast-schema-graph\">{\"@context\":\"https:\\\/\\\/schema.org\",\"@graph\":[{\"@type\":\"WebPage\",\"@id\":\"https:\\\/\\\/tml.lt\\\/pl\\\/product\\\/id-strip-canon-mk\\\/\",\"url\":\"https:\\\/\\\/tml.lt\\\/pl\\\/product\\\/id-strip-canon-mk\\\/\",\"name\":\"Nieklej\u0105ce plastikowe ta\u015bmy do Canon M1\\\/Mk, oryginalny | TML\",\"isPartOf\":{\"@id\":\"https:\\\/\\\/tml.lt\\\/pl\\\/#website\"},\"primaryImageOfPage\":{\"@id\":\"https:\\\/\\\/tml.lt\\\/pl\\\/product\\\/id-strip-canon-mk\\\/#primaryimage\"},\"image\":{\"@id\":\"https:\\\/\\\/tml.lt\\\/pl\\\/product\\\/id-strip-canon-mk\\\/#primaryimage\"},\"thumbnailUrl\":\"https:\\\/\\\/tml.lt\\\/pl\\\/wp-content\\\/uploads\\\/2017\\\/11\\\/canon-partex-id-stripes-tapes-4mm-white-yellow.jpg\",\"datePublished\":\"2024-10-25T09:30:04+00:00\",\"dateModified\":\"2026-04-16T08:11:34+00:00\",\"description\":\"Nieklej\u0105ce plastikowe ta\u015bmy ID-strip w kasecie do drukarek oznacznik\u00f3w kablowych Canon i Partex. Kolor: bia\u0142y, \u017c\u00f3\u0142ty. Szeroko\u015b\u0107 4.6 mm. D\u0142ugo\u015b\u0107 5 metr\u00f3w | TML\",\"breadcrumb\":{\"@id\":\"https:\\\/\\\/tml.lt\\\/pl\\\/product\\\/id-strip-canon-mk\\\/#breadcrumb\"},\"inLanguage\":\"pl-PL\",\"potentialAction\":[{\"@type\":\"ReadAction\",\"target\":[\"https:\\\/\\\/tml.lt\\\/pl\\\/product\\\/id-strip-canon-mk\\\/\"]}]},{\"@type\":\"ImageObject\",\"inLanguage\":\"pl-PL\",\"@id\":\"https:\\\/\\\/tml.lt\\\/pl\\\/product\\\/id-strip-canon-mk\\\/#primaryimage\",\"url\":\"https:\\\/\\\/tml.lt\\\/pl\\\/wp-content\\\/uploads\\\/2017\\\/11\\\/canon-partex-id-stripes-tapes-4mm-white-yellow.jpg\",\"contentUrl\":\"https:\\\/\\\/tml.lt\\\/pl\\\/wp-content\\\/uploads\\\/2017\\\/11\\\/canon-partex-id-stripes-tapes-4mm-white-yellow.jpg\",\"width\":500,\"height\":500,\"caption\":\"ID Stripes cassette Canon, Partex\"},{\"@type\":\"BreadcrumbList\",\"@id\":\"https:\\\/\\\/tml.lt\\\/pl\\\/product\\\/id-strip-canon-mk\\\/#breadcrumb\",\"itemListElement\":[{\"@type\":\"ListItem\",\"position\":1,\"name\":\"\u0413\u043b\u0430\u0432\u043d\u0430\u044f \u0441\u0442\u0440\u0430\u043d\u0438\u0446\u0430\",\"item\":\"https:\\\/\\\/tml.lt\\\/pl\\\/\"},{\"@type\":\"ListItem\",\"position\":2,\"name\":\"Produkcja i rozwi\u0105zania w zakresie znakowania, izolacji, mocowania\",\"item\":\"https:\\\/\\\/tml.lt\\\/pl\\\/\"},{\"@type\":\"ListItem\",\"position\":3,\"name\":\"Nieklej\u0105ce plastikowe ta\u015bmy do Canon M1\\\/Mk, oryginalny\"}]},{\"@type\":\"WebSite\",\"@id\":\"https:\\\/\\\/tml.lt\\\/pl\\\/#website\",\"url\":\"https:\\\/\\\/tml.lt\\\/pl\\\/\",\"name\":\"TML\",\"description\":\"UAB TML-LT\",\"publisher\":{\"@id\":\"https:\\\/\\\/tml.lt\\\/pl\\\/#organization\"},\"potentialAction\":[{\"@type\":\"SearchAction\",\"target\":{\"@type\":\"EntryPoint\",\"urlTemplate\":\"https:\\\/\\\/tml.lt\\\/pl\\\/?s={search_term_string}\"},\"query-input\":{\"@type\":\"PropertyValueSpecification\",\"valueRequired\":true,\"valueName\":\"search_term_string\"}}],\"inLanguage\":\"pl-PL\"},{\"@type\":\"Organization\",\"@id\":\"https:\\\/\\\/tml.lt\\\/pl\\\/#organization\",\"name\":\"TML\",\"url\":\"https:\\\/\\\/tml.lt\\\/pl\\\/\",\"logo\":{\"@type\":\"ImageObject\",\"inLanguage\":\"pl-PL\",\"@id\":\"https:\\\/\\\/tml.lt\\\/pl\\\/#\\\/schema\\\/logo\\\/image\\\/\",\"url\":\"https:\\\/\\\/tml.lt\\\/pl\\\/wp-content\\\/uploads\\\/2020\\\/09\\\/tml-logo-black-4.png\",\"contentUrl\":\"https:\\\/\\\/tml.lt\\\/pl\\\/wp-content\\\/uploads\\\/2020\\\/09\\\/tml-logo-black-4.png\",\"width\":470,\"height\":110,\"caption\":\"TML\"},\"image\":{\"@id\":\"https:\\\/\\\/tml.lt\\\/pl\\\/#\\\/schema\\\/logo\\\/image\\\/\"}}]}<\/script>\n<!-- \/ Yoast SEO plugin. -->","yoast_head_json":{"title":"Nieklej\u0105ce plastikowe ta\u015bmy do Canon M1\/Mk, oryginalny | TML","description":"Nieklej\u0105ce plastikowe ta\u015bmy ID-strip w kasecie do drukarek oznacznik\u00f3w kablowych Canon i Partex. Kolor: bia\u0142y, \u017c\u00f3\u0142ty. Szeroko\u015b\u0107 4.6 mm. D\u0142ugo\u015b\u0107 5 metr\u00f3w | TML","robots":{"index":"index","follow":"follow","max-snippet":"max-snippet:-1","max-image-preview":"max-image-preview:large","max-video-preview":"max-video-preview:-1"},"canonical":"https:\/\/tml.lt\/pl\/product\/id-strip-canon-mk\/","og_locale":"pl_PL","og_type":"article","og_title":"Nieklej\u0105ce plastikowe ta\u015bmy do Canon M1\/Mk, oryginalny | TML","og_description":"Nieklej\u0105ce plastikowe ta\u015bmy ID-strip w kasecie do drukarek oznacznik\u00f3w kablowych Canon i Partex. Kolor: bia\u0142y, \u017c\u00f3\u0142ty. Szeroko\u015b\u0107 4.6 mm. D\u0142ugo\u015b\u0107 5 metr\u00f3w | TML","og_url":"https:\/\/tml.lt\/pl\/product\/id-strip-canon-mk\/","og_site_name":"TML","article_modified_time":"2026-04-16T08:11:34+00:00","og_image":[{"width":500,"height":500,"url":"https:\/\/tml.lt\/pl\/wp-content\/uploads\/2017\/11\/canon-partex-id-stripes-tapes-4mm-white-yellow.jpg","type":"image\/jpeg"}],"twitter_card":"summary_large_image","schema":{"@context":"https:\/\/schema.org","@graph":[{"@type":"WebPage","@id":"https:\/\/tml.lt\/pl\/product\/id-strip-canon-mk\/","url":"https:\/\/tml.lt\/pl\/product\/id-strip-canon-mk\/","name":"Nieklej\u0105ce plastikowe ta\u015bmy do Canon M1\/Mk, oryginalny | TML","isPartOf":{"@id":"https:\/\/tml.lt\/pl\/#website"},"primaryImageOfPage":{"@id":"https:\/\/tml.lt\/pl\/product\/id-strip-canon-mk\/#primaryimage"},"image":{"@id":"https:\/\/tml.lt\/pl\/product\/id-strip-canon-mk\/#primaryimage"},"thumbnailUrl":"https:\/\/tml.lt\/pl\/wp-content\/uploads\/2017\/11\/canon-partex-id-stripes-tapes-4mm-white-yellow.jpg","datePublished":"2024-10-25T09:30:04+00:00","dateModified":"2026-04-16T08:11:34+00:00","description":"Nieklej\u0105ce plastikowe ta\u015bmy ID-strip w kasecie do drukarek oznacznik\u00f3w kablowych Canon i Partex. Kolor: bia\u0142y, \u017c\u00f3\u0142ty. Szeroko\u015b\u0107 4.6 mm. D\u0142ugo\u015b\u0107 5 metr\u00f3w | TML","breadcrumb":{"@id":"https:\/\/tml.lt\/pl\/product\/id-strip-canon-mk\/#breadcrumb"},"inLanguage":"pl-PL","potentialAction":[{"@type":"ReadAction","target":["https:\/\/tml.lt\/pl\/product\/id-strip-canon-mk\/"]}]},{"@type":"ImageObject","inLanguage":"pl-PL","@id":"https:\/\/tml.lt\/pl\/product\/id-strip-canon-mk\/#primaryimage","url":"https:\/\/tml.lt\/pl\/wp-content\/uploads\/2017\/11\/canon-partex-id-stripes-tapes-4mm-white-yellow.jpg","contentUrl":"https:\/\/tml.lt\/pl\/wp-content\/uploads\/2017\/11\/canon-partex-id-stripes-tapes-4mm-white-yellow.jpg","width":500,"height":500,"caption":"ID Stripes cassette Canon, Partex"},{"@type":"BreadcrumbList","@id":"https:\/\/tml.lt\/pl\/product\/id-strip-canon-mk\/#breadcrumb","itemListElement":[{"@type":"ListItem","position":1,"name":"\u0413\u043b\u0430\u0432\u043d\u0430\u044f \u0441\u0442\u0440\u0430\u043d\u0438\u0446\u0430","item":"https:\/\/tml.lt\/pl\/"},{"@type":"ListItem","position":2,"name":"Produkcja i rozwi\u0105zania w zakresie znakowania, izolacji, mocowania","item":"https:\/\/tml.lt\/pl\/"},{"@type":"ListItem","position":3,"name":"Nieklej\u0105ce plastikowe ta\u015bmy do Canon M1\/Mk, oryginalny"}]},{"@type":"WebSite","@id":"https:\/\/tml.lt\/pl\/#website","url":"https:\/\/tml.lt\/pl\/","name":"TML","description":"UAB TML-LT","publisher":{"@id":"https:\/\/tml.lt\/pl\/#organization"},"potentialAction":[{"@type":"SearchAction","target":{"@type":"EntryPoint","urlTemplate":"https:\/\/tml.lt\/pl\/?s={search_term_string}"},"query-input":{"@type":"PropertyValueSpecification","valueRequired":true,"valueName":"search_term_string"}}],"inLanguage":"pl-PL"},{"@type":"Organization","@id":"https:\/\/tml.lt\/pl\/#organization","name":"TML","url":"https:\/\/tml.lt\/pl\/","logo":{"@type":"ImageObject","inLanguage":"pl-PL","@id":"https:\/\/tml.lt\/pl\/#\/schema\/logo\/image\/","url":"https:\/\/tml.lt\/pl\/wp-content\/uploads\/2020\/09\/tml-logo-black-4.png","contentUrl":"https:\/\/tml.lt\/pl\/wp-content\/uploads\/2020\/09\/tml-logo-black-4.png","width":470,"height":110,"caption":"TML"},"image":{"@id":"https:\/\/tml.lt\/pl\/#\/schema\/logo\/image\/"}}]}},"amp_enabled":true,"_links":{"self":[{"href":"https:\/\/tml.lt\/pl\/wp-json\/wp\/v2\/product\/19544","targetHints":{"allow":["GET"]}}],"collection":[{"href":"https:\/\/tml.lt\/pl\/wp-json\/wp\/v2\/product"}],"about":[{"href":"https:\/\/tml.lt\/pl\/wp-json\/wp\/v2\/types\/product"}],"wp:featuredmedia":[{"embeddable":true,"href":"https:\/\/tml.lt\/pl\/wp-json\/wp\/v2\/media\/17623"}],"wp:attachment":[{"href":"https:\/\/tml.lt\/pl\/wp-json\/wp\/v2\/media?parent=19544"}],"wp:term":[{"taxonomy":"product_brand","embeddable":true,"href":"https:\/\/tml.lt\/pl\/wp-json\/wp\/v2\/product_brand?post=19544"},{"taxonomy":"product_cat","embeddable":true,"href":"https:\/\/tml.lt\/pl\/wp-json\/wp\/v2\/product_cat?post=19544"},{"taxonomy":"product_tag","embeddable":true,"href":"https:\/\/tml.lt\/pl\/wp-json\/wp\/v2\/product_tag?post=19544"}],"curies":[{"name":"wp","href":"https:\/\/api.w.org\/{rel}","templated":true}]}}