{"id":19688,"date":"2024-10-30T12:44:42","date_gmt":"2024-10-30T10:44:42","guid":{"rendered":"https:\/\/tml.lt\/en\/?post_type=product&#038;p=19688"},"modified":"2026-04-16T09:57:19","modified_gmt":"2026-04-16T07:57:19","slug":"pvc-profile-partex-ppa","status":"publish","type":"product","link":"https:\/\/tml.lt\/pl\/product\/pvc-profile-partex-ppa\/","title":{"rendered":"Samoprzylepny p\u0142aski profil PVC Partex PPA+"},"content":{"rendered":"<div class=\"woocommerce\"><\/div><table id=\"wcpt_c0c470195a5e0abd_1\" class=\"wc-product-table woocommerce multicart-enabled\" width=\"100%\" data-config='{\"pageLength\":10,\"pagingType\":\"numbers\",\"serverSide\":false,\"autoWidth\":true,\"clickFilter\":\"false\",\"scrollOffset\":15,\"resetButton\":false,\"multiAddToCart\":false,\"multiCartLocation\":\"top\",\"variations\":\"separate\",\"ajaxCart\":false,\"numOrder\":false,\"stickyHeader\":false,\"lengthMenu\":[[10,25,50,100,-1],[10,25,50,100,\"Wszystko\"]],\"columnDefs\":[{\"className\":\"col-sku\",\"targets\":0,\"type\":\"html\"},{\"className\":\"col-name\",\"targets\":1,\"type\":\"html\"},{\"className\":\"col-color\",\"targets\":2,\"type\":\"html\"},{\"className\":\"col-rollwidth\",\"targets\":3,\"type\":\"html\"},{\"className\":\"col-rolllength\",\"targets\":4,\"type\":\"html\"},{\"className\":\"col-price\",\"targets\":5,\"type\":\"html-num\"},{\"className\":\"col-buy col-add-to-cart\",\"targets\":6,\"type\":\"html\"}],\"responsive\":{\"details\":{\"display\":\"child_row\"}},\"search\":{\"search\":\"\"},\"dom\":\"&lt;\\\"wc-product-table-wrapper bootscore wpt-styling-theme\\\"&lt;\\\"wc-product-table-controls wc-product-table-above\\\"&gt;t&lt;\\\"wc-product-table-controls wc-product-table-below\\\"ip&gt;&gt;\"}' data-filters=\"false\" data-order=\"[]\"><thead><tr><th class=\"all\" data-name=\"sku\" data-orderable=\"true\" data-searchable=\"true\" data-priority=\"6\">SKU<\/th><th data-name=\"name\" data-orderable=\"true\" data-searchable=\"true\" data-priority=\"1\">Nazwa<\/th><th data-name=\"att_pa_color\" data-orderable=\"true\" data-searchable=\"true\">Kolor<\/th><th data-name=\"att_pa_rollwidth\" data-orderable=\"true\" data-searchable=\"true\">Szeroko&#347;&#263; rolki<\/th><th data-name=\"att_pa_rolllength\" data-orderable=\"true\" data-searchable=\"true\">D&#322;ugo&#347;&#263; rolki<\/th><th data-name=\"price\" data-orderable=\"true\" data-searchable=\"true\" data-priority=\"3\">Cena<\/th><th data-name=\"buy\" data-orderable=\"false\" data-searchable=\"true\" data-priority=\"2\">Kup<\/th><\/tr><\/thead><tbody><tr id=\"product-row-19697\" class=\"product product-row product-19697 instock product-type-variation purchasable\"><td><a href=\"https:\/\/tml.lt\/pl\/product\/pvc-profile-partex-ppa\/?attribute_pa_color=white&amp;attribute_pa_rollwidth=9-mm&amp;attribute_pa_rolllength=10-m&amp;attribute_pa_thickness=0-5mm-en\" class=\"single-product-link\" data-product_id=\"19697\">PPA+09000SN9<\/a><\/td><td><a href=\"https:\/\/tml.lt\/pl\/product\/pvc-profile-partex-ppa\/?attribute_pa_color=white&amp;attribute_pa_rollwidth=9-mm&amp;attribute_pa_rolllength=10-m&amp;attribute_pa_thickness=0-5mm-en\" class=\"single-product-link\" data-product_id=\"19697\">Samoprzylepny p&#322;aski profil PVC Partex PPA+ - bia&#322;e, 9 mm, 10 m, 0.5mm<\/a><\/td><td><span data-slug=\"white\">bia&#322;e<\/span><\/td><td><span data-slug=\"9-mm\">9 mm<\/span><\/td><td><span data-slug=\"10-m\">10 m<\/span><\/td><td data-sort=\"54.00\"><span class=\"woocommerce-Price-amount amount\"><bdi><span class=\"woocommerce-Price-currencySymbol\">&euro;<\/span>54.00<\/bdi><\/span><\/td><td><div class=\"add-to-cart-wrapper with-cart-button with-quantity\"> <form class=\"cart\" method=\"post\" enctype=\"multipart\/form-data\"> <div class=\"add-to-cart-button\"><div class=\"quantity\"> <div class=\"input-group\"><button type=\"button\" class=\"minus input-group-text disabled\" disabled data-type=\"minus\">-<\/button> <label class=\"screen-reader-text\" for=\"quantity_69f4cd3e64034\">ilo&#347;&#263; Samoprzylepny p&#322;aski profil <a href=\"https:\/\/tml.lt\/pl\/encyclopedia\/pvc\/\" target=\"_self\" title=\"PVC is abbreviation for polyvinyl chloride. A widely used polymer that is resistant to grease, water, most solvents and some acids. Can be produced as a durable, abrasion-resistant film. The film fits perfectly and can sometimes be used outdoors.\" class=\"encyclopedia\">PVC<\/a> Partex PPA+<\/label> <input type=\"number\" id=\"quantity_69f4cd3e64034\" class=\"input-text qty text form-control\" name=\"quantity\" value=\"1\" aria-label=\"Ilo&#347;&#263; produktu\" min=\"1\" step=\"1\" placeholder=\"\" inputmode=\"numeric\" autocomplete=\"off\"> <button type=\"button\" class=\"plus input-group-text\" data-type=\"plus\">+<\/button><\/div><\/div> <button type=\"submit\" name=\"add-to-cart\" value=\"19688\" class=\"single_add_to_cart_button button alt\">Dodaj do koszyka<\/button> <\/div> <input type=\"hidden\" name=\"variation_id\" value=\"19697\"> <div class=\"variations hidden\"> <input type=\"hidden\" name=\"attribute_pa_color\" value=\"white\"> <input type=\"hidden\" name=\"attribute_pa_rollwidth\" value=\"9-mm\"> <input type=\"hidden\" name=\"attribute_pa_rolllength\" value=\"10-m\"> <input type=\"hidden\" name=\"attribute_pa_thickness\" value=\"0-5mm-en\"> <\/div> <\/form> <div class=\"multi-cart-check\"> <input type=\"hidden\" name=\"wpt_product_price\" value=\"54\" form=\"multi-cart\"> <\/div> <\/div><\/td><\/tr><tr id=\"product-row-19698\" class=\"product product-row product-19698 instock product-type-variation purchasable\"><td><a href=\"https:\/\/tml.lt\/pl\/product\/pvc-profile-partex-ppa\/?attribute_pa_color=white&amp;attribute_pa_rollwidth=9-mm&amp;attribute_pa_rolllength=25m&amp;attribute_pa_thickness=0-5mm-en\" class=\"single-product-link\" data-product_id=\"19698\">PPA+09000DN9<\/a><\/td><td><a href=\"https:\/\/tml.lt\/pl\/product\/pvc-profile-partex-ppa\/?attribute_pa_color=white&amp;attribute_pa_rollwidth=9-mm&amp;attribute_pa_rolllength=25m&amp;attribute_pa_thickness=0-5mm-en\" class=\"single-product-link\" data-product_id=\"19698\">Samoprzylepny p&#322;aski profil PVC Partex PPA+ - bia&#322;e, 9 mm, 25 m, 0.5mm<\/a><\/td><td><span data-slug=\"white\">bia&#322;e<\/span><\/td><td><span data-slug=\"9-mm\">9 mm<\/span><\/td><td><span data-slug=\"25m\">25 m<\/span><\/td><td data-sort=\"132.00\"><span class=\"woocommerce-Price-amount amount\"><bdi><span class=\"woocommerce-Price-currencySymbol\">&euro;<\/span>132.00<\/bdi><\/span><\/td><td><div class=\"add-to-cart-wrapper with-cart-button with-quantity\"> <form class=\"cart\" method=\"post\" enctype=\"multipart\/form-data\"> <div class=\"add-to-cart-button\"><div class=\"quantity\"> <div class=\"input-group\"><button type=\"button\" class=\"minus input-group-text disabled\" disabled data-type=\"minus\">-<\/button> <label class=\"screen-reader-text\" for=\"quantity_69f4cd3e64f2c\">ilo&#347;&#263; Samoprzylepny p&#322;aski profil <a href=\"https:\/\/tml.lt\/pl\/encyclopedia\/pvc\/\" target=\"_self\" title=\"PVC is abbreviation for polyvinyl chloride. A widely used polymer that is resistant to grease, water, most solvents and some acids. Can be produced as a durable, abrasion-resistant film. The film fits perfectly and can sometimes be used outdoors.\" class=\"encyclopedia\">PVC<\/a> Partex PPA+<\/label> <input type=\"number\" id=\"quantity_69f4cd3e64f2c\" class=\"input-text qty text form-control\" name=\"quantity\" value=\"1\" aria-label=\"Ilo&#347;&#263; produktu\" min=\"1\" step=\"1\" placeholder=\"\" inputmode=\"numeric\" autocomplete=\"off\"> <button type=\"button\" class=\"plus input-group-text\" data-type=\"plus\">+<\/button><\/div><\/div> <button type=\"submit\" name=\"add-to-cart\" value=\"19688\" class=\"single_add_to_cart_button button alt\">Dodaj do koszyka<\/button> <\/div> <input type=\"hidden\" name=\"variation_id\" value=\"19698\"> <div class=\"variations hidden\"> <input type=\"hidden\" name=\"attribute_pa_color\" value=\"white\"> <input type=\"hidden\" name=\"attribute_pa_rollwidth\" value=\"9-mm\"> <input type=\"hidden\" name=\"attribute_pa_rolllength\" value=\"25m\"> <input type=\"hidden\" name=\"attribute_pa_thickness\" value=\"0-5mm-en\"> <\/div> <\/form> <div class=\"multi-cart-check\"> <input type=\"hidden\" name=\"wpt_product_price\" value=\"132\" form=\"multi-cart\"> <\/div> <\/div><\/td><\/tr><tr id=\"product-row-19699\" class=\"product product-row product-19699 instock product-type-variation purchasable\"><td><a href=\"https:\/\/tml.lt\/pl\/product\/pvc-profile-partex-ppa\/?attribute_pa_color=yellow-en&amp;attribute_pa_rollwidth=9-mm&amp;attribute_pa_rolllength=10-m&amp;attribute_pa_thickness=0-5mm-en\" class=\"single-product-link\" data-product_id=\"19699\">PPA+09000SN4<\/a><\/td><td><a href=\"https:\/\/tml.lt\/pl\/product\/pvc-profile-partex-ppa\/?attribute_pa_color=yellow-en&amp;attribute_pa_rollwidth=9-mm&amp;attribute_pa_rolllength=10-m&amp;attribute_pa_thickness=0-5mm-en\" class=\"single-product-link\" data-product_id=\"19699\">Samoprzylepny p&#322;aski profil PVC Partex PPA+ - &#380;&oacute;&#322;ty, 9 mm, 10 m, 0.5mm<\/a><\/td><td><span data-slug=\"yellow-en\">&#380;&oacute;&#322;ty<\/span><\/td><td><span data-slug=\"9-mm\">9 mm<\/span><\/td><td><span data-slug=\"10-m\">10 m<\/span><\/td><td data-sort=\"54.00\"><span class=\"woocommerce-Price-amount amount\"><bdi><span class=\"woocommerce-Price-currencySymbol\">&euro;<\/span>54.00<\/bdi><\/span><\/td><td><div class=\"add-to-cart-wrapper with-cart-button with-quantity\"> <form class=\"cart\" method=\"post\" enctype=\"multipart\/form-data\"> <div class=\"add-to-cart-button\"><div class=\"quantity\"> <div class=\"input-group\"><button type=\"button\" class=\"minus input-group-text disabled\" disabled data-type=\"minus\">-<\/button> <label class=\"screen-reader-text\" for=\"quantity_69f4cd3e65d9a\">ilo&#347;&#263; Samoprzylepny p&#322;aski profil <a href=\"https:\/\/tml.lt\/pl\/encyclopedia\/pvc\/\" target=\"_self\" title=\"PVC is abbreviation for polyvinyl chloride. A widely used polymer that is resistant to grease, water, most solvents and some acids. Can be produced as a durable, abrasion-resistant film. The film fits perfectly and can sometimes be used outdoors.\" class=\"encyclopedia\">PVC<\/a> Partex PPA+<\/label> <input type=\"number\" id=\"quantity_69f4cd3e65d9a\" class=\"input-text qty text form-control\" name=\"quantity\" value=\"1\" aria-label=\"Ilo&#347;&#263; produktu\" min=\"1\" step=\"1\" placeholder=\"\" inputmode=\"numeric\" autocomplete=\"off\"> <button type=\"button\" class=\"plus input-group-text\" data-type=\"plus\">+<\/button><\/div><\/div> <button type=\"submit\" name=\"add-to-cart\" value=\"19688\" class=\"single_add_to_cart_button button alt\">Dodaj do koszyka<\/button> <\/div> <input type=\"hidden\" name=\"variation_id\" value=\"19699\"> <div class=\"variations hidden\"> <input type=\"hidden\" name=\"attribute_pa_color\" value=\"yellow-en\"> <input type=\"hidden\" name=\"attribute_pa_rollwidth\" value=\"9-mm\"> <input type=\"hidden\" name=\"attribute_pa_rolllength\" value=\"10-m\"> <input type=\"hidden\" name=\"attribute_pa_thickness\" value=\"0-5mm-en\"> <\/div> <\/form> <div class=\"multi-cart-check\"> <input type=\"hidden\" name=\"wpt_product_price\" value=\"54\" form=\"multi-cart\"> <\/div> <\/div><\/td><\/tr><tr id=\"product-row-19700\" class=\"product product-row product-19700 instock product-type-variation purchasable\"><td><a href=\"https:\/\/tml.lt\/pl\/product\/pvc-profile-partex-ppa\/?attribute_pa_color=yellow-en&amp;attribute_pa_rollwidth=9-mm&amp;attribute_pa_rolllength=25m&amp;attribute_pa_thickness=0-5mm-en\" class=\"single-product-link\" data-product_id=\"19700\">PPA+09000DN4<\/a><\/td><td><a href=\"https:\/\/tml.lt\/pl\/product\/pvc-profile-partex-ppa\/?attribute_pa_color=yellow-en&amp;attribute_pa_rollwidth=9-mm&amp;attribute_pa_rolllength=25m&amp;attribute_pa_thickness=0-5mm-en\" class=\"single-product-link\" data-product_id=\"19700\">Samoprzylepny p&#322;aski profil PVC Partex PPA+ - &#380;&oacute;&#322;ty, 9 mm, 25 m, 0.5mm<\/a><\/td><td><span data-slug=\"yellow-en\">&#380;&oacute;&#322;ty<\/span><\/td><td><span data-slug=\"9-mm\">9 mm<\/span><\/td><td><span data-slug=\"25m\">25 m<\/span><\/td><td data-sort=\"132.00\"><span class=\"woocommerce-Price-amount amount\"><bdi><span class=\"woocommerce-Price-currencySymbol\">&euro;<\/span>132.00<\/bdi><\/span><\/td><td><div class=\"add-to-cart-wrapper with-cart-button with-quantity\"> <form class=\"cart\" method=\"post\" enctype=\"multipart\/form-data\"> <div class=\"add-to-cart-button\"><div class=\"quantity\"> <div class=\"input-group\"><button type=\"button\" class=\"minus input-group-text disabled\" disabled data-type=\"minus\">-<\/button> <label class=\"screen-reader-text\" for=\"quantity_69f4cd3e66a79\">ilo&#347;&#263; Samoprzylepny p&#322;aski profil <a href=\"https:\/\/tml.lt\/pl\/encyclopedia\/pvc\/\" target=\"_self\" title=\"PVC is abbreviation for polyvinyl chloride. A widely used polymer that is resistant to grease, water, most solvents and some acids. Can be produced as a durable, abrasion-resistant film. The film fits perfectly and can sometimes be used outdoors.\" class=\"encyclopedia\">PVC<\/a> Partex PPA+<\/label> <input type=\"number\" id=\"quantity_69f4cd3e66a79\" class=\"input-text qty text form-control\" name=\"quantity\" value=\"1\" aria-label=\"Ilo&#347;&#263; produktu\" min=\"1\" step=\"1\" placeholder=\"\" inputmode=\"numeric\" autocomplete=\"off\"> <button type=\"button\" class=\"plus input-group-text\" data-type=\"plus\">+<\/button><\/div><\/div> <button type=\"submit\" name=\"add-to-cart\" value=\"19688\" class=\"single_add_to_cart_button button alt\">Dodaj do koszyka<\/button> <\/div> <input type=\"hidden\" name=\"variation_id\" value=\"19700\"> <div class=\"variations hidden\"> <input type=\"hidden\" name=\"attribute_pa_color\" value=\"yellow-en\"> <input type=\"hidden\" name=\"attribute_pa_rollwidth\" value=\"9-mm\"> <input type=\"hidden\" name=\"attribute_pa_rolllength\" value=\"25m\"> <input type=\"hidden\" name=\"attribute_pa_thickness\" value=\"0-5mm-en\"> <\/div> <\/form> <div class=\"multi-cart-check\"> <input type=\"hidden\" name=\"wpt_product_price\" value=\"132\" form=\"multi-cart\"> <\/div> <\/div><\/td><\/tr><\/tbody><\/table>\n","protected":false},"excerpt":{"rendered":"<p>P\u0142aski <mark>profil PVC z warstw\u0105 klej\u0105c\u0105<\/mark> Partex PPA+ jest u\u017cywany do drukowania wk\u0142adek oznaczeniowych do przezroczystych pojemnik\u00f3w do znakowania listew zaciskowych. Partex PPA+ jest wystarczaj\u0105co sztywny i wytrzyma\u0142y, co zapewnia \u0142atwy monta\u017c i niezawodne mocowanie. Ta\u015bma dost\u0119pna jest tylko w jednej szeroko\u015bci \u2013 9 mm.<\/p>\n<p>Kolor: bia\u0142y, \u017c\u00f3\u0142ty<br \/>\nTemperatura pracy: -40 \u2026 +100\u00b0C<br \/>\nSzeroko\u015b\u0107: 9 mm<br \/>\nD\u0142ugo\u015b\u0107: 10, 25 metr\u00f3w<br \/>\nCechy: warstwa klej\u0105ca<\/p>\n","protected":false},"featured_media":19707,"template":"","meta":[],"product_brand":[],"product_cat":[257],"product_tag":[1786],"class_list":{"0":"post-19688","1":"product","2":"type-product","3":"status-publish","4":"has-post-thumbnail","6":"product_cat-flat-inserts","7":"product_tag-partex","9":"first","10":"instock","11":"shipping-taxable","12":"purchasable","13":"product-type-variable","14":"has-default-attributes"},"yoast_head":"<!-- This site is optimized with the Yoast SEO plugin v27.5 - https:\/\/yoast.com\/product\/yoast-seo-wordpress\/ -->\n<title>Samoprzylepny p\u0142aski profil PVC Partex PPA+ | TML<\/title>\n<meta name=\"description\" content=\"P\u0142aski profil PVC z warstw\u0105 klej\u0105c\u0105 Partex PPA+ jest u\u017cywany do drukowania wk\u0142adek oznaczeniowych do przezroczystych pojemnik\u00f3w do znakowania listew zaciskowych | TML\" \/>\n<meta name=\"robots\" content=\"index, follow, max-snippet:-1, max-image-preview:large, max-video-preview:-1\" \/>\n<link rel=\"canonical\" href=\"https:\/\/tml.lt\/pl\/product\/pvc-profile-partex-ppa\/\" \/>\n<meta property=\"og:locale\" content=\"pl_PL\" \/>\n<meta property=\"og:type\" content=\"article\" \/>\n<meta property=\"og:title\" content=\"Samoprzylepny p\u0142aski profil PVC Partex PPA+ | TML\" \/>\n<meta property=\"og:description\" content=\"P\u0142aski profil PVC z warstw\u0105 klej\u0105c\u0105 Partex PPA+ jest u\u017cywany do drukowania wk\u0142adek oznaczeniowych do przezroczystych pojemnik\u00f3w do znakowania listew zaciskowych | TML\" \/>\n<meta property=\"og:url\" content=\"https:\/\/tml.lt\/pl\/product\/pvc-profile-partex-ppa\/\" \/>\n<meta property=\"og:site_name\" content=\"TML\" \/>\n<meta property=\"article:modified_time\" content=\"2026-04-16T07:57:19+00:00\" \/>\n<meta property=\"og:image\" content=\"https:\/\/tml.lt\/pl\/wp-content\/uploads\/2024\/10\/partex-ppa-marker_wht-ylw.webp\" \/>\n\t<meta property=\"og:image:width\" content=\"1200\" \/>\n\t<meta property=\"og:image:height\" content=\"1200\" \/>\n\t<meta property=\"og:image:type\" content=\"image\/webp\" \/>\n<meta name=\"twitter:card\" content=\"summary_large_image\" \/>\n<script type=\"application\/ld+json\" class=\"yoast-schema-graph\">{\"@context\":\"https:\\\/\\\/schema.org\",\"@graph\":[{\"@type\":\"WebPage\",\"@id\":\"https:\\\/\\\/tml.lt\\\/pl\\\/product\\\/pvc-profile-partex-ppa\\\/\",\"url\":\"https:\\\/\\\/tml.lt\\\/pl\\\/product\\\/pvc-profile-partex-ppa\\\/\",\"name\":\"Samoprzylepny p\u0142aski profil PVC Partex PPA+ | TML\",\"isPartOf\":{\"@id\":\"https:\\\/\\\/tml.lt\\\/pl\\\/#website\"},\"primaryImageOfPage\":{\"@id\":\"https:\\\/\\\/tml.lt\\\/pl\\\/product\\\/pvc-profile-partex-ppa\\\/#primaryimage\"},\"image\":{\"@id\":\"https:\\\/\\\/tml.lt\\\/pl\\\/product\\\/pvc-profile-partex-ppa\\\/#primaryimage\"},\"thumbnailUrl\":\"https:\\\/\\\/tml.lt\\\/pl\\\/wp-content\\\/uploads\\\/2024\\\/10\\\/partex-ppa-marker_wht-ylw.webp\",\"datePublished\":\"2024-10-30T10:44:42+00:00\",\"dateModified\":\"2026-04-16T07:57:19+00:00\",\"description\":\"P\u0142aski profil PVC z warstw\u0105 klej\u0105c\u0105 Partex PPA+ jest u\u017cywany do drukowania wk\u0142adek oznaczeniowych do przezroczystych pojemnik\u00f3w do znakowania listew zaciskowych | TML\",\"breadcrumb\":{\"@id\":\"https:\\\/\\\/tml.lt\\\/pl\\\/product\\\/pvc-profile-partex-ppa\\\/#breadcrumb\"},\"inLanguage\":\"pl-PL\",\"potentialAction\":[{\"@type\":\"ReadAction\",\"target\":[\"https:\\\/\\\/tml.lt\\\/pl\\\/product\\\/pvc-profile-partex-ppa\\\/\"]}]},{\"@type\":\"ImageObject\",\"inLanguage\":\"pl-PL\",\"@id\":\"https:\\\/\\\/tml.lt\\\/pl\\\/product\\\/pvc-profile-partex-ppa\\\/#primaryimage\",\"url\":\"https:\\\/\\\/tml.lt\\\/pl\\\/wp-content\\\/uploads\\\/2024\\\/10\\\/partex-ppa-marker_wht-ylw.webp\",\"contentUrl\":\"https:\\\/\\\/tml.lt\\\/pl\\\/wp-content\\\/uploads\\\/2024\\\/10\\\/partex-ppa-marker_wht-ylw.webp\",\"width\":1200,\"height\":1200,\"caption\":\"White, yellow adhesive flat PVC profile Partex PPA+\"},{\"@type\":\"BreadcrumbList\",\"@id\":\"https:\\\/\\\/tml.lt\\\/pl\\\/product\\\/pvc-profile-partex-ppa\\\/#breadcrumb\",\"itemListElement\":[{\"@type\":\"ListItem\",\"position\":1,\"name\":\"\u0413\u043b\u0430\u0432\u043d\u0430\u044f \u0441\u0442\u0440\u0430\u043d\u0438\u0446\u0430\",\"item\":\"https:\\\/\\\/tml.lt\\\/pl\\\/\"},{\"@type\":\"ListItem\",\"position\":2,\"name\":\"Produkcja i rozwi\u0105zania w zakresie znakowania, izolacji, mocowania\",\"item\":\"https:\\\/\\\/tml.lt\\\/pl\\\/\"},{\"@type\":\"ListItem\",\"position\":3,\"name\":\"Samoprzylepny p\u0142aski profil PVC Partex PPA+\"}]},{\"@type\":\"WebSite\",\"@id\":\"https:\\\/\\\/tml.lt\\\/pl\\\/#website\",\"url\":\"https:\\\/\\\/tml.lt\\\/pl\\\/\",\"name\":\"TML\",\"description\":\"UAB TML-LT\",\"publisher\":{\"@id\":\"https:\\\/\\\/tml.lt\\\/pl\\\/#organization\"},\"potentialAction\":[{\"@type\":\"SearchAction\",\"target\":{\"@type\":\"EntryPoint\",\"urlTemplate\":\"https:\\\/\\\/tml.lt\\\/pl\\\/?s={search_term_string}\"},\"query-input\":{\"@type\":\"PropertyValueSpecification\",\"valueRequired\":true,\"valueName\":\"search_term_string\"}}],\"inLanguage\":\"pl-PL\"},{\"@type\":\"Organization\",\"@id\":\"https:\\\/\\\/tml.lt\\\/pl\\\/#organization\",\"name\":\"TML\",\"url\":\"https:\\\/\\\/tml.lt\\\/pl\\\/\",\"logo\":{\"@type\":\"ImageObject\",\"inLanguage\":\"pl-PL\",\"@id\":\"https:\\\/\\\/tml.lt\\\/pl\\\/#\\\/schema\\\/logo\\\/image\\\/\",\"url\":\"https:\\\/\\\/tml.lt\\\/pl\\\/wp-content\\\/uploads\\\/2020\\\/09\\\/tml-logo-black-4.png\",\"contentUrl\":\"https:\\\/\\\/tml.lt\\\/pl\\\/wp-content\\\/uploads\\\/2020\\\/09\\\/tml-logo-black-4.png\",\"width\":470,\"height\":110,\"caption\":\"TML\"},\"image\":{\"@id\":\"https:\\\/\\\/tml.lt\\\/pl\\\/#\\\/schema\\\/logo\\\/image\\\/\"}}]}<\/script>\n<!-- \/ Yoast SEO plugin. -->","yoast_head_json":{"title":"Samoprzylepny p\u0142aski profil PVC Partex PPA+ | TML","description":"P\u0142aski profil PVC z warstw\u0105 klej\u0105c\u0105 Partex PPA+ jest u\u017cywany do drukowania wk\u0142adek oznaczeniowych do przezroczystych pojemnik\u00f3w do znakowania listew zaciskowych | TML","robots":{"index":"index","follow":"follow","max-snippet":"max-snippet:-1","max-image-preview":"max-image-preview:large","max-video-preview":"max-video-preview:-1"},"canonical":"https:\/\/tml.lt\/pl\/product\/pvc-profile-partex-ppa\/","og_locale":"pl_PL","og_type":"article","og_title":"Samoprzylepny p\u0142aski profil PVC Partex PPA+ | TML","og_description":"P\u0142aski profil PVC z warstw\u0105 klej\u0105c\u0105 Partex PPA+ jest u\u017cywany do drukowania wk\u0142adek oznaczeniowych do przezroczystych pojemnik\u00f3w do znakowania listew zaciskowych | TML","og_url":"https:\/\/tml.lt\/pl\/product\/pvc-profile-partex-ppa\/","og_site_name":"TML","article_modified_time":"2026-04-16T07:57:19+00:00","og_image":[{"width":1200,"height":1200,"url":"https:\/\/tml.lt\/pl\/wp-content\/uploads\/2024\/10\/partex-ppa-marker_wht-ylw.webp","type":"image\/webp"}],"twitter_card":"summary_large_image","schema":{"@context":"https:\/\/schema.org","@graph":[{"@type":"WebPage","@id":"https:\/\/tml.lt\/pl\/product\/pvc-profile-partex-ppa\/","url":"https:\/\/tml.lt\/pl\/product\/pvc-profile-partex-ppa\/","name":"Samoprzylepny p\u0142aski profil PVC Partex PPA+ | TML","isPartOf":{"@id":"https:\/\/tml.lt\/pl\/#website"},"primaryImageOfPage":{"@id":"https:\/\/tml.lt\/pl\/product\/pvc-profile-partex-ppa\/#primaryimage"},"image":{"@id":"https:\/\/tml.lt\/pl\/product\/pvc-profile-partex-ppa\/#primaryimage"},"thumbnailUrl":"https:\/\/tml.lt\/pl\/wp-content\/uploads\/2024\/10\/partex-ppa-marker_wht-ylw.webp","datePublished":"2024-10-30T10:44:42+00:00","dateModified":"2026-04-16T07:57:19+00:00","description":"P\u0142aski profil PVC z warstw\u0105 klej\u0105c\u0105 Partex PPA+ jest u\u017cywany do drukowania wk\u0142adek oznaczeniowych do przezroczystych pojemnik\u00f3w do znakowania listew zaciskowych | TML","breadcrumb":{"@id":"https:\/\/tml.lt\/pl\/product\/pvc-profile-partex-ppa\/#breadcrumb"},"inLanguage":"pl-PL","potentialAction":[{"@type":"ReadAction","target":["https:\/\/tml.lt\/pl\/product\/pvc-profile-partex-ppa\/"]}]},{"@type":"ImageObject","inLanguage":"pl-PL","@id":"https:\/\/tml.lt\/pl\/product\/pvc-profile-partex-ppa\/#primaryimage","url":"https:\/\/tml.lt\/pl\/wp-content\/uploads\/2024\/10\/partex-ppa-marker_wht-ylw.webp","contentUrl":"https:\/\/tml.lt\/pl\/wp-content\/uploads\/2024\/10\/partex-ppa-marker_wht-ylw.webp","width":1200,"height":1200,"caption":"White, yellow adhesive flat PVC profile Partex PPA+"},{"@type":"BreadcrumbList","@id":"https:\/\/tml.lt\/pl\/product\/pvc-profile-partex-ppa\/#breadcrumb","itemListElement":[{"@type":"ListItem","position":1,"name":"\u0413\u043b\u0430\u0432\u043d\u0430\u044f \u0441\u0442\u0440\u0430\u043d\u0438\u0446\u0430","item":"https:\/\/tml.lt\/pl\/"},{"@type":"ListItem","position":2,"name":"Produkcja i rozwi\u0105zania w zakresie znakowania, izolacji, mocowania","item":"https:\/\/tml.lt\/pl\/"},{"@type":"ListItem","position":3,"name":"Samoprzylepny p\u0142aski profil PVC Partex PPA+"}]},{"@type":"WebSite","@id":"https:\/\/tml.lt\/pl\/#website","url":"https:\/\/tml.lt\/pl\/","name":"TML","description":"UAB TML-LT","publisher":{"@id":"https:\/\/tml.lt\/pl\/#organization"},"potentialAction":[{"@type":"SearchAction","target":{"@type":"EntryPoint","urlTemplate":"https:\/\/tml.lt\/pl\/?s={search_term_string}"},"query-input":{"@type":"PropertyValueSpecification","valueRequired":true,"valueName":"search_term_string"}}],"inLanguage":"pl-PL"},{"@type":"Organization","@id":"https:\/\/tml.lt\/pl\/#organization","name":"TML","url":"https:\/\/tml.lt\/pl\/","logo":{"@type":"ImageObject","inLanguage":"pl-PL","@id":"https:\/\/tml.lt\/pl\/#\/schema\/logo\/image\/","url":"https:\/\/tml.lt\/pl\/wp-content\/uploads\/2020\/09\/tml-logo-black-4.png","contentUrl":"https:\/\/tml.lt\/pl\/wp-content\/uploads\/2020\/09\/tml-logo-black-4.png","width":470,"height":110,"caption":"TML"},"image":{"@id":"https:\/\/tml.lt\/pl\/#\/schema\/logo\/image\/"}}]}},"amp_enabled":true,"_links":{"self":[{"href":"https:\/\/tml.lt\/pl\/wp-json\/wp\/v2\/product\/19688","targetHints":{"allow":["GET"]}}],"collection":[{"href":"https:\/\/tml.lt\/pl\/wp-json\/wp\/v2\/product"}],"about":[{"href":"https:\/\/tml.lt\/pl\/wp-json\/wp\/v2\/types\/product"}],"wp:featuredmedia":[{"embeddable":true,"href":"https:\/\/tml.lt\/pl\/wp-json\/wp\/v2\/media\/19707"}],"wp:attachment":[{"href":"https:\/\/tml.lt\/pl\/wp-json\/wp\/v2\/media?parent=19688"}],"wp:term":[{"taxonomy":"product_brand","embeddable":true,"href":"https:\/\/tml.lt\/pl\/wp-json\/wp\/v2\/product_brand?post=19688"},{"taxonomy":"product_cat","embeddable":true,"href":"https:\/\/tml.lt\/pl\/wp-json\/wp\/v2\/product_cat?post=19688"},{"taxonomy":"product_tag","embeddable":true,"href":"https:\/\/tml.lt\/pl\/wp-json\/wp\/v2\/product_tag?post=19688"}],"curies":[{"name":"wp","href":"https:\/\/api.w.org\/{rel}","templated":true}]}}