{"id":21264,"date":"2026-01-16T08:45:37","date_gmt":"2026-01-16T06:45:37","guid":{"rendered":"https:\/\/tml.lt\/pl\/?post_type=product&#038;p=21264"},"modified":"2026-04-16T07:16:30","modified_gmt":"2026-04-16T05:16:30","slug":"compatible-ribbons-canon-mk","status":"publish","type":"product","link":"https:\/\/tml.lt\/pl\/product\/compatible-ribbons-canon-mk\/","title":{"rendered":"Kompatybilne ta\u015bmy do Canon M1\/Mk, 12 mm, 100 m"},"content":{"rendered":"<div class=\"woocommerce\"><\/div><table id=\"wcpt_ed31a6c68c48980e_1\" class=\"wc-product-table woocommerce multicart-enabled\" width=\"100%\" data-config='{\"pageLength\":10,\"pagingType\":\"numbers\",\"serverSide\":false,\"autoWidth\":true,\"clickFilter\":\"false\",\"scrollOffset\":15,\"resetButton\":false,\"multiAddToCart\":false,\"multiCartLocation\":\"top\",\"variations\":\"separate\",\"ajaxCart\":false,\"numOrder\":false,\"stickyHeader\":false,\"lengthMenu\":[[10,25,50,100,-1],[10,25,50,100,\"Wszystko\"]],\"columnDefs\":[{\"className\":\"col-sku\",\"targets\":0,\"type\":\"html\"},{\"className\":\"col-name\",\"targets\":1,\"type\":\"html\"},{\"className\":\"col-color\",\"targets\":2,\"type\":\"html\"},{\"className\":\"col-rollwidth\",\"targets\":3,\"type\":\"html\"},{\"className\":\"col-rolllength\",\"targets\":4,\"type\":\"html\"},{\"className\":\"col-price\",\"targets\":5,\"type\":\"html-num\"},{\"className\":\"col-buy col-add-to-cart\",\"targets\":6,\"type\":\"html\"}],\"responsive\":{\"details\":{\"display\":\"child_row\"}},\"search\":{\"search\":\"\"},\"dom\":\"&lt;\\\"wc-product-table-wrapper bootscore wpt-styling-theme\\\"&lt;\\\"wc-product-table-controls wc-product-table-above\\\"&gt;t&lt;\\\"wc-product-table-controls wc-product-table-below\\\"ip&gt;&gt;\"}' data-filters=\"false\" data-order=\"[]\"><thead><tr><th class=\"all\" data-name=\"sku\" data-orderable=\"true\" data-searchable=\"true\" data-priority=\"6\">SKU<\/th><th data-name=\"name\" data-orderable=\"true\" data-searchable=\"true\" data-priority=\"1\">Nazwa<\/th><th data-name=\"att_pa_color\" data-orderable=\"true\" data-searchable=\"true\">Kolor<\/th><th data-name=\"att_pa_rollwidth\" data-orderable=\"true\" data-searchable=\"true\">Szeroko&#347;&#263; rolki<\/th><th data-name=\"att_pa_rolllength\" data-orderable=\"true\" data-searchable=\"true\">D&#322;ugo&#347;&#263; rolki<\/th><th data-name=\"price\" data-orderable=\"true\" data-searchable=\"true\" data-priority=\"3\">Cena<\/th><th data-name=\"buy\" data-orderable=\"false\" data-searchable=\"true\" data-priority=\"2\">Kup<\/th><\/tr><\/thead><tbody><tr id=\"product-row-21268\" class=\"product product-row product-21268 instock product-type-variation purchasable\"><td><a href=\"https:\/\/tml.lt\/pl\/product\/compatible-ribbons-canon-mk\/?attribute_pa_color=white&amp;attribute_pa_rollwidth=12mm&amp;attribute_pa_rolllength=100-m\" class=\"single-product-link\" data-product_id=\"21268\">PT-200WE<\/a><\/td><td><a href=\"https:\/\/tml.lt\/pl\/product\/compatible-ribbons-canon-mk\/?attribute_pa_color=white&amp;attribute_pa_rollwidth=12mm&amp;attribute_pa_rolllength=100-m\" class=\"single-product-link\" data-product_id=\"21268\">Kompatybilne ta&#347;my do Canon M1\/Mk, 12 mm, 100 m - bia&#322;e, 12 mm, 100 m<\/a><\/td><td><span data-slug=\"white\">bia&#322;e<\/span><\/td><td><span data-slug=\"12mm\">12 mm<\/span><\/td><td><span data-slug=\"100-m\">100 m<\/span><\/td><td data-sort=\"11.20\"><span class=\"woocommerce-Price-amount amount\"><bdi><span class=\"woocommerce-Price-currencySymbol\">&euro;<\/span>11.20<\/bdi><\/span><\/td><td><div class=\"add-to-cart-wrapper with-cart-button with-quantity\"> <form class=\"cart\" method=\"post\" enctype=\"multipart\/form-data\"> <div class=\"add-to-cart-button\"><div class=\"quantity\"> <div class=\"input-group\"><button type=\"button\" class=\"minus input-group-text disabled\" disabled data-type=\"minus\">-<\/button> <label class=\"screen-reader-text\" for=\"quantity_69e94fb035816\">ilo&#347;&#263; Kompatybilne ta&#347;my do Canon M1\/Mk, 12 mm, 100 m<\/label> <input type=\"number\" id=\"quantity_69e94fb035816\" class=\"input-text qty text form-control\" name=\"quantity\" value=\"1\" aria-label=\"Ilo&#347;&#263; produktu\" min=\"1\" step=\"1\" placeholder=\"\" inputmode=\"numeric\" autocomplete=\"off\"> <button type=\"button\" class=\"plus input-group-text\" data-type=\"plus\">+<\/button><\/div><\/div> <button type=\"submit\" name=\"add-to-cart\" value=\"21264\" class=\"single_add_to_cart_button button alt\">Dodaj do koszyka<\/button> <\/div> <input type=\"hidden\" name=\"variation_id\" value=\"21268\"> <div class=\"variations hidden\"> <input type=\"hidden\" name=\"attribute_pa_color\" value=\"white\"> <input type=\"hidden\" name=\"attribute_pa_rollwidth\" value=\"12mm\"> <input type=\"hidden\" name=\"attribute_pa_rolllength\" value=\"100-m\"> <\/div> <\/form> <div class=\"multi-cart-check\"> <input type=\"hidden\" name=\"wpt_product_price\" value=\"11.2\" form=\"multi-cart\"> <\/div> <\/div><\/td><\/tr><tr id=\"product-row-21269\" class=\"product product-row product-21269 instock product-type-variation purchasable\"><td><a href=\"https:\/\/tml.lt\/pl\/product\/compatible-ribbons-canon-mk\/?attribute_pa_color=black&amp;attribute_pa_rollwidth=12mm&amp;attribute_pa_rolllength=100-m\" class=\"single-product-link\" data-product_id=\"21269\">PT-200BK<\/a><\/td><td><a href=\"https:\/\/tml.lt\/pl\/product\/compatible-ribbons-canon-mk\/?attribute_pa_color=black&amp;attribute_pa_rollwidth=12mm&amp;attribute_pa_rolllength=100-m\" class=\"single-product-link\" data-product_id=\"21269\">Kompatybilne ta&#347;my do Canon M1\/Mk, 12 mm, 100 m - czarny, 12 mm, 100 m<\/a><\/td><td><span data-slug=\"black\">czarny<\/span><\/td><td><span data-slug=\"12mm\">12 mm<\/span><\/td><td><span data-slug=\"100-m\">100 m<\/span><\/td><td data-sort=\"12.20\"><span class=\"woocommerce-Price-amount amount\"><bdi><span class=\"woocommerce-Price-currencySymbol\">&euro;<\/span>12.20<\/bdi><\/span><\/td><td><div class=\"add-to-cart-wrapper with-cart-button with-quantity\"> <form class=\"cart\" method=\"post\" enctype=\"multipart\/form-data\"> <div class=\"add-to-cart-button\"><div class=\"quantity\"> <div class=\"input-group\"><button type=\"button\" class=\"minus input-group-text disabled\" disabled data-type=\"minus\">-<\/button> <label class=\"screen-reader-text\" for=\"quantity_69e94fb036ab4\">ilo&#347;&#263; Kompatybilne ta&#347;my do Canon M1\/Mk, 12 mm, 100 m<\/label> <input type=\"number\" id=\"quantity_69e94fb036ab4\" class=\"input-text qty text form-control\" name=\"quantity\" value=\"1\" aria-label=\"Ilo&#347;&#263; produktu\" min=\"1\" step=\"1\" placeholder=\"\" inputmode=\"numeric\" autocomplete=\"off\"> <button type=\"button\" class=\"plus input-group-text\" data-type=\"plus\">+<\/button><\/div><\/div> <button type=\"submit\" name=\"add-to-cart\" value=\"21264\" class=\"single_add_to_cart_button button alt\">Dodaj do koszyka<\/button> <\/div> <input type=\"hidden\" name=\"variation_id\" value=\"21269\"> <div class=\"variations hidden\"> <input type=\"hidden\" name=\"attribute_pa_color\" value=\"black\"> <input type=\"hidden\" name=\"attribute_pa_rollwidth\" value=\"12mm\"> <input type=\"hidden\" name=\"attribute_pa_rolllength\" value=\"100-m\"> <\/div> <\/form> <div class=\"multi-cart-check\"> <input type=\"hidden\" name=\"wpt_product_price\" value=\"12.2\" form=\"multi-cart\"> <\/div> <\/div><\/td><\/tr><\/tbody><\/table>\n","protected":false},"excerpt":{"rendered":"<p>Wysokiej jako\u015bci kompatybilna ta\u015bma kasetowa do drukarek Canon Mk i M1. Kolory: czarny, bia\u0142y. Szeroko\u015b\u0107 12 mm. D\u0142ugo\u015b\u0107 100 m. Kompatybilna z drukarkami do oznaczania kabli Canon i Partex.<\/p>\n<p>Kolor: czarny, bia\u0142y<br \/>\nSzeroko\u015b\u0107: 12 mm<br \/>\nD\u0142ugo\u015b\u0107: 100 m<\/p>\n<p>Kompatybilna z drukarkami:<\/p>\n<ul>\n<li>Canon <b>Mk<\/b>: 1500, 2500, 2600, 3000, 5000<\/li>\n<li>Canon <b>M1<\/b>: Std III, Pro V<\/li>\n<li>Partex <b>Promark<\/b>: T-800, T-1000, T-2000<\/li>\n<\/ul>\n","protected":false},"featured_media":21265,"template":"","meta":[],"product_brand":[],"product_cat":[2444,2288,232],"product_tag":[527],"class_list":{"0":"post-21264","1":"product","2":"type-product","3":"status-publish","4":"has-post-thumbnail","6":"product_cat-canon-mk2600-mk1500-m1prov-partex-t1000-t800","7":"product_cat-partex-promark-t-2000","8":"product_cat-ribbons-for-cable-printers","9":"product_tag-canon","11":"first","12":"instock","13":"shipping-taxable","14":"purchasable","15":"product-type-variable","16":"has-default-attributes"},"yoast_head":"<!-- This site is optimized with the Yoast SEO plugin v27.4 - https:\/\/yoast.com\/product\/yoast-seo-wordpress\/ -->\n<title>Kompatybilne ta\u015bmy do Canon M1\/Mk, 12 mm, 100 m | TML<\/title>\n<meta name=\"description\" content=\"Wysokiej jako\u015bci kompatybilna ta\u015bma kasetowa do drukarek Canon Mk i M1. Kolory: czarny, bia\u0142y. Szeroko\u015b\u0107: 12 mm. D\u0142ugo\u015b\u0107: 100 m. Kompatybilna z drukarkami Canon oraz Partex | TML\" \/>\n<meta name=\"robots\" content=\"index, follow, max-snippet:-1, max-image-preview:large, max-video-preview:-1\" \/>\n<link rel=\"canonical\" href=\"https:\/\/tml.lt\/pl\/product\/compatible-ribbons-canon-mk\/\" \/>\n<meta property=\"og:locale\" content=\"pl_PL\" \/>\n<meta property=\"og:type\" content=\"article\" \/>\n<meta property=\"og:title\" content=\"Kompatybilne ta\u015bmy do Canon M1\/Mk, 12 mm, 100 m | TML\" \/>\n<meta property=\"og:description\" content=\"Wysokiej jako\u015bci kompatybilna ta\u015bma kasetowa do drukarek Canon Mk i M1. Kolory: czarny, bia\u0142y. Szeroko\u015b\u0107: 12 mm. D\u0142ugo\u015b\u0107: 100 m. Kompatybilna z drukarkami Canon oraz Partex | TML\" \/>\n<meta property=\"og:url\" content=\"https:\/\/tml.lt\/pl\/product\/compatible-ribbons-canon-mk\/\" \/>\n<meta property=\"og:site_name\" content=\"TML\" \/>\n<meta property=\"article:modified_time\" content=\"2026-04-16T05:16:30+00:00\" \/>\n<meta property=\"og:image\" content=\"https:\/\/tml.lt\/pl\/wp-content\/uploads\/2026\/01\/canon-partex-mk-m1-ribbon-standart-200bk-200we.webp\" \/>\n\t<meta property=\"og:image:width\" content=\"1600\" \/>\n\t<meta property=\"og:image:height\" content=\"1600\" \/>\n\t<meta property=\"og:image:type\" content=\"image\/webp\" \/>\n<meta name=\"twitter:card\" content=\"summary_large_image\" \/>\n<script type=\"application\/ld+json\" class=\"yoast-schema-graph\">{\"@context\":\"https:\\\/\\\/schema.org\",\"@graph\":[{\"@type\":\"WebPage\",\"@id\":\"https:\\\/\\\/tml.lt\\\/pl\\\/product\\\/compatible-ribbons-canon-mk\\\/\",\"url\":\"https:\\\/\\\/tml.lt\\\/pl\\\/product\\\/compatible-ribbons-canon-mk\\\/\",\"name\":\"Kompatybilne ta\u015bmy do Canon M1\\\/Mk, 12 mm, 100 m | TML\",\"isPartOf\":{\"@id\":\"https:\\\/\\\/tml.lt\\\/pl\\\/#website\"},\"primaryImageOfPage\":{\"@id\":\"https:\\\/\\\/tml.lt\\\/pl\\\/product\\\/compatible-ribbons-canon-mk\\\/#primaryimage\"},\"image\":{\"@id\":\"https:\\\/\\\/tml.lt\\\/pl\\\/product\\\/compatible-ribbons-canon-mk\\\/#primaryimage\"},\"thumbnailUrl\":\"https:\\\/\\\/tml.lt\\\/pl\\\/wp-content\\\/uploads\\\/2026\\\/01\\\/canon-partex-mk-m1-ribbon-standart-200bk-200we.webp\",\"datePublished\":\"2026-01-16T06:45:37+00:00\",\"dateModified\":\"2026-04-16T05:16:30+00:00\",\"description\":\"Wysokiej jako\u015bci kompatybilna ta\u015bma kasetowa do drukarek Canon Mk i M1. Kolory: czarny, bia\u0142y. Szeroko\u015b\u0107: 12 mm. D\u0142ugo\u015b\u0107: 100 m. Kompatybilna z drukarkami Canon oraz Partex | TML\",\"breadcrumb\":{\"@id\":\"https:\\\/\\\/tml.lt\\\/pl\\\/product\\\/compatible-ribbons-canon-mk\\\/#breadcrumb\"},\"inLanguage\":\"pl-PL\",\"potentialAction\":[{\"@type\":\"ReadAction\",\"target\":[\"https:\\\/\\\/tml.lt\\\/pl\\\/product\\\/compatible-ribbons-canon-mk\\\/\"]}]},{\"@type\":\"ImageObject\",\"inLanguage\":\"pl-PL\",\"@id\":\"https:\\\/\\\/tml.lt\\\/pl\\\/product\\\/compatible-ribbons-canon-mk\\\/#primaryimage\",\"url\":\"https:\\\/\\\/tml.lt\\\/pl\\\/wp-content\\\/uploads\\\/2026\\\/01\\\/canon-partex-mk-m1-ribbon-standart-200bk-200we.webp\",\"contentUrl\":\"https:\\\/\\\/tml.lt\\\/pl\\\/wp-content\\\/uploads\\\/2026\\\/01\\\/canon-partex-mk-m1-ribbon-standart-200bk-200we.webp\",\"width\":1600,\"height\":1600,\"caption\":\"Compatible ribbons black, white for Canon, Partex\"},{\"@type\":\"BreadcrumbList\",\"@id\":\"https:\\\/\\\/tml.lt\\\/pl\\\/product\\\/compatible-ribbons-canon-mk\\\/#breadcrumb\",\"itemListElement\":[{\"@type\":\"ListItem\",\"position\":1,\"name\":\"\u0413\u043b\u0430\u0432\u043d\u0430\u044f \u0441\u0442\u0440\u0430\u043d\u0438\u0446\u0430\",\"item\":\"https:\\\/\\\/tml.lt\\\/pl\\\/\"},{\"@type\":\"ListItem\",\"position\":2,\"name\":\"Produkcja i rozwi\u0105zania w zakresie znakowania, izolacji, mocowania\",\"item\":\"https:\\\/\\\/tml.lt\\\/pl\\\/\"},{\"@type\":\"ListItem\",\"position\":3,\"name\":\"Kompatybilne ta\u015bmy do Canon M1\\\/Mk, 12 mm, 100 m\"}]},{\"@type\":\"WebSite\",\"@id\":\"https:\\\/\\\/tml.lt\\\/pl\\\/#website\",\"url\":\"https:\\\/\\\/tml.lt\\\/pl\\\/\",\"name\":\"TML\",\"description\":\"UAB TML-LT\",\"publisher\":{\"@id\":\"https:\\\/\\\/tml.lt\\\/pl\\\/#organization\"},\"potentialAction\":[{\"@type\":\"SearchAction\",\"target\":{\"@type\":\"EntryPoint\",\"urlTemplate\":\"https:\\\/\\\/tml.lt\\\/pl\\\/?s={search_term_string}\"},\"query-input\":{\"@type\":\"PropertyValueSpecification\",\"valueRequired\":true,\"valueName\":\"search_term_string\"}}],\"inLanguage\":\"pl-PL\"},{\"@type\":\"Organization\",\"@id\":\"https:\\\/\\\/tml.lt\\\/pl\\\/#organization\",\"name\":\"TML\",\"url\":\"https:\\\/\\\/tml.lt\\\/pl\\\/\",\"logo\":{\"@type\":\"ImageObject\",\"inLanguage\":\"pl-PL\",\"@id\":\"https:\\\/\\\/tml.lt\\\/pl\\\/#\\\/schema\\\/logo\\\/image\\\/\",\"url\":\"https:\\\/\\\/tml.lt\\\/pl\\\/wp-content\\\/uploads\\\/2020\\\/09\\\/tml-logo-black-4.png\",\"contentUrl\":\"https:\\\/\\\/tml.lt\\\/pl\\\/wp-content\\\/uploads\\\/2020\\\/09\\\/tml-logo-black-4.png\",\"width\":470,\"height\":110,\"caption\":\"TML\"},\"image\":{\"@id\":\"https:\\\/\\\/tml.lt\\\/pl\\\/#\\\/schema\\\/logo\\\/image\\\/\"}}]}<\/script>\n<!-- \/ Yoast SEO plugin. -->","yoast_head_json":{"title":"Kompatybilne ta\u015bmy do Canon M1\/Mk, 12 mm, 100 m | TML","description":"Wysokiej jako\u015bci kompatybilna ta\u015bma kasetowa do drukarek Canon Mk i M1. Kolory: czarny, bia\u0142y. Szeroko\u015b\u0107: 12 mm. D\u0142ugo\u015b\u0107: 100 m. Kompatybilna z drukarkami Canon oraz Partex | TML","robots":{"index":"index","follow":"follow","max-snippet":"max-snippet:-1","max-image-preview":"max-image-preview:large","max-video-preview":"max-video-preview:-1"},"canonical":"https:\/\/tml.lt\/pl\/product\/compatible-ribbons-canon-mk\/","og_locale":"pl_PL","og_type":"article","og_title":"Kompatybilne ta\u015bmy do Canon M1\/Mk, 12 mm, 100 m | TML","og_description":"Wysokiej jako\u015bci kompatybilna ta\u015bma kasetowa do drukarek Canon Mk i M1. Kolory: czarny, bia\u0142y. Szeroko\u015b\u0107: 12 mm. D\u0142ugo\u015b\u0107: 100 m. Kompatybilna z drukarkami Canon oraz Partex | TML","og_url":"https:\/\/tml.lt\/pl\/product\/compatible-ribbons-canon-mk\/","og_site_name":"TML","article_modified_time":"2026-04-16T05:16:30+00:00","og_image":[{"width":1600,"height":1600,"url":"https:\/\/tml.lt\/pl\/wp-content\/uploads\/2026\/01\/canon-partex-mk-m1-ribbon-standart-200bk-200we.webp","type":"image\/webp"}],"twitter_card":"summary_large_image","schema":{"@context":"https:\/\/schema.org","@graph":[{"@type":"WebPage","@id":"https:\/\/tml.lt\/pl\/product\/compatible-ribbons-canon-mk\/","url":"https:\/\/tml.lt\/pl\/product\/compatible-ribbons-canon-mk\/","name":"Kompatybilne ta\u015bmy do Canon M1\/Mk, 12 mm, 100 m | TML","isPartOf":{"@id":"https:\/\/tml.lt\/pl\/#website"},"primaryImageOfPage":{"@id":"https:\/\/tml.lt\/pl\/product\/compatible-ribbons-canon-mk\/#primaryimage"},"image":{"@id":"https:\/\/tml.lt\/pl\/product\/compatible-ribbons-canon-mk\/#primaryimage"},"thumbnailUrl":"https:\/\/tml.lt\/pl\/wp-content\/uploads\/2026\/01\/canon-partex-mk-m1-ribbon-standart-200bk-200we.webp","datePublished":"2026-01-16T06:45:37+00:00","dateModified":"2026-04-16T05:16:30+00:00","description":"Wysokiej jako\u015bci kompatybilna ta\u015bma kasetowa do drukarek Canon Mk i M1. Kolory: czarny, bia\u0142y. Szeroko\u015b\u0107: 12 mm. D\u0142ugo\u015b\u0107: 100 m. Kompatybilna z drukarkami Canon oraz Partex | TML","breadcrumb":{"@id":"https:\/\/tml.lt\/pl\/product\/compatible-ribbons-canon-mk\/#breadcrumb"},"inLanguage":"pl-PL","potentialAction":[{"@type":"ReadAction","target":["https:\/\/tml.lt\/pl\/product\/compatible-ribbons-canon-mk\/"]}]},{"@type":"ImageObject","inLanguage":"pl-PL","@id":"https:\/\/tml.lt\/pl\/product\/compatible-ribbons-canon-mk\/#primaryimage","url":"https:\/\/tml.lt\/pl\/wp-content\/uploads\/2026\/01\/canon-partex-mk-m1-ribbon-standart-200bk-200we.webp","contentUrl":"https:\/\/tml.lt\/pl\/wp-content\/uploads\/2026\/01\/canon-partex-mk-m1-ribbon-standart-200bk-200we.webp","width":1600,"height":1600,"caption":"Compatible ribbons black, white for Canon, Partex"},{"@type":"BreadcrumbList","@id":"https:\/\/tml.lt\/pl\/product\/compatible-ribbons-canon-mk\/#breadcrumb","itemListElement":[{"@type":"ListItem","position":1,"name":"\u0413\u043b\u0430\u0432\u043d\u0430\u044f \u0441\u0442\u0440\u0430\u043d\u0438\u0446\u0430","item":"https:\/\/tml.lt\/pl\/"},{"@type":"ListItem","position":2,"name":"Produkcja i rozwi\u0105zania w zakresie znakowania, izolacji, mocowania","item":"https:\/\/tml.lt\/pl\/"},{"@type":"ListItem","position":3,"name":"Kompatybilne ta\u015bmy do Canon M1\/Mk, 12 mm, 100 m"}]},{"@type":"WebSite","@id":"https:\/\/tml.lt\/pl\/#website","url":"https:\/\/tml.lt\/pl\/","name":"TML","description":"UAB TML-LT","publisher":{"@id":"https:\/\/tml.lt\/pl\/#organization"},"potentialAction":[{"@type":"SearchAction","target":{"@type":"EntryPoint","urlTemplate":"https:\/\/tml.lt\/pl\/?s={search_term_string}"},"query-input":{"@type":"PropertyValueSpecification","valueRequired":true,"valueName":"search_term_string"}}],"inLanguage":"pl-PL"},{"@type":"Organization","@id":"https:\/\/tml.lt\/pl\/#organization","name":"TML","url":"https:\/\/tml.lt\/pl\/","logo":{"@type":"ImageObject","inLanguage":"pl-PL","@id":"https:\/\/tml.lt\/pl\/#\/schema\/logo\/image\/","url":"https:\/\/tml.lt\/pl\/wp-content\/uploads\/2020\/09\/tml-logo-black-4.png","contentUrl":"https:\/\/tml.lt\/pl\/wp-content\/uploads\/2020\/09\/tml-logo-black-4.png","width":470,"height":110,"caption":"TML"},"image":{"@id":"https:\/\/tml.lt\/pl\/#\/schema\/logo\/image\/"}}]}},"amp_enabled":true,"_links":{"self":[{"href":"https:\/\/tml.lt\/pl\/wp-json\/wp\/v2\/product\/21264","targetHints":{"allow":["GET"]}}],"collection":[{"href":"https:\/\/tml.lt\/pl\/wp-json\/wp\/v2\/product"}],"about":[{"href":"https:\/\/tml.lt\/pl\/wp-json\/wp\/v2\/types\/product"}],"wp:featuredmedia":[{"embeddable":true,"href":"https:\/\/tml.lt\/pl\/wp-json\/wp\/v2\/media\/21265"}],"wp:attachment":[{"href":"https:\/\/tml.lt\/pl\/wp-json\/wp\/v2\/media?parent=21264"}],"wp:term":[{"taxonomy":"product_brand","embeddable":true,"href":"https:\/\/tml.lt\/pl\/wp-json\/wp\/v2\/product_brand?post=21264"},{"taxonomy":"product_cat","embeddable":true,"href":"https:\/\/tml.lt\/pl\/wp-json\/wp\/v2\/product_cat?post=21264"},{"taxonomy":"product_tag","embeddable":true,"href":"https:\/\/tml.lt\/pl\/wp-json\/wp\/v2\/product_tag?post=21264"}],"curies":[{"name":"wp","href":"https:\/\/api.w.org\/{rel}","templated":true}]}}