{"id":21314,"date":"2026-02-13T12:50:17","date_gmt":"2026-02-13T10:50:17","guid":{"rendered":"https:\/\/tml.lt\/pl\/?post_type=product&#038;p=21314"},"modified":"2026-02-13T12:56:22","modified_gmt":"2026-02-13T10:56:22","slug":"push-button-labels","status":"publish","type":"product","link":"https:\/\/tml.lt\/pl\/product\/push-button-labels\/","title":{"rendered":"Etykiety do przycisk\u00f3w sterowniczych"},"content":{"rendered":"<div class=\"note\">\n<p><strong>Druk na zam&oacute;wienie:<\/strong> mo&#380;emy wydrukowa&#263; etykiety na podstawie Twojego projektu lub bazy danych. Wi&#281;cej o <a href=\"\/pl\/manufacture\/services\/custom-label-printing-service\/\" target=\"_blank\" rel=\"noopener\">us&#322;udze druku etykiet na zam&oacute;wienie &rarr;<\/a><\/p>\n<\/div>\n<div class=\"woocommerce\"><\/div><table id=\"wcpt_a42eee893cc32cff_1\" class=\"wc-product-table woocommerce multicart-enabled\" width=\"100%\" data-config='{\"pageLength\":10,\"pagingType\":\"numbers\",\"serverSide\":false,\"autoWidth\":true,\"clickFilter\":\"false\",\"scrollOffset\":15,\"resetButton\":false,\"multiAddToCart\":false,\"multiCartLocation\":\"top\",\"variations\":\"separate\",\"ajaxCart\":false,\"numOrder\":false,\"stickyHeader\":false,\"lengthMenu\":[[10,25,50,100,-1],[10,25,50,100,\"Wszystko\"]],\"columnDefs\":[{\"className\":\"col-sku\",\"targets\":0,\"type\":\"html\"},{\"className\":\"col-name\",\"targets\":1,\"type\":\"html\"},{\"className\":\"col-color\",\"targets\":2,\"type\":\"html\"},{\"className\":\"col-size\",\"targets\":3,\"type\":\"html\"},{\"className\":\"col-package-pcs\",\"targets\":4,\"type\":\"html\"},{\"className\":\"col-price\",\"targets\":5,\"type\":\"html-num\"},{\"className\":\"col-buy col-add-to-cart\",\"targets\":6,\"type\":\"html\"}],\"responsive\":{\"details\":{\"display\":\"child_row\"}},\"search\":{\"search\":\"\"},\"dom\":\"&lt;\\\"wc-product-table-wrapper bootscore wpt-styling-theme\\\"&lt;\\\"wc-product-table-controls wc-product-table-above\\\"&gt;t&lt;\\\"wc-product-table-controls wc-product-table-below\\\"ip&gt;&gt;\"}' data-filters=\"false\" data-order=\"[]\"><thead><tr><th class=\"all\" data-name=\"sku\" data-orderable=\"true\" data-searchable=\"true\" data-priority=\"6\">SKU<\/th><th data-name=\"name\" data-orderable=\"true\" data-searchable=\"true\" data-priority=\"1\">Nazwa<\/th><th data-name=\"att_pa_color\" data-orderable=\"true\" data-searchable=\"true\">Kolor<\/th><th data-name=\"att_pa_size\" data-orderable=\"true\" data-searchable=\"true\">Rozmiar<\/th><th data-name=\"att_pa_package-pcs\" data-orderable=\"true\" data-searchable=\"true\">Opakowanie, szt.<\/th><th data-name=\"price\" data-orderable=\"true\" data-searchable=\"true\" data-priority=\"3\">Cena<\/th><th data-name=\"buy\" data-orderable=\"false\" data-searchable=\"true\" data-priority=\"2\">Kup<\/th><\/tr><\/thead><tbody><tr id=\"product-row-21324\" class=\"product product-row product-21324 instock product-type-variation purchasable\"><td><a href=\"https:\/\/tml.lt\/pl\/product\/push-button-labels\/?attribute_pa_color=white&amp;attribute_pa_size=30x15&amp;attribute_pa_thickness=450mkm&amp;attribute_pa_package-pcs=250-pcs\" class=\"single-product-link\" data-product_id=\"21324\">14131-3015-1-0.25-WH<\/a><\/td><td><a href=\"https:\/\/tml.lt\/pl\/product\/push-button-labels\/?attribute_pa_color=white&amp;attribute_pa_size=30x15&amp;attribute_pa_thickness=450mkm&amp;attribute_pa_package-pcs=250-pcs\" class=\"single-product-link\" data-product_id=\"21324\">Etykiety do przycisk&oacute;w sterowniczych - bia&#322;e, 30x15 mm, 450&mu;m, 250 szt<\/a><\/td><td><span data-slug=\"white\">bia&#322;e<\/span><\/td><td><span data-slug=\"30x15\">30x15 mm<\/span><\/td><td><span data-slug=\"250-pcs\">250 szt<\/span><\/td><td data-sort=\"19.30\"><span class=\"woocommerce-Price-amount amount\"><bdi><span class=\"woocommerce-Price-currencySymbol\">&euro;<\/span>19.30<\/bdi><\/span><\/td><td><div class=\"add-to-cart-wrapper with-cart-button with-quantity\"> <form class=\"cart\" method=\"post\" enctype=\"multipart\/form-data\"> <div class=\"add-to-cart-button\"><div class=\"quantity\"> <div class=\"input-group\"><button type=\"button\" class=\"minus input-group-text disabled\" disabled data-type=\"minus\">-<\/button> <label class=\"screen-reader-text\" for=\"quantity_69f2c4bd95912\">ilo&#347;&#263; Etykiety do przycisk&oacute;w sterowniczych<\/label> <input type=\"number\" id=\"quantity_69f2c4bd95912\" class=\"input-text qty text form-control\" name=\"quantity\" value=\"1\" aria-label=\"Ilo&#347;&#263; produktu\" min=\"1\" step=\"1\" placeholder=\"\" inputmode=\"numeric\" autocomplete=\"off\"> <button type=\"button\" class=\"plus input-group-text\" data-type=\"plus\">+<\/button><\/div><\/div> <button type=\"submit\" name=\"add-to-cart\" value=\"21314\" class=\"single_add_to_cart_button button alt\">Dodaj do koszyka<\/button> <\/div> <input type=\"hidden\" name=\"variation_id\" value=\"21324\"> <div class=\"variations hidden\"> <input type=\"hidden\" name=\"attribute_pa_color\" value=\"white\"> <input type=\"hidden\" name=\"attribute_pa_size\" value=\"30x15\"> <input type=\"hidden\" name=\"attribute_pa_thickness\" value=\"450mkm\"> <input type=\"hidden\" name=\"attribute_pa_package-pcs\" value=\"250-pcs\"> <\/div> <\/form> <div class=\"multi-cart-check\"> <input type=\"hidden\" name=\"wpt_product_price\" value=\"19.3\" form=\"multi-cart\"> <\/div> <\/div><\/td><\/tr><tr id=\"product-row-21325\" class=\"product product-row product-21325 instock product-type-variation purchasable\"><td><a href=\"https:\/\/tml.lt\/pl\/product\/push-button-labels\/?attribute_pa_color=yellow-en&amp;attribute_pa_size=30x15&amp;attribute_pa_thickness=450mkm&amp;attribute_pa_package-pcs=250-pcs\" class=\"single-product-link\" data-product_id=\"21325\">14134-3015-1-0.25-YL<\/a><\/td><td><a href=\"https:\/\/tml.lt\/pl\/product\/push-button-labels\/?attribute_pa_color=yellow-en&amp;attribute_pa_size=30x15&amp;attribute_pa_thickness=450mkm&amp;attribute_pa_package-pcs=250-pcs\" class=\"single-product-link\" data-product_id=\"21325\">Etykiety do przycisk&oacute;w sterowniczych - &#380;&oacute;&#322;ty, 30x15 mm, 450&mu;m, 250 szt<\/a><\/td><td><span data-slug=\"yellow-en\">&#380;&oacute;&#322;ty<\/span><\/td><td><span data-slug=\"30x15\">30x15 mm<\/span><\/td><td><span data-slug=\"250-pcs\">250 szt<\/span><\/td><td data-sort=\"19.30\"><span class=\"woocommerce-Price-amount amount\"><bdi><span class=\"woocommerce-Price-currencySymbol\">&euro;<\/span>19.30<\/bdi><\/span><\/td><td><div class=\"add-to-cart-wrapper with-cart-button with-quantity\"> <form class=\"cart\" method=\"post\" enctype=\"multipart\/form-data\"> <div class=\"add-to-cart-button\"><div class=\"quantity\"> <div class=\"input-group\"><button type=\"button\" class=\"minus input-group-text disabled\" disabled data-type=\"minus\">-<\/button> <label class=\"screen-reader-text\" for=\"quantity_69f2c4bd966e9\">ilo&#347;&#263; Etykiety do przycisk&oacute;w sterowniczych<\/label> <input type=\"number\" id=\"quantity_69f2c4bd966e9\" class=\"input-text qty text form-control\" name=\"quantity\" value=\"1\" aria-label=\"Ilo&#347;&#263; produktu\" min=\"1\" step=\"1\" placeholder=\"\" inputmode=\"numeric\" autocomplete=\"off\"> <button type=\"button\" class=\"plus input-group-text\" data-type=\"plus\">+<\/button><\/div><\/div> <button type=\"submit\" name=\"add-to-cart\" value=\"21314\" class=\"single_add_to_cart_button button alt\">Dodaj do koszyka<\/button> <\/div> <input type=\"hidden\" name=\"variation_id\" value=\"21325\"> <div class=\"variations hidden\"> <input type=\"hidden\" name=\"attribute_pa_color\" value=\"yellow-en\"> <input type=\"hidden\" name=\"attribute_pa_size\" value=\"30x15\"> <input type=\"hidden\" name=\"attribute_pa_thickness\" value=\"450mkm\"> <input type=\"hidden\" name=\"attribute_pa_package-pcs\" value=\"250-pcs\"> <\/div> <\/form> <div class=\"multi-cart-check\"> <input type=\"hidden\" name=\"wpt_product_price\" value=\"19.3\" form=\"multi-cart\"> <\/div> <\/div><\/td><\/tr><tr id=\"product-row-21326\" class=\"product product-row product-21326 instock product-type-variation purchasable\"><td><a href=\"https:\/\/tml.lt\/pl\/product\/push-button-labels\/?attribute_pa_color=black&amp;attribute_pa_size=30x15&amp;attribute_pa_thickness=450mkm&amp;attribute_pa_package-pcs=250-pcs\" class=\"single-product-link\" data-product_id=\"21326\">14175-3015-1-0.25-BK<\/a><\/td><td><a href=\"https:\/\/tml.lt\/pl\/product\/push-button-labels\/?attribute_pa_color=black&amp;attribute_pa_size=30x15&amp;attribute_pa_thickness=450mkm&amp;attribute_pa_package-pcs=250-pcs\" class=\"single-product-link\" data-product_id=\"21326\">Etykiety do przycisk&oacute;w sterowniczych - czarny, 30x15 mm, 450&mu;m, 250 szt<\/a><\/td><td><span data-slug=\"black\">czarny<\/span><\/td><td><span data-slug=\"30x15\">30x15 mm<\/span><\/td><td><span data-slug=\"250-pcs\">250 szt<\/span><\/td><td data-sort=\"19.30\"><span class=\"woocommerce-Price-amount amount\"><bdi><span class=\"woocommerce-Price-currencySymbol\">&euro;<\/span>19.30<\/bdi><\/span><\/td><td><div class=\"add-to-cart-wrapper with-cart-button with-quantity\"> <form class=\"cart\" method=\"post\" enctype=\"multipart\/form-data\"> <div class=\"add-to-cart-button\"><div class=\"quantity\"> <div class=\"input-group\"><button type=\"button\" class=\"minus input-group-text disabled\" disabled data-type=\"minus\">-<\/button> <label class=\"screen-reader-text\" for=\"quantity_69f2c4bd976c6\">ilo&#347;&#263; Etykiety do przycisk&oacute;w sterowniczych<\/label> <input type=\"number\" id=\"quantity_69f2c4bd976c6\" class=\"input-text qty text form-control\" name=\"quantity\" value=\"1\" aria-label=\"Ilo&#347;&#263; produktu\" min=\"1\" step=\"1\" placeholder=\"\" inputmode=\"numeric\" autocomplete=\"off\"> <button type=\"button\" class=\"plus input-group-text\" data-type=\"plus\">+<\/button><\/div><\/div> <button type=\"submit\" name=\"add-to-cart\" value=\"21314\" class=\"single_add_to_cart_button button alt\">Dodaj do koszyka<\/button> <\/div> <input type=\"hidden\" name=\"variation_id\" value=\"21326\"> <div class=\"variations hidden\"> <input type=\"hidden\" name=\"attribute_pa_color\" value=\"black\"> <input type=\"hidden\" name=\"attribute_pa_size\" value=\"30x15\"> <input type=\"hidden\" name=\"attribute_pa_thickness\" value=\"450mkm\"> <input type=\"hidden\" name=\"attribute_pa_package-pcs\" value=\"250-pcs\"> <\/div> <\/form> <div class=\"multi-cart-check\"> <input type=\"hidden\" name=\"wpt_product_price\" value=\"19.3\" form=\"multi-cart\"> <\/div> <\/div><\/td><\/tr><tr id=\"product-row-21327\" class=\"product product-row product-21327 instock product-type-variation purchasable\"><td><a href=\"https:\/\/tml.lt\/pl\/product\/push-button-labels\/?attribute_pa_color=silver&amp;attribute_pa_size=30x15&amp;attribute_pa_thickness=450mkm&amp;attribute_pa_package-pcs=250-pcs\" class=\"single-product-link\" data-product_id=\"21327\">14118-3015-1-0.25-SL<\/a><\/td><td><a href=\"https:\/\/tml.lt\/pl\/product\/push-button-labels\/?attribute_pa_color=silver&amp;attribute_pa_size=30x15&amp;attribute_pa_thickness=450mkm&amp;attribute_pa_package-pcs=250-pcs\" class=\"single-product-link\" data-product_id=\"21327\">Etykiety do przycisk&oacute;w sterowniczych - srebrny, 30x15 mm, 450&mu;m, 250 szt<\/a><\/td><td><span data-slug=\"silver\">srebrny<\/span><\/td><td><span data-slug=\"30x15\">30x15 mm<\/span><\/td><td><span data-slug=\"250-pcs\">250 szt<\/span><\/td><td data-sort=\"19.30\"><span class=\"woocommerce-Price-amount amount\"><bdi><span class=\"woocommerce-Price-currencySymbol\">&euro;<\/span>19.30<\/bdi><\/span><\/td><td><div class=\"add-to-cart-wrapper with-cart-button with-quantity\"> <form class=\"cart\" method=\"post\" enctype=\"multipart\/form-data\"> <div class=\"add-to-cart-button\"><div class=\"quantity\"> <div class=\"input-group\"><button type=\"button\" class=\"minus input-group-text disabled\" disabled data-type=\"minus\">-<\/button> <label class=\"screen-reader-text\" for=\"quantity_69f2c4bd98b4f\">ilo&#347;&#263; Etykiety do przycisk&oacute;w sterowniczych<\/label> <input type=\"number\" id=\"quantity_69f2c4bd98b4f\" class=\"input-text qty text form-control\" name=\"quantity\" value=\"1\" aria-label=\"Ilo&#347;&#263; produktu\" min=\"1\" step=\"1\" placeholder=\"\" inputmode=\"numeric\" autocomplete=\"off\"> <button type=\"button\" class=\"plus input-group-text\" data-type=\"plus\">+<\/button><\/div><\/div> <button type=\"submit\" name=\"add-to-cart\" value=\"21314\" class=\"single_add_to_cart_button button alt\">Dodaj do koszyka<\/button> <\/div> <input type=\"hidden\" name=\"variation_id\" value=\"21327\"> <div class=\"variations hidden\"> <input type=\"hidden\" name=\"attribute_pa_color\" value=\"silver\"> <input type=\"hidden\" name=\"attribute_pa_size\" value=\"30x15\"> <input type=\"hidden\" name=\"attribute_pa_thickness\" value=\"450mkm\"> <input type=\"hidden\" name=\"attribute_pa_package-pcs\" value=\"250-pcs\"> <\/div> <\/form> <div class=\"multi-cart-check\"> <input type=\"hidden\" name=\"wpt_product_price\" value=\"19.3\" form=\"multi-cart\"> <\/div> <\/div><\/td><\/tr><\/tbody><\/table>\n","protected":false},"excerpt":{"rendered":"<p>Te trwa\u0142e etykiety o grubo\u015bci 450 \u00b5m s\u0105 popularn\u0105 alternatyw\u0105 dla tradycyjnych tabliczek grawerowanych dzi\u0119ki mocnemu klejowi i odporno\u015bci na trudne warunki \u015brodowiskowe. Nadaj\u0105 si\u0119 do oznaczania zewn\u0119trznych przycisk\u00f3w, tabliczek znamionowych i prze\u0142\u0105cznik\u00f3w. U\u017cytkownicy mog\u0105 tworzy\u0107 w\u0142asne tabliczki z opisami na \u017c\u0105danie. Cztery standardowe kolory.<\/p>\n<ul>\n<li>Kompatybilno\u015b\u0107 z drukarkami: puste etykiety przeznaczone s\u0105 do druku na miejscu przy u\u017cyciu wszystkich popularnych modeli drukarek termotransferowych, takich jak <a href=\"\/en\/product-category\/industrial-marking\/thermal-transfer-printers\/\" rel=\"noopener\" target=\"_blank\">cab<\/a>, Brady, Zebra itp.<\/li>\n<li>Zakres temperatur pracy: od -40 do +100 \u00b0C.<\/li>\n<li>Niestandardowe <em>rozmiary<\/em> i <em>kolory<\/em> dost\u0119pne na <a href=\"#callback\" data-bs-toggle=\"modal\" data-bs-target=\"#callback\">zam\u00f3wienie<\/a>.<\/li>\n<\/ul>\n<p>Kolory: czarny, bia\u0142y, \u017c\u00f3\u0142ty, srebrny.<br \/>\nRozmiar: 30&#215;15 mm<br \/>\nGrubo\u015b\u0107: 450 \u00b5m<br \/>\nIlo\u015b\u0107 sztuk w rolce: 250 szt.<\/p>\n","protected":false},"featured_media":21318,"template":"","meta":[],"product_brand":[],"product_cat":[2598],"product_tag":[],"class_list":{"0":"post-21314","1":"product","2":"type-product","3":"status-publish","4":"has-post-thumbnail","6":"product_cat-for-push-buttons-panels","8":"first","9":"instock","10":"shipping-taxable","11":"purchasable","12":"product-type-variable","13":"has-default-attributes"},"yoast_head":"<!-- This site is optimized with the Yoast SEO plugin v27.5 - https:\/\/yoast.com\/product\/yoast-seo-wordpress\/ -->\n<title>Etykiety do przycisk\u00f3w sterowniczych | TML<\/title>\n<meta name=\"description\" content=\"Etykiety do przycisk\u00f3w sterowniczych Nadaj\u0105 si\u0119 do oznaczania zewn\u0119trznych przycisk\u00f3w, tabliczek znamionowych i prze\u0142\u0105cznik\u00f3w. | TML\" \/>\n<meta name=\"robots\" content=\"index, follow, max-snippet:-1, max-image-preview:large, max-video-preview:-1\" \/>\n<link rel=\"canonical\" href=\"https:\/\/tml.lt\/pl\/product\/push-button-labels\/\" \/>\n<meta property=\"og:locale\" content=\"pl_PL\" \/>\n<meta property=\"og:type\" content=\"article\" \/>\n<meta property=\"og:title\" content=\"Etykiety do przycisk\u00f3w sterowniczych | TML\" \/>\n<meta property=\"og:description\" content=\"Etykiety do przycisk\u00f3w sterowniczych Nadaj\u0105 si\u0119 do oznaczania zewn\u0119trznych przycisk\u00f3w, tabliczek znamionowych i prze\u0142\u0105cznik\u00f3w. | TML\" \/>\n<meta property=\"og:url\" content=\"https:\/\/tml.lt\/pl\/product\/push-button-labels\/\" \/>\n<meta property=\"og:site_name\" content=\"TML\" \/>\n<meta property=\"article:modified_time\" content=\"2026-02-13T10:56:22+00:00\" \/>\n<meta property=\"og:image\" content=\"https:\/\/tml.lt\/pl\/wp-content\/uploads\/2026\/02\/push-buttons-markers_start-stop_all.webp\" \/>\n\t<meta property=\"og:image:width\" content=\"1600\" \/>\n\t<meta property=\"og:image:height\" content=\"1600\" \/>\n\t<meta property=\"og:image:type\" content=\"image\/webp\" \/>\n<meta name=\"twitter:card\" content=\"summary_large_image\" \/>\n<script type=\"application\/ld+json\" class=\"yoast-schema-graph\">{\"@context\":\"https:\\\/\\\/schema.org\",\"@graph\":[{\"@type\":\"WebPage\",\"@id\":\"https:\\\/\\\/tml.lt\\\/pl\\\/product\\\/push-button-labels\\\/\",\"url\":\"https:\\\/\\\/tml.lt\\\/pl\\\/product\\\/push-button-labels\\\/\",\"name\":\"Etykiety do przycisk\u00f3w sterowniczych | TML\",\"isPartOf\":{\"@id\":\"https:\\\/\\\/tml.lt\\\/pl\\\/#website\"},\"primaryImageOfPage\":{\"@id\":\"https:\\\/\\\/tml.lt\\\/pl\\\/product\\\/push-button-labels\\\/#primaryimage\"},\"image\":{\"@id\":\"https:\\\/\\\/tml.lt\\\/pl\\\/product\\\/push-button-labels\\\/#primaryimage\"},\"thumbnailUrl\":\"https:\\\/\\\/tml.lt\\\/pl\\\/wp-content\\\/uploads\\\/2026\\\/02\\\/push-buttons-markers_start-stop_all.webp\",\"datePublished\":\"2026-02-13T10:50:17+00:00\",\"dateModified\":\"2026-02-13T10:56:22+00:00\",\"description\":\"Etykiety do przycisk\u00f3w sterowniczych Nadaj\u0105 si\u0119 do oznaczania zewn\u0119trznych przycisk\u00f3w, tabliczek znamionowych i prze\u0142\u0105cznik\u00f3w. | TML\",\"breadcrumb\":{\"@id\":\"https:\\\/\\\/tml.lt\\\/pl\\\/product\\\/push-button-labels\\\/#breadcrumb\"},\"inLanguage\":\"pl-PL\",\"potentialAction\":[{\"@type\":\"ReadAction\",\"target\":[\"https:\\\/\\\/tml.lt\\\/pl\\\/product\\\/push-button-labels\\\/\"]}]},{\"@type\":\"ImageObject\",\"inLanguage\":\"pl-PL\",\"@id\":\"https:\\\/\\\/tml.lt\\\/pl\\\/product\\\/push-button-labels\\\/#primaryimage\",\"url\":\"https:\\\/\\\/tml.lt\\\/pl\\\/wp-content\\\/uploads\\\/2026\\\/02\\\/push-buttons-markers_start-stop_all.webp\",\"contentUrl\":\"https:\\\/\\\/tml.lt\\\/pl\\\/wp-content\\\/uploads\\\/2026\\\/02\\\/push-buttons-markers_start-stop_all.webp\",\"width\":1600,\"height\":1600,\"caption\":\"Etykiety do przycisk\u00f3w sterowniczych\"},{\"@type\":\"BreadcrumbList\",\"@id\":\"https:\\\/\\\/tml.lt\\\/pl\\\/product\\\/push-button-labels\\\/#breadcrumb\",\"itemListElement\":[{\"@type\":\"ListItem\",\"position\":1,\"name\":\"\u0413\u043b\u0430\u0432\u043d\u0430\u044f \u0441\u0442\u0440\u0430\u043d\u0438\u0446\u0430\",\"item\":\"https:\\\/\\\/tml.lt\\\/pl\\\/\"},{\"@type\":\"ListItem\",\"position\":2,\"name\":\"Produkcja i rozwi\u0105zania w zakresie znakowania, izolacji, mocowania\",\"item\":\"https:\\\/\\\/tml.lt\\\/pl\\\/\"},{\"@type\":\"ListItem\",\"position\":3,\"name\":\"Etykiety do przycisk\u00f3w sterowniczych\"}]},{\"@type\":\"WebSite\",\"@id\":\"https:\\\/\\\/tml.lt\\\/pl\\\/#website\",\"url\":\"https:\\\/\\\/tml.lt\\\/pl\\\/\",\"name\":\"TML\",\"description\":\"UAB TML-LT\",\"publisher\":{\"@id\":\"https:\\\/\\\/tml.lt\\\/pl\\\/#organization\"},\"potentialAction\":[{\"@type\":\"SearchAction\",\"target\":{\"@type\":\"EntryPoint\",\"urlTemplate\":\"https:\\\/\\\/tml.lt\\\/pl\\\/?s={search_term_string}\"},\"query-input\":{\"@type\":\"PropertyValueSpecification\",\"valueRequired\":true,\"valueName\":\"search_term_string\"}}],\"inLanguage\":\"pl-PL\"},{\"@type\":\"Organization\",\"@id\":\"https:\\\/\\\/tml.lt\\\/pl\\\/#organization\",\"name\":\"TML\",\"url\":\"https:\\\/\\\/tml.lt\\\/pl\\\/\",\"logo\":{\"@type\":\"ImageObject\",\"inLanguage\":\"pl-PL\",\"@id\":\"https:\\\/\\\/tml.lt\\\/pl\\\/#\\\/schema\\\/logo\\\/image\\\/\",\"url\":\"https:\\\/\\\/tml.lt\\\/pl\\\/wp-content\\\/uploads\\\/2020\\\/09\\\/tml-logo-black-4.png\",\"contentUrl\":\"https:\\\/\\\/tml.lt\\\/pl\\\/wp-content\\\/uploads\\\/2020\\\/09\\\/tml-logo-black-4.png\",\"width\":470,\"height\":110,\"caption\":\"TML\"},\"image\":{\"@id\":\"https:\\\/\\\/tml.lt\\\/pl\\\/#\\\/schema\\\/logo\\\/image\\\/\"}}]}<\/script>\n<!-- \/ Yoast SEO plugin. -->","yoast_head_json":{"title":"Etykiety do przycisk\u00f3w sterowniczych | TML","description":"Etykiety do przycisk\u00f3w sterowniczych Nadaj\u0105 si\u0119 do oznaczania zewn\u0119trznych przycisk\u00f3w, tabliczek znamionowych i prze\u0142\u0105cznik\u00f3w. | TML","robots":{"index":"index","follow":"follow","max-snippet":"max-snippet:-1","max-image-preview":"max-image-preview:large","max-video-preview":"max-video-preview:-1"},"canonical":"https:\/\/tml.lt\/pl\/product\/push-button-labels\/","og_locale":"pl_PL","og_type":"article","og_title":"Etykiety do przycisk\u00f3w sterowniczych | TML","og_description":"Etykiety do przycisk\u00f3w sterowniczych Nadaj\u0105 si\u0119 do oznaczania zewn\u0119trznych przycisk\u00f3w, tabliczek znamionowych i prze\u0142\u0105cznik\u00f3w. | TML","og_url":"https:\/\/tml.lt\/pl\/product\/push-button-labels\/","og_site_name":"TML","article_modified_time":"2026-02-13T10:56:22+00:00","og_image":[{"width":1600,"height":1600,"url":"https:\/\/tml.lt\/pl\/wp-content\/uploads\/2026\/02\/push-buttons-markers_start-stop_all.webp","type":"image\/webp"}],"twitter_card":"summary_large_image","schema":{"@context":"https:\/\/schema.org","@graph":[{"@type":"WebPage","@id":"https:\/\/tml.lt\/pl\/product\/push-button-labels\/","url":"https:\/\/tml.lt\/pl\/product\/push-button-labels\/","name":"Etykiety do przycisk\u00f3w sterowniczych | TML","isPartOf":{"@id":"https:\/\/tml.lt\/pl\/#website"},"primaryImageOfPage":{"@id":"https:\/\/tml.lt\/pl\/product\/push-button-labels\/#primaryimage"},"image":{"@id":"https:\/\/tml.lt\/pl\/product\/push-button-labels\/#primaryimage"},"thumbnailUrl":"https:\/\/tml.lt\/pl\/wp-content\/uploads\/2026\/02\/push-buttons-markers_start-stop_all.webp","datePublished":"2026-02-13T10:50:17+00:00","dateModified":"2026-02-13T10:56:22+00:00","description":"Etykiety do przycisk\u00f3w sterowniczych Nadaj\u0105 si\u0119 do oznaczania zewn\u0119trznych przycisk\u00f3w, tabliczek znamionowych i prze\u0142\u0105cznik\u00f3w. | TML","breadcrumb":{"@id":"https:\/\/tml.lt\/pl\/product\/push-button-labels\/#breadcrumb"},"inLanguage":"pl-PL","potentialAction":[{"@type":"ReadAction","target":["https:\/\/tml.lt\/pl\/product\/push-button-labels\/"]}]},{"@type":"ImageObject","inLanguage":"pl-PL","@id":"https:\/\/tml.lt\/pl\/product\/push-button-labels\/#primaryimage","url":"https:\/\/tml.lt\/pl\/wp-content\/uploads\/2026\/02\/push-buttons-markers_start-stop_all.webp","contentUrl":"https:\/\/tml.lt\/pl\/wp-content\/uploads\/2026\/02\/push-buttons-markers_start-stop_all.webp","width":1600,"height":1600,"caption":"Etykiety do przycisk\u00f3w sterowniczych"},{"@type":"BreadcrumbList","@id":"https:\/\/tml.lt\/pl\/product\/push-button-labels\/#breadcrumb","itemListElement":[{"@type":"ListItem","position":1,"name":"\u0413\u043b\u0430\u0432\u043d\u0430\u044f \u0441\u0442\u0440\u0430\u043d\u0438\u0446\u0430","item":"https:\/\/tml.lt\/pl\/"},{"@type":"ListItem","position":2,"name":"Produkcja i rozwi\u0105zania w zakresie znakowania, izolacji, mocowania","item":"https:\/\/tml.lt\/pl\/"},{"@type":"ListItem","position":3,"name":"Etykiety do przycisk\u00f3w sterowniczych"}]},{"@type":"WebSite","@id":"https:\/\/tml.lt\/pl\/#website","url":"https:\/\/tml.lt\/pl\/","name":"TML","description":"UAB TML-LT","publisher":{"@id":"https:\/\/tml.lt\/pl\/#organization"},"potentialAction":[{"@type":"SearchAction","target":{"@type":"EntryPoint","urlTemplate":"https:\/\/tml.lt\/pl\/?s={search_term_string}"},"query-input":{"@type":"PropertyValueSpecification","valueRequired":true,"valueName":"search_term_string"}}],"inLanguage":"pl-PL"},{"@type":"Organization","@id":"https:\/\/tml.lt\/pl\/#organization","name":"TML","url":"https:\/\/tml.lt\/pl\/","logo":{"@type":"ImageObject","inLanguage":"pl-PL","@id":"https:\/\/tml.lt\/pl\/#\/schema\/logo\/image\/","url":"https:\/\/tml.lt\/pl\/wp-content\/uploads\/2020\/09\/tml-logo-black-4.png","contentUrl":"https:\/\/tml.lt\/pl\/wp-content\/uploads\/2020\/09\/tml-logo-black-4.png","width":470,"height":110,"caption":"TML"},"image":{"@id":"https:\/\/tml.lt\/pl\/#\/schema\/logo\/image\/"}}]}},"amp_enabled":true,"_links":{"self":[{"href":"https:\/\/tml.lt\/pl\/wp-json\/wp\/v2\/product\/21314","targetHints":{"allow":["GET"]}}],"collection":[{"href":"https:\/\/tml.lt\/pl\/wp-json\/wp\/v2\/product"}],"about":[{"href":"https:\/\/tml.lt\/pl\/wp-json\/wp\/v2\/types\/product"}],"wp:featuredmedia":[{"embeddable":true,"href":"https:\/\/tml.lt\/pl\/wp-json\/wp\/v2\/media\/21318"}],"wp:attachment":[{"href":"https:\/\/tml.lt\/pl\/wp-json\/wp\/v2\/media?parent=21314"}],"wp:term":[{"taxonomy":"product_brand","embeddable":true,"href":"https:\/\/tml.lt\/pl\/wp-json\/wp\/v2\/product_brand?post=21314"},{"taxonomy":"product_cat","embeddable":true,"href":"https:\/\/tml.lt\/pl\/wp-json\/wp\/v2\/product_cat?post=21314"},{"taxonomy":"product_tag","embeddable":true,"href":"https:\/\/tml.lt\/pl\/wp-json\/wp\/v2\/product_tag?post=21314"}],"curies":[{"name":"wp","href":"https:\/\/api.w.org\/{rel}","templated":true}]}}