{"id":21379,"date":"2026-03-06T09:51:05","date_gmt":"2026-03-06T07:51:05","guid":{"rendered":"https:\/\/tml.lt\/pl\/?post_type=product&#038;p=21379"},"modified":"2026-03-06T09:58:39","modified_gmt":"2026-03-06T07:58:39","slug":"ribbons-for-puty-p990","status":"publish","type":"product","link":"https:\/\/tml.lt\/pl\/product\/ribbons-for-puty-p990\/","title":{"rendered":"Ta\u015bmy barwi\u0105ce do drukarek Puty P990"},"content":{"rendered":"<div class=\"woocommerce\"><\/div><table id=\"wcpt_996bcfcc055f8e4b_1\" class=\"wc-product-table woocommerce multicart-enabled\" width=\"100%\" data-config='{\"pageLength\":10,\"pagingType\":\"numbers\",\"serverSide\":false,\"autoWidth\":true,\"clickFilter\":\"false\",\"scrollOffset\":15,\"resetButton\":false,\"multiAddToCart\":false,\"multiCartLocation\":\"top\",\"variations\":\"separate\",\"ajaxCart\":false,\"numOrder\":false,\"stickyHeader\":false,\"lengthMenu\":[[10,25,50,100,-1],[10,25,50,100,\"Wszystko\"]],\"columnDefs\":[{\"className\":\"col-sku\",\"targets\":0,\"type\":\"html\"},{\"className\":\"col-name\",\"targets\":1,\"type\":\"html\"},{\"className\":\"col-color\",\"targets\":2,\"type\":\"html\"},{\"className\":\"col-width\",\"targets\":3,\"type\":\"html\"},{\"className\":\"col-rolllength\",\"targets\":4,\"type\":\"html\"},{\"className\":\"col-price\",\"targets\":5,\"type\":\"html-num\"},{\"className\":\"col-buy col-add-to-cart\",\"targets\":6,\"type\":\"html\"}],\"responsive\":{\"details\":{\"display\":\"child_row\"}},\"search\":{\"search\":\"\"},\"dom\":\"&lt;\\\"wc-product-table-wrapper bootscore wpt-styling-theme\\\"&lt;\\\"wc-product-table-controls wc-product-table-above\\\"ip&gt;t&lt;\\\"wc-product-table-controls wc-product-table-below\\\"ip&gt;&gt;\"}' data-filters=\"false\" data-order=\"[]\"><thead><tr><th class=\"all\" data-name=\"sku\" data-orderable=\"true\" data-searchable=\"true\" data-priority=\"6\">SKU<\/th><th data-name=\"name\" data-orderable=\"true\" data-searchable=\"true\" data-priority=\"1\">Nazwa<\/th><th data-name=\"att_pa_color\" data-orderable=\"true\" data-searchable=\"true\">Kolor<\/th><th data-name=\"att_pa_width\" data-orderable=\"true\" data-searchable=\"true\">Szeroko&#347;&#263;<\/th><th data-name=\"att_pa_rolllength\" data-orderable=\"true\" data-searchable=\"true\">D&#322;ugo&#347;&#263; rolki<\/th><th data-name=\"price\" data-orderable=\"true\" data-searchable=\"true\" data-priority=\"3\">Cena<\/th><th data-name=\"buy\" data-orderable=\"false\" data-searchable=\"true\" data-priority=\"2\">Kup<\/th><\/tr><\/thead><tbody><tr id=\"product-row-21380\" class=\"product product-row product-21380 instock product-type-variation purchasable\"><td><a href=\"https:\/\/tml.lt\/pl\/product\/ribbons-for-puty-p990\/?attribute_pa_color=black&amp;attribute_pa_width=12mm-en&amp;attribute_pa_rolllength=100-m\" class=\"single-product-link\" data-product_id=\"21380\">PT-90B<\/a><\/td><td><a href=\"https:\/\/tml.lt\/pl\/product\/ribbons-for-puty-p990\/?attribute_pa_color=black&amp;attribute_pa_width=12mm-en&amp;attribute_pa_rolllength=100-m\" class=\"single-product-link\" data-product_id=\"21380\">Ta&#347;my barwi&#261;ce do drukarek Puty P990 - czarny, 12mm, 100 m<\/a><\/td><td><span data-slug=\"black\">czarny<\/span><\/td><td><span data-slug=\"12mm-en\">12mm<\/span><\/td><td><span data-slug=\"100-m\">100 m<\/span><\/td><td data-sort=\"19.70\"><span class=\"woocommerce-Price-amount amount\"><bdi><span class=\"woocommerce-Price-currencySymbol\">&euro;<\/span>19.70<\/bdi><\/span><\/td><td><div class=\"add-to-cart-wrapper with-cart-button with-quantity\"> <form class=\"cart\" method=\"post\" enctype=\"multipart\/form-data\"> <div class=\"add-to-cart-button\"><div class=\"quantity\"> <div class=\"input-group\"><button type=\"button\" class=\"minus input-group-text disabled\" disabled data-type=\"minus\">-<\/button> <label class=\"screen-reader-text\" for=\"quantity_69d10b79def52\">ilo&#347;&#263; Ta&#347;my barwi&#261;ce do drukarek Puty P990<\/label> <input type=\"number\" id=\"quantity_69d10b79def52\" class=\"input-text qty text form-control\" name=\"quantity\" value=\"1\" aria-label=\"Ilo&#347;&#263; produktu\" min=\"1\" step=\"1\" placeholder=\"\" inputmode=\"numeric\" autocomplete=\"off\"> <button type=\"button\" class=\"plus input-group-text\" data-type=\"plus\">+<\/button><\/div><\/div> <button type=\"submit\" name=\"add-to-cart\" value=\"21379\" class=\"single_add_to_cart_button button alt\">Dodaj do koszyka<\/button> <\/div> <input type=\"hidden\" name=\"variation_id\" value=\"21380\"> <div class=\"variations hidden\"> <input type=\"hidden\" name=\"attribute_pa_color\" value=\"black\"> <input type=\"hidden\" name=\"attribute_pa_width\" value=\"12mm-en\"> <input type=\"hidden\" name=\"attribute_pa_rolllength\" value=\"100-m\"> <\/div> <\/form> <div class=\"multi-cart-check\"> <input type=\"hidden\" name=\"wpt_product_price\" value=\"19.7\" form=\"multi-cart\"> <\/div> <\/div><\/td><\/tr><tr id=\"product-row-21381\" class=\"product product-row product-21381 instock product-type-variation purchasable\"><td><a href=\"https:\/\/tml.lt\/pl\/product\/ribbons-for-puty-p990\/?attribute_pa_color=white&amp;attribute_pa_width=12mm-en&amp;attribute_pa_rolllength=100-m\" class=\"single-product-link\" data-product_id=\"21381\">PT-90W<\/a><\/td><td><a href=\"https:\/\/tml.lt\/pl\/product\/ribbons-for-puty-p990\/?attribute_pa_color=white&amp;attribute_pa_width=12mm-en&amp;attribute_pa_rolllength=100-m\" class=\"single-product-link\" data-product_id=\"21381\">Ta&#347;my barwi&#261;ce do drukarek Puty P990 - bia&#322;e, 12mm, 100 m<\/a><\/td><td><span data-slug=\"white\">bia&#322;e<\/span><\/td><td><span data-slug=\"12mm-en\">12mm<\/span><\/td><td><span data-slug=\"100-m\">100 m<\/span><\/td><td data-sort=\"19.70\"><span class=\"woocommerce-Price-amount amount\"><bdi><span class=\"woocommerce-Price-currencySymbol\">&euro;<\/span>19.70<\/bdi><\/span><\/td><td><div class=\"add-to-cart-wrapper with-cart-button with-quantity\"> <form class=\"cart\" method=\"post\" enctype=\"multipart\/form-data\"> <div class=\"add-to-cart-button\"><div class=\"quantity\"> <div class=\"input-group\"><button type=\"button\" class=\"minus input-group-text disabled\" disabled data-type=\"minus\">-<\/button> <label class=\"screen-reader-text\" for=\"quantity_69d10b79e006b\">ilo&#347;&#263; Ta&#347;my barwi&#261;ce do drukarek Puty P990<\/label> <input type=\"number\" id=\"quantity_69d10b79e006b\" class=\"input-text qty text form-control\" name=\"quantity\" value=\"1\" aria-label=\"Ilo&#347;&#263; produktu\" min=\"1\" step=\"1\" placeholder=\"\" inputmode=\"numeric\" autocomplete=\"off\"> <button type=\"button\" class=\"plus input-group-text\" data-type=\"plus\">+<\/button><\/div><\/div> <button type=\"submit\" name=\"add-to-cart\" value=\"21379\" class=\"single_add_to_cart_button button alt\">Dodaj do koszyka<\/button> <\/div> <input type=\"hidden\" name=\"variation_id\" value=\"21381\"> <div class=\"variations hidden\"> <input type=\"hidden\" name=\"attribute_pa_color\" value=\"white\"> <input type=\"hidden\" name=\"attribute_pa_width\" value=\"12mm-en\"> <input type=\"hidden\" name=\"attribute_pa_rolllength\" value=\"100-m\"> <\/div> <\/form> <div class=\"multi-cart-check\"> <input type=\"hidden\" name=\"wpt_product_price\" value=\"19.7\" form=\"multi-cart\"> <\/div> <\/div><\/td><\/tr><\/tbody><\/table>\n","protected":false},"excerpt":{"rendered":"<p>Kaseta z <mark>ta\u015bm\u0105 barwi\u0105c\u0105<\/mark> do drukarek Puty model P990.<\/p>\n<p>Kolor: czarny, bia\u0142y.<br \/>\nD\u0142ugo\u015b\u0107: 100 metr\u00f3w.<br \/>\nSzeroko\u015b\u0107: 12 mm.<\/p>\n","protected":false},"featured_media":21383,"template":"","meta":[],"product_brand":[],"product_cat":[2601,232],"product_tag":[1486],"class_list":{"0":"post-21379","1":"product","2":"type-product","3":"status-publish","4":"has-post-thumbnail","6":"product_cat-puty-p990","7":"product_cat-ribbons-for-cable-printers","8":"product_tag-puty","10":"first","11":"instock","12":"shipping-taxable","13":"purchasable","14":"product-type-variable","15":"has-default-attributes"},"yoast_head":"<!-- This site is optimized with the Yoast SEO plugin v27.3 - https:\/\/yoast.com\/product\/yoast-seo-wordpress\/ -->\n<title>Ta\u015bmy barwi\u0105ce do drukarek Puty P990 | TML<\/title>\n<meta name=\"description\" content=\"Kaseta z ta\u015bm\u0105 barwi\u0105c\u0105 do drukarek Puty model P990. Kolor: czarny, bia\u0142y. D\u0142ugo\u015b\u0107: 100 metr\u00f3w. Szeroko\u015b\u0107: 12 mm | TML\" \/>\n<meta name=\"robots\" content=\"index, follow, max-snippet:-1, max-image-preview:large, max-video-preview:-1\" \/>\n<link rel=\"canonical\" href=\"https:\/\/tml.lt\/pl\/product\/ribbons-for-puty-p990\/\" \/>\n<meta property=\"og:locale\" content=\"pl_PL\" \/>\n<meta property=\"og:type\" content=\"article\" \/>\n<meta property=\"og:title\" content=\"Ta\u015bmy barwi\u0105ce do drukarek Puty P990 | TML\" \/>\n<meta property=\"og:description\" content=\"Kaseta z ta\u015bm\u0105 barwi\u0105c\u0105 do drukarek Puty model P990. Kolor: czarny, bia\u0142y. D\u0142ugo\u015b\u0107: 100 metr\u00f3w. Szeroko\u015b\u0107: 12 mm | TML\" \/>\n<meta property=\"og:url\" content=\"https:\/\/tml.lt\/pl\/product\/ribbons-for-puty-p990\/\" \/>\n<meta property=\"og:site_name\" content=\"TML\" \/>\n<meta property=\"article:modified_time\" content=\"2026-03-06T07:58:39+00:00\" \/>\n<meta property=\"og:image\" content=\"https:\/\/tml.lt\/pl\/wp-content\/uploads\/2026\/03\/Puty-P990_ribbon-cassettes-12mm-100m.webp\" \/>\n\t<meta property=\"og:image:width\" content=\"1600\" \/>\n\t<meta property=\"og:image:height\" content=\"1600\" \/>\n\t<meta property=\"og:image:type\" content=\"image\/webp\" \/>\n<meta name=\"twitter:card\" content=\"summary_large_image\" \/>\n<script type=\"application\/ld+json\" class=\"yoast-schema-graph\">{\"@context\":\"https:\\\/\\\/schema.org\",\"@graph\":[{\"@type\":\"WebPage\",\"@id\":\"https:\\\/\\\/tml.lt\\\/pl\\\/product\\\/ribbons-for-puty-p990\\\/\",\"url\":\"https:\\\/\\\/tml.lt\\\/pl\\\/product\\\/ribbons-for-puty-p990\\\/\",\"name\":\"Ta\u015bmy barwi\u0105ce do drukarek Puty P990 | TML\",\"isPartOf\":{\"@id\":\"https:\\\/\\\/tml.lt\\\/pl\\\/#website\"},\"primaryImageOfPage\":{\"@id\":\"https:\\\/\\\/tml.lt\\\/pl\\\/product\\\/ribbons-for-puty-p990\\\/#primaryimage\"},\"image\":{\"@id\":\"https:\\\/\\\/tml.lt\\\/pl\\\/product\\\/ribbons-for-puty-p990\\\/#primaryimage\"},\"thumbnailUrl\":\"https:\\\/\\\/tml.lt\\\/pl\\\/wp-content\\\/uploads\\\/2026\\\/03\\\/Puty-P990_ribbon-cassettes-12mm-100m.webp\",\"datePublished\":\"2026-03-06T07:51:05+00:00\",\"dateModified\":\"2026-03-06T07:58:39+00:00\",\"description\":\"Kaseta z ta\u015bm\u0105 barwi\u0105c\u0105 do drukarek Puty model P990. Kolor: czarny, bia\u0142y. D\u0142ugo\u015b\u0107: 100 metr\u00f3w. Szeroko\u015b\u0107: 12 mm | TML\",\"breadcrumb\":{\"@id\":\"https:\\\/\\\/tml.lt\\\/pl\\\/product\\\/ribbons-for-puty-p990\\\/#breadcrumb\"},\"inLanguage\":\"pl-PL\",\"potentialAction\":[{\"@type\":\"ReadAction\",\"target\":[\"https:\\\/\\\/tml.lt\\\/pl\\\/product\\\/ribbons-for-puty-p990\\\/\"]}]},{\"@type\":\"ImageObject\",\"inLanguage\":\"pl-PL\",\"@id\":\"https:\\\/\\\/tml.lt\\\/pl\\\/product\\\/ribbons-for-puty-p990\\\/#primaryimage\",\"url\":\"https:\\\/\\\/tml.lt\\\/pl\\\/wp-content\\\/uploads\\\/2026\\\/03\\\/Puty-P990_ribbon-cassettes-12mm-100m.webp\",\"contentUrl\":\"https:\\\/\\\/tml.lt\\\/pl\\\/wp-content\\\/uploads\\\/2026\\\/03\\\/Puty-P990_ribbon-cassettes-12mm-100m.webp\",\"width\":1600,\"height\":1600,\"caption\":\"Ta\u015bmy barwi\u0105ce do drukarek Puty P990\"},{\"@type\":\"BreadcrumbList\",\"@id\":\"https:\\\/\\\/tml.lt\\\/pl\\\/product\\\/ribbons-for-puty-p990\\\/#breadcrumb\",\"itemListElement\":[{\"@type\":\"ListItem\",\"position\":1,\"name\":\"\u0413\u043b\u0430\u0432\u043d\u0430\u044f \u0441\u0442\u0440\u0430\u043d\u0438\u0446\u0430\",\"item\":\"https:\\\/\\\/tml.lt\\\/pl\\\/\"},{\"@type\":\"ListItem\",\"position\":2,\"name\":\"Produkcja i rozwi\u0105zania w zakresie znakowania, izolacji, mocowania\",\"item\":\"https:\\\/\\\/tml.lt\\\/pl\\\/\"},{\"@type\":\"ListItem\",\"position\":3,\"name\":\"Ta\u015bmy barwi\u0105ce do drukarek Puty P990\"}]},{\"@type\":\"WebSite\",\"@id\":\"https:\\\/\\\/tml.lt\\\/pl\\\/#website\",\"url\":\"https:\\\/\\\/tml.lt\\\/pl\\\/\",\"name\":\"TML\",\"description\":\"UAB TML-LT\",\"publisher\":{\"@id\":\"https:\\\/\\\/tml.lt\\\/pl\\\/#organization\"},\"potentialAction\":[{\"@type\":\"SearchAction\",\"target\":{\"@type\":\"EntryPoint\",\"urlTemplate\":\"https:\\\/\\\/tml.lt\\\/pl\\\/?s={search_term_string}\"},\"query-input\":{\"@type\":\"PropertyValueSpecification\",\"valueRequired\":true,\"valueName\":\"search_term_string\"}}],\"inLanguage\":\"pl-PL\"},{\"@type\":\"Organization\",\"@id\":\"https:\\\/\\\/tml.lt\\\/pl\\\/#organization\",\"name\":\"TML\",\"url\":\"https:\\\/\\\/tml.lt\\\/pl\\\/\",\"logo\":{\"@type\":\"ImageObject\",\"inLanguage\":\"pl-PL\",\"@id\":\"https:\\\/\\\/tml.lt\\\/pl\\\/#\\\/schema\\\/logo\\\/image\\\/\",\"url\":\"https:\\\/\\\/tml.lt\\\/pl\\\/wp-content\\\/uploads\\\/2020\\\/09\\\/tml-logo-black-4.png\",\"contentUrl\":\"https:\\\/\\\/tml.lt\\\/pl\\\/wp-content\\\/uploads\\\/2020\\\/09\\\/tml-logo-black-4.png\",\"width\":470,\"height\":110,\"caption\":\"TML\"},\"image\":{\"@id\":\"https:\\\/\\\/tml.lt\\\/pl\\\/#\\\/schema\\\/logo\\\/image\\\/\"}}]}<\/script>\n<!-- \/ Yoast SEO plugin. -->","yoast_head_json":{"title":"Ta\u015bmy barwi\u0105ce do drukarek Puty P990 | TML","description":"Kaseta z ta\u015bm\u0105 barwi\u0105c\u0105 do drukarek Puty model P990. Kolor: czarny, bia\u0142y. D\u0142ugo\u015b\u0107: 100 metr\u00f3w. Szeroko\u015b\u0107: 12 mm | TML","robots":{"index":"index","follow":"follow","max-snippet":"max-snippet:-1","max-image-preview":"max-image-preview:large","max-video-preview":"max-video-preview:-1"},"canonical":"https:\/\/tml.lt\/pl\/product\/ribbons-for-puty-p990\/","og_locale":"pl_PL","og_type":"article","og_title":"Ta\u015bmy barwi\u0105ce do drukarek Puty P990 | TML","og_description":"Kaseta z ta\u015bm\u0105 barwi\u0105c\u0105 do drukarek Puty model P990. Kolor: czarny, bia\u0142y. D\u0142ugo\u015b\u0107: 100 metr\u00f3w. Szeroko\u015b\u0107: 12 mm | TML","og_url":"https:\/\/tml.lt\/pl\/product\/ribbons-for-puty-p990\/","og_site_name":"TML","article_modified_time":"2026-03-06T07:58:39+00:00","og_image":[{"width":1600,"height":1600,"url":"https:\/\/tml.lt\/pl\/wp-content\/uploads\/2026\/03\/Puty-P990_ribbon-cassettes-12mm-100m.webp","type":"image\/webp"}],"twitter_card":"summary_large_image","schema":{"@context":"https:\/\/schema.org","@graph":[{"@type":"WebPage","@id":"https:\/\/tml.lt\/pl\/product\/ribbons-for-puty-p990\/","url":"https:\/\/tml.lt\/pl\/product\/ribbons-for-puty-p990\/","name":"Ta\u015bmy barwi\u0105ce do drukarek Puty P990 | TML","isPartOf":{"@id":"https:\/\/tml.lt\/pl\/#website"},"primaryImageOfPage":{"@id":"https:\/\/tml.lt\/pl\/product\/ribbons-for-puty-p990\/#primaryimage"},"image":{"@id":"https:\/\/tml.lt\/pl\/product\/ribbons-for-puty-p990\/#primaryimage"},"thumbnailUrl":"https:\/\/tml.lt\/pl\/wp-content\/uploads\/2026\/03\/Puty-P990_ribbon-cassettes-12mm-100m.webp","datePublished":"2026-03-06T07:51:05+00:00","dateModified":"2026-03-06T07:58:39+00:00","description":"Kaseta z ta\u015bm\u0105 barwi\u0105c\u0105 do drukarek Puty model P990. Kolor: czarny, bia\u0142y. D\u0142ugo\u015b\u0107: 100 metr\u00f3w. Szeroko\u015b\u0107: 12 mm | TML","breadcrumb":{"@id":"https:\/\/tml.lt\/pl\/product\/ribbons-for-puty-p990\/#breadcrumb"},"inLanguage":"pl-PL","potentialAction":[{"@type":"ReadAction","target":["https:\/\/tml.lt\/pl\/product\/ribbons-for-puty-p990\/"]}]},{"@type":"ImageObject","inLanguage":"pl-PL","@id":"https:\/\/tml.lt\/pl\/product\/ribbons-for-puty-p990\/#primaryimage","url":"https:\/\/tml.lt\/pl\/wp-content\/uploads\/2026\/03\/Puty-P990_ribbon-cassettes-12mm-100m.webp","contentUrl":"https:\/\/tml.lt\/pl\/wp-content\/uploads\/2026\/03\/Puty-P990_ribbon-cassettes-12mm-100m.webp","width":1600,"height":1600,"caption":"Ta\u015bmy barwi\u0105ce do drukarek Puty P990"},{"@type":"BreadcrumbList","@id":"https:\/\/tml.lt\/pl\/product\/ribbons-for-puty-p990\/#breadcrumb","itemListElement":[{"@type":"ListItem","position":1,"name":"\u0413\u043b\u0430\u0432\u043d\u0430\u044f \u0441\u0442\u0440\u0430\u043d\u0438\u0446\u0430","item":"https:\/\/tml.lt\/pl\/"},{"@type":"ListItem","position":2,"name":"Produkcja i rozwi\u0105zania w zakresie znakowania, izolacji, mocowania","item":"https:\/\/tml.lt\/pl\/"},{"@type":"ListItem","position":3,"name":"Ta\u015bmy barwi\u0105ce do drukarek Puty P990"}]},{"@type":"WebSite","@id":"https:\/\/tml.lt\/pl\/#website","url":"https:\/\/tml.lt\/pl\/","name":"TML","description":"UAB TML-LT","publisher":{"@id":"https:\/\/tml.lt\/pl\/#organization"},"potentialAction":[{"@type":"SearchAction","target":{"@type":"EntryPoint","urlTemplate":"https:\/\/tml.lt\/pl\/?s={search_term_string}"},"query-input":{"@type":"PropertyValueSpecification","valueRequired":true,"valueName":"search_term_string"}}],"inLanguage":"pl-PL"},{"@type":"Organization","@id":"https:\/\/tml.lt\/pl\/#organization","name":"TML","url":"https:\/\/tml.lt\/pl\/","logo":{"@type":"ImageObject","inLanguage":"pl-PL","@id":"https:\/\/tml.lt\/pl\/#\/schema\/logo\/image\/","url":"https:\/\/tml.lt\/pl\/wp-content\/uploads\/2020\/09\/tml-logo-black-4.png","contentUrl":"https:\/\/tml.lt\/pl\/wp-content\/uploads\/2020\/09\/tml-logo-black-4.png","width":470,"height":110,"caption":"TML"},"image":{"@id":"https:\/\/tml.lt\/pl\/#\/schema\/logo\/image\/"}}]}},"amp_enabled":true,"_links":{"self":[{"href":"https:\/\/tml.lt\/pl\/wp-json\/wp\/v2\/product\/21379","targetHints":{"allow":["GET"]}}],"collection":[{"href":"https:\/\/tml.lt\/pl\/wp-json\/wp\/v2\/product"}],"about":[{"href":"https:\/\/tml.lt\/pl\/wp-json\/wp\/v2\/types\/product"}],"wp:featuredmedia":[{"embeddable":true,"href":"https:\/\/tml.lt\/pl\/wp-json\/wp\/v2\/media\/21383"}],"wp:attachment":[{"href":"https:\/\/tml.lt\/pl\/wp-json\/wp\/v2\/media?parent=21379"}],"wp:term":[{"taxonomy":"product_brand","embeddable":true,"href":"https:\/\/tml.lt\/pl\/wp-json\/wp\/v2\/product_brand?post=21379"},{"taxonomy":"product_cat","embeddable":true,"href":"https:\/\/tml.lt\/pl\/wp-json\/wp\/v2\/product_cat?post=21379"},{"taxonomy":"product_tag","embeddable":true,"href":"https:\/\/tml.lt\/pl\/wp-json\/wp\/v2\/product_tag?post=21379"}],"curies":[{"name":"wp","href":"https:\/\/api.w.org\/{rel}","templated":true}]}}