{"id":21443,"date":"2026-03-31T19:06:40","date_gmt":"2026-03-31T17:06:40","guid":{"rendered":"https:\/\/tml.lt\/pl\/?post_type=product&#038;p=21443"},"modified":"2026-04-03T11:11:11","modified_gmt":"2026-04-03T09:11:11","slug":"kontainer-fb","status":"publish","type":"product","link":"https:\/\/tml.lt\/pl\/product\/kontainer-fb\/","title":{"rendered":"Przezroczysty uchwyt FB"},"content":{"rendered":"<div class=\"woocommerce\"><\/div><table id=\"wcpt_9b384fb04f525527_1\" class=\"wc-product-table woocommerce multicart-enabled\" width=\"100%\" data-config='{\"pageLength\":10,\"pagingType\":\"numbers\",\"serverSide\":false,\"autoWidth\":true,\"clickFilter\":\"false\",\"scrollOffset\":15,\"resetButton\":false,\"multiAddToCart\":false,\"multiCartLocation\":\"top\",\"variations\":\"separate\",\"ajaxCart\":false,\"numOrder\":false,\"stickyHeader\":false,\"lengthMenu\":[[10,25,50,100,-1],[10,25,50,100,\"Wszystko\"]],\"columnDefs\":[{\"className\":\"col-sku\",\"targets\":0,\"type\":\"html\"},{\"className\":\"col-name\",\"targets\":1,\"type\":\"html\"},{\"className\":\"col-size\",\"targets\":2,\"type\":\"html\"},{\"className\":\"col-package-pcs\",\"targets\":3,\"type\":\"html\"},{\"className\":\"col-price\",\"targets\":4,\"type\":\"html-num\"},{\"className\":\"col-buy col-add-to-cart\",\"targets\":5,\"type\":\"html\"}],\"responsive\":{\"details\":{\"display\":\"child_row\"}},\"search\":{\"search\":\"\"},\"dom\":\"&lt;\\\"wc-product-table-wrapper bootscore wpt-styling-theme\\\"&lt;\\\"wc-product-table-controls wc-product-table-above\\\"ip&gt;t&lt;\\\"wc-product-table-controls wc-product-table-below\\\"ip&gt;&gt;\"}' data-filters='{\"pa_size\":{\"column\":\"att_pa_size\",\"heading\":\"Rozmiar\",\"terms\":[{\"name\":\"100x150\",\"slug\":\"100x150\"},{\"name\":\"100x50\",\"slug\":\"100x50\"},{\"name\":\"100\\u0445100\\u0445100\",\"slug\":\"100%d1%85100%d1%85100\"},{\"name\":\"103x199\",\"slug\":\"103x199\"},{\"name\":\"104x73\",\"slug\":\"104x73\"},{\"name\":\"106x20 mm\",\"slug\":\"106x20mm\"},{\"name\":\"10x10\",\"slug\":\"10x10\"},{\"name\":\"10x44\",\"slug\":\"10x44\"},{\"name\":\"10x5\",\"slug\":\"10x5\"},{\"name\":\"10x62\",\"slug\":\"10x62\"},{\"name\":\"10x80\",\"slug\":\"10x80\"},{\"name\":\"110x130\",\"slug\":\"110x130\"},{\"name\":\"110x300\",\"slug\":\"110x300\"},{\"name\":\"140x3.5\",\"slug\":\"140x3-5\"},{\"name\":\"14x5\",\"slug\":\"14x5\"},{\"name\":\"15x15\",\"slug\":\"15x15\"},{\"name\":\"15x5\",\"slug\":\"15x5\"},{\"name\":\"16x16\",\"slug\":\"16x16\"},{\"name\":\"17x17\",\"slug\":\"17x17\"},{\"name\":\"18x43 mm\",\"slug\":\"18x43mm\"},{\"name\":\"19x19\",\"slug\":\"19x19\"},{\"name\":\"19x62\",\"slug\":\"19x62\"},{\"name\":\"19x80\",\"slug\":\"19x80\"},{\"name\":\"200x3.5\",\"slug\":\"200x3-5\"},{\"name\":\"200x4.5\",\"slug\":\"200x4-5\"},{\"name\":\"20x10\",\"slug\":\"20x10\"},{\"name\":\"20x20\",\"slug\":\"20x20\"},{\"name\":\"20\\u04458\",\"slug\":\"20%d1%858\"},{\"name\":\"210x297\",\"slug\":\"210x297\"},{\"name\":\"21x10\",\"slug\":\"21x10\"},{\"name\":\"24x19\",\"slug\":\"24x19\"},{\"name\":\"25.4x4.8\",\"slug\":\"254x4-8\"},{\"name\":\"25.6x6\",\"slug\":\"25-6x6\"},{\"name\":\"25x10\",\"slug\":\"25x10\"},{\"name\":\"25x25\",\"slug\":\"25x25\"},{\"name\":\"25\\u044525\\u044525\",\"slug\":\"25%d1%8525%d1%8525\"},{\"name\":\"26x6\",\"slug\":\"26x6\"},{\"name\":\"290x4.5\",\"slug\":\"290x4-5\"},{\"name\":\"30x10\",\"slug\":\"30x10\"},{\"name\":\"30x15 mm\",\"slug\":\"30x15\"},{\"name\":\"30x20\",\"slug\":\"30x20\"},{\"name\":\"30x30\",\"slug\":\"30x30\"},{\"name\":\"30x5\",\"slug\":\"30x5\"},{\"name\":\"30\\u044520\",\"slug\":\"30%d1%8520\"},{\"name\":\"32x14\",\"slug\":\"32x14\"},{\"name\":\"35x5\",\"slug\":\"35x5\"},{\"name\":\"360x4.5\",\"slug\":\"360x4-5\"},{\"name\":\"365x7.5\",\"slug\":\"365x7-5\"},{\"name\":\"38x12.7\",\"slug\":\"38x12-7\"},{\"name\":\"38x80\",\"slug\":\"38x80\"},{\"name\":\"40x10\",\"slug\":\"40x10\"},{\"name\":\"40x20\",\"slug\":\"40x20\"},{\"name\":\"40x30\",\"slug\":\"40x30\"},{\"name\":\"45x8\",\"slug\":\"45x8-en\"},{\"name\":\"47x35\",\"slug\":\"47x35-en\"},{\"name\":\"49x29\",\"slug\":\"49x29-en\"},{\"name\":\"50x25\",\"slug\":\"50x25-en\"},{\"name\":\"50x31.7\",\"slug\":\"50x31-7\"},{\"name\":\"50\\u044525\",\"slug\":\"50%d1%8525\"},{\"name\":\"50\\u044550\\u044550\",\"slug\":\"50%d1%8550%d1%8550\"},{\"name\":\"54x18\",\"slug\":\"54x18\"},{\"name\":\"57x15 mm\",\"slug\":\"57x15mm\"},{\"name\":\"57x31\",\"slug\":\"57x31\"},{\"name\":\"58x25\",\"slug\":\"58x25\"},{\"name\":\"58x40\",\"slug\":\"58x40\"},{\"name\":\"58x58\",\"slug\":\"58x58\"},{\"name\":\"6.35x6.35\",\"slug\":\"6-35x6-35\"},{\"name\":\"60x28 mm\",\"slug\":\"60x28mm\"},{\"name\":\"6x6\",\"slug\":\"6x6\"},{\"name\":\"70x125\",\"slug\":\"70x125\"},{\"name\":\"70x45\",\"slug\":\"70x45\"},{\"name\":\"70x99\",\"slug\":\"70x99\"},{\"name\":\"75x50\",\"slug\":\"75x50\"},{\"name\":\"76x27\",\"slug\":\"76x27\"},{\"name\":\"80x25\",\"slug\":\"80x25-en\"},{\"name\":\"80x30\",\"slug\":\"80x30\"},{\"name\":\"80x38\",\"slug\":\"80x38\"},{\"name\":\"80x40 mm\",\"slug\":\"80x40\"},{\"name\":\"80x48\",\"slug\":\"80x48\"},{\"name\":\"8x20 mm\",\"slug\":\"8x20mm\"},{\"name\":\"8x30 mm\",\"slug\":\"8x30mm\"},{\"name\":\"90x39\",\"slug\":\"90x39\"},{\"name\":\"98x2.5\",\"slug\":\"98x2-5\"},{\"name\":\"9x30 mm\",\"slug\":\"9x30mm\"},{\"name\":\"D16\",\"slug\":\"d16\"},{\"name\":\"D20\",\"slug\":\"d20\"},{\"name\":\"D30\",\"slug\":\"d30\"},{\"name\":\"D35\",\"slug\":\"d35\"},{\"name\":\"D45\",\"slug\":\"d45\"},{\"name\":\"D50\",\"slug\":\"d50\"},{\"name\":\"D60\",\"slug\":\"d60\"},{\"name\":\"D8\",\"slug\":\"d8\"}],\"class\":\"\",\"searchColumn\":\"hf_att_pa_size\"},\"pa_package-pcs\":{\"column\":\"att_pa_package-pcs\",\"heading\":\"Opakowanie, szt.\",\"terms\":[{\"name\":\"20 szt\",\"slug\":\"20-pcs\"},{\"name\":\"50 szt\",\"slug\":\"50-pcs\"},{\"name\":\"100 szt\",\"slug\":\"100-pcs\"},{\"name\":\"250 szt\",\"slug\":\"250-pcs\"},{\"name\":\"330 szt\",\"slug\":\"330-pcs\"},{\"name\":\"500 szt\",\"slug\":\"500-pcs\"},{\"name\":\"1000 szt\",\"slug\":\"1000-pcs\"},{\"name\":\"1700 szt\",\"slug\":\"1700-pcs\"},{\"name\":\"2000 szt\",\"slug\":\"2000-pcs\"},{\"name\":\"2500 szt\",\"slug\":\"2500-pcs\"},{\"name\":\"3000 szt\",\"slug\":\"3000-pcs\"},{\"name\":\"5000 szt\",\"slug\":\"5000-pcs\"},{\"name\":\"10000 szt\",\"slug\":\"10000-pcs\"}],\"class\":\"\",\"searchColumn\":\"hf_att_pa_package-pcs\"}}' data-order=\"[]\"><thead><tr><th class=\"all\" data-name=\"sku\" data-orderable=\"true\" data-searchable=\"true\" data-priority=\"6\">SKU<\/th><th data-name=\"name\" data-orderable=\"true\" data-searchable=\"true\" data-priority=\"1\">Nazwa<\/th><th data-name=\"att_pa_size\" data-orderable=\"true\" data-searchable=\"true\">Rozmiar<\/th><th data-name=\"att_pa_package-pcs\" data-orderable=\"true\" data-searchable=\"true\">Opakowanie, szt.<\/th><th data-name=\"price\" data-orderable=\"true\" data-searchable=\"true\" data-priority=\"3\">Cena<\/th><th data-name=\"buy\" data-orderable=\"false\" data-searchable=\"true\" data-priority=\"2\">Kup<\/th><th data-name=\"hf_att_pa_size\" data-searchable=\"true\" data-visible=\"false\">hf:att:pa_size<\/th><th data-name=\"hf_att_pa_package-pcs\" data-searchable=\"true\" data-visible=\"false\">hf:att:pa_package-pcs<\/th><\/tr><\/thead><tbody><tr id=\"product-row-21445\" class=\"product product-row product-21445 instock product-type-variation purchasable\"><td><a href=\"https:\/\/tml.lt\/pl\/product\/kontainer-fb\/?attribute_pa_color=transparent&amp;attribute_pa_size=9x30mm&amp;attribute_pa_package-pcs=100-pcs\" class=\"single-product-link\" data-product_id=\"21445\">FB-0930<\/a><\/td><td><a href=\"https:\/\/tml.lt\/pl\/product\/kontainer-fb\/?attribute_pa_color=transparent&amp;attribute_pa_size=9x30mm&amp;attribute_pa_package-pcs=100-pcs\" class=\"single-product-link\" data-product_id=\"21445\">Przezroczysty uchwyt FB - przezroczysty, 9x30 mm, 100 szt<\/a><\/td><td><span data-slug=\"9x30mm\">9x30 mm<\/span><\/td><td><span data-slug=\"100-pcs\">100 szt<\/span><\/td><td data-sort=\"36.70\"><span class=\"woocommerce-Price-amount amount\"><bdi><span class=\"woocommerce-Price-currencySymbol\">&euro;<\/span>36.70<\/bdi><\/span><\/td><td><div class=\"add-to-cart-wrapper with-cart-button with-quantity\"> <form class=\"cart\" method=\"post\" enctype=\"multipart\/form-data\"> <div class=\"add-to-cart-button\"><div class=\"quantity\"> <div class=\"input-group\"><button type=\"button\" class=\"minus input-group-text disabled\" disabled data-type=\"minus\">-<\/button> <label class=\"screen-reader-text\" for=\"quantity_69d0f6e31510d\">ilo&#347;&#263; Przezroczysty uchwyt FB<\/label> <input type=\"number\" id=\"quantity_69d0f6e31510d\" class=\"input-text qty text form-control\" name=\"quantity\" value=\"1\" aria-label=\"Ilo&#347;&#263; produktu\" min=\"1\" step=\"1\" placeholder=\"\" inputmode=\"numeric\" autocomplete=\"off\"> <button type=\"button\" class=\"plus input-group-text\" data-type=\"plus\">+<\/button><\/div><\/div> <button type=\"submit\" name=\"add-to-cart\" value=\"21443\" class=\"single_add_to_cart_button button alt\">Dodaj do koszyka<\/button> <\/div> <input type=\"hidden\" name=\"variation_id\" value=\"21445\"> <div class=\"variations hidden\"> <input type=\"hidden\" name=\"attribute_pa_color\" value=\"transparent\"> <input type=\"hidden\" name=\"attribute_pa_size\" value=\"9x30mm\"> <input type=\"hidden\" name=\"attribute_pa_package-pcs\" value=\"100-pcs\"> <\/div> <\/form> <div class=\"multi-cart-check\"> <input type=\"hidden\" name=\"wpt_product_price\" value=\"36.7\" form=\"multi-cart\"> <\/div> <\/div><\/td><td>9x30mm<\/td><td>100-pcs<\/td><\/tr><tr id=\"product-row-21444\" class=\"product product-row product-21444 instock product-type-variation purchasable\"><td><a href=\"https:\/\/tml.lt\/pl\/product\/kontainer-fb\/?attribute_pa_color=transparent&amp;attribute_pa_size=18x43mm&amp;attribute_pa_package-pcs=100-pcs\" class=\"single-product-link\" data-product_id=\"21444\">FB-1843<\/a><\/td><td><a href=\"https:\/\/tml.lt\/pl\/product\/kontainer-fb\/?attribute_pa_color=transparent&amp;attribute_pa_size=18x43mm&amp;attribute_pa_package-pcs=100-pcs\" class=\"single-product-link\" data-product_id=\"21444\">Przezroczysty uchwyt FB - przezroczysty, 18x43 mm, 100 szt<\/a><\/td><td><span data-slug=\"18x43mm\">18x43 mm<\/span><\/td><td><span data-slug=\"100-pcs\">100 szt<\/span><\/td><td data-sort=\"42.80\"><span class=\"woocommerce-Price-amount amount\"><bdi><span class=\"woocommerce-Price-currencySymbol\">&euro;<\/span>42.80<\/bdi><\/span><\/td><td><div class=\"add-to-cart-wrapper with-cart-button with-quantity\"> <form class=\"cart\" method=\"post\" enctype=\"multipart\/form-data\"> <div class=\"add-to-cart-button\"><div class=\"quantity\"> <div class=\"input-group\"><button type=\"button\" class=\"minus input-group-text disabled\" disabled data-type=\"minus\">-<\/button> <label class=\"screen-reader-text\" for=\"quantity_69d0f6e3167e9\">ilo&#347;&#263; Przezroczysty uchwyt FB<\/label> <input type=\"number\" id=\"quantity_69d0f6e3167e9\" class=\"input-text qty text form-control\" name=\"quantity\" value=\"1\" aria-label=\"Ilo&#347;&#263; produktu\" min=\"1\" step=\"1\" placeholder=\"\" inputmode=\"numeric\" autocomplete=\"off\"> <button type=\"button\" class=\"plus input-group-text\" data-type=\"plus\">+<\/button><\/div><\/div> <button type=\"submit\" name=\"add-to-cart\" value=\"21443\" class=\"single_add_to_cart_button button alt\">Dodaj do koszyka<\/button> <\/div> <input type=\"hidden\" name=\"variation_id\" value=\"21444\"> <div class=\"variations hidden\"> <input type=\"hidden\" name=\"attribute_pa_color\" value=\"transparent\"> <input type=\"hidden\" name=\"attribute_pa_size\" value=\"18x43mm\"> <input type=\"hidden\" name=\"attribute_pa_package-pcs\" value=\"100-pcs\"> <\/div> <\/form> <div class=\"multi-cart-check\"> <input type=\"hidden\" name=\"wpt_product_price\" value=\"42.8\" form=\"multi-cart\"> <\/div> <\/div><\/td><td>18x43mm<\/td><td>100-pcs<\/td><\/tr><\/tbody><\/table>\n","protected":false},"excerpt":{"rendered":"<p>Przezroczysty uchwyt typu <mark>FB<\/mark> przeznaczony jest do niezawodnego znakowania kabli oraz wi\u0105zek przewod\u00f3w o du\u017cych \u015brednicach. Pojemnik mocowany jest do przewodu za pomoc\u0105 opaski zaciskowej, a do zamykanej przezroczystej cz\u0119\u015bci wk\u0142adana jest etykieta lub wk\u0142adka.<\/p>\n<p>Nadaje si\u0119 do znakowania sta\u0142ego lub zmiennego \u2013 no\u015bnik informacji mo\u017cna \u0142atwo wymieni\u0107.<\/p>\n<p>Temperatura pracy od \u201340\u00b0C do +80\u00b0C.<\/p>\n","protected":false},"featured_media":21447,"template":"","meta":[],"product_brand":[],"product_cat":[689],"product_tag":[],"class_list":{"0":"post-21443","1":"product","2":"type-product","3":"status-publish","4":"has-post-thumbnail","6":"product_cat-transparent-marker-sleeve-fb-wkm","8":"first","9":"instock","10":"shipping-taxable","11":"purchasable","12":"product-type-variable","13":"has-default-attributes"},"yoast_head":"<!-- This site is optimized with the Yoast SEO plugin v27.3 - https:\/\/yoast.com\/product\/yoast-seo-wordpress\/ -->\n<title>Przezroczysty uchwyt FB do oznacznik\u00f3w kablowych | TML<\/title>\n<meta name=\"description\" content=\"Przezroczysty uchwyt typu FB przeznaczony jest do niezawodnego znakowania kabli oraz wi\u0105zek przewod\u00f3w o du\u017cych \u015brednicach | TML\" \/>\n<meta name=\"robots\" content=\"index, follow, max-snippet:-1, max-image-preview:large, max-video-preview:-1\" \/>\n<link rel=\"canonical\" href=\"https:\/\/tml.lt\/pl\/product\/kontainer-fb\/\" \/>\n<meta property=\"og:locale\" content=\"pl_PL\" \/>\n<meta property=\"og:type\" content=\"article\" \/>\n<meta property=\"og:title\" content=\"Przezroczysty uchwyt FB do oznacznik\u00f3w kablowych | TML\" \/>\n<meta property=\"og:description\" content=\"Przezroczysty uchwyt typu FB przeznaczony jest do niezawodnego znakowania kabli oraz wi\u0105zek przewod\u00f3w o du\u017cych \u015brednicach | TML\" \/>\n<meta property=\"og:url\" content=\"https:\/\/tml.lt\/pl\/product\/kontainer-fb\/\" \/>\n<meta property=\"og:site_name\" content=\"TML\" \/>\n<meta property=\"article:modified_time\" content=\"2026-04-03T09:11:11+00:00\" \/>\n<meta property=\"og:image\" content=\"https:\/\/tml.lt\/pl\/wp-content\/uploads\/2026\/03\/WKM-kontainers.webp\" \/>\n\t<meta property=\"og:image:width\" content=\"1600\" \/>\n\t<meta property=\"og:image:height\" content=\"1600\" \/>\n\t<meta property=\"og:image:type\" content=\"image\/webp\" \/>\n<meta name=\"twitter:card\" content=\"summary_large_image\" \/>\n<script type=\"application\/ld+json\" class=\"yoast-schema-graph\">{\"@context\":\"https:\\\/\\\/schema.org\",\"@graph\":[{\"@type\":\"WebPage\",\"@id\":\"https:\\\/\\\/tml.lt\\\/pl\\\/product\\\/kontainer-fb\\\/\",\"url\":\"https:\\\/\\\/tml.lt\\\/pl\\\/product\\\/kontainer-fb\\\/\",\"name\":\"Przezroczysty uchwyt FB do oznacznik\u00f3w kablowych | TML\",\"isPartOf\":{\"@id\":\"https:\\\/\\\/tml.lt\\\/pl\\\/#website\"},\"primaryImageOfPage\":{\"@id\":\"https:\\\/\\\/tml.lt\\\/pl\\\/product\\\/kontainer-fb\\\/#primaryimage\"},\"image\":{\"@id\":\"https:\\\/\\\/tml.lt\\\/pl\\\/product\\\/kontainer-fb\\\/#primaryimage\"},\"thumbnailUrl\":\"https:\\\/\\\/tml.lt\\\/pl\\\/wp-content\\\/uploads\\\/2026\\\/03\\\/WKM-kontainers.webp\",\"datePublished\":\"2026-03-31T17:06:40+00:00\",\"dateModified\":\"2026-04-03T09:11:11+00:00\",\"description\":\"Przezroczysty uchwyt typu FB przeznaczony jest do niezawodnego znakowania kabli oraz wi\u0105zek przewod\u00f3w o du\u017cych \u015brednicach | TML\",\"breadcrumb\":{\"@id\":\"https:\\\/\\\/tml.lt\\\/pl\\\/product\\\/kontainer-fb\\\/#breadcrumb\"},\"inLanguage\":\"pl-PL\",\"potentialAction\":[{\"@type\":\"ReadAction\",\"target\":[\"https:\\\/\\\/tml.lt\\\/pl\\\/product\\\/kontainer-fb\\\/\"]}]},{\"@type\":\"ImageObject\",\"inLanguage\":\"pl-PL\",\"@id\":\"https:\\\/\\\/tml.lt\\\/pl\\\/product\\\/kontainer-fb\\\/#primaryimage\",\"url\":\"https:\\\/\\\/tml.lt\\\/pl\\\/wp-content\\\/uploads\\\/2026\\\/03\\\/WKM-kontainers.webp\",\"contentUrl\":\"https:\\\/\\\/tml.lt\\\/pl\\\/wp-content\\\/uploads\\\/2026\\\/03\\\/WKM-kontainers.webp\",\"width\":1600,\"height\":1600,\"caption\":\"Przezroczysty uchwyt FB, WKM\"},{\"@type\":\"BreadcrumbList\",\"@id\":\"https:\\\/\\\/tml.lt\\\/pl\\\/product\\\/kontainer-fb\\\/#breadcrumb\",\"itemListElement\":[{\"@type\":\"ListItem\",\"position\":1,\"name\":\"\u0413\u043b\u0430\u0432\u043d\u0430\u044f \u0441\u0442\u0440\u0430\u043d\u0438\u0446\u0430\",\"item\":\"https:\\\/\\\/tml.lt\\\/pl\\\/\"},{\"@type\":\"ListItem\",\"position\":2,\"name\":\"Produkcja i rozwi\u0105zania w zakresie znakowania, izolacji, mocowania\",\"item\":\"https:\\\/\\\/tml.lt\\\/pl\\\/\"},{\"@type\":\"ListItem\",\"position\":3,\"name\":\"Przezroczysty uchwyt FB\"}]},{\"@type\":\"WebSite\",\"@id\":\"https:\\\/\\\/tml.lt\\\/pl\\\/#website\",\"url\":\"https:\\\/\\\/tml.lt\\\/pl\\\/\",\"name\":\"TML\",\"description\":\"UAB TML-LT\",\"publisher\":{\"@id\":\"https:\\\/\\\/tml.lt\\\/pl\\\/#organization\"},\"potentialAction\":[{\"@type\":\"SearchAction\",\"target\":{\"@type\":\"EntryPoint\",\"urlTemplate\":\"https:\\\/\\\/tml.lt\\\/pl\\\/?s={search_term_string}\"},\"query-input\":{\"@type\":\"PropertyValueSpecification\",\"valueRequired\":true,\"valueName\":\"search_term_string\"}}],\"inLanguage\":\"pl-PL\"},{\"@type\":\"Organization\",\"@id\":\"https:\\\/\\\/tml.lt\\\/pl\\\/#organization\",\"name\":\"TML\",\"url\":\"https:\\\/\\\/tml.lt\\\/pl\\\/\",\"logo\":{\"@type\":\"ImageObject\",\"inLanguage\":\"pl-PL\",\"@id\":\"https:\\\/\\\/tml.lt\\\/pl\\\/#\\\/schema\\\/logo\\\/image\\\/\",\"url\":\"https:\\\/\\\/tml.lt\\\/pl\\\/wp-content\\\/uploads\\\/2020\\\/09\\\/tml-logo-black-4.png\",\"contentUrl\":\"https:\\\/\\\/tml.lt\\\/pl\\\/wp-content\\\/uploads\\\/2020\\\/09\\\/tml-logo-black-4.png\",\"width\":470,\"height\":110,\"caption\":\"TML\"},\"image\":{\"@id\":\"https:\\\/\\\/tml.lt\\\/pl\\\/#\\\/schema\\\/logo\\\/image\\\/\"}}]}<\/script>\n<!-- \/ Yoast SEO plugin. -->","yoast_head_json":{"title":"Przezroczysty uchwyt FB do oznacznik\u00f3w kablowych | TML","description":"Przezroczysty uchwyt typu FB przeznaczony jest do niezawodnego znakowania kabli oraz wi\u0105zek przewod\u00f3w o du\u017cych \u015brednicach | TML","robots":{"index":"index","follow":"follow","max-snippet":"max-snippet:-1","max-image-preview":"max-image-preview:large","max-video-preview":"max-video-preview:-1"},"canonical":"https:\/\/tml.lt\/pl\/product\/kontainer-fb\/","og_locale":"pl_PL","og_type":"article","og_title":"Przezroczysty uchwyt FB do oznacznik\u00f3w kablowych | TML","og_description":"Przezroczysty uchwyt typu FB przeznaczony jest do niezawodnego znakowania kabli oraz wi\u0105zek przewod\u00f3w o du\u017cych \u015brednicach | TML","og_url":"https:\/\/tml.lt\/pl\/product\/kontainer-fb\/","og_site_name":"TML","article_modified_time":"2026-04-03T09:11:11+00:00","og_image":[{"width":1600,"height":1600,"url":"https:\/\/tml.lt\/pl\/wp-content\/uploads\/2026\/03\/WKM-kontainers.webp","type":"image\/webp"}],"twitter_card":"summary_large_image","schema":{"@context":"https:\/\/schema.org","@graph":[{"@type":"WebPage","@id":"https:\/\/tml.lt\/pl\/product\/kontainer-fb\/","url":"https:\/\/tml.lt\/pl\/product\/kontainer-fb\/","name":"Przezroczysty uchwyt FB do oznacznik\u00f3w kablowych | TML","isPartOf":{"@id":"https:\/\/tml.lt\/pl\/#website"},"primaryImageOfPage":{"@id":"https:\/\/tml.lt\/pl\/product\/kontainer-fb\/#primaryimage"},"image":{"@id":"https:\/\/tml.lt\/pl\/product\/kontainer-fb\/#primaryimage"},"thumbnailUrl":"https:\/\/tml.lt\/pl\/wp-content\/uploads\/2026\/03\/WKM-kontainers.webp","datePublished":"2026-03-31T17:06:40+00:00","dateModified":"2026-04-03T09:11:11+00:00","description":"Przezroczysty uchwyt typu FB przeznaczony jest do niezawodnego znakowania kabli oraz wi\u0105zek przewod\u00f3w o du\u017cych \u015brednicach | TML","breadcrumb":{"@id":"https:\/\/tml.lt\/pl\/product\/kontainer-fb\/#breadcrumb"},"inLanguage":"pl-PL","potentialAction":[{"@type":"ReadAction","target":["https:\/\/tml.lt\/pl\/product\/kontainer-fb\/"]}]},{"@type":"ImageObject","inLanguage":"pl-PL","@id":"https:\/\/tml.lt\/pl\/product\/kontainer-fb\/#primaryimage","url":"https:\/\/tml.lt\/pl\/wp-content\/uploads\/2026\/03\/WKM-kontainers.webp","contentUrl":"https:\/\/tml.lt\/pl\/wp-content\/uploads\/2026\/03\/WKM-kontainers.webp","width":1600,"height":1600,"caption":"Przezroczysty uchwyt FB, WKM"},{"@type":"BreadcrumbList","@id":"https:\/\/tml.lt\/pl\/product\/kontainer-fb\/#breadcrumb","itemListElement":[{"@type":"ListItem","position":1,"name":"\u0413\u043b\u0430\u0432\u043d\u0430\u044f \u0441\u0442\u0440\u0430\u043d\u0438\u0446\u0430","item":"https:\/\/tml.lt\/pl\/"},{"@type":"ListItem","position":2,"name":"Produkcja i rozwi\u0105zania w zakresie znakowania, izolacji, mocowania","item":"https:\/\/tml.lt\/pl\/"},{"@type":"ListItem","position":3,"name":"Przezroczysty uchwyt FB"}]},{"@type":"WebSite","@id":"https:\/\/tml.lt\/pl\/#website","url":"https:\/\/tml.lt\/pl\/","name":"TML","description":"UAB TML-LT","publisher":{"@id":"https:\/\/tml.lt\/pl\/#organization"},"potentialAction":[{"@type":"SearchAction","target":{"@type":"EntryPoint","urlTemplate":"https:\/\/tml.lt\/pl\/?s={search_term_string}"},"query-input":{"@type":"PropertyValueSpecification","valueRequired":true,"valueName":"search_term_string"}}],"inLanguage":"pl-PL"},{"@type":"Organization","@id":"https:\/\/tml.lt\/pl\/#organization","name":"TML","url":"https:\/\/tml.lt\/pl\/","logo":{"@type":"ImageObject","inLanguage":"pl-PL","@id":"https:\/\/tml.lt\/pl\/#\/schema\/logo\/image\/","url":"https:\/\/tml.lt\/pl\/wp-content\/uploads\/2020\/09\/tml-logo-black-4.png","contentUrl":"https:\/\/tml.lt\/pl\/wp-content\/uploads\/2020\/09\/tml-logo-black-4.png","width":470,"height":110,"caption":"TML"},"image":{"@id":"https:\/\/tml.lt\/pl\/#\/schema\/logo\/image\/"}}]}},"amp_enabled":true,"_links":{"self":[{"href":"https:\/\/tml.lt\/pl\/wp-json\/wp\/v2\/product\/21443","targetHints":{"allow":["GET"]}}],"collection":[{"href":"https:\/\/tml.lt\/pl\/wp-json\/wp\/v2\/product"}],"about":[{"href":"https:\/\/tml.lt\/pl\/wp-json\/wp\/v2\/types\/product"}],"wp:featuredmedia":[{"embeddable":true,"href":"https:\/\/tml.lt\/pl\/wp-json\/wp\/v2\/media\/21447"}],"wp:attachment":[{"href":"https:\/\/tml.lt\/pl\/wp-json\/wp\/v2\/media?parent=21443"}],"wp:term":[{"taxonomy":"product_brand","embeddable":true,"href":"https:\/\/tml.lt\/pl\/wp-json\/wp\/v2\/product_brand?post=21443"},{"taxonomy":"product_cat","embeddable":true,"href":"https:\/\/tml.lt\/pl\/wp-json\/wp\/v2\/product_cat?post=21443"},{"taxonomy":"product_tag","embeddable":true,"href":"https:\/\/tml.lt\/pl\/wp-json\/wp\/v2\/product_tag?post=21443"}],"curies":[{"name":"wp","href":"https:\/\/api.w.org\/{rel}","templated":true}]}}