{"id":21505,"date":"2026-04-16T09:00:09","date_gmt":"2026-04-16T07:00:09","guid":{"rendered":"https:\/\/tml.lt\/pl\/?post_type=product&#038;p=21505"},"modified":"2026-04-16T10:08:11","modified_gmt":"2026-04-16T08:08:11","slug":"stripe-id-canon-analog","status":"publish","type":"product","link":"https:\/\/tml.lt\/pl\/product\/stripe-id-canon-analog\/","title":{"rendered":"Ta\u015bma bia\u0142a nieklej\u0105ca w kasecie do Canon\/Partex, kompatybilna"},"content":{"rendered":"<div class=\"woocommerce\"><\/div><table id=\"wcpt_42742e7011c463c8_1\" class=\"wc-product-table woocommerce multicart-enabled\" width=\"100%\" data-config='{\"pageLength\":10,\"pagingType\":\"numbers\",\"serverSide\":false,\"autoWidth\":true,\"clickFilter\":\"false\",\"scrollOffset\":15,\"resetButton\":false,\"multiAddToCart\":false,\"multiCartLocation\":\"top\",\"variations\":\"separate\",\"ajaxCart\":false,\"numOrder\":false,\"stickyHeader\":false,\"lengthMenu\":[[10,25,50,100,-1],[10,25,50,100,\"Wszystko\"]],\"columnDefs\":[{\"className\":\"col-sku\",\"targets\":0,\"type\":\"html\"},{\"className\":\"col-name\",\"targets\":1,\"type\":\"html\"},{\"className\":\"col-color\",\"targets\":2,\"type\":\"html\"},{\"className\":\"col-rollwidth\",\"targets\":3,\"type\":\"html\"},{\"className\":\"col-rolllength\",\"targets\":4,\"type\":\"html\"},{\"className\":\"col-thickness\",\"targets\":5,\"type\":\"html\"},{\"className\":\"col-price\",\"targets\":6,\"type\":\"html-num\"},{\"className\":\"col-buy col-add-to-cart\",\"targets\":7,\"type\":\"html\"}],\"responsive\":{\"details\":{\"display\":\"child_row\"}},\"search\":{\"search\":\"\"},\"dom\":\"&lt;\\\"wc-product-table-wrapper bootscore wpt-styling-theme\\\"&lt;\\\"wc-product-table-controls wc-product-table-above\\\"&gt;t&lt;\\\"wc-product-table-controls wc-product-table-below\\\"ip&gt;&gt;\"}' data-filters=\"false\" data-order=\"[]\"><thead><tr><th class=\"all\" data-name=\"sku\" data-orderable=\"true\" data-searchable=\"true\" data-priority=\"6\">SKU<\/th><th data-name=\"name\" data-orderable=\"true\" data-searchable=\"true\" data-priority=\"1\">Nazwa<\/th><th data-name=\"att_pa_color\" data-orderable=\"true\" data-searchable=\"true\">Kolor<\/th><th data-name=\"att_pa_rollwidth\" data-orderable=\"true\" data-searchable=\"true\">Szeroko&#347;&#263; rolki<\/th><th data-name=\"att_pa_rolllength\" data-orderable=\"true\" data-searchable=\"true\">D&#322;ugo&#347;&#263; rolki<\/th><th data-name=\"att_pa_thickness\" data-orderable=\"true\" data-searchable=\"true\">Grubo&#347;&#263;<\/th><th data-name=\"price\" data-orderable=\"true\" data-searchable=\"true\" data-priority=\"3\">Cena<\/th><th data-name=\"buy\" data-orderable=\"false\" data-searchable=\"true\" data-priority=\"2\">Kup<\/th><\/tr><\/thead><tbody><tr id=\"product-row-21505\" class=\"product product-row product-21505 instock product-type-simple purchasable\"><td><a href=\"https:\/\/tml.lt\/pl\/product\/stripe-id-canon-analog\/\" class=\"single-product-link\" data-product_id=\"21505\">PT-4IDSTCW<\/a><\/td><td><a href=\"https:\/\/tml.lt\/pl\/product\/stripe-id-canon-analog\/\" class=\"single-product-link\" data-product_id=\"21505\">Ta&#347;ma bia&#322;a nieklej&#261;ca w kasecie do Canon\/Partex, kompatybilna<\/a><\/td><td><span data-slug=\"white\">bia&#322;e<\/span><\/td><td><span data-slug=\"4-mm\">4 mm<\/span><\/td><td><span data-slug=\"5-m\">5 m<\/span><\/td><td><span data-slug=\"0-5mm-en\">0.5mm<\/span><\/td><td data-sort=\"17.50\"><span class=\"woocommerce-Price-amount amount\"><bdi><span class=\"woocommerce-Price-currencySymbol\">&euro;<\/span>17.50<\/bdi><\/span><\/td><td><div class=\"add-to-cart-wrapper with-cart-button with-quantity\">   <form class=\"cart\" action=\"\" method=\"post\" enctype=\"multipart\/form-data\"> <div class=\"add-to-cart-button\"> <div class=\"quantity\"> <div class=\"input-group\"><button type=\"button\" class=\"minus input-group-text disabled\" disabled data-type=\"minus\">-<\/button> <label class=\"screen-reader-text\" for=\"quantity_69e8f6bf8ffac\">ilo&#347;&#263; Ta&#347;ma bia&#322;a nieklej&#261;ca w kasecie do Canon\/Partex, kompatybilna<\/label> <input type=\"number\" id=\"quantity_69e8f6bf8ffac\" class=\"input-text qty text form-control\" name=\"quantity\" value=\"1\" aria-label=\"Ilo&#347;&#263; produktu\" min=\"1\" step=\"1\" placeholder=\"\" inputmode=\"numeric\" autocomplete=\"off\"> <button type=\"button\" class=\"plus input-group-text\" data-type=\"plus\">+<\/button><\/div><\/div> <button type=\"submit\" name=\"add-to-cart\" value=\"21505\" class=\"single_add_to_cart_button button alt\">Dodaj do koszyka<\/button> <\/div> <\/form>  <div class=\"multi-cart-check\"> <input type=\"hidden\" name=\"wpt_product_price\" value=\"17.5\" form=\"multi-cart\"> <\/div> <\/div><\/td><\/tr><\/tbody><\/table>\n","protected":false},"excerpt":{"rendered":"<p>P\u0142aski bia\u0142y profil z tworzywa sztucznego w kasecie do drukowania wk\u0142adek oznaczeniowych na drukarkach Canon Mk oraz Partex Promark. Wk\u0142adki stosowane s\u0105 razem z uchwytami typu TML-PT.<\/p>\n<p>Kolor: bia\u0142y<br \/>\nSzeroko\u015b\u0107: 4.0 mm<br \/>\nGrubo\u015b\u0107: 0.5 mm<br \/>\nD\u0142ugo\u015b\u0107: 5 metr\u00f3w<\/p>\n","protected":false},"featured_media":21508,"template":"","meta":[],"product_brand":[],"product_cat":[2444,257],"product_tag":[],"class_list":{"0":"post-21505","1":"product","2":"type-product","3":"status-publish","4":"has-post-thumbnail","6":"product_cat-canon-mk2600-mk1500-m1prov-partex-t1000-t800","7":"product_cat-flat-inserts","9":"first","10":"instock","11":"shipping-taxable","12":"purchasable","13":"product-type-simple"},"yoast_head":"<!-- This site is optimized with the Yoast SEO plugin v27.4 - https:\/\/yoast.com\/product\/yoast-seo-wordpress\/ -->\n<title>Ta\u015bma bia\u0142a nieklej\u0105ca w kasecie do Canon\/Partex, kompatybilna | TML<\/title>\n<meta name=\"description\" content=\"P\u0142aski bia\u0142y profil z tworzywa sztucznego w kasecie do drukowania wk\u0142adek oznaczeniowych na drukarkach Canon Mk oraz Partex Promark | TML\" \/>\n<meta name=\"robots\" content=\"index, follow, max-snippet:-1, max-image-preview:large, max-video-preview:-1\" \/>\n<link rel=\"canonical\" href=\"https:\/\/tml.lt\/pl\/product\/stripe-id-canon-analog\/\" \/>\n<meta property=\"og:locale\" content=\"pl_PL\" \/>\n<meta property=\"og:type\" content=\"article\" \/>\n<meta property=\"og:title\" content=\"Ta\u015bma bia\u0142a nieklej\u0105ca w kasecie do Canon\/Partex, kompatybilna | TML\" \/>\n<meta property=\"og:description\" content=\"P\u0142aski bia\u0142y profil z tworzywa sztucznego w kasecie do drukowania wk\u0142adek oznaczeniowych na drukarkach Canon Mk oraz Partex Promark | TML\" \/>\n<meta property=\"og:url\" content=\"https:\/\/tml.lt\/pl\/product\/stripe-id-canon-analog\/\" \/>\n<meta property=\"og:site_name\" content=\"TML\" \/>\n<meta property=\"article:modified_time\" content=\"2026-04-16T08:08:11+00:00\" \/>\n<meta property=\"og:image\" content=\"https:\/\/tml.lt\/pl\/wp-content\/uploads\/2026\/04\/canon-partex-id-stripes-tape.jpg\" \/>\n\t<meta property=\"og:image:width\" content=\"1000\" \/>\n\t<meta property=\"og:image:height\" content=\"1000\" \/>\n\t<meta property=\"og:image:type\" content=\"image\/jpeg\" \/>\n<meta name=\"twitter:card\" content=\"summary_large_image\" \/>\n<script type=\"application\/ld+json\" class=\"yoast-schema-graph\">{\"@context\":\"https:\\\/\\\/schema.org\",\"@graph\":[{\"@type\":\"WebPage\",\"@id\":\"https:\\\/\\\/tml.lt\\\/pl\\\/product\\\/stripe-id-canon-analog\\\/\",\"url\":\"https:\\\/\\\/tml.lt\\\/pl\\\/product\\\/stripe-id-canon-analog\\\/\",\"name\":\"Ta\u015bma bia\u0142a nieklej\u0105ca w kasecie do Canon\\\/Partex, kompatybilna | TML\",\"isPartOf\":{\"@id\":\"https:\\\/\\\/tml.lt\\\/pl\\\/#website\"},\"primaryImageOfPage\":{\"@id\":\"https:\\\/\\\/tml.lt\\\/pl\\\/product\\\/stripe-id-canon-analog\\\/#primaryimage\"},\"image\":{\"@id\":\"https:\\\/\\\/tml.lt\\\/pl\\\/product\\\/stripe-id-canon-analog\\\/#primaryimage\"},\"thumbnailUrl\":\"https:\\\/\\\/tml.lt\\\/pl\\\/wp-content\\\/uploads\\\/2026\\\/04\\\/canon-partex-id-stripes-tape.jpg\",\"datePublished\":\"2026-04-16T07:00:09+00:00\",\"dateModified\":\"2026-04-16T08:08:11+00:00\",\"description\":\"P\u0142aski bia\u0142y profil z tworzywa sztucznego w kasecie do drukowania wk\u0142adek oznaczeniowych na drukarkach Canon Mk oraz Partex Promark | TML\",\"breadcrumb\":{\"@id\":\"https:\\\/\\\/tml.lt\\\/pl\\\/product\\\/stripe-id-canon-analog\\\/#breadcrumb\"},\"inLanguage\":\"pl-PL\",\"potentialAction\":[{\"@type\":\"ReadAction\",\"target\":[\"https:\\\/\\\/tml.lt\\\/pl\\\/product\\\/stripe-id-canon-analog\\\/\"]}]},{\"@type\":\"ImageObject\",\"inLanguage\":\"pl-PL\",\"@id\":\"https:\\\/\\\/tml.lt\\\/pl\\\/product\\\/stripe-id-canon-analog\\\/#primaryimage\",\"url\":\"https:\\\/\\\/tml.lt\\\/pl\\\/wp-content\\\/uploads\\\/2026\\\/04\\\/canon-partex-id-stripes-tape.jpg\",\"contentUrl\":\"https:\\\/\\\/tml.lt\\\/pl\\\/wp-content\\\/uploads\\\/2026\\\/04\\\/canon-partex-id-stripes-tape.jpg\",\"width\":1000,\"height\":1000,\"caption\":\"Ta\u015bma bia\u0142a nieklej\u0105ca do Canon kompatybilna\"},{\"@type\":\"BreadcrumbList\",\"@id\":\"https:\\\/\\\/tml.lt\\\/pl\\\/product\\\/stripe-id-canon-analog\\\/#breadcrumb\",\"itemListElement\":[{\"@type\":\"ListItem\",\"position\":1,\"name\":\"\u0413\u043b\u0430\u0432\u043d\u0430\u044f \u0441\u0442\u0440\u0430\u043d\u0438\u0446\u0430\",\"item\":\"https:\\\/\\\/tml.lt\\\/pl\\\/\"},{\"@type\":\"ListItem\",\"position\":2,\"name\":\"Produkcja i rozwi\u0105zania w zakresie znakowania, izolacji, mocowania\",\"item\":\"https:\\\/\\\/tml.lt\\\/pl\\\/\"},{\"@type\":\"ListItem\",\"position\":3,\"name\":\"Ta\u015bma bia\u0142a nieklej\u0105ca w kasecie do Canon\\\/Partex, kompatybilna\"}]},{\"@type\":\"WebSite\",\"@id\":\"https:\\\/\\\/tml.lt\\\/pl\\\/#website\",\"url\":\"https:\\\/\\\/tml.lt\\\/pl\\\/\",\"name\":\"TML\",\"description\":\"UAB TML-LT\",\"publisher\":{\"@id\":\"https:\\\/\\\/tml.lt\\\/pl\\\/#organization\"},\"potentialAction\":[{\"@type\":\"SearchAction\",\"target\":{\"@type\":\"EntryPoint\",\"urlTemplate\":\"https:\\\/\\\/tml.lt\\\/pl\\\/?s={search_term_string}\"},\"query-input\":{\"@type\":\"PropertyValueSpecification\",\"valueRequired\":true,\"valueName\":\"search_term_string\"}}],\"inLanguage\":\"pl-PL\"},{\"@type\":\"Organization\",\"@id\":\"https:\\\/\\\/tml.lt\\\/pl\\\/#organization\",\"name\":\"TML\",\"url\":\"https:\\\/\\\/tml.lt\\\/pl\\\/\",\"logo\":{\"@type\":\"ImageObject\",\"inLanguage\":\"pl-PL\",\"@id\":\"https:\\\/\\\/tml.lt\\\/pl\\\/#\\\/schema\\\/logo\\\/image\\\/\",\"url\":\"https:\\\/\\\/tml.lt\\\/pl\\\/wp-content\\\/uploads\\\/2020\\\/09\\\/tml-logo-black-4.png\",\"contentUrl\":\"https:\\\/\\\/tml.lt\\\/pl\\\/wp-content\\\/uploads\\\/2020\\\/09\\\/tml-logo-black-4.png\",\"width\":470,\"height\":110,\"caption\":\"TML\"},\"image\":{\"@id\":\"https:\\\/\\\/tml.lt\\\/pl\\\/#\\\/schema\\\/logo\\\/image\\\/\"}}]}<\/script>\n<!-- \/ Yoast SEO plugin. -->","yoast_head_json":{"title":"Ta\u015bma bia\u0142a nieklej\u0105ca w kasecie do Canon\/Partex, kompatybilna | TML","description":"P\u0142aski bia\u0142y profil z tworzywa sztucznego w kasecie do drukowania wk\u0142adek oznaczeniowych na drukarkach Canon Mk oraz Partex Promark | TML","robots":{"index":"index","follow":"follow","max-snippet":"max-snippet:-1","max-image-preview":"max-image-preview:large","max-video-preview":"max-video-preview:-1"},"canonical":"https:\/\/tml.lt\/pl\/product\/stripe-id-canon-analog\/","og_locale":"pl_PL","og_type":"article","og_title":"Ta\u015bma bia\u0142a nieklej\u0105ca w kasecie do Canon\/Partex, kompatybilna | TML","og_description":"P\u0142aski bia\u0142y profil z tworzywa sztucznego w kasecie do drukowania wk\u0142adek oznaczeniowych na drukarkach Canon Mk oraz Partex Promark | TML","og_url":"https:\/\/tml.lt\/pl\/product\/stripe-id-canon-analog\/","og_site_name":"TML","article_modified_time":"2026-04-16T08:08:11+00:00","og_image":[{"width":1000,"height":1000,"url":"https:\/\/tml.lt\/pl\/wp-content\/uploads\/2026\/04\/canon-partex-id-stripes-tape.jpg","type":"image\/jpeg"}],"twitter_card":"summary_large_image","schema":{"@context":"https:\/\/schema.org","@graph":[{"@type":"WebPage","@id":"https:\/\/tml.lt\/pl\/product\/stripe-id-canon-analog\/","url":"https:\/\/tml.lt\/pl\/product\/stripe-id-canon-analog\/","name":"Ta\u015bma bia\u0142a nieklej\u0105ca w kasecie do Canon\/Partex, kompatybilna | TML","isPartOf":{"@id":"https:\/\/tml.lt\/pl\/#website"},"primaryImageOfPage":{"@id":"https:\/\/tml.lt\/pl\/product\/stripe-id-canon-analog\/#primaryimage"},"image":{"@id":"https:\/\/tml.lt\/pl\/product\/stripe-id-canon-analog\/#primaryimage"},"thumbnailUrl":"https:\/\/tml.lt\/pl\/wp-content\/uploads\/2026\/04\/canon-partex-id-stripes-tape.jpg","datePublished":"2026-04-16T07:00:09+00:00","dateModified":"2026-04-16T08:08:11+00:00","description":"P\u0142aski bia\u0142y profil z tworzywa sztucznego w kasecie do drukowania wk\u0142adek oznaczeniowych na drukarkach Canon Mk oraz Partex Promark | TML","breadcrumb":{"@id":"https:\/\/tml.lt\/pl\/product\/stripe-id-canon-analog\/#breadcrumb"},"inLanguage":"pl-PL","potentialAction":[{"@type":"ReadAction","target":["https:\/\/tml.lt\/pl\/product\/stripe-id-canon-analog\/"]}]},{"@type":"ImageObject","inLanguage":"pl-PL","@id":"https:\/\/tml.lt\/pl\/product\/stripe-id-canon-analog\/#primaryimage","url":"https:\/\/tml.lt\/pl\/wp-content\/uploads\/2026\/04\/canon-partex-id-stripes-tape.jpg","contentUrl":"https:\/\/tml.lt\/pl\/wp-content\/uploads\/2026\/04\/canon-partex-id-stripes-tape.jpg","width":1000,"height":1000,"caption":"Ta\u015bma bia\u0142a nieklej\u0105ca do Canon kompatybilna"},{"@type":"BreadcrumbList","@id":"https:\/\/tml.lt\/pl\/product\/stripe-id-canon-analog\/#breadcrumb","itemListElement":[{"@type":"ListItem","position":1,"name":"\u0413\u043b\u0430\u0432\u043d\u0430\u044f \u0441\u0442\u0440\u0430\u043d\u0438\u0446\u0430","item":"https:\/\/tml.lt\/pl\/"},{"@type":"ListItem","position":2,"name":"Produkcja i rozwi\u0105zania w zakresie znakowania, izolacji, mocowania","item":"https:\/\/tml.lt\/pl\/"},{"@type":"ListItem","position":3,"name":"Ta\u015bma bia\u0142a nieklej\u0105ca w kasecie do Canon\/Partex, kompatybilna"}]},{"@type":"WebSite","@id":"https:\/\/tml.lt\/pl\/#website","url":"https:\/\/tml.lt\/pl\/","name":"TML","description":"UAB TML-LT","publisher":{"@id":"https:\/\/tml.lt\/pl\/#organization"},"potentialAction":[{"@type":"SearchAction","target":{"@type":"EntryPoint","urlTemplate":"https:\/\/tml.lt\/pl\/?s={search_term_string}"},"query-input":{"@type":"PropertyValueSpecification","valueRequired":true,"valueName":"search_term_string"}}],"inLanguage":"pl-PL"},{"@type":"Organization","@id":"https:\/\/tml.lt\/pl\/#organization","name":"TML","url":"https:\/\/tml.lt\/pl\/","logo":{"@type":"ImageObject","inLanguage":"pl-PL","@id":"https:\/\/tml.lt\/pl\/#\/schema\/logo\/image\/","url":"https:\/\/tml.lt\/pl\/wp-content\/uploads\/2020\/09\/tml-logo-black-4.png","contentUrl":"https:\/\/tml.lt\/pl\/wp-content\/uploads\/2020\/09\/tml-logo-black-4.png","width":470,"height":110,"caption":"TML"},"image":{"@id":"https:\/\/tml.lt\/pl\/#\/schema\/logo\/image\/"}}]}},"amp_enabled":true,"_links":{"self":[{"href":"https:\/\/tml.lt\/pl\/wp-json\/wp\/v2\/product\/21505","targetHints":{"allow":["GET"]}}],"collection":[{"href":"https:\/\/tml.lt\/pl\/wp-json\/wp\/v2\/product"}],"about":[{"href":"https:\/\/tml.lt\/pl\/wp-json\/wp\/v2\/types\/product"}],"wp:featuredmedia":[{"embeddable":true,"href":"https:\/\/tml.lt\/pl\/wp-json\/wp\/v2\/media\/21508"}],"wp:attachment":[{"href":"https:\/\/tml.lt\/pl\/wp-json\/wp\/v2\/media?parent=21505"}],"wp:term":[{"taxonomy":"product_brand","embeddable":true,"href":"https:\/\/tml.lt\/pl\/wp-json\/wp\/v2\/product_brand?post=21505"},{"taxonomy":"product_cat","embeddable":true,"href":"https:\/\/tml.lt\/pl\/wp-json\/wp\/v2\/product_cat?post=21505"},{"taxonomy":"product_tag","embeddable":true,"href":"https:\/\/tml.lt\/pl\/wp-json\/wp\/v2\/product_tag?post=21505"}],"curies":[{"name":"wp","href":"https:\/\/api.w.org\/{rel}","templated":true}]}}