{"id":21509,"date":"2026-04-16T09:10:10","date_gmt":"2026-04-16T07:10:10","guid":{"rendered":"https:\/\/tml.lt\/pl\/?post_type=product&#038;p=21509"},"modified":"2026-04-16T10:06:28","modified_gmt":"2026-04-16T08:06:28","slug":"stripe-id-roll","status":"publish","type":"product","link":"https:\/\/tml.lt\/pl\/product\/stripe-id-roll\/","title":{"rendered":"Ta\u015bma nieklej\u0105ca w rolce, bia\u0142a 4mm*12m"},"content":{"rendered":"<div class=\"woocommerce\"><\/div><table id=\"wcpt_2a7f5cb22366a505_1\" class=\"wc-product-table woocommerce multicart-enabled\" width=\"100%\" data-config='{\"pageLength\":10,\"pagingType\":\"numbers\",\"serverSide\":false,\"autoWidth\":true,\"clickFilter\":\"false\",\"scrollOffset\":15,\"resetButton\":false,\"multiAddToCart\":false,\"multiCartLocation\":\"top\",\"variations\":\"separate\",\"ajaxCart\":false,\"numOrder\":false,\"stickyHeader\":false,\"lengthMenu\":[[10,25,50,100,-1],[10,25,50,100,\"Wszystko\"]],\"columnDefs\":[{\"className\":\"col-sku\",\"targets\":0,\"type\":\"html\"},{\"className\":\"col-name\",\"targets\":1,\"type\":\"html\"},{\"className\":\"col-color\",\"targets\":2,\"type\":\"html\"},{\"className\":\"col-rollwidth\",\"targets\":3,\"type\":\"html\"},{\"className\":\"col-rolllength\",\"targets\":4,\"type\":\"html\"},{\"className\":\"col-thickness\",\"targets\":5,\"type\":\"html\"},{\"className\":\"col-price\",\"targets\":6,\"type\":\"html-num\"},{\"className\":\"col-buy col-add-to-cart\",\"targets\":7,\"type\":\"html\"}],\"responsive\":{\"details\":{\"display\":\"child_row\"}},\"search\":{\"search\":\"\"},\"dom\":\"&lt;\\\"wc-product-table-wrapper bootscore wpt-styling-theme\\\"&lt;\\\"wc-product-table-controls wc-product-table-above\\\"&gt;t&lt;\\\"wc-product-table-controls wc-product-table-below\\\"ip&gt;&gt;\"}' data-filters=\"false\" data-order=\"[]\"><thead><tr><th class=\"all\" data-name=\"sku\" data-orderable=\"true\" data-searchable=\"true\" data-priority=\"6\">SKU<\/th><th data-name=\"name\" data-orderable=\"true\" data-searchable=\"true\" data-priority=\"1\">Nazwa<\/th><th data-name=\"att_pa_color\" data-orderable=\"true\" data-searchable=\"true\">Kolor<\/th><th data-name=\"att_pa_rollwidth\" data-orderable=\"true\" data-searchable=\"true\">Szeroko&#347;&#263; rolki<\/th><th data-name=\"att_pa_rolllength\" data-orderable=\"true\" data-searchable=\"true\">D&#322;ugo&#347;&#263; rolki<\/th><th data-name=\"att_pa_thickness\" data-orderable=\"true\" data-searchable=\"true\">Grubo&#347;&#263;<\/th><th data-name=\"price\" data-orderable=\"true\" data-searchable=\"true\" data-priority=\"3\">Cena<\/th><th data-name=\"buy\" data-orderable=\"false\" data-searchable=\"true\" data-priority=\"2\">Kup<\/th><\/tr><\/thead><tbody><tr id=\"product-row-21509\" class=\"product product-row product-21509 instock product-type-simple purchasable\"><td><a href=\"https:\/\/tml.lt\/pl\/product\/stripe-id-roll\/\" class=\"single-product-link\" data-product_id=\"21509\">TML-SP4-12<\/a><\/td><td><a href=\"https:\/\/tml.lt\/pl\/product\/stripe-id-roll\/\" class=\"single-product-link\" data-product_id=\"21509\">Ta&#347;ma nieklej&#261;ca w rolce, bia&#322;a 4mm*12m<\/a><\/td><td><span data-slug=\"white\">bia&#322;e<\/span><\/td><td><span data-slug=\"4-mm\">4 mm<\/span><\/td><td><span data-slug=\"12-m\">12 m<\/span><\/td><td><span data-slug=\"0-5mm-en\">0.5mm<\/span><\/td><td data-sort=\"15.60\"><span class=\"woocommerce-Price-amount amount\"><bdi><span class=\"woocommerce-Price-currencySymbol\">&euro;<\/span>15.60<\/bdi><\/span><\/td><td><div class=\"add-to-cart-wrapper with-cart-button with-quantity\">   <form class=\"cart\" action=\"\" method=\"post\" enctype=\"multipart\/form-data\"> <div class=\"add-to-cart-button\"> <div class=\"quantity\"> <div class=\"input-group\"><button type=\"button\" class=\"minus input-group-text disabled\" disabled data-type=\"minus\">-<\/button> <label class=\"screen-reader-text\" for=\"quantity_69e8f6c007810\">ilo&#347;&#263; Ta&#347;ma nieklej&#261;ca w rolce, bia&#322;a 4mm*12m<\/label> <input type=\"number\" id=\"quantity_69e8f6c007810\" class=\"input-text qty text form-control\" name=\"quantity\" value=\"1\" aria-label=\"Ilo&#347;&#263; produktu\" min=\"1\" step=\"1\" placeholder=\"\" inputmode=\"numeric\" autocomplete=\"off\"> <button type=\"button\" class=\"plus input-group-text\" data-type=\"plus\">+<\/button><\/div><\/div> <button type=\"submit\" name=\"add-to-cart\" value=\"21509\" class=\"single_add_to_cart_button button alt\">Dodaj do koszyka<\/button> <\/div> <\/form>  <div class=\"multi-cart-check\"> <input type=\"hidden\" name=\"wpt_product_price\" value=\"15.6\" form=\"multi-cart\"> <\/div> <\/div><\/td><\/tr><\/tbody><\/table>\n","protected":false},"excerpt":{"rendered":"<p>Bia\u0142a <mark>p\u0142aska ta\u015bma z tworzywa sztucznego<\/mark> \u2013 profil do drukowania wk\u0142adek oznaczeniowych na drukarkach kablowych. Wk\u0142adki stosowane s\u0105 razem z uchwytami typu TML-PT. Forma dostawy \u2013 rolka.<\/p>\n<p>Kolor: bia\u0142y<br \/> <br \/>\nSzeroko\u015b\u0107: 4.0 mm<br \/> <br \/>\nGrubo\u015b\u0107: 0.5 mm<br \/> <br \/>\nD\u0142ugo\u015b\u0107: 12 metr\u00f3w<\/p>\n","protected":false},"featured_media":21369,"template":"","meta":[],"product_brand":[],"product_cat":[257],"product_tag":[],"class_list":{"0":"post-21509","1":"product","2":"type-product","3":"status-publish","4":"has-post-thumbnail","6":"product_cat-flat-inserts","8":"first","9":"instock","10":"shipping-taxable","11":"purchasable","12":"product-type-simple"},"yoast_head":"<!-- This site is optimized with the Yoast SEO plugin v27.4 - https:\/\/yoast.com\/product\/yoast-seo-wordpress\/ -->\n<title>Ta\u015bma nieklej\u0105ca w rolce, bia\u0142a 4mm*12m | TML<\/title>\n<meta name=\"description\" content=\"Bia\u0142a p\u0142aska ta\u015bma z tworzywa sztucznego. Wk\u0142adki stosowane s\u0105 razem z uchwytami typu TML-PT. Forma dostawy \u2013 rolka | TML\" \/>\n<meta name=\"robots\" content=\"index, follow, max-snippet:-1, max-image-preview:large, max-video-preview:-1\" \/>\n<link rel=\"canonical\" href=\"https:\/\/tml.lt\/pl\/product\/stripe-id-roll\/\" \/>\n<meta property=\"og:locale\" content=\"pl_PL\" \/>\n<meta property=\"og:type\" content=\"article\" \/>\n<meta property=\"og:title\" content=\"Ta\u015bma nieklej\u0105ca w rolce, bia\u0142a 4mm*12m | TML\" \/>\n<meta property=\"og:description\" content=\"Bia\u0142a p\u0142aska ta\u015bma z tworzywa sztucznego. Wk\u0142adki stosowane s\u0105 razem z uchwytami typu TML-PT. Forma dostawy \u2013 rolka | TML\" \/>\n<meta property=\"og:url\" content=\"https:\/\/tml.lt\/pl\/product\/stripe-id-roll\/\" \/>\n<meta property=\"og:site_name\" content=\"TML\" \/>\n<meta property=\"article:modified_time\" content=\"2026-04-16T08:06:28+00:00\" \/>\n<meta property=\"og:image\" content=\"https:\/\/tml.lt\/pl\/wp-content\/uploads\/2026\/03\/puty-p990_pvc-roll.webp\" \/>\n\t<meta property=\"og:image:width\" content=\"1600\" \/>\n\t<meta property=\"og:image:height\" content=\"1600\" \/>\n\t<meta property=\"og:image:type\" content=\"image\/webp\" \/>\n<meta name=\"twitter:card\" content=\"summary_large_image\" \/>\n<script type=\"application\/ld+json\" class=\"yoast-schema-graph\">{\"@context\":\"https:\\\/\\\/schema.org\",\"@graph\":[{\"@type\":\"WebPage\",\"@id\":\"https:\\\/\\\/tml.lt\\\/pl\\\/product\\\/stripe-id-roll\\\/\",\"url\":\"https:\\\/\\\/tml.lt\\\/pl\\\/product\\\/stripe-id-roll\\\/\",\"name\":\"Ta\u015bma nieklej\u0105ca w rolce, bia\u0142a 4mm*12m | TML\",\"isPartOf\":{\"@id\":\"https:\\\/\\\/tml.lt\\\/pl\\\/#website\"},\"primaryImageOfPage\":{\"@id\":\"https:\\\/\\\/tml.lt\\\/pl\\\/product\\\/stripe-id-roll\\\/#primaryimage\"},\"image\":{\"@id\":\"https:\\\/\\\/tml.lt\\\/pl\\\/product\\\/stripe-id-roll\\\/#primaryimage\"},\"thumbnailUrl\":\"https:\\\/\\\/tml.lt\\\/pl\\\/wp-content\\\/uploads\\\/2026\\\/03\\\/puty-p990_pvc-roll.webp\",\"datePublished\":\"2026-04-16T07:10:10+00:00\",\"dateModified\":\"2026-04-16T08:06:28+00:00\",\"description\":\"Bia\u0142a p\u0142aska ta\u015bma z tworzywa sztucznego. Wk\u0142adki stosowane s\u0105 razem z uchwytami typu TML-PT. Forma dostawy \u2013 rolka | TML\",\"breadcrumb\":{\"@id\":\"https:\\\/\\\/tml.lt\\\/pl\\\/product\\\/stripe-id-roll\\\/#breadcrumb\"},\"inLanguage\":\"pl-PL\",\"potentialAction\":[{\"@type\":\"ReadAction\",\"target\":[\"https:\\\/\\\/tml.lt\\\/pl\\\/product\\\/stripe-id-roll\\\/\"]}]},{\"@type\":\"ImageObject\",\"inLanguage\":\"pl-PL\",\"@id\":\"https:\\\/\\\/tml.lt\\\/pl\\\/product\\\/stripe-id-roll\\\/#primaryimage\",\"url\":\"https:\\\/\\\/tml.lt\\\/pl\\\/wp-content\\\/uploads\\\/2026\\\/03\\\/puty-p990_pvc-roll.webp\",\"contentUrl\":\"https:\\\/\\\/tml.lt\\\/pl\\\/wp-content\\\/uploads\\\/2026\\\/03\\\/puty-p990_pvc-roll.webp\",\"width\":1600,\"height\":1600,\"caption\":\"Drukowanie rur PCV na drukarce Puty P990\"},{\"@type\":\"BreadcrumbList\",\"@id\":\"https:\\\/\\\/tml.lt\\\/pl\\\/product\\\/stripe-id-roll\\\/#breadcrumb\",\"itemListElement\":[{\"@type\":\"ListItem\",\"position\":1,\"name\":\"\u0413\u043b\u0430\u0432\u043d\u0430\u044f \u0441\u0442\u0440\u0430\u043d\u0438\u0446\u0430\",\"item\":\"https:\\\/\\\/tml.lt\\\/pl\\\/\"},{\"@type\":\"ListItem\",\"position\":2,\"name\":\"Produkcja i rozwi\u0105zania w zakresie znakowania, izolacji, mocowania\",\"item\":\"https:\\\/\\\/tml.lt\\\/pl\\\/\"},{\"@type\":\"ListItem\",\"position\":3,\"name\":\"Ta\u015bma nieklej\u0105ca w rolce, bia\u0142a 4mm*12m\"}]},{\"@type\":\"WebSite\",\"@id\":\"https:\\\/\\\/tml.lt\\\/pl\\\/#website\",\"url\":\"https:\\\/\\\/tml.lt\\\/pl\\\/\",\"name\":\"TML\",\"description\":\"UAB TML-LT\",\"publisher\":{\"@id\":\"https:\\\/\\\/tml.lt\\\/pl\\\/#organization\"},\"potentialAction\":[{\"@type\":\"SearchAction\",\"target\":{\"@type\":\"EntryPoint\",\"urlTemplate\":\"https:\\\/\\\/tml.lt\\\/pl\\\/?s={search_term_string}\"},\"query-input\":{\"@type\":\"PropertyValueSpecification\",\"valueRequired\":true,\"valueName\":\"search_term_string\"}}],\"inLanguage\":\"pl-PL\"},{\"@type\":\"Organization\",\"@id\":\"https:\\\/\\\/tml.lt\\\/pl\\\/#organization\",\"name\":\"TML\",\"url\":\"https:\\\/\\\/tml.lt\\\/pl\\\/\",\"logo\":{\"@type\":\"ImageObject\",\"inLanguage\":\"pl-PL\",\"@id\":\"https:\\\/\\\/tml.lt\\\/pl\\\/#\\\/schema\\\/logo\\\/image\\\/\",\"url\":\"https:\\\/\\\/tml.lt\\\/pl\\\/wp-content\\\/uploads\\\/2020\\\/09\\\/tml-logo-black-4.png\",\"contentUrl\":\"https:\\\/\\\/tml.lt\\\/pl\\\/wp-content\\\/uploads\\\/2020\\\/09\\\/tml-logo-black-4.png\",\"width\":470,\"height\":110,\"caption\":\"TML\"},\"image\":{\"@id\":\"https:\\\/\\\/tml.lt\\\/pl\\\/#\\\/schema\\\/logo\\\/image\\\/\"}}]}<\/script>\n<!-- \/ Yoast SEO plugin. -->","yoast_head_json":{"title":"Ta\u015bma nieklej\u0105ca w rolce, bia\u0142a 4mm*12m | TML","description":"Bia\u0142a p\u0142aska ta\u015bma z tworzywa sztucznego. Wk\u0142adki stosowane s\u0105 razem z uchwytami typu TML-PT. Forma dostawy \u2013 rolka | TML","robots":{"index":"index","follow":"follow","max-snippet":"max-snippet:-1","max-image-preview":"max-image-preview:large","max-video-preview":"max-video-preview:-1"},"canonical":"https:\/\/tml.lt\/pl\/product\/stripe-id-roll\/","og_locale":"pl_PL","og_type":"article","og_title":"Ta\u015bma nieklej\u0105ca w rolce, bia\u0142a 4mm*12m | TML","og_description":"Bia\u0142a p\u0142aska ta\u015bma z tworzywa sztucznego. Wk\u0142adki stosowane s\u0105 razem z uchwytami typu TML-PT. Forma dostawy \u2013 rolka | TML","og_url":"https:\/\/tml.lt\/pl\/product\/stripe-id-roll\/","og_site_name":"TML","article_modified_time":"2026-04-16T08:06:28+00:00","og_image":[{"width":1600,"height":1600,"url":"https:\/\/tml.lt\/pl\/wp-content\/uploads\/2026\/03\/puty-p990_pvc-roll.webp","type":"image\/webp"}],"twitter_card":"summary_large_image","schema":{"@context":"https:\/\/schema.org","@graph":[{"@type":"WebPage","@id":"https:\/\/tml.lt\/pl\/product\/stripe-id-roll\/","url":"https:\/\/tml.lt\/pl\/product\/stripe-id-roll\/","name":"Ta\u015bma nieklej\u0105ca w rolce, bia\u0142a 4mm*12m | TML","isPartOf":{"@id":"https:\/\/tml.lt\/pl\/#website"},"primaryImageOfPage":{"@id":"https:\/\/tml.lt\/pl\/product\/stripe-id-roll\/#primaryimage"},"image":{"@id":"https:\/\/tml.lt\/pl\/product\/stripe-id-roll\/#primaryimage"},"thumbnailUrl":"https:\/\/tml.lt\/pl\/wp-content\/uploads\/2026\/03\/puty-p990_pvc-roll.webp","datePublished":"2026-04-16T07:10:10+00:00","dateModified":"2026-04-16T08:06:28+00:00","description":"Bia\u0142a p\u0142aska ta\u015bma z tworzywa sztucznego. Wk\u0142adki stosowane s\u0105 razem z uchwytami typu TML-PT. Forma dostawy \u2013 rolka | TML","breadcrumb":{"@id":"https:\/\/tml.lt\/pl\/product\/stripe-id-roll\/#breadcrumb"},"inLanguage":"pl-PL","potentialAction":[{"@type":"ReadAction","target":["https:\/\/tml.lt\/pl\/product\/stripe-id-roll\/"]}]},{"@type":"ImageObject","inLanguage":"pl-PL","@id":"https:\/\/tml.lt\/pl\/product\/stripe-id-roll\/#primaryimage","url":"https:\/\/tml.lt\/pl\/wp-content\/uploads\/2026\/03\/puty-p990_pvc-roll.webp","contentUrl":"https:\/\/tml.lt\/pl\/wp-content\/uploads\/2026\/03\/puty-p990_pvc-roll.webp","width":1600,"height":1600,"caption":"Drukowanie rur PCV na drukarce Puty P990"},{"@type":"BreadcrumbList","@id":"https:\/\/tml.lt\/pl\/product\/stripe-id-roll\/#breadcrumb","itemListElement":[{"@type":"ListItem","position":1,"name":"\u0413\u043b\u0430\u0432\u043d\u0430\u044f \u0441\u0442\u0440\u0430\u043d\u0438\u0446\u0430","item":"https:\/\/tml.lt\/pl\/"},{"@type":"ListItem","position":2,"name":"Produkcja i rozwi\u0105zania w zakresie znakowania, izolacji, mocowania","item":"https:\/\/tml.lt\/pl\/"},{"@type":"ListItem","position":3,"name":"Ta\u015bma nieklej\u0105ca w rolce, bia\u0142a 4mm*12m"}]},{"@type":"WebSite","@id":"https:\/\/tml.lt\/pl\/#website","url":"https:\/\/tml.lt\/pl\/","name":"TML","description":"UAB TML-LT","publisher":{"@id":"https:\/\/tml.lt\/pl\/#organization"},"potentialAction":[{"@type":"SearchAction","target":{"@type":"EntryPoint","urlTemplate":"https:\/\/tml.lt\/pl\/?s={search_term_string}"},"query-input":{"@type":"PropertyValueSpecification","valueRequired":true,"valueName":"search_term_string"}}],"inLanguage":"pl-PL"},{"@type":"Organization","@id":"https:\/\/tml.lt\/pl\/#organization","name":"TML","url":"https:\/\/tml.lt\/pl\/","logo":{"@type":"ImageObject","inLanguage":"pl-PL","@id":"https:\/\/tml.lt\/pl\/#\/schema\/logo\/image\/","url":"https:\/\/tml.lt\/pl\/wp-content\/uploads\/2020\/09\/tml-logo-black-4.png","contentUrl":"https:\/\/tml.lt\/pl\/wp-content\/uploads\/2020\/09\/tml-logo-black-4.png","width":470,"height":110,"caption":"TML"},"image":{"@id":"https:\/\/tml.lt\/pl\/#\/schema\/logo\/image\/"}}]}},"amp_enabled":true,"_links":{"self":[{"href":"https:\/\/tml.lt\/pl\/wp-json\/wp\/v2\/product\/21509","targetHints":{"allow":["GET"]}}],"collection":[{"href":"https:\/\/tml.lt\/pl\/wp-json\/wp\/v2\/product"}],"about":[{"href":"https:\/\/tml.lt\/pl\/wp-json\/wp\/v2\/types\/product"}],"wp:featuredmedia":[{"embeddable":true,"href":"https:\/\/tml.lt\/pl\/wp-json\/wp\/v2\/media\/21369"}],"wp:attachment":[{"href":"https:\/\/tml.lt\/pl\/wp-json\/wp\/v2\/media?parent=21509"}],"wp:term":[{"taxonomy":"product_brand","embeddable":true,"href":"https:\/\/tml.lt\/pl\/wp-json\/wp\/v2\/product_brand?post=21509"},{"taxonomy":"product_cat","embeddable":true,"href":"https:\/\/tml.lt\/pl\/wp-json\/wp\/v2\/product_cat?post=21509"},{"taxonomy":"product_tag","embeddable":true,"href":"https:\/\/tml.lt\/pl\/wp-json\/wp\/v2\/product_tag?post=21509"}],"curies":[{"name":"wp","href":"https:\/\/api.w.org\/{rel}","templated":true}]}}