{"id":21532,"date":"2026-05-12T17:02:52","date_gmt":"2026-05-12T15:02:52","guid":{"rendered":"https:\/\/tml.lt\/pl\/?post_type=product&#038;p=21532"},"modified":"2026-05-12T18:23:29","modified_gmt":"2026-05-12T16:23:29","slug":"pi-5925-hitemp","status":"publish","type":"product","link":"https:\/\/tml.lt\/pl\/product\/pi-5925-hitemp\/","title":{"rendered":"Wysokotemperaturowe bia\u0142e b\u0142yszcz\u0105ce etykiety poliimidowe 5925"},"content":{"rendered":"<div class=\"su-tabs su-tabs-style-default su-tabs-mobile-stack\" data-active=\"1\" data-scroll-offset=\"0\" data-anchor-in-url=\"no\"><div class=\"su-tabs-nav\"><span class=\"\" data-anchor=\"feat\" data-url=\"\" data-target=\"blank\" tabindex=\"0\" role=\"button\">Cechy<\/span><span class=\"\" data-url=\"\" data-target=\"blank\" tabindex=\"0\" role=\"button\">Mo&#380;liwo&#347;ci<\/span><\/div><div class=\"su-tabs-panes\"><div class=\"su-tabs-pane su-u-clearfix su-u-trim\" data-title=\"Cechy\">\n<table class=\"table\">\n<tbody>\n<tr><\/tr>\n<tr>\n<td>G&#322;&oacute;wne zastosowanie<\/td>\n<td>Etykieta identyfikacyjna<\/td>\n<\/tr>\n<tr>\n<td colspan=\"2\">Technologiczne znakowanie modu&#322;&oacute;w elektronicznych nara&#380;onych podczas produkcji na wysokie temperatury i agresywne media. Oznaczanie urz&#261;dze&#324; pracuj&#261;cych w sta&#322;ych temperaturach powy&#380;ej 200&deg;C. G&#322;&oacute;wni u&#380;ytkownicy: producenci modu&#322;&oacute;w i komponent&oacute;w elektronicznych.<\/td>\n<\/tr>\n<tr>\n<td>Typ materia&#322;u<\/td>\n<td>Poliimid, 50 mikron&oacute;w<\/td>\n<\/tr>\n<tr>\n<td colspan=\"2\">Optymalny materia&#322; do technologicznego znakowania p&#322;ytek drukowanych podczas monta&#380;u. Charakteryzuje si&#281; doskona&#322;&#261; odporno&#347;ci&#261; termiczn&#261; i chemiczn&#261;. Nie zawiera halogen&oacute;w. Spe&#322;nia normy bran&#380;owe (<a href=\"https:\/\/tml.lt\/pl\/encyclopedia\/pb-free\/\" target=\"_self\" title=\"Pb free means &ldquo;Does not contain lead&rdquo; (Pb &ndash; Latin Plumbum). Electrical and electronic parts and components that contain less than 0.1% lead by weight (either in any raw material or in the final product) and which also comply with the ROHS Directive 2002\/95\/EC regarding limiting lead content.\" class=\"encyclopedia\">Pb Free<\/a>, <a href=\"https:\/\/tml.lt\/pl\/encyclopedia\/rohs\/\" target=\"_self\" title=\"RoHS (Restriction of Hazardous Substances) Directive 2002\/95\/EC on the restriction of certain hazardous substances in electrical and electronic equipment. The RoHS Directive initially limited the use of six hazardous substances, including lead, mercury and cadmium. The RoHS Directive came into force on July 1, 2006. Directive 2011\/65\/EC (&ldquo;RoHS 2&rdquo; or &ldquo;RoHS Recast&rdquo;), which replaced the&hellip;\" class=\"encyclopedia\">RoHS<\/a>, <a href=\"https:\/\/tml.lt\/pl\/encyclopedia\/halogen-free\/\" target=\"_self\" title=\"Halogen Free &ndash; halogens are group of elements that include chlorine, fluorine, bromine, iodine and astatine, which are often used in the production of electronics and plastics. According to International Electrochemical Commission IEC 61249-2-21, for a material to be considered halogen-free, it must contain no more than 900 ppm chlorine or bromine and also have&hellip;\" class=\"encyclopedia\">Halogen Free<\/a>, UL).<\/td>\n<\/tr>\n<tr>\n<td>Temperatura pracy<\/td>\n<td>Od -40&deg;&#1057; do +125&deg;&#1057; (do 5 min +260&deg;&#1057;, do 90 s +300&deg;&#1057;)<\/td>\n<\/tr>\n<tr>\n<td colspan=\"2\">Sta&#322;e oddzia&#322;ywanie tej temperatury nie zmienia w&#322;a&#347;ciwo&#347;ci ani wygl&#261;du etykiety.<\/td>\n<\/tr>\n<tr>\n<td>Klej (warstwa klej&#261;ca)<\/td>\n<td>Wzmocniony<\/td>\n<\/tr>\n<tr>\n<td colspan=\"2\">Wzmocniony klej akrylowy polimeryzuj&#261;cy pod naciskiem. Do powierzchni chropowatych i o niskiej energii powierzchniowej.<\/td>\n<\/tr>\n<tr>\n<td>Kolor i wygl&#261;d<\/td>\n<td>Bia&#322;y<\/td>\n<\/tr>\n<tr>\n<td colspan=\"2\">Zapewnia wysoki kontrast kod&oacute;w kreskowych, kod&oacute;w Data Matrix i grafiki.<\/td>\n<\/tr>\n<tr>\n<td>Pow&#322;oka powierzchniowa<\/td>\n<td>B&#322;yszcz&#261;ca, g&#322;adka<\/td>\n<\/tr>\n<tr>\n<td colspan=\"2\">Matowa pow&#322;oka odpowiednia do druku termotransferowego przy u&#380;yciu ta&#347;m &#380;ywicznych (patrz lista zalecanych ta&#347;m). Wydrukowany obraz jest odporny na wysok&#261; temperatur&#281; i mycie podczas procesu produkcji p&#322;ytek drukowanych.<\/td>\n<\/tr>\n<tr>\n<td>Zalecenia dotycz&#261;ce aplikacji<\/td>\n<td><\/td>\n<\/tr>\n<tr>\n<td colspan=\"2\">Dla uzyskania najlepszego efektu zaleca si&#281; naklejanie etykiety na czyst&#261;, odt&#322;uszczon&#261; i such&#261; powierzchni&#281;, doci&#347;ni&#281;cie jej lub przewa&#322;kowanie gumowym wa&#322;kiem oraz pozostawienie na 24 godziny w temperaturze pokojowej.<\/td>\n<\/tr>\n<\/tbody>\n<\/table>\n<p><\/p><\/div>\n<div class=\"su-tabs-pane su-u-clearfix su-u-trim\" data-title=\"Mo&#380;liwo&#347;ci\">\n<h3>Mo&#380;liwo&#347;ci<\/h3>\n<p>&bull; Etykiety o dowolnych wymiarach i kszta&#322;tach<br>\n&bull; Zam&oacute;wienia &ndash; ju&#380; od jednej etykiety<br>\n&bull; Etykiety zabezpieczaj&#261;ce mog&#261; by&#263; wyposa&#380;one w dodatkowe elementy ochronne &ndash; dane numeryczne, mikrow&#322;&oacute;kna, pigmentacj&#281; UV kleju, indywidualnie ukryty obraz, t&#322;o giloszowe, fragmenty folii, hologramy, laminat &bdquo;chameleon&rdquo; itp.<br>\n&bull; Obr&oacute;bka materia&#322;&oacute;w wed&#322;ug niestandardowych zada&#324;<br>\n&bull; Bezp&#322;atne pr&oacute;bki do test&oacute;w  <\/p>\n<p>Etykiety mog&#261; mie&#263; r&oacute;&#380;ne wymiary i zawarto&#347;&#263; &ndash; naszym zadaniem jest wykonanie etykiety zgodnie z dostarczon&#261; specyfikacj&#261;.<\/p>\n<table class=\"table\">\n<tbody>\n<tr>\n<td style=\"text-align: center;\"><\/td>\n<td width=\"150\"><img loading=\"lazy\" decoding=\"async\" src=\"\/wp-content\/uploads\/2018\/12\/Lipnios-etiket%C4%97s-rulone.jpg\" alt=\"Etykiety samoprzylepne w rolce\" width=\"336\" height=\"252\"><\/td>\n<td width=\"150\"><img loading=\"lazy\" decoding=\"async\" src=\"\/wp-content\/uploads\/2018\/12\/Etiketes_EN_1.jpg\" alt=\"Etykiety z nadrukiem wst&#281;pnym\" width=\"336\" height=\"252\"><\/td>\n<td width=\"150\"><img loading=\"lazy\" decoding=\"async\" src=\"\/wp-content\/uploads\/2018\/12\/Etiketes_EN_2.jpg\" alt=\"Przygotowane etykiety\" width=\"336\" height=\"252\"><\/td>\n<\/tr>\n<tr>\n<th>Widok<\/th>\n<th>Czyste etykiety<\/th>\n<th>Etykiety z nadrukiem wst&#281;pnym<\/th>\n<th>Przygotowane etykiety<\/th>\n<\/tr>\n<tr>\n<td>U&#380;ycie grafiki*<\/td>\n<td><\/td>\n<td>+<\/td>\n<td>+<\/td>\n<\/tr>\n<tr>\n<td>Odpowiednie do samodzielnego druku**<\/td>\n<td>+<\/td>\n<td>+<\/td>\n<td><\/td>\n<\/tr>\n<tr>\n<td>Dodatkowe wyko&#324;czenie powierzchni ***<\/td>\n<td><\/td>\n<td><\/td>\n<td>+<\/td>\n<\/tr>\n<\/tbody>\n<\/table>\n<p>* Tekst, logo, grafika, kod kreskowy, numer seryjny<br>\n** Etykiety w rolkach do drukarek termotransferowych oraz etykiety na arkuszach A4 do drukarek laserowych<br>\n*** Laminowanie, laminat dekoracyjny, folia, wype&#322;nienie woskowe<\/p>\n<p><\/p><\/div><\/div><\/div>\n","protected":false},"excerpt":{"rendered":"<p>Wysokotemperaturowe bia\u0142e b\u0142yszcz\u0105ce etykiety poliimidowe 5925 ze wzmocnion\u0105 warstw\u0105 klej\u0105c\u0105 nadaj\u0105 si\u0119 do odpornego na wysok\u0105 temperatur\u0119 znakowania modu\u0142\u00f3w elektronicznych nara\u017conych podczas produkcji na dzia\u0142anie wysokich temperatur i agresywnych medi\u00f3w. Nadaj\u0105 si\u0119 r\u00f3wnie\u017c do znakowania urz\u0105dze\u0144 pracuj\u0105cych w sta\u0142ych temperaturach powy\u017cej 200\u00b0C.<\/p>\n<p>Znakowanie odporne na wysok\u0105 temperatur\u0119:<br \/>\u2022 Kolor: bia\u0142y<br \/>\u2022 Powierzchnia: b\u0142yszcz\u0105ca<br \/>\u2022 Materia\u0142: poliimid<br \/>\u2022 Klej: wzmocniony<\/p>\n","protected":false},"featured_media":21527,"template":"","meta":[],"product_brand":[],"product_cat":[280,277],"product_tag":[1959],"class_list":{"0":"post-21532","1":"product","2":"type-product","3":"status-publish","4":"has-post-thumbnail","6":"product_cat-process-labels","7":"product_cat-labels-for-extremely-aggressive-environment","8":"product_tag-halogen-free","10":"first","11":"outofstock","12":"shipping-taxable","13":"product-type-simple"},"yoast_head":"<!-- This site is optimized with the Yoast SEO plugin v27.6 - https:\/\/yoast.com\/product\/yoast-seo-wordpress\/ -->\n<title>Wysokotemperaturowe bia\u0142e b\u0142yszcz\u0105ce etykiety poliimidowe 5925 | TML<\/title>\n<meta name=\"description\" content=\"Wysokotemperaturowe bia\u0142e b\u0142yszcz\u0105ce etykiety poliimidowe 5925 ze wzmocnion\u0105 warstw\u0105 klej\u0105c\u0105 nadaj\u0105 si\u0119 do odpornego na wysok\u0105 temperatur\u0119 znakowania modu\u0142\u00f3w elektronicznych nara\u017conych podczas produkcji na dzia\u0142anie wysokich temperatur i agresywnych medi\u00f3w | TML\" \/>\n<meta name=\"robots\" content=\"index, follow, max-snippet:-1, max-image-preview:large, max-video-preview:-1\" \/>\n<link rel=\"canonical\" href=\"https:\/\/tml.lt\/pl\/product\/pi-5925-hitemp\/\" \/>\n<meta property=\"og:locale\" content=\"pl_PL\" \/>\n<meta property=\"og:type\" content=\"article\" \/>\n<meta property=\"og:title\" content=\"Wysokotemperaturowe bia\u0142e b\u0142yszcz\u0105ce etykiety poliimidowe 5925 | TML\" \/>\n<meta property=\"og:description\" content=\"Wysokotemperaturowe bia\u0142e b\u0142yszcz\u0105ce etykiety poliimidowe 5925 ze wzmocnion\u0105 warstw\u0105 klej\u0105c\u0105 nadaj\u0105 si\u0119 do odpornego na wysok\u0105 temperatur\u0119 znakowania modu\u0142\u00f3w elektronicznych nara\u017conych podczas produkcji na dzia\u0142anie wysokich temperatur i agresywnych medi\u00f3w | TML\" \/>\n<meta property=\"og:url\" content=\"https:\/\/tml.lt\/pl\/product\/pi-5925-hitemp\/\" \/>\n<meta property=\"og:site_name\" content=\"TML\" \/>\n<meta property=\"article:modified_time\" content=\"2026-05-12T16:23:29+00:00\" \/>\n<meta property=\"og:image\" content=\"https:\/\/tml.lt\/pl\/wp-content\/uploads\/2025\/10\/labels-pi-5925.webp\" \/>\n\t<meta property=\"og:image:width\" content=\"1024\" \/>\n\t<meta property=\"og:image:height\" content=\"1024\" \/>\n\t<meta property=\"og:image:type\" content=\"image\/webp\" \/>\n<meta name=\"twitter:card\" content=\"summary_large_image\" \/>\n<meta name=\"twitter:label1\" content=\"Szacowany czas czytania\" \/>\n\t<meta name=\"twitter:data1\" content=\"2 minuty\" \/>\n<script type=\"application\/ld+json\" class=\"yoast-schema-graph\">{\"@context\":\"https:\\\/\\\/schema.org\",\"@graph\":[{\"@type\":\"WebPage\",\"@id\":\"https:\\\/\\\/tml.lt\\\/pl\\\/product\\\/pi-5925-hitemp\\\/\",\"url\":\"https:\\\/\\\/tml.lt\\\/pl\\\/product\\\/pi-5925-hitemp\\\/\",\"name\":\"Wysokotemperaturowe bia\u0142e b\u0142yszcz\u0105ce etykiety poliimidowe 5925 | TML\",\"isPartOf\":{\"@id\":\"https:\\\/\\\/tml.lt\\\/pl\\\/#website\"},\"primaryImageOfPage\":{\"@id\":\"https:\\\/\\\/tml.lt\\\/pl\\\/product\\\/pi-5925-hitemp\\\/#primaryimage\"},\"image\":{\"@id\":\"https:\\\/\\\/tml.lt\\\/pl\\\/product\\\/pi-5925-hitemp\\\/#primaryimage\"},\"thumbnailUrl\":\"https:\\\/\\\/tml.lt\\\/pl\\\/wp-content\\\/uploads\\\/2025\\\/10\\\/labels-pi-5925.webp\",\"datePublished\":\"2026-05-12T15:02:52+00:00\",\"dateModified\":\"2026-05-12T16:23:29+00:00\",\"description\":\"Wysokotemperaturowe bia\u0142e b\u0142yszcz\u0105ce etykiety poliimidowe 5925 ze wzmocnion\u0105 warstw\u0105 klej\u0105c\u0105 nadaj\u0105 si\u0119 do odpornego na wysok\u0105 temperatur\u0119 znakowania modu\u0142\u00f3w elektronicznych nara\u017conych podczas produkcji na dzia\u0142anie wysokich temperatur i agresywnych medi\u00f3w | TML\",\"breadcrumb\":{\"@id\":\"https:\\\/\\\/tml.lt\\\/pl\\\/product\\\/pi-5925-hitemp\\\/#breadcrumb\"},\"inLanguage\":\"pl-PL\",\"potentialAction\":[{\"@type\":\"ReadAction\",\"target\":[\"https:\\\/\\\/tml.lt\\\/pl\\\/product\\\/pi-5925-hitemp\\\/\"]}]},{\"@type\":\"ImageObject\",\"inLanguage\":\"pl-PL\",\"@id\":\"https:\\\/\\\/tml.lt\\\/pl\\\/product\\\/pi-5925-hitemp\\\/#primaryimage\",\"url\":\"https:\\\/\\\/tml.lt\\\/pl\\\/wp-content\\\/uploads\\\/2025\\\/10\\\/labels-pi-5925.webp\",\"contentUrl\":\"https:\\\/\\\/tml.lt\\\/pl\\\/wp-content\\\/uploads\\\/2025\\\/10\\\/labels-pi-5925.webp\",\"width\":1024,\"height\":1024,\"caption\":\"Etykiety w rolce poliimid 5925\"},{\"@type\":\"BreadcrumbList\",\"@id\":\"https:\\\/\\\/tml.lt\\\/pl\\\/product\\\/pi-5925-hitemp\\\/#breadcrumb\",\"itemListElement\":[{\"@type\":\"ListItem\",\"position\":1,\"name\":\"\u0413\u043b\u0430\u0432\u043d\u0430\u044f \u0441\u0442\u0440\u0430\u043d\u0438\u0446\u0430\",\"item\":\"https:\\\/\\\/tml.lt\\\/pl\\\/\"},{\"@type\":\"ListItem\",\"position\":2,\"name\":\"Produkcja i rozwi\u0105zania w zakresie znakowania, izolacji, mocowania\",\"item\":\"https:\\\/\\\/tml.lt\\\/pl\\\/\"},{\"@type\":\"ListItem\",\"position\":3,\"name\":\"Wysokotemperaturowe bia\u0142e b\u0142yszcz\u0105ce etykiety poliimidowe 5925\"}]},{\"@type\":\"WebSite\",\"@id\":\"https:\\\/\\\/tml.lt\\\/pl\\\/#website\",\"url\":\"https:\\\/\\\/tml.lt\\\/pl\\\/\",\"name\":\"TML\",\"description\":\"UAB TML-LT\",\"publisher\":{\"@id\":\"https:\\\/\\\/tml.lt\\\/pl\\\/#organization\"},\"potentialAction\":[{\"@type\":\"SearchAction\",\"target\":{\"@type\":\"EntryPoint\",\"urlTemplate\":\"https:\\\/\\\/tml.lt\\\/pl\\\/?s={search_term_string}\"},\"query-input\":{\"@type\":\"PropertyValueSpecification\",\"valueRequired\":true,\"valueName\":\"search_term_string\"}}],\"inLanguage\":\"pl-PL\"},{\"@type\":\"Organization\",\"@id\":\"https:\\\/\\\/tml.lt\\\/pl\\\/#organization\",\"name\":\"TML\",\"url\":\"https:\\\/\\\/tml.lt\\\/pl\\\/\",\"logo\":{\"@type\":\"ImageObject\",\"inLanguage\":\"pl-PL\",\"@id\":\"https:\\\/\\\/tml.lt\\\/pl\\\/#\\\/schema\\\/logo\\\/image\\\/\",\"url\":\"https:\\\/\\\/tml.lt\\\/pl\\\/wp-content\\\/uploads\\\/2020\\\/09\\\/tml-logo-black-4.png\",\"contentUrl\":\"https:\\\/\\\/tml.lt\\\/pl\\\/wp-content\\\/uploads\\\/2020\\\/09\\\/tml-logo-black-4.png\",\"width\":470,\"height\":110,\"caption\":\"TML\"},\"image\":{\"@id\":\"https:\\\/\\\/tml.lt\\\/pl\\\/#\\\/schema\\\/logo\\\/image\\\/\"}}]}<\/script>\n<!-- \/ Yoast SEO plugin. -->","yoast_head_json":{"title":"Wysokotemperaturowe bia\u0142e b\u0142yszcz\u0105ce etykiety poliimidowe 5925 | TML","description":"Wysokotemperaturowe bia\u0142e b\u0142yszcz\u0105ce etykiety poliimidowe 5925 ze wzmocnion\u0105 warstw\u0105 klej\u0105c\u0105 nadaj\u0105 si\u0119 do odpornego na wysok\u0105 temperatur\u0119 znakowania modu\u0142\u00f3w elektronicznych nara\u017conych podczas produkcji na dzia\u0142anie wysokich temperatur i agresywnych medi\u00f3w | TML","robots":{"index":"index","follow":"follow","max-snippet":"max-snippet:-1","max-image-preview":"max-image-preview:large","max-video-preview":"max-video-preview:-1"},"canonical":"https:\/\/tml.lt\/pl\/product\/pi-5925-hitemp\/","og_locale":"pl_PL","og_type":"article","og_title":"Wysokotemperaturowe bia\u0142e b\u0142yszcz\u0105ce etykiety poliimidowe 5925 | TML","og_description":"Wysokotemperaturowe bia\u0142e b\u0142yszcz\u0105ce etykiety poliimidowe 5925 ze wzmocnion\u0105 warstw\u0105 klej\u0105c\u0105 nadaj\u0105 si\u0119 do odpornego na wysok\u0105 temperatur\u0119 znakowania modu\u0142\u00f3w elektronicznych nara\u017conych podczas produkcji na dzia\u0142anie wysokich temperatur i agresywnych medi\u00f3w | TML","og_url":"https:\/\/tml.lt\/pl\/product\/pi-5925-hitemp\/","og_site_name":"TML","article_modified_time":"2026-05-12T16:23:29+00:00","og_image":[{"width":1024,"height":1024,"url":"https:\/\/tml.lt\/pl\/wp-content\/uploads\/2025\/10\/labels-pi-5925.webp","type":"image\/webp"}],"twitter_card":"summary_large_image","twitter_misc":{"Szacowany czas czytania":"2 minuty"},"schema":{"@context":"https:\/\/schema.org","@graph":[{"@type":"WebPage","@id":"https:\/\/tml.lt\/pl\/product\/pi-5925-hitemp\/","url":"https:\/\/tml.lt\/pl\/product\/pi-5925-hitemp\/","name":"Wysokotemperaturowe bia\u0142e b\u0142yszcz\u0105ce etykiety poliimidowe 5925 | TML","isPartOf":{"@id":"https:\/\/tml.lt\/pl\/#website"},"primaryImageOfPage":{"@id":"https:\/\/tml.lt\/pl\/product\/pi-5925-hitemp\/#primaryimage"},"image":{"@id":"https:\/\/tml.lt\/pl\/product\/pi-5925-hitemp\/#primaryimage"},"thumbnailUrl":"https:\/\/tml.lt\/pl\/wp-content\/uploads\/2025\/10\/labels-pi-5925.webp","datePublished":"2026-05-12T15:02:52+00:00","dateModified":"2026-05-12T16:23:29+00:00","description":"Wysokotemperaturowe bia\u0142e b\u0142yszcz\u0105ce etykiety poliimidowe 5925 ze wzmocnion\u0105 warstw\u0105 klej\u0105c\u0105 nadaj\u0105 si\u0119 do odpornego na wysok\u0105 temperatur\u0119 znakowania modu\u0142\u00f3w elektronicznych nara\u017conych podczas produkcji na dzia\u0142anie wysokich temperatur i agresywnych medi\u00f3w | TML","breadcrumb":{"@id":"https:\/\/tml.lt\/pl\/product\/pi-5925-hitemp\/#breadcrumb"},"inLanguage":"pl-PL","potentialAction":[{"@type":"ReadAction","target":["https:\/\/tml.lt\/pl\/product\/pi-5925-hitemp\/"]}]},{"@type":"ImageObject","inLanguage":"pl-PL","@id":"https:\/\/tml.lt\/pl\/product\/pi-5925-hitemp\/#primaryimage","url":"https:\/\/tml.lt\/pl\/wp-content\/uploads\/2025\/10\/labels-pi-5925.webp","contentUrl":"https:\/\/tml.lt\/pl\/wp-content\/uploads\/2025\/10\/labels-pi-5925.webp","width":1024,"height":1024,"caption":"Etykiety w rolce poliimid 5925"},{"@type":"BreadcrumbList","@id":"https:\/\/tml.lt\/pl\/product\/pi-5925-hitemp\/#breadcrumb","itemListElement":[{"@type":"ListItem","position":1,"name":"\u0413\u043b\u0430\u0432\u043d\u0430\u044f \u0441\u0442\u0440\u0430\u043d\u0438\u0446\u0430","item":"https:\/\/tml.lt\/pl\/"},{"@type":"ListItem","position":2,"name":"Produkcja i rozwi\u0105zania w zakresie znakowania, izolacji, mocowania","item":"https:\/\/tml.lt\/pl\/"},{"@type":"ListItem","position":3,"name":"Wysokotemperaturowe bia\u0142e b\u0142yszcz\u0105ce etykiety poliimidowe 5925"}]},{"@type":"WebSite","@id":"https:\/\/tml.lt\/pl\/#website","url":"https:\/\/tml.lt\/pl\/","name":"TML","description":"UAB TML-LT","publisher":{"@id":"https:\/\/tml.lt\/pl\/#organization"},"potentialAction":[{"@type":"SearchAction","target":{"@type":"EntryPoint","urlTemplate":"https:\/\/tml.lt\/pl\/?s={search_term_string}"},"query-input":{"@type":"PropertyValueSpecification","valueRequired":true,"valueName":"search_term_string"}}],"inLanguage":"pl-PL"},{"@type":"Organization","@id":"https:\/\/tml.lt\/pl\/#organization","name":"TML","url":"https:\/\/tml.lt\/pl\/","logo":{"@type":"ImageObject","inLanguage":"pl-PL","@id":"https:\/\/tml.lt\/pl\/#\/schema\/logo\/image\/","url":"https:\/\/tml.lt\/pl\/wp-content\/uploads\/2020\/09\/tml-logo-black-4.png","contentUrl":"https:\/\/tml.lt\/pl\/wp-content\/uploads\/2020\/09\/tml-logo-black-4.png","width":470,"height":110,"caption":"TML"},"image":{"@id":"https:\/\/tml.lt\/pl\/#\/schema\/logo\/image\/"}}]}},"amp_enabled":true,"_links":{"self":[{"href":"https:\/\/tml.lt\/pl\/wp-json\/wp\/v2\/product\/21532","targetHints":{"allow":["GET"]}}],"collection":[{"href":"https:\/\/tml.lt\/pl\/wp-json\/wp\/v2\/product"}],"about":[{"href":"https:\/\/tml.lt\/pl\/wp-json\/wp\/v2\/types\/product"}],"wp:featuredmedia":[{"embeddable":true,"href":"https:\/\/tml.lt\/pl\/wp-json\/wp\/v2\/media\/21527"}],"wp:attachment":[{"href":"https:\/\/tml.lt\/pl\/wp-json\/wp\/v2\/media?parent=21532"}],"wp:term":[{"taxonomy":"product_brand","embeddable":true,"href":"https:\/\/tml.lt\/pl\/wp-json\/wp\/v2\/product_brand?post=21532"},{"taxonomy":"product_cat","embeddable":true,"href":"https:\/\/tml.lt\/pl\/wp-json\/wp\/v2\/product_cat?post=21532"},{"taxonomy":"product_tag","embeddable":true,"href":"https:\/\/tml.lt\/pl\/wp-json\/wp\/v2\/product_tag?post=21532"}],"curies":[{"name":"wp","href":"https:\/\/api.w.org\/{rel}","templated":true}]}}