{"id":3043,"date":"2017-09-19T09:39:37","date_gmt":"2017-09-19T07:39:37","guid":{"rendered":"\/produktas\/marking-tape-3m-471-premium-klases-50mmx33m-black\/"},"modified":"2024-10-17T12:51:04","modified_gmt":"2024-10-17T10:51:04","slug":"marking-tape-3m-471-premium-50mmx33m-colored","status":"publish","type":"product","link":"https:\/\/tml.lt\/pl\/product\/marking-tape-3m-471-premium-50mmx33m-colored\/","title":{"rendered":"Marking tape 3M 471, premium, 50mmx33m, colored"},"content":{"rendered":"<p>High quality signal and floor marking tapes 3M 471 and 3M 5072. Alternative to paint. Features high abrasion resistance and chemicals.<br>\nThis tape is widely used for marking the direction of movement of transport and workers, marking of storage areas, <a href=\"https:\/\/tml.lt\/pl\/encyclopedia\/label\/\" target=\"_self\" title=\"Label is a functional part of a self-adhesive material, consisting of a face material and an adhesive. Most often it has a rectangular shape, but any shape can be cut.\" class=\"encyclopedia\">label<\/a>ing of hazardous production areas, separation of spatial zones, marking of columns, marking of fire barriers, marking of sports grounds, etc.<br>\nTapes are an excellent alternative to other markings methots and marking with paint because it has some advan<a href=\"https:\/\/tml.lt\/pl\/encyclopedia\/tag\/\" target=\"_self\" title=\"Tag &ndash; also called a label or marker. A distinctive feature is the presence of one or more holes used for mounting the tag. They are widely used for marking wires, cables, rolled metal, parts and equipment. There are variety of shapes, materials and characteristics available. Tags do not have an adhesive layer (adhesive) and&hellip;\" class=\"encyclopedia\">tag<\/a>es: non-toxic, meets international environmental conditions, is not flammable, resistant to chemicals, wear-resistant, etc.<br>\nVinyl tape scotch for marking 3M 471 an<a href=\"https:\/\/tml.lt\/pl\/encyclopedia\/d-570\/\" target=\"_self\" title=\"ASTM D 570 is the standard test method for determining water absorption of plastics.\" class=\"encyclopedia\">d 570<\/a>2 is a simple and convenient solution to the marking problem:<br>\n&bull; The rubber glue applied to the surface of the tape easily adheres to almost any surface, does not leak out and also relieves you of such operations as waiting for the glue to dry out and the removal of excess leaks;<br>\n&bull; Due to the elastic base, the vinyl tape of Scotch 3M 471 fits well to uneven surfaces, which prevents the ribbons from bending around the edges and accidentally peeling off;<br>\n&bull; durable vinyl base is resistant to abrasion, moisture, acid and alkali;<br>\n&bull; the color pigment is distributed evenly over the entire tape base, which ensures brightness and color fastness during the entire lifetime of the tape;<br>\n&bull; The flexible base of the tape easily stretches, so that the tape fits snugly against uneven surfaces.<br>\n&bull; 3M tapes are securely held on the surface, and thanks to the elastic base they fit tightly to various irregularities, which prevents the ribbons from bending at the edges and accidentally peeling off. However, if you need to replace any part of the marking tape easily and without a trace will be removed from the surface, which is completely impossible in the case of paint.<br>\nMore about Premium tapes <a href=\"\/pl\/?product_cat=safe-production\/tapes-for-marking\/premium-tapes\">here<\/a>.<\/p>\n","protected":false},"excerpt":{"rendered":"<p>Marking tape 3M 471, premium, 50mmx33m, colored<\/p>\n","protected":false},"featured_media":17411,"template":"","meta":[],"product_brand":[],"product_cat":[311,315],"product_tag":[136,1932],"class_list":{"0":"post-3043","1":"product","2":"type-product","3":"status-publish","4":"has-post-thumbnail","6":"product_cat-safe-production","7":"product_cat-premium-tapes","8":"product_tag-3m","9":"product_tag-floor-tapes","11":"first","12":"instock","13":"shipping-taxable","14":"purchasable","15":"product-type-variable"},"yoast_head":"<!-- This site is optimized with the Yoast SEO plugin v27.3 - https:\/\/yoast.com\/product\/yoast-seo-wordpress\/ -->\n<title>Marking tape 3M 471, premium, 50mmx33m, colored | TML<\/title>\n<meta name=\"description\" content=\"Marking tape 3M 471, premium, 50mmx33m, colored - High quality signal and floor marking tapes 3M 471 and 3M 5072. Alternative to paint. Features high abrasion resistance and chemicals.\" \/>\n<meta name=\"robots\" content=\"index, follow, max-snippet:-1, max-image-preview:large, max-video-preview:-1\" \/>\n<link rel=\"canonical\" href=\"https:\/\/tml.lt\/pl\/product\/marking-tape-3m-471-premium-50mmx33m-colored\/\" \/>\n<meta property=\"og:locale\" content=\"pl_PL\" \/>\n<meta property=\"og:type\" content=\"article\" \/>\n<meta property=\"og:title\" content=\"Marking tape 3M 471, premium, 50mmx33m, colored | TML\" \/>\n<meta property=\"og:description\" content=\"Marking tape 3M 471, premium, 50mmx33m, colored - High quality signal and floor marking tapes 3M 471 and 3M 5072. Alternative to paint. Features high abrasion resistance and chemicals.\" \/>\n<meta property=\"og:url\" content=\"https:\/\/tml.lt\/pl\/product\/marking-tape-3m-471-premium-50mmx33m-colored\/\" \/>\n<meta property=\"og:site_name\" content=\"TML\" \/>\n<meta property=\"article:modified_time\" content=\"2024-10-17T10:51:04+00:00\" \/>\n<meta property=\"og:image\" content=\"https:\/\/tml.lt\/pl\/wp-content\/uploads\/2017\/09\/3m-471-50mm-black_.jpg\" \/>\n\t<meta property=\"og:image:width\" content=\"1600\" \/>\n\t<meta property=\"og:image:height\" content=\"1600\" \/>\n\t<meta property=\"og:image:type\" content=\"image\/jpeg\" \/>\n<meta name=\"twitter:card\" content=\"summary_large_image\" \/>\n<meta name=\"twitter:label1\" content=\"Szacowany czas czytania\" \/>\n\t<meta name=\"twitter:data1\" content=\"1 minuta\" \/>\n<script type=\"application\/ld+json\" class=\"yoast-schema-graph\">{\"@context\":\"https:\\\/\\\/schema.org\",\"@graph\":[{\"@type\":\"WebPage\",\"@id\":\"https:\\\/\\\/tml.lt\\\/pl\\\/product\\\/marking-tape-3m-471-premium-50mmx33m-colored\\\/\",\"url\":\"https:\\\/\\\/tml.lt\\\/pl\\\/product\\\/marking-tape-3m-471-premium-50mmx33m-colored\\\/\",\"name\":\"Marking tape 3M 471, premium, 50mmx33m, colored | TML\",\"isPartOf\":{\"@id\":\"https:\\\/\\\/tml.lt\\\/pl\\\/#website\"},\"primaryImageOfPage\":{\"@id\":\"https:\\\/\\\/tml.lt\\\/pl\\\/product\\\/marking-tape-3m-471-premium-50mmx33m-colored\\\/#primaryimage\"},\"image\":{\"@id\":\"https:\\\/\\\/tml.lt\\\/pl\\\/product\\\/marking-tape-3m-471-premium-50mmx33m-colored\\\/#primaryimage\"},\"thumbnailUrl\":\"https:\\\/\\\/tml.lt\\\/pl\\\/wp-content\\\/uploads\\\/2017\\\/09\\\/3m-471-50mm-black_.jpg\",\"datePublished\":\"2017-09-19T07:39:37+00:00\",\"dateModified\":\"2024-10-17T10:51:04+00:00\",\"description\":\"Marking tape 3M 471, premium, 50mmx33m, colored - High quality signal and floor marking tapes 3M 471 and 3M 5072. Alternative to paint. Features high abrasion resistance and chemicals.\",\"breadcrumb\":{\"@id\":\"https:\\\/\\\/tml.lt\\\/pl\\\/product\\\/marking-tape-3m-471-premium-50mmx33m-colored\\\/#breadcrumb\"},\"inLanguage\":\"pl-PL\",\"potentialAction\":[{\"@type\":\"ReadAction\",\"target\":[\"https:\\\/\\\/tml.lt\\\/pl\\\/product\\\/marking-tape-3m-471-premium-50mmx33m-colored\\\/\"]}]},{\"@type\":\"ImageObject\",\"inLanguage\":\"pl-PL\",\"@id\":\"https:\\\/\\\/tml.lt\\\/pl\\\/product\\\/marking-tape-3m-471-premium-50mmx33m-colored\\\/#primaryimage\",\"url\":\"https:\\\/\\\/tml.lt\\\/pl\\\/wp-content\\\/uploads\\\/2017\\\/09\\\/3m-471-50mm-black_.jpg\",\"contentUrl\":\"https:\\\/\\\/tml.lt\\\/pl\\\/wp-content\\\/uploads\\\/2017\\\/09\\\/3m-471-50mm-black_.jpg\",\"width\":1600,\"height\":1600,\"caption\":\"Grind\u0173 \u017eym\u0117jimo juosta 3M 471, premium klas\u0117s, 50mmx33m, geltona\"},{\"@type\":\"BreadcrumbList\",\"@id\":\"https:\\\/\\\/tml.lt\\\/pl\\\/product\\\/marking-tape-3m-471-premium-50mmx33m-colored\\\/#breadcrumb\",\"itemListElement\":[{\"@type\":\"ListItem\",\"position\":1,\"name\":\"\u0413\u043b\u0430\u0432\u043d\u0430\u044f \u0441\u0442\u0440\u0430\u043d\u0438\u0446\u0430\",\"item\":\"https:\\\/\\\/tml.lt\\\/pl\\\/\"},{\"@type\":\"ListItem\",\"position\":2,\"name\":\"Produkcja i rozwi\u0105zania w zakresie znakowania, izolacji, mocowania\",\"item\":\"https:\\\/\\\/tml.lt\\\/pl\\\/\"},{\"@type\":\"ListItem\",\"position\":3,\"name\":\"Marking tape 3M 471, premium, 50mmx33m, colored\"}]},{\"@type\":\"WebSite\",\"@id\":\"https:\\\/\\\/tml.lt\\\/pl\\\/#website\",\"url\":\"https:\\\/\\\/tml.lt\\\/pl\\\/\",\"name\":\"TML\",\"description\":\"UAB TML-LT\",\"publisher\":{\"@id\":\"https:\\\/\\\/tml.lt\\\/pl\\\/#organization\"},\"potentialAction\":[{\"@type\":\"SearchAction\",\"target\":{\"@type\":\"EntryPoint\",\"urlTemplate\":\"https:\\\/\\\/tml.lt\\\/pl\\\/?s={search_term_string}\"},\"query-input\":{\"@type\":\"PropertyValueSpecification\",\"valueRequired\":true,\"valueName\":\"search_term_string\"}}],\"inLanguage\":\"pl-PL\"},{\"@type\":\"Organization\",\"@id\":\"https:\\\/\\\/tml.lt\\\/pl\\\/#organization\",\"name\":\"TML\",\"url\":\"https:\\\/\\\/tml.lt\\\/pl\\\/\",\"logo\":{\"@type\":\"ImageObject\",\"inLanguage\":\"pl-PL\",\"@id\":\"https:\\\/\\\/tml.lt\\\/pl\\\/#\\\/schema\\\/logo\\\/image\\\/\",\"url\":\"https:\\\/\\\/tml.lt\\\/pl\\\/wp-content\\\/uploads\\\/2020\\\/09\\\/tml-logo-black-4.png\",\"contentUrl\":\"https:\\\/\\\/tml.lt\\\/pl\\\/wp-content\\\/uploads\\\/2020\\\/09\\\/tml-logo-black-4.png\",\"width\":470,\"height\":110,\"caption\":\"TML\"},\"image\":{\"@id\":\"https:\\\/\\\/tml.lt\\\/pl\\\/#\\\/schema\\\/logo\\\/image\\\/\"}}]}<\/script>\n<!-- \/ Yoast SEO plugin. -->","yoast_head_json":{"title":"Marking tape 3M 471, premium, 50mmx33m, colored | TML","description":"Marking tape 3M 471, premium, 50mmx33m, colored - High quality signal and floor marking tapes 3M 471 and 3M 5072. Alternative to paint. Features high abrasion resistance and chemicals.","robots":{"index":"index","follow":"follow","max-snippet":"max-snippet:-1","max-image-preview":"max-image-preview:large","max-video-preview":"max-video-preview:-1"},"canonical":"https:\/\/tml.lt\/pl\/product\/marking-tape-3m-471-premium-50mmx33m-colored\/","og_locale":"pl_PL","og_type":"article","og_title":"Marking tape 3M 471, premium, 50mmx33m, colored | TML","og_description":"Marking tape 3M 471, premium, 50mmx33m, colored - High quality signal and floor marking tapes 3M 471 and 3M 5072. Alternative to paint. Features high abrasion resistance and chemicals.","og_url":"https:\/\/tml.lt\/pl\/product\/marking-tape-3m-471-premium-50mmx33m-colored\/","og_site_name":"TML","article_modified_time":"2024-10-17T10:51:04+00:00","og_image":[{"width":1600,"height":1600,"url":"https:\/\/tml.lt\/pl\/wp-content\/uploads\/2017\/09\/3m-471-50mm-black_.jpg","type":"image\/jpeg"}],"twitter_card":"summary_large_image","twitter_misc":{"Szacowany czas czytania":"1 minuta"},"schema":{"@context":"https:\/\/schema.org","@graph":[{"@type":"WebPage","@id":"https:\/\/tml.lt\/pl\/product\/marking-tape-3m-471-premium-50mmx33m-colored\/","url":"https:\/\/tml.lt\/pl\/product\/marking-tape-3m-471-premium-50mmx33m-colored\/","name":"Marking tape 3M 471, premium, 50mmx33m, colored | TML","isPartOf":{"@id":"https:\/\/tml.lt\/pl\/#website"},"primaryImageOfPage":{"@id":"https:\/\/tml.lt\/pl\/product\/marking-tape-3m-471-premium-50mmx33m-colored\/#primaryimage"},"image":{"@id":"https:\/\/tml.lt\/pl\/product\/marking-tape-3m-471-premium-50mmx33m-colored\/#primaryimage"},"thumbnailUrl":"https:\/\/tml.lt\/pl\/wp-content\/uploads\/2017\/09\/3m-471-50mm-black_.jpg","datePublished":"2017-09-19T07:39:37+00:00","dateModified":"2024-10-17T10:51:04+00:00","description":"Marking tape 3M 471, premium, 50mmx33m, colored - High quality signal and floor marking tapes 3M 471 and 3M 5072. Alternative to paint. Features high abrasion resistance and chemicals.","breadcrumb":{"@id":"https:\/\/tml.lt\/pl\/product\/marking-tape-3m-471-premium-50mmx33m-colored\/#breadcrumb"},"inLanguage":"pl-PL","potentialAction":[{"@type":"ReadAction","target":["https:\/\/tml.lt\/pl\/product\/marking-tape-3m-471-premium-50mmx33m-colored\/"]}]},{"@type":"ImageObject","inLanguage":"pl-PL","@id":"https:\/\/tml.lt\/pl\/product\/marking-tape-3m-471-premium-50mmx33m-colored\/#primaryimage","url":"https:\/\/tml.lt\/pl\/wp-content\/uploads\/2017\/09\/3m-471-50mm-black_.jpg","contentUrl":"https:\/\/tml.lt\/pl\/wp-content\/uploads\/2017\/09\/3m-471-50mm-black_.jpg","width":1600,"height":1600,"caption":"Grind\u0173 \u017eym\u0117jimo juosta 3M 471, premium klas\u0117s, 50mmx33m, geltona"},{"@type":"BreadcrumbList","@id":"https:\/\/tml.lt\/pl\/product\/marking-tape-3m-471-premium-50mmx33m-colored\/#breadcrumb","itemListElement":[{"@type":"ListItem","position":1,"name":"\u0413\u043b\u0430\u0432\u043d\u0430\u044f \u0441\u0442\u0440\u0430\u043d\u0438\u0446\u0430","item":"https:\/\/tml.lt\/pl\/"},{"@type":"ListItem","position":2,"name":"Produkcja i rozwi\u0105zania w zakresie znakowania, izolacji, mocowania","item":"https:\/\/tml.lt\/pl\/"},{"@type":"ListItem","position":3,"name":"Marking tape 3M 471, premium, 50mmx33m, colored"}]},{"@type":"WebSite","@id":"https:\/\/tml.lt\/pl\/#website","url":"https:\/\/tml.lt\/pl\/","name":"TML","description":"UAB TML-LT","publisher":{"@id":"https:\/\/tml.lt\/pl\/#organization"},"potentialAction":[{"@type":"SearchAction","target":{"@type":"EntryPoint","urlTemplate":"https:\/\/tml.lt\/pl\/?s={search_term_string}"},"query-input":{"@type":"PropertyValueSpecification","valueRequired":true,"valueName":"search_term_string"}}],"inLanguage":"pl-PL"},{"@type":"Organization","@id":"https:\/\/tml.lt\/pl\/#organization","name":"TML","url":"https:\/\/tml.lt\/pl\/","logo":{"@type":"ImageObject","inLanguage":"pl-PL","@id":"https:\/\/tml.lt\/pl\/#\/schema\/logo\/image\/","url":"https:\/\/tml.lt\/pl\/wp-content\/uploads\/2020\/09\/tml-logo-black-4.png","contentUrl":"https:\/\/tml.lt\/pl\/wp-content\/uploads\/2020\/09\/tml-logo-black-4.png","width":470,"height":110,"caption":"TML"},"image":{"@id":"https:\/\/tml.lt\/pl\/#\/schema\/logo\/image\/"}}]}},"amp_enabled":true,"_links":{"self":[{"href":"https:\/\/tml.lt\/pl\/wp-json\/wp\/v2\/product\/3043","targetHints":{"allow":["GET"]}}],"collection":[{"href":"https:\/\/tml.lt\/pl\/wp-json\/wp\/v2\/product"}],"about":[{"href":"https:\/\/tml.lt\/pl\/wp-json\/wp\/v2\/types\/product"}],"wp:featuredmedia":[{"embeddable":true,"href":"https:\/\/tml.lt\/pl\/wp-json\/wp\/v2\/media\/17411"}],"wp:attachment":[{"href":"https:\/\/tml.lt\/pl\/wp-json\/wp\/v2\/media?parent=3043"}],"wp:term":[{"taxonomy":"product_brand","embeddable":true,"href":"https:\/\/tml.lt\/pl\/wp-json\/wp\/v2\/product_brand?post=3043"},{"taxonomy":"product_cat","embeddable":true,"href":"https:\/\/tml.lt\/pl\/wp-json\/wp\/v2\/product_cat?post=3043"},{"taxonomy":"product_tag","embeddable":true,"href":"https:\/\/tml.lt\/pl\/wp-json\/wp\/v2\/product_tag?post=3043"}],"curies":[{"name":"wp","href":"https:\/\/api.w.org\/{rel}","templated":true}]}}