{"id":4735,"date":"2017-12-21T12:54:14","date_gmt":"2017-12-21T10:54:14","guid":{"rendered":"\/?post_type=product&#038;p=4735"},"modified":"2024-08-20T10:50:38","modified_gmt":"2024-08-20T08:50:38","slug":"tape-baseless-3m-9605-50%ce%bcm-12mm50m","status":"publish","type":"product","link":"https:\/\/tml.lt\/pl\/product\/tape-baseless-3m-9605-50%ce%bcm-12mm50m\/","title":{"rendered":"Tape baseless 3M 9605 50\u03bcm, 12mm*50m"},"content":{"rendered":"","protected":false},"excerpt":{"rendered":"<p>Tape baseless 3M 9605 50\u03bcm, 12mm*50m<\/p>\n","protected":false},"featured_media":8554,"template":"","meta":[],"product_brand":[],"product_cat":[122],"product_tag":[136],"class_list":{"0":"post-4735","1":"product","2":"type-product","3":"status-publish","4":"has-post-thumbnail","6":"product_cat-3m-scotch-adhesive-transfer-tapes-and-atg-system","7":"product_tag-3m","9":"first","10":"outofstock","11":"shipping-taxable","12":"purchasable","13":"product-type-simple"},"yoast_head":"<!-- This site is optimized with the Yoast SEO plugin v27.3 - https:\/\/yoast.com\/product\/yoast-seo-wordpress\/ -->\n<title>Tape baseless 3M 9605 50\u03bcm, 12mm*50m | TML<\/title>\n<meta name=\"description\" content=\"Tape baseless 3M 9605 50\u03bcm, 12mm*50m | TML\" \/>\n<meta name=\"robots\" content=\"index, follow, max-snippet:-1, max-image-preview:large, max-video-preview:-1\" \/>\n<link rel=\"canonical\" href=\"https:\/\/tml.lt\/pl\/product\/tape-baseless-3m-9605-50\u03bcm-12mm50m\/\" \/>\n<meta property=\"og:locale\" content=\"pl_PL\" \/>\n<meta property=\"og:type\" content=\"article\" \/>\n<meta property=\"og:title\" content=\"Tape baseless 3M 9605 50\u03bcm, 12mm*50m | TML\" \/>\n<meta property=\"og:description\" content=\"Tape baseless 3M 9605 50\u03bcm, 12mm*50m | TML\" \/>\n<meta property=\"og:url\" content=\"https:\/\/tml.lt\/pl\/product\/tape-baseless-3m-9605-50\u03bcm-12mm50m\/\" \/>\n<meta property=\"og:site_name\" content=\"TML\" \/>\n<meta property=\"article:modified_time\" content=\"2024-08-20T08:50:38+00:00\" \/>\n<meta property=\"og:image\" content=\"https:\/\/tml.lt\/pl\/wp-content\/uploads\/2017\/12\/Klij\u0173-juostel\u0117-be-pagrindo-3M-9605.jpg\" \/>\n\t<meta property=\"og:image:width\" content=\"300\" \/>\n\t<meta property=\"og:image:height\" content=\"300\" \/>\n\t<meta property=\"og:image:type\" content=\"image\/jpeg\" \/>\n<meta name=\"twitter:card\" content=\"summary_large_image\" \/>\n<script type=\"application\/ld+json\" class=\"yoast-schema-graph\">{\"@context\":\"https:\\\/\\\/schema.org\",\"@graph\":[{\"@type\":\"WebPage\",\"@id\":\"https:\\\/\\\/tml.lt\\\/pl\\\/product\\\/tape-baseless-3m-9605-50%ce%bcm-12mm50m\\\/\",\"url\":\"https:\\\/\\\/tml.lt\\\/pl\\\/product\\\/tape-baseless-3m-9605-50%ce%bcm-12mm50m\\\/\",\"name\":\"Tape baseless 3M 9605 50\u03bcm, 12mm*50m | TML\",\"isPartOf\":{\"@id\":\"https:\\\/\\\/tml.lt\\\/pl\\\/#website\"},\"primaryImageOfPage\":{\"@id\":\"https:\\\/\\\/tml.lt\\\/pl\\\/product\\\/tape-baseless-3m-9605-50%ce%bcm-12mm50m\\\/#primaryimage\"},\"image\":{\"@id\":\"https:\\\/\\\/tml.lt\\\/pl\\\/product\\\/tape-baseless-3m-9605-50%ce%bcm-12mm50m\\\/#primaryimage\"},\"thumbnailUrl\":\"https:\\\/\\\/tml.lt\\\/pl\\\/wp-content\\\/uploads\\\/2017\\\/12\\\/Klij\u0173-juostel\u0117-be-pagrindo-3M-9605.jpg\",\"datePublished\":\"2017-12-21T10:54:14+00:00\",\"dateModified\":\"2024-08-20T08:50:38+00:00\",\"description\":\"Tape baseless 3M 9605 50\u03bcm, 12mm*50m | TML\",\"breadcrumb\":{\"@id\":\"https:\\\/\\\/tml.lt\\\/pl\\\/product\\\/tape-baseless-3m-9605-50%ce%bcm-12mm50m\\\/#breadcrumb\"},\"inLanguage\":\"pl-PL\",\"potentialAction\":[{\"@type\":\"ReadAction\",\"target\":[\"https:\\\/\\\/tml.lt\\\/pl\\\/product\\\/tape-baseless-3m-9605-50%ce%bcm-12mm50m\\\/\"]}]},{\"@type\":\"ImageObject\",\"inLanguage\":\"pl-PL\",\"@id\":\"https:\\\/\\\/tml.lt\\\/pl\\\/product\\\/tape-baseless-3m-9605-50%ce%bcm-12mm50m\\\/#primaryimage\",\"url\":\"https:\\\/\\\/tml.lt\\\/pl\\\/wp-content\\\/uploads\\\/2017\\\/12\\\/Klij\u0173-juostel\u0117-be-pagrindo-3M-9605.jpg\",\"contentUrl\":\"https:\\\/\\\/tml.lt\\\/pl\\\/wp-content\\\/uploads\\\/2017\\\/12\\\/Klij\u0173-juostel\u0117-be-pagrindo-3M-9605.jpg\",\"width\":300,\"height\":300,\"caption\":\"Klij\u0173 juostel\u0117 be pagrindo 3M 9605\"},{\"@type\":\"BreadcrumbList\",\"@id\":\"https:\\\/\\\/tml.lt\\\/pl\\\/product\\\/tape-baseless-3m-9605-50%ce%bcm-12mm50m\\\/#breadcrumb\",\"itemListElement\":[{\"@type\":\"ListItem\",\"position\":1,\"name\":\"\u0413\u043b\u0430\u0432\u043d\u0430\u044f \u0441\u0442\u0440\u0430\u043d\u0438\u0446\u0430\",\"item\":\"https:\\\/\\\/tml.lt\\\/pl\\\/\"},{\"@type\":\"ListItem\",\"position\":2,\"name\":\"Produkcja i rozwi\u0105zania w zakresie znakowania, izolacji, mocowania\",\"item\":\"https:\\\/\\\/tml.lt\\\/pl\\\/\"},{\"@type\":\"ListItem\",\"position\":3,\"name\":\"Tape baseless 3M 9605 50\u03bcm, 12mm*50m\"}]},{\"@type\":\"WebSite\",\"@id\":\"https:\\\/\\\/tml.lt\\\/pl\\\/#website\",\"url\":\"https:\\\/\\\/tml.lt\\\/pl\\\/\",\"name\":\"TML\",\"description\":\"UAB TML-LT\",\"publisher\":{\"@id\":\"https:\\\/\\\/tml.lt\\\/pl\\\/#organization\"},\"potentialAction\":[{\"@type\":\"SearchAction\",\"target\":{\"@type\":\"EntryPoint\",\"urlTemplate\":\"https:\\\/\\\/tml.lt\\\/pl\\\/?s={search_term_string}\"},\"query-input\":{\"@type\":\"PropertyValueSpecification\",\"valueRequired\":true,\"valueName\":\"search_term_string\"}}],\"inLanguage\":\"pl-PL\"},{\"@type\":\"Organization\",\"@id\":\"https:\\\/\\\/tml.lt\\\/pl\\\/#organization\",\"name\":\"TML\",\"url\":\"https:\\\/\\\/tml.lt\\\/pl\\\/\",\"logo\":{\"@type\":\"ImageObject\",\"inLanguage\":\"pl-PL\",\"@id\":\"https:\\\/\\\/tml.lt\\\/pl\\\/#\\\/schema\\\/logo\\\/image\\\/\",\"url\":\"https:\\\/\\\/tml.lt\\\/pl\\\/wp-content\\\/uploads\\\/2020\\\/09\\\/tml-logo-black-4.png\",\"contentUrl\":\"https:\\\/\\\/tml.lt\\\/pl\\\/wp-content\\\/uploads\\\/2020\\\/09\\\/tml-logo-black-4.png\",\"width\":470,\"height\":110,\"caption\":\"TML\"},\"image\":{\"@id\":\"https:\\\/\\\/tml.lt\\\/pl\\\/#\\\/schema\\\/logo\\\/image\\\/\"}}]}<\/script>\n<!-- \/ Yoast SEO plugin. -->","yoast_head_json":{"title":"Tape baseless 3M 9605 50\u03bcm, 12mm*50m | TML","description":"Tape baseless 3M 9605 50\u03bcm, 12mm*50m | TML","robots":{"index":"index","follow":"follow","max-snippet":"max-snippet:-1","max-image-preview":"max-image-preview:large","max-video-preview":"max-video-preview:-1"},"canonical":"https:\/\/tml.lt\/pl\/product\/tape-baseless-3m-9605-50\u03bcm-12mm50m\/","og_locale":"pl_PL","og_type":"article","og_title":"Tape baseless 3M 9605 50\u03bcm, 12mm*50m | TML","og_description":"Tape baseless 3M 9605 50\u03bcm, 12mm*50m | TML","og_url":"https:\/\/tml.lt\/pl\/product\/tape-baseless-3m-9605-50\u03bcm-12mm50m\/","og_site_name":"TML","article_modified_time":"2024-08-20T08:50:38+00:00","og_image":[{"width":300,"height":300,"url":"https:\/\/tml.lt\/pl\/wp-content\/uploads\/2017\/12\/Klij\u0173-juostel\u0117-be-pagrindo-3M-9605.jpg","type":"image\/jpeg"}],"twitter_card":"summary_large_image","schema":{"@context":"https:\/\/schema.org","@graph":[{"@type":"WebPage","@id":"https:\/\/tml.lt\/pl\/product\/tape-baseless-3m-9605-50%ce%bcm-12mm50m\/","url":"https:\/\/tml.lt\/pl\/product\/tape-baseless-3m-9605-50%ce%bcm-12mm50m\/","name":"Tape baseless 3M 9605 50\u03bcm, 12mm*50m | TML","isPartOf":{"@id":"https:\/\/tml.lt\/pl\/#website"},"primaryImageOfPage":{"@id":"https:\/\/tml.lt\/pl\/product\/tape-baseless-3m-9605-50%ce%bcm-12mm50m\/#primaryimage"},"image":{"@id":"https:\/\/tml.lt\/pl\/product\/tape-baseless-3m-9605-50%ce%bcm-12mm50m\/#primaryimage"},"thumbnailUrl":"https:\/\/tml.lt\/pl\/wp-content\/uploads\/2017\/12\/Klij\u0173-juostel\u0117-be-pagrindo-3M-9605.jpg","datePublished":"2017-12-21T10:54:14+00:00","dateModified":"2024-08-20T08:50:38+00:00","description":"Tape baseless 3M 9605 50\u03bcm, 12mm*50m | TML","breadcrumb":{"@id":"https:\/\/tml.lt\/pl\/product\/tape-baseless-3m-9605-50%ce%bcm-12mm50m\/#breadcrumb"},"inLanguage":"pl-PL","potentialAction":[{"@type":"ReadAction","target":["https:\/\/tml.lt\/pl\/product\/tape-baseless-3m-9605-50%ce%bcm-12mm50m\/"]}]},{"@type":"ImageObject","inLanguage":"pl-PL","@id":"https:\/\/tml.lt\/pl\/product\/tape-baseless-3m-9605-50%ce%bcm-12mm50m\/#primaryimage","url":"https:\/\/tml.lt\/pl\/wp-content\/uploads\/2017\/12\/Klij\u0173-juostel\u0117-be-pagrindo-3M-9605.jpg","contentUrl":"https:\/\/tml.lt\/pl\/wp-content\/uploads\/2017\/12\/Klij\u0173-juostel\u0117-be-pagrindo-3M-9605.jpg","width":300,"height":300,"caption":"Klij\u0173 juostel\u0117 be pagrindo 3M 9605"},{"@type":"BreadcrumbList","@id":"https:\/\/tml.lt\/pl\/product\/tape-baseless-3m-9605-50%ce%bcm-12mm50m\/#breadcrumb","itemListElement":[{"@type":"ListItem","position":1,"name":"\u0413\u043b\u0430\u0432\u043d\u0430\u044f \u0441\u0442\u0440\u0430\u043d\u0438\u0446\u0430","item":"https:\/\/tml.lt\/pl\/"},{"@type":"ListItem","position":2,"name":"Produkcja i rozwi\u0105zania w zakresie znakowania, izolacji, mocowania","item":"https:\/\/tml.lt\/pl\/"},{"@type":"ListItem","position":3,"name":"Tape baseless 3M 9605 50\u03bcm, 12mm*50m"}]},{"@type":"WebSite","@id":"https:\/\/tml.lt\/pl\/#website","url":"https:\/\/tml.lt\/pl\/","name":"TML","description":"UAB TML-LT","publisher":{"@id":"https:\/\/tml.lt\/pl\/#organization"},"potentialAction":[{"@type":"SearchAction","target":{"@type":"EntryPoint","urlTemplate":"https:\/\/tml.lt\/pl\/?s={search_term_string}"},"query-input":{"@type":"PropertyValueSpecification","valueRequired":true,"valueName":"search_term_string"}}],"inLanguage":"pl-PL"},{"@type":"Organization","@id":"https:\/\/tml.lt\/pl\/#organization","name":"TML","url":"https:\/\/tml.lt\/pl\/","logo":{"@type":"ImageObject","inLanguage":"pl-PL","@id":"https:\/\/tml.lt\/pl\/#\/schema\/logo\/image\/","url":"https:\/\/tml.lt\/pl\/wp-content\/uploads\/2020\/09\/tml-logo-black-4.png","contentUrl":"https:\/\/tml.lt\/pl\/wp-content\/uploads\/2020\/09\/tml-logo-black-4.png","width":470,"height":110,"caption":"TML"},"image":{"@id":"https:\/\/tml.lt\/pl\/#\/schema\/logo\/image\/"}}]}},"amp_enabled":true,"_links":{"self":[{"href":"https:\/\/tml.lt\/pl\/wp-json\/wp\/v2\/product\/4735","targetHints":{"allow":["GET"]}}],"collection":[{"href":"https:\/\/tml.lt\/pl\/wp-json\/wp\/v2\/product"}],"about":[{"href":"https:\/\/tml.lt\/pl\/wp-json\/wp\/v2\/types\/product"}],"wp:featuredmedia":[{"embeddable":true,"href":"https:\/\/tml.lt\/pl\/wp-json\/wp\/v2\/media\/8554"}],"wp:attachment":[{"href":"https:\/\/tml.lt\/pl\/wp-json\/wp\/v2\/media?parent=4735"}],"wp:term":[{"taxonomy":"product_brand","embeddable":true,"href":"https:\/\/tml.lt\/pl\/wp-json\/wp\/v2\/product_brand?post=4735"},{"taxonomy":"product_cat","embeddable":true,"href":"https:\/\/tml.lt\/pl\/wp-json\/wp\/v2\/product_cat?post=4735"},{"taxonomy":"product_tag","embeddable":true,"href":"https:\/\/tml.lt\/pl\/wp-json\/wp\/v2\/product_tag?post=4735"}],"curies":[{"name":"wp","href":"https:\/\/api.w.org\/{rel}","templated":true}]}}