{"id":6216,"date":"2018-02-12T15:11:38","date_gmt":"2018-02-12T13:11:39","guid":{"rendered":"\/?post_type=product&#038;p=6216"},"modified":"2024-08-08T12:22:00","modified_gmt":"2024-08-08T10:22:00","slug":"adhesive-aerosol-3m-94ca-furniture-hi-strength-clear-cylinder-11-9kg","status":"publish","type":"product","link":"https:\/\/tml.lt\/pl\/product\/adhesive-aerosol-3m-94ca-furniture-hi-strength-clear-cylinder-11-9kg\/","title":{"rendered":"Adhesive aerosol 3M 94CA Furniture, hi-strength, clear, cylinder, 11.9kg"},"content":{"rendered":"","protected":false},"excerpt":{"rendered":"<p>Adhesive aerosol 3M 94CA Furniture, hi-strength, clear, cylinder, 11.9kg<\/p>\n","protected":false},"featured_media":6768,"template":"","meta":[],"product_brand":[],"product_cat":[212,1000,1007],"product_tag":[136],"class_list":{"0":"post-6216","1":"product","2":"type-product","3":"status-publish","4":"has-post-thumbnail","6":"product_cat-adhesives-and-sealants","7":"product_cat-aerosol-adhesives","8":"product_cat-high-pressure-cylinders","9":"product_tag-3m","11":"first","12":"instock","13":"shipping-taxable","14":"product-type-simple"},"yoast_head":"<!-- This site is optimized with the Yoast SEO plugin v27.3 - https:\/\/yoast.com\/product\/yoast-seo-wordpress\/ -->\n<title>Adhesive aerosol 3M 94CA Furniture, hi-strength, clear, cylinder, 11.9kg | TML<\/title>\n<meta name=\"description\" content=\"Adhesive aerosol 3M 94CA Furniture, hi-strength, clear, cylinder, 11.9kg | TML\" \/>\n<meta name=\"robots\" content=\"index, follow, max-snippet:-1, max-image-preview:large, max-video-preview:-1\" \/>\n<link rel=\"canonical\" href=\"https:\/\/tml.lt\/pl\/product\/adhesive-aerosol-3m-94ca-furniture-hi-strength-clear-cylinder-11-9kg\/\" \/>\n<meta property=\"og:locale\" content=\"pl_PL\" \/>\n<meta property=\"og:type\" content=\"article\" \/>\n<meta property=\"og:title\" content=\"Adhesive aerosol 3M 94CA Furniture, hi-strength, clear, cylinder, 11.9kg | TML\" \/>\n<meta property=\"og:description\" content=\"Adhesive aerosol 3M 94CA Furniture, hi-strength, clear, cylinder, 11.9kg | TML\" \/>\n<meta property=\"og:url\" content=\"https:\/\/tml.lt\/pl\/product\/adhesive-aerosol-3m-94ca-furniture-hi-strength-clear-cylinder-11-9kg\/\" \/>\n<meta property=\"og:site_name\" content=\"TML\" \/>\n<meta property=\"article:modified_time\" content=\"2024-08-08T10:22:00+00:00\" \/>\n<meta property=\"og:image\" content=\"https:\/\/tml.lt\/pl\/wp-content\/uploads\/2018\/02\/Aerozoliniai-klijai-3M-94CA-Baldiniai-ypa\u010d-tvirti-skaidr\u016bs-cilindre-11.9kg.jpg\" \/>\n\t<meta property=\"og:image:width\" content=\"600\" \/>\n\t<meta property=\"og:image:height\" content=\"600\" \/>\n\t<meta property=\"og:image:type\" content=\"image\/jpeg\" \/>\n<meta name=\"twitter:card\" content=\"summary_large_image\" \/>\n<script type=\"application\/ld+json\" class=\"yoast-schema-graph\">{\"@context\":\"https:\\\/\\\/schema.org\",\"@graph\":[{\"@type\":\"WebPage\",\"@id\":\"https:\\\/\\\/tml.lt\\\/pl\\\/product\\\/adhesive-aerosol-3m-94ca-furniture-hi-strength-clear-cylinder-11-9kg\\\/\",\"url\":\"https:\\\/\\\/tml.lt\\\/pl\\\/product\\\/adhesive-aerosol-3m-94ca-furniture-hi-strength-clear-cylinder-11-9kg\\\/\",\"name\":\"Adhesive aerosol 3M 94CA Furniture, hi-strength, clear, cylinder, 11.9kg | TML\",\"isPartOf\":{\"@id\":\"https:\\\/\\\/tml.lt\\\/pl\\\/#website\"},\"primaryImageOfPage\":{\"@id\":\"https:\\\/\\\/tml.lt\\\/pl\\\/product\\\/adhesive-aerosol-3m-94ca-furniture-hi-strength-clear-cylinder-11-9kg\\\/#primaryimage\"},\"image\":{\"@id\":\"https:\\\/\\\/tml.lt\\\/pl\\\/product\\\/adhesive-aerosol-3m-94ca-furniture-hi-strength-clear-cylinder-11-9kg\\\/#primaryimage\"},\"thumbnailUrl\":\"https:\\\/\\\/tml.lt\\\/pl\\\/wp-content\\\/uploads\\\/2018\\\/02\\\/Aerozoliniai-klijai-3M-94CA-Baldiniai-ypa\u010d-tvirti-skaidr\u016bs-cilindre-11.9kg.jpg\",\"datePublished\":\"2018-02-12T13:11:39+00:00\",\"dateModified\":\"2024-08-08T10:22:00+00:00\",\"description\":\"Adhesive aerosol 3M 94CA Furniture, hi-strength, clear, cylinder, 11.9kg | TML\",\"breadcrumb\":{\"@id\":\"https:\\\/\\\/tml.lt\\\/pl\\\/product\\\/adhesive-aerosol-3m-94ca-furniture-hi-strength-clear-cylinder-11-9kg\\\/#breadcrumb\"},\"inLanguage\":\"pl-PL\",\"potentialAction\":[{\"@type\":\"ReadAction\",\"target\":[\"https:\\\/\\\/tml.lt\\\/pl\\\/product\\\/adhesive-aerosol-3m-94ca-furniture-hi-strength-clear-cylinder-11-9kg\\\/\"]}]},{\"@type\":\"ImageObject\",\"inLanguage\":\"pl-PL\",\"@id\":\"https:\\\/\\\/tml.lt\\\/pl\\\/product\\\/adhesive-aerosol-3m-94ca-furniture-hi-strength-clear-cylinder-11-9kg\\\/#primaryimage\",\"url\":\"https:\\\/\\\/tml.lt\\\/pl\\\/wp-content\\\/uploads\\\/2018\\\/02\\\/Aerozoliniai-klijai-3M-94CA-Baldiniai-ypa\u010d-tvirti-skaidr\u016bs-cilindre-11.9kg.jpg\",\"contentUrl\":\"https:\\\/\\\/tml.lt\\\/pl\\\/wp-content\\\/uploads\\\/2018\\\/02\\\/Aerozoliniai-klijai-3M-94CA-Baldiniai-ypa\u010d-tvirti-skaidr\u016bs-cilindre-11.9kg.jpg\",\"width\":600,\"height\":600,\"caption\":\"Aerozoliniai klijai 3M 94CA Baldiniai, ypa\u010d tvirti, skaidr\u016bs, cilindre, 11.9kg\"},{\"@type\":\"BreadcrumbList\",\"@id\":\"https:\\\/\\\/tml.lt\\\/pl\\\/product\\\/adhesive-aerosol-3m-94ca-furniture-hi-strength-clear-cylinder-11-9kg\\\/#breadcrumb\",\"itemListElement\":[{\"@type\":\"ListItem\",\"position\":1,\"name\":\"\u0413\u043b\u0430\u0432\u043d\u0430\u044f \u0441\u0442\u0440\u0430\u043d\u0438\u0446\u0430\",\"item\":\"https:\\\/\\\/tml.lt\\\/pl\\\/\"},{\"@type\":\"ListItem\",\"position\":2,\"name\":\"Produkcja i rozwi\u0105zania w zakresie znakowania, izolacji, mocowania\",\"item\":\"https:\\\/\\\/tml.lt\\\/pl\\\/\"},{\"@type\":\"ListItem\",\"position\":3,\"name\":\"Adhesive aerosol 3M 94CA Furniture, hi-strength, clear, cylinder, 11.9kg\"}]},{\"@type\":\"WebSite\",\"@id\":\"https:\\\/\\\/tml.lt\\\/pl\\\/#website\",\"url\":\"https:\\\/\\\/tml.lt\\\/pl\\\/\",\"name\":\"TML\",\"description\":\"UAB TML-LT\",\"publisher\":{\"@id\":\"https:\\\/\\\/tml.lt\\\/pl\\\/#organization\"},\"potentialAction\":[{\"@type\":\"SearchAction\",\"target\":{\"@type\":\"EntryPoint\",\"urlTemplate\":\"https:\\\/\\\/tml.lt\\\/pl\\\/?s={search_term_string}\"},\"query-input\":{\"@type\":\"PropertyValueSpecification\",\"valueRequired\":true,\"valueName\":\"search_term_string\"}}],\"inLanguage\":\"pl-PL\"},{\"@type\":\"Organization\",\"@id\":\"https:\\\/\\\/tml.lt\\\/pl\\\/#organization\",\"name\":\"TML\",\"url\":\"https:\\\/\\\/tml.lt\\\/pl\\\/\",\"logo\":{\"@type\":\"ImageObject\",\"inLanguage\":\"pl-PL\",\"@id\":\"https:\\\/\\\/tml.lt\\\/pl\\\/#\\\/schema\\\/logo\\\/image\\\/\",\"url\":\"https:\\\/\\\/tml.lt\\\/pl\\\/wp-content\\\/uploads\\\/2020\\\/09\\\/tml-logo-black-4.png\",\"contentUrl\":\"https:\\\/\\\/tml.lt\\\/pl\\\/wp-content\\\/uploads\\\/2020\\\/09\\\/tml-logo-black-4.png\",\"width\":470,\"height\":110,\"caption\":\"TML\"},\"image\":{\"@id\":\"https:\\\/\\\/tml.lt\\\/pl\\\/#\\\/schema\\\/logo\\\/image\\\/\"}}]}<\/script>\n<!-- \/ Yoast SEO plugin. -->","yoast_head_json":{"title":"Adhesive aerosol 3M 94CA Furniture, hi-strength, clear, cylinder, 11.9kg | TML","description":"Adhesive aerosol 3M 94CA Furniture, hi-strength, clear, cylinder, 11.9kg | TML","robots":{"index":"index","follow":"follow","max-snippet":"max-snippet:-1","max-image-preview":"max-image-preview:large","max-video-preview":"max-video-preview:-1"},"canonical":"https:\/\/tml.lt\/pl\/product\/adhesive-aerosol-3m-94ca-furniture-hi-strength-clear-cylinder-11-9kg\/","og_locale":"pl_PL","og_type":"article","og_title":"Adhesive aerosol 3M 94CA Furniture, hi-strength, clear, cylinder, 11.9kg | TML","og_description":"Adhesive aerosol 3M 94CA Furniture, hi-strength, clear, cylinder, 11.9kg | TML","og_url":"https:\/\/tml.lt\/pl\/product\/adhesive-aerosol-3m-94ca-furniture-hi-strength-clear-cylinder-11-9kg\/","og_site_name":"TML","article_modified_time":"2024-08-08T10:22:00+00:00","og_image":[{"width":600,"height":600,"url":"https:\/\/tml.lt\/pl\/wp-content\/uploads\/2018\/02\/Aerozoliniai-klijai-3M-94CA-Baldiniai-ypa\u010d-tvirti-skaidr\u016bs-cilindre-11.9kg.jpg","type":"image\/jpeg"}],"twitter_card":"summary_large_image","schema":{"@context":"https:\/\/schema.org","@graph":[{"@type":"WebPage","@id":"https:\/\/tml.lt\/pl\/product\/adhesive-aerosol-3m-94ca-furniture-hi-strength-clear-cylinder-11-9kg\/","url":"https:\/\/tml.lt\/pl\/product\/adhesive-aerosol-3m-94ca-furniture-hi-strength-clear-cylinder-11-9kg\/","name":"Adhesive aerosol 3M 94CA Furniture, hi-strength, clear, cylinder, 11.9kg | TML","isPartOf":{"@id":"https:\/\/tml.lt\/pl\/#website"},"primaryImageOfPage":{"@id":"https:\/\/tml.lt\/pl\/product\/adhesive-aerosol-3m-94ca-furniture-hi-strength-clear-cylinder-11-9kg\/#primaryimage"},"image":{"@id":"https:\/\/tml.lt\/pl\/product\/adhesive-aerosol-3m-94ca-furniture-hi-strength-clear-cylinder-11-9kg\/#primaryimage"},"thumbnailUrl":"https:\/\/tml.lt\/pl\/wp-content\/uploads\/2018\/02\/Aerozoliniai-klijai-3M-94CA-Baldiniai-ypa\u010d-tvirti-skaidr\u016bs-cilindre-11.9kg.jpg","datePublished":"2018-02-12T13:11:39+00:00","dateModified":"2024-08-08T10:22:00+00:00","description":"Adhesive aerosol 3M 94CA Furniture, hi-strength, clear, cylinder, 11.9kg | TML","breadcrumb":{"@id":"https:\/\/tml.lt\/pl\/product\/adhesive-aerosol-3m-94ca-furniture-hi-strength-clear-cylinder-11-9kg\/#breadcrumb"},"inLanguage":"pl-PL","potentialAction":[{"@type":"ReadAction","target":["https:\/\/tml.lt\/pl\/product\/adhesive-aerosol-3m-94ca-furniture-hi-strength-clear-cylinder-11-9kg\/"]}]},{"@type":"ImageObject","inLanguage":"pl-PL","@id":"https:\/\/tml.lt\/pl\/product\/adhesive-aerosol-3m-94ca-furniture-hi-strength-clear-cylinder-11-9kg\/#primaryimage","url":"https:\/\/tml.lt\/pl\/wp-content\/uploads\/2018\/02\/Aerozoliniai-klijai-3M-94CA-Baldiniai-ypa\u010d-tvirti-skaidr\u016bs-cilindre-11.9kg.jpg","contentUrl":"https:\/\/tml.lt\/pl\/wp-content\/uploads\/2018\/02\/Aerozoliniai-klijai-3M-94CA-Baldiniai-ypa\u010d-tvirti-skaidr\u016bs-cilindre-11.9kg.jpg","width":600,"height":600,"caption":"Aerozoliniai klijai 3M 94CA Baldiniai, ypa\u010d tvirti, skaidr\u016bs, cilindre, 11.9kg"},{"@type":"BreadcrumbList","@id":"https:\/\/tml.lt\/pl\/product\/adhesive-aerosol-3m-94ca-furniture-hi-strength-clear-cylinder-11-9kg\/#breadcrumb","itemListElement":[{"@type":"ListItem","position":1,"name":"\u0413\u043b\u0430\u0432\u043d\u0430\u044f \u0441\u0442\u0440\u0430\u043d\u0438\u0446\u0430","item":"https:\/\/tml.lt\/pl\/"},{"@type":"ListItem","position":2,"name":"Produkcja i rozwi\u0105zania w zakresie znakowania, izolacji, mocowania","item":"https:\/\/tml.lt\/pl\/"},{"@type":"ListItem","position":3,"name":"Adhesive aerosol 3M 94CA Furniture, hi-strength, clear, cylinder, 11.9kg"}]},{"@type":"WebSite","@id":"https:\/\/tml.lt\/pl\/#website","url":"https:\/\/tml.lt\/pl\/","name":"TML","description":"UAB TML-LT","publisher":{"@id":"https:\/\/tml.lt\/pl\/#organization"},"potentialAction":[{"@type":"SearchAction","target":{"@type":"EntryPoint","urlTemplate":"https:\/\/tml.lt\/pl\/?s={search_term_string}"},"query-input":{"@type":"PropertyValueSpecification","valueRequired":true,"valueName":"search_term_string"}}],"inLanguage":"pl-PL"},{"@type":"Organization","@id":"https:\/\/tml.lt\/pl\/#organization","name":"TML","url":"https:\/\/tml.lt\/pl\/","logo":{"@type":"ImageObject","inLanguage":"pl-PL","@id":"https:\/\/tml.lt\/pl\/#\/schema\/logo\/image\/","url":"https:\/\/tml.lt\/pl\/wp-content\/uploads\/2020\/09\/tml-logo-black-4.png","contentUrl":"https:\/\/tml.lt\/pl\/wp-content\/uploads\/2020\/09\/tml-logo-black-4.png","width":470,"height":110,"caption":"TML"},"image":{"@id":"https:\/\/tml.lt\/pl\/#\/schema\/logo\/image\/"}}]}},"amp_enabled":true,"_links":{"self":[{"href":"https:\/\/tml.lt\/pl\/wp-json\/wp\/v2\/product\/6216","targetHints":{"allow":["GET"]}}],"collection":[{"href":"https:\/\/tml.lt\/pl\/wp-json\/wp\/v2\/product"}],"about":[{"href":"https:\/\/tml.lt\/pl\/wp-json\/wp\/v2\/types\/product"}],"wp:featuredmedia":[{"embeddable":true,"href":"https:\/\/tml.lt\/pl\/wp-json\/wp\/v2\/media\/6768"}],"wp:attachment":[{"href":"https:\/\/tml.lt\/pl\/wp-json\/wp\/v2\/media?parent=6216"}],"wp:term":[{"taxonomy":"product_brand","embeddable":true,"href":"https:\/\/tml.lt\/pl\/wp-json\/wp\/v2\/product_brand?post=6216"},{"taxonomy":"product_cat","embeddable":true,"href":"https:\/\/tml.lt\/pl\/wp-json\/wp\/v2\/product_cat?post=6216"},{"taxonomy":"product_tag","embeddable":true,"href":"https:\/\/tml.lt\/pl\/wp-json\/wp\/v2\/product_tag?post=6216"}],"curies":[{"name":"wp","href":"https:\/\/api.w.org\/{rel}","templated":true}]}}