{"id":6326,"date":"2018-02-19T15:55:06","date_gmt":"2018-02-19T13:55:07","guid":{"rendered":"\/?post_type=product&#038;p=6326"},"modified":"2024-10-17T16:07:28","modified_gmt":"2024-10-17T14:07:28","slug":"applicator-glue-gun-for-hot-melt-glue-with-standart-melting-point-3m-ec-with-temp-control-for-5-8x2-sticks","status":"publish","type":"product","link":"https:\/\/tml.lt\/pl\/product\/applicator-glue-gun-for-hot-melt-glue-with-standart-melting-point-3m-ec-with-temp-control-for-5-8x2-sticks\/","title":{"rendered":"Applicator-glue gun for hot melt glue with standard melting point 3M EC with temp. control for 5\/8&#8243;x2&#8243; sticks"},"content":{"rendered":"","protected":false},"excerpt":{"rendered":"<p>Applicator-glue gun for hot melt glue with standard melting point 3M EC with temp. control for 5\/8&#8243;x2&#8243; sticks<\/p>\n","protected":false},"featured_media":8875,"template":"","meta":[],"product_brand":[],"product_cat":[1023,1021,1020],"product_tag":[136],"class_list":{"0":"post-6326","1":"product","2":"type-product","3":"status-publish","4":"has-post-thumbnail","6":"product_cat-hot-melt-adhesives","7":"product_cat-hot-melt-technology-adhesives","8":"product_cat-low-melt-technology-adhesives","9":"product_tag-3m","11":"first","12":"instock","13":"shipping-taxable","14":"purchasable","15":"product-type-simple"},"yoast_head":"<!-- This site is optimized with the Yoast SEO plugin v27.4 - https:\/\/yoast.com\/product\/yoast-seo-wordpress\/ -->\n<title>Applicator-glue gun for hot melt glue with standard melting point 3M EC with temp. control for 5\/8&quot;x2&quot; sticks | TML<\/title>\n<meta name=\"description\" content=\"Applicator-glue gun for hot melt glue with standard melting point 3M EC with temp. control for 5\/8&quot;x2&quot; sticks | TML\" \/>\n<meta name=\"robots\" content=\"index, follow, max-snippet:-1, max-image-preview:large, max-video-preview:-1\" \/>\n<link rel=\"canonical\" href=\"https:\/\/tml.lt\/pl\/product\/applicator-glue-gun-for-hot-melt-glue-with-standart-melting-point-3m-ec-with-temp-control-for-5-8x2-sticks\/\" \/>\n<meta property=\"og:locale\" content=\"pl_PL\" \/>\n<meta property=\"og:type\" content=\"article\" \/>\n<meta property=\"og:title\" content=\"Applicator-glue gun for hot melt glue with standard melting point 3M EC with temp. control for 5\/8&quot;x2&quot; sticks | TML\" \/>\n<meta property=\"og:description\" content=\"Applicator-glue gun for hot melt glue with standard melting point 3M EC with temp. control for 5\/8&quot;x2&quot; sticks | TML\" \/>\n<meta property=\"og:url\" content=\"https:\/\/tml.lt\/pl\/product\/applicator-glue-gun-for-hot-melt-glue-with-standart-melting-point-3m-ec-with-temp-control-for-5-8x2-sticks\/\" \/>\n<meta property=\"og:site_name\" content=\"TML\" \/>\n<meta property=\"article:modified_time\" content=\"2024-10-17T14:07:28+00:00\" \/>\n<meta property=\"og:image\" content=\"https:\/\/tml.lt\/pl\/wp-content\/uploads\/2018\/02\/Pistoletas-aplikatorius-kar\u0161to-lydymo-klijams-su-standartinio-lydymosi-ta\u0161ku-3M-TC-su-temperat\u016bros-kontrole.jpg\" \/>\n\t<meta property=\"og:image:width\" content=\"400\" \/>\n\t<meta property=\"og:image:height\" content=\"400\" \/>\n\t<meta property=\"og:image:type\" content=\"image\/jpeg\" \/>\n<meta name=\"twitter:card\" content=\"summary_large_image\" \/>\n<script type=\"application\/ld+json\" class=\"yoast-schema-graph\">{\"@context\":\"https:\\\/\\\/schema.org\",\"@graph\":[{\"@type\":\"WebPage\",\"@id\":\"https:\\\/\\\/tml.lt\\\/pl\\\/product\\\/applicator-glue-gun-for-hot-melt-glue-with-standart-melting-point-3m-ec-with-temp-control-for-5-8x2-sticks\\\/\",\"url\":\"https:\\\/\\\/tml.lt\\\/pl\\\/product\\\/applicator-glue-gun-for-hot-melt-glue-with-standart-melting-point-3m-ec-with-temp-control-for-5-8x2-sticks\\\/\",\"name\":\"Applicator-glue gun for hot melt glue with standard melting point 3M EC with temp. control for 5\\\/8\\\"x2\\\" sticks | TML\",\"isPartOf\":{\"@id\":\"https:\\\/\\\/tml.lt\\\/pl\\\/#website\"},\"primaryImageOfPage\":{\"@id\":\"https:\\\/\\\/tml.lt\\\/pl\\\/product\\\/applicator-glue-gun-for-hot-melt-glue-with-standart-melting-point-3m-ec-with-temp-control-for-5-8x2-sticks\\\/#primaryimage\"},\"image\":{\"@id\":\"https:\\\/\\\/tml.lt\\\/pl\\\/product\\\/applicator-glue-gun-for-hot-melt-glue-with-standart-melting-point-3m-ec-with-temp-control-for-5-8x2-sticks\\\/#primaryimage\"},\"thumbnailUrl\":\"https:\\\/\\\/tml.lt\\\/pl\\\/wp-content\\\/uploads\\\/2018\\\/02\\\/Pistoletas-aplikatorius-kar\u0161to-lydymo-klijams-su-standartinio-lydymosi-ta\u0161ku-3M-TC-su-temperat\u016bros-kontrole.jpg\",\"datePublished\":\"2018-02-19T13:55:07+00:00\",\"dateModified\":\"2024-10-17T14:07:28+00:00\",\"description\":\"Applicator-glue gun for hot melt glue with standard melting point 3M EC with temp. control for 5\\\/8\\\"x2\\\" sticks | TML\",\"breadcrumb\":{\"@id\":\"https:\\\/\\\/tml.lt\\\/pl\\\/product\\\/applicator-glue-gun-for-hot-melt-glue-with-standart-melting-point-3m-ec-with-temp-control-for-5-8x2-sticks\\\/#breadcrumb\"},\"inLanguage\":\"pl-PL\",\"potentialAction\":[{\"@type\":\"ReadAction\",\"target\":[\"https:\\\/\\\/tml.lt\\\/pl\\\/product\\\/applicator-glue-gun-for-hot-melt-glue-with-standart-melting-point-3m-ec-with-temp-control-for-5-8x2-sticks\\\/\"]}]},{\"@type\":\"ImageObject\",\"inLanguage\":\"pl-PL\",\"@id\":\"https:\\\/\\\/tml.lt\\\/pl\\\/product\\\/applicator-glue-gun-for-hot-melt-glue-with-standart-melting-point-3m-ec-with-temp-control-for-5-8x2-sticks\\\/#primaryimage\",\"url\":\"https:\\\/\\\/tml.lt\\\/pl\\\/wp-content\\\/uploads\\\/2018\\\/02\\\/Pistoletas-aplikatorius-kar\u0161to-lydymo-klijams-su-standartinio-lydymosi-ta\u0161ku-3M-TC-su-temperat\u016bros-kontrole.jpg\",\"contentUrl\":\"https:\\\/\\\/tml.lt\\\/pl\\\/wp-content\\\/uploads\\\/2018\\\/02\\\/Pistoletas-aplikatorius-kar\u0161to-lydymo-klijams-su-standartinio-lydymosi-ta\u0161ku-3M-TC-su-temperat\u016bros-kontrole.jpg\",\"width\":400,\"height\":400,\"caption\":\"Applicator-glue gun for hot melt glue with standart melting point 3M EC with temp. control for 5\\\/8\\\"x2\\\" sticks\"},{\"@type\":\"BreadcrumbList\",\"@id\":\"https:\\\/\\\/tml.lt\\\/pl\\\/product\\\/applicator-glue-gun-for-hot-melt-glue-with-standart-melting-point-3m-ec-with-temp-control-for-5-8x2-sticks\\\/#breadcrumb\",\"itemListElement\":[{\"@type\":\"ListItem\",\"position\":1,\"name\":\"\u0413\u043b\u0430\u0432\u043d\u0430\u044f \u0441\u0442\u0440\u0430\u043d\u0438\u0446\u0430\",\"item\":\"https:\\\/\\\/tml.lt\\\/pl\\\/\"},{\"@type\":\"ListItem\",\"position\":2,\"name\":\"Produkcja i rozwi\u0105zania w zakresie znakowania, izolacji, mocowania\",\"item\":\"https:\\\/\\\/tml.lt\\\/pl\\\/\"},{\"@type\":\"ListItem\",\"position\":3,\"name\":\"Applicator-glue gun for hot melt glue with standard melting point 3M EC with temp. control for 5\\\/8&#8243;x2&#8243; sticks\"}]},{\"@type\":\"WebSite\",\"@id\":\"https:\\\/\\\/tml.lt\\\/pl\\\/#website\",\"url\":\"https:\\\/\\\/tml.lt\\\/pl\\\/\",\"name\":\"TML\",\"description\":\"UAB TML-LT\",\"publisher\":{\"@id\":\"https:\\\/\\\/tml.lt\\\/pl\\\/#organization\"},\"potentialAction\":[{\"@type\":\"SearchAction\",\"target\":{\"@type\":\"EntryPoint\",\"urlTemplate\":\"https:\\\/\\\/tml.lt\\\/pl\\\/?s={search_term_string}\"},\"query-input\":{\"@type\":\"PropertyValueSpecification\",\"valueRequired\":true,\"valueName\":\"search_term_string\"}}],\"inLanguage\":\"pl-PL\"},{\"@type\":\"Organization\",\"@id\":\"https:\\\/\\\/tml.lt\\\/pl\\\/#organization\",\"name\":\"TML\",\"url\":\"https:\\\/\\\/tml.lt\\\/pl\\\/\",\"logo\":{\"@type\":\"ImageObject\",\"inLanguage\":\"pl-PL\",\"@id\":\"https:\\\/\\\/tml.lt\\\/pl\\\/#\\\/schema\\\/logo\\\/image\\\/\",\"url\":\"https:\\\/\\\/tml.lt\\\/pl\\\/wp-content\\\/uploads\\\/2020\\\/09\\\/tml-logo-black-4.png\",\"contentUrl\":\"https:\\\/\\\/tml.lt\\\/pl\\\/wp-content\\\/uploads\\\/2020\\\/09\\\/tml-logo-black-4.png\",\"width\":470,\"height\":110,\"caption\":\"TML\"},\"image\":{\"@id\":\"https:\\\/\\\/tml.lt\\\/pl\\\/#\\\/schema\\\/logo\\\/image\\\/\"}}]}<\/script>\n<!-- \/ Yoast SEO plugin. -->","yoast_head_json":{"title":"Applicator-glue gun for hot melt glue with standard melting point 3M EC with temp. control for 5\/8\"x2\" sticks | TML","description":"Applicator-glue gun for hot melt glue with standard melting point 3M EC with temp. control for 5\/8\"x2\" sticks | TML","robots":{"index":"index","follow":"follow","max-snippet":"max-snippet:-1","max-image-preview":"max-image-preview:large","max-video-preview":"max-video-preview:-1"},"canonical":"https:\/\/tml.lt\/pl\/product\/applicator-glue-gun-for-hot-melt-glue-with-standart-melting-point-3m-ec-with-temp-control-for-5-8x2-sticks\/","og_locale":"pl_PL","og_type":"article","og_title":"Applicator-glue gun for hot melt glue with standard melting point 3M EC with temp. control for 5\/8\"x2\" sticks | TML","og_description":"Applicator-glue gun for hot melt glue with standard melting point 3M EC with temp. control for 5\/8\"x2\" sticks | TML","og_url":"https:\/\/tml.lt\/pl\/product\/applicator-glue-gun-for-hot-melt-glue-with-standart-melting-point-3m-ec-with-temp-control-for-5-8x2-sticks\/","og_site_name":"TML","article_modified_time":"2024-10-17T14:07:28+00:00","og_image":[{"width":400,"height":400,"url":"https:\/\/tml.lt\/pl\/wp-content\/uploads\/2018\/02\/Pistoletas-aplikatorius-kar\u0161to-lydymo-klijams-su-standartinio-lydymosi-ta\u0161ku-3M-TC-su-temperat\u016bros-kontrole.jpg","type":"image\/jpeg"}],"twitter_card":"summary_large_image","schema":{"@context":"https:\/\/schema.org","@graph":[{"@type":"WebPage","@id":"https:\/\/tml.lt\/pl\/product\/applicator-glue-gun-for-hot-melt-glue-with-standart-melting-point-3m-ec-with-temp-control-for-5-8x2-sticks\/","url":"https:\/\/tml.lt\/pl\/product\/applicator-glue-gun-for-hot-melt-glue-with-standart-melting-point-3m-ec-with-temp-control-for-5-8x2-sticks\/","name":"Applicator-glue gun for hot melt glue with standard melting point 3M EC with temp. control for 5\/8\"x2\" sticks | TML","isPartOf":{"@id":"https:\/\/tml.lt\/pl\/#website"},"primaryImageOfPage":{"@id":"https:\/\/tml.lt\/pl\/product\/applicator-glue-gun-for-hot-melt-glue-with-standart-melting-point-3m-ec-with-temp-control-for-5-8x2-sticks\/#primaryimage"},"image":{"@id":"https:\/\/tml.lt\/pl\/product\/applicator-glue-gun-for-hot-melt-glue-with-standart-melting-point-3m-ec-with-temp-control-for-5-8x2-sticks\/#primaryimage"},"thumbnailUrl":"https:\/\/tml.lt\/pl\/wp-content\/uploads\/2018\/02\/Pistoletas-aplikatorius-kar\u0161to-lydymo-klijams-su-standartinio-lydymosi-ta\u0161ku-3M-TC-su-temperat\u016bros-kontrole.jpg","datePublished":"2018-02-19T13:55:07+00:00","dateModified":"2024-10-17T14:07:28+00:00","description":"Applicator-glue gun for hot melt glue with standard melting point 3M EC with temp. control for 5\/8\"x2\" sticks | TML","breadcrumb":{"@id":"https:\/\/tml.lt\/pl\/product\/applicator-glue-gun-for-hot-melt-glue-with-standart-melting-point-3m-ec-with-temp-control-for-5-8x2-sticks\/#breadcrumb"},"inLanguage":"pl-PL","potentialAction":[{"@type":"ReadAction","target":["https:\/\/tml.lt\/pl\/product\/applicator-glue-gun-for-hot-melt-glue-with-standart-melting-point-3m-ec-with-temp-control-for-5-8x2-sticks\/"]}]},{"@type":"ImageObject","inLanguage":"pl-PL","@id":"https:\/\/tml.lt\/pl\/product\/applicator-glue-gun-for-hot-melt-glue-with-standart-melting-point-3m-ec-with-temp-control-for-5-8x2-sticks\/#primaryimage","url":"https:\/\/tml.lt\/pl\/wp-content\/uploads\/2018\/02\/Pistoletas-aplikatorius-kar\u0161to-lydymo-klijams-su-standartinio-lydymosi-ta\u0161ku-3M-TC-su-temperat\u016bros-kontrole.jpg","contentUrl":"https:\/\/tml.lt\/pl\/wp-content\/uploads\/2018\/02\/Pistoletas-aplikatorius-kar\u0161to-lydymo-klijams-su-standartinio-lydymosi-ta\u0161ku-3M-TC-su-temperat\u016bros-kontrole.jpg","width":400,"height":400,"caption":"Applicator-glue gun for hot melt glue with standart melting point 3M EC with temp. control for 5\/8\"x2\" sticks"},{"@type":"BreadcrumbList","@id":"https:\/\/tml.lt\/pl\/product\/applicator-glue-gun-for-hot-melt-glue-with-standart-melting-point-3m-ec-with-temp-control-for-5-8x2-sticks\/#breadcrumb","itemListElement":[{"@type":"ListItem","position":1,"name":"\u0413\u043b\u0430\u0432\u043d\u0430\u044f \u0441\u0442\u0440\u0430\u043d\u0438\u0446\u0430","item":"https:\/\/tml.lt\/pl\/"},{"@type":"ListItem","position":2,"name":"Produkcja i rozwi\u0105zania w zakresie znakowania, izolacji, mocowania","item":"https:\/\/tml.lt\/pl\/"},{"@type":"ListItem","position":3,"name":"Applicator-glue gun for hot melt glue with standard melting point 3M EC with temp. control for 5\/8&#8243;x2&#8243; sticks"}]},{"@type":"WebSite","@id":"https:\/\/tml.lt\/pl\/#website","url":"https:\/\/tml.lt\/pl\/","name":"TML","description":"UAB TML-LT","publisher":{"@id":"https:\/\/tml.lt\/pl\/#organization"},"potentialAction":[{"@type":"SearchAction","target":{"@type":"EntryPoint","urlTemplate":"https:\/\/tml.lt\/pl\/?s={search_term_string}"},"query-input":{"@type":"PropertyValueSpecification","valueRequired":true,"valueName":"search_term_string"}}],"inLanguage":"pl-PL"},{"@type":"Organization","@id":"https:\/\/tml.lt\/pl\/#organization","name":"TML","url":"https:\/\/tml.lt\/pl\/","logo":{"@type":"ImageObject","inLanguage":"pl-PL","@id":"https:\/\/tml.lt\/pl\/#\/schema\/logo\/image\/","url":"https:\/\/tml.lt\/pl\/wp-content\/uploads\/2020\/09\/tml-logo-black-4.png","contentUrl":"https:\/\/tml.lt\/pl\/wp-content\/uploads\/2020\/09\/tml-logo-black-4.png","width":470,"height":110,"caption":"TML"},"image":{"@id":"https:\/\/tml.lt\/pl\/#\/schema\/logo\/image\/"}}]}},"amp_enabled":true,"_links":{"self":[{"href":"https:\/\/tml.lt\/pl\/wp-json\/wp\/v2\/product\/6326","targetHints":{"allow":["GET"]}}],"collection":[{"href":"https:\/\/tml.lt\/pl\/wp-json\/wp\/v2\/product"}],"about":[{"href":"https:\/\/tml.lt\/pl\/wp-json\/wp\/v2\/types\/product"}],"wp:featuredmedia":[{"embeddable":true,"href":"https:\/\/tml.lt\/pl\/wp-json\/wp\/v2\/media\/8875"}],"wp:attachment":[{"href":"https:\/\/tml.lt\/pl\/wp-json\/wp\/v2\/media?parent=6326"}],"wp:term":[{"taxonomy":"product_brand","embeddable":true,"href":"https:\/\/tml.lt\/pl\/wp-json\/wp\/v2\/product_brand?post=6326"},{"taxonomy":"product_cat","embeddable":true,"href":"https:\/\/tml.lt\/pl\/wp-json\/wp\/v2\/product_cat?post=6326"},{"taxonomy":"product_tag","embeddable":true,"href":"https:\/\/tml.lt\/pl\/wp-json\/wp\/v2\/product_tag?post=6326"}],"curies":[{"name":"wp","href":"https:\/\/api.w.org\/{rel}","templated":true}]}}