{"id":384,"date":"2017-09-26T09:56:12","date_gmt":"2017-09-26T07:56:12","guid":{"rendered":"\/?page_id=384"},"modified":"2025-07-09T17:44:39","modified_gmt":"2025-07-09T15:44:39","slug":"kontaktnaya-informaciya-i-rekvizity","status":"publish","type":"page","link":"https:\/\/tml.lt\/ru\/kontaktnaya-informaciya-i-rekvizity\/","title":{"rendered":"\u041a\u043e\u043d\u0442\u0430\u043a\u0442\u043d\u0430\u044f \u0438\u043d\u0444\u043e\u0440\u043c\u0430\u0446\u0438\u044f \u0438 \u0440\u0435\u043a\u0432\u0438\u0437\u0438\u0442\u044b"},"content":{"rendered":"<div class=\"blk50\">\n<div class=\"clean\">\n<h3>&#1054;&#1092;&#1080;&#1089;<\/h3>\n<p class=\"lh2\"><span class=\"map\" title=\"&#1040;&#1076;&#1088;&#1077;&#1089;\"><\/span> Bijunu g. 19, LT-66226 Druskininkai, &#1051;&#1080;&#1090;&#1074;&#1072;<br>\n<span class=\"tel\" title=\"&#1058;&#1077;&#1083;&#1077;&#1092;&#1086;&#1085;\"><\/span> <a href=\"tel:+37031341133\">+370 313 41133<\/a><br>\n<span class=\"eml\" title=\"&#1069;&#1083;&#1077;&#1082;&#1090;&#1088;&#1086;&#1085;&#1085;&#1072;&#1103; &#1087;&#1086;&#1095;&#1090;&#1072;\"><\/span><a href=\"mailto:info@tml.lt\">info@tml.lt<\/a><br>\n<span class=\"web\" title=\"&#1042;&#1077;&#1073;-&#1089;&#1072;&#1081;&#1090;\"><\/span><a href=\"\/ru\/\">www.tml.lt<\/a><br>\n<a href=\"https:\/\/www.facebook.com\/tml.lt.uab\/\" target=\"_blank\" rel=\"noopener\"><span class=\"fb\" title=\"Facebook\"><\/span>Facebook<\/a>, <a href=\"https:\/\/www.linkedin.com\/company\/tml-lt\/\" target=\"_blank\" rel=\"noopener\"><span class=\"in\" title=\"LinkedIn\"><\/span>LinkedIn<\/a>, <a href=\"https:\/\/www.youtube.com\/@TMLLT\" target=\"_blank\" rel=\"noopener\"><span class=\"yt\" title=\"Youtube\"><\/span>Youtube<\/a><\/p>\n<p><em>&#1056;&#1077;&#1082;&#1074;&#1080;&#1079;&#1080;&#1090;&#1099;<\/em>:<\/p>\n<table class=\"req\">\n<tr>\n<td width=\"130\">&#1053;&#1072;&#1079;&#1074;&#1072;&#1085;&#1080;&#1077;<\/td>\n<td>UAB &laquo;TML-LT&raquo;<\/td>\n<\/tr>\n<tr>\n<td>&#1050;&#1086;&#1076; &#1087;&#1088;&#1077;&#1076;&#1087;&#1088;&#1080;&#1103;&#1090;&#1080;&#1103;<\/td>\n<td>302758705<\/td>\n<\/tr>\n<tr>\n<td>&#1050;&#1086;&#1076; &#1053;&#1044;&#1057;<\/td>\n<td>LT100007306413<\/td>\n<\/tr>\n<tr>\n<td>&#1041;&#1072;&#1085;&#1082;<\/td>\n<td>Luminor Bank AB<\/td>\n<\/tr>\n<tr>\n<td>&#1053;&#1086;&#1084;&#1077;&#1088; &#1089;&#1095;&#1105;&#1090;&#1072;<\/td>\n<td>LT234010040900678724<\/td>\n<\/tr>\n<tr>\n<td>&#1050;&#1086;&#1076; SWIFT<\/td>\n<td>AGBLLT2X<\/td>\n<\/tr>\n<\/table>\n<h3>&#1057;&#1082;&#1083;&#1072;&#1076; (<a href=\"\/ru\/2024\/07\/11\/vnimanie-pereezd-proizvodstva-i-sklada-tml-lt\/\">&#1085;&#1086;&#1074;&#1099;&#1081; &#1072;&#1076;&#1088;&#1077;&#1089;<\/a>!)<\/h3>\n<p class=\"lh2\"><span class=\"map\" title=\"&#1040;&#1076;&#1088;&#1077;&#1089;\"><\/span> <a href=\"https:\/\/maps.app.goo.gl\/LtvqTZyfmonBzqcA8\" target=\"_blank\" rel=\"noopener noreferrer\">Verp&#279;j&#371; g. 28A, Vie&#269;i&#363;nai, LT-66496 Druskinink&#371; sav.<\/a><br>\n<span class=\"tel\" title=\"&#1058;&#1077;&#1083;&#1077;&#1092;&#1086;&#1085;\"><\/span> <a href=\"tel:+37062091619\">+370 62091619<\/a>\n<\/p>\n<p><em>&#1063;&#1072;&#1089;&#1099; &#1088;&#1072;&#1073;&#1086;&#1090;&#1099; &#1089;&#1082;&#1083;&#1072;&#1076;&#1072;<\/em>:<\/p>\n<table>\n<tr title=\"&#1054;&#1090;&#1082;&#1088;&#1099;&#1090;&#1086;\">\n<td width=\"50\">&#1055;&#1053;-&#1063;&#1058;<\/td>\n<td width=\"20\"><span class=\"do\" title=\"&#1054;&#1090;&#1082;&#1088;&#1099;&#1090;&#1086;\"><\/span><\/td>\n<td>&#1089; 8 &#1076;&#1086; 16<\/td>\n<\/tr>\n<tr title=\"&#1054;&#1090;&#1082;&#1088;&#1099;&#1090;&#1086;\">\n<td>&#1055;&#1058;<\/td>\n<td width=\"20\"><span class=\"do\" title=\"&#1054;&#1090;&#1082;&#1088;&#1099;&#1090;&#1086;\"><\/span><\/td>\n<td>&#1089; 8 &#1076;&#1086; 15<\/td>\n<\/tr>\n<tr title=\"&#1047;&#1072;&#1082;&#1088;&#1099;&#1090;&#1086;\">\n<td>&#1057;&#1041;-&#1042;&#1057;<\/td>\n<td><span class=\"dc\" title=\"&#1047;&#1072;&#1082;&#1088;&#1099;&#1090;&#1086;\"><\/span><\/td>\n<td>&#1074;&#1099;&#1093;&#1086;&#1076;&#1085;&#1086;&#1081;<\/td>\n<\/tr>\n<\/table>\n<\/div>\n<div id=\"request\" class=\"clean\">\n\t\n<div class=\"wpcf7 no-js\" id=\"wpcf7-f4-o1\" lang=\"ru-RU\" dir=\"ltr\">\n<div class=\"screen-reader-response\"><p role=\"status\" aria-live=\"polite\" aria-atomic=\"true\"><\/p> <ul><\/ul><\/div>\n<form action=\"\/ru\/wp-json\/wp\/v2\/pages\/384#wpcf7-f4-o1\" method=\"post\" class=\"wpcf7-form init\" aria-label=\"&#1050;&#1086;&#1085;&#1090;&#1072;&#1082;&#1090;&#1085;&#1072;&#1103; &#1092;&#1086;&#1088;&#1084;&#1072;\" enctype=\"multipart\/form-data\" novalidate=\"novalidate\" data-status=\"init\">\n<div style=\"display: none;\">\n<input type=\"hidden\" name=\"_wpcf7\" value=\"4\">\n<input type=\"hidden\" name=\"_wpcf7_version\" value=\"5.8.6\">\n<input type=\"hidden\" name=\"_wpcf7_locale\" value=\"ru_RU\">\n<input type=\"hidden\" name=\"_wpcf7_unit_tag\" value=\"wpcf7-f4-o1\">\n<input type=\"hidden\" name=\"_wpcf7_container_post\" value=\"0\">\n<input type=\"hidden\" name=\"_wpcf7_posted_data_hash\" value=\"\">\n<input type=\"hidden\" name=\"_wpcf7_recaptcha_response\" value=\"\">\n<\/div>\n<h4>&#1060;&#1086;&#1088;&#1084;&#1072; &#1079;&#1072;&#1087;&#1088;&#1086;&#1089;&#1072;\n<\/h4>\n<div style=\"width:100%;\" class=\"clean\">\n\t<p><label class=\"callback\"><span class=\"fieldname\"><span style=\"color:red;\">*<\/span> &#1057;&#1086;&#1086;&#1073;&#1097;&#1077;&#1085;&#1080;&#1077;<\/span><span class=\"wpcf7-form-control-wrap\" data-name=\"ymessage\"><textarea cols=\"90\" rows=\"2\" class=\"wpcf7-form-control wpcf7-textarea wpcf7-validates-as-required\" aria-required=\"true\" aria-invalid=\"false\" placeholder=\"&#1042;&#1072;&#1096;&#1077; &#1089;&#1086;&#1086;&#1073;&#1097;&#1077;&#1085;&#1080;&#1077;\" name=\"ymessage\"><\/textarea><\/span><\/label><br>\n<label class=\"callback\"><span class=\"fieldname\"><span style=\"color:red;\">*<\/span> &#1060;&#1048;&#1054;<\/span><span class=\"wpcf7-form-control-wrap\" data-name=\"yname\"><input size=\"25\" class=\"wpcf7-form-control wpcf7-text wpcf7-validates-as-required\" aria-required=\"true\" aria-invalid=\"false\" placeholder=\"&#1050;&#1072;&#1082; &#1042;&#1072;&#1089; &#1079;&#1086;&#1074;&#1091;&#1090;?\" value=\"\" type=\"text\" name=\"yname\"><\/span><\/label><br>\n<label class=\"callback\"><span class=\"fieldname\"><span style=\"color:red;\">*<\/span> E-mail<\/span><span class=\"wpcf7-form-control-wrap\" data-name=\"yemail\"><input size=\"40\" class=\"wpcf7-form-control wpcf7-email wpcf7-validates-as-required wpcf7-text wpcf7-validates-as-email\" aria-required=\"true\" aria-invalid=\"false\" placeholder=\"&#1040;&#1076;&#1088;&#1077;&#1089; &#1101;&#1083;&#1077;&#1082;&#1090;&#1088;&#1086;&#1087;&#1086;&#1095;&#1090;&#1099;\" value=\"\" type=\"email\" name=\"yemail\"><\/span><\/label><br>\n<label class=\"callback\"><span class=\"fieldname\"><span style=\"color:red;\">*<\/span> &#1058;&#1077;&#1083;&#1077;&#1092;&#1086;&#1085;<\/span><span class=\"wpcf7-form-control-wrap\" data-name=\"yphone\"><input size=\"25\" class=\"wpcf7-form-control wpcf7-text wpcf7-validates-as-required\" aria-required=\"true\" aria-invalid=\"false\" placeholder=\"&#1085;&#1086;&#1084;&#1077;&#1088; &#1090;&#1077;&#1083;&#1077;&#1092;&#1086;&#1085;&#1072; &#1089; &#1087;&#1088;&#1077;&#1092;&#1080;&#1082;&#1089;&#1086;&#1084;\" value=\"\" type=\"text\" name=\"yphone\"><\/span><\/label>\n\t<\/p>\n\t<div class=\"file clean\">\n\t\t<p><label class=\"callback\"><\/label>\n\t\t<\/p>\n\t\t<div class=\"tooltip clean\">\n\t\t\t<p>?<span class=\"tooltiptext\">&#1052;&#1072;&#1082;&#1089;&#1080;&#1084;&#1072;&#1083;&#1100;&#1085;&#1099;&#1081; &#1088;&#1072;&#1079;&#1084;&#1077;&#1088; &#1092;&#1072;&#1081;&#1083;&#1072; 10 &#1052;&#1073;<br>\n&#1044;&#1086;&#1087;&#1091;&#1089;&#1090;&#1080;&#1084;&#1099;&#1077; &#1088;&#1072;&#1089;&#1096;&#1080;&#1088;&#1077;&#1085;&#1080;&#1103;: .doc .docx .cdr .ai .eps .pdf .tiff .psd .jpg .jpeg .gif .bmp .png<\/span>\n\t\t\t<\/p>\n\t\t<\/div>\n\t\t<div class=\"clean\" style=\"display:flex;\">\n\t\t\t<p>&#1061;&#1086;&#1090;&#1080;&#1090;&#1077; &#1086;&#1090;&#1087;&#1088;&#1072;&#1074;&#1080;&#1090;&#1100; &#1092;&#1072;&#1081;&#1083;?\n\t\t\t<\/p>\n\t\t<\/div>\n\t\t<p><span class=\"wpcf7-form-control-wrap\" data-name=\"yattachment\"><input size=\"40\" class=\"wpcf7-form-control wpcf7-file\" accept=\".doc,.docx,.cdr,.ai,.eps,.pdf,.tiff,.psd,.jpg,.jpeg,.gif,.bmp,.png\" aria-invalid=\"false\" type=\"file\" name=\"yattachment\"><\/span>\n\t\t<\/p>\n\t<\/div>\n\n\t<div class=\"clean\">\n\t\t<p><input class=\"wpcf7-form-control wpcf7-submit has-spinner contact\" type=\"submit\" value=\"&#1054;&#1090;&#1087;&#1088;&#1072;&#1074;&#1080;&#1090;&#1100; coo&#1073;&#1097;&#1077;&#1085;&#1080;&#1077;\">\n\t\t<\/p>\n\t<\/div>\n<\/div><div class=\"wpcf7-response-output\" aria-hidden=\"true\"><\/div>\n<\/form>\n<\/div>\n\n<\/div>\n<\/div>\n<div class=\"blk100\">\n<div class=\"clean\">\n<h4>&#1056;&#1072;&#1089;&#1087;&#1086;&#1083;&#1086;&#1078;&#1077;&#1085;&#1080;&#1077; &#1089;&#1082;&#1083;&#1072;&#1076;&#1072;<\/h4>\n<p><iframe loading=\"lazy\" class=\"contact\" src=\"https:\/\/www.google.com\/maps\/embed?pb=!1m18!1m12!1m3!1d2341.7785160078142!2d24.04886345371578!3d54.05993597309979!2m3!1f0!2f0!3f0!3m2!1i1024!2i768!4f13.1!3m3!1m2!1s0x46e09ec755163295%3A0x36f69569877e08d1!2zVmVycMSXasWzIGcuIDI4QSwgVmllxI1pxatuYWksIDY2NDk2IERydXNraW5pbmvFsyBzYXYu!5e0!3m2!1slt!2slt!4v1719911234857!5m2!1slt!2slt\" width=\"100%\" height=\"350\" frameborder=\"0\" allowfullscreen=\"1\"><\/iframe>\n<\/p><\/div>\n<\/div>\n","protected":false},"excerpt":{"rendered":"<p>\u041e\u0444\u0438\u0441 Bijunu g. 19, LT-66226 Druskininkai, \u041b\u0438\u0442\u0432\u0430 +370 313 41133 info@tml.lt www.tml.lt Facebook, LinkedIn, Youtube \u0420\u0435\u043a\u0432\u0438\u0437\u0438\u0442\u044b: \u041d\u0430\u0437\u0432\u0430\u043d\u0438\u0435 UAB &laquo;TML-LT&raquo; \u041a\u043e\u0434 \u043f\u0440\u0435\u0434\u043f\u0440\u0438\u044f\u0442\u0438\u044f 302758705 \u041a\u043e\u0434 \u041d\u0414\u0421 LT100007306413 \u0411\u0430\u043d\u043a Luminor Bank AB \u041d\u043e\u043c\u0435\u0440 \u0441\u0447\u0451\u0442\u0430 LT234010040900678724 \u041a\u043e\u0434 SWIFT AGBLLT2X \u0421\u043a\u043b\u0430\u0434 (\u043d\u043e\u0432\u044b\u0439 \u0430\u0434\u0440\u0435\u0441!) Verp\u0117j\u0173 g. 28A, Vie\u010di\u016bnai, LT-66496 Druskinink\u0173 sav. +370 62091619 \u0427\u0430\u0441\u044b \u0440\u0430\u0431\u043e\u0442\u044b \u0441\u043a\u043b\u0430\u0434\u0430: \u041f\u041d-\u0427\u0422 \u0441 8 \u0434\u043e 16 [&hellip;]<\/p>\n","protected":false},"author":2,"featured_media":0,"parent":0,"menu_order":0,"comment_status":"closed","ping_status":"closed","template":"","meta":[],"yoast_head":"<!-- This site is optimized with the Yoast SEO plugin v21.8.1 - https:\/\/yoast.com\/wordpress\/plugins\/seo\/ -->\n<title>\u041a\u043e\u043d\u0442\u0430\u043a\u0442\u043d\u0430\u044f \u0438\u043d\u0444\u043e\u0440\u043c\u0430\u0446\u0438\u044f \u0438 \u0440\u0435\u043a\u0432\u0438\u0437\u0438\u0442\u044b UAB \u00abTML-LT\u00bb | TML<\/title>\n<meta name=\"description\" content=\"UAB \u00abTML-LT\u00bb. \u041a\u043e\u0434 \u043f\u0440\u0435\u0434\u043f\u0440\u0438\u044f\u0442\u0438\u044f 302758705, \u041d\u0414\u0421 LT100007306413. \u0410\u0434\u0440\u0435\u0441 Bijunu g. 19, LT-66226 Druskininkai, \u041b\u0438\u0442\u0432\u0430. \u0422\u0435\u043b: +370 313 41133, info@tml.lt, www.tml.lt, \u0411\u0430\u043d\u043a\u043e\u0432\u0441\u043a\u0438\u0439 \u0441\u0447\u0451\u0442: LT234010040900678724, \u0411\u0430\u043d\u043a: Luminor Bank AB, SWIFT: AGBLLT2X\" \/>\n<meta name=\"robots\" content=\"index, follow, max-snippet:-1, max-image-preview:large, max-video-preview:-1\" \/>\n<link rel=\"canonical\" href=\"https:\/\/tml.lt\/ru\/kontaktnaya-informaciya-i-rekvizity\/\" \/>\n<meta property=\"og:locale\" content=\"ru_RU\" \/>\n<meta property=\"og:type\" content=\"article\" \/>\n<meta property=\"og:title\" content=\"\u041a\u043e\u043d\u0442\u0430\u043a\u0442\u043d\u0430\u044f \u0438\u043d\u0444\u043e\u0440\u043c\u0430\u0446\u0438\u044f \u0438 \u0440\u0435\u043a\u0432\u0438\u0437\u0438\u0442\u044b UAB \u00abTML-LT\u00bb | TML\" \/>\n<meta property=\"og:description\" content=\"UAB \u00abTML-LT\u00bb. \u041a\u043e\u0434 \u043f\u0440\u0435\u0434\u043f\u0440\u0438\u044f\u0442\u0438\u044f 302758705, \u041d\u0414\u0421 LT100007306413. \u0410\u0434\u0440\u0435\u0441 Bijunu g. 19, LT-66226 Druskininkai, \u041b\u0438\u0442\u0432\u0430. \u0422\u0435\u043b: +370 313 41133, info@tml.lt, www.tml.lt, \u0411\u0430\u043d\u043a\u043e\u0432\u0441\u043a\u0438\u0439 \u0441\u0447\u0451\u0442: LT234010040900678724, \u0411\u0430\u043d\u043a: Luminor Bank AB, SWIFT: AGBLLT2X\" \/>\n<meta property=\"og:url\" content=\"https:\/\/tml.lt\/ru\/kontaktnaya-informaciya-i-rekvizity\/\" \/>\n<meta property=\"og:site_name\" content=\"TML\" \/>\n<meta property=\"article:modified_time\" content=\"2025-07-09T15:44:39+00:00\" \/>\n<meta name=\"twitter:card\" content=\"summary_large_image\" \/>\n<script type=\"application\/ld+json\" class=\"yoast-schema-graph\">{\"@context\":\"https:\/\/schema.org\",\"@graph\":[{\"@type\":\"WebPage\",\"@id\":\"https:\/\/tml.lt\/ru\/kontaktnaya-informaciya-i-rekvizity\/\",\"url\":\"https:\/\/tml.lt\/ru\/kontaktnaya-informaciya-i-rekvizity\/\",\"name\":\"\u041a\u043e\u043d\u0442\u0430\u043a\u0442\u043d\u0430\u044f \u0438\u043d\u0444\u043e\u0440\u043c\u0430\u0446\u0438\u044f \u0438 \u0440\u0435\u043a\u0432\u0438\u0437\u0438\u0442\u044b UAB \u00abTML-LT\u00bb | TML\",\"isPartOf\":{\"@id\":\"https:\/\/tml.lt\/ru\/#website\"},\"datePublished\":\"2017-09-26T07:56:12+00:00\",\"dateModified\":\"2025-07-09T15:44:39+00:00\",\"description\":\"UAB \u00abTML-LT\u00bb. \u041a\u043e\u0434 \u043f\u0440\u0435\u0434\u043f\u0440\u0438\u044f\u0442\u0438\u044f 302758705, \u041d\u0414\u0421 LT100007306413. \u0410\u0434\u0440\u0435\u0441 Bijunu g. 19, LT-66226 Druskininkai, \u041b\u0438\u0442\u0432\u0430. \u0422\u0435\u043b: +370 313 41133, info@tml.lt, www.tml.lt, \u0411\u0430\u043d\u043a\u043e\u0432\u0441\u043a\u0438\u0439 \u0441\u0447\u0451\u0442: LT234010040900678724, \u0411\u0430\u043d\u043a: Luminor Bank AB, SWIFT: AGBLLT2X\",\"breadcrumb\":{\"@id\":\"https:\/\/tml.lt\/ru\/kontaktnaya-informaciya-i-rekvizity\/#breadcrumb\"},\"inLanguage\":\"ru-RU\",\"potentialAction\":[{\"@type\":\"ReadAction\",\"target\":[\"https:\/\/tml.lt\/ru\/kontaktnaya-informaciya-i-rekvizity\/\"]}]},{\"@type\":\"BreadcrumbList\",\"@id\":\"https:\/\/tml.lt\/ru\/kontaktnaya-informaciya-i-rekvizity\/#breadcrumb\",\"itemListElement\":[{\"@type\":\"ListItem\",\"position\":1,\"name\":\"\u0413\u043b\u0430\u0432\u043d\u0430\u044f \u0441\u0442\u0440\u0430\u043d\u0438\u0446\u0430\",\"item\":\"https:\/\/tml.lt\/ru\/\"},{\"@type\":\"ListItem\",\"position\":2,\"name\":\"\u041a\u043e\u043d\u0442\u0430\u043a\u0442\u043d\u0430\u044f \u0438\u043d\u0444\u043e\u0440\u043c\u0430\u0446\u0438\u044f \u0438 \u0440\u0435\u043a\u0432\u0438\u0437\u0438\u0442\u044b\"}]},{\"@type\":\"WebSite\",\"@id\":\"https:\/\/tml.lt\/ru\/#website\",\"url\":\"https:\/\/tml.lt\/ru\/\",\"name\":\"TML\",\"description\":\"UAB TML-LT\",\"publisher\":{\"@id\":\"https:\/\/tml.lt\/ru\/#organization\"},\"potentialAction\":[{\"@type\":\"SearchAction\",\"target\":{\"@type\":\"EntryPoint\",\"urlTemplate\":\"https:\/\/tml.lt\/ru\/?s={search_term_string}\"},\"query-input\":\"required name=search_term_string\"}],\"inLanguage\":\"ru-RU\"},{\"@type\":\"Organization\",\"@id\":\"https:\/\/tml.lt\/ru\/#organization\",\"name\":\"TML\",\"url\":\"https:\/\/tml.lt\/ru\/\",\"logo\":{\"@type\":\"ImageObject\",\"inLanguage\":\"ru-RU\",\"@id\":\"https:\/\/tml.lt\/ru\/#\/schema\/logo\/image\/\",\"url\":\"https:\/\/tml.lt\/ru\/wp-content\/uploads\/2020\/09\/tml-logo-black-4.png\",\"contentUrl\":\"https:\/\/tml.lt\/ru\/wp-content\/uploads\/2020\/09\/tml-logo-black-4.png\",\"width\":470,\"height\":110,\"caption\":\"TML\"},\"image\":{\"@id\":\"https:\/\/tml.lt\/ru\/#\/schema\/logo\/image\/\"}}]}<\/script>\n<!-- \/ Yoast SEO plugin. -->","yoast_head_json":{"title":"\u041a\u043e\u043d\u0442\u0430\u043a\u0442\u043d\u0430\u044f \u0438\u043d\u0444\u043e\u0440\u043c\u0430\u0446\u0438\u044f \u0438 \u0440\u0435\u043a\u0432\u0438\u0437\u0438\u0442\u044b UAB \u00abTML-LT\u00bb | TML","description":"UAB \u00abTML-LT\u00bb. \u041a\u043e\u0434 \u043f\u0440\u0435\u0434\u043f\u0440\u0438\u044f\u0442\u0438\u044f 302758705, \u041d\u0414\u0421 LT100007306413. \u0410\u0434\u0440\u0435\u0441 Bijunu g. 19, LT-66226 Druskininkai, \u041b\u0438\u0442\u0432\u0430. \u0422\u0435\u043b: +370 313 41133, info@tml.lt, www.tml.lt, \u0411\u0430\u043d\u043a\u043e\u0432\u0441\u043a\u0438\u0439 \u0441\u0447\u0451\u0442: LT234010040900678724, \u0411\u0430\u043d\u043a: Luminor Bank AB, SWIFT: AGBLLT2X","robots":{"index":"index","follow":"follow","max-snippet":"max-snippet:-1","max-image-preview":"max-image-preview:large","max-video-preview":"max-video-preview:-1"},"canonical":"https:\/\/tml.lt\/ru\/kontaktnaya-informaciya-i-rekvizity\/","og_locale":"ru_RU","og_type":"article","og_title":"\u041a\u043e\u043d\u0442\u0430\u043a\u0442\u043d\u0430\u044f \u0438\u043d\u0444\u043e\u0440\u043c\u0430\u0446\u0438\u044f \u0438 \u0440\u0435\u043a\u0432\u0438\u0437\u0438\u0442\u044b UAB \u00abTML-LT\u00bb | TML","og_description":"UAB \u00abTML-LT\u00bb. \u041a\u043e\u0434 \u043f\u0440\u0435\u0434\u043f\u0440\u0438\u044f\u0442\u0438\u044f 302758705, \u041d\u0414\u0421 LT100007306413. \u0410\u0434\u0440\u0435\u0441 Bijunu g. 19, LT-66226 Druskininkai, \u041b\u0438\u0442\u0432\u0430. \u0422\u0435\u043b: +370 313 41133, info@tml.lt, www.tml.lt, \u0411\u0430\u043d\u043a\u043e\u0432\u0441\u043a\u0438\u0439 \u0441\u0447\u0451\u0442: LT234010040900678724, \u0411\u0430\u043d\u043a: Luminor Bank AB, SWIFT: AGBLLT2X","og_url":"https:\/\/tml.lt\/ru\/kontaktnaya-informaciya-i-rekvizity\/","og_site_name":"TML","article_modified_time":"2025-07-09T15:44:39+00:00","twitter_card":"summary_large_image","schema":{"@context":"https:\/\/schema.org","@graph":[{"@type":"WebPage","@id":"https:\/\/tml.lt\/ru\/kontaktnaya-informaciya-i-rekvizity\/","url":"https:\/\/tml.lt\/ru\/kontaktnaya-informaciya-i-rekvizity\/","name":"\u041a\u043e\u043d\u0442\u0430\u043a\u0442\u043d\u0430\u044f \u0438\u043d\u0444\u043e\u0440\u043c\u0430\u0446\u0438\u044f \u0438 \u0440\u0435\u043a\u0432\u0438\u0437\u0438\u0442\u044b UAB \u00abTML-LT\u00bb | TML","isPartOf":{"@id":"https:\/\/tml.lt\/ru\/#website"},"datePublished":"2017-09-26T07:56:12+00:00","dateModified":"2025-07-09T15:44:39+00:00","description":"UAB \u00abTML-LT\u00bb. \u041a\u043e\u0434 \u043f\u0440\u0435\u0434\u043f\u0440\u0438\u044f\u0442\u0438\u044f 302758705, \u041d\u0414\u0421 LT100007306413. \u0410\u0434\u0440\u0435\u0441 Bijunu g. 19, LT-66226 Druskininkai, \u041b\u0438\u0442\u0432\u0430. \u0422\u0435\u043b: +370 313 41133, info@tml.lt, www.tml.lt, \u0411\u0430\u043d\u043a\u043e\u0432\u0441\u043a\u0438\u0439 \u0441\u0447\u0451\u0442: LT234010040900678724, \u0411\u0430\u043d\u043a: Luminor Bank AB, SWIFT: AGBLLT2X","breadcrumb":{"@id":"https:\/\/tml.lt\/ru\/kontaktnaya-informaciya-i-rekvizity\/#breadcrumb"},"inLanguage":"ru-RU","potentialAction":[{"@type":"ReadAction","target":["https:\/\/tml.lt\/ru\/kontaktnaya-informaciya-i-rekvizity\/"]}]},{"@type":"BreadcrumbList","@id":"https:\/\/tml.lt\/ru\/kontaktnaya-informaciya-i-rekvizity\/#breadcrumb","itemListElement":[{"@type":"ListItem","position":1,"name":"\u0413\u043b\u0430\u0432\u043d\u0430\u044f \u0441\u0442\u0440\u0430\u043d\u0438\u0446\u0430","item":"https:\/\/tml.lt\/ru\/"},{"@type":"ListItem","position":2,"name":"\u041a\u043e\u043d\u0442\u0430\u043a\u0442\u043d\u0430\u044f \u0438\u043d\u0444\u043e\u0440\u043c\u0430\u0446\u0438\u044f \u0438 \u0440\u0435\u043a\u0432\u0438\u0437\u0438\u0442\u044b"}]},{"@type":"WebSite","@id":"https:\/\/tml.lt\/ru\/#website","url":"https:\/\/tml.lt\/ru\/","name":"TML","description":"UAB TML-LT","publisher":{"@id":"https:\/\/tml.lt\/ru\/#organization"},"potentialAction":[{"@type":"SearchAction","target":{"@type":"EntryPoint","urlTemplate":"https:\/\/tml.lt\/ru\/?s={search_term_string}"},"query-input":"required name=search_term_string"}],"inLanguage":"ru-RU"},{"@type":"Organization","@id":"https:\/\/tml.lt\/ru\/#organization","name":"TML","url":"https:\/\/tml.lt\/ru\/","logo":{"@type":"ImageObject","inLanguage":"ru-RU","@id":"https:\/\/tml.lt\/ru\/#\/schema\/logo\/image\/","url":"https:\/\/tml.lt\/ru\/wp-content\/uploads\/2020\/09\/tml-logo-black-4.png","contentUrl":"https:\/\/tml.lt\/ru\/wp-content\/uploads\/2020\/09\/tml-logo-black-4.png","width":470,"height":110,"caption":"TML"},"image":{"@id":"https:\/\/tml.lt\/ru\/#\/schema\/logo\/image\/"}}]}},"amp_enabled":true,"_links":{"self":[{"href":"https:\/\/tml.lt\/ru\/wp-json\/wp\/v2\/pages\/384"}],"collection":[{"href":"https:\/\/tml.lt\/ru\/wp-json\/wp\/v2\/pages"}],"about":[{"href":"https:\/\/tml.lt\/ru\/wp-json\/wp\/v2\/types\/page"}],"author":[{"embeddable":true,"href":"https:\/\/tml.lt\/ru\/wp-json\/wp\/v2\/users\/2"}],"replies":[{"embeddable":true,"href":"https:\/\/tml.lt\/ru\/wp-json\/wp\/v2\/comments?post=384"}],"version-history":[{"count":0,"href":"https:\/\/tml.lt\/ru\/wp-json\/wp\/v2\/pages\/384\/revisions"}],"wp:attachment":[{"href":"https:\/\/tml.lt\/ru\/wp-json\/wp\/v2\/media?parent=384"}],"curies":[{"name":"wp","href":"https:\/\/api.w.org\/{rel}","templated":true}]}}