{"id":6321,"date":"2018-02-19T15:44:54","date_gmt":"2018-02-19T13:44:54","guid":{"rendered":"\/?post_type=product&#038;p=6321"},"modified":"2024-10-17T16:35:10","modified_gmt":"2024-10-17T14:35:10","slug":"termoplavkij-klej-3m-scotch-weld-3762-c-nizkoj-t-plavlenija-sterzhni-tc-quardrack-5-8x8-d15-9h203mm-5kg","status":"publish","type":"product","link":"https:\/\/tml.lt\/ru\/product\/termoplavkij-klej-3m-scotch-weld-3762-c-nizkoj-t-plavlenija-sterzhni-tc-quardrack-5-8x8-d15-9h203mm-5kg\/","title":{"rendered":"\u0422\u0435\u0440\u043c\u043e\u043f\u043b\u0430\u0432\u043a\u0438\u0439 \u043a\u043b\u0435\u0439 3M Scotch-Weld 3762 LMQ C \u043d\u0438\u0437\u043a\u043e\u0439 \u0422 \u043f\u043b\u0430\u0432\u043b\u0435\u043d\u0438\u044f, \u0441\u0442\u0435\u0440\u0436\u043d\u0438 TC Quardrack 5\/8&#8243;x8&#8243; (D15.9\u0445203\u043c\u043c), 5\u043a\u0433."},"content":{"rendered":"","protected":false},"excerpt":{"rendered":"<p>\u0422\u0435\u0440\u043c\u043e\u043f\u043b\u0430\u0432\u043a\u0438\u0439 \u043a\u043b\u0435\u0439 3M Scotch-Weld 3762 LMQ C \u043d\u0438\u0437\u043a\u043e\u0439 \u0422 \u043f\u043b\u0430\u0432\u043b\u0435\u043d\u0438\u044f, \u0441\u0442\u0435\u0440\u0436\u043d\u0438 TC Quardrack 5\/8&#8243;x8&#8243; (D15.9\u0445203\u043c\u043c), 5\u043a\u0433.<\/p>\n","protected":false},"featured_media":8775,"template":"","meta":[],"product_cat":[1022,1018],"product_tag":[],"yoast_head":"<!-- This site is optimized with the Yoast SEO plugin v21.8.1 - https:\/\/yoast.com\/wordpress\/plugins\/seo\/ -->\n<title>\u0422\u0435\u0440\u043c\u043e\u043f\u043b\u0430\u0432\u043a\u0438\u0439 \u043a\u043b\u0435\u0439 3M Scotch-Weld 3762 LMQ C \u043d\u0438\u0437\u043a\u043e\u0439 \u0422 \u043f\u043b\u0430\u0432\u043b\u0435\u043d\u0438\u044f, \u0441\u0442\u0435\u0440\u0436\u043d\u0438 TC Quardrack 5\/8&quot;x8&quot; (D15.9\u0445203\u043c\u043c), 5\u043a\u0433. | TML<\/title>\n<meta name=\"description\" content=\"\u0422\u0435\u0440\u043c\u043e\u043f\u043b\u0430\u0432\u043a\u0438\u0439 \u043a\u043b\u0435\u0439 3M Scotch-Weld 3762 LMQ C \u043d\u0438\u0437\u043a\u043e\u0439 \u0422 \u043f\u043b\u0430\u0432\u043b\u0435\u043d\u0438\u044f, \u0441\u0442\u0435\u0440\u0436\u043d\u0438 TC Quardrack 5\/8&quot;x8&quot; (D15.9\u0445203\u043c\u043c), 5\u043a\u0433. | TML\" \/>\n<meta name=\"robots\" content=\"index, follow, max-snippet:-1, max-image-preview:large, max-video-preview:-1\" \/>\n<link rel=\"canonical\" href=\"https:\/\/tml.lt\/ru\/product\/termoplavkij-klej-3m-scotch-weld-3762-c-nizkoj-t-plavlenija-sterzhni-tc-quardrack-5-8x8-d15-9h203mm-5kg\/\" \/>\n<meta property=\"og:locale\" content=\"ru_RU\" \/>\n<meta property=\"og:type\" content=\"article\" \/>\n<meta property=\"og:title\" content=\"\u0422\u0435\u0440\u043c\u043e\u043f\u043b\u0430\u0432\u043a\u0438\u0439 \u043a\u043b\u0435\u0439 3M Scotch-Weld 3762 LMQ C \u043d\u0438\u0437\u043a\u043e\u0439 \u0422 \u043f\u043b\u0430\u0432\u043b\u0435\u043d\u0438\u044f, \u0441\u0442\u0435\u0440\u0436\u043d\u0438 TC Quardrack 5\/8&quot;x8&quot; (D15.9\u0445203\u043c\u043c), 5\u043a\u0433. | TML\" \/>\n<meta property=\"og:description\" content=\"\u0422\u0435\u0440\u043c\u043e\u043f\u043b\u0430\u0432\u043a\u0438\u0439 \u043a\u043b\u0435\u0439 3M Scotch-Weld 3762 LMQ C \u043d\u0438\u0437\u043a\u043e\u0439 \u0422 \u043f\u043b\u0430\u0432\u043b\u0435\u043d\u0438\u044f, \u0441\u0442\u0435\u0440\u0436\u043d\u0438 TC Quardrack 5\/8&quot;x8&quot; (D15.9\u0445203\u043c\u043c), 5\u043a\u0433. | TML\" \/>\n<meta property=\"og:url\" content=\"https:\/\/tml.lt\/ru\/product\/termoplavkij-klej-3m-scotch-weld-3762-c-nizkoj-t-plavlenija-sterzhni-tc-quardrack-5-8x8-d15-9h203mm-5kg\/\" \/>\n<meta property=\"og:site_name\" content=\"TML\" \/>\n<meta property=\"article:modified_time\" content=\"2024-10-17T14:35:10+00:00\" \/>\n<meta property=\"og:image\" content=\"https:\/\/tml.lt\/ru\/wp-content\/uploads\/2018\/02\/Kar\u0161to-lydymo-klijai-3M-Scotch-Weld-3762-su-\u017eemo-lydymosi-ta\u0161ku-lazdel\u0117s-TC-Quadrack.jpg\" \/>\n\t<meta property=\"og:image:width\" content=\"800\" \/>\n\t<meta property=\"og:image:height\" content=\"800\" \/>\n\t<meta property=\"og:image:type\" content=\"image\/jpeg\" \/>\n<meta name=\"twitter:card\" content=\"summary_large_image\" \/>\n<script type=\"application\/ld+json\" class=\"yoast-schema-graph\">{\"@context\":\"https:\/\/schema.org\",\"@graph\":[{\"@type\":\"WebPage\",\"@id\":\"https:\/\/tml.lt\/ru\/product\/termoplavkij-klej-3m-scotch-weld-3762-c-nizkoj-t-plavlenija-sterzhni-tc-quardrack-5-8x8-d15-9h203mm-5kg\/\",\"url\":\"https:\/\/tml.lt\/ru\/product\/termoplavkij-klej-3m-scotch-weld-3762-c-nizkoj-t-plavlenija-sterzhni-tc-quardrack-5-8x8-d15-9h203mm-5kg\/\",\"name\":\"\u0422\u0435\u0440\u043c\u043e\u043f\u043b\u0430\u0432\u043a\u0438\u0439 \u043a\u043b\u0435\u0439 3M Scotch-Weld 3762 LMQ C \u043d\u0438\u0437\u043a\u043e\u0439 \u0422 \u043f\u043b\u0430\u0432\u043b\u0435\u043d\u0438\u044f, \u0441\u0442\u0435\u0440\u0436\u043d\u0438 TC Quardrack 5\/8\\\"x8\\\" (D15.9\u0445203\u043c\u043c), 5\u043a\u0433. | TML\",\"isPartOf\":{\"@id\":\"https:\/\/tml.lt\/ru\/#website\"},\"datePublished\":\"2018-02-19T13:44:54+00:00\",\"dateModified\":\"2024-10-17T14:35:10+00:00\",\"description\":\"\u0422\u0435\u0440\u043c\u043e\u043f\u043b\u0430\u0432\u043a\u0438\u0439 \u043a\u043b\u0435\u0439 3M Scotch-Weld 3762 LMQ C \u043d\u0438\u0437\u043a\u043e\u0439 \u0422 \u043f\u043b\u0430\u0432\u043b\u0435\u043d\u0438\u044f, \u0441\u0442\u0435\u0440\u0436\u043d\u0438 TC Quardrack 5\/8\\\"x8\\\" (D15.9\u0445203\u043c\u043c), 5\u043a\u0433. | TML\",\"breadcrumb\":{\"@id\":\"https:\/\/tml.lt\/ru\/product\/termoplavkij-klej-3m-scotch-weld-3762-c-nizkoj-t-plavlenija-sterzhni-tc-quardrack-5-8x8-d15-9h203mm-5kg\/#breadcrumb\"},\"inLanguage\":\"ru-RU\",\"potentialAction\":[{\"@type\":\"ReadAction\",\"target\":[\"https:\/\/tml.lt\/ru\/product\/termoplavkij-klej-3m-scotch-weld-3762-c-nizkoj-t-plavlenija-sterzhni-tc-quardrack-5-8x8-d15-9h203mm-5kg\/\"]}]},{\"@type\":\"BreadcrumbList\",\"@id\":\"https:\/\/tml.lt\/ru\/product\/termoplavkij-klej-3m-scotch-weld-3762-c-nizkoj-t-plavlenija-sterzhni-tc-quardrack-5-8x8-d15-9h203mm-5kg\/#breadcrumb\",\"itemListElement\":[{\"@type\":\"ListItem\",\"position\":1,\"name\":\"\u0413\u043b\u0430\u0432\u043d\u0430\u044f \u0441\u0442\u0440\u0430\u043d\u0438\u0446\u0430\",\"item\":\"https:\/\/tml.lt\/ru\/\"},{\"@type\":\"ListItem\",\"position\":2,\"name\":\"UAB &laquo;TML-LT&raquo; &mdash; \u043f\u0440\u043e\u0438\u0437\u0432\u043e\u0434\u0441\u0442\u0432\u043e \u0438 \u043f\u043e\u0441\u0442\u0430\u0432\u043a\u0430 \u0440\u0435\u0448\u0435\u043d\u0438\u0439 \u0434\u043b\u044f \u043c\u0430\u0440\u043a\u0438\u0440\u043e\u0432\u043a\u0438, \u0438\u0437\u043e\u043b\u044f\u0446\u0438\u0438, \u043a\u0440\u0435\u043f\u043b\u0435\u043d\u0438\u044f\",\"item\":\"https:\/\/tml.lt\/ru\/\"},{\"@type\":\"ListItem\",\"position\":3,\"name\":\"\u0422\u0435\u0440\u043c\u043e\u043f\u043b\u0430\u0432\u043a\u0438\u0439 \u043a\u043b\u0435\u0439 3M Scotch-Weld 3762 LMQ C \u043d\u0438\u0437\u043a\u043e\u0439 \u0422 \u043f\u043b\u0430\u0432\u043b\u0435\u043d\u0438\u044f, \u0441\u0442\u0435\u0440\u0436\u043d\u0438 TC Quardrack 5\/8&#8243;x8&#8243; (D15.9\u0445203\u043c\u043c), 5\u043a\u0433.\"}]},{\"@type\":\"WebSite\",\"@id\":\"https:\/\/tml.lt\/ru\/#website\",\"url\":\"https:\/\/tml.lt\/ru\/\",\"name\":\"TML\",\"description\":\"UAB TML-LT\",\"publisher\":{\"@id\":\"https:\/\/tml.lt\/ru\/#organization\"},\"potentialAction\":[{\"@type\":\"SearchAction\",\"target\":{\"@type\":\"EntryPoint\",\"urlTemplate\":\"https:\/\/tml.lt\/ru\/?s={search_term_string}\"},\"query-input\":\"required name=search_term_string\"}],\"inLanguage\":\"ru-RU\"},{\"@type\":\"Organization\",\"@id\":\"https:\/\/tml.lt\/ru\/#organization\",\"name\":\"TML\",\"url\":\"https:\/\/tml.lt\/ru\/\",\"logo\":{\"@type\":\"ImageObject\",\"inLanguage\":\"ru-RU\",\"@id\":\"https:\/\/tml.lt\/ru\/#\/schema\/logo\/image\/\",\"url\":\"https:\/\/tml.lt\/ru\/wp-content\/uploads\/2020\/09\/tml-logo-black-4.png\",\"contentUrl\":\"https:\/\/tml.lt\/ru\/wp-content\/uploads\/2020\/09\/tml-logo-black-4.png\",\"width\":470,\"height\":110,\"caption\":\"TML\"},\"image\":{\"@id\":\"https:\/\/tml.lt\/ru\/#\/schema\/logo\/image\/\"}}]}<\/script>\n<!-- \/ Yoast SEO plugin. -->","yoast_head_json":{"title":"\u0422\u0435\u0440\u043c\u043e\u043f\u043b\u0430\u0432\u043a\u0438\u0439 \u043a\u043b\u0435\u0439 3M Scotch-Weld 3762 LMQ C \u043d\u0438\u0437\u043a\u043e\u0439 \u0422 \u043f\u043b\u0430\u0432\u043b\u0435\u043d\u0438\u044f, \u0441\u0442\u0435\u0440\u0436\u043d\u0438 TC Quardrack 5\/8\"x8\" (D15.9\u0445203\u043c\u043c), 5\u043a\u0433. | TML","description":"\u0422\u0435\u0440\u043c\u043e\u043f\u043b\u0430\u0432\u043a\u0438\u0439 \u043a\u043b\u0435\u0439 3M Scotch-Weld 3762 LMQ C \u043d\u0438\u0437\u043a\u043e\u0439 \u0422 \u043f\u043b\u0430\u0432\u043b\u0435\u043d\u0438\u044f, \u0441\u0442\u0435\u0440\u0436\u043d\u0438 TC Quardrack 5\/8\"x8\" (D15.9\u0445203\u043c\u043c), 5\u043a\u0433. | TML","robots":{"index":"index","follow":"follow","max-snippet":"max-snippet:-1","max-image-preview":"max-image-preview:large","max-video-preview":"max-video-preview:-1"},"canonical":"https:\/\/tml.lt\/ru\/product\/termoplavkij-klej-3m-scotch-weld-3762-c-nizkoj-t-plavlenija-sterzhni-tc-quardrack-5-8x8-d15-9h203mm-5kg\/","og_locale":"ru_RU","og_type":"article","og_title":"\u0422\u0435\u0440\u043c\u043e\u043f\u043b\u0430\u0432\u043a\u0438\u0439 \u043a\u043b\u0435\u0439 3M Scotch-Weld 3762 LMQ C \u043d\u0438\u0437\u043a\u043e\u0439 \u0422 \u043f\u043b\u0430\u0432\u043b\u0435\u043d\u0438\u044f, \u0441\u0442\u0435\u0440\u0436\u043d\u0438 TC Quardrack 5\/8\"x8\" (D15.9\u0445203\u043c\u043c), 5\u043a\u0433. | TML","og_description":"\u0422\u0435\u0440\u043c\u043e\u043f\u043b\u0430\u0432\u043a\u0438\u0439 \u043a\u043b\u0435\u0439 3M Scotch-Weld 3762 LMQ C \u043d\u0438\u0437\u043a\u043e\u0439 \u0422 \u043f\u043b\u0430\u0432\u043b\u0435\u043d\u0438\u044f, \u0441\u0442\u0435\u0440\u0436\u043d\u0438 TC Quardrack 5\/8\"x8\" (D15.9\u0445203\u043c\u043c), 5\u043a\u0433. | TML","og_url":"https:\/\/tml.lt\/ru\/product\/termoplavkij-klej-3m-scotch-weld-3762-c-nizkoj-t-plavlenija-sterzhni-tc-quardrack-5-8x8-d15-9h203mm-5kg\/","og_site_name":"TML","article_modified_time":"2024-10-17T14:35:10+00:00","og_image":[{"width":800,"height":800,"url":"https:\/\/tml.lt\/ru\/wp-content\/uploads\/2018\/02\/Kar\u0161to-lydymo-klijai-3M-Scotch-Weld-3762-su-\u017eemo-lydymosi-ta\u0161ku-lazdel\u0117s-TC-Quadrack.jpg","type":"image\/jpeg"}],"twitter_card":"summary_large_image","schema":{"@context":"https:\/\/schema.org","@graph":[{"@type":"WebPage","@id":"https:\/\/tml.lt\/ru\/product\/termoplavkij-klej-3m-scotch-weld-3762-c-nizkoj-t-plavlenija-sterzhni-tc-quardrack-5-8x8-d15-9h203mm-5kg\/","url":"https:\/\/tml.lt\/ru\/product\/termoplavkij-klej-3m-scotch-weld-3762-c-nizkoj-t-plavlenija-sterzhni-tc-quardrack-5-8x8-d15-9h203mm-5kg\/","name":"\u0422\u0435\u0440\u043c\u043e\u043f\u043b\u0430\u0432\u043a\u0438\u0439 \u043a\u043b\u0435\u0439 3M Scotch-Weld 3762 LMQ C \u043d\u0438\u0437\u043a\u043e\u0439 \u0422 \u043f\u043b\u0430\u0432\u043b\u0435\u043d\u0438\u044f, \u0441\u0442\u0435\u0440\u0436\u043d\u0438 TC Quardrack 5\/8\"x8\" (D15.9\u0445203\u043c\u043c), 5\u043a\u0433. | TML","isPartOf":{"@id":"https:\/\/tml.lt\/ru\/#website"},"datePublished":"2018-02-19T13:44:54+00:00","dateModified":"2024-10-17T14:35:10+00:00","description":"\u0422\u0435\u0440\u043c\u043e\u043f\u043b\u0430\u0432\u043a\u0438\u0439 \u043a\u043b\u0435\u0439 3M Scotch-Weld 3762 LMQ C \u043d\u0438\u0437\u043a\u043e\u0439 \u0422 \u043f\u043b\u0430\u0432\u043b\u0435\u043d\u0438\u044f, \u0441\u0442\u0435\u0440\u0436\u043d\u0438 TC Quardrack 5\/8\"x8\" (D15.9\u0445203\u043c\u043c), 5\u043a\u0433. | TML","breadcrumb":{"@id":"https:\/\/tml.lt\/ru\/product\/termoplavkij-klej-3m-scotch-weld-3762-c-nizkoj-t-plavlenija-sterzhni-tc-quardrack-5-8x8-d15-9h203mm-5kg\/#breadcrumb"},"inLanguage":"ru-RU","potentialAction":[{"@type":"ReadAction","target":["https:\/\/tml.lt\/ru\/product\/termoplavkij-klej-3m-scotch-weld-3762-c-nizkoj-t-plavlenija-sterzhni-tc-quardrack-5-8x8-d15-9h203mm-5kg\/"]}]},{"@type":"BreadcrumbList","@id":"https:\/\/tml.lt\/ru\/product\/termoplavkij-klej-3m-scotch-weld-3762-c-nizkoj-t-plavlenija-sterzhni-tc-quardrack-5-8x8-d15-9h203mm-5kg\/#breadcrumb","itemListElement":[{"@type":"ListItem","position":1,"name":"\u0413\u043b\u0430\u0432\u043d\u0430\u044f \u0441\u0442\u0440\u0430\u043d\u0438\u0446\u0430","item":"https:\/\/tml.lt\/ru\/"},{"@type":"ListItem","position":2,"name":"UAB &laquo;TML-LT&raquo; &mdash; \u043f\u0440\u043e\u0438\u0437\u0432\u043e\u0434\u0441\u0442\u0432\u043e \u0438 \u043f\u043e\u0441\u0442\u0430\u0432\u043a\u0430 \u0440\u0435\u0448\u0435\u043d\u0438\u0439 \u0434\u043b\u044f \u043c\u0430\u0440\u043a\u0438\u0440\u043e\u0432\u043a\u0438, \u0438\u0437\u043e\u043b\u044f\u0446\u0438\u0438, \u043a\u0440\u0435\u043f\u043b\u0435\u043d\u0438\u044f","item":"https:\/\/tml.lt\/ru\/"},{"@type":"ListItem","position":3,"name":"\u0422\u0435\u0440\u043c\u043e\u043f\u043b\u0430\u0432\u043a\u0438\u0439 \u043a\u043b\u0435\u0439 3M Scotch-Weld 3762 LMQ C \u043d\u0438\u0437\u043a\u043e\u0439 \u0422 \u043f\u043b\u0430\u0432\u043b\u0435\u043d\u0438\u044f, \u0441\u0442\u0435\u0440\u0436\u043d\u0438 TC Quardrack 5\/8&#8243;x8&#8243; (D15.9\u0445203\u043c\u043c), 5\u043a\u0433."}]},{"@type":"WebSite","@id":"https:\/\/tml.lt\/ru\/#website","url":"https:\/\/tml.lt\/ru\/","name":"TML","description":"UAB TML-LT","publisher":{"@id":"https:\/\/tml.lt\/ru\/#organization"},"potentialAction":[{"@type":"SearchAction","target":{"@type":"EntryPoint","urlTemplate":"https:\/\/tml.lt\/ru\/?s={search_term_string}"},"query-input":"required name=search_term_string"}],"inLanguage":"ru-RU"},{"@type":"Organization","@id":"https:\/\/tml.lt\/ru\/#organization","name":"TML","url":"https:\/\/tml.lt\/ru\/","logo":{"@type":"ImageObject","inLanguage":"ru-RU","@id":"https:\/\/tml.lt\/ru\/#\/schema\/logo\/image\/","url":"https:\/\/tml.lt\/ru\/wp-content\/uploads\/2020\/09\/tml-logo-black-4.png","contentUrl":"https:\/\/tml.lt\/ru\/wp-content\/uploads\/2020\/09\/tml-logo-black-4.png","width":470,"height":110,"caption":"TML"},"image":{"@id":"https:\/\/tml.lt\/ru\/#\/schema\/logo\/image\/"}}]}},"amp_enabled":true,"_links":{"self":[{"href":"https:\/\/tml.lt\/ru\/wp-json\/wp\/v2\/product\/6321"}],"collection":[{"href":"https:\/\/tml.lt\/ru\/wp-json\/wp\/v2\/product"}],"about":[{"href":"https:\/\/tml.lt\/ru\/wp-json\/wp\/v2\/types\/product"}],"wp:featuredmedia":[{"embeddable":true,"href":"https:\/\/tml.lt\/ru\/wp-json\/wp\/v2\/media\/8775"}],"wp:attachment":[{"href":"https:\/\/tml.lt\/ru\/wp-json\/wp\/v2\/media?parent=6321"}],"wp:term":[{"taxonomy":"product_cat","embeddable":true,"href":"https:\/\/tml.lt\/ru\/wp-json\/wp\/v2\/product_cat?post=6321"},{"taxonomy":"product_tag","embeddable":true,"href":"https:\/\/tml.lt\/ru\/wp-json\/wp\/v2\/product_tag?post=6321"}],"curies":[{"name":"wp","href":"https:\/\/api.w.org\/{rel}","templated":true}]}}